{"id":53068,"date":"2024-11-10T16:13:31","date_gmt":"2024-11-10T14:13:31","guid":{"rendered":"https:\/\/rodoaed.ee\/toode\/eco-fat-balls-putukarasvaga-9kg-100kpl-erapakkaus-alennuksella\/"},"modified":"2026-04-17T10:16:29","modified_gmt":"2026-04-17T07:16:29","slug":"eco-fat-balls-putukarasvaga-9kg-100kpl-erapakkaus-alennuksella","status":"publish","type":"product","link":"https:\/\/rodoaed.ee\/fi\/tuote\/eco-fat-balls-putukarasvaga-9kg-100kpl-erapakkaus-alennuksella\/","title":{"rendered":"Eco Fat Balls PUTUKARASVAGA- 9kg (100kpl)- Er\u00e4pakkaus alennuksella!"},"content":{"rendered":"<p><strong>Ekologisesti puhtaista ja korkealaatuisista raaka-aineista valmistetut lintujen ruokinta-astiat ymp\u00e4rivuotiseen ruokintaan. Sis\u00e4lt\u00e4\u00e4 runsaasti hy\u00f6nteisrasvaa. <\/strong><\/p>\n<p><strong>HUOM N\u00e4m\u00e4 ovat linnuille turvallisia ruokapalloja ilman verkkoja !<\/strong><\/p>\n<p>Lihapullat valmistetaan k\u00e4sity\u00f6n\u00e4 vain parhaista raaka-aineista. Huippulaatua puutarhasi linnuille. <\/p>\n<p><strong>Saksalaiset asiantuntijat ovat luoneet rasvapallot lintujen tarpeita silm\u00e4ll\u00e4 pit\u00e4en, joten kaikki ainesosat<\/strong><strong> ovat <\/strong><strong>korkealaatuisia.<\/strong><strong> Rehupallomme eiv\u00e4t sis\u00e4ll\u00e4 turhia t\u00e4yteaineita, kuten tuhkaa, hiekkaa ja muita t\u00e4yteaineita, jotka palvelevat vain kaupallista tarkoitusta mutta ovat linnuille sopimattomia ja vaarallisia. <\/strong>N\u00e4et nopeasti itse, miten linnut arvostavat niit\u00e4.<\/p>\n<p>Sopii kaikkien lintujen ruokintaan ymp\u00e4ri vuoden. Voidaan sijoittaa ruokintalaitteeseen tai sy\u00f6tt\u00e4\u00e4 suoraan maahan. <\/p>\n<p><strong>Aseta:<\/strong><\/p>\n<p>100 pallon sarja, jokainen pallo 90g<\/p>\n<p>Pakattu ilman verkkoa, jotta se on t\u00e4ysin turvallinen linnuille.<\/p>\n<p><strong>Paino:<\/strong><\/p>\n<p>9 kg<\/p>\n<p><strong>Pakkauksen mitat:<\/strong> 30 x 26,5 x 29,5 cm.<\/p>\n<p>&nbsp;<\/p>\n<p>&nbsp;<\/p>\n","protected":false},"excerpt":{"rendered":"<p>Ekologisesti puhtaista ja korkealaatuisista raaka-aineista valmistetut lintujen ruokinta-astiat ymp\u00e4rivuotiseen ruokintaan. Sis\u00e4lt\u00e4\u00e4 runsaasti hy\u00f6nteisrasvaa. HUOM N\u00e4m\u00e4 ovat linnuille turvallisia ruokapalloja ilman verkkoja ! Lihapullat valmistetaan k\u00e4sity\u00f6n\u00e4 vain parhaista raaka-aineista. Huippulaatua puutarhasi linnuille. Saksalaiset asiantuntijat ovat luoneet rasvapallot lintujen tarpeita silm\u00e4ll\u00e4 pit\u00e4en, joten kaikki ainesosat ovat korkealaatuisia. Rehupallomme eiv\u00e4t sis\u00e4ll\u00e4 turhia t\u00e4yteaineita, kuten tuhkaa, hiekkaa ja muita t\u00e4yteaineita, jotka palvelevat vain kaupallista tarkoitusta mutta ovat linnuille sopimattomia&#8230;<\/p>\n","protected":false},"featured_media":49048,"template":"","meta":{"_acf_changed":false},"product_brand":[],"product_cat":[1767,1775],"product_tag":[],"class_list":{"0":"post-53068","1":"product","2":"type-product","3":"status-publish","4":"has-post-thumbnail","6":"product_cat-linnaillalliset-ja-linnan-ravintolat","7":"product_cat-rasvapallot-linnuille","8":"product_shipping_class-toimitus-1-3-tyopaivan-kuluessa","9":"pa_variatsioon-eco-fat-balls-for-birds-lintujen-talviruokintaan","11":"first","12":"outofstock","13":"sale","14":"taxable","15":"shipping-taxable","16":"purchasable","17":"product-type-simple"},"acf":[],"yoast_head":"<!-- This site is optimized with the Yoast SEO Premium plugin v27.3 (Yoast SEO v27.3) - https:\/\/yoast.com\/product\/yoast-seo-premium-wordpress\/ -->\n<title>Eco Fat Balls PUTUKARASVAGA- 9kg (100kpl)- Er\u00e4pakkaus alennuksella! - Rodoaed<\/title>\n<meta name=\"robots\" content=\"index, follow, max-snippet:-1, max-image-preview:large, max-video-preview:-1\" \/>\n<link rel=\"canonical\" href=\"https:\/\/rodoaed.ee\/fi\/tuote\/eco-fat-balls-putukarasvaga-9kg-100kpl-erapakkaus-alennuksella\/\" \/>\n<meta property=\"og:locale\" content=\"fi_FI\" \/>\n<meta property=\"og:type\" content=\"article\" \/>\n<meta property=\"og:title\" content=\"Eco Fat Balls PUTUKARASVAGA- 9kg (100kpl)- Er\u00e4pakkaus alennuksella!\" \/>\n<meta property=\"og:description\" content=\"Ekologisesti puhtaista ja korkealaatuisista raaka-aineista valmistetut lintujen ruokinta-astiat ymp\u00e4rivuotiseen ruokintaan. Sis\u00e4lt\u00e4\u00e4 runsaasti\" \/>\n<meta property=\"og:url\" content=\"https:\/\/rodoaed.ee\/fi\/tuote\/eco-fat-balls-putukarasvaga-9kg-100kpl-erapakkaus-alennuksella\/\" \/>\n<meta property=\"og:site_name\" content=\"Rodoaed\" \/>\n<meta property=\"article:publisher\" content=\"https:\/\/www.facebook.com\/kasvuhooned\/\" \/>\n<meta property=\"article:modified_time\" content=\"2026-04-17T07:16:29+00:00\" \/>\n<meta property=\"og:image\" content=\"https:\/\/rodoaed.ee\/wp-content\/uploads\/2024\/11\/oko-rasvapallid-putukatega_9kg_7.jpg\" \/>\n\t<meta property=\"og:image:width\" content=\"1443\" \/>\n\t<meta property=\"og:image:height\" content=\"1500\" \/>\n\t<meta property=\"og:image:type\" content=\"image\/jpeg\" \/>\n<meta name=\"twitter:card\" content=\"summary_large_image\" \/>\n<meta name=\"twitter:label1\" content=\"Arvioitu lukuaika\" \/>\n\t<meta name=\"twitter:data1\" content=\"1 minuutti\" \/>\n<script type=\"application\/ld+json\" class=\"yoast-schema-graph\">{\"@context\":\"https:\\\/\\\/schema.org\",\"@graph\":[{\"@type\":\"WebPage\",\"@id\":\"https:\\\/\\\/rodoaed.ee\\\/fi\\\/tuote\\\/eco-fat-balls-putukarasvaga-9kg-100kpl-erapakkaus-alennuksella\\\/\",\"url\":\"https:\\\/\\\/rodoaed.ee\\\/fi\\\/tuote\\\/eco-fat-balls-putukarasvaga-9kg-100kpl-erapakkaus-alennuksella\\\/\",\"name\":\"Eco Fat Balls PUTUKARASVAGA- 9kg (100kpl)- Er\u00e4pakkaus alennuksella! - Rodoaed\",\"isPartOf\":{\"@id\":\"https:\\\/\\\/rodoaed.ee\\\/#website\"},\"primaryImageOfPage\":{\"@id\":\"https:\\\/\\\/rodoaed.ee\\\/fi\\\/tuote\\\/eco-fat-balls-putukarasvaga-9kg-100kpl-erapakkaus-alennuksella\\\/#primaryimage\"},\"image\":{\"@id\":\"https:\\\/\\\/rodoaed.ee\\\/fi\\\/tuote\\\/eco-fat-balls-putukarasvaga-9kg-100kpl-erapakkaus-alennuksella\\\/#primaryimage\"},\"thumbnailUrl\":\"https:\\\/\\\/rodoaed.ee\\\/wp-content\\\/uploads\\\/2024\\\/11\\\/oko-rasvapallid-putukatega_9kg_7.jpg\",\"datePublished\":\"2024-11-10T14:13:31+00:00\",\"dateModified\":\"2026-04-17T07:16:29+00:00\",\"breadcrumb\":{\"@id\":\"https:\\\/\\\/rodoaed.ee\\\/fi\\\/tuote\\\/eco-fat-balls-putukarasvaga-9kg-100kpl-erapakkaus-alennuksella\\\/#breadcrumb\"},\"inLanguage\":\"fi\",\"potentialAction\":[{\"@type\":\"ReadAction\",\"target\":[\"https:\\\/\\\/rodoaed.ee\\\/fi\\\/tuote\\\/eco-fat-balls-putukarasvaga-9kg-100kpl-erapakkaus-alennuksella\\\/\"]}]},{\"@type\":\"ImageObject\",\"inLanguage\":\"fi\",\"@id\":\"https:\\\/\\\/rodoaed.ee\\\/fi\\\/tuote\\\/eco-fat-balls-putukarasvaga-9kg-100kpl-erapakkaus-alennuksella\\\/#primaryimage\",\"url\":\"https:\\\/\\\/rodoaed.ee\\\/wp-content\\\/uploads\\\/2024\\\/11\\\/oko-rasvapallid-putukatega_9kg_7.jpg\",\"contentUrl\":\"https:\\\/\\\/rodoaed.ee\\\/wp-content\\\/uploads\\\/2024\\\/11\\\/oko-rasvapallid-putukatega_9kg_7.jpg\",\"width\":1443,\"height\":1500},{\"@type\":\"BreadcrumbList\",\"@id\":\"https:\\\/\\\/rodoaed.ee\\\/fi\\\/tuote\\\/eco-fat-balls-putukarasvaga-9kg-100kpl-erapakkaus-alennuksella\\\/#breadcrumb\",\"itemListElement\":[{\"@type\":\"ListItem\",\"position\":1,\"name\":\"Home\",\"item\":\"https:\\\/\\\/rodoaed.ee\\\/fi\\\/\"},{\"@type\":\"ListItem\",\"position\":2,\"name\":\"Osta osoitteessa\",\"item\":\"https:\\\/\\\/rodoaed.ee\\\/osta-osoitteessa\\\/\"},{\"@type\":\"ListItem\",\"position\":3,\"name\":\"Eco Fat Balls PUTUKARASVAGA- 9kg (100kpl)- Er\u00e4pakkaus alennuksella!\"}]},{\"@type\":\"WebSite\",\"@id\":\"https:\\\/\\\/rodoaed.ee\\\/#website\",\"url\":\"https:\\\/\\\/rodoaed.ee\\\/\",\"name\":\"Rodoaed\",\"description\":\"\",\"publisher\":{\"@id\":\"https:\\\/\\\/rodoaed.ee\\\/#organization\"},\"potentialAction\":[{\"@type\":\"SearchAction\",\"target\":{\"@type\":\"EntryPoint\",\"urlTemplate\":\"https:\\\/\\\/rodoaed.ee\\\/?s={search_term_string}\"},\"query-input\":{\"@type\":\"PropertyValueSpecification\",\"valueRequired\":true,\"valueName\":\"search_term_string\"}}],\"inLanguage\":\"fi\"},{\"@type\":\"Organization\",\"@id\":\"https:\\\/\\\/rodoaed.ee\\\/#organization\",\"name\":\"Rodoaed\",\"url\":\"https:\\\/\\\/rodoaed.ee\\\/\",\"logo\":{\"@type\":\"ImageObject\",\"inLanguage\":\"fi\",\"@id\":\"https:\\\/\\\/rodoaed.ee\\\/#\\\/schema\\\/logo\\\/image\\\/\",\"url\":\"https:\\\/\\\/rodoaed.ee\\\/wp-content\\\/uploads\\\/2019\\\/11\\\/rodoaed-logo-ilma-taustata.jpg\",\"contentUrl\":\"https:\\\/\\\/rodoaed.ee\\\/wp-content\\\/uploads\\\/2019\\\/11\\\/rodoaed-logo-ilma-taustata.jpg\",\"width\":769,\"height\":268,\"caption\":\"Rodoaed\"},\"image\":{\"@id\":\"https:\\\/\\\/rodoaed.ee\\\/#\\\/schema\\\/logo\\\/image\\\/\"},\"sameAs\":[\"https:\\\/\\\/www.facebook.com\\\/kasvuhooned\\\/\",\"https:\\\/\\\/rodoaed.ee\"]}]}<\/script>\n<!-- \/ Yoast SEO Premium plugin. -->","yoast_head_json":{"title":"Eco Fat Balls PUTUKARASVAGA- 9kg (100kpl)- Er\u00e4pakkaus alennuksella! - Rodoaed","robots":{"index":"index","follow":"follow","max-snippet":"max-snippet:-1","max-image-preview":"max-image-preview:large","max-video-preview":"max-video-preview:-1"},"canonical":"https:\/\/rodoaed.ee\/fi\/tuote\/eco-fat-balls-putukarasvaga-9kg-100kpl-erapakkaus-alennuksella\/","og_locale":"fi_FI","og_type":"article","og_title":"Eco Fat Balls PUTUKARASVAGA- 9kg (100kpl)- Er\u00e4pakkaus alennuksella!","og_description":"Ekologisesti puhtaista ja korkealaatuisista raaka-aineista valmistetut lintujen ruokinta-astiat ymp\u00e4rivuotiseen ruokintaan. Sis\u00e4lt\u00e4\u00e4 runsaasti","og_url":"https:\/\/rodoaed.ee\/fi\/tuote\/eco-fat-balls-putukarasvaga-9kg-100kpl-erapakkaus-alennuksella\/","og_site_name":"Rodoaed","article_publisher":"https:\/\/www.facebook.com\/kasvuhooned\/","article_modified_time":"2026-04-17T07:16:29+00:00","og_image":[{"width":1443,"height":1500,"url":"https:\/\/rodoaed.ee\/wp-content\/uploads\/2024\/11\/oko-rasvapallid-putukatega_9kg_7.jpg","type":"image\/jpeg"}],"twitter_card":"summary_large_image","twitter_misc":{"Arvioitu lukuaika":"1 minuutti"},"schema":{"@context":"https:\/\/schema.org","@graph":[{"@type":"WebPage","@id":"https:\/\/rodoaed.ee\/fi\/tuote\/eco-fat-balls-putukarasvaga-9kg-100kpl-erapakkaus-alennuksella\/","url":"https:\/\/rodoaed.ee\/fi\/tuote\/eco-fat-balls-putukarasvaga-9kg-100kpl-erapakkaus-alennuksella\/","name":"Eco Fat Balls PUTUKARASVAGA- 9kg (100kpl)- Er\u00e4pakkaus alennuksella! - Rodoaed","isPartOf":{"@id":"https:\/\/rodoaed.ee\/#website"},"primaryImageOfPage":{"@id":"https:\/\/rodoaed.ee\/fi\/tuote\/eco-fat-balls-putukarasvaga-9kg-100kpl-erapakkaus-alennuksella\/#primaryimage"},"image":{"@id":"https:\/\/rodoaed.ee\/fi\/tuote\/eco-fat-balls-putukarasvaga-9kg-100kpl-erapakkaus-alennuksella\/#primaryimage"},"thumbnailUrl":"https:\/\/rodoaed.ee\/wp-content\/uploads\/2024\/11\/oko-rasvapallid-putukatega_9kg_7.jpg","datePublished":"2024-11-10T14:13:31+00:00","dateModified":"2026-04-17T07:16:29+00:00","breadcrumb":{"@id":"https:\/\/rodoaed.ee\/fi\/tuote\/eco-fat-balls-putukarasvaga-9kg-100kpl-erapakkaus-alennuksella\/#breadcrumb"},"inLanguage":"fi","potentialAction":[{"@type":"ReadAction","target":["https:\/\/rodoaed.ee\/fi\/tuote\/eco-fat-balls-putukarasvaga-9kg-100kpl-erapakkaus-alennuksella\/"]}]},{"@type":"ImageObject","inLanguage":"fi","@id":"https:\/\/rodoaed.ee\/fi\/tuote\/eco-fat-balls-putukarasvaga-9kg-100kpl-erapakkaus-alennuksella\/#primaryimage","url":"https:\/\/rodoaed.ee\/wp-content\/uploads\/2024\/11\/oko-rasvapallid-putukatega_9kg_7.jpg","contentUrl":"https:\/\/rodoaed.ee\/wp-content\/uploads\/2024\/11\/oko-rasvapallid-putukatega_9kg_7.jpg","width":1443,"height":1500},{"@type":"BreadcrumbList","@id":"https:\/\/rodoaed.ee\/fi\/tuote\/eco-fat-balls-putukarasvaga-9kg-100kpl-erapakkaus-alennuksella\/#breadcrumb","itemListElement":[{"@type":"ListItem","position":1,"name":"Home","item":"https:\/\/rodoaed.ee\/fi\/"},{"@type":"ListItem","position":2,"name":"Osta osoitteessa","item":"https:\/\/rodoaed.ee\/osta-osoitteessa\/"},{"@type":"ListItem","position":3,"name":"Eco Fat Balls PUTUKARASVAGA- 9kg (100kpl)- Er\u00e4pakkaus alennuksella!"}]},{"@type":"WebSite","@id":"https:\/\/rodoaed.ee\/#website","url":"https:\/\/rodoaed.ee\/","name":"Rodoaed","description":"","publisher":{"@id":"https:\/\/rodoaed.ee\/#organization"},"potentialAction":[{"@type":"SearchAction","target":{"@type":"EntryPoint","urlTemplate":"https:\/\/rodoaed.ee\/?s={search_term_string}"},"query-input":{"@type":"PropertyValueSpecification","valueRequired":true,"valueName":"search_term_string"}}],"inLanguage":"fi"},{"@type":"Organization","@id":"https:\/\/rodoaed.ee\/#organization","name":"Rodoaed","url":"https:\/\/rodoaed.ee\/","logo":{"@type":"ImageObject","inLanguage":"fi","@id":"https:\/\/rodoaed.ee\/#\/schema\/logo\/image\/","url":"https:\/\/rodoaed.ee\/wp-content\/uploads\/2019\/11\/rodoaed-logo-ilma-taustata.jpg","contentUrl":"https:\/\/rodoaed.ee\/wp-content\/uploads\/2019\/11\/rodoaed-logo-ilma-taustata.jpg","width":769,"height":268,"caption":"Rodoaed"},"image":{"@id":"https:\/\/rodoaed.ee\/#\/schema\/logo\/image\/"},"sameAs":["https:\/\/www.facebook.com\/kasvuhooned\/","https:\/\/rodoaed.ee"]}]}},"_links":{"self":[{"href":"https:\/\/rodoaed.ee\/fi\/wp-json\/wp\/v2\/product\/53068","targetHints":{"allow":["GET"]}}],"collection":[{"href":"https:\/\/rodoaed.ee\/fi\/wp-json\/wp\/v2\/product"}],"about":[{"href":"https:\/\/rodoaed.ee\/fi\/wp-json\/wp\/v2\/types\/product"}],"wp:featuredmedia":[{"embeddable":true,"href":"https:\/\/rodoaed.ee\/fi\/wp-json\/wp\/v2\/media\/49048"}],"wp:attachment":[{"href":"https:\/\/rodoaed.ee\/fi\/wp-json\/wp\/v2\/media?parent=53068"}],"wp:term":[{"taxonomy":"product_brand","embeddable":true,"href":"https:\/\/rodoaed.ee\/fi\/wp-json\/wp\/v2\/product_brand?post=53068"},{"taxonomy":"product_cat","embeddable":true,"href":"https:\/\/rodoaed.ee\/fi\/wp-json\/wp\/v2\/product_cat?post=53068"},{"taxonomy":"product_tag","embeddable":true,"href":"https:\/\/rodoaed.ee\/fi\/wp-json\/wp\/v2\/product_tag?post=53068"}],"curies":[{"name":"wp","href":"https:\/\/api.w.org\/{rel}","templated":true}]}}