{"id":53069,"date":"2025-01-19T16:07:35","date_gmt":"2025-01-19T14:07:35","guid":{"rendered":"https:\/\/rodoaed.ee\/toode\/complex-kasettikasetti-54-pohja-lapinakyva-kansi\/"},"modified":"2026-04-17T10:14:17","modified_gmt":"2026-04-17T07:14:17","slug":"complex-kasettikasetti-54-pohja-lapinakyva-kansi","status":"publish","type":"product","link":"https:\/\/rodoaed.ee\/fi\/tuote\/complex-kasettikasetti-54-pohja-lapinakyva-kansi\/","title":{"rendered":"COMPLEX-kasettikasetti 54+ pohja+ l\u00e4pin\u00e4kyv\u00e4 kansi"},"content":{"rendered":"<p><strong>Etuoikeutettu sarja:<\/strong><\/p>\n<ol>\n<li><strong>Siemenkasetti, jossa on 54 kylv\u00f6aukkoa (50x 32x 4cm) 1kpl.<\/strong><\/li>\n<li><strong>Siemenkasettipohja (50x 32x 6cm) 1kpl<\/strong><\/li>\n<li><strong>L\u00e4pin\u00e4kyv\u00e4 kansi (50x 32x 12cm) 1kpl<\/strong><\/li>\n<\/ol>\n<p>Vihre\u00e4 PS-materiaali 1,6 mm paksu &#8211; vahvempi ja paksumpi kuin py\u00f6re\u00e4t patruunat.<\/p>\n<p><strong>Ihanteellinen laajamittaiseen esikasvatukseen. Rombergin laatu on koeteltu ja testattu. <\/strong><\/p>\n<p>Monia tuotteita voidaan yhdistell\u00e4 vakiokokojen ansiosta. Sopii kasettipohjaan ja kansiin. Ylim\u00e4\u00e4r\u00e4inen vesi valuu pohjalle. Kasvikasetit voidaan t\u00e4ytt\u00e4\u00e4 joko laajenevalla Popup-kasvualustalla, laajenevilla kasettikaseteilla tai kasvumullalla.   <\/p>\n<p><strong>Valmistettu Saksassa<\/strong><\/p>\n<p>&nbsp;<\/p>\n","protected":false},"excerpt":{"rendered":"<p>Etuoikeutettu sarja: Siemenkasetti, jossa on 54 kylv\u00f6aukkoa (50x 32x 4cm) 1kpl. Siemenkasettipohja (50x 32x 6cm) 1kpl L\u00e4pin\u00e4kyv\u00e4 kansi (50x 32x 12cm) 1kpl Vihre\u00e4 PS-materiaali 1,6 mm paksu &#8211; vahvempi ja paksumpi kuin py\u00f6re\u00e4t patruunat. Ihanteellinen laajamittaiseen esikasvatukseen. Rombergin laatu on koeteltu ja testattu. Monia tuotteita voidaan yhdistell\u00e4 vakiokokojen ansiosta. Sopii kasettipohjaan ja kansiin. Ylim\u00e4\u00e4r\u00e4inen vesi valuu pohjalle. Kasvikasetit voidaan t\u00e4ytt\u00e4\u00e4 joko laajenevalla Popup-kasvualustalla, laajenevilla kasettikaseteilla&#8230;<\/p>\n","protected":false},"featured_media":34332,"template":"","meta":{"_acf_changed":false},"product_brand":[],"product_cat":[1865,1743,1745],"product_tag":[],"class_list":{"0":"post-53069","1":"product","2":"type-product","3":"status-publish","4":"has-post-thumbnail","6":"product_cat-kasettikasetit","7":"product_cat-lisalahjat-lahjat","8":"product_cat-suuri-varaston-tyhjennysmyynti","9":"product_shipping_class-toimitus-1-3-tyopaivan-kuluessa","10":"pa_variatsioon-superseeder-kylvokone-21","12":"first","13":"instock","14":"sale","15":"taxable","16":"shipping-taxable","17":"purchasable","18":"product-type-simple"},"acf":[],"yoast_head":"<!-- This site is optimized with the Yoast SEO Premium plugin v27.3 (Yoast SEO v27.3) - https:\/\/yoast.com\/product\/yoast-seo-premium-wordpress\/ -->\n<title>COMPLEX-kasettikasetti 54+ pohja+ l\u00e4pin\u00e4kyv\u00e4 kansi - Rodoaed<\/title>\n<meta name=\"robots\" content=\"index, follow, max-snippet:-1, max-image-preview:large, max-video-preview:-1\" \/>\n<link rel=\"canonical\" href=\"https:\/\/rodoaed.ee\/fi\/tuote\/complex-kasettikasetti-54-pohja-lapinakyva-kansi\/\" \/>\n<meta property=\"og:locale\" content=\"fi_FI\" \/>\n<meta property=\"og:type\" content=\"article\" \/>\n<meta property=\"og:title\" content=\"COMPLEX-kasettikasetti 54+ pohja+ l\u00e4pin\u00e4kyv\u00e4 kansi\" \/>\n<meta property=\"og:description\" content=\"Etuoikeutettu sarja: Siemenkasetti, jossa on 54 kylv\u00f6aukkoa (50x 32x 4cm) 1kpl. Siemenkasettipohja (50x 32x 6cm) 1kpl L\u00e4pin\u00e4kyv\u00e4 kansi (50x 32x 12cm) 1kpl\" \/>\n<meta property=\"og:url\" content=\"https:\/\/rodoaed.ee\/fi\/tuote\/complex-kasettikasetti-54-pohja-lapinakyva-kansi\/\" \/>\n<meta property=\"og:site_name\" content=\"Rodoaed\" \/>\n<meta property=\"article:publisher\" content=\"https:\/\/www.facebook.com\/kasvuhooned\/\" \/>\n<meta property=\"article:modified_time\" content=\"2026-04-17T07:14:17+00:00\" \/>\n<meta property=\"og:image\" content=\"https:\/\/rodoaed.ee\/wp-content\/uploads\/2020\/10\/Taimekasseti-kate_10294004_2.jpg\" \/>\n\t<meta property=\"og:image:width\" content=\"1330\" \/>\n\t<meta property=\"og:image:height\" content=\"1329\" \/>\n\t<meta property=\"og:image:type\" content=\"image\/jpeg\" \/>\n<meta name=\"twitter:card\" content=\"summary_large_image\" \/>\n<script type=\"application\/ld+json\" class=\"yoast-schema-graph\">{\"@context\":\"https:\\\/\\\/schema.org\",\"@graph\":[{\"@type\":\"WebPage\",\"@id\":\"https:\\\/\\\/rodoaed.ee\\\/fi\\\/tuote\\\/complex-kasettikasetti-54-pohja-lapinakyva-kansi\\\/\",\"url\":\"https:\\\/\\\/rodoaed.ee\\\/fi\\\/tuote\\\/complex-kasettikasetti-54-pohja-lapinakyva-kansi\\\/\",\"name\":\"COMPLEX-kasettikasetti 54+ pohja+ l\u00e4pin\u00e4kyv\u00e4 kansi - Rodoaed\",\"isPartOf\":{\"@id\":\"https:\\\/\\\/rodoaed.ee\\\/#website\"},\"primaryImageOfPage\":{\"@id\":\"https:\\\/\\\/rodoaed.ee\\\/fi\\\/tuote\\\/complex-kasettikasetti-54-pohja-lapinakyva-kansi\\\/#primaryimage\"},\"image\":{\"@id\":\"https:\\\/\\\/rodoaed.ee\\\/fi\\\/tuote\\\/complex-kasettikasetti-54-pohja-lapinakyva-kansi\\\/#primaryimage\"},\"thumbnailUrl\":\"https:\\\/\\\/rodoaed.ee\\\/wp-content\\\/uploads\\\/2020\\\/10\\\/Taimekasseti-kate_10294004_2.jpg\",\"datePublished\":\"2025-01-19T14:07:35+00:00\",\"dateModified\":\"2026-04-17T07:14:17+00:00\",\"breadcrumb\":{\"@id\":\"https:\\\/\\\/rodoaed.ee\\\/fi\\\/tuote\\\/complex-kasettikasetti-54-pohja-lapinakyva-kansi\\\/#breadcrumb\"},\"inLanguage\":\"fi\",\"potentialAction\":[{\"@type\":\"ReadAction\",\"target\":[\"https:\\\/\\\/rodoaed.ee\\\/fi\\\/tuote\\\/complex-kasettikasetti-54-pohja-lapinakyva-kansi\\\/\"]}]},{\"@type\":\"ImageObject\",\"inLanguage\":\"fi\",\"@id\":\"https:\\\/\\\/rodoaed.ee\\\/fi\\\/tuote\\\/complex-kasettikasetti-54-pohja-lapinakyva-kansi\\\/#primaryimage\",\"url\":\"https:\\\/\\\/rodoaed.ee\\\/wp-content\\\/uploads\\\/2020\\\/10\\\/Taimekasseti-kate_10294004_2.jpg\",\"contentUrl\":\"https:\\\/\\\/rodoaed.ee\\\/wp-content\\\/uploads\\\/2020\\\/10\\\/Taimekasseti-kate_10294004_2.jpg\",\"width\":1330,\"height\":1329,\"caption\":\"kasettikasetit\"},{\"@type\":\"BreadcrumbList\",\"@id\":\"https:\\\/\\\/rodoaed.ee\\\/fi\\\/tuote\\\/complex-kasettikasetti-54-pohja-lapinakyva-kansi\\\/#breadcrumb\",\"itemListElement\":[{\"@type\":\"ListItem\",\"position\":1,\"name\":\"Home\",\"item\":\"https:\\\/\\\/rodoaed.ee\\\/fi\\\/\"},{\"@type\":\"ListItem\",\"position\":2,\"name\":\"Osta osoitteessa\",\"item\":\"https:\\\/\\\/rodoaed.ee\\\/osta-osoitteessa\\\/\"},{\"@type\":\"ListItem\",\"position\":3,\"name\":\"COMPLEX-kasettikasetti 54+ pohja+ l\u00e4pin\u00e4kyv\u00e4 kansi\"}]},{\"@type\":\"WebSite\",\"@id\":\"https:\\\/\\\/rodoaed.ee\\\/#website\",\"url\":\"https:\\\/\\\/rodoaed.ee\\\/\",\"name\":\"Rodoaed\",\"description\":\"\",\"publisher\":{\"@id\":\"https:\\\/\\\/rodoaed.ee\\\/#organization\"},\"potentialAction\":[{\"@type\":\"SearchAction\",\"target\":{\"@type\":\"EntryPoint\",\"urlTemplate\":\"https:\\\/\\\/rodoaed.ee\\\/?s={search_term_string}\"},\"query-input\":{\"@type\":\"PropertyValueSpecification\",\"valueRequired\":true,\"valueName\":\"search_term_string\"}}],\"inLanguage\":\"fi\"},{\"@type\":\"Organization\",\"@id\":\"https:\\\/\\\/rodoaed.ee\\\/#organization\",\"name\":\"Rodoaed\",\"url\":\"https:\\\/\\\/rodoaed.ee\\\/\",\"logo\":{\"@type\":\"ImageObject\",\"inLanguage\":\"fi\",\"@id\":\"https:\\\/\\\/rodoaed.ee\\\/#\\\/schema\\\/logo\\\/image\\\/\",\"url\":\"https:\\\/\\\/rodoaed.ee\\\/wp-content\\\/uploads\\\/2019\\\/11\\\/rodoaed-logo-ilma-taustata.jpg\",\"contentUrl\":\"https:\\\/\\\/rodoaed.ee\\\/wp-content\\\/uploads\\\/2019\\\/11\\\/rodoaed-logo-ilma-taustata.jpg\",\"width\":769,\"height\":268,\"caption\":\"Rodoaed\"},\"image\":{\"@id\":\"https:\\\/\\\/rodoaed.ee\\\/#\\\/schema\\\/logo\\\/image\\\/\"},\"sameAs\":[\"https:\\\/\\\/www.facebook.com\\\/kasvuhooned\\\/\",\"https:\\\/\\\/rodoaed.ee\"]}]}<\/script>\n<!-- \/ Yoast SEO Premium plugin. -->","yoast_head_json":{"title":"COMPLEX-kasettikasetti 54+ pohja+ l\u00e4pin\u00e4kyv\u00e4 kansi - Rodoaed","robots":{"index":"index","follow":"follow","max-snippet":"max-snippet:-1","max-image-preview":"max-image-preview:large","max-video-preview":"max-video-preview:-1"},"canonical":"https:\/\/rodoaed.ee\/fi\/tuote\/complex-kasettikasetti-54-pohja-lapinakyva-kansi\/","og_locale":"fi_FI","og_type":"article","og_title":"COMPLEX-kasettikasetti 54+ pohja+ l\u00e4pin\u00e4kyv\u00e4 kansi","og_description":"Etuoikeutettu sarja: Siemenkasetti, jossa on 54 kylv\u00f6aukkoa (50x 32x 4cm) 1kpl. Siemenkasettipohja (50x 32x 6cm) 1kpl L\u00e4pin\u00e4kyv\u00e4 kansi (50x 32x 12cm) 1kpl","og_url":"https:\/\/rodoaed.ee\/fi\/tuote\/complex-kasettikasetti-54-pohja-lapinakyva-kansi\/","og_site_name":"Rodoaed","article_publisher":"https:\/\/www.facebook.com\/kasvuhooned\/","article_modified_time":"2026-04-17T07:14:17+00:00","og_image":[{"width":1330,"height":1329,"url":"https:\/\/rodoaed.ee\/wp-content\/uploads\/2020\/10\/Taimekasseti-kate_10294004_2.jpg","type":"image\/jpeg"}],"twitter_card":"summary_large_image","schema":{"@context":"https:\/\/schema.org","@graph":[{"@type":"WebPage","@id":"https:\/\/rodoaed.ee\/fi\/tuote\/complex-kasettikasetti-54-pohja-lapinakyva-kansi\/","url":"https:\/\/rodoaed.ee\/fi\/tuote\/complex-kasettikasetti-54-pohja-lapinakyva-kansi\/","name":"COMPLEX-kasettikasetti 54+ pohja+ l\u00e4pin\u00e4kyv\u00e4 kansi - Rodoaed","isPartOf":{"@id":"https:\/\/rodoaed.ee\/#website"},"primaryImageOfPage":{"@id":"https:\/\/rodoaed.ee\/fi\/tuote\/complex-kasettikasetti-54-pohja-lapinakyva-kansi\/#primaryimage"},"image":{"@id":"https:\/\/rodoaed.ee\/fi\/tuote\/complex-kasettikasetti-54-pohja-lapinakyva-kansi\/#primaryimage"},"thumbnailUrl":"https:\/\/rodoaed.ee\/wp-content\/uploads\/2020\/10\/Taimekasseti-kate_10294004_2.jpg","datePublished":"2025-01-19T14:07:35+00:00","dateModified":"2026-04-17T07:14:17+00:00","breadcrumb":{"@id":"https:\/\/rodoaed.ee\/fi\/tuote\/complex-kasettikasetti-54-pohja-lapinakyva-kansi\/#breadcrumb"},"inLanguage":"fi","potentialAction":[{"@type":"ReadAction","target":["https:\/\/rodoaed.ee\/fi\/tuote\/complex-kasettikasetti-54-pohja-lapinakyva-kansi\/"]}]},{"@type":"ImageObject","inLanguage":"fi","@id":"https:\/\/rodoaed.ee\/fi\/tuote\/complex-kasettikasetti-54-pohja-lapinakyva-kansi\/#primaryimage","url":"https:\/\/rodoaed.ee\/wp-content\/uploads\/2020\/10\/Taimekasseti-kate_10294004_2.jpg","contentUrl":"https:\/\/rodoaed.ee\/wp-content\/uploads\/2020\/10\/Taimekasseti-kate_10294004_2.jpg","width":1330,"height":1329,"caption":"kasettikasetit"},{"@type":"BreadcrumbList","@id":"https:\/\/rodoaed.ee\/fi\/tuote\/complex-kasettikasetti-54-pohja-lapinakyva-kansi\/#breadcrumb","itemListElement":[{"@type":"ListItem","position":1,"name":"Home","item":"https:\/\/rodoaed.ee\/fi\/"},{"@type":"ListItem","position":2,"name":"Osta osoitteessa","item":"https:\/\/rodoaed.ee\/osta-osoitteessa\/"},{"@type":"ListItem","position":3,"name":"COMPLEX-kasettikasetti 54+ pohja+ l\u00e4pin\u00e4kyv\u00e4 kansi"}]},{"@type":"WebSite","@id":"https:\/\/rodoaed.ee\/#website","url":"https:\/\/rodoaed.ee\/","name":"Rodoaed","description":"","publisher":{"@id":"https:\/\/rodoaed.ee\/#organization"},"potentialAction":[{"@type":"SearchAction","target":{"@type":"EntryPoint","urlTemplate":"https:\/\/rodoaed.ee\/?s={search_term_string}"},"query-input":{"@type":"PropertyValueSpecification","valueRequired":true,"valueName":"search_term_string"}}],"inLanguage":"fi"},{"@type":"Organization","@id":"https:\/\/rodoaed.ee\/#organization","name":"Rodoaed","url":"https:\/\/rodoaed.ee\/","logo":{"@type":"ImageObject","inLanguage":"fi","@id":"https:\/\/rodoaed.ee\/#\/schema\/logo\/image\/","url":"https:\/\/rodoaed.ee\/wp-content\/uploads\/2019\/11\/rodoaed-logo-ilma-taustata.jpg","contentUrl":"https:\/\/rodoaed.ee\/wp-content\/uploads\/2019\/11\/rodoaed-logo-ilma-taustata.jpg","width":769,"height":268,"caption":"Rodoaed"},"image":{"@id":"https:\/\/rodoaed.ee\/#\/schema\/logo\/image\/"},"sameAs":["https:\/\/www.facebook.com\/kasvuhooned\/","https:\/\/rodoaed.ee"]}]}},"_links":{"self":[{"href":"https:\/\/rodoaed.ee\/fi\/wp-json\/wp\/v2\/product\/53069","targetHints":{"allow":["GET"]}}],"collection":[{"href":"https:\/\/rodoaed.ee\/fi\/wp-json\/wp\/v2\/product"}],"about":[{"href":"https:\/\/rodoaed.ee\/fi\/wp-json\/wp\/v2\/types\/product"}],"wp:featuredmedia":[{"embeddable":true,"href":"https:\/\/rodoaed.ee\/fi\/wp-json\/wp\/v2\/media\/34332"}],"wp:attachment":[{"href":"https:\/\/rodoaed.ee\/fi\/wp-json\/wp\/v2\/media?parent=53069"}],"wp:term":[{"taxonomy":"product_brand","embeddable":true,"href":"https:\/\/rodoaed.ee\/fi\/wp-json\/wp\/v2\/product_brand?post=53069"},{"taxonomy":"product_cat","embeddable":true,"href":"https:\/\/rodoaed.ee\/fi\/wp-json\/wp\/v2\/product_cat?post=53069"},{"taxonomy":"product_tag","embeddable":true,"href":"https:\/\/rodoaed.ee\/fi\/wp-json\/wp\/v2\/product_tag?post=53069"}],"curies":[{"name":"wp","href":"https:\/\/api.w.org\/{rel}","templated":true}]}}