{"id":53070,"date":"2024-11-14T15:11:49","date_gmt":"2024-11-14T13:11:49","guid":{"rendered":"https:\/\/rodoaed.ee\/toode\/kasvilamppu-led-100w-p600-kevatkampanja\/"},"modified":"2026-04-17T10:18:19","modified_gmt":"2026-04-17T07:18:19","slug":"kasvilamppu-led-100w-p600-kevatkampanja","status":"publish","type":"product","link":"https:\/\/rodoaed.ee\/fi\/tuote\/kasvilamppu-led-100w-p600-kevatkampanja\/","title":{"rendered":"Kasvilamppu LED 100W P600 &#8211; Kev\u00e4tkampanja!"},"content":{"rendered":"<h3>Todellinen herkku jokaiselle hein\u00e4sirkalle. Tehokas LED-valaisin, jonka spektri sopii kasveille. <\/h3>\n<p>Korkeuss\u00e4\u00e4dett\u00e4v\u00e4 roikkuva kasvivalaisin. Tehoa voidaan s\u00e4\u00e4t\u00e4\u00e4 0-100 %. Katso kuvia n\u00e4hd\u00e4ksesi, kuinka k\u00e4tev\u00e4 se on ripustaa ja s\u00e4\u00e4t\u00e4\u00e4 korkeutta. T\u00e4t\u00e4 varten on kaksi siirrett\u00e4v\u00e4\u00e4 lohkoa.   <\/p>\n<p>Eritt\u00e4in voimakas valovirta. 100W LED vastaa noin 400W tavallista hehkulamppua. Tarvitaan erityisesti talvella, kun kaikki huonekasvit tarvitsevat lis\u00e4valoa pysy\u00e4kseen tervein\u00e4 ja vahvoina kev\u00e4\u00e4seen asti.  <\/p>\n<h4>T\u00e4rkeimm\u00e4t ominaisuudet<\/h4>\n<ul class=\"list-with-checkmarks\">\n<li>LED-valaisin<\/li>\n<li>s\u00e4\u00e4dett\u00e4v\u00e4 korkeus<\/li>\n<li>s\u00e4\u00e4dett\u00e4v\u00e4 valovirta 0-100%<\/li>\n<li>Mitat 30 x 28 x 5,2 cm<\/li>\n<li>paino 1,95 kg<\/li>\n<li>jossa on vankka alumiinirunko<\/li>\n<\/ul>\n<p>&nbsp;<\/p>\n<div><a href=\"https:\/\/rodoaed.ee\/fi\/\">kotisivu<\/a> <a href=\"https:\/\/rodoaed.ee\/tootekategooria\/kasvuhooned-ja-talveaiad\/\">k\u00e4ynnist\u00e4<\/a> <a href=\"https:\/\/rodoaed.ee\/tootekategooria\/kasvuhooned-ja-talveaiad\/kasvuhoone-lisavarustus\/\">tarvikkeet<\/a> <a href=\"https:\/\/rodoaed.ee\/tootekategooria\/kasvuhooned-ja-talveaiad\/kasvuhoone-lisavarustus\/kasvuhoone-valgustus\/\">valaistus<\/a><\/div>\n<div>\n<div><\/div>\n<\/div>\n","protected":false},"excerpt":{"rendered":"<p>Todellinen herkku jokaiselle hein\u00e4sirkalle. Tehokas LED-valaisin, jonka spektri sopii kasveille. Korkeuss\u00e4\u00e4dett\u00e4v\u00e4 roikkuva kasvivalaisin. Tehoa voidaan s\u00e4\u00e4t\u00e4\u00e4 0-100 %. Katso kuvia n\u00e4hd\u00e4ksesi, kuinka k\u00e4tev\u00e4 se on ripustaa ja s\u00e4\u00e4t\u00e4\u00e4 korkeutta. T\u00e4t\u00e4 varten on kaksi siirrett\u00e4v\u00e4\u00e4 lohkoa. Eritt\u00e4in voimakas valovirta. 100W LED vastaa noin 400W tavallista hehkulamppua. Tarvitaan erityisesti talvella, kun kaikki huonekasvit tarvitsevat lis\u00e4valoa pysy\u00e4kseen tervein\u00e4 ja vahvoina kev\u00e4\u00e4seen asti. T\u00e4rkeimm\u00e4t ominaisuudet LED-valaisin s\u00e4\u00e4dett\u00e4v\u00e4 korkeus s\u00e4\u00e4dett\u00e4v\u00e4&#8230;<\/p>\n","protected":false},"featured_media":49137,"template":"","meta":{"_acf_changed":false},"product_brand":[],"product_cat":[1811,1869,1870,1871],"product_tag":[],"class_list":{"0":"post-53070","1":"product","2":"type-product","3":"status-publish","4":"has-post-thumbnail","6":"product_cat-kasvien-kasvattaminen","7":"product_cat-kasvihuoneen-tarvikkeet","8":"product_cat-kasvihuoneen-valaistus","9":"product_cat-kasvisipulit","10":"pa_variatsioon-energiaa-saastava-kasvilamppu-l15","12":"first","13":"onbackorder","14":"sale","15":"taxable","16":"shipping-taxable","17":"purchasable","18":"product-type-simple"},"acf":[],"yoast_head":"<!-- This site is optimized with the Yoast SEO Premium plugin v27.3 (Yoast SEO v27.3) - https:\/\/yoast.com\/product\/yoast-seo-premium-wordpress\/ -->\n<title>Kasvilamppu LED 100W P600 - Kev\u00e4tkampanja! - Rodoaed<\/title>\n<meta name=\"description\" content=\"Anna kasveillesi parhaat mahdolliset kasvuolosuhteet ymp\u00e4ri vuoden antamalla niille t\u00e4yden spektrin valoa my\u00f6s vuoden pimeimpin\u00e4 kuukausina.\" \/>\n<meta name=\"robots\" content=\"index, follow, max-snippet:-1, max-image-preview:large, max-video-preview:-1\" \/>\n<link rel=\"canonical\" href=\"https:\/\/rodoaed.ee\/fi\/tuote\/kasvilamppu-led-100w-p600-kevatkampanja\/\" \/>\n<meta property=\"og:locale\" content=\"fi_FI\" \/>\n<meta property=\"og:type\" content=\"article\" \/>\n<meta property=\"og:title\" content=\"Kasvilamppu LED 100W P600 - Kev\u00e4tkampanja!\" \/>\n<meta property=\"og:description\" content=\"Todellinen herkku jokaiselle hein\u00e4sirkalle. Tehokas LED-valaisin, jonka spektri sopii kasveille. Korkeuss\u00e4\u00e4dett\u00e4v\u00e4 roikkuva kasvivalaisin. Tehoa voidaan\" \/>\n<meta property=\"og:url\" content=\"https:\/\/rodoaed.ee\/fi\/tuote\/kasvilamppu-led-100w-p600-kevatkampanja\/\" \/>\n<meta property=\"og:site_name\" content=\"Rodoaed\" \/>\n<meta property=\"article:publisher\" content=\"https:\/\/www.facebook.com\/kasvuhooned\/\" \/>\n<meta property=\"article:modified_time\" content=\"2026-04-17T07:18:19+00:00\" \/>\n<meta property=\"og:image\" content=\"https:\/\/rodoaed.ee\/wp-content\/uploads\/2024\/11\/taimelamp-P600_100w_2.jpg\" \/>\n\t<meta property=\"og:image:width\" content=\"1500\" \/>\n\t<meta property=\"og:image:height\" content=\"1312\" \/>\n\t<meta property=\"og:image:type\" content=\"image\/jpeg\" \/>\n<meta name=\"twitter:card\" content=\"summary_large_image\" \/>\n<meta name=\"twitter:label1\" content=\"Arvioitu lukuaika\" \/>\n\t<meta name=\"twitter:data1\" content=\"1 minuutti\" \/>\n<script type=\"application\/ld+json\" class=\"yoast-schema-graph\">{\"@context\":\"https:\\\/\\\/schema.org\",\"@graph\":[{\"@type\":\"WebPage\",\"@id\":\"https:\\\/\\\/rodoaed.ee\\\/fi\\\/tuote\\\/kasvilamppu-led-100w-p600-kevatkampanja\\\/\",\"url\":\"https:\\\/\\\/rodoaed.ee\\\/fi\\\/tuote\\\/kasvilamppu-led-100w-p600-kevatkampanja\\\/\",\"name\":\"Kasvilamppu LED 100W P600 - Kev\u00e4tkampanja! - Rodoaed\",\"isPartOf\":{\"@id\":\"https:\\\/\\\/rodoaed.ee\\\/#website\"},\"primaryImageOfPage\":{\"@id\":\"https:\\\/\\\/rodoaed.ee\\\/fi\\\/tuote\\\/kasvilamppu-led-100w-p600-kevatkampanja\\\/#primaryimage\"},\"image\":{\"@id\":\"https:\\\/\\\/rodoaed.ee\\\/fi\\\/tuote\\\/kasvilamppu-led-100w-p600-kevatkampanja\\\/#primaryimage\"},\"thumbnailUrl\":\"https:\\\/\\\/rodoaed.ee\\\/wp-content\\\/uploads\\\/2024\\\/11\\\/taimelamp-P600_100w_2.jpg\",\"datePublished\":\"2024-11-14T13:11:49+00:00\",\"dateModified\":\"2026-04-17T07:18:19+00:00\",\"description\":\"Anna kasveillesi parhaat mahdolliset kasvuolosuhteet ymp\u00e4ri vuoden antamalla niille t\u00e4yden spektrin valoa my\u00f6s vuoden pimeimpin\u00e4 kuukausina.\",\"breadcrumb\":{\"@id\":\"https:\\\/\\\/rodoaed.ee\\\/fi\\\/tuote\\\/kasvilamppu-led-100w-p600-kevatkampanja\\\/#breadcrumb\"},\"inLanguage\":\"fi\",\"potentialAction\":[{\"@type\":\"ReadAction\",\"target\":[\"https:\\\/\\\/rodoaed.ee\\\/fi\\\/tuote\\\/kasvilamppu-led-100w-p600-kevatkampanja\\\/\"]}]},{\"@type\":\"ImageObject\",\"inLanguage\":\"fi\",\"@id\":\"https:\\\/\\\/rodoaed.ee\\\/fi\\\/tuote\\\/kasvilamppu-led-100w-p600-kevatkampanja\\\/#primaryimage\",\"url\":\"https:\\\/\\\/rodoaed.ee\\\/wp-content\\\/uploads\\\/2024\\\/11\\\/taimelamp-P600_100w_2.jpg\",\"contentUrl\":\"https:\\\/\\\/rodoaed.ee\\\/wp-content\\\/uploads\\\/2024\\\/11\\\/taimelamp-P600_100w_2.jpg\",\"width\":1500,\"height\":1312},{\"@type\":\"BreadcrumbList\",\"@id\":\"https:\\\/\\\/rodoaed.ee\\\/fi\\\/tuote\\\/kasvilamppu-led-100w-p600-kevatkampanja\\\/#breadcrumb\",\"itemListElement\":[{\"@type\":\"ListItem\",\"position\":1,\"name\":\"Home\",\"item\":\"https:\\\/\\\/rodoaed.ee\\\/fi\\\/\"},{\"@type\":\"ListItem\",\"position\":2,\"name\":\"Osta osoitteessa\",\"item\":\"https:\\\/\\\/rodoaed.ee\\\/osta-osoitteessa\\\/\"},{\"@type\":\"ListItem\",\"position\":3,\"name\":\"Kasvilamppu LED 100W P600 &#8211; Kev\u00e4tkampanja!\"}]},{\"@type\":\"WebSite\",\"@id\":\"https:\\\/\\\/rodoaed.ee\\\/#website\",\"url\":\"https:\\\/\\\/rodoaed.ee\\\/\",\"name\":\"Rodoaed\",\"description\":\"\",\"publisher\":{\"@id\":\"https:\\\/\\\/rodoaed.ee\\\/#organization\"},\"potentialAction\":[{\"@type\":\"SearchAction\",\"target\":{\"@type\":\"EntryPoint\",\"urlTemplate\":\"https:\\\/\\\/rodoaed.ee\\\/?s={search_term_string}\"},\"query-input\":{\"@type\":\"PropertyValueSpecification\",\"valueRequired\":true,\"valueName\":\"search_term_string\"}}],\"inLanguage\":\"fi\"},{\"@type\":\"Organization\",\"@id\":\"https:\\\/\\\/rodoaed.ee\\\/#organization\",\"name\":\"Rodoaed\",\"url\":\"https:\\\/\\\/rodoaed.ee\\\/\",\"logo\":{\"@type\":\"ImageObject\",\"inLanguage\":\"fi\",\"@id\":\"https:\\\/\\\/rodoaed.ee\\\/#\\\/schema\\\/logo\\\/image\\\/\",\"url\":\"https:\\\/\\\/rodoaed.ee\\\/wp-content\\\/uploads\\\/2019\\\/11\\\/rodoaed-logo-ilma-taustata.jpg\",\"contentUrl\":\"https:\\\/\\\/rodoaed.ee\\\/wp-content\\\/uploads\\\/2019\\\/11\\\/rodoaed-logo-ilma-taustata.jpg\",\"width\":769,\"height\":268,\"caption\":\"Rodoaed\"},\"image\":{\"@id\":\"https:\\\/\\\/rodoaed.ee\\\/#\\\/schema\\\/logo\\\/image\\\/\"},\"sameAs\":[\"https:\\\/\\\/www.facebook.com\\\/kasvuhooned\\\/\",\"https:\\\/\\\/rodoaed.ee\"]}]}<\/script>\n<!-- \/ Yoast SEO Premium plugin. -->","yoast_head_json":{"title":"Kasvilamppu LED 100W P600 - Kev\u00e4tkampanja! - Rodoaed","description":"Anna kasveillesi parhaat mahdolliset kasvuolosuhteet ymp\u00e4ri vuoden antamalla niille t\u00e4yden spektrin valoa my\u00f6s vuoden pimeimpin\u00e4 kuukausina.","robots":{"index":"index","follow":"follow","max-snippet":"max-snippet:-1","max-image-preview":"max-image-preview:large","max-video-preview":"max-video-preview:-1"},"canonical":"https:\/\/rodoaed.ee\/fi\/tuote\/kasvilamppu-led-100w-p600-kevatkampanja\/","og_locale":"fi_FI","og_type":"article","og_title":"Kasvilamppu LED 100W P600 - Kev\u00e4tkampanja!","og_description":"Todellinen herkku jokaiselle hein\u00e4sirkalle. Tehokas LED-valaisin, jonka spektri sopii kasveille. Korkeuss\u00e4\u00e4dett\u00e4v\u00e4 roikkuva kasvivalaisin. Tehoa voidaan","og_url":"https:\/\/rodoaed.ee\/fi\/tuote\/kasvilamppu-led-100w-p600-kevatkampanja\/","og_site_name":"Rodoaed","article_publisher":"https:\/\/www.facebook.com\/kasvuhooned\/","article_modified_time":"2026-04-17T07:18:19+00:00","og_image":[{"width":1500,"height":1312,"url":"https:\/\/rodoaed.ee\/wp-content\/uploads\/2024\/11\/taimelamp-P600_100w_2.jpg","type":"image\/jpeg"}],"twitter_card":"summary_large_image","twitter_misc":{"Arvioitu lukuaika":"1 minuutti"},"schema":{"@context":"https:\/\/schema.org","@graph":[{"@type":"WebPage","@id":"https:\/\/rodoaed.ee\/fi\/tuote\/kasvilamppu-led-100w-p600-kevatkampanja\/","url":"https:\/\/rodoaed.ee\/fi\/tuote\/kasvilamppu-led-100w-p600-kevatkampanja\/","name":"Kasvilamppu LED 100W P600 - Kev\u00e4tkampanja! - Rodoaed","isPartOf":{"@id":"https:\/\/rodoaed.ee\/#website"},"primaryImageOfPage":{"@id":"https:\/\/rodoaed.ee\/fi\/tuote\/kasvilamppu-led-100w-p600-kevatkampanja\/#primaryimage"},"image":{"@id":"https:\/\/rodoaed.ee\/fi\/tuote\/kasvilamppu-led-100w-p600-kevatkampanja\/#primaryimage"},"thumbnailUrl":"https:\/\/rodoaed.ee\/wp-content\/uploads\/2024\/11\/taimelamp-P600_100w_2.jpg","datePublished":"2024-11-14T13:11:49+00:00","dateModified":"2026-04-17T07:18:19+00:00","description":"Anna kasveillesi parhaat mahdolliset kasvuolosuhteet ymp\u00e4ri vuoden antamalla niille t\u00e4yden spektrin valoa my\u00f6s vuoden pimeimpin\u00e4 kuukausina.","breadcrumb":{"@id":"https:\/\/rodoaed.ee\/fi\/tuote\/kasvilamppu-led-100w-p600-kevatkampanja\/#breadcrumb"},"inLanguage":"fi","potentialAction":[{"@type":"ReadAction","target":["https:\/\/rodoaed.ee\/fi\/tuote\/kasvilamppu-led-100w-p600-kevatkampanja\/"]}]},{"@type":"ImageObject","inLanguage":"fi","@id":"https:\/\/rodoaed.ee\/fi\/tuote\/kasvilamppu-led-100w-p600-kevatkampanja\/#primaryimage","url":"https:\/\/rodoaed.ee\/wp-content\/uploads\/2024\/11\/taimelamp-P600_100w_2.jpg","contentUrl":"https:\/\/rodoaed.ee\/wp-content\/uploads\/2024\/11\/taimelamp-P600_100w_2.jpg","width":1500,"height":1312},{"@type":"BreadcrumbList","@id":"https:\/\/rodoaed.ee\/fi\/tuote\/kasvilamppu-led-100w-p600-kevatkampanja\/#breadcrumb","itemListElement":[{"@type":"ListItem","position":1,"name":"Home","item":"https:\/\/rodoaed.ee\/fi\/"},{"@type":"ListItem","position":2,"name":"Osta osoitteessa","item":"https:\/\/rodoaed.ee\/osta-osoitteessa\/"},{"@type":"ListItem","position":3,"name":"Kasvilamppu LED 100W P600 &#8211; Kev\u00e4tkampanja!"}]},{"@type":"WebSite","@id":"https:\/\/rodoaed.ee\/#website","url":"https:\/\/rodoaed.ee\/","name":"Rodoaed","description":"","publisher":{"@id":"https:\/\/rodoaed.ee\/#organization"},"potentialAction":[{"@type":"SearchAction","target":{"@type":"EntryPoint","urlTemplate":"https:\/\/rodoaed.ee\/?s={search_term_string}"},"query-input":{"@type":"PropertyValueSpecification","valueRequired":true,"valueName":"search_term_string"}}],"inLanguage":"fi"},{"@type":"Organization","@id":"https:\/\/rodoaed.ee\/#organization","name":"Rodoaed","url":"https:\/\/rodoaed.ee\/","logo":{"@type":"ImageObject","inLanguage":"fi","@id":"https:\/\/rodoaed.ee\/#\/schema\/logo\/image\/","url":"https:\/\/rodoaed.ee\/wp-content\/uploads\/2019\/11\/rodoaed-logo-ilma-taustata.jpg","contentUrl":"https:\/\/rodoaed.ee\/wp-content\/uploads\/2019\/11\/rodoaed-logo-ilma-taustata.jpg","width":769,"height":268,"caption":"Rodoaed"},"image":{"@id":"https:\/\/rodoaed.ee\/#\/schema\/logo\/image\/"},"sameAs":["https:\/\/www.facebook.com\/kasvuhooned\/","https:\/\/rodoaed.ee"]}]}},"_links":{"self":[{"href":"https:\/\/rodoaed.ee\/fi\/wp-json\/wp\/v2\/product\/53070","targetHints":{"allow":["GET"]}}],"collection":[{"href":"https:\/\/rodoaed.ee\/fi\/wp-json\/wp\/v2\/product"}],"about":[{"href":"https:\/\/rodoaed.ee\/fi\/wp-json\/wp\/v2\/types\/product"}],"wp:featuredmedia":[{"embeddable":true,"href":"https:\/\/rodoaed.ee\/fi\/wp-json\/wp\/v2\/media\/49137"}],"wp:attachment":[{"href":"https:\/\/rodoaed.ee\/fi\/wp-json\/wp\/v2\/media?parent=53070"}],"wp:term":[{"taxonomy":"product_brand","embeddable":true,"href":"https:\/\/rodoaed.ee\/fi\/wp-json\/wp\/v2\/product_brand?post=53070"},{"taxonomy":"product_cat","embeddable":true,"href":"https:\/\/rodoaed.ee\/fi\/wp-json\/wp\/v2\/product_cat?post=53070"},{"taxonomy":"product_tag","embeddable":true,"href":"https:\/\/rodoaed.ee\/fi\/wp-json\/wp\/v2\/product_tag?post=53070"}],"curies":[{"name":"wp","href":"https:\/\/api.w.org\/{rel}","templated":true}]}}