{"id":53074,"date":"2024-11-21T10:32:47","date_gmt":"2024-11-21T08:32:47","guid":{"rendered":"https:\/\/rodoaed.ee\/toode\/squirrel-diner-navarressa\/"},"modified":"2026-04-17T10:18:15","modified_gmt":"2026-04-17T07:18:15","slug":"squirrel-diner-navarressa","status":"publish","type":"product","link":"https:\/\/rodoaed.ee\/fi\/tuote\/squirrel-diner-navarressa\/","title":{"rendered":"Squirrel Diner Navarressa"},"content":{"rendered":"<h2>S\u00e4\u00e4nkest\u00e4v\u00e4 ruokasali, jossa on terassi oravia varten<\/h2>\n<p>Ylellinen ruokala oraville. Ripusta sein\u00e4lle, parvekkeelle tai ruokasalin jalkop\u00e4\u00e4h\u00e4n. Ruokalassa on mukavan n\u00e4k\u00f6inen ruokailualusta, jossa voi istua mukavasti, juomakulho ja my\u00f6s mahdollisuus kiinnitt\u00e4\u00e4 maissint\u00e4hk\u00e4 tai jotain muuta kivaa.  <\/p>\n<h2>T\u00e4rkeimm\u00e4t ominaisuudet:<\/h2>\n<p><b>Materiaali: <\/b>m\u00e4nty, sinkkilevy, pleksilasi.<\/p>\n<p><strong>Setti sis\u00e4lt\u00e4\u00e4:<\/strong> oravanruokinta + juomakulho + ruuvi maissint\u00e4hk\u00e4n tai muiden esineiden kiinnitt\u00e4mist\u00e4 varten.<\/p>\n<p><b>Mitat: <\/b>L 23 x L 15 x K 26 cm.<\/p>\n<p><strong>Paino:<\/strong> 680 g<\/p>\n<p>&nbsp;<\/p>\n<p><a href=\"https:\/\/rodoaed.ee\/tootekategooria\/pesakastid-ja-linnusoogid\/linnusoogid-ja-linnusoogimajad\/\">k\u00e4ynnist\u00e4<\/a><\/p>\n","protected":false},"excerpt":{"rendered":"<p>S\u00e4\u00e4nkest\u00e4v\u00e4 ruokasali, jossa on terassi oravia varten Ylellinen ruokala oraville. Ripusta sein\u00e4lle, parvekkeelle tai ruokasalin jalkop\u00e4\u00e4h\u00e4n. Ruokalassa on mukavan n\u00e4k\u00f6inen ruokailualusta, jossa voi istua mukavasti, juomakulho ja my\u00f6s mahdollisuus kiinnitt\u00e4\u00e4 maissint\u00e4hk\u00e4 tai jotain muuta kivaa. T\u00e4rkeimm\u00e4t ominaisuudet: Materiaali: m\u00e4nty, sinkkilevy, pleksilasi. Setti sis\u00e4lt\u00e4\u00e4: oravanruokinta + juomakulho + ruuvi maissint\u00e4hk\u00e4n tai muiden esineiden kiinnitt\u00e4mist\u00e4 varten. Mitat: L 23 x L 15 x K 26 cm. Paino:&#8230;<\/p>\n","protected":false},"featured_media":49235,"template":"","meta":{"_acf_changed":false},"product_brand":[],"product_cat":[1767,1845,1847],"product_tag":[],"class_list":{"0":"post-53074","1":"product","2":"type-product","3":"status-publish","4":"has-post-thumbnail","6":"product_cat-linnaillalliset-ja-linnan-ravintolat","7":"product_cat-orava-ravintolat","8":"product_cat-oravan-pesakotelot","9":"product_shipping_class-toimitus-1-3-tyopaivan-kuluessa","10":"pa_variatsioon-20-dining-house-latern-1l","12":"first","13":"outofstock","14":"sale","15":"taxable","16":"shipping-taxable","17":"purchasable","18":"product-type-simple"},"acf":[],"yoast_head":"<!-- This site is optimized with the Yoast SEO Premium plugin v27.3 (Yoast SEO v27.3) - https:\/\/yoast.com\/product\/yoast-seo-premium-wordpress\/ -->\n<title>Squirrel Diner Navarressa - Rodoaed<\/title>\n<meta name=\"robots\" content=\"index, follow, max-snippet:-1, max-image-preview:large, max-video-preview:-1\" \/>\n<link rel=\"canonical\" href=\"https:\/\/rodoaed.ee\/fi\/tuote\/squirrel-diner-navarressa\/\" \/>\n<meta property=\"og:locale\" content=\"fi_FI\" \/>\n<meta property=\"og:type\" content=\"article\" \/>\n<meta property=\"og:title\" content=\"Squirrel Diner Navarressa\" \/>\n<meta property=\"og:description\" content=\"S\u00e4\u00e4nkest\u00e4v\u00e4 ruokasali, jossa on terassi oravia varten Ylellinen ruokala oraville. Ripusta sein\u00e4lle, parvekkeelle tai ruokasalin jalkop\u00e4\u00e4h\u00e4n. Ruokalassa on\" \/>\n<meta property=\"og:url\" content=\"https:\/\/rodoaed.ee\/fi\/tuote\/squirrel-diner-navarressa\/\" \/>\n<meta property=\"og:site_name\" content=\"Rodoaed\" \/>\n<meta property=\"article:publisher\" content=\"https:\/\/www.facebook.com\/kasvuhooned\/\" \/>\n<meta property=\"article:modified_time\" content=\"2026-04-17T07:18:15+00:00\" \/>\n<meta property=\"og:image\" content=\"https:\/\/rodoaed.ee\/wp-content\/uploads\/2024\/11\/orava-soogimaja-Navaris_5.jpg\" \/>\n\t<meta property=\"og:image:width\" content=\"1316\" \/>\n\t<meta property=\"og:image:height\" content=\"1500\" \/>\n\t<meta property=\"og:image:type\" content=\"image\/jpeg\" \/>\n<meta name=\"twitter:card\" content=\"summary_large_image\" \/>\n<script type=\"application\/ld+json\" class=\"yoast-schema-graph\">{\"@context\":\"https:\\\/\\\/schema.org\",\"@graph\":[{\"@type\":\"WebPage\",\"@id\":\"https:\\\/\\\/rodoaed.ee\\\/fi\\\/tuote\\\/squirrel-diner-navarressa\\\/\",\"url\":\"https:\\\/\\\/rodoaed.ee\\\/fi\\\/tuote\\\/squirrel-diner-navarressa\\\/\",\"name\":\"Squirrel Diner Navarressa - Rodoaed\",\"isPartOf\":{\"@id\":\"https:\\\/\\\/rodoaed.ee\\\/#website\"},\"primaryImageOfPage\":{\"@id\":\"https:\\\/\\\/rodoaed.ee\\\/fi\\\/tuote\\\/squirrel-diner-navarressa\\\/#primaryimage\"},\"image\":{\"@id\":\"https:\\\/\\\/rodoaed.ee\\\/fi\\\/tuote\\\/squirrel-diner-navarressa\\\/#primaryimage\"},\"thumbnailUrl\":\"https:\\\/\\\/rodoaed.ee\\\/wp-content\\\/uploads\\\/2024\\\/11\\\/orava-soogimaja-Navaris_5.jpg\",\"datePublished\":\"2024-11-21T08:32:47+00:00\",\"dateModified\":\"2026-04-17T07:18:15+00:00\",\"breadcrumb\":{\"@id\":\"https:\\\/\\\/rodoaed.ee\\\/fi\\\/tuote\\\/squirrel-diner-navarressa\\\/#breadcrumb\"},\"inLanguage\":\"fi\",\"potentialAction\":[{\"@type\":\"ReadAction\",\"target\":[\"https:\\\/\\\/rodoaed.ee\\\/fi\\\/tuote\\\/squirrel-diner-navarressa\\\/\"]}]},{\"@type\":\"ImageObject\",\"inLanguage\":\"fi\",\"@id\":\"https:\\\/\\\/rodoaed.ee\\\/fi\\\/tuote\\\/squirrel-diner-navarressa\\\/#primaryimage\",\"url\":\"https:\\\/\\\/rodoaed.ee\\\/wp-content\\\/uploads\\\/2024\\\/11\\\/orava-soogimaja-Navaris_5.jpg\",\"contentUrl\":\"https:\\\/\\\/rodoaed.ee\\\/wp-content\\\/uploads\\\/2024\\\/11\\\/orava-soogimaja-Navaris_5.jpg\",\"width\":1316,\"height\":1500},{\"@type\":\"BreadcrumbList\",\"@id\":\"https:\\\/\\\/rodoaed.ee\\\/fi\\\/tuote\\\/squirrel-diner-navarressa\\\/#breadcrumb\",\"itemListElement\":[{\"@type\":\"ListItem\",\"position\":1,\"name\":\"Home\",\"item\":\"https:\\\/\\\/rodoaed.ee\\\/fi\\\/\"},{\"@type\":\"ListItem\",\"position\":2,\"name\":\"Osta osoitteessa\",\"item\":\"https:\\\/\\\/rodoaed.ee\\\/osta-osoitteessa\\\/\"},{\"@type\":\"ListItem\",\"position\":3,\"name\":\"Squirrel Diner Navarressa\"}]},{\"@type\":\"WebSite\",\"@id\":\"https:\\\/\\\/rodoaed.ee\\\/#website\",\"url\":\"https:\\\/\\\/rodoaed.ee\\\/\",\"name\":\"Rodoaed\",\"description\":\"\",\"publisher\":{\"@id\":\"https:\\\/\\\/rodoaed.ee\\\/#organization\"},\"potentialAction\":[{\"@type\":\"SearchAction\",\"target\":{\"@type\":\"EntryPoint\",\"urlTemplate\":\"https:\\\/\\\/rodoaed.ee\\\/?s={search_term_string}\"},\"query-input\":{\"@type\":\"PropertyValueSpecification\",\"valueRequired\":true,\"valueName\":\"search_term_string\"}}],\"inLanguage\":\"fi\"},{\"@type\":\"Organization\",\"@id\":\"https:\\\/\\\/rodoaed.ee\\\/#organization\",\"name\":\"Rodoaed\",\"url\":\"https:\\\/\\\/rodoaed.ee\\\/\",\"logo\":{\"@type\":\"ImageObject\",\"inLanguage\":\"fi\",\"@id\":\"https:\\\/\\\/rodoaed.ee\\\/#\\\/schema\\\/logo\\\/image\\\/\",\"url\":\"https:\\\/\\\/rodoaed.ee\\\/wp-content\\\/uploads\\\/2019\\\/11\\\/rodoaed-logo-ilma-taustata.jpg\",\"contentUrl\":\"https:\\\/\\\/rodoaed.ee\\\/wp-content\\\/uploads\\\/2019\\\/11\\\/rodoaed-logo-ilma-taustata.jpg\",\"width\":769,\"height\":268,\"caption\":\"Rodoaed\"},\"image\":{\"@id\":\"https:\\\/\\\/rodoaed.ee\\\/#\\\/schema\\\/logo\\\/image\\\/\"},\"sameAs\":[\"https:\\\/\\\/www.facebook.com\\\/kasvuhooned\\\/\",\"https:\\\/\\\/rodoaed.ee\"]}]}<\/script>\n<!-- \/ Yoast SEO Premium plugin. -->","yoast_head_json":{"title":"Squirrel Diner Navarressa - Rodoaed","robots":{"index":"index","follow":"follow","max-snippet":"max-snippet:-1","max-image-preview":"max-image-preview:large","max-video-preview":"max-video-preview:-1"},"canonical":"https:\/\/rodoaed.ee\/fi\/tuote\/squirrel-diner-navarressa\/","og_locale":"fi_FI","og_type":"article","og_title":"Squirrel Diner Navarressa","og_description":"S\u00e4\u00e4nkest\u00e4v\u00e4 ruokasali, jossa on terassi oravia varten Ylellinen ruokala oraville. Ripusta sein\u00e4lle, parvekkeelle tai ruokasalin jalkop\u00e4\u00e4h\u00e4n. Ruokalassa on","og_url":"https:\/\/rodoaed.ee\/fi\/tuote\/squirrel-diner-navarressa\/","og_site_name":"Rodoaed","article_publisher":"https:\/\/www.facebook.com\/kasvuhooned\/","article_modified_time":"2026-04-17T07:18:15+00:00","og_image":[{"width":1316,"height":1500,"url":"https:\/\/rodoaed.ee\/wp-content\/uploads\/2024\/11\/orava-soogimaja-Navaris_5.jpg","type":"image\/jpeg"}],"twitter_card":"summary_large_image","schema":{"@context":"https:\/\/schema.org","@graph":[{"@type":"WebPage","@id":"https:\/\/rodoaed.ee\/fi\/tuote\/squirrel-diner-navarressa\/","url":"https:\/\/rodoaed.ee\/fi\/tuote\/squirrel-diner-navarressa\/","name":"Squirrel Diner Navarressa - Rodoaed","isPartOf":{"@id":"https:\/\/rodoaed.ee\/#website"},"primaryImageOfPage":{"@id":"https:\/\/rodoaed.ee\/fi\/tuote\/squirrel-diner-navarressa\/#primaryimage"},"image":{"@id":"https:\/\/rodoaed.ee\/fi\/tuote\/squirrel-diner-navarressa\/#primaryimage"},"thumbnailUrl":"https:\/\/rodoaed.ee\/wp-content\/uploads\/2024\/11\/orava-soogimaja-Navaris_5.jpg","datePublished":"2024-11-21T08:32:47+00:00","dateModified":"2026-04-17T07:18:15+00:00","breadcrumb":{"@id":"https:\/\/rodoaed.ee\/fi\/tuote\/squirrel-diner-navarressa\/#breadcrumb"},"inLanguage":"fi","potentialAction":[{"@type":"ReadAction","target":["https:\/\/rodoaed.ee\/fi\/tuote\/squirrel-diner-navarressa\/"]}]},{"@type":"ImageObject","inLanguage":"fi","@id":"https:\/\/rodoaed.ee\/fi\/tuote\/squirrel-diner-navarressa\/#primaryimage","url":"https:\/\/rodoaed.ee\/wp-content\/uploads\/2024\/11\/orava-soogimaja-Navaris_5.jpg","contentUrl":"https:\/\/rodoaed.ee\/wp-content\/uploads\/2024\/11\/orava-soogimaja-Navaris_5.jpg","width":1316,"height":1500},{"@type":"BreadcrumbList","@id":"https:\/\/rodoaed.ee\/fi\/tuote\/squirrel-diner-navarressa\/#breadcrumb","itemListElement":[{"@type":"ListItem","position":1,"name":"Home","item":"https:\/\/rodoaed.ee\/fi\/"},{"@type":"ListItem","position":2,"name":"Osta osoitteessa","item":"https:\/\/rodoaed.ee\/osta-osoitteessa\/"},{"@type":"ListItem","position":3,"name":"Squirrel Diner Navarressa"}]},{"@type":"WebSite","@id":"https:\/\/rodoaed.ee\/#website","url":"https:\/\/rodoaed.ee\/","name":"Rodoaed","description":"","publisher":{"@id":"https:\/\/rodoaed.ee\/#organization"},"potentialAction":[{"@type":"SearchAction","target":{"@type":"EntryPoint","urlTemplate":"https:\/\/rodoaed.ee\/?s={search_term_string}"},"query-input":{"@type":"PropertyValueSpecification","valueRequired":true,"valueName":"search_term_string"}}],"inLanguage":"fi"},{"@type":"Organization","@id":"https:\/\/rodoaed.ee\/#organization","name":"Rodoaed","url":"https:\/\/rodoaed.ee\/","logo":{"@type":"ImageObject","inLanguage":"fi","@id":"https:\/\/rodoaed.ee\/#\/schema\/logo\/image\/","url":"https:\/\/rodoaed.ee\/wp-content\/uploads\/2019\/11\/rodoaed-logo-ilma-taustata.jpg","contentUrl":"https:\/\/rodoaed.ee\/wp-content\/uploads\/2019\/11\/rodoaed-logo-ilma-taustata.jpg","width":769,"height":268,"caption":"Rodoaed"},"image":{"@id":"https:\/\/rodoaed.ee\/#\/schema\/logo\/image\/"},"sameAs":["https:\/\/www.facebook.com\/kasvuhooned\/","https:\/\/rodoaed.ee"]}]}},"_links":{"self":[{"href":"https:\/\/rodoaed.ee\/fi\/wp-json\/wp\/v2\/product\/53074","targetHints":{"allow":["GET"]}}],"collection":[{"href":"https:\/\/rodoaed.ee\/fi\/wp-json\/wp\/v2\/product"}],"about":[{"href":"https:\/\/rodoaed.ee\/fi\/wp-json\/wp\/v2\/types\/product"}],"wp:featuredmedia":[{"embeddable":true,"href":"https:\/\/rodoaed.ee\/fi\/wp-json\/wp\/v2\/media\/49235"}],"wp:attachment":[{"href":"https:\/\/rodoaed.ee\/fi\/wp-json\/wp\/v2\/media?parent=53074"}],"wp:term":[{"taxonomy":"product_brand","embeddable":true,"href":"https:\/\/rodoaed.ee\/fi\/wp-json\/wp\/v2\/product_brand?post=53074"},{"taxonomy":"product_cat","embeddable":true,"href":"https:\/\/rodoaed.ee\/fi\/wp-json\/wp\/v2\/product_cat?post=53074"},{"taxonomy":"product_tag","embeddable":true,"href":"https:\/\/rodoaed.ee\/fi\/wp-json\/wp\/v2\/product_tag?post=53074"}],"curies":[{"name":"wp","href":"https:\/\/api.w.org\/{rel}","templated":true}]}}