{"id":53075,"date":"2025-01-31T17:49:38","date_gmt":"2025-01-31T15:49:38","guid":{"rendered":"https:\/\/rodoaed.ee\/toode\/retiisin-siemenet-itamista-varten\/"},"modified":"2026-04-17T10:18:01","modified_gmt":"2026-04-17T07:18:01","slug":"retiisin-siemenet-itamista-varten","status":"publish","type":"product","link":"https:\/\/rodoaed.ee\/fi\/tuote\/retiisin-siemenet-itamista-varten\/","title":{"rendered":"Retiisin siemenet it\u00e4mist\u00e4 varten"},"content":{"rendered":"<h3>Retiisin siemenet it\u00e4mist\u00e4 varten<\/h3>\n<p>Id\u00e4tt\u00e4minen Redis &#8211; Id\u00e4tetyt siemenet ovat eritt\u00e4in arvokasta ja terveellist\u00e4 ruokaa. It\u00e4neet siemenet tuottavat moninkertaisesti enemm\u00e4n elint\u00e4rkeit\u00e4 aineita kuin aikuinen kasvi. <\/p>\n<p>It\u00e4vi\u00e4 siemeni\u00e4 on kasteltava v\u00e4hint\u00e4\u00e4n pari kertaa p\u00e4iv\u00e4ss\u00e4 (kaatamalla vett\u00e4 ja valuttamalla sitten uudelleen). Jatka it\u00e4neiden siementen kasvattamista valossa. Leikkaa versot pois ja purista mehu pois. Pakkauksessa 20 g.   <\/p>\n<h3><a href=\"https:\/\/rodoaed.ee\/wp-content\/uploads\/2023\/02\/kasutusjuhend_microgreens-navod-a5-nahled-06-1.pdf\">k\u00e4ytt\u00f6ohjeet<\/a><\/h3>\n<p><a href=\"https:\/\/rodoaed.ee\/fi\/\">kotisivu<\/a> <a href=\"https:\/\/rodoaed.ee\/tootekategooria\/kasvuhooned-ja-talveaiad\/\">k\u00e4ynnist\u00e4<\/a> <a href=\"https:\/\/rodoaed.ee\/tootekategooria\/kasvuhooned-ja-talveaiad\/kasvuhoone-lisavarustus\/\">tarvikkeet<\/a> <a href=\"https:\/\/rodoaed.ee\/tootekategooria\/kasvuhooned-ja-talveaiad\/kasvuhoone-lisavarustus\/kasvuhoone-tarvikud\/\">tarvikkeet<\/a><\/p>\n<div>\n<div>\n\n<div data-fullscreen=\"disabled\" data-mode=\"normal\" data-oembed=\"1\" data-provider=\"youtube\" data-reset-after-played id=\"arve-youtube-ottldtdsqum\" class=\"arve\">\n\t<div class=\"arve-inner\">\n\t\t<div style=\"aspect-ratio:1140\/641\" class=\"arve-embed arve-embed--has-aspect-ratio\">\n\t\t\t<div class=\"arve-ar\" style=\"padding-top:56.228070%\"><\/div>\n\t\t\t<iframe allow=\"accelerometer &apos;none&apos;;autoplay &apos;none&apos;;bluetooth &apos;none&apos;;browsing-topics &apos;none&apos;;camera &apos;none&apos;;clipboard-read &apos;none&apos;;clipboard-write;display-capture &apos;none&apos;;encrypted-media &apos;none&apos;;gamepad &apos;none&apos;;geolocation &apos;none&apos;;gyroscope &apos;none&apos;;hid &apos;none&apos;;identity-credentials-get &apos;none&apos;;idle-detection &apos;none&apos;;keyboard-map &apos;none&apos;;local-fonts;magnetometer &apos;none&apos;;microphone &apos;none&apos;;midi &apos;none&apos;;otp-credentials &apos;none&apos;;payment &apos;none&apos;;picture-in-picture;publickey-credentials-create &apos;none&apos;;publickey-credentials-get &apos;none&apos;;screen-wake-lock &apos;none&apos;;serial &apos;none&apos;;summarizer &apos;none&apos;;sync-xhr;usb &apos;none&apos;;web-share;window-management &apos;none&apos;;xr-spatial-tracking &apos;none&apos;;\" allowfullscreen=\"\" class=\"arve-iframe fitvidsignore\" credentialless data-arve=\"arve-youtube-ottldtdsqum\" data-lenis-prevent=\"\" data-src-no-ap=\"https:\/\/www.youtube-nocookie.com\/embed\/oTTlDtdsquM?feature=oembed&amp;iv_load_policy=3&amp;modestbranding=1&amp;rel=0&amp;autohide=1&amp;playsinline=0&amp;autoplay=0&amp;enablejsapi=1\" frameborder=\"0\" height=\"0\" loading=\"lazy\" name=\"\" referrerpolicy=\"strict-origin-when-cross-origin\" sandbox=\"allow-scripts allow-same-origin allow-presentation allow-popups allow-popups-to-escape-sandbox\" scrolling=\"no\" src=\"https:\/\/www.youtube-nocookie.com\/embed\/oTTlDtdsquM?feature=oembed&#038;iv_load_policy=3&#038;modestbranding=1&#038;rel=0&#038;autohide=1&#038;playsinline=0&#038;autoplay=0&#038;enablejsapi=1\" title=\"Easy start with microgreens (EN)\" width=\"0\"><\/iframe>\n\t\t\t\n\t\t<\/div>\n\t\t\n\t<\/div>\n\t\n\t\n\t<script type=\"application\/ld+json\">{\"@context\":\"http:\\\/\\\/schema.org\\\/\",\"@id\":\"https:\\\/\\\/rodoaed.ee\\\/fi\\\/tuote\\\/retiisin-siemenet-itamista-varten\\\/#arve-youtube-ottldtdsqum\",\"type\":\"VideoObject\",\"embedURL\":\"https:\\\/\\\/www.youtube-nocookie.com\\\/embed\\\/oTTlDtdsquM?feature=oembed&iv_load_policy=3&modestbranding=1&rel=0&autohide=1&playsinline=0&autoplay=0&enablejsapi=1\",\"name\":\"Easy start with microgreens (EN)\",\"thumbnailUrl\":\"https:\\\/\\\/i.ytimg.com\\\/vi\\\/oTTlDtdsquM\\\/hqdefault.jpg\",\"uploadDate\":\"2026-04-20T21:19:23+03:00\",\"author\":\"Urbalive by Plastia\",\"description\":\"Retiisin siemenet it\\u00e4mist\\u00e4 varten Id\\u00e4tt\\u00e4minen Redis - Id\\u00e4tetyt siemenet ovat eritt\\u00e4in arvokasta ja terveellist\\u00e4 ruokaa. It\\u00e4neet siemenet tuottavat moninkertaisesti enemm\\u00e4n elint\\u00e4rkeit\\u00e4 aineita kuin aikuinen kasvi. It\\u00e4vi\\u00e4 siemeni\\u00e4 on kasteltava v\\u00e4hint\\u00e4\\u00e4n pari kertaa p\\u00e4iv\\u00e4ss\\u00e4 (kaatamalla vett\\u00e4 ja valu\"}<\/script>\n\t\n<\/div>\n<\/div>\n<\/div>\n","protected":false},"excerpt":{"rendered":"<p>Retiisin siemenet it\u00e4mist\u00e4 varten Id\u00e4tt\u00e4minen Redis &#8211; Id\u00e4tetyt siemenet ovat eritt\u00e4in arvokasta ja terveellist\u00e4 ruokaa. It\u00e4neet siemenet tuottavat moninkertaisesti enemm\u00e4n elint\u00e4rkeit\u00e4 aineita kuin aikuinen kasvi. It\u00e4vi\u00e4 siemeni\u00e4 on kasteltava v\u00e4hint\u00e4\u00e4n pari kertaa p\u00e4iv\u00e4ss\u00e4 (kaatamalla vett\u00e4 ja valuttamalla sitten uudelleen). Jatka it\u00e4neiden siementen kasvattamista valossa. Leikkaa versot pois ja purista mehu pois. Pakkauksessa 20 g. k\u00e4ytt\u00f6ohjeet kotisivu k\u00e4ynnist\u00e4 tarvikkeet tarvikkeet<\/p>\n","protected":false},"featured_media":49572,"template":"","meta":{"_acf_changed":false},"product_brand":[],"product_cat":[1811,1788,1960,1752,1753,1982],"product_tag":[],"class_list":{"0":"post-53075","1":"product","2":"type-product","3":"status-publish","4":"has-post-thumbnail","6":"product_cat-kasvien-kasvattaminen","7":"product_cat-kukkaruukut-ja-kasviastiat","8":"product_cat-mikrovihannesten-itaminen","9":"product_cat-puutarha-ja-piha","10":"product_cat-siemenet","11":"product_cat-siemenet-itamista-varten","12":"product_shipping_class-toimitus-1-3-tyopaivan-kuluessa","13":"pa_variatsioon-kasvatussailio-16l2l-jossa-on-vesisailio-ja-kehys","15":"first","16":"instock","17":"taxable","18":"shipping-taxable","19":"purchasable","20":"product-type-simple"},"acf":[],"yoast_head":"<!-- This site is optimized with the Yoast SEO Premium plugin v27.3 (Yoast SEO v27.3) - https:\/\/yoast.com\/product\/yoast-seo-premium-wordpress\/ -->\n<title>Retiisin siemenet it\u00e4mist\u00e4 varten - Rodoaed<\/title>\n<meta name=\"description\" content=\"Kasvien kasvuastia. S\u00e4ili\u00f6n alla on kastelus\u00e4ili\u00f6, josta kasvit voivat ime\u00e4 juurineen sopivan m\u00e4\u00e4r\u00e4n vett\u00e4.\" \/>\n<meta name=\"robots\" content=\"index, follow, max-snippet:-1, max-image-preview:large, max-video-preview:-1\" \/>\n<link rel=\"canonical\" href=\"https:\/\/rodoaed.ee\/fi\/tuote\/retiisin-siemenet-itamista-varten\/\" \/>\n<meta property=\"og:locale\" content=\"fi_FI\" \/>\n<meta property=\"og:type\" content=\"article\" \/>\n<meta property=\"og:title\" content=\"Retiisin siemenet it\u00e4mist\u00e4 varten\" \/>\n<meta property=\"og:description\" content=\"Retiisin siemenet it\u00e4mist\u00e4 varten Id\u00e4tt\u00e4minen Redis - Id\u00e4tetyt siemenet ovat eritt\u00e4in arvokasta ja terveellist\u00e4 ruokaa. It\u00e4neet siemenet tuottavat\" \/>\n<meta property=\"og:url\" content=\"https:\/\/rodoaed.ee\/fi\/tuote\/retiisin-siemenet-itamista-varten\/\" \/>\n<meta property=\"og:site_name\" content=\"Rodoaed\" \/>\n<meta property=\"article:publisher\" content=\"https:\/\/www.facebook.com\/kasvuhooned\/\" \/>\n<meta property=\"article:modified_time\" content=\"2026-04-17T07:18:01+00:00\" \/>\n<meta property=\"og:image\" content=\"https:\/\/rodoaed.ee\/wp-content\/uploads\/2025\/01\/Idandamine_idandid_5907617301023.jpg\" \/>\n\t<meta property=\"og:image:width\" content=\"400\" \/>\n\t<meta property=\"og:image:height\" content=\"775\" \/>\n\t<meta property=\"og:image:type\" content=\"image\/jpeg\" \/>\n<meta name=\"twitter:card\" content=\"summary_large_image\" \/>\n<script type=\"application\/ld+json\" class=\"yoast-schema-graph\">{\"@context\":\"https:\\\/\\\/schema.org\",\"@graph\":[{\"@type\":\"WebPage\",\"@id\":\"https:\\\/\\\/rodoaed.ee\\\/fi\\\/tuote\\\/retiisin-siemenet-itamista-varten\\\/\",\"url\":\"https:\\\/\\\/rodoaed.ee\\\/fi\\\/tuote\\\/retiisin-siemenet-itamista-varten\\\/\",\"name\":\"Retiisin siemenet it\u00e4mist\u00e4 varten - Rodoaed\",\"isPartOf\":{\"@id\":\"https:\\\/\\\/rodoaed.ee\\\/#website\"},\"primaryImageOfPage\":{\"@id\":\"https:\\\/\\\/rodoaed.ee\\\/fi\\\/tuote\\\/retiisin-siemenet-itamista-varten\\\/#primaryimage\"},\"image\":{\"@id\":\"https:\\\/\\\/rodoaed.ee\\\/fi\\\/tuote\\\/retiisin-siemenet-itamista-varten\\\/#primaryimage\"},\"thumbnailUrl\":\"https:\\\/\\\/rodoaed.ee\\\/wp-content\\\/uploads\\\/2025\\\/01\\\/Idandamine_idandid_5907617301023.jpg\",\"datePublished\":\"2025-01-31T15:49:38+00:00\",\"dateModified\":\"2026-04-17T07:18:01+00:00\",\"description\":\"Kasvien kasvuastia. S\u00e4ili\u00f6n alla on kastelus\u00e4ili\u00f6, josta kasvit voivat ime\u00e4 juurineen sopivan m\u00e4\u00e4r\u00e4n vett\u00e4.\",\"breadcrumb\":{\"@id\":\"https:\\\/\\\/rodoaed.ee\\\/fi\\\/tuote\\\/retiisin-siemenet-itamista-varten\\\/#breadcrumb\"},\"inLanguage\":\"fi\",\"potentialAction\":[{\"@type\":\"ReadAction\",\"target\":[\"https:\\\/\\\/rodoaed.ee\\\/fi\\\/tuote\\\/retiisin-siemenet-itamista-varten\\\/\"]}]},{\"@type\":\"ImageObject\",\"inLanguage\":\"fi\",\"@id\":\"https:\\\/\\\/rodoaed.ee\\\/fi\\\/tuote\\\/retiisin-siemenet-itamista-varten\\\/#primaryimage\",\"url\":\"https:\\\/\\\/rodoaed.ee\\\/wp-content\\\/uploads\\\/2025\\\/01\\\/Idandamine_idandid_5907617301023.jpg\",\"contentUrl\":\"https:\\\/\\\/rodoaed.ee\\\/wp-content\\\/uploads\\\/2025\\\/01\\\/Idandamine_idandid_5907617301023.jpg\",\"width\":400,\"height\":775},{\"@type\":\"BreadcrumbList\",\"@id\":\"https:\\\/\\\/rodoaed.ee\\\/fi\\\/tuote\\\/retiisin-siemenet-itamista-varten\\\/#breadcrumb\",\"itemListElement\":[{\"@type\":\"ListItem\",\"position\":1,\"name\":\"Home\",\"item\":\"https:\\\/\\\/rodoaed.ee\\\/fi\\\/\"},{\"@type\":\"ListItem\",\"position\":2,\"name\":\"Osta osoitteessa\",\"item\":\"https:\\\/\\\/rodoaed.ee\\\/osta-osoitteessa\\\/\"},{\"@type\":\"ListItem\",\"position\":3,\"name\":\"Retiisin siemenet it\u00e4mist\u00e4 varten\"}]},{\"@type\":\"WebSite\",\"@id\":\"https:\\\/\\\/rodoaed.ee\\\/#website\",\"url\":\"https:\\\/\\\/rodoaed.ee\\\/\",\"name\":\"Rodoaed\",\"description\":\"\",\"publisher\":{\"@id\":\"https:\\\/\\\/rodoaed.ee\\\/#organization\"},\"potentialAction\":[{\"@type\":\"SearchAction\",\"target\":{\"@type\":\"EntryPoint\",\"urlTemplate\":\"https:\\\/\\\/rodoaed.ee\\\/?s={search_term_string}\"},\"query-input\":{\"@type\":\"PropertyValueSpecification\",\"valueRequired\":true,\"valueName\":\"search_term_string\"}}],\"inLanguage\":\"fi\"},{\"@type\":\"Organization\",\"@id\":\"https:\\\/\\\/rodoaed.ee\\\/#organization\",\"name\":\"Rodoaed\",\"url\":\"https:\\\/\\\/rodoaed.ee\\\/\",\"logo\":{\"@type\":\"ImageObject\",\"inLanguage\":\"fi\",\"@id\":\"https:\\\/\\\/rodoaed.ee\\\/#\\\/schema\\\/logo\\\/image\\\/\",\"url\":\"https:\\\/\\\/rodoaed.ee\\\/wp-content\\\/uploads\\\/2019\\\/11\\\/rodoaed-logo-ilma-taustata.jpg\",\"contentUrl\":\"https:\\\/\\\/rodoaed.ee\\\/wp-content\\\/uploads\\\/2019\\\/11\\\/rodoaed-logo-ilma-taustata.jpg\",\"width\":769,\"height\":268,\"caption\":\"Rodoaed\"},\"image\":{\"@id\":\"https:\\\/\\\/rodoaed.ee\\\/#\\\/schema\\\/logo\\\/image\\\/\"},\"sameAs\":[\"https:\\\/\\\/www.facebook.com\\\/kasvuhooned\\\/\",\"https:\\\/\\\/rodoaed.ee\"]}]}<\/script>\n<!-- \/ Yoast SEO Premium plugin. -->","yoast_head_json":{"title":"Retiisin siemenet it\u00e4mist\u00e4 varten - Rodoaed","description":"Kasvien kasvuastia. S\u00e4ili\u00f6n alla on kastelus\u00e4ili\u00f6, josta kasvit voivat ime\u00e4 juurineen sopivan m\u00e4\u00e4r\u00e4n vett\u00e4.","robots":{"index":"index","follow":"follow","max-snippet":"max-snippet:-1","max-image-preview":"max-image-preview:large","max-video-preview":"max-video-preview:-1"},"canonical":"https:\/\/rodoaed.ee\/fi\/tuote\/retiisin-siemenet-itamista-varten\/","og_locale":"fi_FI","og_type":"article","og_title":"Retiisin siemenet it\u00e4mist\u00e4 varten","og_description":"Retiisin siemenet it\u00e4mist\u00e4 varten Id\u00e4tt\u00e4minen Redis - Id\u00e4tetyt siemenet ovat eritt\u00e4in arvokasta ja terveellist\u00e4 ruokaa. It\u00e4neet siemenet tuottavat","og_url":"https:\/\/rodoaed.ee\/fi\/tuote\/retiisin-siemenet-itamista-varten\/","og_site_name":"Rodoaed","article_publisher":"https:\/\/www.facebook.com\/kasvuhooned\/","article_modified_time":"2026-04-17T07:18:01+00:00","og_image":[{"width":400,"height":775,"url":"https:\/\/rodoaed.ee\/wp-content\/uploads\/2025\/01\/Idandamine_idandid_5907617301023.jpg","type":"image\/jpeg"}],"twitter_card":"summary_large_image","schema":{"@context":"https:\/\/schema.org","@graph":[{"@type":"WebPage","@id":"https:\/\/rodoaed.ee\/fi\/tuote\/retiisin-siemenet-itamista-varten\/","url":"https:\/\/rodoaed.ee\/fi\/tuote\/retiisin-siemenet-itamista-varten\/","name":"Retiisin siemenet it\u00e4mist\u00e4 varten - Rodoaed","isPartOf":{"@id":"https:\/\/rodoaed.ee\/#website"},"primaryImageOfPage":{"@id":"https:\/\/rodoaed.ee\/fi\/tuote\/retiisin-siemenet-itamista-varten\/#primaryimage"},"image":{"@id":"https:\/\/rodoaed.ee\/fi\/tuote\/retiisin-siemenet-itamista-varten\/#primaryimage"},"thumbnailUrl":"https:\/\/rodoaed.ee\/wp-content\/uploads\/2025\/01\/Idandamine_idandid_5907617301023.jpg","datePublished":"2025-01-31T15:49:38+00:00","dateModified":"2026-04-17T07:18:01+00:00","description":"Kasvien kasvuastia. S\u00e4ili\u00f6n alla on kastelus\u00e4ili\u00f6, josta kasvit voivat ime\u00e4 juurineen sopivan m\u00e4\u00e4r\u00e4n vett\u00e4.","breadcrumb":{"@id":"https:\/\/rodoaed.ee\/fi\/tuote\/retiisin-siemenet-itamista-varten\/#breadcrumb"},"inLanguage":"fi","potentialAction":[{"@type":"ReadAction","target":["https:\/\/rodoaed.ee\/fi\/tuote\/retiisin-siemenet-itamista-varten\/"]}]},{"@type":"ImageObject","inLanguage":"fi","@id":"https:\/\/rodoaed.ee\/fi\/tuote\/retiisin-siemenet-itamista-varten\/#primaryimage","url":"https:\/\/rodoaed.ee\/wp-content\/uploads\/2025\/01\/Idandamine_idandid_5907617301023.jpg","contentUrl":"https:\/\/rodoaed.ee\/wp-content\/uploads\/2025\/01\/Idandamine_idandid_5907617301023.jpg","width":400,"height":775},{"@type":"BreadcrumbList","@id":"https:\/\/rodoaed.ee\/fi\/tuote\/retiisin-siemenet-itamista-varten\/#breadcrumb","itemListElement":[{"@type":"ListItem","position":1,"name":"Home","item":"https:\/\/rodoaed.ee\/fi\/"},{"@type":"ListItem","position":2,"name":"Osta osoitteessa","item":"https:\/\/rodoaed.ee\/osta-osoitteessa\/"},{"@type":"ListItem","position":3,"name":"Retiisin siemenet it\u00e4mist\u00e4 varten"}]},{"@type":"WebSite","@id":"https:\/\/rodoaed.ee\/#website","url":"https:\/\/rodoaed.ee\/","name":"Rodoaed","description":"","publisher":{"@id":"https:\/\/rodoaed.ee\/#organization"},"potentialAction":[{"@type":"SearchAction","target":{"@type":"EntryPoint","urlTemplate":"https:\/\/rodoaed.ee\/?s={search_term_string}"},"query-input":{"@type":"PropertyValueSpecification","valueRequired":true,"valueName":"search_term_string"}}],"inLanguage":"fi"},{"@type":"Organization","@id":"https:\/\/rodoaed.ee\/#organization","name":"Rodoaed","url":"https:\/\/rodoaed.ee\/","logo":{"@type":"ImageObject","inLanguage":"fi","@id":"https:\/\/rodoaed.ee\/#\/schema\/logo\/image\/","url":"https:\/\/rodoaed.ee\/wp-content\/uploads\/2019\/11\/rodoaed-logo-ilma-taustata.jpg","contentUrl":"https:\/\/rodoaed.ee\/wp-content\/uploads\/2019\/11\/rodoaed-logo-ilma-taustata.jpg","width":769,"height":268,"caption":"Rodoaed"},"image":{"@id":"https:\/\/rodoaed.ee\/#\/schema\/logo\/image\/"},"sameAs":["https:\/\/www.facebook.com\/kasvuhooned\/","https:\/\/rodoaed.ee"]}]}},"_links":{"self":[{"href":"https:\/\/rodoaed.ee\/fi\/wp-json\/wp\/v2\/product\/53075","targetHints":{"allow":["GET"]}}],"collection":[{"href":"https:\/\/rodoaed.ee\/fi\/wp-json\/wp\/v2\/product"}],"about":[{"href":"https:\/\/rodoaed.ee\/fi\/wp-json\/wp\/v2\/types\/product"}],"wp:featuredmedia":[{"embeddable":true,"href":"https:\/\/rodoaed.ee\/fi\/wp-json\/wp\/v2\/media\/49572"}],"wp:attachment":[{"href":"https:\/\/rodoaed.ee\/fi\/wp-json\/wp\/v2\/media?parent=53075"}],"wp:term":[{"taxonomy":"product_brand","embeddable":true,"href":"https:\/\/rodoaed.ee\/fi\/wp-json\/wp\/v2\/product_brand?post=53075"},{"taxonomy":"product_cat","embeddable":true,"href":"https:\/\/rodoaed.ee\/fi\/wp-json\/wp\/v2\/product_cat?post=53075"},{"taxonomy":"product_tag","embeddable":true,"href":"https:\/\/rodoaed.ee\/fi\/wp-json\/wp\/v2\/product_tag?post=53075"}],"curies":[{"name":"wp","href":"https:\/\/api.w.org\/{rel}","templated":true}]}}