{"id":53079,"date":"2025-01-31T20:50:26","date_gmt":"2025-01-31T18:50:26","guid":{"rendered":"https:\/\/rodoaed.ee\/toode\/tomaatti-betalux-matalakasvuinen-hyvin-aikaisin-avautuva-tomaatti-hedelmat-70g\/"},"modified":"2026-04-17T10:14:47","modified_gmt":"2026-04-17T07:14:47","slug":"tomaatti-betalux-matalakasvuinen-hyvin-aikaisin-avautuva-tomaatti-hedelmat-70g","status":"publish","type":"product","link":"https:\/\/rodoaed.ee\/fi\/tuote\/tomaatti-betalux-matalakasvuinen-hyvin-aikaisin-avautuva-tomaatti-hedelmat-70g\/","title":{"rendered":"Tomaatti Betalux &#8211; matalakasvuinen, hyvin aikaisin avautuva tomaatti, hedelm\u00e4t 70g."},"content":{"rendered":"<h2>Matalakasvuinen, hyvin aikaisin avautuva tomaatti.<\/h2>\n<p>Solanum lycopersicum L.<\/p>\n<p>Tomaatti Betalux on hyvin aikainen ja matalakasvuinen lajike. Ensimm\u00e4inen sato korjataan 96-100 p\u00e4iv\u00e4n kuluttua it\u00e4misest\u00e4. Hedelm\u00e4t ovat v\u00e4rilt\u00e4\u00e4n punaisia, pieni\u00e4 ja painavat noin 65-70 g. Kasvatetaan <strong>avomaalla.<\/strong> Optimaalinen it\u00e4misl\u00e4mp\u00f6tila on +20-25 C. Paras kasvul\u00e4mp\u00f6tila on +22-24 C.    <\/p>\n<p>1 g per pakkaus tai noin 200-300 siement\u00e4<\/p>\n<p>&nbsp;<\/p>\n<p><a href=\"https:\/\/rodoaed.ee\/fi\/\">kotisivu<\/a> <a href=\"https:\/\/rodoaed.ee\/tootekategooria\/aed-ja-hoov\/\">k\u00e4ynnist\u00e4<\/a>  <a href=\"https:\/\/rodoaed.ee\/tootekategooria\/aed-ja-hoov\/seemned\/\">siemenet<\/a><\/p>\n<p>&nbsp;<\/p>\n","protected":false},"excerpt":{"rendered":"<p>Matalakasvuinen, hyvin aikaisin avautuva tomaatti. Solanum lycopersicum L. Tomaatti Betalux on hyvin aikainen ja matalakasvuinen lajike. Ensimm\u00e4inen sato korjataan 96-100 p\u00e4iv\u00e4n kuluttua it\u00e4misest\u00e4. Hedelm\u00e4t ovat v\u00e4rilt\u00e4\u00e4n punaisia, pieni\u00e4 ja painavat noin 65-70 g. Kasvatetaan avomaalla. Optimaalinen it\u00e4misl\u00e4mp\u00f6tila on +20-25 C. Paras kasvul\u00e4mp\u00f6tila on +22-24 C. 1 g per pakkaus tai noin 200-300 siement\u00e4 &nbsp; kotisivu k\u00e4ynnist\u00e4 siemenet &nbsp;<\/p>\n","protected":false},"featured_media":49628,"template":"","meta":{"_acf_changed":false},"product_brand":[],"product_cat":[1752,1753,1893],"product_tag":[],"class_list":{"0":"post-53079","1":"product","2":"type-product","3":"status-publish","4":"has-post-thumbnail","6":"product_cat-puutarha-ja-piha","7":"product_cat-siemenet","8":"product_cat-tomaatin-siemenet","9":"product_shipping_class-toimitus-1-3-tyopaivan-kuluessa","10":"pa_variatsioon-suuri-blumatin-automaattinen-kastelujarjestelma-jossa-on-40-anturia-ja-vesihanaliitanta","12":"first","13":"instock","14":"taxable","15":"shipping-taxable","16":"purchasable","17":"product-type-simple"},"acf":[],"yoast_head":"<!-- This site is optimized with the Yoast SEO Premium plugin v27.3 (Yoast SEO v27.3) - https:\/\/yoast.com\/product\/yoast-seo-premium-wordpress\/ -->\n<title>Tomaatti Betalux - matalakasvuinen, hyvin aikaisin avautuva tomaatti, hedelm\u00e4t 70g. - Rodoaed<\/title>\n<meta name=\"description\" content=\"Vihannesten siemeni\u00e4 Euroopan ja Viron parhailta tuottajilta. Kasvihuoneeseen ja avomaalle soveltuvat j\u00e4lkitestatut siemenet.\" \/>\n<meta name=\"robots\" content=\"index, follow, max-snippet:-1, max-image-preview:large, max-video-preview:-1\" \/>\n<link rel=\"canonical\" href=\"https:\/\/rodoaed.ee\/fi\/tuote\/tomaatti-betalux-matalakasvuinen-hyvin-aikaisin-avautuva-tomaatti-hedelmat-70g\/\" \/>\n<meta property=\"og:locale\" content=\"fi_FI\" \/>\n<meta property=\"og:type\" content=\"article\" \/>\n<meta property=\"og:title\" content=\"Tomaatti Betalux - matalakasvuinen, hyvin aikaisin avautuva tomaatti, hedelm\u00e4t 70g.\" \/>\n<meta property=\"og:description\" content=\"Matalakasvuinen, hyvin aikaisin avautuva tomaatti. Solanum lycopersicum L. Tomaatti Betalux on hyvin aikainen ja matalakasvuinen lajike. Ensimm\u00e4inen sato\" \/>\n<meta property=\"og:url\" content=\"https:\/\/rodoaed.ee\/fi\/tuote\/tomaatti-betalux-matalakasvuinen-hyvin-aikaisin-avautuva-tomaatti-hedelmat-70g\/\" \/>\n<meta property=\"og:site_name\" content=\"Rodoaed\" \/>\n<meta property=\"article:publisher\" content=\"https:\/\/www.facebook.com\/kasvuhooned\/\" \/>\n<meta property=\"article:modified_time\" content=\"2026-04-17T07:14:47+00:00\" \/>\n<meta name=\"twitter:card\" content=\"summary_large_image\" \/>\n<meta name=\"twitter:image\" content=\"https:\/\/rodoaed.ee\/wp-content\/uploads\/2025\/01\/tomati-seemned_4743153004971.jpg\" \/>\n<script type=\"application\/ld+json\" class=\"yoast-schema-graph\">{\"@context\":\"https:\\\/\\\/schema.org\",\"@graph\":[{\"@type\":\"WebPage\",\"@id\":\"https:\\\/\\\/rodoaed.ee\\\/fi\\\/tuote\\\/tomaatti-betalux-matalakasvuinen-hyvin-aikaisin-avautuva-tomaatti-hedelmat-70g\\\/\",\"url\":\"https:\\\/\\\/rodoaed.ee\\\/fi\\\/tuote\\\/tomaatti-betalux-matalakasvuinen-hyvin-aikaisin-avautuva-tomaatti-hedelmat-70g\\\/\",\"name\":\"Tomaatti Betalux - matalakasvuinen, hyvin aikaisin avautuva tomaatti, hedelm\u00e4t 70g. - Rodoaed\",\"isPartOf\":{\"@id\":\"https:\\\/\\\/rodoaed.ee\\\/#website\"},\"primaryImageOfPage\":{\"@id\":\"https:\\\/\\\/rodoaed.ee\\\/fi\\\/tuote\\\/tomaatti-betalux-matalakasvuinen-hyvin-aikaisin-avautuva-tomaatti-hedelmat-70g\\\/#primaryimage\"},\"image\":{\"@id\":\"https:\\\/\\\/rodoaed.ee\\\/fi\\\/tuote\\\/tomaatti-betalux-matalakasvuinen-hyvin-aikaisin-avautuva-tomaatti-hedelmat-70g\\\/#primaryimage\"},\"thumbnailUrl\":\"https:\\\/\\\/rodoaed.ee\\\/wp-content\\\/uploads\\\/2025\\\/01\\\/tomati-seemned_4743153004971.jpg\",\"datePublished\":\"2025-01-31T18:50:26+00:00\",\"dateModified\":\"2026-04-17T07:14:47+00:00\",\"description\":\"Vihannesten siemeni\u00e4 Euroopan ja Viron parhailta tuottajilta. Kasvihuoneeseen ja avomaalle soveltuvat j\u00e4lkitestatut siemenet.\",\"breadcrumb\":{\"@id\":\"https:\\\/\\\/rodoaed.ee\\\/fi\\\/tuote\\\/tomaatti-betalux-matalakasvuinen-hyvin-aikaisin-avautuva-tomaatti-hedelmat-70g\\\/#breadcrumb\"},\"inLanguage\":\"fi\",\"potentialAction\":[{\"@type\":\"ReadAction\",\"target\":[\"https:\\\/\\\/rodoaed.ee\\\/fi\\\/tuote\\\/tomaatti-betalux-matalakasvuinen-hyvin-aikaisin-avautuva-tomaatti-hedelmat-70g\\\/\"]}]},{\"@type\":\"ImageObject\",\"inLanguage\":\"fi\",\"@id\":\"https:\\\/\\\/rodoaed.ee\\\/fi\\\/tuote\\\/tomaatti-betalux-matalakasvuinen-hyvin-aikaisin-avautuva-tomaatti-hedelmat-70g\\\/#primaryimage\",\"url\":\"https:\\\/\\\/rodoaed.ee\\\/wp-content\\\/uploads\\\/2025\\\/01\\\/tomati-seemned_4743153004971.jpg\",\"contentUrl\":\"https:\\\/\\\/rodoaed.ee\\\/wp-content\\\/uploads\\\/2025\\\/01\\\/tomati-seemned_4743153004971.jpg\",\"width\":945,\"height\":1654},{\"@type\":\"BreadcrumbList\",\"@id\":\"https:\\\/\\\/rodoaed.ee\\\/fi\\\/tuote\\\/tomaatti-betalux-matalakasvuinen-hyvin-aikaisin-avautuva-tomaatti-hedelmat-70g\\\/#breadcrumb\",\"itemListElement\":[{\"@type\":\"ListItem\",\"position\":1,\"name\":\"Home\",\"item\":\"https:\\\/\\\/rodoaed.ee\\\/fi\\\/\"},{\"@type\":\"ListItem\",\"position\":2,\"name\":\"Osta osoitteessa\",\"item\":\"https:\\\/\\\/rodoaed.ee\\\/osta-osoitteessa\\\/\"},{\"@type\":\"ListItem\",\"position\":3,\"name\":\"Tomaatti Betalux &#8211; matalakasvuinen, hyvin aikaisin avautuva tomaatti, hedelm\u00e4t 70g.\"}]},{\"@type\":\"WebSite\",\"@id\":\"https:\\\/\\\/rodoaed.ee\\\/#website\",\"url\":\"https:\\\/\\\/rodoaed.ee\\\/\",\"name\":\"Rodoaed\",\"description\":\"\",\"publisher\":{\"@id\":\"https:\\\/\\\/rodoaed.ee\\\/#organization\"},\"potentialAction\":[{\"@type\":\"SearchAction\",\"target\":{\"@type\":\"EntryPoint\",\"urlTemplate\":\"https:\\\/\\\/rodoaed.ee\\\/?s={search_term_string}\"},\"query-input\":{\"@type\":\"PropertyValueSpecification\",\"valueRequired\":true,\"valueName\":\"search_term_string\"}}],\"inLanguage\":\"fi\"},{\"@type\":\"Organization\",\"@id\":\"https:\\\/\\\/rodoaed.ee\\\/#organization\",\"name\":\"Rodoaed\",\"url\":\"https:\\\/\\\/rodoaed.ee\\\/\",\"logo\":{\"@type\":\"ImageObject\",\"inLanguage\":\"fi\",\"@id\":\"https:\\\/\\\/rodoaed.ee\\\/#\\\/schema\\\/logo\\\/image\\\/\",\"url\":\"https:\\\/\\\/rodoaed.ee\\\/wp-content\\\/uploads\\\/2019\\\/11\\\/rodoaed-logo-ilma-taustata.jpg\",\"contentUrl\":\"https:\\\/\\\/rodoaed.ee\\\/wp-content\\\/uploads\\\/2019\\\/11\\\/rodoaed-logo-ilma-taustata.jpg\",\"width\":769,\"height\":268,\"caption\":\"Rodoaed\"},\"image\":{\"@id\":\"https:\\\/\\\/rodoaed.ee\\\/#\\\/schema\\\/logo\\\/image\\\/\"},\"sameAs\":[\"https:\\\/\\\/www.facebook.com\\\/kasvuhooned\\\/\",\"https:\\\/\\\/rodoaed.ee\"]}]}<\/script>\n<!-- \/ Yoast SEO Premium plugin. -->","yoast_head_json":{"title":"Tomaatti Betalux - matalakasvuinen, hyvin aikaisin avautuva tomaatti, hedelm\u00e4t 70g. - Rodoaed","description":"Vihannesten siemeni\u00e4 Euroopan ja Viron parhailta tuottajilta. Kasvihuoneeseen ja avomaalle soveltuvat j\u00e4lkitestatut siemenet.","robots":{"index":"index","follow":"follow","max-snippet":"max-snippet:-1","max-image-preview":"max-image-preview:large","max-video-preview":"max-video-preview:-1"},"canonical":"https:\/\/rodoaed.ee\/fi\/tuote\/tomaatti-betalux-matalakasvuinen-hyvin-aikaisin-avautuva-tomaatti-hedelmat-70g\/","og_locale":"fi_FI","og_type":"article","og_title":"Tomaatti Betalux - matalakasvuinen, hyvin aikaisin avautuva tomaatti, hedelm\u00e4t 70g.","og_description":"Matalakasvuinen, hyvin aikaisin avautuva tomaatti. Solanum lycopersicum L. Tomaatti Betalux on hyvin aikainen ja matalakasvuinen lajike. Ensimm\u00e4inen sato","og_url":"https:\/\/rodoaed.ee\/fi\/tuote\/tomaatti-betalux-matalakasvuinen-hyvin-aikaisin-avautuva-tomaatti-hedelmat-70g\/","og_site_name":"Rodoaed","article_publisher":"https:\/\/www.facebook.com\/kasvuhooned\/","article_modified_time":"2026-04-17T07:14:47+00:00","twitter_card":"summary_large_image","twitter_image":"https:\/\/rodoaed.ee\/wp-content\/uploads\/2025\/01\/tomati-seemned_4743153004971.jpg","schema":{"@context":"https:\/\/schema.org","@graph":[{"@type":"WebPage","@id":"https:\/\/rodoaed.ee\/fi\/tuote\/tomaatti-betalux-matalakasvuinen-hyvin-aikaisin-avautuva-tomaatti-hedelmat-70g\/","url":"https:\/\/rodoaed.ee\/fi\/tuote\/tomaatti-betalux-matalakasvuinen-hyvin-aikaisin-avautuva-tomaatti-hedelmat-70g\/","name":"Tomaatti Betalux - matalakasvuinen, hyvin aikaisin avautuva tomaatti, hedelm\u00e4t 70g. - Rodoaed","isPartOf":{"@id":"https:\/\/rodoaed.ee\/#website"},"primaryImageOfPage":{"@id":"https:\/\/rodoaed.ee\/fi\/tuote\/tomaatti-betalux-matalakasvuinen-hyvin-aikaisin-avautuva-tomaatti-hedelmat-70g\/#primaryimage"},"image":{"@id":"https:\/\/rodoaed.ee\/fi\/tuote\/tomaatti-betalux-matalakasvuinen-hyvin-aikaisin-avautuva-tomaatti-hedelmat-70g\/#primaryimage"},"thumbnailUrl":"https:\/\/rodoaed.ee\/wp-content\/uploads\/2025\/01\/tomati-seemned_4743153004971.jpg","datePublished":"2025-01-31T18:50:26+00:00","dateModified":"2026-04-17T07:14:47+00:00","description":"Vihannesten siemeni\u00e4 Euroopan ja Viron parhailta tuottajilta. Kasvihuoneeseen ja avomaalle soveltuvat j\u00e4lkitestatut siemenet.","breadcrumb":{"@id":"https:\/\/rodoaed.ee\/fi\/tuote\/tomaatti-betalux-matalakasvuinen-hyvin-aikaisin-avautuva-tomaatti-hedelmat-70g\/#breadcrumb"},"inLanguage":"fi","potentialAction":[{"@type":"ReadAction","target":["https:\/\/rodoaed.ee\/fi\/tuote\/tomaatti-betalux-matalakasvuinen-hyvin-aikaisin-avautuva-tomaatti-hedelmat-70g\/"]}]},{"@type":"ImageObject","inLanguage":"fi","@id":"https:\/\/rodoaed.ee\/fi\/tuote\/tomaatti-betalux-matalakasvuinen-hyvin-aikaisin-avautuva-tomaatti-hedelmat-70g\/#primaryimage","url":"https:\/\/rodoaed.ee\/wp-content\/uploads\/2025\/01\/tomati-seemned_4743153004971.jpg","contentUrl":"https:\/\/rodoaed.ee\/wp-content\/uploads\/2025\/01\/tomati-seemned_4743153004971.jpg","width":945,"height":1654},{"@type":"BreadcrumbList","@id":"https:\/\/rodoaed.ee\/fi\/tuote\/tomaatti-betalux-matalakasvuinen-hyvin-aikaisin-avautuva-tomaatti-hedelmat-70g\/#breadcrumb","itemListElement":[{"@type":"ListItem","position":1,"name":"Home","item":"https:\/\/rodoaed.ee\/fi\/"},{"@type":"ListItem","position":2,"name":"Osta osoitteessa","item":"https:\/\/rodoaed.ee\/osta-osoitteessa\/"},{"@type":"ListItem","position":3,"name":"Tomaatti Betalux &#8211; matalakasvuinen, hyvin aikaisin avautuva tomaatti, hedelm\u00e4t 70g."}]},{"@type":"WebSite","@id":"https:\/\/rodoaed.ee\/#website","url":"https:\/\/rodoaed.ee\/","name":"Rodoaed","description":"","publisher":{"@id":"https:\/\/rodoaed.ee\/#organization"},"potentialAction":[{"@type":"SearchAction","target":{"@type":"EntryPoint","urlTemplate":"https:\/\/rodoaed.ee\/?s={search_term_string}"},"query-input":{"@type":"PropertyValueSpecification","valueRequired":true,"valueName":"search_term_string"}}],"inLanguage":"fi"},{"@type":"Organization","@id":"https:\/\/rodoaed.ee\/#organization","name":"Rodoaed","url":"https:\/\/rodoaed.ee\/","logo":{"@type":"ImageObject","inLanguage":"fi","@id":"https:\/\/rodoaed.ee\/#\/schema\/logo\/image\/","url":"https:\/\/rodoaed.ee\/wp-content\/uploads\/2019\/11\/rodoaed-logo-ilma-taustata.jpg","contentUrl":"https:\/\/rodoaed.ee\/wp-content\/uploads\/2019\/11\/rodoaed-logo-ilma-taustata.jpg","width":769,"height":268,"caption":"Rodoaed"},"image":{"@id":"https:\/\/rodoaed.ee\/#\/schema\/logo\/image\/"},"sameAs":["https:\/\/www.facebook.com\/kasvuhooned\/","https:\/\/rodoaed.ee"]}]}},"_links":{"self":[{"href":"https:\/\/rodoaed.ee\/fi\/wp-json\/wp\/v2\/product\/53079","targetHints":{"allow":["GET"]}}],"collection":[{"href":"https:\/\/rodoaed.ee\/fi\/wp-json\/wp\/v2\/product"}],"about":[{"href":"https:\/\/rodoaed.ee\/fi\/wp-json\/wp\/v2\/types\/product"}],"wp:featuredmedia":[{"embeddable":true,"href":"https:\/\/rodoaed.ee\/fi\/wp-json\/wp\/v2\/media\/49628"}],"wp:attachment":[{"href":"https:\/\/rodoaed.ee\/fi\/wp-json\/wp\/v2\/media?parent=53079"}],"wp:term":[{"taxonomy":"product_brand","embeddable":true,"href":"https:\/\/rodoaed.ee\/fi\/wp-json\/wp\/v2\/product_brand?post=53079"},{"taxonomy":"product_cat","embeddable":true,"href":"https:\/\/rodoaed.ee\/fi\/wp-json\/wp\/v2\/product_cat?post=53079"},{"taxonomy":"product_tag","embeddable":true,"href":"https:\/\/rodoaed.ee\/fi\/wp-json\/wp\/v2\/product_tag?post=53079"}],"curies":[{"name":"wp","href":"https:\/\/api.w.org\/{rel}","templated":true}]}}