{"id":53085,"date":"2025-01-31T20:14:43","date_gmt":"2025-01-31T18:14:43","guid":{"rendered":"https:\/\/rodoaed.ee\/toode\/tomaatti-ananas-pitka-aikainen-hedelma-115g\/"},"modified":"2026-04-17T10:17:57","modified_gmt":"2026-04-17T07:17:57","slug":"tomaatti-ananas-pitka-aikainen-hedelma-115g","status":"publish","type":"product","link":"https:\/\/rodoaed.ee\/fi\/tuote\/tomaatti-ananas-pitka-aikainen-hedelma-115g\/","title":{"rendered":"Tomaatti Ananas &#8211; pitk\u00e4, aikainen, hedelm\u00e4 115g"},"content":{"rendered":"<h2>Pitk\u00e4, varhainen<\/h2>\n<p>Lycopersicon esculentum<\/p>\n<p>Tomaatti Pineapple on keskenkasvuinen, korkeakasvuinen lajike, jonka hedelm\u00e4t painavat 110-115 grammaa.<\/p>\n<p>T\u00e4m\u00e4n lajikkeen tomaatit sopivat niille, jotka pit\u00e4v\u00e4t makeanmakeista hedelmist\u00e4. Ne sopivat salaatteihin ja s\u00e4ilykkeisiin. Siemenet kylvet\u00e4\u00e4n maaliskuussa. Jotta siemenet it\u00e4v\u00e4t nopeammin ja tasaisemmin, siemenet on peitett\u00e4v\u00e4 lasi- tai muovikalvolla. Istuta kasvit kasvihuoneeseen pakkasten menty\u00e4 ohi. Tomaatit eiv\u00e4t ole vaativia maaper\u00e4n suhteen, ja ne kasvavat parhaiten hiekkaisessa savimaassa.     <\/p>\n<p>&nbsp;<\/p>\n<p><a href=\"https:\/\/rodoaed.ee\/fi\/\">kotisivu<\/a> <a href=\"https:\/\/rodoaed.ee\/tootekategooria\/aed-ja-hoov\/\">k\u00e4ynnist\u00e4<\/a>  <a href=\"https:\/\/rodoaed.ee\/tootekategooria\/aed-ja-hoov\/seemned\/\">siemenet<\/a><\/p>\n<p>&nbsp;<\/p>\n","protected":false},"excerpt":{"rendered":"<p>Pitk\u00e4, varhainen Lycopersicon esculentum Tomaatti Pineapple on keskenkasvuinen, korkeakasvuinen lajike, jonka hedelm\u00e4t painavat 110-115 grammaa. T\u00e4m\u00e4n lajikkeen tomaatit sopivat niille, jotka pit\u00e4v\u00e4t makeanmakeista hedelmist\u00e4. Ne sopivat salaatteihin ja s\u00e4ilykkeisiin. Siemenet kylvet\u00e4\u00e4n maaliskuussa. Jotta siemenet it\u00e4v\u00e4t nopeammin ja tasaisemmin, siemenet on peitett\u00e4v\u00e4 lasi- tai muovikalvolla. Istuta kasvit kasvihuoneeseen pakkasten menty\u00e4 ohi. Tomaatit eiv\u00e4t ole vaativia maaper\u00e4n suhteen, ja ne kasvavat parhaiten hiekkaisessa savimaassa. &nbsp; kotisivu k\u00e4ynnist\u00e4&#8230;<\/p>\n","protected":false},"featured_media":49624,"template":"","meta":{"_acf_changed":false},"product_brand":[],"product_cat":[1752,1753,1893],"product_tag":[],"class_list":{"0":"post-53085","1":"product","2":"type-product","3":"status-publish","4":"has-post-thumbnail","6":"product_cat-puutarha-ja-piha","7":"product_cat-siemenet","8":"product_cat-tomaatin-siemenet","9":"product_shipping_class-toimitus-1-3-tyopaivan-kuluessa","10":"pa_variatsioon-suuri-blumatin-automaattinen-kastelujarjestelma-jossa-on-40-anturia-ja-vesihanaliitanta","12":"first","13":"instock","14":"taxable","15":"shipping-taxable","16":"purchasable","17":"product-type-simple"},"acf":[],"yoast_head":"<!-- This site is optimized with the Yoast SEO Premium plugin v27.3 (Yoast SEO v27.3) - https:\/\/yoast.com\/product\/yoast-seo-premium-wordpress\/ -->\n<title>Tomaatti Ananas - pitk\u00e4, aikainen, hedelm\u00e4 115g - Rodoaed<\/title>\n<meta name=\"description\" content=\"Vihannesten siemeni\u00e4 Euroopan ja Viron parhailta tuottajilta. Kasvihuoneeseen ja avomaalle soveltuvat j\u00e4lkitestatut siemenet.\" \/>\n<meta name=\"robots\" content=\"index, follow, max-snippet:-1, max-image-preview:large, max-video-preview:-1\" \/>\n<link rel=\"canonical\" href=\"https:\/\/rodoaed.ee\/fi\/tuote\/tomaatti-ananas-pitka-aikainen-hedelma-115g\/\" \/>\n<meta property=\"og:locale\" content=\"fi_FI\" \/>\n<meta property=\"og:type\" content=\"article\" \/>\n<meta property=\"og:title\" content=\"Tomaatti Ananas - pitk\u00e4, aikainen, hedelm\u00e4 115g\" \/>\n<meta property=\"og:description\" content=\"Pitk\u00e4, varhainen Lycopersicon esculentum Tomaatti Pineapple on keskenkasvuinen, korkeakasvuinen lajike, jonka hedelm\u00e4t painavat 110-115 grammaa. T\u00e4m\u00e4n\" \/>\n<meta property=\"og:url\" content=\"https:\/\/rodoaed.ee\/fi\/tuote\/tomaatti-ananas-pitka-aikainen-hedelma-115g\/\" \/>\n<meta property=\"og:site_name\" content=\"Rodoaed\" \/>\n<meta property=\"article:publisher\" content=\"https:\/\/www.facebook.com\/kasvuhooned\/\" \/>\n<meta property=\"article:modified_time\" content=\"2026-04-17T07:17:57+00:00\" \/>\n<meta property=\"og:image\" content=\"https:\/\/rodoaed.ee\/wp-content\/uploads\/2025\/01\/tomati-seemned_4770168129863.jpg\" \/>\n\t<meta property=\"og:image:width\" content=\"398\" \/>\n\t<meta property=\"og:image:height\" content=\"425\" \/>\n\t<meta property=\"og:image:type\" content=\"image\/jpeg\" \/>\n<meta name=\"twitter:card\" content=\"summary_large_image\" \/>\n<script type=\"application\/ld+json\" class=\"yoast-schema-graph\">{\"@context\":\"https:\\\/\\\/schema.org\",\"@graph\":[{\"@type\":\"WebPage\",\"@id\":\"https:\\\/\\\/rodoaed.ee\\\/fi\\\/tuote\\\/tomaatti-ananas-pitka-aikainen-hedelma-115g\\\/\",\"url\":\"https:\\\/\\\/rodoaed.ee\\\/fi\\\/tuote\\\/tomaatti-ananas-pitka-aikainen-hedelma-115g\\\/\",\"name\":\"Tomaatti Ananas - pitk\u00e4, aikainen, hedelm\u00e4 115g - Rodoaed\",\"isPartOf\":{\"@id\":\"https:\\\/\\\/rodoaed.ee\\\/#website\"},\"primaryImageOfPage\":{\"@id\":\"https:\\\/\\\/rodoaed.ee\\\/fi\\\/tuote\\\/tomaatti-ananas-pitka-aikainen-hedelma-115g\\\/#primaryimage\"},\"image\":{\"@id\":\"https:\\\/\\\/rodoaed.ee\\\/fi\\\/tuote\\\/tomaatti-ananas-pitka-aikainen-hedelma-115g\\\/#primaryimage\"},\"thumbnailUrl\":\"https:\\\/\\\/rodoaed.ee\\\/wp-content\\\/uploads\\\/2025\\\/01\\\/tomati-seemned_4770168129863.jpg\",\"datePublished\":\"2025-01-31T18:14:43+00:00\",\"dateModified\":\"2026-04-17T07:17:57+00:00\",\"description\":\"Vihannesten siemeni\u00e4 Euroopan ja Viron parhailta tuottajilta. Kasvihuoneeseen ja avomaalle soveltuvat j\u00e4lkitestatut siemenet.\",\"breadcrumb\":{\"@id\":\"https:\\\/\\\/rodoaed.ee\\\/fi\\\/tuote\\\/tomaatti-ananas-pitka-aikainen-hedelma-115g\\\/#breadcrumb\"},\"inLanguage\":\"fi\",\"potentialAction\":[{\"@type\":\"ReadAction\",\"target\":[\"https:\\\/\\\/rodoaed.ee\\\/fi\\\/tuote\\\/tomaatti-ananas-pitka-aikainen-hedelma-115g\\\/\"]}]},{\"@type\":\"ImageObject\",\"inLanguage\":\"fi\",\"@id\":\"https:\\\/\\\/rodoaed.ee\\\/fi\\\/tuote\\\/tomaatti-ananas-pitka-aikainen-hedelma-115g\\\/#primaryimage\",\"url\":\"https:\\\/\\\/rodoaed.ee\\\/wp-content\\\/uploads\\\/2025\\\/01\\\/tomati-seemned_4770168129863.jpg\",\"contentUrl\":\"https:\\\/\\\/rodoaed.ee\\\/wp-content\\\/uploads\\\/2025\\\/01\\\/tomati-seemned_4770168129863.jpg\",\"width\":398,\"height\":425},{\"@type\":\"BreadcrumbList\",\"@id\":\"https:\\\/\\\/rodoaed.ee\\\/fi\\\/tuote\\\/tomaatti-ananas-pitka-aikainen-hedelma-115g\\\/#breadcrumb\",\"itemListElement\":[{\"@type\":\"ListItem\",\"position\":1,\"name\":\"Home\",\"item\":\"https:\\\/\\\/rodoaed.ee\\\/fi\\\/\"},{\"@type\":\"ListItem\",\"position\":2,\"name\":\"Osta osoitteessa\",\"item\":\"https:\\\/\\\/rodoaed.ee\\\/osta-osoitteessa\\\/\"},{\"@type\":\"ListItem\",\"position\":3,\"name\":\"Tomaatti Ananas &#8211; pitk\u00e4, aikainen, hedelm\u00e4 115g\"}]},{\"@type\":\"WebSite\",\"@id\":\"https:\\\/\\\/rodoaed.ee\\\/#website\",\"url\":\"https:\\\/\\\/rodoaed.ee\\\/\",\"name\":\"Rodoaed\",\"description\":\"\",\"publisher\":{\"@id\":\"https:\\\/\\\/rodoaed.ee\\\/#organization\"},\"potentialAction\":[{\"@type\":\"SearchAction\",\"target\":{\"@type\":\"EntryPoint\",\"urlTemplate\":\"https:\\\/\\\/rodoaed.ee\\\/?s={search_term_string}\"},\"query-input\":{\"@type\":\"PropertyValueSpecification\",\"valueRequired\":true,\"valueName\":\"search_term_string\"}}],\"inLanguage\":\"fi\"},{\"@type\":\"Organization\",\"@id\":\"https:\\\/\\\/rodoaed.ee\\\/#organization\",\"name\":\"Rodoaed\",\"url\":\"https:\\\/\\\/rodoaed.ee\\\/\",\"logo\":{\"@type\":\"ImageObject\",\"inLanguage\":\"fi\",\"@id\":\"https:\\\/\\\/rodoaed.ee\\\/#\\\/schema\\\/logo\\\/image\\\/\",\"url\":\"https:\\\/\\\/rodoaed.ee\\\/wp-content\\\/uploads\\\/2019\\\/11\\\/rodoaed-logo-ilma-taustata.jpg\",\"contentUrl\":\"https:\\\/\\\/rodoaed.ee\\\/wp-content\\\/uploads\\\/2019\\\/11\\\/rodoaed-logo-ilma-taustata.jpg\",\"width\":769,\"height\":268,\"caption\":\"Rodoaed\"},\"image\":{\"@id\":\"https:\\\/\\\/rodoaed.ee\\\/#\\\/schema\\\/logo\\\/image\\\/\"},\"sameAs\":[\"https:\\\/\\\/www.facebook.com\\\/kasvuhooned\\\/\",\"https:\\\/\\\/rodoaed.ee\"]}]}<\/script>\n<!-- \/ Yoast SEO Premium plugin. -->","yoast_head_json":{"title":"Tomaatti Ananas - pitk\u00e4, aikainen, hedelm\u00e4 115g - Rodoaed","description":"Vihannesten siemeni\u00e4 Euroopan ja Viron parhailta tuottajilta. Kasvihuoneeseen ja avomaalle soveltuvat j\u00e4lkitestatut siemenet.","robots":{"index":"index","follow":"follow","max-snippet":"max-snippet:-1","max-image-preview":"max-image-preview:large","max-video-preview":"max-video-preview:-1"},"canonical":"https:\/\/rodoaed.ee\/fi\/tuote\/tomaatti-ananas-pitka-aikainen-hedelma-115g\/","og_locale":"fi_FI","og_type":"article","og_title":"Tomaatti Ananas - pitk\u00e4, aikainen, hedelm\u00e4 115g","og_description":"Pitk\u00e4, varhainen Lycopersicon esculentum Tomaatti Pineapple on keskenkasvuinen, korkeakasvuinen lajike, jonka hedelm\u00e4t painavat 110-115 grammaa. T\u00e4m\u00e4n","og_url":"https:\/\/rodoaed.ee\/fi\/tuote\/tomaatti-ananas-pitka-aikainen-hedelma-115g\/","og_site_name":"Rodoaed","article_publisher":"https:\/\/www.facebook.com\/kasvuhooned\/","article_modified_time":"2026-04-17T07:17:57+00:00","og_image":[{"width":398,"height":425,"url":"https:\/\/rodoaed.ee\/wp-content\/uploads\/2025\/01\/tomati-seemned_4770168129863.jpg","type":"image\/jpeg"}],"twitter_card":"summary_large_image","schema":{"@context":"https:\/\/schema.org","@graph":[{"@type":"WebPage","@id":"https:\/\/rodoaed.ee\/fi\/tuote\/tomaatti-ananas-pitka-aikainen-hedelma-115g\/","url":"https:\/\/rodoaed.ee\/fi\/tuote\/tomaatti-ananas-pitka-aikainen-hedelma-115g\/","name":"Tomaatti Ananas - pitk\u00e4, aikainen, hedelm\u00e4 115g - Rodoaed","isPartOf":{"@id":"https:\/\/rodoaed.ee\/#website"},"primaryImageOfPage":{"@id":"https:\/\/rodoaed.ee\/fi\/tuote\/tomaatti-ananas-pitka-aikainen-hedelma-115g\/#primaryimage"},"image":{"@id":"https:\/\/rodoaed.ee\/fi\/tuote\/tomaatti-ananas-pitka-aikainen-hedelma-115g\/#primaryimage"},"thumbnailUrl":"https:\/\/rodoaed.ee\/wp-content\/uploads\/2025\/01\/tomati-seemned_4770168129863.jpg","datePublished":"2025-01-31T18:14:43+00:00","dateModified":"2026-04-17T07:17:57+00:00","description":"Vihannesten siemeni\u00e4 Euroopan ja Viron parhailta tuottajilta. Kasvihuoneeseen ja avomaalle soveltuvat j\u00e4lkitestatut siemenet.","breadcrumb":{"@id":"https:\/\/rodoaed.ee\/fi\/tuote\/tomaatti-ananas-pitka-aikainen-hedelma-115g\/#breadcrumb"},"inLanguage":"fi","potentialAction":[{"@type":"ReadAction","target":["https:\/\/rodoaed.ee\/fi\/tuote\/tomaatti-ananas-pitka-aikainen-hedelma-115g\/"]}]},{"@type":"ImageObject","inLanguage":"fi","@id":"https:\/\/rodoaed.ee\/fi\/tuote\/tomaatti-ananas-pitka-aikainen-hedelma-115g\/#primaryimage","url":"https:\/\/rodoaed.ee\/wp-content\/uploads\/2025\/01\/tomati-seemned_4770168129863.jpg","contentUrl":"https:\/\/rodoaed.ee\/wp-content\/uploads\/2025\/01\/tomati-seemned_4770168129863.jpg","width":398,"height":425},{"@type":"BreadcrumbList","@id":"https:\/\/rodoaed.ee\/fi\/tuote\/tomaatti-ananas-pitka-aikainen-hedelma-115g\/#breadcrumb","itemListElement":[{"@type":"ListItem","position":1,"name":"Home","item":"https:\/\/rodoaed.ee\/fi\/"},{"@type":"ListItem","position":2,"name":"Osta osoitteessa","item":"https:\/\/rodoaed.ee\/osta-osoitteessa\/"},{"@type":"ListItem","position":3,"name":"Tomaatti Ananas &#8211; pitk\u00e4, aikainen, hedelm\u00e4 115g"}]},{"@type":"WebSite","@id":"https:\/\/rodoaed.ee\/#website","url":"https:\/\/rodoaed.ee\/","name":"Rodoaed","description":"","publisher":{"@id":"https:\/\/rodoaed.ee\/#organization"},"potentialAction":[{"@type":"SearchAction","target":{"@type":"EntryPoint","urlTemplate":"https:\/\/rodoaed.ee\/?s={search_term_string}"},"query-input":{"@type":"PropertyValueSpecification","valueRequired":true,"valueName":"search_term_string"}}],"inLanguage":"fi"},{"@type":"Organization","@id":"https:\/\/rodoaed.ee\/#organization","name":"Rodoaed","url":"https:\/\/rodoaed.ee\/","logo":{"@type":"ImageObject","inLanguage":"fi","@id":"https:\/\/rodoaed.ee\/#\/schema\/logo\/image\/","url":"https:\/\/rodoaed.ee\/wp-content\/uploads\/2019\/11\/rodoaed-logo-ilma-taustata.jpg","contentUrl":"https:\/\/rodoaed.ee\/wp-content\/uploads\/2019\/11\/rodoaed-logo-ilma-taustata.jpg","width":769,"height":268,"caption":"Rodoaed"},"image":{"@id":"https:\/\/rodoaed.ee\/#\/schema\/logo\/image\/"},"sameAs":["https:\/\/www.facebook.com\/kasvuhooned\/","https:\/\/rodoaed.ee"]}]}},"_links":{"self":[{"href":"https:\/\/rodoaed.ee\/fi\/wp-json\/wp\/v2\/product\/53085","targetHints":{"allow":["GET"]}}],"collection":[{"href":"https:\/\/rodoaed.ee\/fi\/wp-json\/wp\/v2\/product"}],"about":[{"href":"https:\/\/rodoaed.ee\/fi\/wp-json\/wp\/v2\/types\/product"}],"wp:featuredmedia":[{"embeddable":true,"href":"https:\/\/rodoaed.ee\/fi\/wp-json\/wp\/v2\/media\/49624"}],"wp:attachment":[{"href":"https:\/\/rodoaed.ee\/fi\/wp-json\/wp\/v2\/media?parent=53085"}],"wp:term":[{"taxonomy":"product_brand","embeddable":true,"href":"https:\/\/rodoaed.ee\/fi\/wp-json\/wp\/v2\/product_brand?post=53085"},{"taxonomy":"product_cat","embeddable":true,"href":"https:\/\/rodoaed.ee\/fi\/wp-json\/wp\/v2\/product_cat?post=53085"},{"taxonomy":"product_tag","embeddable":true,"href":"https:\/\/rodoaed.ee\/fi\/wp-json\/wp\/v2\/product_tag?post=53085"}],"curies":[{"name":"wp","href":"https:\/\/api.w.org\/{rel}","templated":true}]}}