{"id":53090,"date":"2019-08-02T12:57:47","date_gmt":"2019-08-02T09:57:47","guid":{"rendered":"https:\/\/rodoaed.ee\/toode\/mudelrong-my-world-airport-express-kiitoradan-aloitussarja\/"},"modified":"2026-04-13T10:59:58","modified_gmt":"2026-04-13T07:59:58","slug":"mudelrong-my-world-airport-express-kiitoradan-aloitussarja","status":"publish","type":"product","link":"https:\/\/rodoaed.ee\/fi\/tuote\/mudelrong-my-world-airport-express-kiitoradan-aloitussarja\/","title":{"rendered":"Mudelrong My World- &#8221;Airport Express&#8221; kiitoradan aloitussarja"},"content":{"rendered":"<h2>Mallijuna on loistava lelu \u00e4lykkyyden kehitt\u00e4miseen 3-vuotiaasta alkaen. <\/h2>\n<p>Kaksiosainen &#8221;Airport Express&#8221; -mallijunasarja ja rakennuspalikat pylv\u00e4iden varassa kulkevan rautatien rakentamista varten. Loistava aloitussarja mallijunamaailmaan. K\u00e4yt\u00e4 laajennussarjana Airport-rakennussarjaa.  <\/p>\n<p><strong>Malli:<\/strong> Mallijunassa on paristok\u00e4ytt\u00f6inen moottori, ja vaunut on yhdistetty toisiinsa magneettikytkimill\u00e4. Juna toimii s\u00e4hk\u00f6moottorilla ja siin\u00e4 on magneettikytkimet. Esimerkiksi katto ja sis\u00e4tilat voidaan avata. Kaikki s\u00e4hk\u00f6iset osat, kuten moottori ja elektroniikka, ovat turvallisesti piilossa lapsilta.   <\/p>\n<p>Junassa on 3 eteenp\u00e4in- ja peruutusnopeustilaa, 3 \u00e4\u00e4nitoimintoa ja kaksinkertaiset ajovalot. Junaa ohjataan M\u00e4rklinin infrapunakaukos\u00e4\u00e4timell\u00e4. Ohjauspaneeli on suunniteltu lapsen k\u00e4teen sopivaksi. Sis\u00e4lt\u00e4\u00e4 pylv\u00e4iden varassa seisovia korotettuja rautatielohkoja. Junan pituus on 32,6 cm.    <\/p>\n<p><strong>Setti sis\u00e4lt\u00e4\u00e4: <\/strong>Setti sis\u00e4lt\u00e4\u00e4: 12 osaa kaarevaa muovirataa, 6 osaa suoraa muovirataa (188 mm), 6 osaa suoraa muovirataa (172 mm), 72 rakennuspalikkaa korotettuja ratapylv\u00e4it\u00e4 varten ja 14 sovitinrakennuspalikkaa radan kiinnitt\u00e4mist\u00e4 varten. Rataosat ja palikat on valmistettu tukevasta muovista, joka sopii juuri lapsille. Rataosissa on v\u00e4rillinen tunniste, joka helpottaa radan asettelua. Mukana on helppok\u00e4ytt\u00f6inen langaton M\u00e4rklin Power Control Stick -ohjaustikku. Latauskaapeli ja 2 AAA-paristoa sis\u00e4ltyv\u00e4t t\u00e4h\u00e4n sarjaan. Junaa voidaan k\u00e4ytt\u00e4\u00e4 kahdella eri taajuudella, jolloin t\u00e4ll\u00e4 setill\u00e4 voidaan k\u00e4ytt\u00e4\u00e4 samanaikaisesti toista paristok\u00e4ytt\u00f6ist\u00e4 junaa. T\u00e4t\u00e4 sarjaa voidaan laajentaa 23302-korotetun rautatien muoviradan jatkosarjalla.      <\/p>\n<p>23302 Elevated Railroad Plastic Track Extension Set on ihanteellinen laajennussarja aloitussarjalle. My\u00f6s 72216 Lentokentt\u00e4rakennus, jossa on mahdollinen raideliit\u00e4nt\u00e4 M\u00e4rklin my world Elevated Railroadille, sopii ihanteellisesti Elevated Railroadiin. Lentokentt\u00e4rakennus mahdollistaa samalla monia muita leikkimismahdollisuuksia lentokentt\u00e4teeman ymp\u00e4rill\u00e4.  <\/p>\n<h2><strong style=\"font-family: inherit; font-size: inherit; font-style: inherit; font-variant-caps: inherit;\">T\u00e4rkeimm\u00e4t ominaisuudet<\/strong><\/h2>\n<ul>\n<li>Lasten on helppo ohjata k\u00e4tev\u00e4n kaukos\u00e4\u00e4timen ansiosta.<\/li>\n<li>Juna on patareitoitelulla.<\/li>\n<li>Vahva ja kest\u00e4v\u00e4 rakenne, joka soveltuu taaperoiden leikkityyleihin.<\/li>\n<li>Helppo koota ja purkaa<\/li>\n<li>Irrotettava katto ja monia muita yll\u00e4tyksi\u00e4<\/li>\n<li>Eritt\u00e4in realistinen ja luonnollinen muotoilu<\/li>\n<li>Erilaiset valo- ja \u00e4\u00e4nitehosteet<\/li>\n<\/ul>\n<p><a href=\"https:\/\/rodoaed.ee\/fi\/tootekategooria\/harrastukset-ja-lelut\/mallijunat\/\">aloita<\/a><\/p>\n","protected":false},"excerpt":{"rendered":"<p>Mallijuna on loistava lelu \u00e4lykkyyden kehitt\u00e4miseen 3-vuotiaasta alkaen. Kaksiosainen &#8221;Airport Express&#8221; -mallijunasarja ja rakennuspalikat pylv\u00e4iden varassa kulkevan rautatien rakentamista varten. Loistava aloitussarja mallijunamaailmaan. K\u00e4yt\u00e4 laajennussarjana Airport-rakennussarjaa. Malli: Mallijunassa on paristok\u00e4ytt\u00f6inen moottori, ja vaunut on yhdistetty toisiinsa magneettikytkimill\u00e4. Juna toimii s\u00e4hk\u00f6moottorilla ja siin\u00e4 on magneettikytkimet. Esimerkiksi katto ja sis\u00e4tilat voidaan avata. Kaikki s\u00e4hk\u00f6iset osat, kuten moottori ja elektroniikka, ovat turvallisesti piilossa lapsilta. Junassa on 3 eteenp\u00e4in-&#8230;<\/p>\n","protected":false},"featured_media":17046,"template":"","meta":{"_acf_changed":false},"product_brand":[],"product_cat":[1763,1743,1764,2003],"product_tag":[],"class_list":{"0":"post-53090","1":"product","2":"type-product","3":"status-publish","4":"has-post-thumbnail","6":"product_cat-harrastukset-ja-lelut","7":"product_cat-lisalahjat-lahjat","8":"product_cat-mallijunat","9":"product_cat-my-world-mallijunat-yli-3-vuotiaille","10":"product_shipping_class-toimitus-1-3-tyopaivan-kuluessa","11":"pa_variatsioon-my-world-airport-express-kiitotien-aloitussarja","13":"first","14":"outofstock","15":"sale","16":"taxable","17":"shipping-taxable","18":"purchasable","19":"product-type-simple"},"acf":[],"yoast_head":"<!-- This site is optimized with the Yoast SEO Premium plugin v27.3 (Yoast SEO v27.3) - https:\/\/yoast.com\/product\/yoast-seo-premium-wordpress\/ -->\n<title>Mudelrong My World- &quot;Airport Express&quot; kiitoradan aloitussarja - Rodoaed<\/title>\n<meta name=\"robots\" content=\"index, follow, max-snippet:-1, max-image-preview:large, max-video-preview:-1\" \/>\n<link rel=\"canonical\" href=\"https:\/\/rodoaed.ee\/fi\/toode\/mudelrong-my-world-airport-express-kiitoradan-aloitussarja\/\" \/>\n<meta property=\"og:locale\" content=\"fi_FI\" \/>\n<meta property=\"og:type\" content=\"article\" \/>\n<meta property=\"og:title\" content=\"Mudelrong My World- &quot;Airport Express&quot; kiitoradan aloitussarja\" \/>\n<meta property=\"og:description\" content=\"Mallijuna on loistava lelu \u00e4lykkyyden kehitt\u00e4miseen 3-vuotiaasta alkaen. Kaksiosainen &quot;Airport Express&quot; -mallijunasarja ja rakennuspalikat pylv\u00e4iden\" \/>\n<meta property=\"og:url\" content=\"https:\/\/rodoaed.ee\/fi\/toode\/mudelrong-my-world-airport-express-kiitoradan-aloitussarja\/\" \/>\n<meta property=\"og:site_name\" content=\"Rodoaed\" \/>\n<meta property=\"article:publisher\" content=\"https:\/\/www.facebook.com\/kasvuhooned\/\" \/>\n<meta property=\"article:modified_time\" content=\"2026-04-13T07:59:58+00:00\" \/>\n<meta property=\"og:image\" content=\"https:\/\/rodoaed.ee\/wp-content\/uploads\/2019\/07\/my-world-airport-express-korgtee-stardikomplekt.jpg\" \/>\n\t<meta property=\"og:image:width\" content=\"1500\" \/>\n\t<meta property=\"og:image:height\" content=\"1069\" \/>\n\t<meta property=\"og:image:type\" content=\"image\/jpeg\" \/>\n<meta name=\"twitter:card\" content=\"summary_large_image\" \/>\n<meta name=\"twitter:label1\" content=\"Arvioitu lukuaika\" \/>\n\t<meta name=\"twitter:data1\" content=\"1 minuutti\" \/>\n<script type=\"application\/ld+json\" class=\"yoast-schema-graph\">{\"@context\":\"https:\\\/\\\/schema.org\",\"@graph\":[{\"@type\":\"WebPage\",\"@id\":\"https:\\\/\\\/rodoaed.ee\\\/fi\\\/toode\\\/mudelrong-my-world-airport-express-kiitoradan-aloitussarja\\\/\",\"url\":\"https:\\\/\\\/rodoaed.ee\\\/fi\\\/toode\\\/mudelrong-my-world-airport-express-kiitoradan-aloitussarja\\\/\",\"name\":\"Mudelrong My World- \\\"Airport Express\\\" kiitoradan aloitussarja - Rodoaed\",\"isPartOf\":{\"@id\":\"https:\\\/\\\/rodoaed.ee\\\/#website\"},\"primaryImageOfPage\":{\"@id\":\"https:\\\/\\\/rodoaed.ee\\\/fi\\\/toode\\\/mudelrong-my-world-airport-express-kiitoradan-aloitussarja\\\/#primaryimage\"},\"image\":{\"@id\":\"https:\\\/\\\/rodoaed.ee\\\/fi\\\/toode\\\/mudelrong-my-world-airport-express-kiitoradan-aloitussarja\\\/#primaryimage\"},\"thumbnailUrl\":\"https:\\\/\\\/rodoaed.ee\\\/wp-content\\\/uploads\\\/2019\\\/07\\\/my-world-airport-express-korgtee-stardikomplekt.jpg\",\"datePublished\":\"2019-08-02T09:57:47+00:00\",\"dateModified\":\"2026-04-13T07:59:58+00:00\",\"breadcrumb\":{\"@id\":\"https:\\\/\\\/rodoaed.ee\\\/fi\\\/toode\\\/mudelrong-my-world-airport-express-kiitoradan-aloitussarja\\\/#breadcrumb\"},\"inLanguage\":\"fi\",\"potentialAction\":[{\"@type\":\"ReadAction\",\"target\":[\"https:\\\/\\\/rodoaed.ee\\\/fi\\\/toode\\\/mudelrong-my-world-airport-express-kiitoradan-aloitussarja\\\/\"]}]},{\"@type\":\"ImageObject\",\"inLanguage\":\"fi\",\"@id\":\"https:\\\/\\\/rodoaed.ee\\\/fi\\\/toode\\\/mudelrong-my-world-airport-express-kiitoradan-aloitussarja\\\/#primaryimage\",\"url\":\"https:\\\/\\\/rodoaed.ee\\\/wp-content\\\/uploads\\\/2019\\\/07\\\/my-world-airport-express-korgtee-stardikomplekt.jpg\",\"contentUrl\":\"https:\\\/\\\/rodoaed.ee\\\/wp-content\\\/uploads\\\/2019\\\/07\\\/my-world-airport-express-korgtee-stardikomplekt.jpg\",\"width\":1500,\"height\":1069},{\"@type\":\"BreadcrumbList\",\"@id\":\"https:\\\/\\\/rodoaed.ee\\\/fi\\\/toode\\\/mudelrong-my-world-airport-express-kiitoradan-aloitussarja\\\/#breadcrumb\",\"itemListElement\":[{\"@type\":\"ListItem\",\"position\":1,\"name\":\"Home\",\"item\":\"https:\\\/\\\/rodoaed.ee\\\/fi\\\/\"},{\"@type\":\"ListItem\",\"position\":2,\"name\":\"Osta osoitteessa\",\"item\":\"https:\\\/\\\/rodoaed.ee\\\/osta-osoitteessa\\\/\"},{\"@type\":\"ListItem\",\"position\":3,\"name\":\"Mudelrong My World- &#8220;Airport Express&#8221; kiitoradan aloitussarja\"}]},{\"@type\":\"WebSite\",\"@id\":\"https:\\\/\\\/rodoaed.ee\\\/#website\",\"url\":\"https:\\\/\\\/rodoaed.ee\\\/\",\"name\":\"Rodoaed\",\"description\":\"\",\"publisher\":{\"@id\":\"https:\\\/\\\/rodoaed.ee\\\/#organization\"},\"potentialAction\":[{\"@type\":\"SearchAction\",\"target\":{\"@type\":\"EntryPoint\",\"urlTemplate\":\"https:\\\/\\\/rodoaed.ee\\\/?s={search_term_string}\"},\"query-input\":{\"@type\":\"PropertyValueSpecification\",\"valueRequired\":true,\"valueName\":\"search_term_string\"}}],\"inLanguage\":\"fi\"},{\"@type\":\"Organization\",\"@id\":\"https:\\\/\\\/rodoaed.ee\\\/#organization\",\"name\":\"Rodoaed\",\"url\":\"https:\\\/\\\/rodoaed.ee\\\/\",\"logo\":{\"@type\":\"ImageObject\",\"inLanguage\":\"fi\",\"@id\":\"https:\\\/\\\/rodoaed.ee\\\/#\\\/schema\\\/logo\\\/image\\\/\",\"url\":\"https:\\\/\\\/rodoaed.ee\\\/wp-content\\\/uploads\\\/2019\\\/11\\\/rodoaed-logo-ilma-taustata.jpg\",\"contentUrl\":\"https:\\\/\\\/rodoaed.ee\\\/wp-content\\\/uploads\\\/2019\\\/11\\\/rodoaed-logo-ilma-taustata.jpg\",\"width\":769,\"height\":268,\"caption\":\"Rodoaed\"},\"image\":{\"@id\":\"https:\\\/\\\/rodoaed.ee\\\/#\\\/schema\\\/logo\\\/image\\\/\"},\"sameAs\":[\"https:\\\/\\\/www.facebook.com\\\/kasvuhooned\\\/\",\"https:\\\/\\\/rodoaed.ee\"]}]}<\/script>\n<!-- \/ Yoast SEO Premium plugin. -->","yoast_head_json":{"title":"Mudelrong My World- \"Airport Express\" kiitoradan aloitussarja - Rodoaed","robots":{"index":"index","follow":"follow","max-snippet":"max-snippet:-1","max-image-preview":"max-image-preview:large","max-video-preview":"max-video-preview:-1"},"canonical":"https:\/\/rodoaed.ee\/fi\/toode\/mudelrong-my-world-airport-express-kiitoradan-aloitussarja\/","og_locale":"fi_FI","og_type":"article","og_title":"Mudelrong My World- \"Airport Express\" kiitoradan aloitussarja","og_description":"Mallijuna on loistava lelu \u00e4lykkyyden kehitt\u00e4miseen 3-vuotiaasta alkaen. Kaksiosainen \"Airport Express\" -mallijunasarja ja rakennuspalikat pylv\u00e4iden","og_url":"https:\/\/rodoaed.ee\/fi\/toode\/mudelrong-my-world-airport-express-kiitoradan-aloitussarja\/","og_site_name":"Rodoaed","article_publisher":"https:\/\/www.facebook.com\/kasvuhooned\/","article_modified_time":"2026-04-13T07:59:58+00:00","og_image":[{"width":1500,"height":1069,"url":"https:\/\/rodoaed.ee\/wp-content\/uploads\/2019\/07\/my-world-airport-express-korgtee-stardikomplekt.jpg","type":"image\/jpeg"}],"twitter_card":"summary_large_image","twitter_misc":{"Arvioitu lukuaika":"1 minuutti"},"schema":{"@context":"https:\/\/schema.org","@graph":[{"@type":"WebPage","@id":"https:\/\/rodoaed.ee\/fi\/toode\/mudelrong-my-world-airport-express-kiitoradan-aloitussarja\/","url":"https:\/\/rodoaed.ee\/fi\/toode\/mudelrong-my-world-airport-express-kiitoradan-aloitussarja\/","name":"Mudelrong My World- \"Airport Express\" kiitoradan aloitussarja - Rodoaed","isPartOf":{"@id":"https:\/\/rodoaed.ee\/#website"},"primaryImageOfPage":{"@id":"https:\/\/rodoaed.ee\/fi\/toode\/mudelrong-my-world-airport-express-kiitoradan-aloitussarja\/#primaryimage"},"image":{"@id":"https:\/\/rodoaed.ee\/fi\/toode\/mudelrong-my-world-airport-express-kiitoradan-aloitussarja\/#primaryimage"},"thumbnailUrl":"https:\/\/rodoaed.ee\/wp-content\/uploads\/2019\/07\/my-world-airport-express-korgtee-stardikomplekt.jpg","datePublished":"2019-08-02T09:57:47+00:00","dateModified":"2026-04-13T07:59:58+00:00","breadcrumb":{"@id":"https:\/\/rodoaed.ee\/fi\/toode\/mudelrong-my-world-airport-express-kiitoradan-aloitussarja\/#breadcrumb"},"inLanguage":"fi","potentialAction":[{"@type":"ReadAction","target":["https:\/\/rodoaed.ee\/fi\/toode\/mudelrong-my-world-airport-express-kiitoradan-aloitussarja\/"]}]},{"@type":"ImageObject","inLanguage":"fi","@id":"https:\/\/rodoaed.ee\/fi\/toode\/mudelrong-my-world-airport-express-kiitoradan-aloitussarja\/#primaryimage","url":"https:\/\/rodoaed.ee\/wp-content\/uploads\/2019\/07\/my-world-airport-express-korgtee-stardikomplekt.jpg","contentUrl":"https:\/\/rodoaed.ee\/wp-content\/uploads\/2019\/07\/my-world-airport-express-korgtee-stardikomplekt.jpg","width":1500,"height":1069},{"@type":"BreadcrumbList","@id":"https:\/\/rodoaed.ee\/fi\/toode\/mudelrong-my-world-airport-express-kiitoradan-aloitussarja\/#breadcrumb","itemListElement":[{"@type":"ListItem","position":1,"name":"Home","item":"https:\/\/rodoaed.ee\/fi\/"},{"@type":"ListItem","position":2,"name":"Osta osoitteessa","item":"https:\/\/rodoaed.ee\/osta-osoitteessa\/"},{"@type":"ListItem","position":3,"name":"Mudelrong My World- &#8220;Airport Express&#8221; kiitoradan aloitussarja"}]},{"@type":"WebSite","@id":"https:\/\/rodoaed.ee\/#website","url":"https:\/\/rodoaed.ee\/","name":"Rodoaed","description":"","publisher":{"@id":"https:\/\/rodoaed.ee\/#organization"},"potentialAction":[{"@type":"SearchAction","target":{"@type":"EntryPoint","urlTemplate":"https:\/\/rodoaed.ee\/?s={search_term_string}"},"query-input":{"@type":"PropertyValueSpecification","valueRequired":true,"valueName":"search_term_string"}}],"inLanguage":"fi"},{"@type":"Organization","@id":"https:\/\/rodoaed.ee\/#organization","name":"Rodoaed","url":"https:\/\/rodoaed.ee\/","logo":{"@type":"ImageObject","inLanguage":"fi","@id":"https:\/\/rodoaed.ee\/#\/schema\/logo\/image\/","url":"https:\/\/rodoaed.ee\/wp-content\/uploads\/2019\/11\/rodoaed-logo-ilma-taustata.jpg","contentUrl":"https:\/\/rodoaed.ee\/wp-content\/uploads\/2019\/11\/rodoaed-logo-ilma-taustata.jpg","width":769,"height":268,"caption":"Rodoaed"},"image":{"@id":"https:\/\/rodoaed.ee\/#\/schema\/logo\/image\/"},"sameAs":["https:\/\/www.facebook.com\/kasvuhooned\/","https:\/\/rodoaed.ee"]}]}},"_links":{"self":[{"href":"https:\/\/rodoaed.ee\/fi\/wp-json\/wp\/v2\/product\/53090","targetHints":{"allow":["GET"]}}],"collection":[{"href":"https:\/\/rodoaed.ee\/fi\/wp-json\/wp\/v2\/product"}],"about":[{"href":"https:\/\/rodoaed.ee\/fi\/wp-json\/wp\/v2\/types\/product"}],"wp:featuredmedia":[{"embeddable":true,"href":"https:\/\/rodoaed.ee\/fi\/wp-json\/wp\/v2\/media\/17046"}],"wp:attachment":[{"href":"https:\/\/rodoaed.ee\/fi\/wp-json\/wp\/v2\/media?parent=53090"}],"wp:term":[{"taxonomy":"product_brand","embeddable":true,"href":"https:\/\/rodoaed.ee\/fi\/wp-json\/wp\/v2\/product_brand?post=53090"},{"taxonomy":"product_cat","embeddable":true,"href":"https:\/\/rodoaed.ee\/fi\/wp-json\/wp\/v2\/product_cat?post=53090"},{"taxonomy":"product_tag","embeddable":true,"href":"https:\/\/rodoaed.ee\/fi\/wp-json\/wp\/v2\/product_tag?post=53090"}],"curies":[{"name":"wp","href":"https:\/\/api.w.org\/{rel}","templated":true}]}}