{"id":53091,"date":"2019-08-02T12:57:18","date_gmt":"2019-08-02T09:57:18","guid":{"rendered":"https:\/\/rodoaed.ee\/toode\/premium-maapahkinat-1-kgn-pussissa\/"},"modified":"2026-04-13T10:59:58","modified_gmt":"2026-04-13T07:59:58","slug":"premium-maapahkinat-1-kgn-pussissa","status":"publish","type":"product","link":"https:\/\/rodoaed.ee\/fi\/tuote\/premium-maapahkinat-1-kgn-pussissa\/","title":{"rendered":"Premium maap\u00e4hkin\u00e4t 1 kg:n pussissa"},"content":{"rendered":"<h2>Premium-luokan maap\u00e4hkin\u00e4t k\u00e4tev\u00e4ss\u00e4 1 kg:n pussissa.<\/h2>\n<p>Kuorettomat maap\u00e4hkin\u00e4t ovat aina olleet useimpien puutarhalintujen suuri suosikki.<\/p>\n<p>Maap\u00e4hkin\u00f6iden sy\u00f6tt\u00e4minen on helppo tapa tarjota linnuille ravinteikasta ateriaa, joka j\u00e4tt\u00e4\u00e4 hyvin v\u00e4h\u00e4n roskia. Kuoritut maap\u00e4hkin\u00e4t ovat puukiipij\u00f6iden, kanalintujen ja kaikkien lintujen sek\u00e4 pensaskuoriaisten suosimaa ravintoa. <\/p>\n<p><strong>Huomaa, ett\u00e4 lintujen lis\u00e4ksi my\u00f6s monet el\u00e4imet rakastavat p\u00e4hkin\u00f6it\u00e4.<\/strong>  Oravien lis\u00e4ksi p\u00e4hkin\u00e4t houkuttelevat my\u00f6s siilej\u00e4, jotka sy\u00f6v\u00e4t p\u00e4hkin\u00f6it\u00e4 suurella mielihyv\u00e4ll\u00e4 ja muistavat heti paikan. Jos l\u00e4hell\u00e4 on mets\u00e4\u00e4, ketut ja m\u00e4yr\u00e4t voidaan kouluttaa sy\u00f6m\u00e4\u00e4n p\u00e4hkin\u00f6it\u00e4. <\/p>\n<p>&nbsp;<\/p>\n<p><strong>P\u00e4hkin\u00e4nsy\u00f6j\u00e4t:<\/strong><\/p>\n<p><strong>Linnut<\/strong>: kaikki hylkeet, niittylinnut, lehtokerttuset, pelto- ja talitiaiset, mets\u00e4kirviset, talitiaiset, harmaasieppo, tiainen, tiainen, siritt\u00e4j\u00e4, haapana, varis, harakka, kultarinta.<\/p>\n<p><strong>El\u00e4imet<\/strong>: oravat, siilit, m\u00e4yr\u00e4koirat, ketut.<\/p>\n<p>Ihanteellinen ymp\u00e4rivuotiseen k\u00e4ytt\u00f6\u00f6n<\/p>\n<p>Ihanteellinen k\u00e4ytett\u00e4v\u00e4ksi kaikentyyppisiss\u00e4 verkkoruokintalaitteissa sek\u00e4 tavanomaisissa ruokaloissa ja maaruokintalaitteissa.<\/p>\n<p><strong>Paino: <\/strong>1,0kg<\/p>\n<p>&nbsp;<\/p>\n","protected":false},"excerpt":{"rendered":"<p>Premium-luokan maap\u00e4hkin\u00e4t k\u00e4tev\u00e4ss\u00e4 1 kg:n pussissa. Kuorettomat maap\u00e4hkin\u00e4t ovat aina olleet useimpien puutarhalintujen suuri suosikki. Maap\u00e4hkin\u00f6iden sy\u00f6tt\u00e4minen on helppo tapa tarjota linnuille ravinteikasta ateriaa, joka j\u00e4tt\u00e4\u00e4 hyvin v\u00e4h\u00e4n roskia. Kuoritut maap\u00e4hkin\u00e4t ovat puukiipij\u00f6iden, kanalintujen ja kaikkien lintujen sek\u00e4 pensaskuoriaisten suosimaa ravintoa. Huomaa, ett\u00e4 lintujen lis\u00e4ksi my\u00f6s monet el\u00e4imet rakastavat p\u00e4hkin\u00f6it\u00e4. Oravien lis\u00e4ksi p\u00e4hkin\u00e4t houkuttelevat my\u00f6s siilej\u00e4, jotka sy\u00f6v\u00e4t p\u00e4hkin\u00f6it\u00e4 suurella mielihyv\u00e4ll\u00e4 ja muistavat heti paikan&#8230;.<\/p>\n","protected":false},"featured_media":27325,"template":"","meta":{"_acf_changed":false},"product_brand":[],"product_cat":[1767,1845,1844],"product_tag":[],"class_list":{"0":"post-53091","1":"product","2":"type-product","3":"status-publish","4":"has-post-thumbnail","6":"product_cat-linnaillalliset-ja-linnan-ravintolat","7":"product_cat-orava-ravintolat","8":"product_cat-siemenseokset-linnuille","9":"product_shipping_class-toimitus-1-3-tyopaivan-kuluessa","10":"pa_variatsioon-premium-maapahkinat-1kg-per-pussi","12":"first","13":"instock","14":"sale","15":"taxable","16":"shipping-taxable","17":"purchasable","18":"product-type-simple"},"acf":[],"yoast_head":"<!-- This site is optimized with the Yoast SEO Premium plugin v27.3 (Yoast SEO v27.3) - https:\/\/yoast.com\/product\/yoast-seo-premium-wordpress\/ -->\n<title>Premium maap\u00e4hkin\u00e4t 1 kg:n pussissa - Rodoaed<\/title>\n<meta name=\"robots\" content=\"index, follow, max-snippet:-1, max-image-preview:large, max-video-preview:-1\" \/>\n<link rel=\"canonical\" href=\"https:\/\/rodoaed.ee\/fi\/toode\/premium-maapahkinat-1-kgn-pussissa\/\" \/>\n<meta property=\"og:locale\" content=\"fi_FI\" \/>\n<meta property=\"og:type\" content=\"article\" \/>\n<meta property=\"og:title\" content=\"Premium maap\u00e4hkin\u00e4t 1 kg:n pussissa\" \/>\n<meta property=\"og:description\" content=\"Premium-luokan maap\u00e4hkin\u00e4t k\u00e4tev\u00e4ss\u00e4 1 kg:n pussissa. Kuorettomat maap\u00e4hkin\u00e4t ovat aina olleet useimpien puutarhalintujen suuri suosikki. Maap\u00e4hkin\u00f6iden\" \/>\n<meta property=\"og:url\" content=\"https:\/\/rodoaed.ee\/fi\/toode\/premium-maapahkinat-1-kgn-pussissa\/\" \/>\n<meta property=\"og:site_name\" content=\"Rodoaed\" \/>\n<meta property=\"article:publisher\" content=\"https:\/\/www.facebook.com\/kasvuhooned\/\" \/>\n<meta property=\"article:modified_time\" content=\"2026-04-13T07:59:58+00:00\" \/>\n<meta property=\"og:image\" content=\"https:\/\/rodoaed.ee\/wp-content\/uploads\/2019\/08\/maap\u00e4hkild-lindudele.jpg\" \/>\n\t<meta property=\"og:image:width\" content=\"640\" \/>\n\t<meta property=\"og:image:height\" content=\"800\" \/>\n\t<meta property=\"og:image:type\" content=\"image\/jpeg\" \/>\n<meta name=\"twitter:card\" content=\"summary_large_image\" \/>\n<meta name=\"twitter:label1\" content=\"Arvioitu lukuaika\" \/>\n\t<meta name=\"twitter:data1\" content=\"1 minuutti\" \/>\n<script type=\"application\/ld+json\" class=\"yoast-schema-graph\">{\"@context\":\"https:\\\/\\\/schema.org\",\"@graph\":[{\"@type\":\"WebPage\",\"@id\":\"https:\\\/\\\/rodoaed.ee\\\/fi\\\/toode\\\/premium-maapahkinat-1-kgn-pussissa\\\/\",\"url\":\"https:\\\/\\\/rodoaed.ee\\\/fi\\\/toode\\\/premium-maapahkinat-1-kgn-pussissa\\\/\",\"name\":\"Premium maap\u00e4hkin\u00e4t 1 kg:n pussissa - Rodoaed\",\"isPartOf\":{\"@id\":\"https:\\\/\\\/rodoaed.ee\\\/#website\"},\"primaryImageOfPage\":{\"@id\":\"https:\\\/\\\/rodoaed.ee\\\/fi\\\/toode\\\/premium-maapahkinat-1-kgn-pussissa\\\/#primaryimage\"},\"image\":{\"@id\":\"https:\\\/\\\/rodoaed.ee\\\/fi\\\/toode\\\/premium-maapahkinat-1-kgn-pussissa\\\/#primaryimage\"},\"thumbnailUrl\":\"https:\\\/\\\/rodoaed.ee\\\/wp-content\\\/uploads\\\/2019\\\/08\\\/maap\u00e4hkild-lindudele.jpg\",\"datePublished\":\"2019-08-02T09:57:18+00:00\",\"dateModified\":\"2026-04-13T07:59:58+00:00\",\"breadcrumb\":{\"@id\":\"https:\\\/\\\/rodoaed.ee\\\/fi\\\/toode\\\/premium-maapahkinat-1-kgn-pussissa\\\/#breadcrumb\"},\"inLanguage\":\"fi\",\"potentialAction\":[{\"@type\":\"ReadAction\",\"target\":[\"https:\\\/\\\/rodoaed.ee\\\/fi\\\/toode\\\/premium-maapahkinat-1-kgn-pussissa\\\/\"]}]},{\"@type\":\"ImageObject\",\"inLanguage\":\"fi\",\"@id\":\"https:\\\/\\\/rodoaed.ee\\\/fi\\\/toode\\\/premium-maapahkinat-1-kgn-pussissa\\\/#primaryimage\",\"url\":\"https:\\\/\\\/rodoaed.ee\\\/wp-content\\\/uploads\\\/2019\\\/08\\\/maap\u00e4hkild-lindudele.jpg\",\"contentUrl\":\"https:\\\/\\\/rodoaed.ee\\\/wp-content\\\/uploads\\\/2019\\\/08\\\/maap\u00e4hkild-lindudele.jpg\",\"width\":640,\"height\":800},{\"@type\":\"BreadcrumbList\",\"@id\":\"https:\\\/\\\/rodoaed.ee\\\/fi\\\/toode\\\/premium-maapahkinat-1-kgn-pussissa\\\/#breadcrumb\",\"itemListElement\":[{\"@type\":\"ListItem\",\"position\":1,\"name\":\"Home\",\"item\":\"https:\\\/\\\/rodoaed.ee\\\/fi\\\/\"},{\"@type\":\"ListItem\",\"position\":2,\"name\":\"Osta osoitteessa\",\"item\":\"https:\\\/\\\/rodoaed.ee\\\/osta-osoitteessa\\\/\"},{\"@type\":\"ListItem\",\"position\":3,\"name\":\"Premium maap\u00e4hkin\u00e4t 1 kg:n pussissa\"}]},{\"@type\":\"WebSite\",\"@id\":\"https:\\\/\\\/rodoaed.ee\\\/#website\",\"url\":\"https:\\\/\\\/rodoaed.ee\\\/\",\"name\":\"Rodoaed\",\"description\":\"\",\"publisher\":{\"@id\":\"https:\\\/\\\/rodoaed.ee\\\/#organization\"},\"potentialAction\":[{\"@type\":\"SearchAction\",\"target\":{\"@type\":\"EntryPoint\",\"urlTemplate\":\"https:\\\/\\\/rodoaed.ee\\\/?s={search_term_string}\"},\"query-input\":{\"@type\":\"PropertyValueSpecification\",\"valueRequired\":true,\"valueName\":\"search_term_string\"}}],\"inLanguage\":\"fi\"},{\"@type\":\"Organization\",\"@id\":\"https:\\\/\\\/rodoaed.ee\\\/#organization\",\"name\":\"Rodoaed\",\"url\":\"https:\\\/\\\/rodoaed.ee\\\/\",\"logo\":{\"@type\":\"ImageObject\",\"inLanguage\":\"fi\",\"@id\":\"https:\\\/\\\/rodoaed.ee\\\/#\\\/schema\\\/logo\\\/image\\\/\",\"url\":\"https:\\\/\\\/rodoaed.ee\\\/wp-content\\\/uploads\\\/2019\\\/11\\\/rodoaed-logo-ilma-taustata.jpg\",\"contentUrl\":\"https:\\\/\\\/rodoaed.ee\\\/wp-content\\\/uploads\\\/2019\\\/11\\\/rodoaed-logo-ilma-taustata.jpg\",\"width\":769,\"height\":268,\"caption\":\"Rodoaed\"},\"image\":{\"@id\":\"https:\\\/\\\/rodoaed.ee\\\/#\\\/schema\\\/logo\\\/image\\\/\"},\"sameAs\":[\"https:\\\/\\\/www.facebook.com\\\/kasvuhooned\\\/\",\"https:\\\/\\\/rodoaed.ee\"]}]}<\/script>\n<!-- \/ Yoast SEO Premium plugin. -->","yoast_head_json":{"title":"Premium maap\u00e4hkin\u00e4t 1 kg:n pussissa - Rodoaed","robots":{"index":"index","follow":"follow","max-snippet":"max-snippet:-1","max-image-preview":"max-image-preview:large","max-video-preview":"max-video-preview:-1"},"canonical":"https:\/\/rodoaed.ee\/fi\/toode\/premium-maapahkinat-1-kgn-pussissa\/","og_locale":"fi_FI","og_type":"article","og_title":"Premium maap\u00e4hkin\u00e4t 1 kg:n pussissa","og_description":"Premium-luokan maap\u00e4hkin\u00e4t k\u00e4tev\u00e4ss\u00e4 1 kg:n pussissa. Kuorettomat maap\u00e4hkin\u00e4t ovat aina olleet useimpien puutarhalintujen suuri suosikki. Maap\u00e4hkin\u00f6iden","og_url":"https:\/\/rodoaed.ee\/fi\/toode\/premium-maapahkinat-1-kgn-pussissa\/","og_site_name":"Rodoaed","article_publisher":"https:\/\/www.facebook.com\/kasvuhooned\/","article_modified_time":"2026-04-13T07:59:58+00:00","og_image":[{"width":640,"height":800,"url":"https:\/\/rodoaed.ee\/wp-content\/uploads\/2019\/08\/maap\u00e4hkild-lindudele.jpg","type":"image\/jpeg"}],"twitter_card":"summary_large_image","twitter_misc":{"Arvioitu lukuaika":"1 minuutti"},"schema":{"@context":"https:\/\/schema.org","@graph":[{"@type":"WebPage","@id":"https:\/\/rodoaed.ee\/fi\/toode\/premium-maapahkinat-1-kgn-pussissa\/","url":"https:\/\/rodoaed.ee\/fi\/toode\/premium-maapahkinat-1-kgn-pussissa\/","name":"Premium maap\u00e4hkin\u00e4t 1 kg:n pussissa - Rodoaed","isPartOf":{"@id":"https:\/\/rodoaed.ee\/#website"},"primaryImageOfPage":{"@id":"https:\/\/rodoaed.ee\/fi\/toode\/premium-maapahkinat-1-kgn-pussissa\/#primaryimage"},"image":{"@id":"https:\/\/rodoaed.ee\/fi\/toode\/premium-maapahkinat-1-kgn-pussissa\/#primaryimage"},"thumbnailUrl":"https:\/\/rodoaed.ee\/wp-content\/uploads\/2019\/08\/maap\u00e4hkild-lindudele.jpg","datePublished":"2019-08-02T09:57:18+00:00","dateModified":"2026-04-13T07:59:58+00:00","breadcrumb":{"@id":"https:\/\/rodoaed.ee\/fi\/toode\/premium-maapahkinat-1-kgn-pussissa\/#breadcrumb"},"inLanguage":"fi","potentialAction":[{"@type":"ReadAction","target":["https:\/\/rodoaed.ee\/fi\/toode\/premium-maapahkinat-1-kgn-pussissa\/"]}]},{"@type":"ImageObject","inLanguage":"fi","@id":"https:\/\/rodoaed.ee\/fi\/toode\/premium-maapahkinat-1-kgn-pussissa\/#primaryimage","url":"https:\/\/rodoaed.ee\/wp-content\/uploads\/2019\/08\/maap\u00e4hkild-lindudele.jpg","contentUrl":"https:\/\/rodoaed.ee\/wp-content\/uploads\/2019\/08\/maap\u00e4hkild-lindudele.jpg","width":640,"height":800},{"@type":"BreadcrumbList","@id":"https:\/\/rodoaed.ee\/fi\/toode\/premium-maapahkinat-1-kgn-pussissa\/#breadcrumb","itemListElement":[{"@type":"ListItem","position":1,"name":"Home","item":"https:\/\/rodoaed.ee\/fi\/"},{"@type":"ListItem","position":2,"name":"Osta osoitteessa","item":"https:\/\/rodoaed.ee\/osta-osoitteessa\/"},{"@type":"ListItem","position":3,"name":"Premium maap\u00e4hkin\u00e4t 1 kg:n pussissa"}]},{"@type":"WebSite","@id":"https:\/\/rodoaed.ee\/#website","url":"https:\/\/rodoaed.ee\/","name":"Rodoaed","description":"","publisher":{"@id":"https:\/\/rodoaed.ee\/#organization"},"potentialAction":[{"@type":"SearchAction","target":{"@type":"EntryPoint","urlTemplate":"https:\/\/rodoaed.ee\/?s={search_term_string}"},"query-input":{"@type":"PropertyValueSpecification","valueRequired":true,"valueName":"search_term_string"}}],"inLanguage":"fi"},{"@type":"Organization","@id":"https:\/\/rodoaed.ee\/#organization","name":"Rodoaed","url":"https:\/\/rodoaed.ee\/","logo":{"@type":"ImageObject","inLanguage":"fi","@id":"https:\/\/rodoaed.ee\/#\/schema\/logo\/image\/","url":"https:\/\/rodoaed.ee\/wp-content\/uploads\/2019\/11\/rodoaed-logo-ilma-taustata.jpg","contentUrl":"https:\/\/rodoaed.ee\/wp-content\/uploads\/2019\/11\/rodoaed-logo-ilma-taustata.jpg","width":769,"height":268,"caption":"Rodoaed"},"image":{"@id":"https:\/\/rodoaed.ee\/#\/schema\/logo\/image\/"},"sameAs":["https:\/\/www.facebook.com\/kasvuhooned\/","https:\/\/rodoaed.ee"]}]}},"_links":{"self":[{"href":"https:\/\/rodoaed.ee\/fi\/wp-json\/wp\/v2\/product\/53091","targetHints":{"allow":["GET"]}}],"collection":[{"href":"https:\/\/rodoaed.ee\/fi\/wp-json\/wp\/v2\/product"}],"about":[{"href":"https:\/\/rodoaed.ee\/fi\/wp-json\/wp\/v2\/types\/product"}],"wp:featuredmedia":[{"embeddable":true,"href":"https:\/\/rodoaed.ee\/fi\/wp-json\/wp\/v2\/media\/27325"}],"wp:attachment":[{"href":"https:\/\/rodoaed.ee\/fi\/wp-json\/wp\/v2\/media?parent=53091"}],"wp:term":[{"taxonomy":"product_brand","embeddable":true,"href":"https:\/\/rodoaed.ee\/fi\/wp-json\/wp\/v2\/product_brand?post=53091"},{"taxonomy":"product_cat","embeddable":true,"href":"https:\/\/rodoaed.ee\/fi\/wp-json\/wp\/v2\/product_cat?post=53091"},{"taxonomy":"product_tag","embeddable":true,"href":"https:\/\/rodoaed.ee\/fi\/wp-json\/wp\/v2\/product_tag?post=53091"}],"curies":[{"name":"wp","href":"https:\/\/api.w.org\/{rel}","templated":true}]}}