{"id":53092,"date":"2019-08-02T12:57:47","date_gmt":"2019-08-02T09:57:47","guid":{"rendered":"https:\/\/rodoaed.ee\/toode\/mudelrong-my-world-lentokenttarakennus-aani-ja-valotehosteineen\/"},"modified":"2026-04-13T10:59:58","modified_gmt":"2026-04-13T07:59:58","slug":"mudelrong-my-world-lentokenttarakennus-aani-ja-valotehosteineen","status":"publish","type":"product","link":"https:\/\/rodoaed.ee\/fi\/tuote\/mudelrong-my-world-lentokenttarakennus-aani-ja-valotehosteineen\/","title":{"rendered":"Mudelrong My World- Lentokentt\u00e4rakennus \u00e4\u00e4ni- ja valotehosteineen"},"content":{"rendered":"<h2>Mallijuna on loistava lelu \u00e4lykkyyden kehitt\u00e4miseen 3-vuotiaasta alkaen. <\/h2>\n<p>Lentokentt\u00e4rakennus \u00e4\u00e4ni- ja valaistustehosteineen. Monia mahdollisuuksia pelata eri muunnelmilla ja eri tasoilla, yhdist\u00e4\u00e4 junaradat jne. Sopii hyvin yhteen &#8221;Airport Express&#8221; -sarjan kanssa. Ik\u00e4 alkaen 3 vuotta.   <\/p>\n<p><strong>Malli: <\/strong>Lentokentt\u00e4rakennus tarjoaa monenlaisia leikkimahdollisuuksia. Rakennuksessa on \u00e4\u00e4ni- ja valoefektej\u00e4. Voidaan liitt\u00e4\u00e4 junarataan eri tavoin. Yksi mahdollisuus on liitt\u00e4\u00e4 junarataan sarjasta &#8221;Airport High Track&#8221;. Sek\u00e4 tason 0 ett\u00e4 tason 1 raiteita voidaan k\u00e4ytt\u00e4\u00e4.    <\/p>\n<p>Tieyhteydet ovat yhteensopivia Majorette Creatix -tiej\u00e4rjestelm\u00e4n kanssa. Koska kaikki liit\u00e4nn\u00e4t ovat vahvoja klikkausliit\u00e4nt\u00f6j\u00e4, se soveltuu leikkiin 3-vuotiaista alkaen. Mukana on ohjeet ja valikoima tarroja. Paristot sis\u00e4ltyv\u00e4t toimitukseen. Rakennus voidaan koota useista osista. Koottuna mitat ovat 81 cm pitk\u00e4, 70 cm leve\u00e4 ja 35 cm korkea.     <\/p>\n<p>Lentokentt\u00e4rakennus on loistava lis\u00e4 29307 &#8221;Airport Express &#8211; Elevated Railroad&#8221; -aloitussarjaan.<\/p>\n<h2><strong style=\"font-family: inherit; font-size: inherit; font-style: inherit; font-variant-caps: inherit;\">T\u00e4rkeimm\u00e4t ominaisuudet<\/strong><\/h2>\n<ul>\n<li>Maksimaalinen hauskuus, helppo napsauttaa yhteen, ik\u00e4kaudelle sopivat osat.<\/li>\n<li>Monitasoinen pelimaailma. Voidaan koota suureksi sarjaksi, kun se yhdistet\u00e4\u00e4n &#8221;Airport Express &#8211; Elevated Railroad&#8221; -sarjan kanssa. <\/li>\n<li>Eri tapoja yhdist\u00e4\u00e4 tasot 0 ja 1.<\/li>\n<li>Paristok\u00e4ytt\u00f6inen, paristot mukana<\/li>\n<li>Vahva ja kest\u00e4v\u00e4 rakenne, joka soveltuu taaperoiden leikkityyleihin.<\/li>\n<li>Helppo koota ja purkaa<\/li>\n<li>Erilaiset valo- ja \u00e4\u00e4nitehosteet<\/li>\n<li>Yhteensopiva Majorette Creatix -autopolkuj\u00e4rjestelm\u00e4n kanssa<\/li>\n<\/ul>\n<p><a href=\"https:\/\/rodoaed.ee\/fi\/tootekategooria\/harrastukset-ja-lelut\/mallijunat\/\">aloita<\/a><\/p>\n","protected":false},"excerpt":{"rendered":"<p>Mallijuna on loistava lelu \u00e4lykkyyden kehitt\u00e4miseen 3-vuotiaasta alkaen. Lentokentt\u00e4rakennus \u00e4\u00e4ni- ja valaistustehosteineen. Monia mahdollisuuksia pelata eri muunnelmilla ja eri tasoilla, yhdist\u00e4\u00e4 junaradat jne. Sopii hyvin yhteen &#8221;Airport Express&#8221; -sarjan kanssa. Ik\u00e4 alkaen 3 vuotta. Malli: Lentokentt\u00e4rakennus tarjoaa monenlaisia leikkimahdollisuuksia. Rakennuksessa on \u00e4\u00e4ni- ja valoefektej\u00e4. Voidaan liitt\u00e4\u00e4 junarataan eri tavoin. Yksi mahdollisuus on liitt\u00e4\u00e4 junarataan sarjasta &#8221;Airport High Track&#8221;. Sek\u00e4 tason 0 ett\u00e4 tason 1 raiteita&#8230;<\/p>\n","protected":false},"featured_media":17043,"template":"","meta":{"_acf_changed":false},"product_brand":[],"product_cat":[1763,1764,2003],"product_tag":[],"class_list":{"0":"post-53092","1":"product","2":"type-product","3":"status-publish","4":"has-post-thumbnail","6":"product_cat-harrastukset-ja-lelut","7":"product_cat-mallijunat","8":"product_cat-my-world-mallijunat-yli-3-vuotiaille","9":"product_shipping_class-toimitus-1-3-tyopaivan-kuluessa","10":"pa_variatsioon-my-world-lentokenttarakennus-aani-ja-valotehosteilla","12":"first","13":"outofstock","14":"sale","15":"taxable","16":"shipping-taxable","17":"purchasable","18":"product-type-simple"},"acf":[],"yoast_head":"<!-- This site is optimized with the Yoast SEO Premium plugin v27.5 (Yoast SEO v27.5) - https:\/\/yoast.com\/product\/yoast-seo-premium-wordpress\/ -->\n<title>Mudelrong My World- Lentokentt\u00e4rakennus \u00e4\u00e4ni- ja valotehosteineen - Rodoaed<\/title>\n<meta name=\"robots\" content=\"index, follow, max-snippet:-1, max-image-preview:large, max-video-preview:-1\" \/>\n<link rel=\"canonical\" href=\"https:\/\/rodoaed.ee\/fi\/toode\/mudelrong-my-world-lentokenttarakennus-aani-ja-valotehosteineen\/\" \/>\n<meta property=\"og:locale\" content=\"fi_FI\" \/>\n<meta property=\"og:type\" content=\"article\" \/>\n<meta property=\"og:title\" content=\"Mudelrong My World- Lentokentt\u00e4rakennus \u00e4\u00e4ni- ja valotehosteineen\" \/>\n<meta property=\"og:description\" content=\"Mallijuna on loistava lelu \u00e4lykkyyden kehitt\u00e4miseen 3-vuotiaasta alkaen. Lentokentt\u00e4rakennus \u00e4\u00e4ni- ja valaistustehosteineen. Monia mahdollisuuksia pelata\" \/>\n<meta property=\"og:url\" content=\"https:\/\/rodoaed.ee\/fi\/toode\/mudelrong-my-world-lentokenttarakennus-aani-ja-valotehosteineen\/\" \/>\n<meta property=\"og:site_name\" content=\"Rodoaed\" \/>\n<meta property=\"article:publisher\" content=\"https:\/\/www.facebook.com\/kasvuhooned\/\" \/>\n<meta property=\"article:modified_time\" content=\"2026-04-13T07:59:58+00:00\" \/>\n<meta property=\"og:image\" content=\"https:\/\/rodoaed.ee\/wp-content\/uploads\/2019\/07\/my-world-lennujaam-heli-ja-valgusefektidega.jpg\" \/>\n\t<meta property=\"og:image:width\" content=\"1500\" \/>\n\t<meta property=\"og:image:height\" content=\"1069\" \/>\n\t<meta property=\"og:image:type\" content=\"image\/jpeg\" \/>\n<meta name=\"twitter:card\" content=\"summary_large_image\" \/>\n<meta name=\"twitter:label1\" content=\"Arvioitu lukuaika\" \/>\n\t<meta name=\"twitter:data1\" content=\"1 minuutti\" \/>\n<script type=\"application\/ld+json\" class=\"yoast-schema-graph\">{\"@context\":\"https:\\\/\\\/schema.org\",\"@graph\":[{\"@type\":\"WebPage\",\"@id\":\"https:\\\/\\\/rodoaed.ee\\\/fi\\\/toode\\\/mudelrong-my-world-lentokenttarakennus-aani-ja-valotehosteineen\\\/\",\"url\":\"https:\\\/\\\/rodoaed.ee\\\/fi\\\/toode\\\/mudelrong-my-world-lentokenttarakennus-aani-ja-valotehosteineen\\\/\",\"name\":\"Mudelrong My World- Lentokentt\u00e4rakennus \u00e4\u00e4ni- ja valotehosteineen - Rodoaed\",\"isPartOf\":{\"@id\":\"https:\\\/\\\/rodoaed.ee\\\/#website\"},\"primaryImageOfPage\":{\"@id\":\"https:\\\/\\\/rodoaed.ee\\\/fi\\\/toode\\\/mudelrong-my-world-lentokenttarakennus-aani-ja-valotehosteineen\\\/#primaryimage\"},\"image\":{\"@id\":\"https:\\\/\\\/rodoaed.ee\\\/fi\\\/toode\\\/mudelrong-my-world-lentokenttarakennus-aani-ja-valotehosteineen\\\/#primaryimage\"},\"thumbnailUrl\":\"https:\\\/\\\/rodoaed.ee\\\/wp-content\\\/uploads\\\/2019\\\/07\\\/my-world-lennujaam-heli-ja-valgusefektidega.jpg\",\"datePublished\":\"2019-08-02T09:57:47+00:00\",\"dateModified\":\"2026-04-13T07:59:58+00:00\",\"breadcrumb\":{\"@id\":\"https:\\\/\\\/rodoaed.ee\\\/fi\\\/toode\\\/mudelrong-my-world-lentokenttarakennus-aani-ja-valotehosteineen\\\/#breadcrumb\"},\"inLanguage\":\"fi\",\"potentialAction\":[{\"@type\":\"ReadAction\",\"target\":[\"https:\\\/\\\/rodoaed.ee\\\/fi\\\/toode\\\/mudelrong-my-world-lentokenttarakennus-aani-ja-valotehosteineen\\\/\"]}]},{\"@type\":\"ImageObject\",\"inLanguage\":\"fi\",\"@id\":\"https:\\\/\\\/rodoaed.ee\\\/fi\\\/toode\\\/mudelrong-my-world-lentokenttarakennus-aani-ja-valotehosteineen\\\/#primaryimage\",\"url\":\"https:\\\/\\\/rodoaed.ee\\\/wp-content\\\/uploads\\\/2019\\\/07\\\/my-world-lennujaam-heli-ja-valgusefektidega.jpg\",\"contentUrl\":\"https:\\\/\\\/rodoaed.ee\\\/wp-content\\\/uploads\\\/2019\\\/07\\\/my-world-lennujaam-heli-ja-valgusefektidega.jpg\",\"width\":1500,\"height\":1069},{\"@type\":\"BreadcrumbList\",\"@id\":\"https:\\\/\\\/rodoaed.ee\\\/fi\\\/toode\\\/mudelrong-my-world-lentokenttarakennus-aani-ja-valotehosteineen\\\/#breadcrumb\",\"itemListElement\":[{\"@type\":\"ListItem\",\"position\":1,\"name\":\"Home\",\"item\":\"https:\\\/\\\/rodoaed.ee\\\/fi\\\/\"},{\"@type\":\"ListItem\",\"position\":2,\"name\":\"Osta osoitteessa\",\"item\":\"https:\\\/\\\/rodoaed.ee\\\/osta-osoitteessa\\\/\"},{\"@type\":\"ListItem\",\"position\":3,\"name\":\"Mudelrong My World- Lentokentt\u00e4rakennus \u00e4\u00e4ni- ja valotehosteineen\"}]},{\"@type\":\"WebSite\",\"@id\":\"https:\\\/\\\/rodoaed.ee\\\/#website\",\"url\":\"https:\\\/\\\/rodoaed.ee\\\/\",\"name\":\"Rodoaed\",\"description\":\"\",\"publisher\":{\"@id\":\"https:\\\/\\\/rodoaed.ee\\\/#organization\"},\"potentialAction\":[{\"@type\":\"SearchAction\",\"target\":{\"@type\":\"EntryPoint\",\"urlTemplate\":\"https:\\\/\\\/rodoaed.ee\\\/?s={search_term_string}\"},\"query-input\":{\"@type\":\"PropertyValueSpecification\",\"valueRequired\":true,\"valueName\":\"search_term_string\"}}],\"inLanguage\":\"fi\"},{\"@type\":\"Organization\",\"@id\":\"https:\\\/\\\/rodoaed.ee\\\/#organization\",\"name\":\"Rodoaed\",\"url\":\"https:\\\/\\\/rodoaed.ee\\\/\",\"logo\":{\"@type\":\"ImageObject\",\"inLanguage\":\"fi\",\"@id\":\"https:\\\/\\\/rodoaed.ee\\\/#\\\/schema\\\/logo\\\/image\\\/\",\"url\":\"https:\\\/\\\/rodoaed.ee\\\/wp-content\\\/uploads\\\/2019\\\/11\\\/rodoaed-logo-ilma-taustata.jpg\",\"contentUrl\":\"https:\\\/\\\/rodoaed.ee\\\/wp-content\\\/uploads\\\/2019\\\/11\\\/rodoaed-logo-ilma-taustata.jpg\",\"width\":769,\"height\":268,\"caption\":\"Rodoaed\"},\"image\":{\"@id\":\"https:\\\/\\\/rodoaed.ee\\\/#\\\/schema\\\/logo\\\/image\\\/\"},\"sameAs\":[\"https:\\\/\\\/www.facebook.com\\\/kasvuhooned\\\/\",\"https:\\\/\\\/rodoaed.ee\"]}]}<\/script>\n<!-- \/ Yoast SEO Premium plugin. -->","yoast_head_json":{"title":"Mudelrong My World- Lentokentt\u00e4rakennus \u00e4\u00e4ni- ja valotehosteineen - Rodoaed","robots":{"index":"index","follow":"follow","max-snippet":"max-snippet:-1","max-image-preview":"max-image-preview:large","max-video-preview":"max-video-preview:-1"},"canonical":"https:\/\/rodoaed.ee\/fi\/toode\/mudelrong-my-world-lentokenttarakennus-aani-ja-valotehosteineen\/","og_locale":"fi_FI","og_type":"article","og_title":"Mudelrong My World- Lentokentt\u00e4rakennus \u00e4\u00e4ni- ja valotehosteineen","og_description":"Mallijuna on loistava lelu \u00e4lykkyyden kehitt\u00e4miseen 3-vuotiaasta alkaen. Lentokentt\u00e4rakennus \u00e4\u00e4ni- ja valaistustehosteineen. Monia mahdollisuuksia pelata","og_url":"https:\/\/rodoaed.ee\/fi\/toode\/mudelrong-my-world-lentokenttarakennus-aani-ja-valotehosteineen\/","og_site_name":"Rodoaed","article_publisher":"https:\/\/www.facebook.com\/kasvuhooned\/","article_modified_time":"2026-04-13T07:59:58+00:00","og_image":[{"width":1500,"height":1069,"url":"https:\/\/rodoaed.ee\/wp-content\/uploads\/2019\/07\/my-world-lennujaam-heli-ja-valgusefektidega.jpg","type":"image\/jpeg"}],"twitter_card":"summary_large_image","twitter_misc":{"Arvioitu lukuaika":"1 minuutti"},"schema":{"@context":"https:\/\/schema.org","@graph":[{"@type":"WebPage","@id":"https:\/\/rodoaed.ee\/fi\/toode\/mudelrong-my-world-lentokenttarakennus-aani-ja-valotehosteineen\/","url":"https:\/\/rodoaed.ee\/fi\/toode\/mudelrong-my-world-lentokenttarakennus-aani-ja-valotehosteineen\/","name":"Mudelrong My World- Lentokentt\u00e4rakennus \u00e4\u00e4ni- ja valotehosteineen - Rodoaed","isPartOf":{"@id":"https:\/\/rodoaed.ee\/#website"},"primaryImageOfPage":{"@id":"https:\/\/rodoaed.ee\/fi\/toode\/mudelrong-my-world-lentokenttarakennus-aani-ja-valotehosteineen\/#primaryimage"},"image":{"@id":"https:\/\/rodoaed.ee\/fi\/toode\/mudelrong-my-world-lentokenttarakennus-aani-ja-valotehosteineen\/#primaryimage"},"thumbnailUrl":"https:\/\/rodoaed.ee\/wp-content\/uploads\/2019\/07\/my-world-lennujaam-heli-ja-valgusefektidega.jpg","datePublished":"2019-08-02T09:57:47+00:00","dateModified":"2026-04-13T07:59:58+00:00","breadcrumb":{"@id":"https:\/\/rodoaed.ee\/fi\/toode\/mudelrong-my-world-lentokenttarakennus-aani-ja-valotehosteineen\/#breadcrumb"},"inLanguage":"fi","potentialAction":[{"@type":"ReadAction","target":["https:\/\/rodoaed.ee\/fi\/toode\/mudelrong-my-world-lentokenttarakennus-aani-ja-valotehosteineen\/"]}]},{"@type":"ImageObject","inLanguage":"fi","@id":"https:\/\/rodoaed.ee\/fi\/toode\/mudelrong-my-world-lentokenttarakennus-aani-ja-valotehosteineen\/#primaryimage","url":"https:\/\/rodoaed.ee\/wp-content\/uploads\/2019\/07\/my-world-lennujaam-heli-ja-valgusefektidega.jpg","contentUrl":"https:\/\/rodoaed.ee\/wp-content\/uploads\/2019\/07\/my-world-lennujaam-heli-ja-valgusefektidega.jpg","width":1500,"height":1069},{"@type":"BreadcrumbList","@id":"https:\/\/rodoaed.ee\/fi\/toode\/mudelrong-my-world-lentokenttarakennus-aani-ja-valotehosteineen\/#breadcrumb","itemListElement":[{"@type":"ListItem","position":1,"name":"Home","item":"https:\/\/rodoaed.ee\/fi\/"},{"@type":"ListItem","position":2,"name":"Osta osoitteessa","item":"https:\/\/rodoaed.ee\/osta-osoitteessa\/"},{"@type":"ListItem","position":3,"name":"Mudelrong My World- Lentokentt\u00e4rakennus \u00e4\u00e4ni- ja valotehosteineen"}]},{"@type":"WebSite","@id":"https:\/\/rodoaed.ee\/#website","url":"https:\/\/rodoaed.ee\/","name":"Rodoaed","description":"","publisher":{"@id":"https:\/\/rodoaed.ee\/#organization"},"potentialAction":[{"@type":"SearchAction","target":{"@type":"EntryPoint","urlTemplate":"https:\/\/rodoaed.ee\/?s={search_term_string}"},"query-input":{"@type":"PropertyValueSpecification","valueRequired":true,"valueName":"search_term_string"}}],"inLanguage":"fi"},{"@type":"Organization","@id":"https:\/\/rodoaed.ee\/#organization","name":"Rodoaed","url":"https:\/\/rodoaed.ee\/","logo":{"@type":"ImageObject","inLanguage":"fi","@id":"https:\/\/rodoaed.ee\/#\/schema\/logo\/image\/","url":"https:\/\/rodoaed.ee\/wp-content\/uploads\/2019\/11\/rodoaed-logo-ilma-taustata.jpg","contentUrl":"https:\/\/rodoaed.ee\/wp-content\/uploads\/2019\/11\/rodoaed-logo-ilma-taustata.jpg","width":769,"height":268,"caption":"Rodoaed"},"image":{"@id":"https:\/\/rodoaed.ee\/#\/schema\/logo\/image\/"},"sameAs":["https:\/\/www.facebook.com\/kasvuhooned\/","https:\/\/rodoaed.ee"]}]}},"_links":{"self":[{"href":"https:\/\/rodoaed.ee\/fi\/wp-json\/wp\/v2\/product\/53092","targetHints":{"allow":["GET"]}}],"collection":[{"href":"https:\/\/rodoaed.ee\/fi\/wp-json\/wp\/v2\/product"}],"about":[{"href":"https:\/\/rodoaed.ee\/fi\/wp-json\/wp\/v2\/types\/product"}],"wp:featuredmedia":[{"embeddable":true,"href":"https:\/\/rodoaed.ee\/fi\/wp-json\/wp\/v2\/media\/17043"}],"wp:attachment":[{"href":"https:\/\/rodoaed.ee\/fi\/wp-json\/wp\/v2\/media?parent=53092"}],"wp:term":[{"taxonomy":"product_brand","embeddable":true,"href":"https:\/\/rodoaed.ee\/fi\/wp-json\/wp\/v2\/product_brand?post=53092"},{"taxonomy":"product_cat","embeddable":true,"href":"https:\/\/rodoaed.ee\/fi\/wp-json\/wp\/v2\/product_cat?post=53092"},{"taxonomy":"product_tag","embeddable":true,"href":"https:\/\/rodoaed.ee\/fi\/wp-json\/wp\/v2\/product_tag?post=53092"}],"curies":[{"name":"wp","href":"https:\/\/api.w.org\/{rel}","templated":true}]}}