{"id":53093,"date":"2019-08-02T12:57:47","date_gmt":"2019-08-02T09:57:47","guid":{"rendered":"https:\/\/rodoaed.ee\/toode\/lasten-poyta-jossa-on-ruostumattomasta-teraksesta-valmistettu-tuhkapuun-kahva\/"},"modified":"2026-04-13T10:59:59","modified_gmt":"2026-04-13T07:59:59","slug":"lasten-poyta-jossa-on-ruostumattomasta-teraksesta-valmistettu-tuhkapuun-kahva","status":"publish","type":"product","link":"https:\/\/rodoaed.ee\/fi\/tuote\/lasten-poyta-jossa-on-ruostumattomasta-teraksesta-valmistettu-tuhkapuun-kahva\/","title":{"rendered":"Lasten p\u00f6yt\u00e4, jossa on ruostumattomasta ter\u00e4ksest\u00e4 valmistettu tuhkapuun kahva"},"content":{"rendered":"<h2>Lasten lapio, jossa on kevyt ja mukava ruostumattomasta ter\u00e4ksest\u00e4 valmistettu ter\u00e4. Jokaisen lapsen unelma. <\/h2>\n<h2>Loistava lahja kenelle tahansa lapselle. Se muistetaan my\u00f6s aikuisena. <\/h2>\n<p>Lapset haluavat my\u00f6s ty\u00f6skennell\u00e4 puutarhassa kanssamme, mutta ty\u00f6kalumme ovat heille liian isoja ja hankalia. Lapsilla on oltava omat, oikean kokoiset ja painoiset puutarhaty\u00f6kalut, kuten lasten lapio ja lasten kaivuuhaka. <\/p>\n<p><em style=\"font-family: inherit; font-size: inherit; font-variant-caps: inherit;\">Sneeboer &amp; Zn on perinteinen hollantilainen ty\u00f6kaluyritys, joka on valmistanut laadukkaita puutarhaty\u00f6kaluja vuodesta 1913. Sneeboer &amp; Zn valmistaa p\u00e4\u00e4asiassa k\u00e4sin taottuja ruostumattomasta ter\u00e4ksest\u00e4 valmistettuja puutarhaty\u00f6kaluja, joiden k\u00e4ytt\u00f6ik\u00e4 on v\u00e4hint\u00e4\u00e4n yksi sukupolvi. Mutta se, mik\u00e4 tekee heid\u00e4n tuotannostaan hyvin erikoista ja on tehnyt heist\u00e4 maailmankuuluja, on heid\u00e4n sovellusinnovaationsa. T\u00e4m\u00e4 tarkoittaa, ett\u00e4 keksij\u00e4t ymp\u00e4ri maailmaa ovat lis\u00e4nneet omia innovaatioitaan heid\u00e4n tuotevalikoimaansa.    Joskus hyvin innovatiivisia ratkaisuja, joskus melko pieni\u00e4 keksint\u00f6j\u00e4, mutta ne tekev\u00e4t puutarhanhoidosta ja ty\u00f6kalun k\u00e4yt\u00f6st\u00e4 paljon helpompaa.<\/em><\/p>\n<p><em>Voit n\u00e4hd\u00e4 sen itse, kun katsot heid\u00e4n valikoimaansa.<\/em><\/p>\n<p>Hemmottele itse\u00e4si parhaalla. El\u00e4mme vain kerran. <\/p>\n<h2>Tekniset tiedot:<\/h2>\n<ul>\n<li>Ty\u00f6kalun p\u00e4\u00e4n leveys: 11,5 cm<\/li>\n<li>Ty\u00f6kalun p\u00e4\u00e4n pituus: 12,5 cm<\/li>\n<li>Kahvan pituus: 60 cm<\/li>\n<li>Kokonaispituus: 74 cm<\/li>\n<li>Kahvan materiaali: saarni<\/li>\n<li>Paino: 0,51 kg<\/li>\n<\/ul>\n","protected":false},"excerpt":{"rendered":"<p>Lasten lapio, jossa on kevyt ja mukava ruostumattomasta ter\u00e4ksest\u00e4 valmistettu ter\u00e4. Jokaisen lapsen unelma. Loistava lahja kenelle tahansa lapselle. Se muistetaan my\u00f6s aikuisena. Lapset haluavat my\u00f6s ty\u00f6skennell\u00e4 puutarhassa kanssamme, mutta ty\u00f6kalumme ovat heille liian isoja ja hankalia. Lapsilla on oltava omat, oikean kokoiset ja painoiset puutarhaty\u00f6kalut, kuten lasten lapio ja lasten kaivuuhaka. Sneeboer &amp; Zn on perinteinen hollantilainen ty\u00f6kaluyritys, joka on valmistanut laadukkaita puutarhaty\u00f6kaluja vuodesta&#8230;<\/p>\n","protected":false},"featured_media":27702,"template":"","meta":{"_acf_changed":false},"product_brand":[],"product_cat":[1785,1779,1743,1889,1786,1745],"product_tag":[],"class_list":{"0":"post-53093","1":"product","2":"type-product","3":"status-publish","4":"has-post-thumbnail","6":"product_cat-lahjat-lapsille-6-12a","7":"product_cat-lelut-puutarhassa","8":"product_cat-lisalahjat-lahjat","9":"product_cat-puutarhatyokalut","10":"product_cat-puutarhatyokalut-lapsille","11":"product_cat-suuri-varaston-tyhjennysmyynti","12":"product_shipping_class-kuljetus-ainoastaan-kuriiripalvelun-valityksella","13":"pa_variatsioon-lasten-lapio-ruostumatonta-terasta-tuhkapuun-kahva","15":"first","16":"instock","17":"sale","18":"sold-individually","19":"taxable","20":"shipping-taxable","21":"purchasable","22":"product-type-simple"},"acf":[],"yoast_head":"<!-- This site is optimized with the Yoast SEO Premium plugin v27.3 (Yoast SEO v27.3) - https:\/\/yoast.com\/product\/yoast-seo-premium-wordpress\/ -->\n<title>Lasten p\u00f6yt\u00e4, jossa on ruostumattomasta ter\u00e4ksest\u00e4 valmistettu tuhkapuun kahva -% Rodoaed<\/title>\n<meta name=\"description\" content=\"Lasten hylly, jossa on ruostumattomasta ter\u00e4ksest\u00e4 valmistettu tuhkakahva, on jokaisen lapsen unelma. Anna lapsellesi kunnollinen vauvahylly, joka on mukava ja kest\u00e4\u00e4.\" \/>\n<meta name=\"robots\" content=\"index, follow, max-snippet:-1, max-image-preview:large, max-video-preview:-1\" \/>\n<link rel=\"canonical\" href=\"https:\/\/rodoaed.ee\/fi\/toode\/lasten-poyta-jossa-on-ruostumattomasta-teraksesta-valmistettu-tuhkapuun-kahva\/\" \/>\n<meta property=\"og:locale\" content=\"fi_FI\" \/>\n<meta property=\"og:type\" content=\"article\" \/>\n<meta property=\"og:title\" content=\"Lasten p\u00f6yt\u00e4, jossa on ruostumattomasta ter\u00e4ksest\u00e4 valmistettu tuhkapuun kahva\" \/>\n<meta property=\"og:description\" content=\"Lasten lapio, jossa on kevyt ja mukava ruostumattomasta ter\u00e4ksest\u00e4 valmistettu ter\u00e4. Jokaisen lapsen unelma. Loistava lahja kenelle tahansa lapselle. Se\" \/>\n<meta property=\"og:url\" content=\"https:\/\/rodoaed.ee\/fi\/toode\/lasten-poyta-jossa-on-ruostumattomasta-teraksesta-valmistettu-tuhkapuun-kahva\/\" \/>\n<meta property=\"og:site_name\" content=\"Rodoaed\" \/>\n<meta property=\"article:publisher\" content=\"https:\/\/www.facebook.com\/kasvuhooned\/\" \/>\n<meta property=\"article:modified_time\" content=\"2026-04-13T07:59:59+00:00\" \/>\n<meta property=\"og:image\" content=\"https:\/\/rodoaed.ee\/wp-content\/uploads\/2019\/08\/Aiat\u00f6\u00f6riistad_laste-labidas_9520-210772_01.jpg\" \/>\n\t<meta property=\"og:image:width\" content=\"3172\" \/>\n\t<meta property=\"og:image:height\" content=\"3172\" \/>\n\t<meta property=\"og:image:type\" content=\"image\/jpeg\" \/>\n<meta name=\"twitter:card\" content=\"summary_large_image\" \/>\n<meta name=\"twitter:label1\" content=\"Arvioitu lukuaika\" \/>\n\t<meta name=\"twitter:data1\" content=\"1 minuutti\" \/>\n<script type=\"application\/ld+json\" class=\"yoast-schema-graph\">{\"@context\":\"https:\\\/\\\/schema.org\",\"@graph\":[{\"@type\":\"WebPage\",\"@id\":\"https:\\\/\\\/rodoaed.ee\\\/fi\\\/toode\\\/lasten-poyta-jossa-on-ruostumattomasta-teraksesta-valmistettu-tuhkapuun-kahva\\\/\",\"url\":\"https:\\\/\\\/rodoaed.ee\\\/fi\\\/toode\\\/lasten-poyta-jossa-on-ruostumattomasta-teraksesta-valmistettu-tuhkapuun-kahva\\\/\",\"name\":\"Lasten p\u00f6yt\u00e4, jossa on ruostumattomasta ter\u00e4ksest\u00e4 valmistettu tuhkapuun kahva -% Rodoaed\",\"isPartOf\":{\"@id\":\"https:\\\/\\\/rodoaed.ee\\\/#website\"},\"primaryImageOfPage\":{\"@id\":\"https:\\\/\\\/rodoaed.ee\\\/fi\\\/toode\\\/lasten-poyta-jossa-on-ruostumattomasta-teraksesta-valmistettu-tuhkapuun-kahva\\\/#primaryimage\"},\"image\":{\"@id\":\"https:\\\/\\\/rodoaed.ee\\\/fi\\\/toode\\\/lasten-poyta-jossa-on-ruostumattomasta-teraksesta-valmistettu-tuhkapuun-kahva\\\/#primaryimage\"},\"thumbnailUrl\":\"https:\\\/\\\/rodoaed.ee\\\/wp-content\\\/uploads\\\/2019\\\/08\\\/Aiat\u00f6\u00f6riistad_laste-labidas_9520-210772_01.jpg\",\"datePublished\":\"2019-08-02T09:57:47+00:00\",\"dateModified\":\"2026-04-13T07:59:59+00:00\",\"description\":\"Lasten hylly, jossa on ruostumattomasta ter\u00e4ksest\u00e4 valmistettu tuhkakahva, on jokaisen lapsen unelma. Anna lapsellesi kunnollinen vauvahylly, joka on mukava ja kest\u00e4\u00e4.\",\"breadcrumb\":{\"@id\":\"https:\\\/\\\/rodoaed.ee\\\/fi\\\/toode\\\/lasten-poyta-jossa-on-ruostumattomasta-teraksesta-valmistettu-tuhkapuun-kahva\\\/#breadcrumb\"},\"inLanguage\":\"fi\",\"potentialAction\":[{\"@type\":\"ReadAction\",\"target\":[\"https:\\\/\\\/rodoaed.ee\\\/fi\\\/toode\\\/lasten-poyta-jossa-on-ruostumattomasta-teraksesta-valmistettu-tuhkapuun-kahva\\\/\"]}]},{\"@type\":\"ImageObject\",\"inLanguage\":\"fi\",\"@id\":\"https:\\\/\\\/rodoaed.ee\\\/fi\\\/toode\\\/lasten-poyta-jossa-on-ruostumattomasta-teraksesta-valmistettu-tuhkapuun-kahva\\\/#primaryimage\",\"url\":\"https:\\\/\\\/rodoaed.ee\\\/wp-content\\\/uploads\\\/2019\\\/08\\\/Aiat\u00f6\u00f6riistad_laste-labidas_9520-210772_01.jpg\",\"contentUrl\":\"https:\\\/\\\/rodoaed.ee\\\/wp-content\\\/uploads\\\/2019\\\/08\\\/Aiat\u00f6\u00f6riistad_laste-labidas_9520-210772_01.jpg\",\"width\":3172,\"height\":3172,\"caption\":\"lasten puutarhaty\u00f6kalut\"},{\"@type\":\"BreadcrumbList\",\"@id\":\"https:\\\/\\\/rodoaed.ee\\\/fi\\\/toode\\\/lasten-poyta-jossa-on-ruostumattomasta-teraksesta-valmistettu-tuhkapuun-kahva\\\/#breadcrumb\",\"itemListElement\":[{\"@type\":\"ListItem\",\"position\":1,\"name\":\"Home\",\"item\":\"https:\\\/\\\/rodoaed.ee\\\/fi\\\/\"},{\"@type\":\"ListItem\",\"position\":2,\"name\":\"Osta osoitteessa\",\"item\":\"https:\\\/\\\/rodoaed.ee\\\/osta-osoitteessa\\\/\"},{\"@type\":\"ListItem\",\"position\":3,\"name\":\"Lasten p\u00f6yt\u00e4, jossa on ruostumattomasta ter\u00e4ksest\u00e4 valmistettu tuhkapuun kahva\"}]},{\"@type\":\"WebSite\",\"@id\":\"https:\\\/\\\/rodoaed.ee\\\/#website\",\"url\":\"https:\\\/\\\/rodoaed.ee\\\/\",\"name\":\"Rodoaed\",\"description\":\"\",\"publisher\":{\"@id\":\"https:\\\/\\\/rodoaed.ee\\\/#organization\"},\"potentialAction\":[{\"@type\":\"SearchAction\",\"target\":{\"@type\":\"EntryPoint\",\"urlTemplate\":\"https:\\\/\\\/rodoaed.ee\\\/?s={search_term_string}\"},\"query-input\":{\"@type\":\"PropertyValueSpecification\",\"valueRequired\":true,\"valueName\":\"search_term_string\"}}],\"inLanguage\":\"fi\"},{\"@type\":\"Organization\",\"@id\":\"https:\\\/\\\/rodoaed.ee\\\/#organization\",\"name\":\"Rodoaed\",\"url\":\"https:\\\/\\\/rodoaed.ee\\\/\",\"logo\":{\"@type\":\"ImageObject\",\"inLanguage\":\"fi\",\"@id\":\"https:\\\/\\\/rodoaed.ee\\\/#\\\/schema\\\/logo\\\/image\\\/\",\"url\":\"https:\\\/\\\/rodoaed.ee\\\/wp-content\\\/uploads\\\/2019\\\/11\\\/rodoaed-logo-ilma-taustata.jpg\",\"contentUrl\":\"https:\\\/\\\/rodoaed.ee\\\/wp-content\\\/uploads\\\/2019\\\/11\\\/rodoaed-logo-ilma-taustata.jpg\",\"width\":769,\"height\":268,\"caption\":\"Rodoaed\"},\"image\":{\"@id\":\"https:\\\/\\\/rodoaed.ee\\\/#\\\/schema\\\/logo\\\/image\\\/\"},\"sameAs\":[\"https:\\\/\\\/www.facebook.com\\\/kasvuhooned\\\/\",\"https:\\\/\\\/rodoaed.ee\"]}]}<\/script>\n<!-- \/ Yoast SEO Premium plugin. -->","yoast_head_json":{"title":"Lasten p\u00f6yt\u00e4, jossa on ruostumattomasta ter\u00e4ksest\u00e4 valmistettu tuhkapuun kahva -% Rodoaed","description":"Lasten hylly, jossa on ruostumattomasta ter\u00e4ksest\u00e4 valmistettu tuhkakahva, on jokaisen lapsen unelma. Anna lapsellesi kunnollinen vauvahylly, joka on mukava ja kest\u00e4\u00e4.","robots":{"index":"index","follow":"follow","max-snippet":"max-snippet:-1","max-image-preview":"max-image-preview:large","max-video-preview":"max-video-preview:-1"},"canonical":"https:\/\/rodoaed.ee\/fi\/toode\/lasten-poyta-jossa-on-ruostumattomasta-teraksesta-valmistettu-tuhkapuun-kahva\/","og_locale":"fi_FI","og_type":"article","og_title":"Lasten p\u00f6yt\u00e4, jossa on ruostumattomasta ter\u00e4ksest\u00e4 valmistettu tuhkapuun kahva","og_description":"Lasten lapio, jossa on kevyt ja mukava ruostumattomasta ter\u00e4ksest\u00e4 valmistettu ter\u00e4. Jokaisen lapsen unelma. Loistava lahja kenelle tahansa lapselle. Se","og_url":"https:\/\/rodoaed.ee\/fi\/toode\/lasten-poyta-jossa-on-ruostumattomasta-teraksesta-valmistettu-tuhkapuun-kahva\/","og_site_name":"Rodoaed","article_publisher":"https:\/\/www.facebook.com\/kasvuhooned\/","article_modified_time":"2026-04-13T07:59:59+00:00","og_image":[{"width":3172,"height":3172,"url":"https:\/\/rodoaed.ee\/wp-content\/uploads\/2019\/08\/Aiat\u00f6\u00f6riistad_laste-labidas_9520-210772_01.jpg","type":"image\/jpeg"}],"twitter_card":"summary_large_image","twitter_misc":{"Arvioitu lukuaika":"1 minuutti"},"schema":{"@context":"https:\/\/schema.org","@graph":[{"@type":"WebPage","@id":"https:\/\/rodoaed.ee\/fi\/toode\/lasten-poyta-jossa-on-ruostumattomasta-teraksesta-valmistettu-tuhkapuun-kahva\/","url":"https:\/\/rodoaed.ee\/fi\/toode\/lasten-poyta-jossa-on-ruostumattomasta-teraksesta-valmistettu-tuhkapuun-kahva\/","name":"Lasten p\u00f6yt\u00e4, jossa on ruostumattomasta ter\u00e4ksest\u00e4 valmistettu tuhkapuun kahva -% Rodoaed","isPartOf":{"@id":"https:\/\/rodoaed.ee\/#website"},"primaryImageOfPage":{"@id":"https:\/\/rodoaed.ee\/fi\/toode\/lasten-poyta-jossa-on-ruostumattomasta-teraksesta-valmistettu-tuhkapuun-kahva\/#primaryimage"},"image":{"@id":"https:\/\/rodoaed.ee\/fi\/toode\/lasten-poyta-jossa-on-ruostumattomasta-teraksesta-valmistettu-tuhkapuun-kahva\/#primaryimage"},"thumbnailUrl":"https:\/\/rodoaed.ee\/wp-content\/uploads\/2019\/08\/Aiat\u00f6\u00f6riistad_laste-labidas_9520-210772_01.jpg","datePublished":"2019-08-02T09:57:47+00:00","dateModified":"2026-04-13T07:59:59+00:00","description":"Lasten hylly, jossa on ruostumattomasta ter\u00e4ksest\u00e4 valmistettu tuhkakahva, on jokaisen lapsen unelma. Anna lapsellesi kunnollinen vauvahylly, joka on mukava ja kest\u00e4\u00e4.","breadcrumb":{"@id":"https:\/\/rodoaed.ee\/fi\/toode\/lasten-poyta-jossa-on-ruostumattomasta-teraksesta-valmistettu-tuhkapuun-kahva\/#breadcrumb"},"inLanguage":"fi","potentialAction":[{"@type":"ReadAction","target":["https:\/\/rodoaed.ee\/fi\/toode\/lasten-poyta-jossa-on-ruostumattomasta-teraksesta-valmistettu-tuhkapuun-kahva\/"]}]},{"@type":"ImageObject","inLanguage":"fi","@id":"https:\/\/rodoaed.ee\/fi\/toode\/lasten-poyta-jossa-on-ruostumattomasta-teraksesta-valmistettu-tuhkapuun-kahva\/#primaryimage","url":"https:\/\/rodoaed.ee\/wp-content\/uploads\/2019\/08\/Aiat\u00f6\u00f6riistad_laste-labidas_9520-210772_01.jpg","contentUrl":"https:\/\/rodoaed.ee\/wp-content\/uploads\/2019\/08\/Aiat\u00f6\u00f6riistad_laste-labidas_9520-210772_01.jpg","width":3172,"height":3172,"caption":"lasten puutarhaty\u00f6kalut"},{"@type":"BreadcrumbList","@id":"https:\/\/rodoaed.ee\/fi\/toode\/lasten-poyta-jossa-on-ruostumattomasta-teraksesta-valmistettu-tuhkapuun-kahva\/#breadcrumb","itemListElement":[{"@type":"ListItem","position":1,"name":"Home","item":"https:\/\/rodoaed.ee\/fi\/"},{"@type":"ListItem","position":2,"name":"Osta osoitteessa","item":"https:\/\/rodoaed.ee\/osta-osoitteessa\/"},{"@type":"ListItem","position":3,"name":"Lasten p\u00f6yt\u00e4, jossa on ruostumattomasta ter\u00e4ksest\u00e4 valmistettu tuhkapuun kahva"}]},{"@type":"WebSite","@id":"https:\/\/rodoaed.ee\/#website","url":"https:\/\/rodoaed.ee\/","name":"Rodoaed","description":"","publisher":{"@id":"https:\/\/rodoaed.ee\/#organization"},"potentialAction":[{"@type":"SearchAction","target":{"@type":"EntryPoint","urlTemplate":"https:\/\/rodoaed.ee\/?s={search_term_string}"},"query-input":{"@type":"PropertyValueSpecification","valueRequired":true,"valueName":"search_term_string"}}],"inLanguage":"fi"},{"@type":"Organization","@id":"https:\/\/rodoaed.ee\/#organization","name":"Rodoaed","url":"https:\/\/rodoaed.ee\/","logo":{"@type":"ImageObject","inLanguage":"fi","@id":"https:\/\/rodoaed.ee\/#\/schema\/logo\/image\/","url":"https:\/\/rodoaed.ee\/wp-content\/uploads\/2019\/11\/rodoaed-logo-ilma-taustata.jpg","contentUrl":"https:\/\/rodoaed.ee\/wp-content\/uploads\/2019\/11\/rodoaed-logo-ilma-taustata.jpg","width":769,"height":268,"caption":"Rodoaed"},"image":{"@id":"https:\/\/rodoaed.ee\/#\/schema\/logo\/image\/"},"sameAs":["https:\/\/www.facebook.com\/kasvuhooned\/","https:\/\/rodoaed.ee"]}]}},"_links":{"self":[{"href":"https:\/\/rodoaed.ee\/fi\/wp-json\/wp\/v2\/product\/53093","targetHints":{"allow":["GET"]}}],"collection":[{"href":"https:\/\/rodoaed.ee\/fi\/wp-json\/wp\/v2\/product"}],"about":[{"href":"https:\/\/rodoaed.ee\/fi\/wp-json\/wp\/v2\/types\/product"}],"wp:featuredmedia":[{"embeddable":true,"href":"https:\/\/rodoaed.ee\/fi\/wp-json\/wp\/v2\/media\/27702"}],"wp:attachment":[{"href":"https:\/\/rodoaed.ee\/fi\/wp-json\/wp\/v2\/media?parent=53093"}],"wp:term":[{"taxonomy":"product_brand","embeddable":true,"href":"https:\/\/rodoaed.ee\/fi\/wp-json\/wp\/v2\/product_brand?post=53093"},{"taxonomy":"product_cat","embeddable":true,"href":"https:\/\/rodoaed.ee\/fi\/wp-json\/wp\/v2\/product_cat?post=53093"},{"taxonomy":"product_tag","embeddable":true,"href":"https:\/\/rodoaed.ee\/fi\/wp-json\/wp\/v2\/product_tag?post=53093"}],"curies":[{"name":"wp","href":"https:\/\/api.w.org\/{rel}","templated":true}]}}