{"id":53100,"date":"2019-08-02T12:58:06","date_gmt":"2019-08-02T09:58:06","guid":{"rendered":"https:\/\/rodoaed.ee\/toode\/p5000-kaasunostin\/"},"modified":"2026-04-13T11:00:07","modified_gmt":"2026-04-13T08:00:07","slug":"p5000-kaasunostin","status":"publish","type":"product","link":"https:\/\/rodoaed.ee\/fi\/tuote\/p5000-kaasunostin\/","title":{"rendered":"P5000 kaasunostin"},"content":{"rendered":"<h2>Metallinen kopiomalli sek\u00e4 lapsille ett\u00e4 ker\u00e4ilij\u00f6ille.<\/h2>\n<p><strong>Kaikki t\u00e4m\u00e4n sarjan CAT-mallit ovat aitoja j\u00e4ljenn\u00f6ksi\u00e4 todellisista Caterpillar-koneista. Yksityiskohtiensa ja liikkuvien osiensa ansiosta mallit sopivat yrityslahjaksi alan ihmisille, leluksi lapsille tai erinomaiseksi <strong>lahjaksi <\/strong>kaikille tekniikasta innostuneille ker\u00e4ilij\u00f6ille. <\/strong><\/p>\n<p>Mallit toimitetaan kauniissa lahjapakkauksessa. Lux-sarjan mallit toimitetaan metallisessa lahjapakkauksessa. <\/p>\n<p>&nbsp;<\/p>\n<p id=\"product_reference\"><label>Tuotekoodi: <\/label> 85223-DM<\/p>\n<p id=\"product_condition\"><label>Mittakaava: 1:25<\/label><\/p>\n<p>Mitat: 143 x 47 x 84 mm<\/p>\n<div id=\"short_description_block\">\n<div id=\"short_description_content\">\n<p>&nbsp;<\/p>\n<\/div>\n<\/div>\n","protected":false},"excerpt":{"rendered":"<p>Metallinen kopiomalli sek\u00e4 lapsille ett\u00e4 ker\u00e4ilij\u00f6ille. Kaikki t\u00e4m\u00e4n sarjan CAT-mallit ovat aitoja j\u00e4ljenn\u00f6ksi\u00e4 todellisista Caterpillar-koneista. Yksityiskohtiensa ja liikkuvien osiensa ansiosta mallit sopivat yrityslahjaksi alan ihmisille, leluksi lapsille tai erinomaiseksi lahjaksi kaikille tekniikasta innostuneille ker\u00e4ilij\u00f6ille. Mallit toimitetaan kauniissa lahjapakkauksessa. Lux-sarjan mallit toimitetaan metallisessa lahjapakkauksessa. &nbsp; Tuotekoodi: 85223-DM Mittakaava: 1:25 Mitat: 143 x 47 x 84 mm &nbsp;<\/p>\n","protected":false},"featured_media":16976,"template":"","meta":{"_acf_changed":false},"product_brand":[],"product_cat":[1763,2012],"product_tag":[],"class_list":{"0":"post-53100","1":"product","2":"type-product","3":"status-publish","4":"has-post-thumbnail","6":"product_cat-harrastukset-ja-lelut","7":"product_cat-malliautot","8":"product_shipping_class-toimitus-1-3-tyopaivan-kuluessa","9":"pa_variatsioon-p5000-kaasunostin","11":"first","12":"instock","13":"sale","14":"taxable","15":"shipping-taxable","16":"purchasable","17":"product-type-simple"},"acf":[],"yoast_head":"<!-- This site is optimized with the Yoast SEO Premium plugin v27.3 (Yoast SEO v27.3) - https:\/\/yoast.com\/product\/yoast-seo-premium-wordpress\/ -->\n<title>P5000 kaasunostin - Rodoaed<\/title>\n<meta name=\"robots\" content=\"index, follow, max-snippet:-1, max-image-preview:large, max-video-preview:-1\" \/>\n<link rel=\"canonical\" href=\"https:\/\/rodoaed.ee\/toode\/p5000-kaasunostin\/\" \/>\n<meta property=\"og:locale\" content=\"fi_FI\" \/>\n<meta property=\"og:type\" content=\"article\" \/>\n<meta property=\"og:title\" content=\"P5000 kaasunostin\" \/>\n<meta property=\"og:description\" content=\"Metallinen kopiomalli sek\u00e4 lapsille ett\u00e4 ker\u00e4ilij\u00f6ille. Kaikki t\u00e4m\u00e4n sarjan CAT-mallit ovat aitoja j\u00e4ljenn\u00f6ksi\u00e4 todellisista Caterpillar-koneista.\" \/>\n<meta property=\"og:url\" content=\"https:\/\/rodoaed.ee\/toode\/p5000-kaasunostin\/\" \/>\n<meta property=\"og:site_name\" content=\"Rodoaed\" \/>\n<meta property=\"article:publisher\" content=\"https:\/\/www.facebook.com\/kasvuhooned\/\" \/>\n<meta property=\"article:modified_time\" content=\"2026-04-13T08:00:07+00:00\" \/>\n<meta name=\"twitter:card\" content=\"summary_large_image\" \/>\n<script type=\"application\/ld+json\" class=\"yoast-schema-graph\">{\"@context\":\"https:\\\/\\\/schema.org\",\"@graph\":[{\"@type\":\"WebPage\",\"@id\":\"https:\\\/\\\/rodoaed.ee\\\/toode\\\/p5000-kaasunostin\\\/\",\"url\":\"https:\\\/\\\/rodoaed.ee\\\/toode\\\/p5000-kaasunostin\\\/\",\"name\":\"P5000 kaasunostin - Rodoaed\",\"isPartOf\":{\"@id\":\"https:\\\/\\\/rodoaed.ee\\\/#website\"},\"primaryImageOfPage\":{\"@id\":\"https:\\\/\\\/rodoaed.ee\\\/toode\\\/p5000-kaasunostin\\\/#primaryimage\"},\"image\":{\"@id\":\"https:\\\/\\\/rodoaed.ee\\\/toode\\\/p5000-kaasunostin\\\/#primaryimage\"},\"thumbnailUrl\":\"https:\\\/\\\/rodoaed.ee\\\/wp-content\\\/uploads\\\/2019\\\/07\\\/p5000-gaasitostuk-85223-dm.png\",\"datePublished\":\"2019-08-02T09:58:06+00:00\",\"dateModified\":\"2026-04-13T08:00:07+00:00\",\"breadcrumb\":{\"@id\":\"https:\\\/\\\/rodoaed.ee\\\/toode\\\/p5000-kaasunostin\\\/#breadcrumb\"},\"inLanguage\":\"fi\",\"potentialAction\":[{\"@type\":\"ReadAction\",\"target\":[\"https:\\\/\\\/rodoaed.ee\\\/toode\\\/p5000-kaasunostin\\\/\"]}]},{\"@type\":\"ImageObject\",\"inLanguage\":\"fi\",\"@id\":\"https:\\\/\\\/rodoaed.ee\\\/toode\\\/p5000-kaasunostin\\\/#primaryimage\",\"url\":\"https:\\\/\\\/rodoaed.ee\\\/wp-content\\\/uploads\\\/2019\\\/07\\\/p5000-gaasitostuk-85223-dm.png\",\"contentUrl\":\"https:\\\/\\\/rodoaed.ee\\\/wp-content\\\/uploads\\\/2019\\\/07\\\/p5000-gaasitostuk-85223-dm.png\",\"width\":1200,\"height\":978},{\"@type\":\"BreadcrumbList\",\"@id\":\"https:\\\/\\\/rodoaed.ee\\\/toode\\\/p5000-kaasunostin\\\/#breadcrumb\",\"itemListElement\":[{\"@type\":\"ListItem\",\"position\":1,\"name\":\"Home\",\"item\":\"https:\\\/\\\/rodoaed.ee\\\/fi\\\/\"},{\"@type\":\"ListItem\",\"position\":2,\"name\":\"Osta osoitteessa\",\"item\":\"https:\\\/\\\/rodoaed.ee\\\/osta-osoitteessa\\\/\"},{\"@type\":\"ListItem\",\"position\":3,\"name\":\"P5000 kaasunostin\"}]},{\"@type\":\"WebSite\",\"@id\":\"https:\\\/\\\/rodoaed.ee\\\/#website\",\"url\":\"https:\\\/\\\/rodoaed.ee\\\/\",\"name\":\"Rodoaed\",\"description\":\"\",\"publisher\":{\"@id\":\"https:\\\/\\\/rodoaed.ee\\\/#organization\"},\"potentialAction\":[{\"@type\":\"SearchAction\",\"target\":{\"@type\":\"EntryPoint\",\"urlTemplate\":\"https:\\\/\\\/rodoaed.ee\\\/?s={search_term_string}\"},\"query-input\":{\"@type\":\"PropertyValueSpecification\",\"valueRequired\":true,\"valueName\":\"search_term_string\"}}],\"inLanguage\":\"fi\"},{\"@type\":\"Organization\",\"@id\":\"https:\\\/\\\/rodoaed.ee\\\/#organization\",\"name\":\"Rodoaed\",\"url\":\"https:\\\/\\\/rodoaed.ee\\\/\",\"logo\":{\"@type\":\"ImageObject\",\"inLanguage\":\"fi\",\"@id\":\"https:\\\/\\\/rodoaed.ee\\\/#\\\/schema\\\/logo\\\/image\\\/\",\"url\":\"https:\\\/\\\/rodoaed.ee\\\/wp-content\\\/uploads\\\/2019\\\/11\\\/rodoaed-logo-ilma-taustata.jpg\",\"contentUrl\":\"https:\\\/\\\/rodoaed.ee\\\/wp-content\\\/uploads\\\/2019\\\/11\\\/rodoaed-logo-ilma-taustata.jpg\",\"width\":769,\"height\":268,\"caption\":\"Rodoaed\"},\"image\":{\"@id\":\"https:\\\/\\\/rodoaed.ee\\\/#\\\/schema\\\/logo\\\/image\\\/\"},\"sameAs\":[\"https:\\\/\\\/www.facebook.com\\\/kasvuhooned\\\/\",\"https:\\\/\\\/rodoaed.ee\"]}]}<\/script>\n<!-- \/ Yoast SEO Premium plugin. -->","yoast_head_json":{"title":"P5000 kaasunostin - Rodoaed","robots":{"index":"index","follow":"follow","max-snippet":"max-snippet:-1","max-image-preview":"max-image-preview:large","max-video-preview":"max-video-preview:-1"},"canonical":"https:\/\/rodoaed.ee\/toode\/p5000-kaasunostin\/","og_locale":"fi_FI","og_type":"article","og_title":"P5000 kaasunostin","og_description":"Metallinen kopiomalli sek\u00e4 lapsille ett\u00e4 ker\u00e4ilij\u00f6ille. Kaikki t\u00e4m\u00e4n sarjan CAT-mallit ovat aitoja j\u00e4ljenn\u00f6ksi\u00e4 todellisista Caterpillar-koneista.","og_url":"https:\/\/rodoaed.ee\/toode\/p5000-kaasunostin\/","og_site_name":"Rodoaed","article_publisher":"https:\/\/www.facebook.com\/kasvuhooned\/","article_modified_time":"2026-04-13T08:00:07+00:00","twitter_card":"summary_large_image","schema":{"@context":"https:\/\/schema.org","@graph":[{"@type":"WebPage","@id":"https:\/\/rodoaed.ee\/toode\/p5000-kaasunostin\/","url":"https:\/\/rodoaed.ee\/toode\/p5000-kaasunostin\/","name":"P5000 kaasunostin - Rodoaed","isPartOf":{"@id":"https:\/\/rodoaed.ee\/#website"},"primaryImageOfPage":{"@id":"https:\/\/rodoaed.ee\/toode\/p5000-kaasunostin\/#primaryimage"},"image":{"@id":"https:\/\/rodoaed.ee\/toode\/p5000-kaasunostin\/#primaryimage"},"thumbnailUrl":"https:\/\/rodoaed.ee\/wp-content\/uploads\/2019\/07\/p5000-gaasitostuk-85223-dm.png","datePublished":"2019-08-02T09:58:06+00:00","dateModified":"2026-04-13T08:00:07+00:00","breadcrumb":{"@id":"https:\/\/rodoaed.ee\/toode\/p5000-kaasunostin\/#breadcrumb"},"inLanguage":"fi","potentialAction":[{"@type":"ReadAction","target":["https:\/\/rodoaed.ee\/toode\/p5000-kaasunostin\/"]}]},{"@type":"ImageObject","inLanguage":"fi","@id":"https:\/\/rodoaed.ee\/toode\/p5000-kaasunostin\/#primaryimage","url":"https:\/\/rodoaed.ee\/wp-content\/uploads\/2019\/07\/p5000-gaasitostuk-85223-dm.png","contentUrl":"https:\/\/rodoaed.ee\/wp-content\/uploads\/2019\/07\/p5000-gaasitostuk-85223-dm.png","width":1200,"height":978},{"@type":"BreadcrumbList","@id":"https:\/\/rodoaed.ee\/toode\/p5000-kaasunostin\/#breadcrumb","itemListElement":[{"@type":"ListItem","position":1,"name":"Home","item":"https:\/\/rodoaed.ee\/fi\/"},{"@type":"ListItem","position":2,"name":"Osta osoitteessa","item":"https:\/\/rodoaed.ee\/osta-osoitteessa\/"},{"@type":"ListItem","position":3,"name":"P5000 kaasunostin"}]},{"@type":"WebSite","@id":"https:\/\/rodoaed.ee\/#website","url":"https:\/\/rodoaed.ee\/","name":"Rodoaed","description":"","publisher":{"@id":"https:\/\/rodoaed.ee\/#organization"},"potentialAction":[{"@type":"SearchAction","target":{"@type":"EntryPoint","urlTemplate":"https:\/\/rodoaed.ee\/?s={search_term_string}"},"query-input":{"@type":"PropertyValueSpecification","valueRequired":true,"valueName":"search_term_string"}}],"inLanguage":"fi"},{"@type":"Organization","@id":"https:\/\/rodoaed.ee\/#organization","name":"Rodoaed","url":"https:\/\/rodoaed.ee\/","logo":{"@type":"ImageObject","inLanguage":"fi","@id":"https:\/\/rodoaed.ee\/#\/schema\/logo\/image\/","url":"https:\/\/rodoaed.ee\/wp-content\/uploads\/2019\/11\/rodoaed-logo-ilma-taustata.jpg","contentUrl":"https:\/\/rodoaed.ee\/wp-content\/uploads\/2019\/11\/rodoaed-logo-ilma-taustata.jpg","width":769,"height":268,"caption":"Rodoaed"},"image":{"@id":"https:\/\/rodoaed.ee\/#\/schema\/logo\/image\/"},"sameAs":["https:\/\/www.facebook.com\/kasvuhooned\/","https:\/\/rodoaed.ee"]}]}},"_links":{"self":[{"href":"https:\/\/rodoaed.ee\/fi\/wp-json\/wp\/v2\/product\/53100","targetHints":{"allow":["GET"]}}],"collection":[{"href":"https:\/\/rodoaed.ee\/fi\/wp-json\/wp\/v2\/product"}],"about":[{"href":"https:\/\/rodoaed.ee\/fi\/wp-json\/wp\/v2\/types\/product"}],"wp:featuredmedia":[{"embeddable":true,"href":"https:\/\/rodoaed.ee\/fi\/wp-json\/wp\/v2\/media\/16976"}],"wp:attachment":[{"href":"https:\/\/rodoaed.ee\/fi\/wp-json\/wp\/v2\/media?parent=53100"}],"wp:term":[{"taxonomy":"product_brand","embeddable":true,"href":"https:\/\/rodoaed.ee\/fi\/wp-json\/wp\/v2\/product_brand?post=53100"},{"taxonomy":"product_cat","embeddable":true,"href":"https:\/\/rodoaed.ee\/fi\/wp-json\/wp\/v2\/product_cat?post=53100"},{"taxonomy":"product_tag","embeddable":true,"href":"https:\/\/rodoaed.ee\/fi\/wp-json\/wp\/v2\/product_tag?post=53100"}],"curies":[{"name":"wp","href":"https:\/\/api.w.org\/{rel}","templated":true}]}}