{"id":53107,"date":"2019-08-02T12:59:10","date_gmt":"2019-08-02T09:59:10","guid":{"rendered":"https:\/\/rodoaed.ee\/toode\/kasvihuone-gothic-309x753cm-233m2\/"},"modified":"2026-04-13T11:00:14","modified_gmt":"2026-04-13T08:00:14","slug":"kasvihuone-gothic-309x753cm-233m2","status":"publish","type":"product","link":"https:\/\/rodoaed.ee\/fi\/tuote\/kasvihuone-gothic-309x753cm-233m2\/","title":{"rendered":"Kasvihuone Gothic 309x753cm 23<sup>,3m2<\/sup>"},"content":{"rendered":"<div>\n<h2>Kasvihuoneen mitat<\/h2>\n<p>Kasvihuoneen leveys on <strong>309 cm<\/strong> ja pituus 309 cm &#8211; 902 cm. Gothic-mallissa on 36 cm kapeammat sein\u00e4aukot kuin vakiomalleissa. Kasvihuoneessa on leve\u00e4t sadekourut ja asianmukaiset alumiiniset sy\u00f6ksyputket. Mukana on viktoriaaniset kattokoristeet.   <\/p>\n<h2>Sein\u00e4n osan mitat<\/h2>\n<p><strong>Sein\u00e4n vakiokorkeus on 83 cm <\/strong>, mutta voit tilata my\u00f6s 43 cm korkean version. Voit valita kivimuurin haluamasi v\u00e4risen\u00e4, betoniin valettuna tai muusta materiaalista valmistettuna. Muurausmuuria ei toimiteta kasvihuoneen mukana. <strong>Sein\u00e4osan kokonaiskorkeus on 212cm ja katon j\u00e4nnev\u00e4li 284cm.<\/strong> Muurin alaosassa on lis\u00e4ksi sadevesiverhoilu p\u00e4\u00e4ll\u00e4.   <\/p>\n<p>Kivimuuri auttaa yll\u00e4pit\u00e4m\u00e4\u00e4n kasvihuoneen l\u00e4mp\u00f6tilaa, sill\u00e4 se varastoi auringon l\u00e4mp\u00f6\u00e4 p\u00e4iv\u00e4ll\u00e4 ja antaa sen takaisin y\u00f6ll\u00e4.<\/p>\n<h2>Ovien asettelu<\/h2>\n<p>Saranoitu lukittava py\u00f6riv\u00e4 ovi 71 x 205 cm, joka asennetaan oletusarvoisesti p\u00e4\u00e4tysein\u00e4\u00e4n. Voit halutessasi korvata vakio-oven 131 cm leve\u00e4ll\u00e4 kaksoissaranaovella. Oven paikkaa voidaan muuttaa veloituksetta pidemp\u00e4\u00e4 sein\u00e4\u00e4 varten. Voit tietysti tilata my\u00f6s useammalla ovella.   <\/p>\n<h2>Lasi<\/h2>\n<p>Gothic-malli on saatavana vain 4 mm:n karkaistulla lasilla.<\/p>\n<h2>RAL maalattu runko<\/h2>\n<p>Kasvihuoneen runko on tavallisesti matta-alumiinia, mutta se voidaan my\u00f6s tilata pulverimaalattuna RAL-v\u00e4rein (1013, 1019, 3004, 3011, 6005, 6009, 6013, 7016, 9005). Erikoistilauksesta on saatavana my\u00f6s muita RAL-s\u00e4vyj\u00e4. <\/p>\n<\/div>\n<div>\n<p><a href=\"https:\/\/www.rodoaed.ee\/wp-content\/uploads\/2012\/02\/gothic.pdf\" target=\"_blank\" rel=\"noopener noreferrer\">Kokoonpano-ohjeet<\/a><\/p>\n<p><a href=\"https:\/\/rodoaed.ee\/fi\/\">kotisivu<\/a> <a href=\"https:\/\/rodoaed.ee\/tootekategooria\/kasvuhooned-ja-talveaiad\/\">aloita osoitteessa<\/a> <a href=\"https:\/\/rodoaed.ee\/fi\/tootekategooria\/euro-serren-kasvihuoneet\/\">Euro-Serre<\/a><\/p>\n<p>&nbsp;<\/p>\n<\/div>\n","protected":false},"excerpt":{"rendered":"<p>Kasvihuoneen mitat Kasvihuoneen leveys on 309 cm ja pituus 309 cm &#8211; 902 cm. Gothic-mallissa on 36 cm kapeammat sein\u00e4aukot kuin vakiomalleissa. Kasvihuoneessa on leve\u00e4t sadekourut ja asianmukaiset alumiiniset sy\u00f6ksyputket. Mukana on viktoriaaniset kattokoristeet. Sein\u00e4n osan mitat Sein\u00e4n vakiokorkeus on 83 cm , mutta voit tilata my\u00f6s 43 cm korkean version. Voit valita kivimuurin haluamasi v\u00e4risen\u00e4, betoniin valettuna tai muusta materiaalista valmistettuna. Muurausmuuria ei toimiteta&#8230;<\/p>\n","protected":false},"featured_media":16917,"template":"","meta":{"_acf_changed":false},"product_brand":[],"product_cat":[1907,1908],"product_tag":[],"class_list":{"0":"post-53107","1":"product","2":"type-product","3":"status-publish","4":"has-post-thumbnail","6":"product_cat-euro-serren-kasvihuoneet","7":"product_cat-kasvihuone-goottilainen","8":"pa_variatsioon-kasvihuone-gothic-309x753cm-233m2","9":"pa_variatsioon-kasvihuone-gothic-309x753cm-233m2-maalattu-runko-ral-varilla-maalatut-kehykset","10":"pa_variatsioon-kasvihuone-gothic-309x753cm-233m2-seinaosan-korkeus-seinaosan-korkeus-43cm","11":"pa_variatsioon-kasvihuone-gothic-309x753cm-233m2-seinaosan-korkeus-seinaosan-korkeus-83cm","13":"first","14":"instock","15":"taxable","16":"shipping-taxable","17":"purchasable","18":"product-type-simple"},"acf":[],"yoast_head":"<!-- This site is optimized with the Yoast SEO Premium plugin v27.3 (Yoast SEO v27.3) - https:\/\/yoast.com\/product\/yoast-seo-premium-wordpress\/ -->\n<title>Kasvihuone Gothic 309x753cm 23,3m2 - Rodoaed<\/title>\n<meta name=\"robots\" content=\"index, follow, max-snippet:-1, max-image-preview:large, max-video-preview:-1\" \/>\n<link rel=\"canonical\" href=\"https:\/\/rodoaed.ee\/fi\/toode\/kasvihuone-gothic-309x753cm-233m2\/\" \/>\n<meta property=\"og:locale\" content=\"fi_FI\" \/>\n<meta property=\"og:type\" content=\"article\" \/>\n<meta property=\"og:title\" content=\"Kasvihuone Gothic 309x753cm 23,3m2\" \/>\n<meta property=\"og:description\" content=\"Kasvihuoneen mitat Kasvihuoneen leveys on 309 cm ja pituus 309 cm - 902 cm. Gothic-mallissa on 36 cm kapeammat sein\u00e4aukot kuin vakiomalleissa.\" \/>\n<meta property=\"og:url\" content=\"https:\/\/rodoaed.ee\/fi\/toode\/kasvihuone-gothic-309x753cm-233m2\/\" \/>\n<meta property=\"og:site_name\" content=\"Rodoaed\" \/>\n<meta property=\"article:publisher\" content=\"https:\/\/www.facebook.com\/kasvuhooned\/\" \/>\n<meta property=\"article:modified_time\" content=\"2026-04-13T08:00:14+00:00\" \/>\n<meta property=\"og:image\" content=\"https:\/\/rodoaed.ee\/wp-content\/uploads\/2019\/07\/Kasvuhoone_gothic_15.jpg\" \/>\n\t<meta property=\"og:image:width\" content=\"1440\" \/>\n\t<meta property=\"og:image:height\" content=\"1080\" \/>\n\t<meta property=\"og:image:type\" content=\"image\/jpeg\" \/>\n<meta name=\"twitter:card\" content=\"summary_large_image\" \/>\n<meta name=\"twitter:label1\" content=\"Arvioitu lukuaika\" \/>\n\t<meta name=\"twitter:data1\" content=\"1 minuutti\" \/>\n<script type=\"application\/ld+json\" class=\"yoast-schema-graph\">{\"@context\":\"https:\\\/\\\/schema.org\",\"@graph\":[{\"@type\":\"WebPage\",\"@id\":\"https:\\\/\\\/rodoaed.ee\\\/fi\\\/toode\\\/kasvihuone-gothic-309x753cm-233m2\\\/\",\"url\":\"https:\\\/\\\/rodoaed.ee\\\/fi\\\/toode\\\/kasvihuone-gothic-309x753cm-233m2\\\/\",\"name\":\"Kasvihuone Gothic 309x753cm 23,3m2 - Rodoaed\",\"isPartOf\":{\"@id\":\"https:\\\/\\\/rodoaed.ee\\\/#website\"},\"primaryImageOfPage\":{\"@id\":\"https:\\\/\\\/rodoaed.ee\\\/fi\\\/toode\\\/kasvihuone-gothic-309x753cm-233m2\\\/#primaryimage\"},\"image\":{\"@id\":\"https:\\\/\\\/rodoaed.ee\\\/fi\\\/toode\\\/kasvihuone-gothic-309x753cm-233m2\\\/#primaryimage\"},\"thumbnailUrl\":\"https:\\\/\\\/rodoaed.ee\\\/wp-content\\\/uploads\\\/2019\\\/07\\\/Kasvuhoone_gothic_15.jpg\",\"datePublished\":\"2019-08-02T09:59:10+00:00\",\"dateModified\":\"2026-04-13T08:00:14+00:00\",\"breadcrumb\":{\"@id\":\"https:\\\/\\\/rodoaed.ee\\\/fi\\\/toode\\\/kasvihuone-gothic-309x753cm-233m2\\\/#breadcrumb\"},\"inLanguage\":\"fi\",\"potentialAction\":[{\"@type\":\"ReadAction\",\"target\":[\"https:\\\/\\\/rodoaed.ee\\\/fi\\\/toode\\\/kasvihuone-gothic-309x753cm-233m2\\\/\"]}]},{\"@type\":\"ImageObject\",\"inLanguage\":\"fi\",\"@id\":\"https:\\\/\\\/rodoaed.ee\\\/fi\\\/toode\\\/kasvihuone-gothic-309x753cm-233m2\\\/#primaryimage\",\"url\":\"https:\\\/\\\/rodoaed.ee\\\/wp-content\\\/uploads\\\/2019\\\/07\\\/Kasvuhoone_gothic_15.jpg\",\"contentUrl\":\"https:\\\/\\\/rodoaed.ee\\\/wp-content\\\/uploads\\\/2019\\\/07\\\/Kasvuhoone_gothic_15.jpg\",\"width\":1440,\"height\":1080},{\"@type\":\"BreadcrumbList\",\"@id\":\"https:\\\/\\\/rodoaed.ee\\\/fi\\\/toode\\\/kasvihuone-gothic-309x753cm-233m2\\\/#breadcrumb\",\"itemListElement\":[{\"@type\":\"ListItem\",\"position\":1,\"name\":\"Home\",\"item\":\"https:\\\/\\\/rodoaed.ee\\\/fi\\\/\"},{\"@type\":\"ListItem\",\"position\":2,\"name\":\"Osta osoitteessa\",\"item\":\"https:\\\/\\\/rodoaed.ee\\\/osta-osoitteessa\\\/\"},{\"@type\":\"ListItem\",\"position\":3,\"name\":\"Kasvihuone Gothic 309x753cm 23,3m2\"}]},{\"@type\":\"WebSite\",\"@id\":\"https:\\\/\\\/rodoaed.ee\\\/#website\",\"url\":\"https:\\\/\\\/rodoaed.ee\\\/\",\"name\":\"Rodoaed\",\"description\":\"\",\"publisher\":{\"@id\":\"https:\\\/\\\/rodoaed.ee\\\/#organization\"},\"potentialAction\":[{\"@type\":\"SearchAction\",\"target\":{\"@type\":\"EntryPoint\",\"urlTemplate\":\"https:\\\/\\\/rodoaed.ee\\\/?s={search_term_string}\"},\"query-input\":{\"@type\":\"PropertyValueSpecification\",\"valueRequired\":true,\"valueName\":\"search_term_string\"}}],\"inLanguage\":\"fi\"},{\"@type\":\"Organization\",\"@id\":\"https:\\\/\\\/rodoaed.ee\\\/#organization\",\"name\":\"Rodoaed\",\"url\":\"https:\\\/\\\/rodoaed.ee\\\/\",\"logo\":{\"@type\":\"ImageObject\",\"inLanguage\":\"fi\",\"@id\":\"https:\\\/\\\/rodoaed.ee\\\/#\\\/schema\\\/logo\\\/image\\\/\",\"url\":\"https:\\\/\\\/rodoaed.ee\\\/wp-content\\\/uploads\\\/2019\\\/11\\\/rodoaed-logo-ilma-taustata.jpg\",\"contentUrl\":\"https:\\\/\\\/rodoaed.ee\\\/wp-content\\\/uploads\\\/2019\\\/11\\\/rodoaed-logo-ilma-taustata.jpg\",\"width\":769,\"height\":268,\"caption\":\"Rodoaed\"},\"image\":{\"@id\":\"https:\\\/\\\/rodoaed.ee\\\/#\\\/schema\\\/logo\\\/image\\\/\"},\"sameAs\":[\"https:\\\/\\\/www.facebook.com\\\/kasvuhooned\\\/\",\"https:\\\/\\\/rodoaed.ee\"]}]}<\/script>\n<!-- \/ Yoast SEO Premium plugin. -->","yoast_head_json":{"title":"Kasvihuone Gothic 309x753cm 23,3m2 - Rodoaed","robots":{"index":"index","follow":"follow","max-snippet":"max-snippet:-1","max-image-preview":"max-image-preview:large","max-video-preview":"max-video-preview:-1"},"canonical":"https:\/\/rodoaed.ee\/fi\/toode\/kasvihuone-gothic-309x753cm-233m2\/","og_locale":"fi_FI","og_type":"article","og_title":"Kasvihuone Gothic 309x753cm 23,3m2","og_description":"Kasvihuoneen mitat Kasvihuoneen leveys on 309 cm ja pituus 309 cm - 902 cm. Gothic-mallissa on 36 cm kapeammat sein\u00e4aukot kuin vakiomalleissa.","og_url":"https:\/\/rodoaed.ee\/fi\/toode\/kasvihuone-gothic-309x753cm-233m2\/","og_site_name":"Rodoaed","article_publisher":"https:\/\/www.facebook.com\/kasvuhooned\/","article_modified_time":"2026-04-13T08:00:14+00:00","og_image":[{"width":1440,"height":1080,"url":"https:\/\/rodoaed.ee\/wp-content\/uploads\/2019\/07\/Kasvuhoone_gothic_15.jpg","type":"image\/jpeg"}],"twitter_card":"summary_large_image","twitter_misc":{"Arvioitu lukuaika":"1 minuutti"},"schema":{"@context":"https:\/\/schema.org","@graph":[{"@type":"WebPage","@id":"https:\/\/rodoaed.ee\/fi\/toode\/kasvihuone-gothic-309x753cm-233m2\/","url":"https:\/\/rodoaed.ee\/fi\/toode\/kasvihuone-gothic-309x753cm-233m2\/","name":"Kasvihuone Gothic 309x753cm 23,3m2 - Rodoaed","isPartOf":{"@id":"https:\/\/rodoaed.ee\/#website"},"primaryImageOfPage":{"@id":"https:\/\/rodoaed.ee\/fi\/toode\/kasvihuone-gothic-309x753cm-233m2\/#primaryimage"},"image":{"@id":"https:\/\/rodoaed.ee\/fi\/toode\/kasvihuone-gothic-309x753cm-233m2\/#primaryimage"},"thumbnailUrl":"https:\/\/rodoaed.ee\/wp-content\/uploads\/2019\/07\/Kasvuhoone_gothic_15.jpg","datePublished":"2019-08-02T09:59:10+00:00","dateModified":"2026-04-13T08:00:14+00:00","breadcrumb":{"@id":"https:\/\/rodoaed.ee\/fi\/toode\/kasvihuone-gothic-309x753cm-233m2\/#breadcrumb"},"inLanguage":"fi","potentialAction":[{"@type":"ReadAction","target":["https:\/\/rodoaed.ee\/fi\/toode\/kasvihuone-gothic-309x753cm-233m2\/"]}]},{"@type":"ImageObject","inLanguage":"fi","@id":"https:\/\/rodoaed.ee\/fi\/toode\/kasvihuone-gothic-309x753cm-233m2\/#primaryimage","url":"https:\/\/rodoaed.ee\/wp-content\/uploads\/2019\/07\/Kasvuhoone_gothic_15.jpg","contentUrl":"https:\/\/rodoaed.ee\/wp-content\/uploads\/2019\/07\/Kasvuhoone_gothic_15.jpg","width":1440,"height":1080},{"@type":"BreadcrumbList","@id":"https:\/\/rodoaed.ee\/fi\/toode\/kasvihuone-gothic-309x753cm-233m2\/#breadcrumb","itemListElement":[{"@type":"ListItem","position":1,"name":"Home","item":"https:\/\/rodoaed.ee\/fi\/"},{"@type":"ListItem","position":2,"name":"Osta osoitteessa","item":"https:\/\/rodoaed.ee\/osta-osoitteessa\/"},{"@type":"ListItem","position":3,"name":"Kasvihuone Gothic 309x753cm 23,3m2"}]},{"@type":"WebSite","@id":"https:\/\/rodoaed.ee\/#website","url":"https:\/\/rodoaed.ee\/","name":"Rodoaed","description":"","publisher":{"@id":"https:\/\/rodoaed.ee\/#organization"},"potentialAction":[{"@type":"SearchAction","target":{"@type":"EntryPoint","urlTemplate":"https:\/\/rodoaed.ee\/?s={search_term_string}"},"query-input":{"@type":"PropertyValueSpecification","valueRequired":true,"valueName":"search_term_string"}}],"inLanguage":"fi"},{"@type":"Organization","@id":"https:\/\/rodoaed.ee\/#organization","name":"Rodoaed","url":"https:\/\/rodoaed.ee\/","logo":{"@type":"ImageObject","inLanguage":"fi","@id":"https:\/\/rodoaed.ee\/#\/schema\/logo\/image\/","url":"https:\/\/rodoaed.ee\/wp-content\/uploads\/2019\/11\/rodoaed-logo-ilma-taustata.jpg","contentUrl":"https:\/\/rodoaed.ee\/wp-content\/uploads\/2019\/11\/rodoaed-logo-ilma-taustata.jpg","width":769,"height":268,"caption":"Rodoaed"},"image":{"@id":"https:\/\/rodoaed.ee\/#\/schema\/logo\/image\/"},"sameAs":["https:\/\/www.facebook.com\/kasvuhooned\/","https:\/\/rodoaed.ee"]}]}},"_links":{"self":[{"href":"https:\/\/rodoaed.ee\/fi\/wp-json\/wp\/v2\/product\/53107","targetHints":{"allow":["GET"]}}],"collection":[{"href":"https:\/\/rodoaed.ee\/fi\/wp-json\/wp\/v2\/product"}],"about":[{"href":"https:\/\/rodoaed.ee\/fi\/wp-json\/wp\/v2\/types\/product"}],"wp:featuredmedia":[{"embeddable":true,"href":"https:\/\/rodoaed.ee\/fi\/wp-json\/wp\/v2\/media\/16917"}],"wp:attachment":[{"href":"https:\/\/rodoaed.ee\/fi\/wp-json\/wp\/v2\/media?parent=53107"}],"wp:term":[{"taxonomy":"product_brand","embeddable":true,"href":"https:\/\/rodoaed.ee\/fi\/wp-json\/wp\/v2\/product_brand?post=53107"},{"taxonomy":"product_cat","embeddable":true,"href":"https:\/\/rodoaed.ee\/fi\/wp-json\/wp\/v2\/product_cat?post=53107"},{"taxonomy":"product_tag","embeddable":true,"href":"https:\/\/rodoaed.ee\/fi\/wp-json\/wp\/v2\/product_tag?post=53107"}],"curies":[{"name":"wp","href":"https:\/\/api.w.org\/{rel}","templated":true}]}}