{"id":53111,"date":"2019-08-02T12:59:33","date_gmt":"2019-08-02T09:59:33","guid":{"rendered":"https:\/\/rodoaed.ee\/toode\/kasvihuone-maxi-236x530cm-125m2-perusrunkoineen\/"},"modified":"2026-04-13T11:00:16","modified_gmt":"2026-04-13T08:00:16","slug":"kasvihuone-maxi-236x530cm-125m2-perusrunkoineen","status":"publish","type":"product","link":"https:\/\/rodoaed.ee\/fi\/tuote\/kasvihuone-maxi-236x530cm-125m2-perusrunkoineen\/","title":{"rendered":"Kasvihuone Maxi 236x530cm 12<sup>,5m2<\/sup> perusrunkoineen"},"content":{"rendered":"<h2>Kasvihuoneen mitat<\/h2>\n<p>Kasvihuoneen leveys on 236 cm ja pituus 309 cm &#8211; 902 cm. Katon harjan korkeus pohjakehyksen kanssa on 236cm ja sivusein\u00e4n korkeus 13cm pohjakehyksell\u00e4 on 181cm. Pyynn\u00f6st\u00e4 sivusein\u00e4n korkeutta voidaan lis\u00e4t\u00e4 +20cm 201cm:iin. Suuret kattoaukot varmistavat hyv\u00e4n ilmankierron. Kunkin sein\u00e4n rako on noin 75cm leve\u00e4. Kasvihuoneen mukana toimitetaan my\u00f6s sadevesiputket ja sadetuskasteluj\u00e4rjestelm\u00e4 kattoon.     <\/p>\n<h2>Joustava oviasettelu<\/h2>\n<p>84 cm leve\u00e4 liukuovi asennetaan oletusarvoisesti p\u00e4\u00e4tysein\u00e4\u00e4n, mutta se voidaan asentaa mihin tahansa sein\u00e4\u00e4n pyynn\u00f6st\u00e4. Vakiovet voidaan korvata tai p\u00e4ivitt\u00e4\u00e4 2x 70 cm:n pariovella, 144 cm:n leve\u00e4ll\u00e4 pariovella tai jopa saranaovella. <\/p>\n<h2>Polykarbonaatti tai lasi<\/h2>\n<p>Voit valita kasvihuoneen katteeksi joko polykarbonaatin tai lasin. Vakiona on vahva kolmikerroksinen 8 mm:n polykarbonaatti. Polykarbonaatin No-Drop-pinnoite est\u00e4\u00e4 kondenssiveden muodostumista ja lis\u00e4\u00e4 l\u00e4pin\u00e4kyvyytt\u00e4. Voit halutessasi valita kasvihuoneen katteeksi 4 mm:n karkaistua lasia.   <\/p>\n<h2>Alusraam<\/h2>\n<p>Tukeva alumiininen pohjakehys antaa kasvihuoneelle enemm\u00e4n vakautta ja helpottaa kokoamista huomattavasti. Pohjakehys on valmistettu vahvasta karppiprofiilista, jonka korkeus on noin 13 cm.  Pohjakehykseen on kiinnitetty ankkurik\u00f6ydet, jotka voidaan kaivaa maahan tai kaataa sekaan. N\u00e4in ollen aluskehyst\u00e4 voidaan k\u00e4ytt\u00e4\u00e4 erillisen perustuksen korvikkeena. <\/p>\n<h2>RAL maalattu runko<\/h2>\n<p>Kasvihuoneen runko on tavallisesti matta-alumiinia, mutta se voidaan my\u00f6s tilata pulverimaalattuna RAL-v\u00e4reiss\u00e4 (9010, 8019, 5010, 7016, 6005, 3005, 6009 ja 3011).<\/p>\n<p>[singlepic id=&#8221;53&#8243; w=&#8221;204&#8243; h=&#8221;134&#8243; float=&#8221;left&#8221;]<\/p>\n<p>[singlepic id=&#8221;54&#8243; w=&#8221;204&#8243; h=&#8221;134&#8243;]<\/p>\n<p style=\"padding-left: 30px;\"><strong><a href=\"\/wp-content\/uploads\/2011\/10\/euromaxi111.pdf\" target=\"_blank\" rel=\"noopener noreferrer\">Kokoonpano-ohjeet<\/a><\/strong><\/p>\n<p><a href=\"https:\/\/rodoaed.ee\/fi\/\">kotisivu<\/a> <a href=\"https:\/\/rodoaed.ee\/tootekategooria\/kasvuhooned-ja-talveaiad\/\">k\u00e4ynnist\u00e4<\/a> <a href=\"https:\/\/rodoaed.ee\/fi\/tootekategooria\/euro-serren-kasvihuoneet\/\">Euro-Serre<\/a><\/p>\n","protected":false},"excerpt":{"rendered":"<p>Kasvihuoneen mitat Kasvihuoneen leveys on 236 cm ja pituus 309 cm &#8211; 902 cm. Katon harjan korkeus pohjakehyksen kanssa on 236cm ja sivusein\u00e4n korkeus 13cm pohjakehyksell\u00e4 on 181cm. Pyynn\u00f6st\u00e4 sivusein\u00e4n korkeutta voidaan lis\u00e4t\u00e4 +20cm 201cm:iin. Suuret kattoaukot varmistavat hyv\u00e4n ilmankierron. Kunkin sein\u00e4n rako on noin 75cm leve\u00e4. Kasvihuoneen mukana toimitetaan my\u00f6s sadevesiputket ja sadetuskasteluj\u00e4rjestelm\u00e4 kattoon. Joustava oviasettelu 84 cm leve\u00e4 liukuovi asennetaan oletusarvoisesti p\u00e4\u00e4tysein\u00e4\u00e4n, mutta&#8230;<\/p>\n","protected":false},"featured_media":16902,"template":"","meta":{"_acf_changed":false},"product_brand":[],"product_cat":[1907,2036],"product_tag":[],"class_list":{"0":"post-53111","1":"product","2":"type-product","3":"status-publish","4":"has-post-thumbnail","6":"product_cat-euro-serren-kasvihuoneet","7":"product_cat-kasvihuone-euro-maxi","8":"pa_variatsioon-kasvihuone-maxi-236x530cm-125m2-peruskehyksella-maalattu-runko-alumiinirunko","9":"pa_variatsioon-kasvihuone-maxi-236x530cm-125m2-perusrungolla-maalattu-runko-ral-varilla-maalattu-runko","10":"pa_variatsioon-kasvihuone-maxi-236x530cm-125m2-perusrunkoineen","12":"first","13":"instock","14":"taxable","15":"shipping-taxable","16":"purchasable","17":"product-type-simple"},"acf":[],"yoast_head":"<!-- This site is optimized with the Yoast SEO Premium plugin v27.3 (Yoast SEO v27.3) - https:\/\/yoast.com\/product\/yoast-seo-premium-wordpress\/ -->\n<title>Kasvihuone Maxi 236x530cm 12,5m2 perusrunkoineen% % -% Rodoaed kasvihuoneet<\/title>\n<meta name=\"description\" content=\"Euro-Maxi-kasvihuone on tarkoitettu vaativalle k\u00e4ytt\u00e4j\u00e4lle. Kun otetaan huomioon viimeistelyn taso ja rungon lujuus, Maxi on ehdottomasti laadukkain kasvihuone Viron markkinoilla.\" \/>\n<meta name=\"robots\" content=\"index, follow, max-snippet:-1, max-image-preview:large, max-video-preview:-1\" \/>\n<link rel=\"canonical\" href=\"https:\/\/rodoaed.ee\/fi\/toode\/kasvihuone-maxi-236x530cm-125m2-perusrunkoineen\/\" \/>\n<meta property=\"og:locale\" content=\"fi_FI\" \/>\n<meta property=\"og:type\" content=\"article\" \/>\n<meta property=\"og:title\" content=\"Kasvihuone Maxi 236x530cm 12,5m2 perusrunkoineen\" \/>\n<meta property=\"og:description\" content=\"Kasvihuoneen mitat Kasvihuoneen leveys on 236 cm ja pituus 309 cm - 902 cm. Katon harjan korkeus pohjakehyksen kanssa on 236cm ja sivusein\u00e4n korkeus 13cm\" \/>\n<meta property=\"og:url\" content=\"https:\/\/rodoaed.ee\/fi\/toode\/kasvihuone-maxi-236x530cm-125m2-perusrunkoineen\/\" \/>\n<meta property=\"og:site_name\" content=\"Rodoaed\" \/>\n<meta property=\"article:publisher\" content=\"https:\/\/www.facebook.com\/kasvuhooned\/\" \/>\n<meta property=\"article:modified_time\" content=\"2026-04-13T08:00:16+00:00\" \/>\n<meta property=\"og:image\" content=\"https:\/\/rodoaed.ee\/wp-content\/uploads\/2019\/07\/kasvuhoone_maxi_18.jpg\" \/>\n\t<meta property=\"og:image:width\" content=\"960\" \/>\n\t<meta property=\"og:image:height\" content=\"720\" \/>\n\t<meta property=\"og:image:type\" content=\"image\/jpeg\" \/>\n<meta name=\"twitter:card\" content=\"summary_large_image\" \/>\n<meta name=\"twitter:label1\" content=\"Arvioitu lukuaika\" \/>\n\t<meta name=\"twitter:data1\" content=\"1 minuutti\" \/>\n<script type=\"application\/ld+json\" class=\"yoast-schema-graph\">{\"@context\":\"https:\\\/\\\/schema.org\",\"@graph\":[{\"@type\":\"WebPage\",\"@id\":\"https:\\\/\\\/rodoaed.ee\\\/fi\\\/toode\\\/kasvihuone-maxi-236x530cm-125m2-perusrunkoineen\\\/\",\"url\":\"https:\\\/\\\/rodoaed.ee\\\/fi\\\/toode\\\/kasvihuone-maxi-236x530cm-125m2-perusrunkoineen\\\/\",\"name\":\"Kasvihuone Maxi 236x530cm 12,5m2 perusrunkoineen% % -% Rodoaed kasvihuoneet\",\"isPartOf\":{\"@id\":\"https:\\\/\\\/rodoaed.ee\\\/#website\"},\"primaryImageOfPage\":{\"@id\":\"https:\\\/\\\/rodoaed.ee\\\/fi\\\/toode\\\/kasvihuone-maxi-236x530cm-125m2-perusrunkoineen\\\/#primaryimage\"},\"image\":{\"@id\":\"https:\\\/\\\/rodoaed.ee\\\/fi\\\/toode\\\/kasvihuone-maxi-236x530cm-125m2-perusrunkoineen\\\/#primaryimage\"},\"thumbnailUrl\":\"https:\\\/\\\/rodoaed.ee\\\/wp-content\\\/uploads\\\/2019\\\/07\\\/kasvuhoone_maxi_18.jpg\",\"datePublished\":\"2019-08-02T09:59:33+00:00\",\"dateModified\":\"2026-04-13T08:00:16+00:00\",\"description\":\"Euro-Maxi-kasvihuone on tarkoitettu vaativalle k\u00e4ytt\u00e4j\u00e4lle. Kun otetaan huomioon viimeistelyn taso ja rungon lujuus, Maxi on ehdottomasti laadukkain kasvihuone Viron markkinoilla.\",\"breadcrumb\":{\"@id\":\"https:\\\/\\\/rodoaed.ee\\\/fi\\\/toode\\\/kasvihuone-maxi-236x530cm-125m2-perusrunkoineen\\\/#breadcrumb\"},\"inLanguage\":\"fi\",\"potentialAction\":[{\"@type\":\"ReadAction\",\"target\":[\"https:\\\/\\\/rodoaed.ee\\\/fi\\\/toode\\\/kasvihuone-maxi-236x530cm-125m2-perusrunkoineen\\\/\"]}]},{\"@type\":\"ImageObject\",\"inLanguage\":\"fi\",\"@id\":\"https:\\\/\\\/rodoaed.ee\\\/fi\\\/toode\\\/kasvihuone-maxi-236x530cm-125m2-perusrunkoineen\\\/#primaryimage\",\"url\":\"https:\\\/\\\/rodoaed.ee\\\/wp-content\\\/uploads\\\/2019\\\/07\\\/kasvuhoone_maxi_18.jpg\",\"contentUrl\":\"https:\\\/\\\/rodoaed.ee\\\/wp-content\\\/uploads\\\/2019\\\/07\\\/kasvuhoone_maxi_18.jpg\",\"width\":960,\"height\":720,\"caption\":\"Kasvihuone Maxi\"},{\"@type\":\"BreadcrumbList\",\"@id\":\"https:\\\/\\\/rodoaed.ee\\\/fi\\\/toode\\\/kasvihuone-maxi-236x530cm-125m2-perusrunkoineen\\\/#breadcrumb\",\"itemListElement\":[{\"@type\":\"ListItem\",\"position\":1,\"name\":\"Home\",\"item\":\"https:\\\/\\\/rodoaed.ee\\\/fi\\\/\"},{\"@type\":\"ListItem\",\"position\":2,\"name\":\"Osta osoitteessa\",\"item\":\"https:\\\/\\\/rodoaed.ee\\\/osta-osoitteessa\\\/\"},{\"@type\":\"ListItem\",\"position\":3,\"name\":\"Kasvihuone Maxi 236x530cm 12,5m2 perusrunkoineen\"}]},{\"@type\":\"WebSite\",\"@id\":\"https:\\\/\\\/rodoaed.ee\\\/#website\",\"url\":\"https:\\\/\\\/rodoaed.ee\\\/\",\"name\":\"Rodoaed\",\"description\":\"\",\"publisher\":{\"@id\":\"https:\\\/\\\/rodoaed.ee\\\/#organization\"},\"potentialAction\":[{\"@type\":\"SearchAction\",\"target\":{\"@type\":\"EntryPoint\",\"urlTemplate\":\"https:\\\/\\\/rodoaed.ee\\\/?s={search_term_string}\"},\"query-input\":{\"@type\":\"PropertyValueSpecification\",\"valueRequired\":true,\"valueName\":\"search_term_string\"}}],\"inLanguage\":\"fi\"},{\"@type\":\"Organization\",\"@id\":\"https:\\\/\\\/rodoaed.ee\\\/#organization\",\"name\":\"Rodoaed\",\"url\":\"https:\\\/\\\/rodoaed.ee\\\/\",\"logo\":{\"@type\":\"ImageObject\",\"inLanguage\":\"fi\",\"@id\":\"https:\\\/\\\/rodoaed.ee\\\/#\\\/schema\\\/logo\\\/image\\\/\",\"url\":\"https:\\\/\\\/rodoaed.ee\\\/wp-content\\\/uploads\\\/2019\\\/11\\\/rodoaed-logo-ilma-taustata.jpg\",\"contentUrl\":\"https:\\\/\\\/rodoaed.ee\\\/wp-content\\\/uploads\\\/2019\\\/11\\\/rodoaed-logo-ilma-taustata.jpg\",\"width\":769,\"height\":268,\"caption\":\"Rodoaed\"},\"image\":{\"@id\":\"https:\\\/\\\/rodoaed.ee\\\/#\\\/schema\\\/logo\\\/image\\\/\"},\"sameAs\":[\"https:\\\/\\\/www.facebook.com\\\/kasvuhooned\\\/\",\"https:\\\/\\\/rodoaed.ee\"]}]}<\/script>\n<!-- \/ Yoast SEO Premium plugin. -->","yoast_head_json":{"title":"Kasvihuone Maxi 236x530cm 12,5m2 perusrunkoineen% % -% Rodoaed kasvihuoneet","description":"Euro-Maxi-kasvihuone on tarkoitettu vaativalle k\u00e4ytt\u00e4j\u00e4lle. Kun otetaan huomioon viimeistelyn taso ja rungon lujuus, Maxi on ehdottomasti laadukkain kasvihuone Viron markkinoilla.","robots":{"index":"index","follow":"follow","max-snippet":"max-snippet:-1","max-image-preview":"max-image-preview:large","max-video-preview":"max-video-preview:-1"},"canonical":"https:\/\/rodoaed.ee\/fi\/toode\/kasvihuone-maxi-236x530cm-125m2-perusrunkoineen\/","og_locale":"fi_FI","og_type":"article","og_title":"Kasvihuone Maxi 236x530cm 12,5m2 perusrunkoineen","og_description":"Kasvihuoneen mitat Kasvihuoneen leveys on 236 cm ja pituus 309 cm - 902 cm. Katon harjan korkeus pohjakehyksen kanssa on 236cm ja sivusein\u00e4n korkeus 13cm","og_url":"https:\/\/rodoaed.ee\/fi\/toode\/kasvihuone-maxi-236x530cm-125m2-perusrunkoineen\/","og_site_name":"Rodoaed","article_publisher":"https:\/\/www.facebook.com\/kasvuhooned\/","article_modified_time":"2026-04-13T08:00:16+00:00","og_image":[{"width":960,"height":720,"url":"https:\/\/rodoaed.ee\/wp-content\/uploads\/2019\/07\/kasvuhoone_maxi_18.jpg","type":"image\/jpeg"}],"twitter_card":"summary_large_image","twitter_misc":{"Arvioitu lukuaika":"1 minuutti"},"schema":{"@context":"https:\/\/schema.org","@graph":[{"@type":"WebPage","@id":"https:\/\/rodoaed.ee\/fi\/toode\/kasvihuone-maxi-236x530cm-125m2-perusrunkoineen\/","url":"https:\/\/rodoaed.ee\/fi\/toode\/kasvihuone-maxi-236x530cm-125m2-perusrunkoineen\/","name":"Kasvihuone Maxi 236x530cm 12,5m2 perusrunkoineen% % -% Rodoaed kasvihuoneet","isPartOf":{"@id":"https:\/\/rodoaed.ee\/#website"},"primaryImageOfPage":{"@id":"https:\/\/rodoaed.ee\/fi\/toode\/kasvihuone-maxi-236x530cm-125m2-perusrunkoineen\/#primaryimage"},"image":{"@id":"https:\/\/rodoaed.ee\/fi\/toode\/kasvihuone-maxi-236x530cm-125m2-perusrunkoineen\/#primaryimage"},"thumbnailUrl":"https:\/\/rodoaed.ee\/wp-content\/uploads\/2019\/07\/kasvuhoone_maxi_18.jpg","datePublished":"2019-08-02T09:59:33+00:00","dateModified":"2026-04-13T08:00:16+00:00","description":"Euro-Maxi-kasvihuone on tarkoitettu vaativalle k\u00e4ytt\u00e4j\u00e4lle. Kun otetaan huomioon viimeistelyn taso ja rungon lujuus, Maxi on ehdottomasti laadukkain kasvihuone Viron markkinoilla.","breadcrumb":{"@id":"https:\/\/rodoaed.ee\/fi\/toode\/kasvihuone-maxi-236x530cm-125m2-perusrunkoineen\/#breadcrumb"},"inLanguage":"fi","potentialAction":[{"@type":"ReadAction","target":["https:\/\/rodoaed.ee\/fi\/toode\/kasvihuone-maxi-236x530cm-125m2-perusrunkoineen\/"]}]},{"@type":"ImageObject","inLanguage":"fi","@id":"https:\/\/rodoaed.ee\/fi\/toode\/kasvihuone-maxi-236x530cm-125m2-perusrunkoineen\/#primaryimage","url":"https:\/\/rodoaed.ee\/wp-content\/uploads\/2019\/07\/kasvuhoone_maxi_18.jpg","contentUrl":"https:\/\/rodoaed.ee\/wp-content\/uploads\/2019\/07\/kasvuhoone_maxi_18.jpg","width":960,"height":720,"caption":"Kasvihuone Maxi"},{"@type":"BreadcrumbList","@id":"https:\/\/rodoaed.ee\/fi\/toode\/kasvihuone-maxi-236x530cm-125m2-perusrunkoineen\/#breadcrumb","itemListElement":[{"@type":"ListItem","position":1,"name":"Home","item":"https:\/\/rodoaed.ee\/fi\/"},{"@type":"ListItem","position":2,"name":"Osta osoitteessa","item":"https:\/\/rodoaed.ee\/osta-osoitteessa\/"},{"@type":"ListItem","position":3,"name":"Kasvihuone Maxi 236x530cm 12,5m2 perusrunkoineen"}]},{"@type":"WebSite","@id":"https:\/\/rodoaed.ee\/#website","url":"https:\/\/rodoaed.ee\/","name":"Rodoaed","description":"","publisher":{"@id":"https:\/\/rodoaed.ee\/#organization"},"potentialAction":[{"@type":"SearchAction","target":{"@type":"EntryPoint","urlTemplate":"https:\/\/rodoaed.ee\/?s={search_term_string}"},"query-input":{"@type":"PropertyValueSpecification","valueRequired":true,"valueName":"search_term_string"}}],"inLanguage":"fi"},{"@type":"Organization","@id":"https:\/\/rodoaed.ee\/#organization","name":"Rodoaed","url":"https:\/\/rodoaed.ee\/","logo":{"@type":"ImageObject","inLanguage":"fi","@id":"https:\/\/rodoaed.ee\/#\/schema\/logo\/image\/","url":"https:\/\/rodoaed.ee\/wp-content\/uploads\/2019\/11\/rodoaed-logo-ilma-taustata.jpg","contentUrl":"https:\/\/rodoaed.ee\/wp-content\/uploads\/2019\/11\/rodoaed-logo-ilma-taustata.jpg","width":769,"height":268,"caption":"Rodoaed"},"image":{"@id":"https:\/\/rodoaed.ee\/#\/schema\/logo\/image\/"},"sameAs":["https:\/\/www.facebook.com\/kasvuhooned\/","https:\/\/rodoaed.ee"]}]}},"_links":{"self":[{"href":"https:\/\/rodoaed.ee\/fi\/wp-json\/wp\/v2\/product\/53111","targetHints":{"allow":["GET"]}}],"collection":[{"href":"https:\/\/rodoaed.ee\/fi\/wp-json\/wp\/v2\/product"}],"about":[{"href":"https:\/\/rodoaed.ee\/fi\/wp-json\/wp\/v2\/types\/product"}],"wp:featuredmedia":[{"embeddable":true,"href":"https:\/\/rodoaed.ee\/fi\/wp-json\/wp\/v2\/media\/16902"}],"wp:attachment":[{"href":"https:\/\/rodoaed.ee\/fi\/wp-json\/wp\/v2\/media?parent=53111"}],"wp:term":[{"taxonomy":"product_brand","embeddable":true,"href":"https:\/\/rodoaed.ee\/fi\/wp-json\/wp\/v2\/product_brand?post=53111"},{"taxonomy":"product_cat","embeddable":true,"href":"https:\/\/rodoaed.ee\/fi\/wp-json\/wp\/v2\/product_cat?post=53111"},{"taxonomy":"product_tag","embeddable":true,"href":"https:\/\/rodoaed.ee\/fi\/wp-json\/wp\/v2\/product_tag?post=53111"}],"curies":[{"name":"wp","href":"https:\/\/api.w.org\/{rel}","templated":true}]}}