{"id":53123,"date":"2019-08-02T13:00:36","date_gmt":"2019-08-02T10:00:36","guid":{"rendered":"https:\/\/rodoaed.ee\/toode\/kasvihuoneen-harrastusseina-233x604cm-14m2\/"},"modified":"2026-04-13T11:00:30","modified_gmt":"2026-04-13T08:00:30","slug":"kasvihuoneen-harrastusseina-233x604cm-14m2","status":"publish","type":"product","link":"https:\/\/rodoaed.ee\/fi\/tuote\/kasvihuoneen-harrastusseina-233x604cm-14m2\/","title":{"rendered":"Kasvihuoneen harrastussein\u00e4 233x604cm <sup>14m2<\/sup>"},"content":{"rendered":"<h2>Kasvihuoneen mitat<\/h2>\n<p>Kasvihuoneen <strong>leveys on 233 cm<\/strong> ja pituus 309 cm &#8211; 899 cm. <strong>Kattokaltevuus on 11 astetta.<\/strong> <strong>Katon harjan korkeus perusrungon kanssa on 232cm.<\/strong> <strong>Etusein\u00e4n korkeus 13 cm:n pohjakehyksen kanssa on 181 cm.<\/strong> Pyynn\u00f6st\u00e4 sivusein\u00e4n korkeutta voidaan lis\u00e4t\u00e4 +20cm 201cm:iin. Suuret kattoaukot varmistavat hyv\u00e4n ilmankierron. Kunkin sein\u00e4n rako on noin 75cm leve\u00e4. Kasvihuone on varustettu leveill\u00e4 sadekouruilla ja asianmukaisilla alumiinisilla sy\u00f6ksyputkilla.       <\/p>\n<p>Erikoistilauksesta voimme my\u00f6s valmistaa kasvihuoneen <strong>, jossa on takasein\u00e4<\/strong>, jotta sit\u00e4 voidaan k\u00e4ytt\u00e4\u00e4 erillisen\u00e4 kasvihuoneena.<\/p>\n<h2>Joustava oviasettelu<\/h2>\n<p>K\u00e4tev\u00e4 84 cm leve\u00e4 liukuovi on asennettu oletusarvoisesti p\u00e4\u00e4tysein\u00e4\u00e4n, mutta se voidaan pyynn\u00f6st\u00e4 asentaa mille tahansa sein\u00e4lle. Vakiovet voidaan korvata tai p\u00e4ivitt\u00e4\u00e4 144 cm leve\u00e4ll\u00e4 liukuovella. Pidemmiss\u00e4 malleissa leve\u00e4mpi ovi sopii kuitenkin vain etusein\u00e4lle, ei p\u00e4\u00e4tysein\u00e4lle.  <\/p>\n<h2>Polykarbonaatti tai lasi<\/h2>\n<p>Kasvihuoneen sein\u00e4\u00e4n voit valita polykarbonaatin tai lasin. Vakiona on vahva 10 mm:n polykarbonaatti. Polykarbonaatin No-Drop-pinnoite est\u00e4\u00e4 kondenssiveden muodostumista ja lis\u00e4\u00e4 l\u00e4pin\u00e4kyvyytt\u00e4. Voit halutessasi valita kasvihuoneen katteeksi my\u00f6s 4 mm:n karkaistua lasia.   <\/p>\n<h2>Alusraam<\/h2>\n<p>Midi-mallien hintaan sis\u00e4ltyy perusrunko. Tukeva alumiininen pohjakehys lis\u00e4\u00e4 kasvihuoneen vakautta ja helpottaa kokoamista huomattavasti. Pohjakehys on valmistettu vahvasta karppiprofiilista, jonka korkeus on noin 13 cm. Pohjakehys on varustettu ankkurik\u00f6ysill\u00e4, jotka voidaan kaivaa maahan tai valaa sekaan. N\u00e4in ollen sit\u00e4 voidaan k\u00e4ytt\u00e4\u00e4 erillisen perustuksen korvikkeena.    <\/p>\n<h2>RAL maalattu runko<\/h2>\n<p>Kasvihuoneen runko on tavallisesti matta-alumiinia, mutta se voidaan my\u00f6s tilata pulverimaalattuna RAL-v\u00e4reiss\u00e4 (9016, 8019, 9005, 7016, 6005, 6009 ja 3005).<\/p>\n<p><a href=\"https:\/\/www.rodoaed.ee\/wp-content\/uploads\/2012\/02\/euro-midi.pdf\" target=\"_blank\" rel=\"noopener noreferrer\">Kokoonpano-ohjeet<\/a><\/p>\n<p><a href=\"https:\/\/rodoaed.ee\/fi\/\">kotisivu<\/a> <a href=\"https:\/\/rodoaed.ee\/tootekategooria\/kasvuhooned-ja-talveaiad\/\">k\u00e4ynnist\u00e4<\/a> <a href=\"https:\/\/rodoaed.ee\/fi\/tootekategooria\/harrastekasvihuoneet\/\">Harrastus<\/a><\/p>\n<p>&nbsp;<\/p>\n","protected":false},"excerpt":{"rendered":"<p>Kasvihuoneen mitat Kasvihuoneen leveys on 233 cm ja pituus 309 cm &#8211; 899 cm. Kattokaltevuus on 11 astetta. Katon harjan korkeus perusrungon kanssa on 232cm. Etusein\u00e4n korkeus 13 cm:n pohjakehyksen kanssa on 181 cm. Pyynn\u00f6st\u00e4 sivusein\u00e4n korkeutta voidaan lis\u00e4t\u00e4 +20cm 201cm:iin. Suuret kattoaukot varmistavat hyv\u00e4n ilmankierron. Kunkin sein\u00e4n rako on noin 75cm leve\u00e4. Kasvihuone on varustettu leveill\u00e4 sadekouruilla ja asianmukaisilla alumiinisilla sy\u00f6ksyputkilla. Erikoistilauksesta voimme my\u00f6s&#8230;<\/p>\n","protected":false},"featured_media":44175,"template":"","meta":{"_acf_changed":false},"product_brand":[],"product_cat":[1968,2052],"product_tag":[],"class_list":{"0":"post-53123","1":"product","2":"type-product","3":"status-publish","4":"has-post-thumbnail","6":"product_cat-harrastekasvihuoneet","7":"product_cat-kasvihuoneen-seinamalli-hobby-wall","8":"product_shipping_class-tuote-ei-mahdu-pakettikoneeseen","9":"pa_variatsioon-kasvihuoneen-harrastusseina-233x604cm-14m2","10":"pa_variatsioon-kasvihuoneen-harrastusseina-233x604cm-14m2-maalattu-runko-alumiinirunko","11":"pa_variatsioon-kasvihuoneen-harrastusseina-233x604cm-14m2-maalattu-runko-ral-varilla-maalattu-runko","13":"first","14":"instock","15":"taxable","16":"shipping-taxable","17":"purchasable","18":"product-type-simple"},"acf":[],"yoast_head":"<!-- This site is optimized with the Yoast SEO Premium plugin v27.3 (Yoast SEO v27.3) - https:\/\/yoast.com\/product\/yoast-seo-premium-wordpress\/ -->\n<title>Kasvihuoneen harrastussein\u00e4 233x604cm 14m2 - Rodoaed<\/title>\n<meta name=\"robots\" content=\"index, follow, max-snippet:-1, max-image-preview:large, max-video-preview:-1\" \/>\n<link rel=\"canonical\" href=\"https:\/\/rodoaed.ee\/fi\/toode\/kasvihuoneen-harrastusseina-233x604cm-14m2\/\" \/>\n<meta property=\"og:locale\" content=\"fi_FI\" \/>\n<meta property=\"og:type\" content=\"article\" \/>\n<meta property=\"og:title\" content=\"Kasvihuoneen harrastussein\u00e4 233x604cm 14m2\" \/>\n<meta property=\"og:description\" content=\"Kasvihuoneen mitat Kasvihuoneen leveys on 233 cm ja pituus 309 cm - 899 cm. Kattokaltevuus on 11 astetta. Katon harjan korkeus perusrungon kanssa on\" \/>\n<meta property=\"og:url\" content=\"https:\/\/rodoaed.ee\/fi\/toode\/kasvihuoneen-harrastusseina-233x604cm-14m2\/\" \/>\n<meta property=\"og:site_name\" content=\"Rodoaed\" \/>\n<meta property=\"article:publisher\" content=\"https:\/\/www.facebook.com\/kasvuhooned\/\" \/>\n<meta property=\"article:modified_time\" content=\"2026-04-13T08:00:30+00:00\" \/>\n<meta property=\"og:image\" content=\"https:\/\/rodoaed.ee\/wp-content\/uploads\/2023\/03\/rodoaed_kasvuhoone_hobby_wall_01-scaled.jpg\" \/>\n\t<meta property=\"og:image:width\" content=\"2560\" \/>\n\t<meta property=\"og:image:height\" content=\"1707\" \/>\n\t<meta property=\"og:image:type\" content=\"image\/jpeg\" \/>\n<meta name=\"twitter:card\" content=\"summary_large_image\" \/>\n<meta name=\"twitter:label1\" content=\"Arvioitu lukuaika\" \/>\n\t<meta name=\"twitter:data1\" content=\"1 minuutti\" \/>\n<script type=\"application\/ld+json\" class=\"yoast-schema-graph\">{\"@context\":\"https:\\\/\\\/schema.org\",\"@graph\":[{\"@type\":\"WebPage\",\"@id\":\"https:\\\/\\\/rodoaed.ee\\\/fi\\\/toode\\\/kasvihuoneen-harrastusseina-233x604cm-14m2\\\/\",\"url\":\"https:\\\/\\\/rodoaed.ee\\\/fi\\\/toode\\\/kasvihuoneen-harrastusseina-233x604cm-14m2\\\/\",\"name\":\"Kasvihuoneen harrastussein\u00e4 233x604cm 14m2 - Rodoaed\",\"isPartOf\":{\"@id\":\"https:\\\/\\\/rodoaed.ee\\\/#website\"},\"primaryImageOfPage\":{\"@id\":\"https:\\\/\\\/rodoaed.ee\\\/fi\\\/toode\\\/kasvihuoneen-harrastusseina-233x604cm-14m2\\\/#primaryimage\"},\"image\":{\"@id\":\"https:\\\/\\\/rodoaed.ee\\\/fi\\\/toode\\\/kasvihuoneen-harrastusseina-233x604cm-14m2\\\/#primaryimage\"},\"thumbnailUrl\":\"https:\\\/\\\/rodoaed.ee\\\/wp-content\\\/uploads\\\/2023\\\/03\\\/rodoaed_kasvuhoone_hobby_wall_01-scaled.jpg\",\"datePublished\":\"2019-08-02T10:00:36+00:00\",\"dateModified\":\"2026-04-13T08:00:30+00:00\",\"breadcrumb\":{\"@id\":\"https:\\\/\\\/rodoaed.ee\\\/fi\\\/toode\\\/kasvihuoneen-harrastusseina-233x604cm-14m2\\\/#breadcrumb\"},\"inLanguage\":\"fi\",\"potentialAction\":[{\"@type\":\"ReadAction\",\"target\":[\"https:\\\/\\\/rodoaed.ee\\\/fi\\\/toode\\\/kasvihuoneen-harrastusseina-233x604cm-14m2\\\/\"]}]},{\"@type\":\"ImageObject\",\"inLanguage\":\"fi\",\"@id\":\"https:\\\/\\\/rodoaed.ee\\\/fi\\\/toode\\\/kasvihuoneen-harrastusseina-233x604cm-14m2\\\/#primaryimage\",\"url\":\"https:\\\/\\\/rodoaed.ee\\\/wp-content\\\/uploads\\\/2023\\\/03\\\/rodoaed_kasvuhoone_hobby_wall_01-scaled.jpg\",\"contentUrl\":\"https:\\\/\\\/rodoaed.ee\\\/wp-content\\\/uploads\\\/2023\\\/03\\\/rodoaed_kasvuhoone_hobby_wall_01-scaled.jpg\",\"width\":2560,\"height\":1707},{\"@type\":\"BreadcrumbList\",\"@id\":\"https:\\\/\\\/rodoaed.ee\\\/fi\\\/toode\\\/kasvihuoneen-harrastusseina-233x604cm-14m2\\\/#breadcrumb\",\"itemListElement\":[{\"@type\":\"ListItem\",\"position\":1,\"name\":\"Home\",\"item\":\"https:\\\/\\\/rodoaed.ee\\\/fi\\\/\"},{\"@type\":\"ListItem\",\"position\":2,\"name\":\"Osta osoitteessa\",\"item\":\"https:\\\/\\\/rodoaed.ee\\\/osta-osoitteessa\\\/\"},{\"@type\":\"ListItem\",\"position\":3,\"name\":\"Kasvihuoneen harrastussein\u00e4 233x604cm 14m2\"}]},{\"@type\":\"WebSite\",\"@id\":\"https:\\\/\\\/rodoaed.ee\\\/#website\",\"url\":\"https:\\\/\\\/rodoaed.ee\\\/\",\"name\":\"Rodoaed\",\"description\":\"\",\"publisher\":{\"@id\":\"https:\\\/\\\/rodoaed.ee\\\/#organization\"},\"potentialAction\":[{\"@type\":\"SearchAction\",\"target\":{\"@type\":\"EntryPoint\",\"urlTemplate\":\"https:\\\/\\\/rodoaed.ee\\\/?s={search_term_string}\"},\"query-input\":{\"@type\":\"PropertyValueSpecification\",\"valueRequired\":true,\"valueName\":\"search_term_string\"}}],\"inLanguage\":\"fi\"},{\"@type\":\"Organization\",\"@id\":\"https:\\\/\\\/rodoaed.ee\\\/#organization\",\"name\":\"Rodoaed\",\"url\":\"https:\\\/\\\/rodoaed.ee\\\/\",\"logo\":{\"@type\":\"ImageObject\",\"inLanguage\":\"fi\",\"@id\":\"https:\\\/\\\/rodoaed.ee\\\/#\\\/schema\\\/logo\\\/image\\\/\",\"url\":\"https:\\\/\\\/rodoaed.ee\\\/wp-content\\\/uploads\\\/2019\\\/11\\\/rodoaed-logo-ilma-taustata.jpg\",\"contentUrl\":\"https:\\\/\\\/rodoaed.ee\\\/wp-content\\\/uploads\\\/2019\\\/11\\\/rodoaed-logo-ilma-taustata.jpg\",\"width\":769,\"height\":268,\"caption\":\"Rodoaed\"},\"image\":{\"@id\":\"https:\\\/\\\/rodoaed.ee\\\/#\\\/schema\\\/logo\\\/image\\\/\"},\"sameAs\":[\"https:\\\/\\\/www.facebook.com\\\/kasvuhooned\\\/\",\"https:\\\/\\\/rodoaed.ee\"]}]}<\/script>\n<!-- \/ Yoast SEO Premium plugin. -->","yoast_head_json":{"title":"Kasvihuoneen harrastussein\u00e4 233x604cm 14m2 - Rodoaed","robots":{"index":"index","follow":"follow","max-snippet":"max-snippet:-1","max-image-preview":"max-image-preview:large","max-video-preview":"max-video-preview:-1"},"canonical":"https:\/\/rodoaed.ee\/fi\/toode\/kasvihuoneen-harrastusseina-233x604cm-14m2\/","og_locale":"fi_FI","og_type":"article","og_title":"Kasvihuoneen harrastussein\u00e4 233x604cm 14m2","og_description":"Kasvihuoneen mitat Kasvihuoneen leveys on 233 cm ja pituus 309 cm - 899 cm. Kattokaltevuus on 11 astetta. Katon harjan korkeus perusrungon kanssa on","og_url":"https:\/\/rodoaed.ee\/fi\/toode\/kasvihuoneen-harrastusseina-233x604cm-14m2\/","og_site_name":"Rodoaed","article_publisher":"https:\/\/www.facebook.com\/kasvuhooned\/","article_modified_time":"2026-04-13T08:00:30+00:00","og_image":[{"width":2560,"height":1707,"url":"https:\/\/rodoaed.ee\/wp-content\/uploads\/2023\/03\/rodoaed_kasvuhoone_hobby_wall_01-scaled.jpg","type":"image\/jpeg"}],"twitter_card":"summary_large_image","twitter_misc":{"Arvioitu lukuaika":"1 minuutti"},"schema":{"@context":"https:\/\/schema.org","@graph":[{"@type":"WebPage","@id":"https:\/\/rodoaed.ee\/fi\/toode\/kasvihuoneen-harrastusseina-233x604cm-14m2\/","url":"https:\/\/rodoaed.ee\/fi\/toode\/kasvihuoneen-harrastusseina-233x604cm-14m2\/","name":"Kasvihuoneen harrastussein\u00e4 233x604cm 14m2 - Rodoaed","isPartOf":{"@id":"https:\/\/rodoaed.ee\/#website"},"primaryImageOfPage":{"@id":"https:\/\/rodoaed.ee\/fi\/toode\/kasvihuoneen-harrastusseina-233x604cm-14m2\/#primaryimage"},"image":{"@id":"https:\/\/rodoaed.ee\/fi\/toode\/kasvihuoneen-harrastusseina-233x604cm-14m2\/#primaryimage"},"thumbnailUrl":"https:\/\/rodoaed.ee\/wp-content\/uploads\/2023\/03\/rodoaed_kasvuhoone_hobby_wall_01-scaled.jpg","datePublished":"2019-08-02T10:00:36+00:00","dateModified":"2026-04-13T08:00:30+00:00","breadcrumb":{"@id":"https:\/\/rodoaed.ee\/fi\/toode\/kasvihuoneen-harrastusseina-233x604cm-14m2\/#breadcrumb"},"inLanguage":"fi","potentialAction":[{"@type":"ReadAction","target":["https:\/\/rodoaed.ee\/fi\/toode\/kasvihuoneen-harrastusseina-233x604cm-14m2\/"]}]},{"@type":"ImageObject","inLanguage":"fi","@id":"https:\/\/rodoaed.ee\/fi\/toode\/kasvihuoneen-harrastusseina-233x604cm-14m2\/#primaryimage","url":"https:\/\/rodoaed.ee\/wp-content\/uploads\/2023\/03\/rodoaed_kasvuhoone_hobby_wall_01-scaled.jpg","contentUrl":"https:\/\/rodoaed.ee\/wp-content\/uploads\/2023\/03\/rodoaed_kasvuhoone_hobby_wall_01-scaled.jpg","width":2560,"height":1707},{"@type":"BreadcrumbList","@id":"https:\/\/rodoaed.ee\/fi\/toode\/kasvihuoneen-harrastusseina-233x604cm-14m2\/#breadcrumb","itemListElement":[{"@type":"ListItem","position":1,"name":"Home","item":"https:\/\/rodoaed.ee\/fi\/"},{"@type":"ListItem","position":2,"name":"Osta osoitteessa","item":"https:\/\/rodoaed.ee\/osta-osoitteessa\/"},{"@type":"ListItem","position":3,"name":"Kasvihuoneen harrastussein\u00e4 233x604cm 14m2"}]},{"@type":"WebSite","@id":"https:\/\/rodoaed.ee\/#website","url":"https:\/\/rodoaed.ee\/","name":"Rodoaed","description":"","publisher":{"@id":"https:\/\/rodoaed.ee\/#organization"},"potentialAction":[{"@type":"SearchAction","target":{"@type":"EntryPoint","urlTemplate":"https:\/\/rodoaed.ee\/?s={search_term_string}"},"query-input":{"@type":"PropertyValueSpecification","valueRequired":true,"valueName":"search_term_string"}}],"inLanguage":"fi"},{"@type":"Organization","@id":"https:\/\/rodoaed.ee\/#organization","name":"Rodoaed","url":"https:\/\/rodoaed.ee\/","logo":{"@type":"ImageObject","inLanguage":"fi","@id":"https:\/\/rodoaed.ee\/#\/schema\/logo\/image\/","url":"https:\/\/rodoaed.ee\/wp-content\/uploads\/2019\/11\/rodoaed-logo-ilma-taustata.jpg","contentUrl":"https:\/\/rodoaed.ee\/wp-content\/uploads\/2019\/11\/rodoaed-logo-ilma-taustata.jpg","width":769,"height":268,"caption":"Rodoaed"},"image":{"@id":"https:\/\/rodoaed.ee\/#\/schema\/logo\/image\/"},"sameAs":["https:\/\/www.facebook.com\/kasvuhooned\/","https:\/\/rodoaed.ee"]}]}},"_links":{"self":[{"href":"https:\/\/rodoaed.ee\/fi\/wp-json\/wp\/v2\/product\/53123","targetHints":{"allow":["GET"]}}],"collection":[{"href":"https:\/\/rodoaed.ee\/fi\/wp-json\/wp\/v2\/product"}],"about":[{"href":"https:\/\/rodoaed.ee\/fi\/wp-json\/wp\/v2\/types\/product"}],"wp:featuredmedia":[{"embeddable":true,"href":"https:\/\/rodoaed.ee\/fi\/wp-json\/wp\/v2\/media\/44175"}],"wp:attachment":[{"href":"https:\/\/rodoaed.ee\/fi\/wp-json\/wp\/v2\/media?parent=53123"}],"wp:term":[{"taxonomy":"product_brand","embeddable":true,"href":"https:\/\/rodoaed.ee\/fi\/wp-json\/wp\/v2\/product_brand?post=53123"},{"taxonomy":"product_cat","embeddable":true,"href":"https:\/\/rodoaed.ee\/fi\/wp-json\/wp\/v2\/product_cat?post=53123"},{"taxonomy":"product_tag","embeddable":true,"href":"https:\/\/rodoaed.ee\/fi\/wp-json\/wp\/v2\/product_tag?post=53123"}],"curies":[{"name":"wp","href":"https:\/\/api.w.org\/{rel}","templated":true}]}}