{"id":53133,"date":"2019-08-02T13:00:55","date_gmt":"2019-08-02T10:00:55","guid":{"rendered":"https:\/\/rodoaed.ee\/toode\/kasvihuone-hobby-125m2-236x530cm\/"},"modified":"2026-04-13T11:00:40","modified_gmt":"2026-04-13T08:00:40","slug":"kasvihuone-hobby-125m2-236x530cm","status":"publish","type":"product","link":"https:\/\/rodoaed.ee\/fi\/tuote\/kasvihuone-hobby-125m2-236x530cm\/","title":{"rendered":"Kasvihuone Hobby 12<sup>,5m2<\/sup> 236x530cm"},"content":{"rendered":"<p><strong>Greenhouse Hobby on pohjoisiin olosuhteisiin suunniteltu vankka kasvihuone, joka kest\u00e4\u00e4 kylmi\u00e4 talvia ja myrskytuulia. Paksumpi 10 mm:n polykarbonaattikatto takaa erityisen hyv\u00e4n l\u00e4mm\u00f6neristyksen. <\/strong><\/p>\n<p>Paksumpi 10 mm:n polykarbonaatti antaa kasvihuoneellesi paremman l\u00e4mm\u00f6neristyksen, mik\u00e4 on suuri voitto meid\u00e4n olosuhteissa. Kasvihuoneen hinta on eritt\u00e4in edullinen paksummasta 10mm polykarbonaatista huolimatta. Meill\u00e4 on mahdollisuus tarjota sinulle maailmanluokan tuote eritt\u00e4in kilpailukykyiseen hintaan.  <\/p>\n<p>Hobby 12,5:ss\u00e4 on 3 kattoikkunaa ja yksi tavallinen liukuovi p\u00e4\u00e4tysein\u00e4ss\u00e4.<\/p>\n<h2>Kasvihuoneen mitat<\/h2>\n<p>Kasvihuoneen leveys on 236 cm ja pituus 309 cm &#8211; 902 cm. Katon harjan korkeus pohjakehyksen kanssa on 236cm ja sivusein\u00e4n korkeus 13cm pohjakehyksell\u00e4 on 181cm. Pyynn\u00f6st\u00e4 sivusein\u00e4n korkeutta voidaan lis\u00e4t\u00e4 +20cm 201cm:iin. Suuret kattoaukot varmistavat hyv\u00e4n ilmankierron. Kunkin sein\u00e4n rako on noin 75cm leve\u00e4. Kasvihuoneen mukana toimitetaan my\u00f6s sadevesiputket.     <\/p>\n<h2>Joustava oviasettelu<\/h2>\n<p>84 cm leve\u00e4 liukuovi asennetaan oletusarvoisesti p\u00e4\u00e4tysein\u00e4\u00e4n, mutta se voidaan asentaa mihin tahansa sein\u00e4\u00e4n pyynn\u00f6st\u00e4. Vakiovet voidaan korvata tai p\u00e4ivitt\u00e4\u00e4 2x 70 cm:n pariovella tai 144 cm:n kaksoisleve\u00e4ll\u00e4 ovella. <\/p>\n<h2>Polykarbonaatti<\/h2>\n<p>Kasvihuone on jo vakiona katettu vahvalla <strong>10 mm:n polykarbonaatilla<\/strong>, joka on tiivistetty p\u00e4ist\u00e4. Polykarbonaatin sis\u00e4pinnalla oleva No-Drop-pinnoite est\u00e4\u00e4 kondenssiveden muodostumisen ja tarjoaa paremman l\u00e4pin\u00e4kyvyyden kuin mik\u00e4\u00e4n muu kasvihuone. <\/p>\n<h2>Alusraam<\/h2>\n<p>Tukeva alumiininen pohjakehys antaa kasvihuoneelle enemm\u00e4n vakautta ja helpottaa kokoamista huomattavasti. Pohjakehys on valmistettu vahvasta karppiprofiilista, jonka korkeus on noin 13 cm.  Pohjakehykseen on kiinnitetty ankkurik\u00f6ydet, jotka voidaan kaivaa maahan tai kaataa sekaan. N\u00e4in ollen aluskehyst\u00e4 voidaan k\u00e4ytt\u00e4\u00e4 erillisen perustuksen korvikkeena. <\/p>\n<h2>RAL maalattu runko<\/h2>\n<p>Kasvihuoneen runko on tavallisesti matta-alumiinia, mutta se voidaan my\u00f6s tilata pulverimaalattuna RAL-v\u00e4reiss\u00e4 (9010, 8019, 9005, 7016, 6005, 6009, 3004 ja 3011).<\/p>\n<p><a href=\"https:\/\/rodoaed.ee\/fi\/\">kotisivu<\/a> <a href=\"https:\/\/rodoaed.ee\/tootekategooria\/kasvuhooned-ja-talveaiad\/\">k\u00e4ynnist\u00e4<\/a> <a href=\"https:\/\/rodoaed.ee\/fi\/tootekategooria\/harrastekasvihuoneet\/\">Harrastus<\/a><\/p>\n<p>&nbsp;<\/p>\n","protected":false},"excerpt":{"rendered":"<p>Greenhouse Hobby on pohjoisiin olosuhteisiin suunniteltu vankka kasvihuone, joka kest\u00e4\u00e4 kylmi\u00e4 talvia ja myrskytuulia. Paksumpi 10 mm:n polykarbonaattikatto takaa erityisen hyv\u00e4n l\u00e4mm\u00f6neristyksen. Paksumpi 10 mm:n polykarbonaatti antaa kasvihuoneellesi paremman l\u00e4mm\u00f6neristyksen, mik\u00e4 on suuri voitto meid\u00e4n olosuhteissa. Kasvihuoneen hinta on eritt\u00e4in edullinen paksummasta 10mm polykarbonaatista huolimatta. Meill\u00e4 on mahdollisuus tarjota sinulle maailmanluokan tuote eritt\u00e4in kilpailukykyiseen hintaan. Hobby 12,5:ss\u00e4 on 3 kattoikkunaa ja yksi tavallinen liukuovi p\u00e4\u00e4tysein\u00e4ss\u00e4&#8230;.<\/p>\n","protected":false},"featured_media":52369,"template":"","meta":{"_acf_changed":false},"product_brand":[],"product_cat":[1968,1970],"product_tag":[],"class_list":{"0":"post-53133","1":"product","2":"type-product","3":"status-publish","4":"has-post-thumbnail","6":"product_cat-harrastekasvihuoneet","7":"product_cat-kasvihuoneet-hobby-maxi","8":"product_shipping_class-tuote-ei-mahdu-pakettikoneeseen","9":"pa_variatsioon-16-kasvihuone-hobby-125m2-236x530cm","11":"first","12":"instock","13":"sale","14":"taxable","15":"shipping-taxable","16":"purchasable","17":"product-type-simple"},"acf":[],"yoast_head":"<!-- This site is optimized with the Yoast SEO Premium plugin v27.3 (Yoast SEO v27.3) - https:\/\/yoast.com\/product\/yoast-seo-premium-wordpress\/ -->\n<title>Kasvihuone Hobby 12,5m2 236x530cm% % -% Rodoaedin kasvihuoneet<\/title>\n<meta name=\"description\" content=\"Greenhouse Hobby on pohjoisiin olosuhteisiin suunniteltu kest\u00e4v\u00e4 kasvihuone, joka kest\u00e4\u00e4 lumipeitteen ja myrskytuulet. 10 mm:n polykarbonaattikatto takaa erityisen hyv\u00e4n l\u00e4mm\u00f6neristyksen.\" \/>\n<meta name=\"robots\" content=\"index, follow, max-snippet:-1, max-image-preview:large, max-video-preview:-1\" \/>\n<link rel=\"canonical\" href=\"https:\/\/rodoaed.ee\/fi\/toode\/kasvihuone-hobby-125m2-236x530cm\/\" \/>\n<meta property=\"og:locale\" content=\"fi_FI\" \/>\n<meta property=\"og:type\" content=\"article\" \/>\n<meta property=\"og:title\" content=\"Kasvihuone Hobby 12,5m2 236x530cm\" \/>\n<meta property=\"og:description\" content=\"Greenhouse Hobby on pohjoisiin olosuhteisiin suunniteltu vankka kasvihuone, joka kest\u00e4\u00e4 kylmi\u00e4 talvia ja myrskytuulia. Paksumpi 10 mm:n\" \/>\n<meta property=\"og:url\" content=\"https:\/\/rodoaed.ee\/fi\/toode\/kasvihuone-hobby-125m2-236x530cm\/\" \/>\n<meta property=\"og:site_name\" content=\"Rodoaed\" \/>\n<meta property=\"article:publisher\" content=\"https:\/\/www.facebook.com\/kasvuhooned\/\" \/>\n<meta property=\"article:modified_time\" content=\"2026-04-13T08:00:40+00:00\" \/>\n<meta property=\"og:image\" content=\"https:\/\/rodoaed.ee\/wp-content\/uploads\/2019\/08\/kasvuhoone-Hobby-Maxi_esileht_2.jpg\" \/>\n\t<meta property=\"og:image:width\" content=\"1460\" \/>\n\t<meta property=\"og:image:height\" content=\"1232\" \/>\n\t<meta property=\"og:image:type\" content=\"image\/jpeg\" \/>\n<meta name=\"twitter:card\" content=\"summary_large_image\" \/>\n<meta name=\"twitter:label1\" content=\"Arvioitu lukuaika\" \/>\n\t<meta name=\"twitter:data1\" content=\"1 minuutti\" \/>\n<script type=\"application\/ld+json\" class=\"yoast-schema-graph\">{\"@context\":\"https:\\\/\\\/schema.org\",\"@graph\":[{\"@type\":\"WebPage\",\"@id\":\"https:\\\/\\\/rodoaed.ee\\\/fi\\\/toode\\\/kasvihuone-hobby-125m2-236x530cm\\\/\",\"url\":\"https:\\\/\\\/rodoaed.ee\\\/fi\\\/toode\\\/kasvihuone-hobby-125m2-236x530cm\\\/\",\"name\":\"Kasvihuone Hobby 12,5m2 236x530cm% % -% Rodoaedin kasvihuoneet\",\"isPartOf\":{\"@id\":\"https:\\\/\\\/rodoaed.ee\\\/#website\"},\"primaryImageOfPage\":{\"@id\":\"https:\\\/\\\/rodoaed.ee\\\/fi\\\/toode\\\/kasvihuone-hobby-125m2-236x530cm\\\/#primaryimage\"},\"image\":{\"@id\":\"https:\\\/\\\/rodoaed.ee\\\/fi\\\/toode\\\/kasvihuone-hobby-125m2-236x530cm\\\/#primaryimage\"},\"thumbnailUrl\":\"https:\\\/\\\/rodoaed.ee\\\/wp-content\\\/uploads\\\/2019\\\/08\\\/kasvuhoone-Hobby-Maxi_esileht_2.jpg\",\"datePublished\":\"2019-08-02T10:00:55+00:00\",\"dateModified\":\"2026-04-13T08:00:40+00:00\",\"description\":\"Greenhouse Hobby on pohjoisiin olosuhteisiin suunniteltu kest\u00e4v\u00e4 kasvihuone, joka kest\u00e4\u00e4 lumipeitteen ja myrskytuulet. 10 mm:n polykarbonaattikatto takaa erityisen hyv\u00e4n l\u00e4mm\u00f6neristyksen.\",\"breadcrumb\":{\"@id\":\"https:\\\/\\\/rodoaed.ee\\\/fi\\\/toode\\\/kasvihuone-hobby-125m2-236x530cm\\\/#breadcrumb\"},\"inLanguage\":\"fi\",\"potentialAction\":[{\"@type\":\"ReadAction\",\"target\":[\"https:\\\/\\\/rodoaed.ee\\\/fi\\\/toode\\\/kasvihuone-hobby-125m2-236x530cm\\\/\"]}]},{\"@type\":\"ImageObject\",\"inLanguage\":\"fi\",\"@id\":\"https:\\\/\\\/rodoaed.ee\\\/fi\\\/toode\\\/kasvihuone-hobby-125m2-236x530cm\\\/#primaryimage\",\"url\":\"https:\\\/\\\/rodoaed.ee\\\/wp-content\\\/uploads\\\/2019\\\/08\\\/kasvuhoone-Hobby-Maxi_esileht_2.jpg\",\"contentUrl\":\"https:\\\/\\\/rodoaed.ee\\\/wp-content\\\/uploads\\\/2019\\\/08\\\/kasvuhoone-Hobby-Maxi_esileht_2.jpg\",\"width\":1460,\"height\":1232,\"caption\":\"Kuvakaappaus\"},{\"@type\":\"BreadcrumbList\",\"@id\":\"https:\\\/\\\/rodoaed.ee\\\/fi\\\/toode\\\/kasvihuone-hobby-125m2-236x530cm\\\/#breadcrumb\",\"itemListElement\":[{\"@type\":\"ListItem\",\"position\":1,\"name\":\"Home\",\"item\":\"https:\\\/\\\/rodoaed.ee\\\/fi\\\/\"},{\"@type\":\"ListItem\",\"position\":2,\"name\":\"Osta osoitteessa\",\"item\":\"https:\\\/\\\/rodoaed.ee\\\/osta-osoitteessa\\\/\"},{\"@type\":\"ListItem\",\"position\":3,\"name\":\"Kasvihuone Hobby 12,5m2 236x530cm\"}]},{\"@type\":\"WebSite\",\"@id\":\"https:\\\/\\\/rodoaed.ee\\\/#website\",\"url\":\"https:\\\/\\\/rodoaed.ee\\\/\",\"name\":\"Rodoaed\",\"description\":\"\",\"publisher\":{\"@id\":\"https:\\\/\\\/rodoaed.ee\\\/#organization\"},\"potentialAction\":[{\"@type\":\"SearchAction\",\"target\":{\"@type\":\"EntryPoint\",\"urlTemplate\":\"https:\\\/\\\/rodoaed.ee\\\/?s={search_term_string}\"},\"query-input\":{\"@type\":\"PropertyValueSpecification\",\"valueRequired\":true,\"valueName\":\"search_term_string\"}}],\"inLanguage\":\"fi\"},{\"@type\":\"Organization\",\"@id\":\"https:\\\/\\\/rodoaed.ee\\\/#organization\",\"name\":\"Rodoaed\",\"url\":\"https:\\\/\\\/rodoaed.ee\\\/\",\"logo\":{\"@type\":\"ImageObject\",\"inLanguage\":\"fi\",\"@id\":\"https:\\\/\\\/rodoaed.ee\\\/#\\\/schema\\\/logo\\\/image\\\/\",\"url\":\"https:\\\/\\\/rodoaed.ee\\\/wp-content\\\/uploads\\\/2019\\\/11\\\/rodoaed-logo-ilma-taustata.jpg\",\"contentUrl\":\"https:\\\/\\\/rodoaed.ee\\\/wp-content\\\/uploads\\\/2019\\\/11\\\/rodoaed-logo-ilma-taustata.jpg\",\"width\":769,\"height\":268,\"caption\":\"Rodoaed\"},\"image\":{\"@id\":\"https:\\\/\\\/rodoaed.ee\\\/#\\\/schema\\\/logo\\\/image\\\/\"},\"sameAs\":[\"https:\\\/\\\/www.facebook.com\\\/kasvuhooned\\\/\",\"https:\\\/\\\/rodoaed.ee\"]}]}<\/script>\n<!-- \/ Yoast SEO Premium plugin. -->","yoast_head_json":{"title":"Kasvihuone Hobby 12,5m2 236x530cm% % -% Rodoaedin kasvihuoneet","description":"Greenhouse Hobby on pohjoisiin olosuhteisiin suunniteltu kest\u00e4v\u00e4 kasvihuone, joka kest\u00e4\u00e4 lumipeitteen ja myrskytuulet. 10 mm:n polykarbonaattikatto takaa erityisen hyv\u00e4n l\u00e4mm\u00f6neristyksen.","robots":{"index":"index","follow":"follow","max-snippet":"max-snippet:-1","max-image-preview":"max-image-preview:large","max-video-preview":"max-video-preview:-1"},"canonical":"https:\/\/rodoaed.ee\/fi\/toode\/kasvihuone-hobby-125m2-236x530cm\/","og_locale":"fi_FI","og_type":"article","og_title":"Kasvihuone Hobby 12,5m2 236x530cm","og_description":"Greenhouse Hobby on pohjoisiin olosuhteisiin suunniteltu vankka kasvihuone, joka kest\u00e4\u00e4 kylmi\u00e4 talvia ja myrskytuulia. Paksumpi 10 mm:n","og_url":"https:\/\/rodoaed.ee\/fi\/toode\/kasvihuone-hobby-125m2-236x530cm\/","og_site_name":"Rodoaed","article_publisher":"https:\/\/www.facebook.com\/kasvuhooned\/","article_modified_time":"2026-04-13T08:00:40+00:00","og_image":[{"width":1460,"height":1232,"url":"https:\/\/rodoaed.ee\/wp-content\/uploads\/2019\/08\/kasvuhoone-Hobby-Maxi_esileht_2.jpg","type":"image\/jpeg"}],"twitter_card":"summary_large_image","twitter_misc":{"Arvioitu lukuaika":"1 minuutti"},"schema":{"@context":"https:\/\/schema.org","@graph":[{"@type":"WebPage","@id":"https:\/\/rodoaed.ee\/fi\/toode\/kasvihuone-hobby-125m2-236x530cm\/","url":"https:\/\/rodoaed.ee\/fi\/toode\/kasvihuone-hobby-125m2-236x530cm\/","name":"Kasvihuone Hobby 12,5m2 236x530cm% % -% Rodoaedin kasvihuoneet","isPartOf":{"@id":"https:\/\/rodoaed.ee\/#website"},"primaryImageOfPage":{"@id":"https:\/\/rodoaed.ee\/fi\/toode\/kasvihuone-hobby-125m2-236x530cm\/#primaryimage"},"image":{"@id":"https:\/\/rodoaed.ee\/fi\/toode\/kasvihuone-hobby-125m2-236x530cm\/#primaryimage"},"thumbnailUrl":"https:\/\/rodoaed.ee\/wp-content\/uploads\/2019\/08\/kasvuhoone-Hobby-Maxi_esileht_2.jpg","datePublished":"2019-08-02T10:00:55+00:00","dateModified":"2026-04-13T08:00:40+00:00","description":"Greenhouse Hobby on pohjoisiin olosuhteisiin suunniteltu kest\u00e4v\u00e4 kasvihuone, joka kest\u00e4\u00e4 lumipeitteen ja myrskytuulet. 10 mm:n polykarbonaattikatto takaa erityisen hyv\u00e4n l\u00e4mm\u00f6neristyksen.","breadcrumb":{"@id":"https:\/\/rodoaed.ee\/fi\/toode\/kasvihuone-hobby-125m2-236x530cm\/#breadcrumb"},"inLanguage":"fi","potentialAction":[{"@type":"ReadAction","target":["https:\/\/rodoaed.ee\/fi\/toode\/kasvihuone-hobby-125m2-236x530cm\/"]}]},{"@type":"ImageObject","inLanguage":"fi","@id":"https:\/\/rodoaed.ee\/fi\/toode\/kasvihuone-hobby-125m2-236x530cm\/#primaryimage","url":"https:\/\/rodoaed.ee\/wp-content\/uploads\/2019\/08\/kasvuhoone-Hobby-Maxi_esileht_2.jpg","contentUrl":"https:\/\/rodoaed.ee\/wp-content\/uploads\/2019\/08\/kasvuhoone-Hobby-Maxi_esileht_2.jpg","width":1460,"height":1232,"caption":"Kuvakaappaus"},{"@type":"BreadcrumbList","@id":"https:\/\/rodoaed.ee\/fi\/toode\/kasvihuone-hobby-125m2-236x530cm\/#breadcrumb","itemListElement":[{"@type":"ListItem","position":1,"name":"Home","item":"https:\/\/rodoaed.ee\/fi\/"},{"@type":"ListItem","position":2,"name":"Osta osoitteessa","item":"https:\/\/rodoaed.ee\/osta-osoitteessa\/"},{"@type":"ListItem","position":3,"name":"Kasvihuone Hobby 12,5m2 236x530cm"}]},{"@type":"WebSite","@id":"https:\/\/rodoaed.ee\/#website","url":"https:\/\/rodoaed.ee\/","name":"Rodoaed","description":"","publisher":{"@id":"https:\/\/rodoaed.ee\/#organization"},"potentialAction":[{"@type":"SearchAction","target":{"@type":"EntryPoint","urlTemplate":"https:\/\/rodoaed.ee\/?s={search_term_string}"},"query-input":{"@type":"PropertyValueSpecification","valueRequired":true,"valueName":"search_term_string"}}],"inLanguage":"fi"},{"@type":"Organization","@id":"https:\/\/rodoaed.ee\/#organization","name":"Rodoaed","url":"https:\/\/rodoaed.ee\/","logo":{"@type":"ImageObject","inLanguage":"fi","@id":"https:\/\/rodoaed.ee\/#\/schema\/logo\/image\/","url":"https:\/\/rodoaed.ee\/wp-content\/uploads\/2019\/11\/rodoaed-logo-ilma-taustata.jpg","contentUrl":"https:\/\/rodoaed.ee\/wp-content\/uploads\/2019\/11\/rodoaed-logo-ilma-taustata.jpg","width":769,"height":268,"caption":"Rodoaed"},"image":{"@id":"https:\/\/rodoaed.ee\/#\/schema\/logo\/image\/"},"sameAs":["https:\/\/www.facebook.com\/kasvuhooned\/","https:\/\/rodoaed.ee"]}]}},"_links":{"self":[{"href":"https:\/\/rodoaed.ee\/fi\/wp-json\/wp\/v2\/product\/53133","targetHints":{"allow":["GET"]}}],"collection":[{"href":"https:\/\/rodoaed.ee\/fi\/wp-json\/wp\/v2\/product"}],"about":[{"href":"https:\/\/rodoaed.ee\/fi\/wp-json\/wp\/v2\/types\/product"}],"wp:featuredmedia":[{"embeddable":true,"href":"https:\/\/rodoaed.ee\/fi\/wp-json\/wp\/v2\/media\/52369"}],"wp:attachment":[{"href":"https:\/\/rodoaed.ee\/fi\/wp-json\/wp\/v2\/media?parent=53133"}],"wp:term":[{"taxonomy":"product_brand","embeddable":true,"href":"https:\/\/rodoaed.ee\/fi\/wp-json\/wp\/v2\/product_brand?post=53133"},{"taxonomy":"product_cat","embeddable":true,"href":"https:\/\/rodoaed.ee\/fi\/wp-json\/wp\/v2\/product_cat?post=53133"},{"taxonomy":"product_tag","embeddable":true,"href":"https:\/\/rodoaed.ee\/fi\/wp-json\/wp\/v2\/product_tag?post=53133"}],"curies":[{"name":"wp","href":"https:\/\/api.w.org\/{rel}","templated":true}]}}