{"id":53161,"date":"2019-08-02T13:03:47","date_gmt":"2019-08-02T10:03:47","guid":{"rendered":"https:\/\/rodoaed.ee\/toode\/hobby-sokliga-kasvihuone-309x753cm-233m2\/"},"modified":"2026-04-13T11:01:08","modified_gmt":"2026-04-13T08:01:08","slug":"hobby-sokliga-kasvihuone-309x753cm-233m2","status":"publish","type":"product","link":"https:\/\/rodoaed.ee\/fi\/tuote\/hobby-sokliga-kasvihuone-309x753cm-233m2\/","title":{"rendered":"Hobby Sokliga kasvihuone 309x753cm 23<sup>,3m2<\/sup>"},"content":{"rendered":"<h2>Kasvihuoneen mitat<\/h2>\n<p>Kasvihuoneen <strong>leveys on 308 cm<\/strong> ja pituus 309 cm &#8211; 900 cm. Suuret kattoaukot takaavat hyv\u00e4n ilmankierron. Kukin sein\u00e4aukko on noin 75cm leve\u00e4. Kasvihuone on varustettu leveill\u00e4 kouruilla ja asianmukaisilla alumiinisilla sy\u00f6ksyputkilla.   <\/p>\n<h2>Sein\u00e4n osan mitat<\/h2>\n<p><strong>Huomaa, ett\u00e4 kivimuuri ei sis\u00e4lly hintaan.<\/strong><\/p>\n<p><strong>Sein\u00e4n vakiokorkeus on 83 cm, mutta voit tilata my\u00f6s 43 cm korkean version.<\/strong> Voit valita kivimuurin haluamassasi v\u00e4riss\u00e4 tai betonista valettuna. Kiviosa ei sis\u00e4lly kasvihuoneeseen. <strong>Kokonaiskorkeus sein\u00e4osa mukaan lukien on 212cm ja katon j\u00e4nnev\u00e4li 284cm.<\/strong> Sein\u00e4n p\u00e4\u00e4lle on asetettava pohjalevy, jossa on sadevesireuna.   <\/p>\n<p>kivisein\u00e4 auttaa yll\u00e4pit\u00e4m\u00e4\u00e4n kasvihuoneen l\u00e4mp\u00f6tilaa, sill\u00e4 se imee auringon l\u00e4mp\u00f6\u00e4 p\u00e4iv\u00e4ll\u00e4 ja antaa sit\u00e4 takaisin y\u00f6ll\u00e4. Jalustamallin suuri etu perinteiseen malliin verrattuna on kaltevan maan k\u00e4ytt\u00f6. <\/p>\n<h2>Joustava oviasettelu<\/h2>\n<p>73 cm leve\u00e4 saranaovi asennetaan oletusarvoisesti p\u00e4\u00e4tysein\u00e4\u00e4n, mutta se voidaan pyynn\u00f6st\u00e4 asentaa my\u00f6s pidemm\u00e4lle sein\u00e4lle. Voit halutessasi korvata vakio-oven 2x73cm leve\u00e4ll\u00e4 kaksoissaranaovella. Ovia voidaan lis\u00e4t\u00e4 my\u00f6s mille tahansa sein\u00e4lle.  <\/p>\n<h2>Polykarbonaatti tai lasi<\/h2>\n<p>Voit valita kasvihuoneen katteeksi joko polykarbonaatin tai lasin. Vakiovaihtoehtona on vahva <strong>10 mm:n polykarbonaatti<\/strong>. Polykarbonaatin No-Drop-pinnoite est\u00e4\u00e4 kondenssiveden muodostumista ja lis\u00e4\u00e4 l\u00e4pin\u00e4kyvyytt\u00e4. Voit halutessasi valita kasvihuoneen katteeksi <strong>4 mm:n karkaistua lasia<\/strong>. Voit my\u00f6s tilata 4mm karkaistun lasin seinien ja vahvan polykarbonaattikaton <strong>yhdistelm\u00e4n<\/strong>.    <\/p>\n<h2>RAL maalattu runko<\/h2>\n<p>Kasvihuoneen runko on tavallisesti matta-alumiinia, mutta se voidaan my\u00f6s tilata pulverimaalattuna RAL-v\u00e4rein (9016, 8019, 9005, 7016, 6005, 6009 ja 3005).<\/p>\n<p><a href=\"https:\/\/rodoaed.ee\/fi\/\">kotisivu<\/a> <a href=\"https:\/\/rodoaed.ee\/tootekategooria\/kasvuhooned-ja-talveaiad\/\">k\u00e4ynnist\u00e4<\/a> <a href=\"https:\/\/rodoaed.ee\/fi\/tootekategooria\/harrastekasvihuoneet\/\">Harrastus<\/a><\/p>\n<p>&nbsp;<\/p>\n","protected":false},"excerpt":{"rendered":"<p>Kasvihuoneen mitat Kasvihuoneen leveys on 308 cm ja pituus 309 cm &#8211; 900 cm. Suuret kattoaukot takaavat hyv\u00e4n ilmankierron. Kukin sein\u00e4aukko on noin 75cm leve\u00e4. Kasvihuone on varustettu leveill\u00e4 kouruilla ja asianmukaisilla alumiinisilla sy\u00f6ksyputkilla. Sein\u00e4n osan mitat Huomaa, ett\u00e4 kivimuuri ei sis\u00e4lly hintaan. Sein\u00e4n vakiokorkeus on 83 cm, mutta voit tilata my\u00f6s 43 cm korkean version. Voit valita kivimuurin haluamassasi v\u00e4riss\u00e4 tai betonista valettuna. Kiviosa&#8230;<\/p>\n","protected":false},"featured_media":26500,"template":"","meta":{"_acf_changed":false},"product_brand":[],"product_cat":[1968,2116],"product_tag":[],"class_list":{"0":"post-53161","1":"product","2":"type-product","3":"status-publish","4":"has-post-thumbnail","6":"product_cat-harrastekasvihuoneet","7":"product_cat-hobby-sokkeli-kasvihuoneet","8":"pa_variatsioon-hobby-sokliga-kasvihuone-309x753cm-233m2","9":"pa_variatsioon-hobby-sokliga-kasvihuone-309x753cm-233m2-seinaosan-korkeus-seinaosan-korkeus-43cm","10":"pa_variatsioon-hobby-sokliga-kasvihuone-309x753cm-233m2-seinaosan-korkeus-seinaosan-korkeus-83cm","12":"first","13":"instock","14":"taxable","15":"shipping-taxable","16":"purchasable","17":"product-type-simple"},"acf":[],"yoast_head":"<!-- This site is optimized with the Yoast SEO Premium plugin v27.3 (Yoast SEO v27.3) - https:\/\/yoast.com\/product\/yoast-seo-premium-wordpress\/ -->\n<title>Hobby Sokliga kasvihuone 309x753cm 23,3m2 - Rodoaed<\/title>\n<meta name=\"robots\" content=\"index, follow, max-snippet:-1, max-image-preview:large, max-video-preview:-1\" \/>\n<link rel=\"canonical\" href=\"https:\/\/rodoaed.ee\/fi\/toode\/hobby-sokliga-kasvihuone-309x753cm-233m2\/\" \/>\n<meta property=\"og:locale\" content=\"fi_FI\" \/>\n<meta property=\"og:type\" content=\"article\" \/>\n<meta property=\"og:title\" content=\"Hobby Sokliga kasvihuone 309x753cm 23,3m2\" \/>\n<meta property=\"og:description\" content=\"Kasvihuoneen mitat Kasvihuoneen leveys on 308 cm ja pituus 309 cm - 900 cm. Suuret kattoaukot takaavat hyv\u00e4n ilmankierron. Kukin sein\u00e4aukko on noin 75cm\" \/>\n<meta property=\"og:url\" content=\"https:\/\/rodoaed.ee\/fi\/toode\/hobby-sokliga-kasvihuone-309x753cm-233m2\/\" \/>\n<meta property=\"og:site_name\" content=\"Rodoaed\" \/>\n<meta property=\"article:publisher\" content=\"https:\/\/www.facebook.com\/kasvuhooned\/\" \/>\n<meta property=\"article:modified_time\" content=\"2026-04-13T08:01:08+00:00\" \/>\n<meta property=\"og:image\" content=\"https:\/\/rodoaed.ee\/wp-content\/uploads\/2019\/08\/Kasvuhoone-sokliga_08.jpg\" \/>\n\t<meta property=\"og:image:width\" content=\"1024\" \/>\n\t<meta property=\"og:image:height\" content=\"682\" \/>\n\t<meta property=\"og:image:type\" content=\"image\/jpeg\" \/>\n<meta name=\"twitter:card\" content=\"summary_large_image\" \/>\n<meta name=\"twitter:label1\" content=\"Arvioitu lukuaika\" \/>\n\t<meta name=\"twitter:data1\" content=\"1 minuutti\" \/>\n<script type=\"application\/ld+json\" class=\"yoast-schema-graph\">{\"@context\":\"https:\\\/\\\/schema.org\",\"@graph\":[{\"@type\":\"WebPage\",\"@id\":\"https:\\\/\\\/rodoaed.ee\\\/fi\\\/toode\\\/hobby-sokliga-kasvihuone-309x753cm-233m2\\\/\",\"url\":\"https:\\\/\\\/rodoaed.ee\\\/fi\\\/toode\\\/hobby-sokliga-kasvihuone-309x753cm-233m2\\\/\",\"name\":\"Hobby Sokliga kasvihuone 309x753cm 23,3m2 - Rodoaed\",\"isPartOf\":{\"@id\":\"https:\\\/\\\/rodoaed.ee\\\/#website\"},\"primaryImageOfPage\":{\"@id\":\"https:\\\/\\\/rodoaed.ee\\\/fi\\\/toode\\\/hobby-sokliga-kasvihuone-309x753cm-233m2\\\/#primaryimage\"},\"image\":{\"@id\":\"https:\\\/\\\/rodoaed.ee\\\/fi\\\/toode\\\/hobby-sokliga-kasvihuone-309x753cm-233m2\\\/#primaryimage\"},\"thumbnailUrl\":\"https:\\\/\\\/rodoaed.ee\\\/wp-content\\\/uploads\\\/2019\\\/08\\\/Kasvuhoone-sokliga_08.jpg\",\"datePublished\":\"2019-08-02T10:03:47+00:00\",\"dateModified\":\"2026-04-13T08:01:08+00:00\",\"breadcrumb\":{\"@id\":\"https:\\\/\\\/rodoaed.ee\\\/fi\\\/toode\\\/hobby-sokliga-kasvihuone-309x753cm-233m2\\\/#breadcrumb\"},\"inLanguage\":\"fi\",\"potentialAction\":[{\"@type\":\"ReadAction\",\"target\":[\"https:\\\/\\\/rodoaed.ee\\\/fi\\\/toode\\\/hobby-sokliga-kasvihuone-309x753cm-233m2\\\/\"]}]},{\"@type\":\"ImageObject\",\"inLanguage\":\"fi\",\"@id\":\"https:\\\/\\\/rodoaed.ee\\\/fi\\\/toode\\\/hobby-sokliga-kasvihuone-309x753cm-233m2\\\/#primaryimage\",\"url\":\"https:\\\/\\\/rodoaed.ee\\\/wp-content\\\/uploads\\\/2019\\\/08\\\/Kasvuhoone-sokliga_08.jpg\",\"contentUrl\":\"https:\\\/\\\/rodoaed.ee\\\/wp-content\\\/uploads\\\/2019\\\/08\\\/Kasvuhoone-sokliga_08.jpg\",\"width\":1024,\"height\":682},{\"@type\":\"BreadcrumbList\",\"@id\":\"https:\\\/\\\/rodoaed.ee\\\/fi\\\/toode\\\/hobby-sokliga-kasvihuone-309x753cm-233m2\\\/#breadcrumb\",\"itemListElement\":[{\"@type\":\"ListItem\",\"position\":1,\"name\":\"Home\",\"item\":\"https:\\\/\\\/rodoaed.ee\\\/fi\\\/\"},{\"@type\":\"ListItem\",\"position\":2,\"name\":\"Osta osoitteessa\",\"item\":\"https:\\\/\\\/rodoaed.ee\\\/osta-osoitteessa\\\/\"},{\"@type\":\"ListItem\",\"position\":3,\"name\":\"Hobby Sokliga kasvihuone 309x753cm 23,3m2\"}]},{\"@type\":\"WebSite\",\"@id\":\"https:\\\/\\\/rodoaed.ee\\\/#website\",\"url\":\"https:\\\/\\\/rodoaed.ee\\\/\",\"name\":\"Rodoaed\",\"description\":\"\",\"publisher\":{\"@id\":\"https:\\\/\\\/rodoaed.ee\\\/#organization\"},\"potentialAction\":[{\"@type\":\"SearchAction\",\"target\":{\"@type\":\"EntryPoint\",\"urlTemplate\":\"https:\\\/\\\/rodoaed.ee\\\/?s={search_term_string}\"},\"query-input\":{\"@type\":\"PropertyValueSpecification\",\"valueRequired\":true,\"valueName\":\"search_term_string\"}}],\"inLanguage\":\"fi\"},{\"@type\":\"Organization\",\"@id\":\"https:\\\/\\\/rodoaed.ee\\\/#organization\",\"name\":\"Rodoaed\",\"url\":\"https:\\\/\\\/rodoaed.ee\\\/\",\"logo\":{\"@type\":\"ImageObject\",\"inLanguage\":\"fi\",\"@id\":\"https:\\\/\\\/rodoaed.ee\\\/#\\\/schema\\\/logo\\\/image\\\/\",\"url\":\"https:\\\/\\\/rodoaed.ee\\\/wp-content\\\/uploads\\\/2019\\\/11\\\/rodoaed-logo-ilma-taustata.jpg\",\"contentUrl\":\"https:\\\/\\\/rodoaed.ee\\\/wp-content\\\/uploads\\\/2019\\\/11\\\/rodoaed-logo-ilma-taustata.jpg\",\"width\":769,\"height\":268,\"caption\":\"Rodoaed\"},\"image\":{\"@id\":\"https:\\\/\\\/rodoaed.ee\\\/#\\\/schema\\\/logo\\\/image\\\/\"},\"sameAs\":[\"https:\\\/\\\/www.facebook.com\\\/kasvuhooned\\\/\",\"https:\\\/\\\/rodoaed.ee\"]}]}<\/script>\n<!-- \/ Yoast SEO Premium plugin. -->","yoast_head_json":{"title":"Hobby Sokliga kasvihuone 309x753cm 23,3m2 - Rodoaed","robots":{"index":"index","follow":"follow","max-snippet":"max-snippet:-1","max-image-preview":"max-image-preview:large","max-video-preview":"max-video-preview:-1"},"canonical":"https:\/\/rodoaed.ee\/fi\/toode\/hobby-sokliga-kasvihuone-309x753cm-233m2\/","og_locale":"fi_FI","og_type":"article","og_title":"Hobby Sokliga kasvihuone 309x753cm 23,3m2","og_description":"Kasvihuoneen mitat Kasvihuoneen leveys on 308 cm ja pituus 309 cm - 900 cm. Suuret kattoaukot takaavat hyv\u00e4n ilmankierron. Kukin sein\u00e4aukko on noin 75cm","og_url":"https:\/\/rodoaed.ee\/fi\/toode\/hobby-sokliga-kasvihuone-309x753cm-233m2\/","og_site_name":"Rodoaed","article_publisher":"https:\/\/www.facebook.com\/kasvuhooned\/","article_modified_time":"2026-04-13T08:01:08+00:00","og_image":[{"width":1024,"height":682,"url":"https:\/\/rodoaed.ee\/wp-content\/uploads\/2019\/08\/Kasvuhoone-sokliga_08.jpg","type":"image\/jpeg"}],"twitter_card":"summary_large_image","twitter_misc":{"Arvioitu lukuaika":"1 minuutti"},"schema":{"@context":"https:\/\/schema.org","@graph":[{"@type":"WebPage","@id":"https:\/\/rodoaed.ee\/fi\/toode\/hobby-sokliga-kasvihuone-309x753cm-233m2\/","url":"https:\/\/rodoaed.ee\/fi\/toode\/hobby-sokliga-kasvihuone-309x753cm-233m2\/","name":"Hobby Sokliga kasvihuone 309x753cm 23,3m2 - Rodoaed","isPartOf":{"@id":"https:\/\/rodoaed.ee\/#website"},"primaryImageOfPage":{"@id":"https:\/\/rodoaed.ee\/fi\/toode\/hobby-sokliga-kasvihuone-309x753cm-233m2\/#primaryimage"},"image":{"@id":"https:\/\/rodoaed.ee\/fi\/toode\/hobby-sokliga-kasvihuone-309x753cm-233m2\/#primaryimage"},"thumbnailUrl":"https:\/\/rodoaed.ee\/wp-content\/uploads\/2019\/08\/Kasvuhoone-sokliga_08.jpg","datePublished":"2019-08-02T10:03:47+00:00","dateModified":"2026-04-13T08:01:08+00:00","breadcrumb":{"@id":"https:\/\/rodoaed.ee\/fi\/toode\/hobby-sokliga-kasvihuone-309x753cm-233m2\/#breadcrumb"},"inLanguage":"fi","potentialAction":[{"@type":"ReadAction","target":["https:\/\/rodoaed.ee\/fi\/toode\/hobby-sokliga-kasvihuone-309x753cm-233m2\/"]}]},{"@type":"ImageObject","inLanguage":"fi","@id":"https:\/\/rodoaed.ee\/fi\/toode\/hobby-sokliga-kasvihuone-309x753cm-233m2\/#primaryimage","url":"https:\/\/rodoaed.ee\/wp-content\/uploads\/2019\/08\/Kasvuhoone-sokliga_08.jpg","contentUrl":"https:\/\/rodoaed.ee\/wp-content\/uploads\/2019\/08\/Kasvuhoone-sokliga_08.jpg","width":1024,"height":682},{"@type":"BreadcrumbList","@id":"https:\/\/rodoaed.ee\/fi\/toode\/hobby-sokliga-kasvihuone-309x753cm-233m2\/#breadcrumb","itemListElement":[{"@type":"ListItem","position":1,"name":"Home","item":"https:\/\/rodoaed.ee\/fi\/"},{"@type":"ListItem","position":2,"name":"Osta osoitteessa","item":"https:\/\/rodoaed.ee\/osta-osoitteessa\/"},{"@type":"ListItem","position":3,"name":"Hobby Sokliga kasvihuone 309x753cm 23,3m2"}]},{"@type":"WebSite","@id":"https:\/\/rodoaed.ee\/#website","url":"https:\/\/rodoaed.ee\/","name":"Rodoaed","description":"","publisher":{"@id":"https:\/\/rodoaed.ee\/#organization"},"potentialAction":[{"@type":"SearchAction","target":{"@type":"EntryPoint","urlTemplate":"https:\/\/rodoaed.ee\/?s={search_term_string}"},"query-input":{"@type":"PropertyValueSpecification","valueRequired":true,"valueName":"search_term_string"}}],"inLanguage":"fi"},{"@type":"Organization","@id":"https:\/\/rodoaed.ee\/#organization","name":"Rodoaed","url":"https:\/\/rodoaed.ee\/","logo":{"@type":"ImageObject","inLanguage":"fi","@id":"https:\/\/rodoaed.ee\/#\/schema\/logo\/image\/","url":"https:\/\/rodoaed.ee\/wp-content\/uploads\/2019\/11\/rodoaed-logo-ilma-taustata.jpg","contentUrl":"https:\/\/rodoaed.ee\/wp-content\/uploads\/2019\/11\/rodoaed-logo-ilma-taustata.jpg","width":769,"height":268,"caption":"Rodoaed"},"image":{"@id":"https:\/\/rodoaed.ee\/#\/schema\/logo\/image\/"},"sameAs":["https:\/\/www.facebook.com\/kasvuhooned\/","https:\/\/rodoaed.ee"]}]}},"_links":{"self":[{"href":"https:\/\/rodoaed.ee\/fi\/wp-json\/wp\/v2\/product\/53161","targetHints":{"allow":["GET"]}}],"collection":[{"href":"https:\/\/rodoaed.ee\/fi\/wp-json\/wp\/v2\/product"}],"about":[{"href":"https:\/\/rodoaed.ee\/fi\/wp-json\/wp\/v2\/types\/product"}],"wp:featuredmedia":[{"embeddable":true,"href":"https:\/\/rodoaed.ee\/fi\/wp-json\/wp\/v2\/media\/26500"}],"wp:attachment":[{"href":"https:\/\/rodoaed.ee\/fi\/wp-json\/wp\/v2\/media?parent=53161"}],"wp:term":[{"taxonomy":"product_brand","embeddable":true,"href":"https:\/\/rodoaed.ee\/fi\/wp-json\/wp\/v2\/product_brand?post=53161"},{"taxonomy":"product_cat","embeddable":true,"href":"https:\/\/rodoaed.ee\/fi\/wp-json\/wp\/v2\/product_cat?post=53161"},{"taxonomy":"product_tag","embeddable":true,"href":"https:\/\/rodoaed.ee\/fi\/wp-json\/wp\/v2\/product_tag?post=53161"}],"curies":[{"name":"wp","href":"https:\/\/api.w.org\/{rel}","templated":true}]}}