{"id":53169,"date":"2019-08-02T13:04:06","date_gmt":"2019-08-02T10:04:06","guid":{"rendered":"https:\/\/rodoaed.ee\/toode\/talvipuutarha-viktoriaaninen-309x904cm-oviosa-161cm-sokkeli-83cm\/"},"modified":"2026-04-13T11:01:16","modified_gmt":"2026-04-13T08:01:16","slug":"talvipuutarha-viktoriaaninen-309x904cm-oviosa-161cm-sokkeli-83cm","status":"publish","type":"product","link":"https:\/\/rodoaed.ee\/fi\/tuote\/talvipuutarha-viktoriaaninen-309x904cm-oviosa-161cm-sokkeli-83cm\/","title":{"rendered":"Talvipuutarha viktoriaaninen 309x904cm, oviosa 161cm, sokkeli 83cm."},"content":{"rendered":"<p><strong>P\u00e4\u00e4osa DxA= 309x904cm, oviosan leveys 161cm (C), saranaovi, korkeus 43cm tai 83cm, perusmuurilla, vesikatteisella sein\u00e4ll\u00e4.<\/strong><\/p>\n<h2>Talvipuutarhan mitat<\/h2>\n<p>Talvihuoneen leveys on 309 cm ja pituus on saatavana 457 cm, 604 cm, 753 cm ja 904 cm. Sivusein\u00e4n tai r\u00e4yst\u00e4\u00e4n korkeus sein\u00e4osa mukaan lukien on <strong>218 cm<\/strong> ja katon harjan korkeus <strong>368 cm.<\/strong> Talvihuoneen mukana toimitetaan jo sadesuoja perusmuuriin. Leve\u00e4t kourut ja kunnolliset alumiiniset sy\u00f6ksyputket kuuluvat my\u00f6s vakiovarusteisiin.   <\/p>\n<p>Viktoriaanisen konservatorion pohjaratkaisu on T-muotoinen, eli siin\u00e4 on pitk\u00e4 p\u00e4\u00e4osa, jonka pidemm\u00e4ll\u00e4 sivulla on sokkelinen sis\u00e4\u00e4nk\u00e4ynti. Sis\u00e4\u00e4nk\u00e4ynnin ulkoterassin leveys voi olla joko 161 cm leve\u00e4, kun kyseess\u00e4 on yksiovi, tai 236 cm leve\u00e4, kun kyseess\u00e4 on pariovi. Sis\u00e4\u00e4nk\u00e4ynnin syvyys eli ulkonema p\u00e4\u00e4tysein\u00e4st\u00e4 (B) on molemmissa tapauksissa 84 cm.  <\/p>\n<p>Oletusarvoisesti sarjassa on yksi ovi, mutta voit halutessasi tilata t\u00e4h\u00e4n malliin lis\u00e4ovia jokaiseen sein\u00e4\u00e4n. Viktoriaanisissa malleissa on 2-6 erikokoista kattoikkunaa. Katossa on viktoriaaninen kattoharjakoriste.  <\/p>\n<p><strong>Oheinen kuva on havainnollistava ja saattaa poiketa yksityiskohdiltaan vakiopaketista.<\/strong><\/p>\n<p><strong>Huom. perusmuuri ei sis\u00e4lly sarjaan<\/strong><\/p>\n<p><img loading=\"lazy\" decoding=\"async\" class=\"alignleft wp-image-37092\" src=\"https:\/\/rodoaed.ee\/wp-content\/uploads\/2019\/08\/Talveaed-Victorian_pohiplaan.png\" alt=\"\" width=\"450\" height=\"390\"><\/p>\n<h2>Polykarbonaatti tai lasi<\/h2>\n<p>Kasvihuoneen katoksi voit valita joko vahvan kirkkaan polykarbonaatin tai 4 mm:n karkaistua lasia. Vahva 8 mm:n polykarbonaatti on vakiovaruste. Polykarbonaatin No-Drop-pinnoite est\u00e4\u00e4 kondenssiveden muodostumista ja parantaa l\u00e4pin\u00e4kyvyytt\u00e4. Voit halutessasi valita kasvihuoneen katteeksi 4 mm:n karkaistua lasia.   <\/p>\n<p>On my\u00f6s mahdollista tilata yhdistelm\u00e4paketti eli lasisein\u00e4t ja polykarbonaattikatto. T\u00e4m\u00e4 on k\u00e4tev\u00e4 vaihtoehto, sill\u00e4 katon polykarbonaatti hajottaa sek\u00e4 valoa ett\u00e4 l\u00e4mp\u00f6\u00e4 ja takaa tasaisemman valon ja l\u00e4mp\u00f6tilan sis\u00e4tiloissa. <\/p>\n<h2>Konservatorion aluskehys<\/h2>\n<p>Tukeva alumiininen runko antaa talvihuoneelle suuremman vakauden ja helpottaa kokoamista huomattavasti. Runko on valmistettu vahvasta karppiprofiilista ja se on noin 13 cm korkea. Peruskehyksess\u00e4 on ankkurointitapit, jotka voidaan kaivaa maahan tai valaa sekaan.   Peruskehys voi siten korvata erillisen perustuksen.<\/p>\n<h2>RAL maalattu runko<\/h2>\n<p>Kasvihuoneen runko on tavallisesti matta-alumiinia, mutta se voidaan my\u00f6s tilata pulverimaalattuna RAL-v\u00e4rein (1013, 1019, 3004, 3011, 6005, 6009, 6013, 7016, 9005). Erikoistilauksesta on saatavana my\u00f6s muita RAL-s\u00e4vyj\u00e4. <\/p>\n<p>T\u00e4t\u00e4 mallia on k\u00e4ytetty k\u00e4yt\u00e4nn\u00f6ss\u00e4 perheen ruokailu- ja kokoontumispaikkana, kasvien kasvihuoneena ja ammattivalokuvaajien valokuvausstudiona luonnonvalon hy\u00f6dynt\u00e4miseksi.<\/p>\n<p><a href=\"https:\/\/rodoaed.ee\/fi\/\">kotisivu<\/a> <a href=\"https:\/\/rodoaed.ee\/tootekategooria\/kasvuhooned-ja-talveaiad\/\">k\u00e4ynnist\u00e4<\/a> <a href=\"https:\/\/rodoaed.ee\/fi\/tootekategooria\/euro-serren-talvipuutarhat\/\">konservatoriot<\/a><\/p>\n<p>&nbsp;<\/p>\n<p>&nbsp;<\/p>\n","protected":false},"excerpt":{"rendered":"<p>P\u00e4\u00e4osa DxA= 309x904cm, oviosan leveys 161cm (C), saranaovi, korkeus 43cm tai 83cm, perusmuurilla, vesikatteisella sein\u00e4ll\u00e4. Talvipuutarhan mitat Talvihuoneen leveys on 309 cm ja pituus on saatavana 457 cm, 604 cm, 753 cm ja 904 cm. Sivusein\u00e4n tai r\u00e4yst\u00e4\u00e4n korkeus sein\u00e4osa mukaan lukien on 218 cm ja katon harjan korkeus 368 cm. Talvihuoneen mukana toimitetaan jo sadesuoja perusmuuriin. Leve\u00e4t kourut ja kunnolliset alumiiniset sy\u00f6ksyputket kuuluvat my\u00f6s&#8230;<\/p>\n","protected":false},"featured_media":40541,"template":"","meta":{"_acf_changed":false},"product_brand":[],"product_cat":[1828,2014],"product_tag":[],"class_list":{"0":"post-53169","1":"product","2":"type-product","3":"status-publish","4":"has-post-thumbnail","6":"product_cat-euro-serren-talvipuutarhat","7":"product_cat-talvipuutarha-viktoriaaninen","8":"pa_variatsioon-talvipuutarha-victorian-309x904cm-oviosa-161cm-sokkelilla-seinaosan-korkeus-seinaosan-korkeus-43cm","9":"pa_variatsioon-talvipuutarha-victorian-309x904cm-oviosa-161cm-sokkelilla-seinaosan-korkeus-seinaosan-korkeus-83cm","10":"pa_variatsioon-talvipuutarha-viktoriaaninen-309x904cm-oviosa-161cm-sokkelilla","12":"first","13":"instock","14":"taxable","15":"shipping-taxable","16":"purchasable","17":"product-type-simple"},"acf":[],"yoast_head":"<!-- This site is optimized with the Yoast SEO Premium plugin v27.3 (Yoast SEO v27.3) - https:\/\/yoast.com\/product\/yoast-seo-premium-wordpress\/ -->\n<title>Talvipuutarha viktoriaaninen 309x904cm, oviosa 161cm, sokkeli 83cm. - Rodoaed<\/title>\n<meta name=\"robots\" content=\"index, follow, max-snippet:-1, max-image-preview:large, max-video-preview:-1\" \/>\n<link rel=\"canonical\" href=\"https:\/\/rodoaed.ee\/fi\/toode\/talvipuutarha-viktoriaaninen-309x904cm-oviosa-161cm-sokkeli-83cm\/\" \/>\n<meta property=\"og:locale\" content=\"fi_FI\" \/>\n<meta property=\"og:type\" content=\"article\" \/>\n<meta property=\"og:title\" content=\"Talvipuutarha viktoriaaninen 309x904cm, oviosa 161cm, sokkeli 83cm.\" \/>\n<meta property=\"og:description\" content=\"P\u00e4\u00e4osa DxA= 309x904cm, oviosan leveys 161cm (C), saranaovi, korkeus 43cm tai 83cm, perusmuurilla, vesikatteisella sein\u00e4ll\u00e4. Talvipuutarhan mitat\" \/>\n<meta property=\"og:url\" content=\"https:\/\/rodoaed.ee\/fi\/toode\/talvipuutarha-viktoriaaninen-309x904cm-oviosa-161cm-sokkeli-83cm\/\" \/>\n<meta property=\"og:site_name\" content=\"Rodoaed\" \/>\n<meta property=\"article:publisher\" content=\"https:\/\/www.facebook.com\/kasvuhooned\/\" \/>\n<meta property=\"article:modified_time\" content=\"2026-04-13T08:01:16+00:00\" \/>\n<meta property=\"og:image\" content=\"https:\/\/rodoaed.ee\/wp-content\/uploads\/2019\/08\/Victorian-Jogeva_01_2020.jpg\" \/>\n\t<meta property=\"og:image:width\" content=\"1824\" \/>\n\t<meta property=\"og:image:height\" content=\"872\" \/>\n\t<meta property=\"og:image:type\" content=\"image\/jpeg\" \/>\n<meta name=\"twitter:card\" content=\"summary_large_image\" \/>\n<meta name=\"twitter:label1\" content=\"Arvioitu lukuaika\" \/>\n\t<meta name=\"twitter:data1\" content=\"2 minuuttia\" \/>\n<script type=\"application\/ld+json\" class=\"yoast-schema-graph\">{\"@context\":\"https:\\\/\\\/schema.org\",\"@graph\":[{\"@type\":\"WebPage\",\"@id\":\"https:\\\/\\\/rodoaed.ee\\\/fi\\\/toode\\\/talvipuutarha-viktoriaaninen-309x904cm-oviosa-161cm-sokkeli-83cm\\\/\",\"url\":\"https:\\\/\\\/rodoaed.ee\\\/fi\\\/toode\\\/talvipuutarha-viktoriaaninen-309x904cm-oviosa-161cm-sokkeli-83cm\\\/\",\"name\":\"Talvipuutarha viktoriaaninen 309x904cm, oviosa 161cm, sokkeli 83cm. - Rodoaed\",\"isPartOf\":{\"@id\":\"https:\\\/\\\/rodoaed.ee\\\/#website\"},\"primaryImageOfPage\":{\"@id\":\"https:\\\/\\\/rodoaed.ee\\\/fi\\\/toode\\\/talvipuutarha-viktoriaaninen-309x904cm-oviosa-161cm-sokkeli-83cm\\\/#primaryimage\"},\"image\":{\"@id\":\"https:\\\/\\\/rodoaed.ee\\\/fi\\\/toode\\\/talvipuutarha-viktoriaaninen-309x904cm-oviosa-161cm-sokkeli-83cm\\\/#primaryimage\"},\"thumbnailUrl\":\"https:\\\/\\\/rodoaed.ee\\\/wp-content\\\/uploads\\\/2019\\\/08\\\/Victorian-Jogeva_01_2020.jpg\",\"datePublished\":\"2019-08-02T10:04:06+00:00\",\"dateModified\":\"2026-04-13T08:01:16+00:00\",\"breadcrumb\":{\"@id\":\"https:\\\/\\\/rodoaed.ee\\\/fi\\\/toode\\\/talvipuutarha-viktoriaaninen-309x904cm-oviosa-161cm-sokkeli-83cm\\\/#breadcrumb\"},\"inLanguage\":\"fi\",\"potentialAction\":[{\"@type\":\"ReadAction\",\"target\":[\"https:\\\/\\\/rodoaed.ee\\\/fi\\\/toode\\\/talvipuutarha-viktoriaaninen-309x904cm-oviosa-161cm-sokkeli-83cm\\\/\"]}]},{\"@type\":\"ImageObject\",\"inLanguage\":\"fi\",\"@id\":\"https:\\\/\\\/rodoaed.ee\\\/fi\\\/toode\\\/talvipuutarha-viktoriaaninen-309x904cm-oviosa-161cm-sokkeli-83cm\\\/#primaryimage\",\"url\":\"https:\\\/\\\/rodoaed.ee\\\/wp-content\\\/uploads\\\/2019\\\/08\\\/Victorian-Jogeva_01_2020.jpg\",\"contentUrl\":\"https:\\\/\\\/rodoaed.ee\\\/wp-content\\\/uploads\\\/2019\\\/08\\\/Victorian-Jogeva_01_2020.jpg\",\"width\":1824,\"height\":872},{\"@type\":\"BreadcrumbList\",\"@id\":\"https:\\\/\\\/rodoaed.ee\\\/fi\\\/toode\\\/talvipuutarha-viktoriaaninen-309x904cm-oviosa-161cm-sokkeli-83cm\\\/#breadcrumb\",\"itemListElement\":[{\"@type\":\"ListItem\",\"position\":1,\"name\":\"Home\",\"item\":\"https:\\\/\\\/rodoaed.ee\\\/fi\\\/\"},{\"@type\":\"ListItem\",\"position\":2,\"name\":\"Osta osoitteessa\",\"item\":\"https:\\\/\\\/rodoaed.ee\\\/osta-osoitteessa\\\/\"},{\"@type\":\"ListItem\",\"position\":3,\"name\":\"Talvipuutarha viktoriaaninen 309x904cm, oviosa 161cm, sokkeli 83cm.\"}]},{\"@type\":\"WebSite\",\"@id\":\"https:\\\/\\\/rodoaed.ee\\\/#website\",\"url\":\"https:\\\/\\\/rodoaed.ee\\\/\",\"name\":\"Rodoaed\",\"description\":\"\",\"publisher\":{\"@id\":\"https:\\\/\\\/rodoaed.ee\\\/#organization\"},\"potentialAction\":[{\"@type\":\"SearchAction\",\"target\":{\"@type\":\"EntryPoint\",\"urlTemplate\":\"https:\\\/\\\/rodoaed.ee\\\/?s={search_term_string}\"},\"query-input\":{\"@type\":\"PropertyValueSpecification\",\"valueRequired\":true,\"valueName\":\"search_term_string\"}}],\"inLanguage\":\"fi\"},{\"@type\":\"Organization\",\"@id\":\"https:\\\/\\\/rodoaed.ee\\\/#organization\",\"name\":\"Rodoaed\",\"url\":\"https:\\\/\\\/rodoaed.ee\\\/\",\"logo\":{\"@type\":\"ImageObject\",\"inLanguage\":\"fi\",\"@id\":\"https:\\\/\\\/rodoaed.ee\\\/#\\\/schema\\\/logo\\\/image\\\/\",\"url\":\"https:\\\/\\\/rodoaed.ee\\\/wp-content\\\/uploads\\\/2019\\\/11\\\/rodoaed-logo-ilma-taustata.jpg\",\"contentUrl\":\"https:\\\/\\\/rodoaed.ee\\\/wp-content\\\/uploads\\\/2019\\\/11\\\/rodoaed-logo-ilma-taustata.jpg\",\"width\":769,\"height\":268,\"caption\":\"Rodoaed\"},\"image\":{\"@id\":\"https:\\\/\\\/rodoaed.ee\\\/#\\\/schema\\\/logo\\\/image\\\/\"},\"sameAs\":[\"https:\\\/\\\/www.facebook.com\\\/kasvuhooned\\\/\",\"https:\\\/\\\/rodoaed.ee\"]}]}<\/script>\n<!-- \/ Yoast SEO Premium plugin. -->","yoast_head_json":{"title":"Talvipuutarha viktoriaaninen 309x904cm, oviosa 161cm, sokkeli 83cm. - Rodoaed","robots":{"index":"index","follow":"follow","max-snippet":"max-snippet:-1","max-image-preview":"max-image-preview:large","max-video-preview":"max-video-preview:-1"},"canonical":"https:\/\/rodoaed.ee\/fi\/toode\/talvipuutarha-viktoriaaninen-309x904cm-oviosa-161cm-sokkeli-83cm\/","og_locale":"fi_FI","og_type":"article","og_title":"Talvipuutarha viktoriaaninen 309x904cm, oviosa 161cm, sokkeli 83cm.","og_description":"P\u00e4\u00e4osa DxA= 309x904cm, oviosan leveys 161cm (C), saranaovi, korkeus 43cm tai 83cm, perusmuurilla, vesikatteisella sein\u00e4ll\u00e4. Talvipuutarhan mitat","og_url":"https:\/\/rodoaed.ee\/fi\/toode\/talvipuutarha-viktoriaaninen-309x904cm-oviosa-161cm-sokkeli-83cm\/","og_site_name":"Rodoaed","article_publisher":"https:\/\/www.facebook.com\/kasvuhooned\/","article_modified_time":"2026-04-13T08:01:16+00:00","og_image":[{"width":1824,"height":872,"url":"https:\/\/rodoaed.ee\/wp-content\/uploads\/2019\/08\/Victorian-Jogeva_01_2020.jpg","type":"image\/jpeg"}],"twitter_card":"summary_large_image","twitter_misc":{"Arvioitu lukuaika":"2 minuuttia"},"schema":{"@context":"https:\/\/schema.org","@graph":[{"@type":"WebPage","@id":"https:\/\/rodoaed.ee\/fi\/toode\/talvipuutarha-viktoriaaninen-309x904cm-oviosa-161cm-sokkeli-83cm\/","url":"https:\/\/rodoaed.ee\/fi\/toode\/talvipuutarha-viktoriaaninen-309x904cm-oviosa-161cm-sokkeli-83cm\/","name":"Talvipuutarha viktoriaaninen 309x904cm, oviosa 161cm, sokkeli 83cm. - Rodoaed","isPartOf":{"@id":"https:\/\/rodoaed.ee\/#website"},"primaryImageOfPage":{"@id":"https:\/\/rodoaed.ee\/fi\/toode\/talvipuutarha-viktoriaaninen-309x904cm-oviosa-161cm-sokkeli-83cm\/#primaryimage"},"image":{"@id":"https:\/\/rodoaed.ee\/fi\/toode\/talvipuutarha-viktoriaaninen-309x904cm-oviosa-161cm-sokkeli-83cm\/#primaryimage"},"thumbnailUrl":"https:\/\/rodoaed.ee\/wp-content\/uploads\/2019\/08\/Victorian-Jogeva_01_2020.jpg","datePublished":"2019-08-02T10:04:06+00:00","dateModified":"2026-04-13T08:01:16+00:00","breadcrumb":{"@id":"https:\/\/rodoaed.ee\/fi\/toode\/talvipuutarha-viktoriaaninen-309x904cm-oviosa-161cm-sokkeli-83cm\/#breadcrumb"},"inLanguage":"fi","potentialAction":[{"@type":"ReadAction","target":["https:\/\/rodoaed.ee\/fi\/toode\/talvipuutarha-viktoriaaninen-309x904cm-oviosa-161cm-sokkeli-83cm\/"]}]},{"@type":"ImageObject","inLanguage":"fi","@id":"https:\/\/rodoaed.ee\/fi\/toode\/talvipuutarha-viktoriaaninen-309x904cm-oviosa-161cm-sokkeli-83cm\/#primaryimage","url":"https:\/\/rodoaed.ee\/wp-content\/uploads\/2019\/08\/Victorian-Jogeva_01_2020.jpg","contentUrl":"https:\/\/rodoaed.ee\/wp-content\/uploads\/2019\/08\/Victorian-Jogeva_01_2020.jpg","width":1824,"height":872},{"@type":"BreadcrumbList","@id":"https:\/\/rodoaed.ee\/fi\/toode\/talvipuutarha-viktoriaaninen-309x904cm-oviosa-161cm-sokkeli-83cm\/#breadcrumb","itemListElement":[{"@type":"ListItem","position":1,"name":"Home","item":"https:\/\/rodoaed.ee\/fi\/"},{"@type":"ListItem","position":2,"name":"Osta osoitteessa","item":"https:\/\/rodoaed.ee\/osta-osoitteessa\/"},{"@type":"ListItem","position":3,"name":"Talvipuutarha viktoriaaninen 309x904cm, oviosa 161cm, sokkeli 83cm."}]},{"@type":"WebSite","@id":"https:\/\/rodoaed.ee\/#website","url":"https:\/\/rodoaed.ee\/","name":"Rodoaed","description":"","publisher":{"@id":"https:\/\/rodoaed.ee\/#organization"},"potentialAction":[{"@type":"SearchAction","target":{"@type":"EntryPoint","urlTemplate":"https:\/\/rodoaed.ee\/?s={search_term_string}"},"query-input":{"@type":"PropertyValueSpecification","valueRequired":true,"valueName":"search_term_string"}}],"inLanguage":"fi"},{"@type":"Organization","@id":"https:\/\/rodoaed.ee\/#organization","name":"Rodoaed","url":"https:\/\/rodoaed.ee\/","logo":{"@type":"ImageObject","inLanguage":"fi","@id":"https:\/\/rodoaed.ee\/#\/schema\/logo\/image\/","url":"https:\/\/rodoaed.ee\/wp-content\/uploads\/2019\/11\/rodoaed-logo-ilma-taustata.jpg","contentUrl":"https:\/\/rodoaed.ee\/wp-content\/uploads\/2019\/11\/rodoaed-logo-ilma-taustata.jpg","width":769,"height":268,"caption":"Rodoaed"},"image":{"@id":"https:\/\/rodoaed.ee\/#\/schema\/logo\/image\/"},"sameAs":["https:\/\/www.facebook.com\/kasvuhooned\/","https:\/\/rodoaed.ee"]}]}},"_links":{"self":[{"href":"https:\/\/rodoaed.ee\/fi\/wp-json\/wp\/v2\/product\/53169","targetHints":{"allow":["GET"]}}],"collection":[{"href":"https:\/\/rodoaed.ee\/fi\/wp-json\/wp\/v2\/product"}],"about":[{"href":"https:\/\/rodoaed.ee\/fi\/wp-json\/wp\/v2\/types\/product"}],"wp:featuredmedia":[{"embeddable":true,"href":"https:\/\/rodoaed.ee\/fi\/wp-json\/wp\/v2\/media\/40541"}],"wp:attachment":[{"href":"https:\/\/rodoaed.ee\/fi\/wp-json\/wp\/v2\/media?parent=53169"}],"wp:term":[{"taxonomy":"product_brand","embeddable":true,"href":"https:\/\/rodoaed.ee\/fi\/wp-json\/wp\/v2\/product_brand?post=53169"},{"taxonomy":"product_cat","embeddable":true,"href":"https:\/\/rodoaed.ee\/fi\/wp-json\/wp\/v2\/product_cat?post=53169"},{"taxonomy":"product_tag","embeddable":true,"href":"https:\/\/rodoaed.ee\/fi\/wp-json\/wp\/v2\/product_tag?post=53169"}],"curies":[{"name":"wp","href":"https:\/\/api.w.org\/{rel}","templated":true}]}}