{"id":53176,"date":"2019-09-28T11:38:47","date_gmt":"2019-09-28T08:38:47","guid":{"rendered":"https:\/\/rodoaed.ee\/toode\/kasvihuoneen-kaasulammitin-frosty-4500\/"},"modified":"2026-04-13T11:01:24","modified_gmt":"2026-04-13T08:01:24","slug":"kasvihuoneen-kaasulammitin-frosty-4500","status":"publish","type":"product","link":"https:\/\/rodoaed.ee\/fi\/tuote\/kasvihuoneen-kaasulammitin-frosty-4500\/","title":{"rendered":"Kasvihuoneen kaasul\u00e4mmitin Frosty 4500"},"content":{"rendered":"<h3>Frosty 4500 on tehokas, taloudellinen ja turvallinen l\u00e4mmitin kasvihuoneisiin, talvihuoneisiin ja verannoille.<\/h3>\n<p><strong>Soveltuu parhaiten noin 8-20 m2:n kasvihuoneiden l\u00e4mmitykseen.<\/strong><\/p>\n<p>(Kaikki riippuu kasvihuoneen l\u00e4mm\u00f6npid\u00e4tyskyvyst\u00e4 ja ilman l\u00e4mp\u00f6tilasta.) Hyvin eristetyiss\u00e4 Euro-Serre-kasvihuoneissa neli\u00f6metrien m\u00e4\u00e4r\u00e4 voi olla huomattavasti suurempi).<\/p>\n<p>BioGreen Frosty 4500 toimii matalal\u00e4mp\u00f6isell\u00e4 liekill\u00e4, joka tuottaa sek\u00e4 l\u00e4mp\u00f6\u00e4 ett\u00e4 hiilidioksidia. Molemmat ovat v\u00e4ltt\u00e4m\u00e4tt\u00f6mi\u00e4 kasvien voimakkaalle kasvulle. L\u00e4mmitin toimii propaanikaasulla. L\u00e4mp\u00f6suoja takaa maksimaalisen turvallisuuden ja est\u00e4\u00e4 palamattomien kaasuhiukkasten p\u00e4\u00e4syn huoneeseen.   <\/p>\n<p>Turvallisuudesta huolehtii my\u00f6s automaattinen nollasammutusj\u00e4rjestelm\u00e4, joka sammuttaa l\u00e4mmityksen tarvittaessa.<\/p>\n<p>Kaasulieden l\u00e4mp\u00f6tilan s\u00e4\u00e4t\u00f6 tapahtuu termostaatilla, joka toimii automaattisesti 0 +25 C:n l\u00e4mp\u00f6tilan v\u00e4lill\u00e4. Uunin sis\u00e4ll\u00e4 on erityiset levitysripat, jotka jakavat l\u00e4mpim\u00e4n ilman tasaisesti koko huoneeseen. Kuten kaikki saksalaisen tehtaan BioGreen-tuotteet, Frosty 4500 on valmistettu korkealaatuisista ja kest\u00e4vist\u00e4 materiaaleista, ja se on suunniteltu kest\u00e4m\u00e4\u00e4n hyvin pitk\u00e4\u00e4n.  <\/p>\n<h4>K\u00e4tev\u00e4 kaasul\u00e4mmitin esimerkiksi y\u00f6pakkasia vastaan, mutta my\u00f6s kasvihuoneen yleiseen l\u00e4mmitykseen. Liitet\u00e4\u00e4n tavalliseen kaasupulloon grillausta varten. <\/h4>\n<p>Se on my\u00f6s k\u00e4yt\u00e4nn\u00f6llinen apuv\u00e4line pakkasvaurioituneiden kasvien talvehtimiseen joko kuistilla, kylm\u00e4ss\u00e4 kasvihuoneessa tai katteen alla.<\/p>\n<h2>Tekniset tiedot<\/h2>\n<ul>\n<li>Toimii propaanikaasulla<\/li>\n<li>Teho 4,5 kW<\/li>\n<li>Kaasun enimm\u00e4iskulutus 320 g\/h<\/li>\n<li>Mitat: 37 x 36 x 14 cm<\/li>\n<li>Massa 3,2 kg<\/li>\n<li>30 % taloudellisempi k\u00e4ytt\u00e4\u00e4 kuin kerosiinil\u00e4mmittimi\u00e4.<\/li>\n<li>Ei hajua eik\u00e4 savua<\/li>\n<li>Kasvuun tarvittava CO2<\/li>\n<li>Runko ruostumatonta ter\u00e4st\u00e4<\/li>\n<li>Valmistettu Saksassa<\/li>\n<li>2 vuoden takuu<\/li>\n<\/ul>\n<p><strong><a href=\"https:\/\/rodoaed.ee\/wp-content\/uploads\/2019\/08\/Kasutusjuhend_gaasik%C3%BCtteahi-Frosty-2500.pdf\">K\u00e4ytt\u00e4j\u00e4n k\u00e4sikirja<\/a><\/strong><\/p>\n<div><a href=\"https:\/\/rodoaed.ee\/fi\/\">kotisivu<\/a> <a href=\"https:\/\/rodoaed.ee\/tootekategooria\/kasvuhooned-ja-talveaiad\/\">k\u00e4ynnist\u00e4<\/a> <a href=\"https:\/\/rodoaed.ee\/fi\/tootekategooria\/kasvihuoneen-tarvikkeet\/\">tarvikkeet<\/a> <a href=\"https:\/\/rodoaed.ee\/fi\/tootekategooria\/kasvihuoneen-tarvikkeet\/kasvihuoneen-lammitys\/\">l\u00e4mmitys<\/a> <a href=\"https:\/\/rodoaed.ee\/?post_type=product&#038;p=23174\">kasvihuone tuuletin Palma<\/a> <a href=\"https:\/\/rodoaed.ee\/toode\/minikasvuhoone-jumbo-koos-soojendusmati-ning-termostaadiga\/\">Mini kasvihuone Jumbo<\/a><\/div>\n<div><\/div>\n","protected":false},"excerpt":{"rendered":"<p>Frosty 4500 on tehokas, taloudellinen ja turvallinen l\u00e4mmitin kasvihuoneisiin, talvihuoneisiin ja verannoille. Soveltuu parhaiten noin 8-20 m2:n kasvihuoneiden l\u00e4mmitykseen. (Kaikki riippuu kasvihuoneen l\u00e4mm\u00f6npid\u00e4tyskyvyst\u00e4 ja ilman l\u00e4mp\u00f6tilasta.) Hyvin eristetyiss\u00e4 Euro-Serre-kasvihuoneissa neli\u00f6metrien m\u00e4\u00e4r\u00e4 voi olla huomattavasti suurempi). BioGreen Frosty 4500 toimii matalal\u00e4mp\u00f6isell\u00e4 liekill\u00e4, joka tuottaa sek\u00e4 l\u00e4mp\u00f6\u00e4 ett\u00e4 hiilidioksidia. Molemmat ovat v\u00e4ltt\u00e4m\u00e4tt\u00f6mi\u00e4 kasvien voimakkaalle kasvulle. L\u00e4mmitin toimii propaanikaasulla. L\u00e4mp\u00f6suoja takaa maksimaalisen turvallisuuden ja est\u00e4\u00e4 palamattomien kaasuhiukkasten p\u00e4\u00e4syn&#8230;<\/p>\n","protected":false},"featured_media":26291,"template":"","meta":{"_acf_changed":false},"product_brand":[],"product_cat":[1992,1869],"product_tag":[],"class_list":{"0":"post-53176","1":"product","2":"type-product","3":"status-publish","4":"has-post-thumbnail","6":"product_cat-kasvihuoneen-lammitys","7":"product_cat-kasvihuoneen-tarvikkeet","8":"product_shipping_class-toimitus-1-3-tyopaivan-kuluessa","9":"pa_variatsioon-11-frosty-2500-kaasulammitin","11":"first","12":"outofstock","13":"sale","14":"taxable","15":"shipping-taxable","16":"purchasable","17":"product-type-simple"},"acf":[],"yoast_head":"<!-- This site is optimized with the Yoast SEO Premium plugin v27.3 (Yoast SEO v27.3) - https:\/\/yoast.com\/product\/yoast-seo-premium-wordpress\/ -->\n<title>Kasvihuoneen kaasul\u00e4mmitin Frosty 4500 - Rodoaed<\/title>\n<meta name=\"description\" content=\"K\u00e4tev\u00e4 kaasul\u00e4mmitin esimerkiksi y\u00f6pakkasia vastaan, mutta my\u00f6s kasvihuoneen yleiseen l\u00e4mmitykseen. Liitet\u00e4\u00e4n tavalliseen kaasupulloon grillausta varten.\" \/>\n<meta name=\"robots\" content=\"index, follow, max-snippet:-1, max-image-preview:large, max-video-preview:-1\" \/>\n<link rel=\"canonical\" href=\"https:\/\/rodoaed.ee\/fi\/toode\/kasvihuoneen-kaasulammitin-frosty-4500\/\" \/>\n<meta property=\"og:locale\" content=\"fi_FI\" \/>\n<meta property=\"og:type\" content=\"article\" \/>\n<meta property=\"og:title\" content=\"Kasvihuoneen kaasul\u00e4mmitin Frosty 4500\" \/>\n<meta property=\"og:description\" content=\"Frosty 4500 on tehokas, taloudellinen ja turvallinen l\u00e4mmitin kasvihuoneisiin, talvihuoneisiin ja verannoille. Soveltuu parhaiten noin 8-20 m2:n\" \/>\n<meta property=\"og:url\" content=\"https:\/\/rodoaed.ee\/fi\/toode\/kasvihuoneen-kaasulammitin-frosty-4500\/\" \/>\n<meta property=\"og:site_name\" content=\"Rodoaed\" \/>\n<meta property=\"article:publisher\" content=\"https:\/\/www.facebook.com\/kasvuhooned\/\" \/>\n<meta property=\"article:modified_time\" content=\"2026-04-13T08:01:24+00:00\" \/>\n<meta property=\"og:image\" content=\"https:\/\/rodoaed.ee\/wp-content\/uploads\/2019\/08\/kasvuhoone-gaasisoojendi-Frosty-2500_01.jpg\" \/>\n\t<meta property=\"og:image:width\" content=\"700\" \/>\n\t<meta property=\"og:image:height\" content=\"700\" \/>\n\t<meta property=\"og:image:type\" content=\"image\/jpeg\" \/>\n<meta name=\"twitter:card\" content=\"summary_large_image\" \/>\n<meta name=\"twitter:label1\" content=\"Arvioitu lukuaika\" \/>\n\t<meta name=\"twitter:data1\" content=\"1 minuutti\" \/>\n<script type=\"application\/ld+json\" class=\"yoast-schema-graph\">{\"@context\":\"https:\\\/\\\/schema.org\",\"@graph\":[{\"@type\":\"WebPage\",\"@id\":\"https:\\\/\\\/rodoaed.ee\\\/fi\\\/toode\\\/kasvihuoneen-kaasulammitin-frosty-4500\\\/\",\"url\":\"https:\\\/\\\/rodoaed.ee\\\/fi\\\/toode\\\/kasvihuoneen-kaasulammitin-frosty-4500\\\/\",\"name\":\"Kasvihuoneen kaasul\u00e4mmitin Frosty 4500 - Rodoaed\",\"isPartOf\":{\"@id\":\"https:\\\/\\\/rodoaed.ee\\\/#website\"},\"primaryImageOfPage\":{\"@id\":\"https:\\\/\\\/rodoaed.ee\\\/fi\\\/toode\\\/kasvihuoneen-kaasulammitin-frosty-4500\\\/#primaryimage\"},\"image\":{\"@id\":\"https:\\\/\\\/rodoaed.ee\\\/fi\\\/toode\\\/kasvihuoneen-kaasulammitin-frosty-4500\\\/#primaryimage\"},\"thumbnailUrl\":\"https:\\\/\\\/rodoaed.ee\\\/wp-content\\\/uploads\\\/2019\\\/08\\\/kasvuhoone-gaasisoojendi-Frosty-2500_01.jpg\",\"datePublished\":\"2019-09-28T08:38:47+00:00\",\"dateModified\":\"2026-04-13T08:01:24+00:00\",\"description\":\"K\u00e4tev\u00e4 kaasul\u00e4mmitin esimerkiksi y\u00f6pakkasia vastaan, mutta my\u00f6s kasvihuoneen yleiseen l\u00e4mmitykseen. Liitet\u00e4\u00e4n tavalliseen kaasupulloon grillausta varten.\",\"breadcrumb\":{\"@id\":\"https:\\\/\\\/rodoaed.ee\\\/fi\\\/toode\\\/kasvihuoneen-kaasulammitin-frosty-4500\\\/#breadcrumb\"},\"inLanguage\":\"fi\",\"potentialAction\":[{\"@type\":\"ReadAction\",\"target\":[\"https:\\\/\\\/rodoaed.ee\\\/fi\\\/toode\\\/kasvihuoneen-kaasulammitin-frosty-4500\\\/\"]}]},{\"@type\":\"ImageObject\",\"inLanguage\":\"fi\",\"@id\":\"https:\\\/\\\/rodoaed.ee\\\/fi\\\/toode\\\/kasvihuoneen-kaasulammitin-frosty-4500\\\/#primaryimage\",\"url\":\"https:\\\/\\\/rodoaed.ee\\\/wp-content\\\/uploads\\\/2019\\\/08\\\/kasvuhoone-gaasisoojendi-Frosty-2500_01.jpg\",\"contentUrl\":\"https:\\\/\\\/rodoaed.ee\\\/wp-content\\\/uploads\\\/2019\\\/08\\\/kasvuhoone-gaasisoojendi-Frosty-2500_01.jpg\",\"width\":700,\"height\":700},{\"@type\":\"BreadcrumbList\",\"@id\":\"https:\\\/\\\/rodoaed.ee\\\/fi\\\/toode\\\/kasvihuoneen-kaasulammitin-frosty-4500\\\/#breadcrumb\",\"itemListElement\":[{\"@type\":\"ListItem\",\"position\":1,\"name\":\"Home\",\"item\":\"https:\\\/\\\/rodoaed.ee\\\/fi\\\/\"},{\"@type\":\"ListItem\",\"position\":2,\"name\":\"Osta osoitteessa\",\"item\":\"https:\\\/\\\/rodoaed.ee\\\/osta-osoitteessa\\\/\"},{\"@type\":\"ListItem\",\"position\":3,\"name\":\"Kasvihuoneen kaasul\u00e4mmitin Frosty 4500\"}]},{\"@type\":\"WebSite\",\"@id\":\"https:\\\/\\\/rodoaed.ee\\\/#website\",\"url\":\"https:\\\/\\\/rodoaed.ee\\\/\",\"name\":\"Rodoaed\",\"description\":\"\",\"publisher\":{\"@id\":\"https:\\\/\\\/rodoaed.ee\\\/#organization\"},\"potentialAction\":[{\"@type\":\"SearchAction\",\"target\":{\"@type\":\"EntryPoint\",\"urlTemplate\":\"https:\\\/\\\/rodoaed.ee\\\/?s={search_term_string}\"},\"query-input\":{\"@type\":\"PropertyValueSpecification\",\"valueRequired\":true,\"valueName\":\"search_term_string\"}}],\"inLanguage\":\"fi\"},{\"@type\":\"Organization\",\"@id\":\"https:\\\/\\\/rodoaed.ee\\\/#organization\",\"name\":\"Rodoaed\",\"url\":\"https:\\\/\\\/rodoaed.ee\\\/\",\"logo\":{\"@type\":\"ImageObject\",\"inLanguage\":\"fi\",\"@id\":\"https:\\\/\\\/rodoaed.ee\\\/#\\\/schema\\\/logo\\\/image\\\/\",\"url\":\"https:\\\/\\\/rodoaed.ee\\\/wp-content\\\/uploads\\\/2019\\\/11\\\/rodoaed-logo-ilma-taustata.jpg\",\"contentUrl\":\"https:\\\/\\\/rodoaed.ee\\\/wp-content\\\/uploads\\\/2019\\\/11\\\/rodoaed-logo-ilma-taustata.jpg\",\"width\":769,\"height\":268,\"caption\":\"Rodoaed\"},\"image\":{\"@id\":\"https:\\\/\\\/rodoaed.ee\\\/#\\\/schema\\\/logo\\\/image\\\/\"},\"sameAs\":[\"https:\\\/\\\/www.facebook.com\\\/kasvuhooned\\\/\",\"https:\\\/\\\/rodoaed.ee\"]}]}<\/script>\n<!-- \/ Yoast SEO Premium plugin. -->","yoast_head_json":{"title":"Kasvihuoneen kaasul\u00e4mmitin Frosty 4500 - Rodoaed","description":"K\u00e4tev\u00e4 kaasul\u00e4mmitin esimerkiksi y\u00f6pakkasia vastaan, mutta my\u00f6s kasvihuoneen yleiseen l\u00e4mmitykseen. Liitet\u00e4\u00e4n tavalliseen kaasupulloon grillausta varten.","robots":{"index":"index","follow":"follow","max-snippet":"max-snippet:-1","max-image-preview":"max-image-preview:large","max-video-preview":"max-video-preview:-1"},"canonical":"https:\/\/rodoaed.ee\/fi\/toode\/kasvihuoneen-kaasulammitin-frosty-4500\/","og_locale":"fi_FI","og_type":"article","og_title":"Kasvihuoneen kaasul\u00e4mmitin Frosty 4500","og_description":"Frosty 4500 on tehokas, taloudellinen ja turvallinen l\u00e4mmitin kasvihuoneisiin, talvihuoneisiin ja verannoille. Soveltuu parhaiten noin 8-20 m2:n","og_url":"https:\/\/rodoaed.ee\/fi\/toode\/kasvihuoneen-kaasulammitin-frosty-4500\/","og_site_name":"Rodoaed","article_publisher":"https:\/\/www.facebook.com\/kasvuhooned\/","article_modified_time":"2026-04-13T08:01:24+00:00","og_image":[{"width":700,"height":700,"url":"https:\/\/rodoaed.ee\/wp-content\/uploads\/2019\/08\/kasvuhoone-gaasisoojendi-Frosty-2500_01.jpg","type":"image\/jpeg"}],"twitter_card":"summary_large_image","twitter_misc":{"Arvioitu lukuaika":"1 minuutti"},"schema":{"@context":"https:\/\/schema.org","@graph":[{"@type":"WebPage","@id":"https:\/\/rodoaed.ee\/fi\/toode\/kasvihuoneen-kaasulammitin-frosty-4500\/","url":"https:\/\/rodoaed.ee\/fi\/toode\/kasvihuoneen-kaasulammitin-frosty-4500\/","name":"Kasvihuoneen kaasul\u00e4mmitin Frosty 4500 - Rodoaed","isPartOf":{"@id":"https:\/\/rodoaed.ee\/#website"},"primaryImageOfPage":{"@id":"https:\/\/rodoaed.ee\/fi\/toode\/kasvihuoneen-kaasulammitin-frosty-4500\/#primaryimage"},"image":{"@id":"https:\/\/rodoaed.ee\/fi\/toode\/kasvihuoneen-kaasulammitin-frosty-4500\/#primaryimage"},"thumbnailUrl":"https:\/\/rodoaed.ee\/wp-content\/uploads\/2019\/08\/kasvuhoone-gaasisoojendi-Frosty-2500_01.jpg","datePublished":"2019-09-28T08:38:47+00:00","dateModified":"2026-04-13T08:01:24+00:00","description":"K\u00e4tev\u00e4 kaasul\u00e4mmitin esimerkiksi y\u00f6pakkasia vastaan, mutta my\u00f6s kasvihuoneen yleiseen l\u00e4mmitykseen. Liitet\u00e4\u00e4n tavalliseen kaasupulloon grillausta varten.","breadcrumb":{"@id":"https:\/\/rodoaed.ee\/fi\/toode\/kasvihuoneen-kaasulammitin-frosty-4500\/#breadcrumb"},"inLanguage":"fi","potentialAction":[{"@type":"ReadAction","target":["https:\/\/rodoaed.ee\/fi\/toode\/kasvihuoneen-kaasulammitin-frosty-4500\/"]}]},{"@type":"ImageObject","inLanguage":"fi","@id":"https:\/\/rodoaed.ee\/fi\/toode\/kasvihuoneen-kaasulammitin-frosty-4500\/#primaryimage","url":"https:\/\/rodoaed.ee\/wp-content\/uploads\/2019\/08\/kasvuhoone-gaasisoojendi-Frosty-2500_01.jpg","contentUrl":"https:\/\/rodoaed.ee\/wp-content\/uploads\/2019\/08\/kasvuhoone-gaasisoojendi-Frosty-2500_01.jpg","width":700,"height":700},{"@type":"BreadcrumbList","@id":"https:\/\/rodoaed.ee\/fi\/toode\/kasvihuoneen-kaasulammitin-frosty-4500\/#breadcrumb","itemListElement":[{"@type":"ListItem","position":1,"name":"Home","item":"https:\/\/rodoaed.ee\/fi\/"},{"@type":"ListItem","position":2,"name":"Osta osoitteessa","item":"https:\/\/rodoaed.ee\/osta-osoitteessa\/"},{"@type":"ListItem","position":3,"name":"Kasvihuoneen kaasul\u00e4mmitin Frosty 4500"}]},{"@type":"WebSite","@id":"https:\/\/rodoaed.ee\/#website","url":"https:\/\/rodoaed.ee\/","name":"Rodoaed","description":"","publisher":{"@id":"https:\/\/rodoaed.ee\/#organization"},"potentialAction":[{"@type":"SearchAction","target":{"@type":"EntryPoint","urlTemplate":"https:\/\/rodoaed.ee\/?s={search_term_string}"},"query-input":{"@type":"PropertyValueSpecification","valueRequired":true,"valueName":"search_term_string"}}],"inLanguage":"fi"},{"@type":"Organization","@id":"https:\/\/rodoaed.ee\/#organization","name":"Rodoaed","url":"https:\/\/rodoaed.ee\/","logo":{"@type":"ImageObject","inLanguage":"fi","@id":"https:\/\/rodoaed.ee\/#\/schema\/logo\/image\/","url":"https:\/\/rodoaed.ee\/wp-content\/uploads\/2019\/11\/rodoaed-logo-ilma-taustata.jpg","contentUrl":"https:\/\/rodoaed.ee\/wp-content\/uploads\/2019\/11\/rodoaed-logo-ilma-taustata.jpg","width":769,"height":268,"caption":"Rodoaed"},"image":{"@id":"https:\/\/rodoaed.ee\/#\/schema\/logo\/image\/"},"sameAs":["https:\/\/www.facebook.com\/kasvuhooned\/","https:\/\/rodoaed.ee"]}]}},"_links":{"self":[{"href":"https:\/\/rodoaed.ee\/fi\/wp-json\/wp\/v2\/product\/53176","targetHints":{"allow":["GET"]}}],"collection":[{"href":"https:\/\/rodoaed.ee\/fi\/wp-json\/wp\/v2\/product"}],"about":[{"href":"https:\/\/rodoaed.ee\/fi\/wp-json\/wp\/v2\/types\/product"}],"wp:featuredmedia":[{"embeddable":true,"href":"https:\/\/rodoaed.ee\/fi\/wp-json\/wp\/v2\/media\/26291"}],"wp:attachment":[{"href":"https:\/\/rodoaed.ee\/fi\/wp-json\/wp\/v2\/media?parent=53176"}],"wp:term":[{"taxonomy":"product_brand","embeddable":true,"href":"https:\/\/rodoaed.ee\/fi\/wp-json\/wp\/v2\/product_brand?post=53176"},{"taxonomy":"product_cat","embeddable":true,"href":"https:\/\/rodoaed.ee\/fi\/wp-json\/wp\/v2\/product_cat?post=53176"},{"taxonomy":"product_tag","embeddable":true,"href":"https:\/\/rodoaed.ee\/fi\/wp-json\/wp\/v2\/product_tag?post=53176"}],"curies":[{"name":"wp","href":"https:\/\/api.w.org\/{rel}","templated":true}]}}