{"id":53178,"date":"2019-09-28T12:28:13","date_gmt":"2019-09-28T09:28:13","guid":{"rendered":"https:\/\/rodoaed.ee\/toode\/vihrea-lampomatto-30x60cm-32w\/"},"modified":"2026-04-13T11:01:25","modified_gmt":"2026-04-13T08:01:25","slug":"vihrea-lampomatto-30x60cm-32w","status":"publish","type":"product","link":"https:\/\/rodoaed.ee\/fi\/tuote\/vihrea-lampomatto-30x60cm-32w\/","title":{"rendered":"Vihre\u00e4 l\u00e4mp\u00f6matto 30x60cm, 32W"},"content":{"rendered":"<h3>Kosteudenkest\u00e4v\u00e4t l\u00e4mp\u00f6matot ovat erinomainen apuv\u00e4line varhain kev\u00e4\u00e4ll\u00e4 siementen it\u00e4miseen, kasvien esikasvatukseen sek\u00e4 arkojen huonekasvien, kuten orkideoiden, kasvattamiseen.<\/h3>\n<p>Kumilla p\u00e4\u00e4llystetty l\u00e4mmitysmatto nostaa juuria ymp\u00e4r\u00f6iv\u00e4n maan l\u00e4mp\u00f6tilaa noin 5-10 C ymp\u00e4rist\u00f6n l\u00e4mp\u00f6tilaa korkeammaksi. T\u00e4m\u00e4 riitt\u00e4\u00e4 aktivoimaan kasvien kasvun. Kun juuret ovat l\u00e4mpim\u00e4t, ymp\u00e4r\u00f6iv\u00e4n ilman l\u00e4mp\u00f6tila voi olla suhteellisen viile\u00e4.  <\/p>\n<p>Parhaiden tulosten saavuttamiseksi suosittelemme l\u00e4mmitysmattoa, jossa on digitaalinen termostaatti ja anturi, mutta sit\u00e4 voidaan k\u00e4ytt\u00e4\u00e4 my\u00f6s ilman. L\u00e4mp\u00f6tilas\u00e4\u00e4timen avulla oikean l\u00e4mp\u00f6tilan asettaminen ja seuranta on yksinkertaisesti erityisen helppoa. Koska eri siemenet tarvitsevat erilaisia it\u00e4mis- ja kasvul\u00e4mp\u00f6tiloja, on ilo asettaa kaikki t\u00e4m\u00e4 tarkasti n\u00e4yt\u00f6lt\u00e4.  <\/p>\n<p>Kylmiss\u00e4 tiloissa tai l\u00e4mmitt\u00e4m\u00e4tt\u00f6miss\u00e4 kasvihuoneissa suositellaan k\u00e4ytett\u00e4v\u00e4ksi polystyreenilevy\u00e4 eristysmateriaalina mattapohjalla energian s\u00e4\u00e4st\u00e4miseksi. N\u00e4in l\u00e4mp\u00f6 ei h\u00e4vi\u00e4 muualle. <\/p>\n<p><strong>HUOMAA<\/strong> T\u00e4t\u00e4 l\u00e4mmitysmattoa on my\u00f6s ostettu meilt\u00e4 laajalti esimerkiksi leip\u00e4taikinan nostamiseen vakaaseen l\u00e4mp\u00f6tilaan ja moniin muihin sovelluksiin. Ei siis pelk\u00e4st\u00e4\u00e4n kasvissy\u00f6jille. <\/p>\n<h4>T\u00e4rkeimm\u00e4t ominaisuudet<\/h4>\n<ul>\n<li>Nopeampi it\u00e4vyys<\/li>\n<li>Nopea ja voimakas kasvien kehitys<\/li>\n<li>Voidaan rullata turvallisesti kokoon<\/li>\n<li>Vihreit\u00e4 mattoja on saatavana kolmessa koossa<\/li>\n<li>Voidaan k\u00e4ytt\u00e4\u00e4 termostaatin kanssa tai ilman<\/li>\n<li>IP67 roiskevesisuojaus<\/li>\n<li>2 vuoden takuu<\/li>\n<\/ul>\n<h4>Tekniset tiedot<\/h4>\n<ul>\n<li>Teho 32 W<\/li>\n<li>Vedenkest\u00e4vyys IP67<\/li>\n<li>Mitat: 30 x 60 cm<\/li>\n<\/ul>\n<div>\n<div>\n<div><a href=\"https:\/\/rodoaed.ee\/fi\/\">kotisivu<\/a> <a href=\"https:\/\/rodoaed.ee\/tootekategooria\/kasvuhooned-ja-talveaiad\/\">k\u00e4ynnist\u00e4<\/a> <a href=\"https:\/\/rodoaed.ee\/fi\/tootekategooria\/kasvihuoneen-tarvikkeet\/\">tarvikkeet<\/a> <a href=\"https:\/\/rodoaed.ee\/fi\/tootekategooria\/kasvihuoneen-tarvikkeet\/sahkolammitysmatot\/\">el.matot<\/a> <a href=\"\/?product_cat=soojendusmatid-taimedele\">l\u00e4mmitysmatot<\/a><\/div>\n<div>\n<div><\/div>\n<\/div>\n<\/div>\n<\/div>\n","protected":false},"excerpt":{"rendered":"<p>Kosteudenkest\u00e4v\u00e4t l\u00e4mp\u00f6matot ovat erinomainen apuv\u00e4line varhain kev\u00e4\u00e4ll\u00e4 siementen it\u00e4miseen, kasvien esikasvatukseen sek\u00e4 arkojen huonekasvien, kuten orkideoiden, kasvattamiseen. Kumilla p\u00e4\u00e4llystetty l\u00e4mmitysmatto nostaa juuria ymp\u00e4r\u00f6iv\u00e4n maan l\u00e4mp\u00f6tilaa noin 5-10 C ymp\u00e4rist\u00f6n l\u00e4mp\u00f6tilaa korkeammaksi. T\u00e4m\u00e4 riitt\u00e4\u00e4 aktivoimaan kasvien kasvun. Kun juuret ovat l\u00e4mpim\u00e4t, ymp\u00e4r\u00f6iv\u00e4n ilman l\u00e4mp\u00f6tila voi olla suhteellisen viile\u00e4. Parhaiden tulosten saavuttamiseksi suosittelemme l\u00e4mmitysmattoa, jossa on digitaalinen termostaatti ja anturi, mutta sit\u00e4 voidaan k\u00e4ytt\u00e4\u00e4 my\u00f6s ilman. L\u00e4mp\u00f6tilas\u00e4\u00e4timen&#8230;<\/p>\n","protected":false},"featured_media":26311,"template":"","meta":{"_acf_changed":false},"product_brand":[],"product_cat":[1811,1869,2184,2182],"product_tag":[],"class_list":{"0":"post-53178","1":"product","2":"type-product","3":"status-publish","4":"has-post-thumbnail","6":"product_cat-kasvien-kasvattaminen","7":"product_cat-kasvihuoneen-tarvikkeet","8":"product_cat-lampomatto-taimille-ja-kasveille","9":"product_cat-sahkolammitysmatot","10":"product_shipping_class-toimitus-1-3-tyopaivan-kuluessa","11":"pa_variatsioon-vihrea-lammitysmatto-25x35cm-15w","13":"first","14":"onbackorder","15":"sale","16":"taxable","17":"shipping-taxable","18":"purchasable","19":"product-type-simple"},"acf":[],"yoast_head":"<!-- This site is optimized with the Yoast SEO Premium plugin v27.3 (Yoast SEO v27.3) - https:\/\/yoast.com\/product\/yoast-seo-premium-wordpress\/ -->\n<title>Vihre\u00e4 l\u00e4mp\u00f6matto 30x60cm, 32W - Rodoaed<\/title>\n<meta name=\"description\" content=\"Kosteutta kest\u00e4v\u00e4t l\u00e4mp\u00f6matot ovat erinomainen v\u00e4line siementen it\u00e4miseen, kasvien esikasvatukseen ja arkojen huonekasvien, kuten orkideoiden, kasvattamiseen.\" \/>\n<meta name=\"robots\" content=\"index, follow, max-snippet:-1, max-image-preview:large, max-video-preview:-1\" \/>\n<link rel=\"canonical\" href=\"https:\/\/rodoaed.ee\/fi\/toode\/vihrea-lampomatto-30x60cm-32w\/\" \/>\n<meta property=\"og:locale\" content=\"fi_FI\" \/>\n<meta property=\"og:type\" content=\"article\" \/>\n<meta property=\"og:title\" content=\"Vihre\u00e4 l\u00e4mp\u00f6matto 30x60cm, 32W\" \/>\n<meta property=\"og:description\" content=\"Kosteudenkest\u00e4v\u00e4t l\u00e4mp\u00f6matot ovat erinomainen apuv\u00e4line varhain kev\u00e4\u00e4ll\u00e4 siementen it\u00e4miseen, kasvien esikasvatukseen sek\u00e4 arkojen huonekasvien, kuten\" \/>\n<meta property=\"og:url\" content=\"https:\/\/rodoaed.ee\/fi\/toode\/vihrea-lampomatto-30x60cm-32w\/\" \/>\n<meta property=\"og:site_name\" content=\"Rodoaed\" \/>\n<meta property=\"article:publisher\" content=\"https:\/\/www.facebook.com\/kasvuhooned\/\" \/>\n<meta property=\"article:modified_time\" content=\"2026-04-13T08:01:25+00:00\" \/>\n<meta property=\"og:image\" content=\"https:\/\/rodoaed.ee\/wp-content\/uploads\/2019\/08\/kasvuhoone-elektrimatt-roheline_01.jpg\" \/>\n\t<meta property=\"og:image:width\" content=\"700\" \/>\n\t<meta property=\"og:image:height\" content=\"700\" \/>\n\t<meta property=\"og:image:type\" content=\"image\/jpeg\" \/>\n<meta name=\"twitter:card\" content=\"summary_large_image\" \/>\n<meta name=\"twitter:label1\" content=\"Arvioitu lukuaika\" \/>\n\t<meta name=\"twitter:data1\" content=\"1 minuutti\" \/>\n<script type=\"application\/ld+json\" class=\"yoast-schema-graph\">{\"@context\":\"https:\\\/\\\/schema.org\",\"@graph\":[{\"@type\":\"WebPage\",\"@id\":\"https:\\\/\\\/rodoaed.ee\\\/fi\\\/toode\\\/vihrea-lampomatto-30x60cm-32w\\\/\",\"url\":\"https:\\\/\\\/rodoaed.ee\\\/fi\\\/toode\\\/vihrea-lampomatto-30x60cm-32w\\\/\",\"name\":\"Vihre\u00e4 l\u00e4mp\u00f6matto 30x60cm, 32W - Rodoaed\",\"isPartOf\":{\"@id\":\"https:\\\/\\\/rodoaed.ee\\\/#website\"},\"primaryImageOfPage\":{\"@id\":\"https:\\\/\\\/rodoaed.ee\\\/fi\\\/toode\\\/vihrea-lampomatto-30x60cm-32w\\\/#primaryimage\"},\"image\":{\"@id\":\"https:\\\/\\\/rodoaed.ee\\\/fi\\\/toode\\\/vihrea-lampomatto-30x60cm-32w\\\/#primaryimage\"},\"thumbnailUrl\":\"https:\\\/\\\/rodoaed.ee\\\/wp-content\\\/uploads\\\/2019\\\/08\\\/kasvuhoone-elektrimatt-roheline_01.jpg\",\"datePublished\":\"2019-09-28T09:28:13+00:00\",\"dateModified\":\"2026-04-13T08:01:25+00:00\",\"description\":\"Kosteutta kest\u00e4v\u00e4t l\u00e4mp\u00f6matot ovat erinomainen v\u00e4line siementen it\u00e4miseen, kasvien esikasvatukseen ja arkojen huonekasvien, kuten orkideoiden, kasvattamiseen.\",\"breadcrumb\":{\"@id\":\"https:\\\/\\\/rodoaed.ee\\\/fi\\\/toode\\\/vihrea-lampomatto-30x60cm-32w\\\/#breadcrumb\"},\"inLanguage\":\"fi\",\"potentialAction\":[{\"@type\":\"ReadAction\",\"target\":[\"https:\\\/\\\/rodoaed.ee\\\/fi\\\/toode\\\/vihrea-lampomatto-30x60cm-32w\\\/\"]}]},{\"@type\":\"ImageObject\",\"inLanguage\":\"fi\",\"@id\":\"https:\\\/\\\/rodoaed.ee\\\/fi\\\/toode\\\/vihrea-lampomatto-30x60cm-32w\\\/#primaryimage\",\"url\":\"https:\\\/\\\/rodoaed.ee\\\/wp-content\\\/uploads\\\/2019\\\/08\\\/kasvuhoone-elektrimatt-roheline_01.jpg\",\"contentUrl\":\"https:\\\/\\\/rodoaed.ee\\\/wp-content\\\/uploads\\\/2019\\\/08\\\/kasvuhoone-elektrimatt-roheline_01.jpg\",\"width\":700,\"height\":700},{\"@type\":\"BreadcrumbList\",\"@id\":\"https:\\\/\\\/rodoaed.ee\\\/fi\\\/toode\\\/vihrea-lampomatto-30x60cm-32w\\\/#breadcrumb\",\"itemListElement\":[{\"@type\":\"ListItem\",\"position\":1,\"name\":\"Home\",\"item\":\"https:\\\/\\\/rodoaed.ee\\\/fi\\\/\"},{\"@type\":\"ListItem\",\"position\":2,\"name\":\"Osta osoitteessa\",\"item\":\"https:\\\/\\\/rodoaed.ee\\\/osta-osoitteessa\\\/\"},{\"@type\":\"ListItem\",\"position\":3,\"name\":\"Vihre\u00e4 l\u00e4mp\u00f6matto 30x60cm, 32W\"}]},{\"@type\":\"WebSite\",\"@id\":\"https:\\\/\\\/rodoaed.ee\\\/#website\",\"url\":\"https:\\\/\\\/rodoaed.ee\\\/\",\"name\":\"Rodoaed\",\"description\":\"\",\"publisher\":{\"@id\":\"https:\\\/\\\/rodoaed.ee\\\/#organization\"},\"potentialAction\":[{\"@type\":\"SearchAction\",\"target\":{\"@type\":\"EntryPoint\",\"urlTemplate\":\"https:\\\/\\\/rodoaed.ee\\\/?s={search_term_string}\"},\"query-input\":{\"@type\":\"PropertyValueSpecification\",\"valueRequired\":true,\"valueName\":\"search_term_string\"}}],\"inLanguage\":\"fi\"},{\"@type\":\"Organization\",\"@id\":\"https:\\\/\\\/rodoaed.ee\\\/#organization\",\"name\":\"Rodoaed\",\"url\":\"https:\\\/\\\/rodoaed.ee\\\/\",\"logo\":{\"@type\":\"ImageObject\",\"inLanguage\":\"fi\",\"@id\":\"https:\\\/\\\/rodoaed.ee\\\/#\\\/schema\\\/logo\\\/image\\\/\",\"url\":\"https:\\\/\\\/rodoaed.ee\\\/wp-content\\\/uploads\\\/2019\\\/11\\\/rodoaed-logo-ilma-taustata.jpg\",\"contentUrl\":\"https:\\\/\\\/rodoaed.ee\\\/wp-content\\\/uploads\\\/2019\\\/11\\\/rodoaed-logo-ilma-taustata.jpg\",\"width\":769,\"height\":268,\"caption\":\"Rodoaed\"},\"image\":{\"@id\":\"https:\\\/\\\/rodoaed.ee\\\/#\\\/schema\\\/logo\\\/image\\\/\"},\"sameAs\":[\"https:\\\/\\\/www.facebook.com\\\/kasvuhooned\\\/\",\"https:\\\/\\\/rodoaed.ee\"]}]}<\/script>\n<!-- \/ Yoast SEO Premium plugin. -->","yoast_head_json":{"title":"Vihre\u00e4 l\u00e4mp\u00f6matto 30x60cm, 32W - Rodoaed","description":"Kosteutta kest\u00e4v\u00e4t l\u00e4mp\u00f6matot ovat erinomainen v\u00e4line siementen it\u00e4miseen, kasvien esikasvatukseen ja arkojen huonekasvien, kuten orkideoiden, kasvattamiseen.","robots":{"index":"index","follow":"follow","max-snippet":"max-snippet:-1","max-image-preview":"max-image-preview:large","max-video-preview":"max-video-preview:-1"},"canonical":"https:\/\/rodoaed.ee\/fi\/toode\/vihrea-lampomatto-30x60cm-32w\/","og_locale":"fi_FI","og_type":"article","og_title":"Vihre\u00e4 l\u00e4mp\u00f6matto 30x60cm, 32W","og_description":"Kosteudenkest\u00e4v\u00e4t l\u00e4mp\u00f6matot ovat erinomainen apuv\u00e4line varhain kev\u00e4\u00e4ll\u00e4 siementen it\u00e4miseen, kasvien esikasvatukseen sek\u00e4 arkojen huonekasvien, kuten","og_url":"https:\/\/rodoaed.ee\/fi\/toode\/vihrea-lampomatto-30x60cm-32w\/","og_site_name":"Rodoaed","article_publisher":"https:\/\/www.facebook.com\/kasvuhooned\/","article_modified_time":"2026-04-13T08:01:25+00:00","og_image":[{"width":700,"height":700,"url":"https:\/\/rodoaed.ee\/wp-content\/uploads\/2019\/08\/kasvuhoone-elektrimatt-roheline_01.jpg","type":"image\/jpeg"}],"twitter_card":"summary_large_image","twitter_misc":{"Arvioitu lukuaika":"1 minuutti"},"schema":{"@context":"https:\/\/schema.org","@graph":[{"@type":"WebPage","@id":"https:\/\/rodoaed.ee\/fi\/toode\/vihrea-lampomatto-30x60cm-32w\/","url":"https:\/\/rodoaed.ee\/fi\/toode\/vihrea-lampomatto-30x60cm-32w\/","name":"Vihre\u00e4 l\u00e4mp\u00f6matto 30x60cm, 32W - Rodoaed","isPartOf":{"@id":"https:\/\/rodoaed.ee\/#website"},"primaryImageOfPage":{"@id":"https:\/\/rodoaed.ee\/fi\/toode\/vihrea-lampomatto-30x60cm-32w\/#primaryimage"},"image":{"@id":"https:\/\/rodoaed.ee\/fi\/toode\/vihrea-lampomatto-30x60cm-32w\/#primaryimage"},"thumbnailUrl":"https:\/\/rodoaed.ee\/wp-content\/uploads\/2019\/08\/kasvuhoone-elektrimatt-roheline_01.jpg","datePublished":"2019-09-28T09:28:13+00:00","dateModified":"2026-04-13T08:01:25+00:00","description":"Kosteutta kest\u00e4v\u00e4t l\u00e4mp\u00f6matot ovat erinomainen v\u00e4line siementen it\u00e4miseen, kasvien esikasvatukseen ja arkojen huonekasvien, kuten orkideoiden, kasvattamiseen.","breadcrumb":{"@id":"https:\/\/rodoaed.ee\/fi\/toode\/vihrea-lampomatto-30x60cm-32w\/#breadcrumb"},"inLanguage":"fi","potentialAction":[{"@type":"ReadAction","target":["https:\/\/rodoaed.ee\/fi\/toode\/vihrea-lampomatto-30x60cm-32w\/"]}]},{"@type":"ImageObject","inLanguage":"fi","@id":"https:\/\/rodoaed.ee\/fi\/toode\/vihrea-lampomatto-30x60cm-32w\/#primaryimage","url":"https:\/\/rodoaed.ee\/wp-content\/uploads\/2019\/08\/kasvuhoone-elektrimatt-roheline_01.jpg","contentUrl":"https:\/\/rodoaed.ee\/wp-content\/uploads\/2019\/08\/kasvuhoone-elektrimatt-roheline_01.jpg","width":700,"height":700},{"@type":"BreadcrumbList","@id":"https:\/\/rodoaed.ee\/fi\/toode\/vihrea-lampomatto-30x60cm-32w\/#breadcrumb","itemListElement":[{"@type":"ListItem","position":1,"name":"Home","item":"https:\/\/rodoaed.ee\/fi\/"},{"@type":"ListItem","position":2,"name":"Osta osoitteessa","item":"https:\/\/rodoaed.ee\/osta-osoitteessa\/"},{"@type":"ListItem","position":3,"name":"Vihre\u00e4 l\u00e4mp\u00f6matto 30x60cm, 32W"}]},{"@type":"WebSite","@id":"https:\/\/rodoaed.ee\/#website","url":"https:\/\/rodoaed.ee\/","name":"Rodoaed","description":"","publisher":{"@id":"https:\/\/rodoaed.ee\/#organization"},"potentialAction":[{"@type":"SearchAction","target":{"@type":"EntryPoint","urlTemplate":"https:\/\/rodoaed.ee\/?s={search_term_string}"},"query-input":{"@type":"PropertyValueSpecification","valueRequired":true,"valueName":"search_term_string"}}],"inLanguage":"fi"},{"@type":"Organization","@id":"https:\/\/rodoaed.ee\/#organization","name":"Rodoaed","url":"https:\/\/rodoaed.ee\/","logo":{"@type":"ImageObject","inLanguage":"fi","@id":"https:\/\/rodoaed.ee\/#\/schema\/logo\/image\/","url":"https:\/\/rodoaed.ee\/wp-content\/uploads\/2019\/11\/rodoaed-logo-ilma-taustata.jpg","contentUrl":"https:\/\/rodoaed.ee\/wp-content\/uploads\/2019\/11\/rodoaed-logo-ilma-taustata.jpg","width":769,"height":268,"caption":"Rodoaed"},"image":{"@id":"https:\/\/rodoaed.ee\/#\/schema\/logo\/image\/"},"sameAs":["https:\/\/www.facebook.com\/kasvuhooned\/","https:\/\/rodoaed.ee"]}]}},"_links":{"self":[{"href":"https:\/\/rodoaed.ee\/fi\/wp-json\/wp\/v2\/product\/53178","targetHints":{"allow":["GET"]}}],"collection":[{"href":"https:\/\/rodoaed.ee\/fi\/wp-json\/wp\/v2\/product"}],"about":[{"href":"https:\/\/rodoaed.ee\/fi\/wp-json\/wp\/v2\/types\/product"}],"wp:featuredmedia":[{"embeddable":true,"href":"https:\/\/rodoaed.ee\/fi\/wp-json\/wp\/v2\/media\/26311"}],"wp:attachment":[{"href":"https:\/\/rodoaed.ee\/fi\/wp-json\/wp\/v2\/media?parent=53178"}],"wp:term":[{"taxonomy":"product_brand","embeddable":true,"href":"https:\/\/rodoaed.ee\/fi\/wp-json\/wp\/v2\/product_brand?post=53178"},{"taxonomy":"product_cat","embeddable":true,"href":"https:\/\/rodoaed.ee\/fi\/wp-json\/wp\/v2\/product_cat?post=53178"},{"taxonomy":"product_tag","embeddable":true,"href":"https:\/\/rodoaed.ee\/fi\/wp-json\/wp\/v2\/product_tag?post=53178"}],"curies":[{"name":"wp","href":"https:\/\/api.w.org\/{rel}","templated":true}]}}