{"id":53179,"date":"2019-09-12T12:56:13","date_gmt":"2019-09-12T09:56:13","guid":{"rendered":"https:\/\/rodoaed.ee\/toode\/profiilimalli-hyonteishotelli-wedge-eye-talo\/"},"modified":"2026-04-13T11:01:27","modified_gmt":"2026-04-13T08:01:27","slug":"profiilimalli-hyonteishotelli-wedge-eye-talo","status":"publish","type":"product","link":"https:\/\/rodoaed.ee\/fi\/tuote\/profiilimalli-hyonteishotelli-wedge-eye-talo\/","title":{"rendered":"Profiilimalli Hy\u00f6nteishotelli &#8211; Wedge-eye-talo"},"content":{"rendered":"<h2>Biologinen suojaus kovakuoriaisia ja kasvintuhoojia vastaan. Kiilusilm\u00e4t sy\u00f6v\u00e4t kovakuoriaisia ja punkkeja suuria m\u00e4\u00e4ri\u00e4. <\/h2>\n<p>Kiilapisti\u00e4iset ovat meille hy\u00f6dyllisi\u00e4 hy\u00f6nteisi\u00e4, sill\u00e4 ne tuhoavat eritt\u00e4in tehokkaasti puutarhassa esiintyvi\u00e4 kovakuoriaisia ja punkkeja. Kukin kiilapunkkitoukka voi sy\u00f6d\u00e4 keskim\u00e4\u00e4rin 500 punkkia kahden viikon pituisen kasvukautensa aikana. Aikuiset kiilapunkit selviytyv\u00e4t talvesta, mutta tarvitsevat hyv\u00e4n suojan syyskuusta kev\u00e4\u00e4seen. Jos tarjoat niille suojaa puutarhassasi, ne puhdistavat kiitollisina puutarhasi tuholaisista ensi vuonna.   <\/p>\n<p><strong>Asennus.<\/strong>  Kiilusilm\u00e4inen talo on asennettava 1,5-2 metri\u00e4 korkeaan pylv\u00e4\u00e4seen tai yksitt\u00e4iseen puunrunkoon siten, ett\u00e4 aukot ovat poisp\u00e4in vallitsevista tuulista. Laatikon sis\u00e4ll\u00e4 on jo valmiiksi tarvittava luonnollinen olki. <\/p>\n<p>Syyskuusta alkaen kiilusilmi\u00e4 voi tavata suuria m\u00e4\u00e4ri\u00e4 esikaupunkialueilla, niityill\u00e4 ja niityill\u00e4, joissa ne etsiv\u00e4t sopivaa suojaa talvehtimispaikaksi. Ensimm\u00e4isten y\u00f6pakkasten j\u00e4lkeen voit tuoda kiilatiiran asuttaman talon puutarhaan ja laittaa sen hedelm\u00e4puiden ja pensaiden l\u00e4heisyyteen valmiiksi ensi kev\u00e4tt\u00e4 varten. Se voi olla ulkona ymp\u00e4ri vuoden. Puhdistusta tai huoltoa ei tarvita.   <\/p>\n<p><strong>Asennuskorkeus:<\/strong> 1,5-2 m, huoltovapaa<\/p>\n<p><strong>V\u00e4ri:<\/strong> Majakka on kirkkaanpunainen, koska kiilusilm\u00e4t n\u00e4kev\u00e4t v\u00e4rit eri tavalla kuin me, ja se on niiden lempiv\u00e4ri.<\/p>\n<p><strong>Materiaali:<\/strong> Schwegler-puubetonimassa ja sinkitty ter\u00e4sripustuskoukku.<\/p>\n<p><strong>Sarja:<\/strong> kiilasilm\u00e4kotelo, jossa on ripustuskoukku ja alumiiniset naulat.<\/p>\n<p><strong>Mitat:<\/strong> 28,5 x 30,5 x 30 cm.<\/p>\n<p><strong>Paino:<\/strong> noin 8 kg<\/p>\n<p>&nbsp;<\/p>\n","protected":false},"excerpt":{"rendered":"<p>Biologinen suojaus kovakuoriaisia ja kasvintuhoojia vastaan. Kiilusilm\u00e4t sy\u00f6v\u00e4t kovakuoriaisia ja punkkeja suuria m\u00e4\u00e4ri\u00e4. Kiilapisti\u00e4iset ovat meille hy\u00f6dyllisi\u00e4 hy\u00f6nteisi\u00e4, sill\u00e4 ne tuhoavat eritt\u00e4in tehokkaasti puutarhassa esiintyvi\u00e4 kovakuoriaisia ja punkkeja. Kukin kiilapunkkitoukka voi sy\u00f6d\u00e4 keskim\u00e4\u00e4rin 500 punkkia kahden viikon pituisen kasvukautensa aikana. Aikuiset kiilapunkit selviytyv\u00e4t talvesta, mutta tarvitsevat hyv\u00e4n suojan syyskuusta kev\u00e4\u00e4seen. Jos tarjoat niille suojaa puutarhassasi, ne puhdistavat kiitollisina puutarhasi tuholaisista ensi vuonna. Asennus. Kiilusilm\u00e4inen talo&#8230;<\/p>\n","protected":false},"featured_media":25694,"template":"","meta":{"_acf_changed":false},"product_brand":[],"product_cat":[1854,1878,1851],"product_tag":[],"class_list":{"0":"post-53179","1":"product","2":"type-product","3":"status-publish","4":"has-post-thumbnail","6":"product_cat-hyonteishotellit","7":"product_cat-kilettimaiset-majat","8":"product_cat-pesakotelot","9":"product_shipping_class-toimitus-1-3-tyopaivan-kuluessa","10":"pa_variatsioon-puinen-hyonteistarha-kilpikonnille-ja-hillerikonnille","12":"first","13":"instock","14":"taxable","15":"shipping-taxable","16":"purchasable","17":"product-type-simple"},"acf":[],"yoast_head":"<!-- This site is optimized with the Yoast SEO Premium plugin v27.3 (Yoast SEO v27.3) - https:\/\/yoast.com\/product\/yoast-seo-premium-wordpress\/ -->\n<title>Profiilimalli Hy\u00f6nteishotelli - Wedge-eye-talo - Rodoaed<\/title>\n<meta name=\"robots\" content=\"index, follow, max-snippet:-1, max-image-preview:large, max-video-preview:-1\" \/>\n<link rel=\"canonical\" href=\"https:\/\/rodoaed.ee\/fi\/toode\/profiilimalli-hyonteishotelli-wedge-eye-talo\/\" \/>\n<meta property=\"og:locale\" content=\"fi_FI\" \/>\n<meta property=\"og:type\" content=\"article\" \/>\n<meta property=\"og:title\" content=\"Profiilimalli Hy\u00f6nteishotelli - Wedge-eye-talo\" \/>\n<meta property=\"og:description\" content=\"Biologinen suojaus kovakuoriaisia ja kasvintuhoojia vastaan. Kiilusilm\u00e4t sy\u00f6v\u00e4t kovakuoriaisia ja punkkeja suuria m\u00e4\u00e4ri\u00e4. Kiilapisti\u00e4iset ovat meille\" \/>\n<meta property=\"og:url\" content=\"https:\/\/rodoaed.ee\/fi\/toode\/profiilimalli-hyonteishotelli-wedge-eye-talo\/\" \/>\n<meta property=\"og:site_name\" content=\"Rodoaed\" \/>\n<meta property=\"article:publisher\" content=\"https:\/\/www.facebook.com\/kasvuhooned\/\" \/>\n<meta property=\"article:modified_time\" content=\"2026-04-13T08:01:27+00:00\" \/>\n<meta property=\"og:image\" content=\"https:\/\/rodoaed.ee\/wp-content\/uploads\/2019\/09\/putukahotell_kiilassilma-maja_385_01.jpg\" \/>\n\t<meta property=\"og:image:width\" content=\"600\" \/>\n\t<meta property=\"og:image:height\" content=\"409\" \/>\n\t<meta property=\"og:image:type\" content=\"image\/jpeg\" \/>\n<meta name=\"twitter:card\" content=\"summary_large_image\" \/>\n<meta name=\"twitter:label1\" content=\"Arvioitu lukuaika\" \/>\n\t<meta name=\"twitter:data1\" content=\"1 minuutti\" \/>\n<script type=\"application\/ld+json\" class=\"yoast-schema-graph\">{\"@context\":\"https:\\\/\\\/schema.org\",\"@graph\":[{\"@type\":\"WebPage\",\"@id\":\"https:\\\/\\\/rodoaed.ee\\\/fi\\\/toode\\\/profiilimalli-hyonteishotelli-wedge-eye-talo\\\/\",\"url\":\"https:\\\/\\\/rodoaed.ee\\\/fi\\\/toode\\\/profiilimalli-hyonteishotelli-wedge-eye-talo\\\/\",\"name\":\"Profiilimalli Hy\u00f6nteishotelli - Wedge-eye-talo - Rodoaed\",\"isPartOf\":{\"@id\":\"https:\\\/\\\/rodoaed.ee\\\/#website\"},\"primaryImageOfPage\":{\"@id\":\"https:\\\/\\\/rodoaed.ee\\\/fi\\\/toode\\\/profiilimalli-hyonteishotelli-wedge-eye-talo\\\/#primaryimage\"},\"image\":{\"@id\":\"https:\\\/\\\/rodoaed.ee\\\/fi\\\/toode\\\/profiilimalli-hyonteishotelli-wedge-eye-talo\\\/#primaryimage\"},\"thumbnailUrl\":\"https:\\\/\\\/rodoaed.ee\\\/wp-content\\\/uploads\\\/2019\\\/09\\\/putukahotell_kiilassilma-maja_385_01.jpg\",\"datePublished\":\"2019-09-12T09:56:13+00:00\",\"dateModified\":\"2026-04-13T08:01:27+00:00\",\"breadcrumb\":{\"@id\":\"https:\\\/\\\/rodoaed.ee\\\/fi\\\/toode\\\/profiilimalli-hyonteishotelli-wedge-eye-talo\\\/#breadcrumb\"},\"inLanguage\":\"fi\",\"potentialAction\":[{\"@type\":\"ReadAction\",\"target\":[\"https:\\\/\\\/rodoaed.ee\\\/fi\\\/toode\\\/profiilimalli-hyonteishotelli-wedge-eye-talo\\\/\"]}]},{\"@type\":\"ImageObject\",\"inLanguage\":\"fi\",\"@id\":\"https:\\\/\\\/rodoaed.ee\\\/fi\\\/toode\\\/profiilimalli-hyonteishotelli-wedge-eye-talo\\\/#primaryimage\",\"url\":\"https:\\\/\\\/rodoaed.ee\\\/wp-content\\\/uploads\\\/2019\\\/09\\\/putukahotell_kiilassilma-maja_385_01.jpg\",\"contentUrl\":\"https:\\\/\\\/rodoaed.ee\\\/wp-content\\\/uploads\\\/2019\\\/09\\\/putukahotell_kiilassilma-maja_385_01.jpg\",\"width\":600,\"height\":409,\"caption\":\"Hy\u00f6nteishotellit\"},{\"@type\":\"BreadcrumbList\",\"@id\":\"https:\\\/\\\/rodoaed.ee\\\/fi\\\/toode\\\/profiilimalli-hyonteishotelli-wedge-eye-talo\\\/#breadcrumb\",\"itemListElement\":[{\"@type\":\"ListItem\",\"position\":1,\"name\":\"Home\",\"item\":\"https:\\\/\\\/rodoaed.ee\\\/fi\\\/\"},{\"@type\":\"ListItem\",\"position\":2,\"name\":\"Osta osoitteessa\",\"item\":\"https:\\\/\\\/rodoaed.ee\\\/osta-osoitteessa\\\/\"},{\"@type\":\"ListItem\",\"position\":3,\"name\":\"Profiilimalli Hy\u00f6nteishotelli &#8211; Wedge-eye-talo\"}]},{\"@type\":\"WebSite\",\"@id\":\"https:\\\/\\\/rodoaed.ee\\\/#website\",\"url\":\"https:\\\/\\\/rodoaed.ee\\\/\",\"name\":\"Rodoaed\",\"description\":\"\",\"publisher\":{\"@id\":\"https:\\\/\\\/rodoaed.ee\\\/#organization\"},\"potentialAction\":[{\"@type\":\"SearchAction\",\"target\":{\"@type\":\"EntryPoint\",\"urlTemplate\":\"https:\\\/\\\/rodoaed.ee\\\/?s={search_term_string}\"},\"query-input\":{\"@type\":\"PropertyValueSpecification\",\"valueRequired\":true,\"valueName\":\"search_term_string\"}}],\"inLanguage\":\"fi\"},{\"@type\":\"Organization\",\"@id\":\"https:\\\/\\\/rodoaed.ee\\\/#organization\",\"name\":\"Rodoaed\",\"url\":\"https:\\\/\\\/rodoaed.ee\\\/\",\"logo\":{\"@type\":\"ImageObject\",\"inLanguage\":\"fi\",\"@id\":\"https:\\\/\\\/rodoaed.ee\\\/#\\\/schema\\\/logo\\\/image\\\/\",\"url\":\"https:\\\/\\\/rodoaed.ee\\\/wp-content\\\/uploads\\\/2019\\\/11\\\/rodoaed-logo-ilma-taustata.jpg\",\"contentUrl\":\"https:\\\/\\\/rodoaed.ee\\\/wp-content\\\/uploads\\\/2019\\\/11\\\/rodoaed-logo-ilma-taustata.jpg\",\"width\":769,\"height\":268,\"caption\":\"Rodoaed\"},\"image\":{\"@id\":\"https:\\\/\\\/rodoaed.ee\\\/#\\\/schema\\\/logo\\\/image\\\/\"},\"sameAs\":[\"https:\\\/\\\/www.facebook.com\\\/kasvuhooned\\\/\",\"https:\\\/\\\/rodoaed.ee\"]}]}<\/script>\n<!-- \/ Yoast SEO Premium plugin. -->","yoast_head_json":{"title":"Profiilimalli Hy\u00f6nteishotelli - Wedge-eye-talo - Rodoaed","robots":{"index":"index","follow":"follow","max-snippet":"max-snippet:-1","max-image-preview":"max-image-preview:large","max-video-preview":"max-video-preview:-1"},"canonical":"https:\/\/rodoaed.ee\/fi\/toode\/profiilimalli-hyonteishotelli-wedge-eye-talo\/","og_locale":"fi_FI","og_type":"article","og_title":"Profiilimalli Hy\u00f6nteishotelli - Wedge-eye-talo","og_description":"Biologinen suojaus kovakuoriaisia ja kasvintuhoojia vastaan. Kiilusilm\u00e4t sy\u00f6v\u00e4t kovakuoriaisia ja punkkeja suuria m\u00e4\u00e4ri\u00e4. Kiilapisti\u00e4iset ovat meille","og_url":"https:\/\/rodoaed.ee\/fi\/toode\/profiilimalli-hyonteishotelli-wedge-eye-talo\/","og_site_name":"Rodoaed","article_publisher":"https:\/\/www.facebook.com\/kasvuhooned\/","article_modified_time":"2026-04-13T08:01:27+00:00","og_image":[{"width":600,"height":409,"url":"https:\/\/rodoaed.ee\/wp-content\/uploads\/2019\/09\/putukahotell_kiilassilma-maja_385_01.jpg","type":"image\/jpeg"}],"twitter_card":"summary_large_image","twitter_misc":{"Arvioitu lukuaika":"1 minuutti"},"schema":{"@context":"https:\/\/schema.org","@graph":[{"@type":"WebPage","@id":"https:\/\/rodoaed.ee\/fi\/toode\/profiilimalli-hyonteishotelli-wedge-eye-talo\/","url":"https:\/\/rodoaed.ee\/fi\/toode\/profiilimalli-hyonteishotelli-wedge-eye-talo\/","name":"Profiilimalli Hy\u00f6nteishotelli - Wedge-eye-talo - Rodoaed","isPartOf":{"@id":"https:\/\/rodoaed.ee\/#website"},"primaryImageOfPage":{"@id":"https:\/\/rodoaed.ee\/fi\/toode\/profiilimalli-hyonteishotelli-wedge-eye-talo\/#primaryimage"},"image":{"@id":"https:\/\/rodoaed.ee\/fi\/toode\/profiilimalli-hyonteishotelli-wedge-eye-talo\/#primaryimage"},"thumbnailUrl":"https:\/\/rodoaed.ee\/wp-content\/uploads\/2019\/09\/putukahotell_kiilassilma-maja_385_01.jpg","datePublished":"2019-09-12T09:56:13+00:00","dateModified":"2026-04-13T08:01:27+00:00","breadcrumb":{"@id":"https:\/\/rodoaed.ee\/fi\/toode\/profiilimalli-hyonteishotelli-wedge-eye-talo\/#breadcrumb"},"inLanguage":"fi","potentialAction":[{"@type":"ReadAction","target":["https:\/\/rodoaed.ee\/fi\/toode\/profiilimalli-hyonteishotelli-wedge-eye-talo\/"]}]},{"@type":"ImageObject","inLanguage":"fi","@id":"https:\/\/rodoaed.ee\/fi\/toode\/profiilimalli-hyonteishotelli-wedge-eye-talo\/#primaryimage","url":"https:\/\/rodoaed.ee\/wp-content\/uploads\/2019\/09\/putukahotell_kiilassilma-maja_385_01.jpg","contentUrl":"https:\/\/rodoaed.ee\/wp-content\/uploads\/2019\/09\/putukahotell_kiilassilma-maja_385_01.jpg","width":600,"height":409,"caption":"Hy\u00f6nteishotellit"},{"@type":"BreadcrumbList","@id":"https:\/\/rodoaed.ee\/fi\/toode\/profiilimalli-hyonteishotelli-wedge-eye-talo\/#breadcrumb","itemListElement":[{"@type":"ListItem","position":1,"name":"Home","item":"https:\/\/rodoaed.ee\/fi\/"},{"@type":"ListItem","position":2,"name":"Osta osoitteessa","item":"https:\/\/rodoaed.ee\/osta-osoitteessa\/"},{"@type":"ListItem","position":3,"name":"Profiilimalli Hy\u00f6nteishotelli &#8211; Wedge-eye-talo"}]},{"@type":"WebSite","@id":"https:\/\/rodoaed.ee\/#website","url":"https:\/\/rodoaed.ee\/","name":"Rodoaed","description":"","publisher":{"@id":"https:\/\/rodoaed.ee\/#organization"},"potentialAction":[{"@type":"SearchAction","target":{"@type":"EntryPoint","urlTemplate":"https:\/\/rodoaed.ee\/?s={search_term_string}"},"query-input":{"@type":"PropertyValueSpecification","valueRequired":true,"valueName":"search_term_string"}}],"inLanguage":"fi"},{"@type":"Organization","@id":"https:\/\/rodoaed.ee\/#organization","name":"Rodoaed","url":"https:\/\/rodoaed.ee\/","logo":{"@type":"ImageObject","inLanguage":"fi","@id":"https:\/\/rodoaed.ee\/#\/schema\/logo\/image\/","url":"https:\/\/rodoaed.ee\/wp-content\/uploads\/2019\/11\/rodoaed-logo-ilma-taustata.jpg","contentUrl":"https:\/\/rodoaed.ee\/wp-content\/uploads\/2019\/11\/rodoaed-logo-ilma-taustata.jpg","width":769,"height":268,"caption":"Rodoaed"},"image":{"@id":"https:\/\/rodoaed.ee\/#\/schema\/logo\/image\/"},"sameAs":["https:\/\/www.facebook.com\/kasvuhooned\/","https:\/\/rodoaed.ee"]}]}},"_links":{"self":[{"href":"https:\/\/rodoaed.ee\/fi\/wp-json\/wp\/v2\/product\/53179","targetHints":{"allow":["GET"]}}],"collection":[{"href":"https:\/\/rodoaed.ee\/fi\/wp-json\/wp\/v2\/product"}],"about":[{"href":"https:\/\/rodoaed.ee\/fi\/wp-json\/wp\/v2\/types\/product"}],"wp:featuredmedia":[{"embeddable":true,"href":"https:\/\/rodoaed.ee\/fi\/wp-json\/wp\/v2\/media\/25694"}],"wp:attachment":[{"href":"https:\/\/rodoaed.ee\/fi\/wp-json\/wp\/v2\/media?parent=53179"}],"wp:term":[{"taxonomy":"product_brand","embeddable":true,"href":"https:\/\/rodoaed.ee\/fi\/wp-json\/wp\/v2\/product_brand?post=53179"},{"taxonomy":"product_cat","embeddable":true,"href":"https:\/\/rodoaed.ee\/fi\/wp-json\/wp\/v2\/product_cat?post=53179"},{"taxonomy":"product_tag","embeddable":true,"href":"https:\/\/rodoaed.ee\/fi\/wp-json\/wp\/v2\/product_tag?post=53179"}],"curies":[{"name":"wp","href":"https:\/\/api.w.org\/{rel}","templated":true}]}}