{"id":53182,"date":"2019-09-13T10:47:57","date_gmt":"2019-09-13T07:47:57","guid":{"rendered":"https:\/\/rodoaed.ee\/toode\/kiige-sampa-lounge-167cm\/"},"modified":"2026-04-13T11:01:30","modified_gmt":"2026-04-13T08:01:30","slug":"kiige-sampa-lounge-167cm","status":"publish","type":"product","link":"https:\/\/rodoaed.ee\/fi\/tuote\/kiige-sampa-lounge-167cm\/","title":{"rendered":"Kiige Sampa Lounge 167cm"},"content":{"rendered":"<h2>Swing Sampa Lounge 167cm kahdelle<\/h2>\n<p>Pes\u00e4keinut ovat eritt\u00e4in mukavia ja suosittuja keinuja sek\u00e4 lasten ett\u00e4 aikuisten keskuudessa. Istuinosa on mukavan pehme\u00e4 ja py\u00f6ristetty. Ole tai merirosvo ja merirosvoile karulla merell\u00e4. L\u00f6yd\u00e4 keinuminen uudelleen itsellesi.   <\/p>\n<div>\n<p><strong>Helppo asentaa ja eritt\u00e4in k\u00e4tev\u00e4<\/strong><\/p>\n<\/div>\n<ul>\n<li>Sopii 2 lapselle<\/li>\n<li>Valmistettu vedenpit\u00e4v\u00e4st\u00e4 materiaalista<\/li>\n<li>Korkeus s\u00e4\u00e4dett\u00e4viss\u00e4<\/li>\n<li>Mitat: istuimen pituus 167 cm, leveys 71 cm ja paksuus 6 cm.<\/li>\n<li>Paino: 7 kg<\/li>\n<li>V\u00e4ri: musta<\/li>\n<li>Maksimikuorma 150 kg<\/li>\n<li>Sopii 3-vuotiaille<\/li>\n<\/ul>\n","protected":false},"excerpt":{"rendered":"<p>Swing Sampa Lounge 167cm kahdelle Pes\u00e4keinut ovat eritt\u00e4in mukavia ja suosittuja keinuja sek\u00e4 lasten ett\u00e4 aikuisten keskuudessa. Istuinosa on mukavan pehme\u00e4 ja py\u00f6ristetty. Ole tai merirosvo ja merirosvoile karulla merell\u00e4. L\u00f6yd\u00e4 keinuminen uudelleen itsellesi. Helppo asentaa ja eritt\u00e4in k\u00e4tev\u00e4 Sopii 2 lapselle Valmistettu vedenpit\u00e4v\u00e4st\u00e4 materiaalista Korkeus s\u00e4\u00e4dett\u00e4viss\u00e4 Mitat: istuimen pituus 167 cm, leveys 71 cm ja paksuus 6 cm. Paino: 7 kg V\u00e4ri: musta Maksimikuorma&#8230;<\/p>\n","protected":false},"featured_media":25837,"template":"","meta":{"_acf_changed":false},"product_brand":[],"product_cat":[1763,2186,1779],"product_tag":[],"class_list":{"0":"post-53182","1":"product","2":"type-product","3":"status-publish","4":"has-post-thumbnail","6":"product_cat-harrastukset-ja-lelut","7":"product_cat-keinut","8":"product_cat-lelut-puutarhassa","9":"product_shipping_class-kuljetus-ainoastaan-kuriiripalvelun-valityksella","10":"pa_variatsioon-hiekkalaatikko-setripuuta-77x94cm","12":"first","13":"outofstock","14":"taxable","15":"shipping-taxable","16":"purchasable","17":"product-type-simple"},"acf":[],"yoast_head":"<!-- This site is optimized with the Yoast SEO Premium plugin v27.3 (Yoast SEO v27.3) - https:\/\/yoast.com\/product\/yoast-seo-premium-wordpress\/ -->\n<title>Kiige Sampa Lounge 167cm - Rodoaed<\/title>\n<meta name=\"robots\" content=\"index, follow, max-snippet:-1, max-image-preview:large, max-video-preview:-1\" \/>\n<link rel=\"canonical\" href=\"https:\/\/rodoaed.ee\/fi\/toode\/kiige-sampa-lounge-167cm\/\" \/>\n<meta property=\"og:locale\" content=\"fi_FI\" \/>\n<meta property=\"og:type\" content=\"article\" \/>\n<meta property=\"og:title\" content=\"Kiige Sampa Lounge 167cm\" \/>\n<meta property=\"og:description\" content=\"Swing Sampa Lounge 167cm kahdelle Pes\u00e4keinut ovat eritt\u00e4in mukavia ja suosittuja keinuja sek\u00e4 lasten ett\u00e4 aikuisten keskuudessa. Istuinosa on mukavan\" \/>\n<meta property=\"og:url\" content=\"https:\/\/rodoaed.ee\/fi\/toode\/kiige-sampa-lounge-167cm\/\" \/>\n<meta property=\"og:site_name\" content=\"Rodoaed\" \/>\n<meta property=\"article:publisher\" content=\"https:\/\/www.facebook.com\/kasvuhooned\/\" \/>\n<meta property=\"article:modified_time\" content=\"2026-04-13T08:01:30+00:00\" \/>\n<meta property=\"og:image\" content=\"https:\/\/rodoaed.ee\/wp-content\/uploads\/2019\/09\/kiige-Sampa-Lounge_52-03-94-00_02.jpg\" \/>\n\t<meta property=\"og:image:width\" content=\"558\" \/>\n\t<meta property=\"og:image:height\" content=\"558\" \/>\n\t<meta property=\"og:image:type\" content=\"image\/jpeg\" \/>\n<meta name=\"twitter:card\" content=\"summary_large_image\" \/>\n<script type=\"application\/ld+json\" class=\"yoast-schema-graph\">{\"@context\":\"https:\\\/\\\/schema.org\",\"@graph\":[{\"@type\":\"WebPage\",\"@id\":\"https:\\\/\\\/rodoaed.ee\\\/fi\\\/toode\\\/kiige-sampa-lounge-167cm\\\/\",\"url\":\"https:\\\/\\\/rodoaed.ee\\\/fi\\\/toode\\\/kiige-sampa-lounge-167cm\\\/\",\"name\":\"Kiige Sampa Lounge 167cm - Rodoaed\",\"isPartOf\":{\"@id\":\"https:\\\/\\\/rodoaed.ee\\\/#website\"},\"primaryImageOfPage\":{\"@id\":\"https:\\\/\\\/rodoaed.ee\\\/fi\\\/toode\\\/kiige-sampa-lounge-167cm\\\/#primaryimage\"},\"image\":{\"@id\":\"https:\\\/\\\/rodoaed.ee\\\/fi\\\/toode\\\/kiige-sampa-lounge-167cm\\\/#primaryimage\"},\"thumbnailUrl\":\"https:\\\/\\\/rodoaed.ee\\\/wp-content\\\/uploads\\\/2019\\\/09\\\/kiige-Sampa-Lounge_52-03-94-00_02.jpg\",\"datePublished\":\"2019-09-13T07:47:57+00:00\",\"dateModified\":\"2026-04-13T08:01:30+00:00\",\"breadcrumb\":{\"@id\":\"https:\\\/\\\/rodoaed.ee\\\/fi\\\/toode\\\/kiige-sampa-lounge-167cm\\\/#breadcrumb\"},\"inLanguage\":\"fi\",\"potentialAction\":[{\"@type\":\"ReadAction\",\"target\":[\"https:\\\/\\\/rodoaed.ee\\\/fi\\\/toode\\\/kiige-sampa-lounge-167cm\\\/\"]}]},{\"@type\":\"ImageObject\",\"inLanguage\":\"fi\",\"@id\":\"https:\\\/\\\/rodoaed.ee\\\/fi\\\/toode\\\/kiige-sampa-lounge-167cm\\\/#primaryimage\",\"url\":\"https:\\\/\\\/rodoaed.ee\\\/wp-content\\\/uploads\\\/2019\\\/09\\\/kiige-Sampa-Lounge_52-03-94-00_02.jpg\",\"contentUrl\":\"https:\\\/\\\/rodoaed.ee\\\/wp-content\\\/uploads\\\/2019\\\/09\\\/kiige-Sampa-Lounge_52-03-94-00_02.jpg\",\"width\":558,\"height\":558,\"caption\":\"leikkiv\u00e4lineet puutarhassa\"},{\"@type\":\"BreadcrumbList\",\"@id\":\"https:\\\/\\\/rodoaed.ee\\\/fi\\\/toode\\\/kiige-sampa-lounge-167cm\\\/#breadcrumb\",\"itemListElement\":[{\"@type\":\"ListItem\",\"position\":1,\"name\":\"Home\",\"item\":\"https:\\\/\\\/rodoaed.ee\\\/fi\\\/\"},{\"@type\":\"ListItem\",\"position\":2,\"name\":\"Osta osoitteessa\",\"item\":\"https:\\\/\\\/rodoaed.ee\\\/osta-osoitteessa\\\/\"},{\"@type\":\"ListItem\",\"position\":3,\"name\":\"Kiige Sampa Lounge 167cm\"}]},{\"@type\":\"WebSite\",\"@id\":\"https:\\\/\\\/rodoaed.ee\\\/#website\",\"url\":\"https:\\\/\\\/rodoaed.ee\\\/\",\"name\":\"Rodoaed\",\"description\":\"\",\"publisher\":{\"@id\":\"https:\\\/\\\/rodoaed.ee\\\/#organization\"},\"potentialAction\":[{\"@type\":\"SearchAction\",\"target\":{\"@type\":\"EntryPoint\",\"urlTemplate\":\"https:\\\/\\\/rodoaed.ee\\\/?s={search_term_string}\"},\"query-input\":{\"@type\":\"PropertyValueSpecification\",\"valueRequired\":true,\"valueName\":\"search_term_string\"}}],\"inLanguage\":\"fi\"},{\"@type\":\"Organization\",\"@id\":\"https:\\\/\\\/rodoaed.ee\\\/#organization\",\"name\":\"Rodoaed\",\"url\":\"https:\\\/\\\/rodoaed.ee\\\/\",\"logo\":{\"@type\":\"ImageObject\",\"inLanguage\":\"fi\",\"@id\":\"https:\\\/\\\/rodoaed.ee\\\/#\\\/schema\\\/logo\\\/image\\\/\",\"url\":\"https:\\\/\\\/rodoaed.ee\\\/wp-content\\\/uploads\\\/2019\\\/11\\\/rodoaed-logo-ilma-taustata.jpg\",\"contentUrl\":\"https:\\\/\\\/rodoaed.ee\\\/wp-content\\\/uploads\\\/2019\\\/11\\\/rodoaed-logo-ilma-taustata.jpg\",\"width\":769,\"height\":268,\"caption\":\"Rodoaed\"},\"image\":{\"@id\":\"https:\\\/\\\/rodoaed.ee\\\/#\\\/schema\\\/logo\\\/image\\\/\"},\"sameAs\":[\"https:\\\/\\\/www.facebook.com\\\/kasvuhooned\\\/\",\"https:\\\/\\\/rodoaed.ee\"]}]}<\/script>\n<!-- \/ Yoast SEO Premium plugin. -->","yoast_head_json":{"title":"Kiige Sampa Lounge 167cm - Rodoaed","robots":{"index":"index","follow":"follow","max-snippet":"max-snippet:-1","max-image-preview":"max-image-preview:large","max-video-preview":"max-video-preview:-1"},"canonical":"https:\/\/rodoaed.ee\/fi\/toode\/kiige-sampa-lounge-167cm\/","og_locale":"fi_FI","og_type":"article","og_title":"Kiige Sampa Lounge 167cm","og_description":"Swing Sampa Lounge 167cm kahdelle Pes\u00e4keinut ovat eritt\u00e4in mukavia ja suosittuja keinuja sek\u00e4 lasten ett\u00e4 aikuisten keskuudessa. Istuinosa on mukavan","og_url":"https:\/\/rodoaed.ee\/fi\/toode\/kiige-sampa-lounge-167cm\/","og_site_name":"Rodoaed","article_publisher":"https:\/\/www.facebook.com\/kasvuhooned\/","article_modified_time":"2026-04-13T08:01:30+00:00","og_image":[{"width":558,"height":558,"url":"https:\/\/rodoaed.ee\/wp-content\/uploads\/2019\/09\/kiige-Sampa-Lounge_52-03-94-00_02.jpg","type":"image\/jpeg"}],"twitter_card":"summary_large_image","schema":{"@context":"https:\/\/schema.org","@graph":[{"@type":"WebPage","@id":"https:\/\/rodoaed.ee\/fi\/toode\/kiige-sampa-lounge-167cm\/","url":"https:\/\/rodoaed.ee\/fi\/toode\/kiige-sampa-lounge-167cm\/","name":"Kiige Sampa Lounge 167cm - Rodoaed","isPartOf":{"@id":"https:\/\/rodoaed.ee\/#website"},"primaryImageOfPage":{"@id":"https:\/\/rodoaed.ee\/fi\/toode\/kiige-sampa-lounge-167cm\/#primaryimage"},"image":{"@id":"https:\/\/rodoaed.ee\/fi\/toode\/kiige-sampa-lounge-167cm\/#primaryimage"},"thumbnailUrl":"https:\/\/rodoaed.ee\/wp-content\/uploads\/2019\/09\/kiige-Sampa-Lounge_52-03-94-00_02.jpg","datePublished":"2019-09-13T07:47:57+00:00","dateModified":"2026-04-13T08:01:30+00:00","breadcrumb":{"@id":"https:\/\/rodoaed.ee\/fi\/toode\/kiige-sampa-lounge-167cm\/#breadcrumb"},"inLanguage":"fi","potentialAction":[{"@type":"ReadAction","target":["https:\/\/rodoaed.ee\/fi\/toode\/kiige-sampa-lounge-167cm\/"]}]},{"@type":"ImageObject","inLanguage":"fi","@id":"https:\/\/rodoaed.ee\/fi\/toode\/kiige-sampa-lounge-167cm\/#primaryimage","url":"https:\/\/rodoaed.ee\/wp-content\/uploads\/2019\/09\/kiige-Sampa-Lounge_52-03-94-00_02.jpg","contentUrl":"https:\/\/rodoaed.ee\/wp-content\/uploads\/2019\/09\/kiige-Sampa-Lounge_52-03-94-00_02.jpg","width":558,"height":558,"caption":"leikkiv\u00e4lineet puutarhassa"},{"@type":"BreadcrumbList","@id":"https:\/\/rodoaed.ee\/fi\/toode\/kiige-sampa-lounge-167cm\/#breadcrumb","itemListElement":[{"@type":"ListItem","position":1,"name":"Home","item":"https:\/\/rodoaed.ee\/fi\/"},{"@type":"ListItem","position":2,"name":"Osta osoitteessa","item":"https:\/\/rodoaed.ee\/osta-osoitteessa\/"},{"@type":"ListItem","position":3,"name":"Kiige Sampa Lounge 167cm"}]},{"@type":"WebSite","@id":"https:\/\/rodoaed.ee\/#website","url":"https:\/\/rodoaed.ee\/","name":"Rodoaed","description":"","publisher":{"@id":"https:\/\/rodoaed.ee\/#organization"},"potentialAction":[{"@type":"SearchAction","target":{"@type":"EntryPoint","urlTemplate":"https:\/\/rodoaed.ee\/?s={search_term_string}"},"query-input":{"@type":"PropertyValueSpecification","valueRequired":true,"valueName":"search_term_string"}}],"inLanguage":"fi"},{"@type":"Organization","@id":"https:\/\/rodoaed.ee\/#organization","name":"Rodoaed","url":"https:\/\/rodoaed.ee\/","logo":{"@type":"ImageObject","inLanguage":"fi","@id":"https:\/\/rodoaed.ee\/#\/schema\/logo\/image\/","url":"https:\/\/rodoaed.ee\/wp-content\/uploads\/2019\/11\/rodoaed-logo-ilma-taustata.jpg","contentUrl":"https:\/\/rodoaed.ee\/wp-content\/uploads\/2019\/11\/rodoaed-logo-ilma-taustata.jpg","width":769,"height":268,"caption":"Rodoaed"},"image":{"@id":"https:\/\/rodoaed.ee\/#\/schema\/logo\/image\/"},"sameAs":["https:\/\/www.facebook.com\/kasvuhooned\/","https:\/\/rodoaed.ee"]}]}},"_links":{"self":[{"href":"https:\/\/rodoaed.ee\/fi\/wp-json\/wp\/v2\/product\/53182","targetHints":{"allow":["GET"]}}],"collection":[{"href":"https:\/\/rodoaed.ee\/fi\/wp-json\/wp\/v2\/product"}],"about":[{"href":"https:\/\/rodoaed.ee\/fi\/wp-json\/wp\/v2\/types\/product"}],"wp:featuredmedia":[{"embeddable":true,"href":"https:\/\/rodoaed.ee\/fi\/wp-json\/wp\/v2\/media\/25837"}],"wp:attachment":[{"href":"https:\/\/rodoaed.ee\/fi\/wp-json\/wp\/v2\/media?parent=53182"}],"wp:term":[{"taxonomy":"product_brand","embeddable":true,"href":"https:\/\/rodoaed.ee\/fi\/wp-json\/wp\/v2\/product_brand?post=53182"},{"taxonomy":"product_cat","embeddable":true,"href":"https:\/\/rodoaed.ee\/fi\/wp-json\/wp\/v2\/product_cat?post=53182"},{"taxonomy":"product_tag","embeddable":true,"href":"https:\/\/rodoaed.ee\/fi\/wp-json\/wp\/v2\/product_tag?post=53182"}],"curies":[{"name":"wp","href":"https:\/\/api.w.org\/{rel}","templated":true}]}}