{"id":53183,"date":"2019-09-28T13:21:17","date_gmt":"2019-09-28T10:21:17","guid":{"rendered":"https:\/\/rodoaed.ee\/toode\/sahara-lampomatto-40x200cm-157w-lamposaatimella\/"},"modified":"2026-04-13T11:01:31","modified_gmt":"2026-04-13T08:01:31","slug":"sahara-lampomatto-40x200cm-157w-lamposaatimella","status":"publish","type":"product","link":"https:\/\/rodoaed.ee\/fi\/tuote\/sahara-lampomatto-40x200cm-157w-lamposaatimella\/","title":{"rendered":"Sahara l\u00e4mp\u00f6matto 40x200cm, 157W, l\u00e4mp\u00f6s\u00e4\u00e4timell\u00e4"},"content":{"rendered":"<h3>Sahara-l\u00e4mmitysmatto on k\u00e4ytt\u00f6valmis, sill\u00e4 siin\u00e4 on jo valmiiksi l\u00e4mm\u00f6ns\u00e4\u00e4t\u00f6laite ja maaper\u00e4anturi.<\/h3>\n<p>Sahara-alumiinipinnoitettuja l\u00e4mmitysmattoja on saatavana monen kokoisina. L\u00e4mmitysmatot on suunniteltu siten, ett\u00e4 ne nostavat maanpinnan l\u00e4mp\u00f6tilan enint\u00e4\u00e4n +35 C:een. Kun juuret ovat l\u00e4mpim\u00e4t, ymp\u00e4r\u00f6iv\u00e4n ilman l\u00e4mp\u00f6tila voi olla suhteellisen viile\u00e4. Maan l\u00e4mpeneminen lis\u00e4\u00e4 siementen it\u00e4misen ja kasvien kasvun onnistumista. Kaikki l\u00e4mp\u00f6 ohjataan sinne, miss\u00e4 sit\u00e4 eniten tarvitaan, eli kasvin juuriin, eik\u00e4 koko suurta kasvihuonetta tarvitse l\u00e4mmitt\u00e4\u00e4. Suuret s\u00e4\u00e4st\u00f6t.     <\/p>\n<h4>Sahara-kosteudenkest\u00e4v\u00e4 l\u00e4mp\u00f6matto on erinomainen v\u00e4line varhain kev\u00e4\u00e4ll\u00e4 siementen it\u00e4miseen, kasvien esikasvatukseen sek\u00e4 arkojen huonekasvien, kuten orkideoiden, kasvattamiseen ja talvehtimiseen.<\/h4>\n<p>Puutarhaviljelij\u00e4t sanovat, ett\u00e4 taimet ja pistokkaat haluavat &#8221;pit\u00e4\u00e4 jalkansa l\u00e4mpim\u00e4n\u00e4&#8221;. N\u00e4in onnistumisprosentti on moninkertainen. L\u00e4mp\u00f6tila on erilainen eri kasveille. Esimerkiksi tomaatit it\u00e4v\u00e4t 20-25 \u00b0C:n l\u00e4mp\u00f6tilassa, mutta chilipaprikat vasta 25-30 \u00b0C:ssa.   <\/p>\n<p>L\u00e4mmitysmattoa voidaan k\u00e4ytt\u00e4\u00e4 my\u00f6s yhdess\u00e4 digitaalisen Thermo 2 -termostaatin kanssa tarkempaa l\u00e4mp\u00f6tilan s\u00e4\u00e4t\u00f6\u00e4 varten. Digitaalisessa termostaatissa on numeerinen n\u00e4ytt\u00f6 l\u00e4mp\u00f6tilan k\u00e4tev\u00e4\u00e4 sy\u00f6tt\u00e4mist\u00e4 varten. <\/p>\n<p>Kylmiss\u00e4 tiloissa tai l\u00e4mmitt\u00e4m\u00e4tt\u00f6miss\u00e4 kasvihuoneissa polystyreenilaattoja voidaan k\u00e4ytt\u00e4\u00e4 eristysmateriaalina mattapohjalla energian s\u00e4\u00e4st\u00e4miseksi. N\u00e4in l\u00e4mp\u00f6\u00e4 ei menetet\u00e4 muualle. <\/p>\n<h4>T\u00e4rkeimm\u00e4t ominaisuudet<\/h4>\n<ul>\n<li>Tukee siementen it\u00e4mist\u00e4 ja juurten kehityst\u00e4<\/li>\n<li>Ihanteellinen taimien kasvattamiseen ja pistokkaiden juurruttamiseen.<\/li>\n<li>Eritt\u00e4in tasainen l\u00e4mm\u00f6njako<\/li>\n<li>Soveltuu hyvin kukkaruukkujen pohjaksi juurien l\u00e4mmitt\u00e4miseen.<\/li>\n<li>Varmistaa l\u00e4mpim\u00e4n maaper\u00e4n, jos ruukkukasvit kasvavat liikaa rajoitetulla alueella.<\/li>\n<li>Termostaatilla ja maaper\u00e4anturilla<\/li>\n<li>Termostaatin toiminta-alue 0- 40C<\/li>\n<li>IPX4-roiskevesisuojaus<\/li>\n<li>2 vuoden takuu<\/li>\n<\/ul>\n<h4>Tekniset tiedot<\/h4>\n<ul>\n<li>Teho 157 W<\/li>\n<li>Vedenkest\u00e4vyys IPX4<\/li>\n<li>Mitat: 40 x 200 cm<\/li>\n<\/ul>\n<div><a href=\"https:\/\/rodoaed.ee\/fi\/\">kotisivu<\/a> <a href=\"https:\/\/rodoaed.ee\/tootekategooria\/kasvuhooned-ja-talveaiad\/\">k\u00e4ynnist\u00e4<\/a> <a href=\"https:\/\/rodoaed.ee\/fi\/tootekategooria\/kasvihuoneen-tarvikkeet\/\">tarvikkeet<\/a> <a href=\"https:\/\/rodoaed.ee\/fi\/tootekategooria\/kasvihuoneen-tarvikkeet\/sahkolammitysmatot\/\">el.matot<\/a> <a href=\"\/?product_cat=soojendusmatid-taimedele\">l\u00e4mmitysmatot<\/a><\/div>\n<div>\n<div><\/div>\n<\/div>\n","protected":false},"excerpt":{"rendered":"<p>Sahara-l\u00e4mmitysmatto on k\u00e4ytt\u00f6valmis, sill\u00e4 siin\u00e4 on jo valmiiksi l\u00e4mm\u00f6ns\u00e4\u00e4t\u00f6laite ja maaper\u00e4anturi. Sahara-alumiinipinnoitettuja l\u00e4mmitysmattoja on saatavana monen kokoisina. L\u00e4mmitysmatot on suunniteltu siten, ett\u00e4 ne nostavat maanpinnan l\u00e4mp\u00f6tilan enint\u00e4\u00e4n +35 C:een. Kun juuret ovat l\u00e4mpim\u00e4t, ymp\u00e4r\u00f6iv\u00e4n ilman l\u00e4mp\u00f6tila voi olla suhteellisen viile\u00e4. Maan l\u00e4mpeneminen lis\u00e4\u00e4 siementen it\u00e4misen ja kasvien kasvun onnistumista. Kaikki l\u00e4mp\u00f6 ohjataan sinne, miss\u00e4 sit\u00e4 eniten tarvitaan, eli kasvin juuriin, eik\u00e4 koko suurta kasvihuonetta tarvitse&#8230;<\/p>\n","protected":false},"featured_media":26332,"template":"","meta":{"_acf_changed":false},"product_brand":[],"product_cat":[1811,1869,2184,2182],"product_tag":[],"class_list":{"0":"post-53183","1":"product","2":"type-product","3":"status-publish","4":"has-post-thumbnail","6":"product_cat-kasvien-kasvattaminen","7":"product_cat-kasvihuoneen-tarvikkeet","8":"product_cat-lampomatto-taimille-ja-kasveille","9":"product_cat-sahkolammitysmatot","10":"product_shipping_class-kuljetus-ainoastaan-kuriiripalvelun-valityksella","11":"pa_variatsioon-sahara-lammitinmatolla-ja-lammonsaatimella-40x75cm-65w","13":"first","14":"onbackorder","15":"taxable","16":"shipping-taxable","17":"purchasable","18":"product-type-simple"},"acf":[],"yoast_head":"<!-- This site is optimized with the Yoast SEO Premium plugin v27.3 (Yoast SEO v27.3) - https:\/\/yoast.com\/product\/yoast-seo-premium-wordpress\/ -->\n<title>Sahara l\u00e4mp\u00f6matto 40x200cm, 157W, l\u00e4mp\u00f6s\u00e4\u00e4timell\u00e4 - Rodoaed<\/title>\n<meta name=\"description\" content=\"Sahara-kosteudenkest\u00e4v\u00e4 l\u00e4mp\u00f6matto on erinomainen apuv\u00e4line siementen it\u00e4miseen, kasvien esikasvatukseen sek\u00e4 arkojen huonekasvien, kuten orkideoiden, kasvattamiseen ja talvehtimiseen.\" \/>\n<meta name=\"robots\" content=\"index, follow, max-snippet:-1, max-image-preview:large, max-video-preview:-1\" \/>\n<link rel=\"canonical\" href=\"https:\/\/rodoaed.ee\/fi\/toode\/sahara-lampomatto-40x200cm-157w-lamposaatimella\/\" \/>\n<meta property=\"og:locale\" content=\"fi_FI\" \/>\n<meta property=\"og:type\" content=\"article\" \/>\n<meta property=\"og:title\" content=\"Sahara l\u00e4mp\u00f6matto 40x200cm, 157W, l\u00e4mp\u00f6s\u00e4\u00e4timell\u00e4\" \/>\n<meta property=\"og:description\" content=\"Sahara-l\u00e4mmitysmatto on k\u00e4ytt\u00f6valmis, sill\u00e4 siin\u00e4 on jo valmiiksi l\u00e4mm\u00f6ns\u00e4\u00e4t\u00f6laite ja maaper\u00e4anturi. Sahara-alumiinipinnoitettuja l\u00e4mmitysmattoja on\" \/>\n<meta property=\"og:url\" content=\"https:\/\/rodoaed.ee\/fi\/toode\/sahara-lampomatto-40x200cm-157w-lamposaatimella\/\" \/>\n<meta property=\"og:site_name\" content=\"Rodoaed\" \/>\n<meta property=\"article:publisher\" content=\"https:\/\/www.facebook.com\/kasvuhooned\/\" \/>\n<meta property=\"article:modified_time\" content=\"2026-04-13T08:01:31+00:00\" \/>\n<meta property=\"og:image\" content=\"https:\/\/rodoaed.ee\/wp-content\/uploads\/2019\/08\/kasvuhoone-elektrimatt-Sahara_04.jpg\" \/>\n\t<meta property=\"og:image:width\" content=\"700\" \/>\n\t<meta property=\"og:image:height\" content=\"700\" \/>\n\t<meta property=\"og:image:type\" content=\"image\/jpeg\" \/>\n<meta name=\"twitter:card\" content=\"summary_large_image\" \/>\n<meta name=\"twitter:label1\" content=\"Arvioitu lukuaika\" \/>\n\t<meta name=\"twitter:data1\" content=\"1 minuutti\" \/>\n<script type=\"application\/ld+json\" class=\"yoast-schema-graph\">{\"@context\":\"https:\\\/\\\/schema.org\",\"@graph\":[{\"@type\":\"WebPage\",\"@id\":\"https:\\\/\\\/rodoaed.ee\\\/fi\\\/toode\\\/sahara-lampomatto-40x200cm-157w-lamposaatimella\\\/\",\"url\":\"https:\\\/\\\/rodoaed.ee\\\/fi\\\/toode\\\/sahara-lampomatto-40x200cm-157w-lamposaatimella\\\/\",\"name\":\"Sahara l\u00e4mp\u00f6matto 40x200cm, 157W, l\u00e4mp\u00f6s\u00e4\u00e4timell\u00e4 - Rodoaed\",\"isPartOf\":{\"@id\":\"https:\\\/\\\/rodoaed.ee\\\/#website\"},\"primaryImageOfPage\":{\"@id\":\"https:\\\/\\\/rodoaed.ee\\\/fi\\\/toode\\\/sahara-lampomatto-40x200cm-157w-lamposaatimella\\\/#primaryimage\"},\"image\":{\"@id\":\"https:\\\/\\\/rodoaed.ee\\\/fi\\\/toode\\\/sahara-lampomatto-40x200cm-157w-lamposaatimella\\\/#primaryimage\"},\"thumbnailUrl\":\"https:\\\/\\\/rodoaed.ee\\\/wp-content\\\/uploads\\\/2019\\\/08\\\/kasvuhoone-elektrimatt-Sahara_04.jpg\",\"datePublished\":\"2019-09-28T10:21:17+00:00\",\"dateModified\":\"2026-04-13T08:01:31+00:00\",\"description\":\"Sahara-kosteudenkest\u00e4v\u00e4 l\u00e4mp\u00f6matto on erinomainen apuv\u00e4line siementen it\u00e4miseen, kasvien esikasvatukseen sek\u00e4 arkojen huonekasvien, kuten orkideoiden, kasvattamiseen ja talvehtimiseen.\",\"breadcrumb\":{\"@id\":\"https:\\\/\\\/rodoaed.ee\\\/fi\\\/toode\\\/sahara-lampomatto-40x200cm-157w-lamposaatimella\\\/#breadcrumb\"},\"inLanguage\":\"fi\",\"potentialAction\":[{\"@type\":\"ReadAction\",\"target\":[\"https:\\\/\\\/rodoaed.ee\\\/fi\\\/toode\\\/sahara-lampomatto-40x200cm-157w-lamposaatimella\\\/\"]}]},{\"@type\":\"ImageObject\",\"inLanguage\":\"fi\",\"@id\":\"https:\\\/\\\/rodoaed.ee\\\/fi\\\/toode\\\/sahara-lampomatto-40x200cm-157w-lamposaatimella\\\/#primaryimage\",\"url\":\"https:\\\/\\\/rodoaed.ee\\\/wp-content\\\/uploads\\\/2019\\\/08\\\/kasvuhoone-elektrimatt-Sahara_04.jpg\",\"contentUrl\":\"https:\\\/\\\/rodoaed.ee\\\/wp-content\\\/uploads\\\/2019\\\/08\\\/kasvuhoone-elektrimatt-Sahara_04.jpg\",\"width\":700,\"height\":700},{\"@type\":\"BreadcrumbList\",\"@id\":\"https:\\\/\\\/rodoaed.ee\\\/fi\\\/toode\\\/sahara-lampomatto-40x200cm-157w-lamposaatimella\\\/#breadcrumb\",\"itemListElement\":[{\"@type\":\"ListItem\",\"position\":1,\"name\":\"Home\",\"item\":\"https:\\\/\\\/rodoaed.ee\\\/fi\\\/\"},{\"@type\":\"ListItem\",\"position\":2,\"name\":\"Osta osoitteessa\",\"item\":\"https:\\\/\\\/rodoaed.ee\\\/osta-osoitteessa\\\/\"},{\"@type\":\"ListItem\",\"position\":3,\"name\":\"Sahara l\u00e4mp\u00f6matto 40x200cm, 157W, l\u00e4mp\u00f6s\u00e4\u00e4timell\u00e4\"}]},{\"@type\":\"WebSite\",\"@id\":\"https:\\\/\\\/rodoaed.ee\\\/#website\",\"url\":\"https:\\\/\\\/rodoaed.ee\\\/\",\"name\":\"Rodoaed\",\"description\":\"\",\"publisher\":{\"@id\":\"https:\\\/\\\/rodoaed.ee\\\/#organization\"},\"potentialAction\":[{\"@type\":\"SearchAction\",\"target\":{\"@type\":\"EntryPoint\",\"urlTemplate\":\"https:\\\/\\\/rodoaed.ee\\\/?s={search_term_string}\"},\"query-input\":{\"@type\":\"PropertyValueSpecification\",\"valueRequired\":true,\"valueName\":\"search_term_string\"}}],\"inLanguage\":\"fi\"},{\"@type\":\"Organization\",\"@id\":\"https:\\\/\\\/rodoaed.ee\\\/#organization\",\"name\":\"Rodoaed\",\"url\":\"https:\\\/\\\/rodoaed.ee\\\/\",\"logo\":{\"@type\":\"ImageObject\",\"inLanguage\":\"fi\",\"@id\":\"https:\\\/\\\/rodoaed.ee\\\/#\\\/schema\\\/logo\\\/image\\\/\",\"url\":\"https:\\\/\\\/rodoaed.ee\\\/wp-content\\\/uploads\\\/2019\\\/11\\\/rodoaed-logo-ilma-taustata.jpg\",\"contentUrl\":\"https:\\\/\\\/rodoaed.ee\\\/wp-content\\\/uploads\\\/2019\\\/11\\\/rodoaed-logo-ilma-taustata.jpg\",\"width\":769,\"height\":268,\"caption\":\"Rodoaed\"},\"image\":{\"@id\":\"https:\\\/\\\/rodoaed.ee\\\/#\\\/schema\\\/logo\\\/image\\\/\"},\"sameAs\":[\"https:\\\/\\\/www.facebook.com\\\/kasvuhooned\\\/\",\"https:\\\/\\\/rodoaed.ee\"]}]}<\/script>\n<!-- \/ Yoast SEO Premium plugin. -->","yoast_head_json":{"title":"Sahara l\u00e4mp\u00f6matto 40x200cm, 157W, l\u00e4mp\u00f6s\u00e4\u00e4timell\u00e4 - Rodoaed","description":"Sahara-kosteudenkest\u00e4v\u00e4 l\u00e4mp\u00f6matto on erinomainen apuv\u00e4line siementen it\u00e4miseen, kasvien esikasvatukseen sek\u00e4 arkojen huonekasvien, kuten orkideoiden, kasvattamiseen ja talvehtimiseen.","robots":{"index":"index","follow":"follow","max-snippet":"max-snippet:-1","max-image-preview":"max-image-preview:large","max-video-preview":"max-video-preview:-1"},"canonical":"https:\/\/rodoaed.ee\/fi\/toode\/sahara-lampomatto-40x200cm-157w-lamposaatimella\/","og_locale":"fi_FI","og_type":"article","og_title":"Sahara l\u00e4mp\u00f6matto 40x200cm, 157W, l\u00e4mp\u00f6s\u00e4\u00e4timell\u00e4","og_description":"Sahara-l\u00e4mmitysmatto on k\u00e4ytt\u00f6valmis, sill\u00e4 siin\u00e4 on jo valmiiksi l\u00e4mm\u00f6ns\u00e4\u00e4t\u00f6laite ja maaper\u00e4anturi. Sahara-alumiinipinnoitettuja l\u00e4mmitysmattoja on","og_url":"https:\/\/rodoaed.ee\/fi\/toode\/sahara-lampomatto-40x200cm-157w-lamposaatimella\/","og_site_name":"Rodoaed","article_publisher":"https:\/\/www.facebook.com\/kasvuhooned\/","article_modified_time":"2026-04-13T08:01:31+00:00","og_image":[{"width":700,"height":700,"url":"https:\/\/rodoaed.ee\/wp-content\/uploads\/2019\/08\/kasvuhoone-elektrimatt-Sahara_04.jpg","type":"image\/jpeg"}],"twitter_card":"summary_large_image","twitter_misc":{"Arvioitu lukuaika":"1 minuutti"},"schema":{"@context":"https:\/\/schema.org","@graph":[{"@type":"WebPage","@id":"https:\/\/rodoaed.ee\/fi\/toode\/sahara-lampomatto-40x200cm-157w-lamposaatimella\/","url":"https:\/\/rodoaed.ee\/fi\/toode\/sahara-lampomatto-40x200cm-157w-lamposaatimella\/","name":"Sahara l\u00e4mp\u00f6matto 40x200cm, 157W, l\u00e4mp\u00f6s\u00e4\u00e4timell\u00e4 - Rodoaed","isPartOf":{"@id":"https:\/\/rodoaed.ee\/#website"},"primaryImageOfPage":{"@id":"https:\/\/rodoaed.ee\/fi\/toode\/sahara-lampomatto-40x200cm-157w-lamposaatimella\/#primaryimage"},"image":{"@id":"https:\/\/rodoaed.ee\/fi\/toode\/sahara-lampomatto-40x200cm-157w-lamposaatimella\/#primaryimage"},"thumbnailUrl":"https:\/\/rodoaed.ee\/wp-content\/uploads\/2019\/08\/kasvuhoone-elektrimatt-Sahara_04.jpg","datePublished":"2019-09-28T10:21:17+00:00","dateModified":"2026-04-13T08:01:31+00:00","description":"Sahara-kosteudenkest\u00e4v\u00e4 l\u00e4mp\u00f6matto on erinomainen apuv\u00e4line siementen it\u00e4miseen, kasvien esikasvatukseen sek\u00e4 arkojen huonekasvien, kuten orkideoiden, kasvattamiseen ja talvehtimiseen.","breadcrumb":{"@id":"https:\/\/rodoaed.ee\/fi\/toode\/sahara-lampomatto-40x200cm-157w-lamposaatimella\/#breadcrumb"},"inLanguage":"fi","potentialAction":[{"@type":"ReadAction","target":["https:\/\/rodoaed.ee\/fi\/toode\/sahara-lampomatto-40x200cm-157w-lamposaatimella\/"]}]},{"@type":"ImageObject","inLanguage":"fi","@id":"https:\/\/rodoaed.ee\/fi\/toode\/sahara-lampomatto-40x200cm-157w-lamposaatimella\/#primaryimage","url":"https:\/\/rodoaed.ee\/wp-content\/uploads\/2019\/08\/kasvuhoone-elektrimatt-Sahara_04.jpg","contentUrl":"https:\/\/rodoaed.ee\/wp-content\/uploads\/2019\/08\/kasvuhoone-elektrimatt-Sahara_04.jpg","width":700,"height":700},{"@type":"BreadcrumbList","@id":"https:\/\/rodoaed.ee\/fi\/toode\/sahara-lampomatto-40x200cm-157w-lamposaatimella\/#breadcrumb","itemListElement":[{"@type":"ListItem","position":1,"name":"Home","item":"https:\/\/rodoaed.ee\/fi\/"},{"@type":"ListItem","position":2,"name":"Osta osoitteessa","item":"https:\/\/rodoaed.ee\/osta-osoitteessa\/"},{"@type":"ListItem","position":3,"name":"Sahara l\u00e4mp\u00f6matto 40x200cm, 157W, l\u00e4mp\u00f6s\u00e4\u00e4timell\u00e4"}]},{"@type":"WebSite","@id":"https:\/\/rodoaed.ee\/#website","url":"https:\/\/rodoaed.ee\/","name":"Rodoaed","description":"","publisher":{"@id":"https:\/\/rodoaed.ee\/#organization"},"potentialAction":[{"@type":"SearchAction","target":{"@type":"EntryPoint","urlTemplate":"https:\/\/rodoaed.ee\/?s={search_term_string}"},"query-input":{"@type":"PropertyValueSpecification","valueRequired":true,"valueName":"search_term_string"}}],"inLanguage":"fi"},{"@type":"Organization","@id":"https:\/\/rodoaed.ee\/#organization","name":"Rodoaed","url":"https:\/\/rodoaed.ee\/","logo":{"@type":"ImageObject","inLanguage":"fi","@id":"https:\/\/rodoaed.ee\/#\/schema\/logo\/image\/","url":"https:\/\/rodoaed.ee\/wp-content\/uploads\/2019\/11\/rodoaed-logo-ilma-taustata.jpg","contentUrl":"https:\/\/rodoaed.ee\/wp-content\/uploads\/2019\/11\/rodoaed-logo-ilma-taustata.jpg","width":769,"height":268,"caption":"Rodoaed"},"image":{"@id":"https:\/\/rodoaed.ee\/#\/schema\/logo\/image\/"},"sameAs":["https:\/\/www.facebook.com\/kasvuhooned\/","https:\/\/rodoaed.ee"]}]}},"_links":{"self":[{"href":"https:\/\/rodoaed.ee\/fi\/wp-json\/wp\/v2\/product\/53183","targetHints":{"allow":["GET"]}}],"collection":[{"href":"https:\/\/rodoaed.ee\/fi\/wp-json\/wp\/v2\/product"}],"about":[{"href":"https:\/\/rodoaed.ee\/fi\/wp-json\/wp\/v2\/types\/product"}],"wp:featuredmedia":[{"embeddable":true,"href":"https:\/\/rodoaed.ee\/fi\/wp-json\/wp\/v2\/media\/26332"}],"wp:attachment":[{"href":"https:\/\/rodoaed.ee\/fi\/wp-json\/wp\/v2\/media?parent=53183"}],"wp:term":[{"taxonomy":"product_brand","embeddable":true,"href":"https:\/\/rodoaed.ee\/fi\/wp-json\/wp\/v2\/product_brand?post=53183"},{"taxonomy":"product_cat","embeddable":true,"href":"https:\/\/rodoaed.ee\/fi\/wp-json\/wp\/v2\/product_cat?post=53183"},{"taxonomy":"product_tag","embeddable":true,"href":"https:\/\/rodoaed.ee\/fi\/wp-json\/wp\/v2\/product_tag?post=53183"}],"curies":[{"name":"wp","href":"https:\/\/api.w.org\/{rel}","templated":true}]}}