{"id":53184,"date":"2019-09-26T21:10:46","date_gmt":"2019-09-26T18:10:46","guid":{"rendered":"https:\/\/rodoaed.ee\/toode\/elintarvikekuivausrummut-atacama-kampanjahinta\/"},"modified":"2026-04-13T11:01:31","modified_gmt":"2026-04-13T08:01:31","slug":"elintarvikekuivausrummut-atacama-kampanjahinta","status":"publish","type":"product","link":"https:\/\/rodoaed.ee\/fi\/tuote\/elintarvikekuivausrummut-atacama-kampanjahinta\/","title":{"rendered":"Elintarvikekuivausrummut Atacama &#8211; kampanjahinta!"},"content":{"rendered":"<h2>Alusta menee kuivausrummun pohjaan ja ker\u00e4\u00e4 kaikki roiskeet ja pit\u00e4\u00e4 kuivausrummun puhtaana.<\/h2>\n<p>Pohjalevyn ansiosta ruokakuivain pysyy puhtaana my\u00f6s nesteiden, soseiden sek\u00e4 makeiden ja tahmeiden ruokien kuivumisen j\u00e4lkeen. Alusta on hy\u00f6dyllinen my\u00f6s kuivattaessa hienorakeisia elintarvikkeita, joilla on muuten taipumus pudota kuivaustelineen reikien l\u00e4pi. <\/p>\n<p>Soveltuu k\u00e4ytett\u00e4v\u00e4ksi Atacama Pro- ja Atacama Deluxe -ruokakuivaimissa.<\/p>\n<p><a href=\"https:\/\/rodoaed.ee\/fi\/\">kotisivu<\/a> <a href=\"https:\/\/rodoaed.ee\/fi\/tootekategooria\/keittiolaitteet\/\">k\u00e4ynnist\u00e4<\/a> <a href=\"https:\/\/rodoaed.ee\/fi\/tootekategooria\/keittiolaitteet\/elintarvikkeiden-kuivausrummut\/\">elintarvikekuivurit<\/a><\/p>\n<p>&nbsp;<\/p>\n","protected":false},"excerpt":{"rendered":"<p>Alusta menee kuivausrummun pohjaan ja ker\u00e4\u00e4 kaikki roiskeet ja pit\u00e4\u00e4 kuivausrummun puhtaana. Pohjalevyn ansiosta ruokakuivain pysyy puhtaana my\u00f6s nesteiden, soseiden sek\u00e4 makeiden ja tahmeiden ruokien kuivumisen j\u00e4lkeen. Alusta on hy\u00f6dyllinen my\u00f6s kuivattaessa hienorakeisia elintarvikkeita, joilla on muuten taipumus pudota kuivaustelineen reikien l\u00e4pi. Soveltuu k\u00e4ytett\u00e4v\u00e4ksi Atacama Pro- ja Atacama Deluxe -ruokakuivaimissa. kotisivu k\u00e4ynnist\u00e4 elintarvikekuivurit &nbsp;<\/p>\n","protected":false},"featured_media":26204,"template":"","meta":{"_acf_changed":false},"product_brand":[],"product_cat":[1770],"product_tag":[],"class_list":{"0":"post-53184","1":"product","2":"type-product","3":"status-publish","4":"has-post-thumbnail","6":"product_cat-elintarvikkeiden-kuivausrummut","7":"product_shipping_class-toimitus-1-3-tyopaivan-kuluessa","8":"pa_variatsioon-uutuus-teflon-levyja-6kpl-elintarvikekuivaushyllyihin","10":"first","11":"instock","12":"sale","13":"taxable","14":"shipping-taxable","15":"purchasable","16":"product-type-simple"},"acf":[],"yoast_head":"<!-- This site is optimized with the Yoast SEO Premium plugin v27.3 (Yoast SEO v27.3) - https:\/\/yoast.com\/product\/yoast-seo-premium-wordpress\/ -->\n<title>Elintarvikekuivausrummut Atacama - kampanjahinta! - Rodoaed<\/title>\n<meta name=\"description\" content=\"Alusta menee kuivausrummun pohjaan ja ker\u00e4\u00e4 kaikki roiskeet ja pit\u00e4\u00e4 kuivausrummun puhtaana.\" \/>\n<meta name=\"robots\" content=\"index, follow, max-snippet:-1, max-image-preview:large, max-video-preview:-1\" \/>\n<link rel=\"canonical\" href=\"https:\/\/rodoaed.ee\/fi\/toode\/elintarvikekuivausrummut-atacama-kampanjahinta\/\" \/>\n<meta property=\"og:locale\" content=\"fi_FI\" \/>\n<meta property=\"og:type\" content=\"article\" \/>\n<meta property=\"og:title\" content=\"Elintarvikekuivausrummut Atacama - kampanjahinta!\" \/>\n<meta property=\"og:description\" content=\"Alusta menee kuivausrummun pohjaan ja ker\u00e4\u00e4 kaikki roiskeet ja pit\u00e4\u00e4 kuivausrummun puhtaana. Pohjalevyn ansiosta ruokakuivain pysyy puhtaana my\u00f6s\" \/>\n<meta property=\"og:url\" content=\"https:\/\/rodoaed.ee\/fi\/toode\/elintarvikekuivausrummut-atacama-kampanjahinta\/\" \/>\n<meta property=\"og:site_name\" content=\"Rodoaed\" \/>\n<meta property=\"article:publisher\" content=\"https:\/\/www.facebook.com\/kasvuhooned\/\" \/>\n<meta property=\"article:modified_time\" content=\"2026-04-13T08:01:31+00:00\" \/>\n<meta property=\"og:image\" content=\"https:\/\/rodoaed.ee\/wp-content\/uploads\/2019\/09\/toidukuivati-tarvikud-aluskandik-scaled.jpg\" \/>\n\t<meta property=\"og:image:width\" content=\"2560\" \/>\n\t<meta property=\"og:image:height\" content=\"1603\" \/>\n\t<meta property=\"og:image:type\" content=\"image\/jpeg\" \/>\n<meta name=\"twitter:card\" content=\"summary_large_image\" \/>\n<script type=\"application\/ld+json\" class=\"yoast-schema-graph\">{\"@context\":\"https:\\\/\\\/schema.org\",\"@graph\":[{\"@type\":\"WebPage\",\"@id\":\"https:\\\/\\\/rodoaed.ee\\\/fi\\\/toode\\\/elintarvikekuivausrummut-atacama-kampanjahinta\\\/\",\"url\":\"https:\\\/\\\/rodoaed.ee\\\/fi\\\/toode\\\/elintarvikekuivausrummut-atacama-kampanjahinta\\\/\",\"name\":\"Elintarvikekuivausrummut Atacama - kampanjahinta! - Rodoaed\",\"isPartOf\":{\"@id\":\"https:\\\/\\\/rodoaed.ee\\\/#website\"},\"primaryImageOfPage\":{\"@id\":\"https:\\\/\\\/rodoaed.ee\\\/fi\\\/toode\\\/elintarvikekuivausrummut-atacama-kampanjahinta\\\/#primaryimage\"},\"image\":{\"@id\":\"https:\\\/\\\/rodoaed.ee\\\/fi\\\/toode\\\/elintarvikekuivausrummut-atacama-kampanjahinta\\\/#primaryimage\"},\"thumbnailUrl\":\"https:\\\/\\\/rodoaed.ee\\\/wp-content\\\/uploads\\\/2019\\\/09\\\/toidukuivati-tarvikud-aluskandik.jpg\",\"datePublished\":\"2019-09-26T18:10:46+00:00\",\"dateModified\":\"2026-04-13T08:01:31+00:00\",\"description\":\"Alusta menee kuivausrummun pohjaan ja ker\u00e4\u00e4 kaikki roiskeet ja pit\u00e4\u00e4 kuivausrummun puhtaana.\",\"breadcrumb\":{\"@id\":\"https:\\\/\\\/rodoaed.ee\\\/fi\\\/toode\\\/elintarvikekuivausrummut-atacama-kampanjahinta\\\/#breadcrumb\"},\"inLanguage\":\"fi\",\"potentialAction\":[{\"@type\":\"ReadAction\",\"target\":[\"https:\\\/\\\/rodoaed.ee\\\/fi\\\/toode\\\/elintarvikekuivausrummut-atacama-kampanjahinta\\\/\"]}]},{\"@type\":\"ImageObject\",\"inLanguage\":\"fi\",\"@id\":\"https:\\\/\\\/rodoaed.ee\\\/fi\\\/toode\\\/elintarvikekuivausrummut-atacama-kampanjahinta\\\/#primaryimage\",\"url\":\"https:\\\/\\\/rodoaed.ee\\\/wp-content\\\/uploads\\\/2019\\\/09\\\/toidukuivati-tarvikud-aluskandik.jpg\",\"contentUrl\":\"https:\\\/\\\/rodoaed.ee\\\/wp-content\\\/uploads\\\/2019\\\/09\\\/toidukuivati-tarvikud-aluskandik.jpg\",\"width\":5424,\"height\":3396},{\"@type\":\"BreadcrumbList\",\"@id\":\"https:\\\/\\\/rodoaed.ee\\\/fi\\\/toode\\\/elintarvikekuivausrummut-atacama-kampanjahinta\\\/#breadcrumb\",\"itemListElement\":[{\"@type\":\"ListItem\",\"position\":1,\"name\":\"Home\",\"item\":\"https:\\\/\\\/rodoaed.ee\\\/fi\\\/\"},{\"@type\":\"ListItem\",\"position\":2,\"name\":\"Osta osoitteessa\",\"item\":\"https:\\\/\\\/rodoaed.ee\\\/osta-osoitteessa\\\/\"},{\"@type\":\"ListItem\",\"position\":3,\"name\":\"Elintarvikekuivausrummut Atacama &#8211; kampanjahinta!\"}]},{\"@type\":\"WebSite\",\"@id\":\"https:\\\/\\\/rodoaed.ee\\\/#website\",\"url\":\"https:\\\/\\\/rodoaed.ee\\\/\",\"name\":\"Rodoaed\",\"description\":\"\",\"publisher\":{\"@id\":\"https:\\\/\\\/rodoaed.ee\\\/#organization\"},\"potentialAction\":[{\"@type\":\"SearchAction\",\"target\":{\"@type\":\"EntryPoint\",\"urlTemplate\":\"https:\\\/\\\/rodoaed.ee\\\/?s={search_term_string}\"},\"query-input\":{\"@type\":\"PropertyValueSpecification\",\"valueRequired\":true,\"valueName\":\"search_term_string\"}}],\"inLanguage\":\"fi\"},{\"@type\":\"Organization\",\"@id\":\"https:\\\/\\\/rodoaed.ee\\\/#organization\",\"name\":\"Rodoaed\",\"url\":\"https:\\\/\\\/rodoaed.ee\\\/\",\"logo\":{\"@type\":\"ImageObject\",\"inLanguage\":\"fi\",\"@id\":\"https:\\\/\\\/rodoaed.ee\\\/#\\\/schema\\\/logo\\\/image\\\/\",\"url\":\"https:\\\/\\\/rodoaed.ee\\\/wp-content\\\/uploads\\\/2019\\\/11\\\/rodoaed-logo-ilma-taustata.jpg\",\"contentUrl\":\"https:\\\/\\\/rodoaed.ee\\\/wp-content\\\/uploads\\\/2019\\\/11\\\/rodoaed-logo-ilma-taustata.jpg\",\"width\":769,\"height\":268,\"caption\":\"Rodoaed\"},\"image\":{\"@id\":\"https:\\\/\\\/rodoaed.ee\\\/#\\\/schema\\\/logo\\\/image\\\/\"},\"sameAs\":[\"https:\\\/\\\/www.facebook.com\\\/kasvuhooned\\\/\",\"https:\\\/\\\/rodoaed.ee\"]}]}<\/script>\n<!-- \/ Yoast SEO Premium plugin. -->","yoast_head_json":{"title":"Elintarvikekuivausrummut Atacama - kampanjahinta! - Rodoaed","description":"Alusta menee kuivausrummun pohjaan ja ker\u00e4\u00e4 kaikki roiskeet ja pit\u00e4\u00e4 kuivausrummun puhtaana.","robots":{"index":"index","follow":"follow","max-snippet":"max-snippet:-1","max-image-preview":"max-image-preview:large","max-video-preview":"max-video-preview:-1"},"canonical":"https:\/\/rodoaed.ee\/fi\/toode\/elintarvikekuivausrummut-atacama-kampanjahinta\/","og_locale":"fi_FI","og_type":"article","og_title":"Elintarvikekuivausrummut Atacama - kampanjahinta!","og_description":"Alusta menee kuivausrummun pohjaan ja ker\u00e4\u00e4 kaikki roiskeet ja pit\u00e4\u00e4 kuivausrummun puhtaana. Pohjalevyn ansiosta ruokakuivain pysyy puhtaana my\u00f6s","og_url":"https:\/\/rodoaed.ee\/fi\/toode\/elintarvikekuivausrummut-atacama-kampanjahinta\/","og_site_name":"Rodoaed","article_publisher":"https:\/\/www.facebook.com\/kasvuhooned\/","article_modified_time":"2026-04-13T08:01:31+00:00","og_image":[{"width":2560,"height":1603,"url":"https:\/\/rodoaed.ee\/wp-content\/uploads\/2019\/09\/toidukuivati-tarvikud-aluskandik-scaled.jpg","type":"image\/jpeg"}],"twitter_card":"summary_large_image","schema":{"@context":"https:\/\/schema.org","@graph":[{"@type":"WebPage","@id":"https:\/\/rodoaed.ee\/fi\/toode\/elintarvikekuivausrummut-atacama-kampanjahinta\/","url":"https:\/\/rodoaed.ee\/fi\/toode\/elintarvikekuivausrummut-atacama-kampanjahinta\/","name":"Elintarvikekuivausrummut Atacama - kampanjahinta! - Rodoaed","isPartOf":{"@id":"https:\/\/rodoaed.ee\/#website"},"primaryImageOfPage":{"@id":"https:\/\/rodoaed.ee\/fi\/toode\/elintarvikekuivausrummut-atacama-kampanjahinta\/#primaryimage"},"image":{"@id":"https:\/\/rodoaed.ee\/fi\/toode\/elintarvikekuivausrummut-atacama-kampanjahinta\/#primaryimage"},"thumbnailUrl":"https:\/\/rodoaed.ee\/wp-content\/uploads\/2019\/09\/toidukuivati-tarvikud-aluskandik.jpg","datePublished":"2019-09-26T18:10:46+00:00","dateModified":"2026-04-13T08:01:31+00:00","description":"Alusta menee kuivausrummun pohjaan ja ker\u00e4\u00e4 kaikki roiskeet ja pit\u00e4\u00e4 kuivausrummun puhtaana.","breadcrumb":{"@id":"https:\/\/rodoaed.ee\/fi\/toode\/elintarvikekuivausrummut-atacama-kampanjahinta\/#breadcrumb"},"inLanguage":"fi","potentialAction":[{"@type":"ReadAction","target":["https:\/\/rodoaed.ee\/fi\/toode\/elintarvikekuivausrummut-atacama-kampanjahinta\/"]}]},{"@type":"ImageObject","inLanguage":"fi","@id":"https:\/\/rodoaed.ee\/fi\/toode\/elintarvikekuivausrummut-atacama-kampanjahinta\/#primaryimage","url":"https:\/\/rodoaed.ee\/wp-content\/uploads\/2019\/09\/toidukuivati-tarvikud-aluskandik.jpg","contentUrl":"https:\/\/rodoaed.ee\/wp-content\/uploads\/2019\/09\/toidukuivati-tarvikud-aluskandik.jpg","width":5424,"height":3396},{"@type":"BreadcrumbList","@id":"https:\/\/rodoaed.ee\/fi\/toode\/elintarvikekuivausrummut-atacama-kampanjahinta\/#breadcrumb","itemListElement":[{"@type":"ListItem","position":1,"name":"Home","item":"https:\/\/rodoaed.ee\/fi\/"},{"@type":"ListItem","position":2,"name":"Osta osoitteessa","item":"https:\/\/rodoaed.ee\/osta-osoitteessa\/"},{"@type":"ListItem","position":3,"name":"Elintarvikekuivausrummut Atacama &#8211; kampanjahinta!"}]},{"@type":"WebSite","@id":"https:\/\/rodoaed.ee\/#website","url":"https:\/\/rodoaed.ee\/","name":"Rodoaed","description":"","publisher":{"@id":"https:\/\/rodoaed.ee\/#organization"},"potentialAction":[{"@type":"SearchAction","target":{"@type":"EntryPoint","urlTemplate":"https:\/\/rodoaed.ee\/?s={search_term_string}"},"query-input":{"@type":"PropertyValueSpecification","valueRequired":true,"valueName":"search_term_string"}}],"inLanguage":"fi"},{"@type":"Organization","@id":"https:\/\/rodoaed.ee\/#organization","name":"Rodoaed","url":"https:\/\/rodoaed.ee\/","logo":{"@type":"ImageObject","inLanguage":"fi","@id":"https:\/\/rodoaed.ee\/#\/schema\/logo\/image\/","url":"https:\/\/rodoaed.ee\/wp-content\/uploads\/2019\/11\/rodoaed-logo-ilma-taustata.jpg","contentUrl":"https:\/\/rodoaed.ee\/wp-content\/uploads\/2019\/11\/rodoaed-logo-ilma-taustata.jpg","width":769,"height":268,"caption":"Rodoaed"},"image":{"@id":"https:\/\/rodoaed.ee\/#\/schema\/logo\/image\/"},"sameAs":["https:\/\/www.facebook.com\/kasvuhooned\/","https:\/\/rodoaed.ee"]}]}},"_links":{"self":[{"href":"https:\/\/rodoaed.ee\/fi\/wp-json\/wp\/v2\/product\/53184","targetHints":{"allow":["GET"]}}],"collection":[{"href":"https:\/\/rodoaed.ee\/fi\/wp-json\/wp\/v2\/product"}],"about":[{"href":"https:\/\/rodoaed.ee\/fi\/wp-json\/wp\/v2\/types\/product"}],"wp:featuredmedia":[{"embeddable":true,"href":"https:\/\/rodoaed.ee\/fi\/wp-json\/wp\/v2\/media\/26204"}],"wp:attachment":[{"href":"https:\/\/rodoaed.ee\/fi\/wp-json\/wp\/v2\/media?parent=53184"}],"wp:term":[{"taxonomy":"product_brand","embeddable":true,"href":"https:\/\/rodoaed.ee\/fi\/wp-json\/wp\/v2\/product_brand?post=53184"},{"taxonomy":"product_cat","embeddable":true,"href":"https:\/\/rodoaed.ee\/fi\/wp-json\/wp\/v2\/product_cat?post=53184"},{"taxonomy":"product_tag","embeddable":true,"href":"https:\/\/rodoaed.ee\/fi\/wp-json\/wp\/v2\/product_tag?post=53184"}],"curies":[{"name":"wp","href":"https:\/\/api.w.org\/{rel}","templated":true}]}}