{"id":53186,"date":"2019-10-04T15:58:52","date_gmt":"2019-10-04T12:58:52","guid":{"rendered":"https:\/\/rodoaed.ee\/toode\/lapio-kivisella-maalla-jossa-on-kulutuspintaa-ja-reikia\/"},"modified":"2026-04-13T11:01:45","modified_gmt":"2026-04-13T08:01:45","slug":"lapio-kivisella-maalla-jossa-on-kulutuspintaa-ja-reikia","status":"publish","type":"product","link":"https:\/\/rodoaed.ee\/fi\/tuote\/lapio-kivisella-maalla-jossa-on-kulutuspintaa-ja-reikia\/","title":{"rendered":"Lapio kivisell\u00e4 maalla, jossa on kulutuspintaa ja reiki\u00e4."},"content":{"rendered":"<h2>Lapio kivisell\u00e4 maalla, jossa on kulutuspintaa ja reiki\u00e4.<\/h2>\n<h2>Soveltuu sek\u00e4 harraste- ett\u00e4 ammattipuutarhureille.<\/h2>\n<p>Tuotekoodi: 9017-210786<\/p>\n<p>Lapio kivisell\u00e4 maalla tekee parhaiten juuri sen, mit\u00e4 nimi lupaa. T\u00e4m\u00e4 on hyvin erikoisen muotoinen lapio, joka vie puutarhanhoidon korkeammalle tasolle. Voit helposti kaivaa kivikkoisessa maassa ilman, ett\u00e4 joudut jatkuvasti hakkaamaan lapiota kalliota vasten. Tavallisista lapioista ei ole apua.   <\/p>\n<p>Kivisen maan lapio on eritt\u00e4in joustava &#8211; se on eritt\u00e4in k\u00e4tev\u00e4 my\u00f6s pensaiden ja ruusupuiden istutuksessa, sill\u00e4 se leikkaa juuret helposti ja siististi. Se on helppo leikata maasta. <\/p>\n<p>Tallausreuna eli lapion yl\u00e4reunassa olevat laipat helpottavat lapion p\u00e4\u00e4lle astumista jalalla ja painamista alasp\u00e4in, koska reuna ei ole niin ter\u00e4v\u00e4 jalkaan n\u00e4hden.<\/p>\n<p>Kivikkoisella maalla olevassa lapiossa on tuhkapuun varsi.<\/p>\n<p><em>Sneeboer &amp; Zn on perinteinen hollantilainen ty\u00f6kaluyritys, joka on valmistanut laadukkaita puutarhaty\u00f6kaluja vuodesta 1913. Sneeboer &amp; Zn valmistaa p\u00e4\u00e4asiassa k\u00e4sin taottuja ruostumattomasta ter\u00e4ksest\u00e4 valmistettuja puutarhaty\u00f6kaluja, joiden k\u00e4ytt\u00f6ik\u00e4 on v\u00e4hint\u00e4\u00e4n yksi sukupolvi. Mutta se, mik\u00e4 tekee heid\u00e4n tuotannostaan hyvin erikoista ja on tehnyt heist\u00e4 maailmankuuluja, on heid\u00e4n sovellusinnovaationsa. T\u00e4m\u00e4 tarkoittaa, ett\u00e4 keksij\u00e4t ymp\u00e4ri maailmaa ovat lis\u00e4nneet omia innovaatioitaan heid\u00e4n tuotevalikoimaansa.    Joskus hyvin innovatiivisia ratkaisuja, joskus melko pieni\u00e4 keksint\u00f6j\u00e4, mutta ne tekev\u00e4t puutarhanhoidosta ja ty\u00f6kalun k\u00e4yt\u00f6st\u00e4 paljon helpompaa.<\/em><\/p>\n<p><em>Voit n\u00e4hd\u00e4 sen itse, kun katsot heid\u00e4n valikoimaansa.<\/em><\/p>\n<p>Hemmottele itse\u00e4si parhaalla.<\/p>\n<h2>Tekniset tiedot:<\/h2>\n<ul>\n<li>Ty\u00f6kalun p\u00e4\u00e4n leveys: 16 cm<\/li>\n<li>Ty\u00f6kalun p\u00e4\u00e4n pituus: 28 cm<\/li>\n<li>Kahvan pituus: 90 cm<\/li>\n<li>Kokonaispituus: 115 cm<\/li>\n<li>Kahvan materiaali: saarni<\/li>\n<li>Paino: 1,75 kg<\/li>\n<\/ul>\n<div data-fullscreen=\"disabled\" data-mode=\"normal\" data-oembed=\"1\" data-provider=\"youtube\" data-reset-after-played id=\"arve-youtube-8xzeeyszqng\" class=\"arve\">\n<div class=\"arve-inner\">\n<div style=\"aspect-ratio:1140\/641\" class=\"arve-embed arve-embed--has-aspect-ratio\">\n<div class=\"arve-ar\" style=\"padding-top:56.228070%\"><\/div>\n<p>\t\t\t<iframe allow=\"accelerometer &apos;none&apos;;autoplay &apos;none&apos;;bluetooth &apos;none&apos;;browsing-topics &apos;none&apos;;camera &apos;none&apos;;clipboard-read &apos;none&apos;;clipboard-write;display-capture &apos;none&apos;;encrypted-media &apos;none&apos;;gamepad &apos;none&apos;;geolocation &apos;none&apos;;gyroscope &apos;none&apos;;hid &apos;none&apos;;identity-credentials-get &apos;none&apos;;idle-detection &apos;none&apos;;keyboard-map &apos;none&apos;;local-fonts;magnetometer &apos;none&apos;;microphone &apos;none&apos;;midi &apos;none&apos;;otp-credentials &apos;none&apos;;payment &apos;none&apos;;picture-in-picture;publickey-credentials-create &apos;none&apos;;publickey-credentials-get &apos;none&apos;;screen-wake-lock &apos;none&apos;;serial &apos;none&apos;;summarizer &apos;none&apos;;sync-xhr;usb &apos;none&apos;;web-share;window-management &apos;none&apos;;xr-spatial-tracking &apos;none&apos;;\" allowfullscreen=\"\" class=\"arve-iframe fitvidsignore\" credentialless data-arve=\"arve-youtube-8xzeeyszqng\" data-lenis-prevent=\"\" data-src-no-ap=\"https:\/\/www.youtube-nocookie.com\/embed\/8XzeEYsZqNg?feature=oembed&amp;iv_load_policy=3&amp;modestbranding=1&amp;rel=0&amp;autohide=1&amp;playsinline=0&amp;autoplay=0&amp;enablejsapi=1\" frameborder=\"0\" height=\"0\" loading=\"lazy\" name=\"\" referrerpolicy=\"strict-origin-when-cross-origin\" sandbox=\"allow-scripts allow-same-origin allow-presentation allow-popups allow-popups-to-escape-sandbox\" scrolling=\"no\" src=\"https:\/\/www.youtube-nocookie.com\/embed\/8XzeEYsZqNg?feature=oembed&#038;iv_load_policy=3&#038;modestbranding=1&#038;rel=0&#038;autohide=1&#038;playsinline=0&#038;autoplay=0&#038;enablejsapi=1\" title=\"John Scarman: Rosen- &amp; Gartenberatung - Experte aus England, bekannter Autor u. Kursleiter\" width=\"0\"><\/iframe><\/p><\/div>\n<\/p><\/div>\n<p>\t<script type=\"application\/ld+json\">{\"@context\":\"http:\\\/\\\/schema.org\\\/\",\"@id\":\"https:\\\/\\\/rodoaed.ee\\\/fi\\\/tuote\\\/lapio-kivisella-maalla-jossa-on-kulutuspintaa-ja-reikia\\\/#arve-youtube-8xzeeyszqng\",\"type\":\"VideoObject\",\"embedURL\":\"https:\\\/\\\/www.youtube-nocookie.com\\\/embed\\\/8XzeEYsZqNg?feature=oembed&iv_load_policy=3&modestbranding=1&rel=0&autohide=1&playsinline=0&autoplay=0&enablejsapi=1\",\"name\":\"John Scarman: Rosen- & Gartenberatung - Experte aus England, bekannter Autor u. Kursleiter\",\"thumbnailUrl\":\"https:\\\/\\\/i.ytimg.com\\\/vi\\\/8XzeEYsZqNg\\\/hqdefault.jpg\",\"uploadDate\":\"2026-04-20T22:39:00+03:00\",\"author\":\"John Scarman & Landhaus Ettenb\\u00fchl\",\"description\":\"Lapio kivisell\\u00e4 maalla, jossa on kulutuspintaa ja reiki\\u00e4. Soveltuu sek\\u00e4 harraste- ett\\u00e4 ammattipuutarhureille. Tuotekoodi: 9017-210786 Lapio kivisell\\u00e4 maalla tekee parhaiten juuri sen, mit\\u00e4 nimi lupaa. T\\u00e4m\\u00e4 on hyvin erikoisen muotoinen lapio, joka vie puutarhanhoidon korkeammalle tasolle. Voit helpos\"}<\/script><\/p>\n<\/div>\n","protected":false},"excerpt":{"rendered":"<p>Lapio kivisell\u00e4 maalla, jossa on kulutuspintaa ja reiki\u00e4. Soveltuu sek\u00e4 harraste- ett\u00e4 ammattipuutarhureille. Tuotekoodi: 9017-210786 Lapio kivisell\u00e4 maalla tekee parhaiten juuri sen, mit\u00e4 nimi lupaa. T\u00e4m\u00e4 on hyvin erikoisen muotoinen lapio, joka vie puutarhanhoidon korkeammalle tasolle. Voit helposti kaivaa kivikkoisessa maassa ilman, ett\u00e4 joudut jatkuvasti hakkaamaan lapiota kalliota vasten. Tavallisista lapioista ei ole apua. Kivisen maan lapio on eritt\u00e4in joustava &#8211; se on eritt\u00e4in k\u00e4tev\u00e4&#8230;<\/p>\n","protected":false},"featured_media":27773,"template":"","meta":{"_acf_changed":false},"product_brand":[],"product_cat":[1889,1922],"product_tag":[],"class_list":{"0":"post-53186","1":"product","2":"type-product","3":"status-publish","4":"has-post-thumbnail","6":"product_cat-puutarhatyokalut","7":"product_cat-renkaat-ja-lapiot","8":"product_shipping_class-kuljetus-ainoastaan-kuriiripalvelun-valityksella","9":"pa_variatsioon-ruostumattomasta-teraksesta-valmistettu-lapio-jossa-on-kulutuspintainen-reuna","11":"first","12":"outofstock","13":"taxable","14":"shipping-taxable","15":"purchasable","16":"product-type-simple"},"acf":[],"yoast_head":"<!-- This site is optimized with the Yoast SEO Premium plugin v27.3 (Yoast SEO v27.3) - https:\/\/yoast.com\/product\/yoast-seo-premium-wordpress\/ -->\n<title>Lapio kivisell\u00e4 maalla, jossa on kulutuspintaa ja reiki\u00e4. -% Rodoaed<\/title>\n<meta name=\"description\" content=\"Lapio kivisell\u00e4 maalla, jossa on tallaa ja reiki\u00e4. Kivikkoiselle maalle tarkoitettu lapio tekee parhaiten juuri sen, mit\u00e4 nimikin sanoo.\" \/>\n<meta name=\"robots\" content=\"index, follow, max-snippet:-1, max-image-preview:large, max-video-preview:-1\" \/>\n<link rel=\"canonical\" href=\"https:\/\/rodoaed.ee\/fi\/toode\/lapio-kivisella-maalla-jossa-on-kulutuspintaa-ja-reikia\/\" \/>\n<meta property=\"og:locale\" content=\"fi_FI\" \/>\n<meta property=\"og:type\" content=\"article\" \/>\n<meta property=\"og:title\" content=\"Lapio kivisell\u00e4 maalla, jossa on kulutuspintaa ja reiki\u00e4.\" \/>\n<meta property=\"og:description\" content=\"Lapio kivisell\u00e4 maalla, jossa on kulutuspintaa ja reiki\u00e4. Soveltuu sek\u00e4 harraste- ett\u00e4 ammattipuutarhureille. Tuotekoodi: 9017-210786 Lapio kivisell\u00e4\" \/>\n<meta property=\"og:url\" content=\"https:\/\/rodoaed.ee\/fi\/toode\/lapio-kivisella-maalla-jossa-on-kulutuspintaa-ja-reikia\/\" \/>\n<meta property=\"og:site_name\" content=\"Rodoaed\" \/>\n<meta property=\"article:publisher\" content=\"https:\/\/www.facebook.com\/kasvuhooned\/\" \/>\n<meta property=\"article:modified_time\" content=\"2026-04-13T08:01:45+00:00\" \/>\n<meta property=\"og:image\" content=\"https:\/\/rodoaed.ee\/wp-content\/uploads\/2019\/10\/Aiat\u00f6\u00f6riistad_Labidas-kivisele-maapinnale_9017-210786_01.jpg\" \/>\n\t<meta property=\"og:image:width\" content=\"3085\" \/>\n\t<meta property=\"og:image:height\" content=\"3085\" \/>\n\t<meta property=\"og:image:type\" content=\"image\/jpeg\" \/>\n<meta name=\"twitter:card\" content=\"summary_large_image\" \/>\n<meta name=\"twitter:label1\" content=\"Arvioitu lukuaika\" \/>\n\t<meta name=\"twitter:data1\" content=\"1 minuutti\" \/>\n<script type=\"application\/ld+json\" class=\"yoast-schema-graph\">{\"@context\":\"https:\\\/\\\/schema.org\",\"@graph\":[{\"@type\":\"WebPage\",\"@id\":\"https:\\\/\\\/rodoaed.ee\\\/fi\\\/toode\\\/lapio-kivisella-maalla-jossa-on-kulutuspintaa-ja-reikia\\\/\",\"url\":\"https:\\\/\\\/rodoaed.ee\\\/fi\\\/toode\\\/lapio-kivisella-maalla-jossa-on-kulutuspintaa-ja-reikia\\\/\",\"name\":\"Lapio kivisell\u00e4 maalla, jossa on kulutuspintaa ja reiki\u00e4. -% Rodoaed\",\"isPartOf\":{\"@id\":\"https:\\\/\\\/rodoaed.ee\\\/#website\"},\"primaryImageOfPage\":{\"@id\":\"https:\\\/\\\/rodoaed.ee\\\/fi\\\/toode\\\/lapio-kivisella-maalla-jossa-on-kulutuspintaa-ja-reikia\\\/#primaryimage\"},\"image\":{\"@id\":\"https:\\\/\\\/rodoaed.ee\\\/fi\\\/toode\\\/lapio-kivisella-maalla-jossa-on-kulutuspintaa-ja-reikia\\\/#primaryimage\"},\"thumbnailUrl\":\"https:\\\/\\\/rodoaed.ee\\\/wp-content\\\/uploads\\\/2019\\\/10\\\/Aiat\u00f6\u00f6riistad_Labidas-kivisele-maapinnale_9017-210786_01.jpg\",\"datePublished\":\"2019-10-04T12:58:52+00:00\",\"dateModified\":\"2026-04-13T08:01:45+00:00\",\"description\":\"Lapio kivisell\u00e4 maalla, jossa on tallaa ja reiki\u00e4. Kivikkoiselle maalle tarkoitettu lapio tekee parhaiten juuri sen, mit\u00e4 nimikin sanoo.\",\"breadcrumb\":{\"@id\":\"https:\\\/\\\/rodoaed.ee\\\/fi\\\/toode\\\/lapio-kivisella-maalla-jossa-on-kulutuspintaa-ja-reikia\\\/#breadcrumb\"},\"inLanguage\":\"fi\",\"potentialAction\":[{\"@type\":\"ReadAction\",\"target\":[\"https:\\\/\\\/rodoaed.ee\\\/fi\\\/toode\\\/lapio-kivisella-maalla-jossa-on-kulutuspintaa-ja-reikia\\\/\"]}]},{\"@type\":\"ImageObject\",\"inLanguage\":\"fi\",\"@id\":\"https:\\\/\\\/rodoaed.ee\\\/fi\\\/toode\\\/lapio-kivisella-maalla-jossa-on-kulutuspintaa-ja-reikia\\\/#primaryimage\",\"url\":\"https:\\\/\\\/rodoaed.ee\\\/wp-content\\\/uploads\\\/2019\\\/10\\\/Aiat\u00f6\u00f6riistad_Labidas-kivisele-maapinnale_9017-210786_01.jpg\",\"contentUrl\":\"https:\\\/\\\/rodoaed.ee\\\/wp-content\\\/uploads\\\/2019\\\/10\\\/Aiat\u00f6\u00f6riistad_Labidas-kivisele-maapinnale_9017-210786_01.jpg\",\"width\":3085,\"height\":3085,\"caption\":\"OLYMPUS DIGIKAMERA\"},{\"@type\":\"BreadcrumbList\",\"@id\":\"https:\\\/\\\/rodoaed.ee\\\/fi\\\/toode\\\/lapio-kivisella-maalla-jossa-on-kulutuspintaa-ja-reikia\\\/#breadcrumb\",\"itemListElement\":[{\"@type\":\"ListItem\",\"position\":1,\"name\":\"Home\",\"item\":\"https:\\\/\\\/rodoaed.ee\\\/fi\\\/\"},{\"@type\":\"ListItem\",\"position\":2,\"name\":\"Osta osoitteessa\",\"item\":\"https:\\\/\\\/rodoaed.ee\\\/osta-osoitteessa\\\/\"},{\"@type\":\"ListItem\",\"position\":3,\"name\":\"Lapio kivisell\u00e4 maalla, jossa on kulutuspintaa ja reiki\u00e4.\"}]},{\"@type\":\"WebSite\",\"@id\":\"https:\\\/\\\/rodoaed.ee\\\/#website\",\"url\":\"https:\\\/\\\/rodoaed.ee\\\/\",\"name\":\"Rodoaed\",\"description\":\"\",\"publisher\":{\"@id\":\"https:\\\/\\\/rodoaed.ee\\\/#organization\"},\"potentialAction\":[{\"@type\":\"SearchAction\",\"target\":{\"@type\":\"EntryPoint\",\"urlTemplate\":\"https:\\\/\\\/rodoaed.ee\\\/?s={search_term_string}\"},\"query-input\":{\"@type\":\"PropertyValueSpecification\",\"valueRequired\":true,\"valueName\":\"search_term_string\"}}],\"inLanguage\":\"fi\"},{\"@type\":\"Organization\",\"@id\":\"https:\\\/\\\/rodoaed.ee\\\/#organization\",\"name\":\"Rodoaed\",\"url\":\"https:\\\/\\\/rodoaed.ee\\\/\",\"logo\":{\"@type\":\"ImageObject\",\"inLanguage\":\"fi\",\"@id\":\"https:\\\/\\\/rodoaed.ee\\\/#\\\/schema\\\/logo\\\/image\\\/\",\"url\":\"https:\\\/\\\/rodoaed.ee\\\/wp-content\\\/uploads\\\/2019\\\/11\\\/rodoaed-logo-ilma-taustata.jpg\",\"contentUrl\":\"https:\\\/\\\/rodoaed.ee\\\/wp-content\\\/uploads\\\/2019\\\/11\\\/rodoaed-logo-ilma-taustata.jpg\",\"width\":769,\"height\":268,\"caption\":\"Rodoaed\"},\"image\":{\"@id\":\"https:\\\/\\\/rodoaed.ee\\\/#\\\/schema\\\/logo\\\/image\\\/\"},\"sameAs\":[\"https:\\\/\\\/www.facebook.com\\\/kasvuhooned\\\/\",\"https:\\\/\\\/rodoaed.ee\"]}]}<\/script>\n<!-- \/ Yoast SEO Premium plugin. -->","yoast_head_json":{"title":"Lapio kivisell\u00e4 maalla, jossa on kulutuspintaa ja reiki\u00e4. -% Rodoaed","description":"Lapio kivisell\u00e4 maalla, jossa on tallaa ja reiki\u00e4. Kivikkoiselle maalle tarkoitettu lapio tekee parhaiten juuri sen, mit\u00e4 nimikin sanoo.","robots":{"index":"index","follow":"follow","max-snippet":"max-snippet:-1","max-image-preview":"max-image-preview:large","max-video-preview":"max-video-preview:-1"},"canonical":"https:\/\/rodoaed.ee\/fi\/toode\/lapio-kivisella-maalla-jossa-on-kulutuspintaa-ja-reikia\/","og_locale":"fi_FI","og_type":"article","og_title":"Lapio kivisell\u00e4 maalla, jossa on kulutuspintaa ja reiki\u00e4.","og_description":"Lapio kivisell\u00e4 maalla, jossa on kulutuspintaa ja reiki\u00e4. Soveltuu sek\u00e4 harraste- ett\u00e4 ammattipuutarhureille. Tuotekoodi: 9017-210786 Lapio kivisell\u00e4","og_url":"https:\/\/rodoaed.ee\/fi\/toode\/lapio-kivisella-maalla-jossa-on-kulutuspintaa-ja-reikia\/","og_site_name":"Rodoaed","article_publisher":"https:\/\/www.facebook.com\/kasvuhooned\/","article_modified_time":"2026-04-13T08:01:45+00:00","og_image":[{"width":3085,"height":3085,"url":"https:\/\/rodoaed.ee\/wp-content\/uploads\/2019\/10\/Aiat\u00f6\u00f6riistad_Labidas-kivisele-maapinnale_9017-210786_01.jpg","type":"image\/jpeg"}],"twitter_card":"summary_large_image","twitter_misc":{"Arvioitu lukuaika":"1 minuutti"},"schema":{"@context":"https:\/\/schema.org","@graph":[{"@type":"WebPage","@id":"https:\/\/rodoaed.ee\/fi\/toode\/lapio-kivisella-maalla-jossa-on-kulutuspintaa-ja-reikia\/","url":"https:\/\/rodoaed.ee\/fi\/toode\/lapio-kivisella-maalla-jossa-on-kulutuspintaa-ja-reikia\/","name":"Lapio kivisell\u00e4 maalla, jossa on kulutuspintaa ja reiki\u00e4. -% Rodoaed","isPartOf":{"@id":"https:\/\/rodoaed.ee\/#website"},"primaryImageOfPage":{"@id":"https:\/\/rodoaed.ee\/fi\/toode\/lapio-kivisella-maalla-jossa-on-kulutuspintaa-ja-reikia\/#primaryimage"},"image":{"@id":"https:\/\/rodoaed.ee\/fi\/toode\/lapio-kivisella-maalla-jossa-on-kulutuspintaa-ja-reikia\/#primaryimage"},"thumbnailUrl":"https:\/\/rodoaed.ee\/wp-content\/uploads\/2019\/10\/Aiat\u00f6\u00f6riistad_Labidas-kivisele-maapinnale_9017-210786_01.jpg","datePublished":"2019-10-04T12:58:52+00:00","dateModified":"2026-04-13T08:01:45+00:00","description":"Lapio kivisell\u00e4 maalla, jossa on tallaa ja reiki\u00e4. Kivikkoiselle maalle tarkoitettu lapio tekee parhaiten juuri sen, mit\u00e4 nimikin sanoo.","breadcrumb":{"@id":"https:\/\/rodoaed.ee\/fi\/toode\/lapio-kivisella-maalla-jossa-on-kulutuspintaa-ja-reikia\/#breadcrumb"},"inLanguage":"fi","potentialAction":[{"@type":"ReadAction","target":["https:\/\/rodoaed.ee\/fi\/toode\/lapio-kivisella-maalla-jossa-on-kulutuspintaa-ja-reikia\/"]}]},{"@type":"ImageObject","inLanguage":"fi","@id":"https:\/\/rodoaed.ee\/fi\/toode\/lapio-kivisella-maalla-jossa-on-kulutuspintaa-ja-reikia\/#primaryimage","url":"https:\/\/rodoaed.ee\/wp-content\/uploads\/2019\/10\/Aiat\u00f6\u00f6riistad_Labidas-kivisele-maapinnale_9017-210786_01.jpg","contentUrl":"https:\/\/rodoaed.ee\/wp-content\/uploads\/2019\/10\/Aiat\u00f6\u00f6riistad_Labidas-kivisele-maapinnale_9017-210786_01.jpg","width":3085,"height":3085,"caption":"OLYMPUS DIGIKAMERA"},{"@type":"BreadcrumbList","@id":"https:\/\/rodoaed.ee\/fi\/toode\/lapio-kivisella-maalla-jossa-on-kulutuspintaa-ja-reikia\/#breadcrumb","itemListElement":[{"@type":"ListItem","position":1,"name":"Home","item":"https:\/\/rodoaed.ee\/fi\/"},{"@type":"ListItem","position":2,"name":"Osta osoitteessa","item":"https:\/\/rodoaed.ee\/osta-osoitteessa\/"},{"@type":"ListItem","position":3,"name":"Lapio kivisell\u00e4 maalla, jossa on kulutuspintaa ja reiki\u00e4."}]},{"@type":"WebSite","@id":"https:\/\/rodoaed.ee\/#website","url":"https:\/\/rodoaed.ee\/","name":"Rodoaed","description":"","publisher":{"@id":"https:\/\/rodoaed.ee\/#organization"},"potentialAction":[{"@type":"SearchAction","target":{"@type":"EntryPoint","urlTemplate":"https:\/\/rodoaed.ee\/?s={search_term_string}"},"query-input":{"@type":"PropertyValueSpecification","valueRequired":true,"valueName":"search_term_string"}}],"inLanguage":"fi"},{"@type":"Organization","@id":"https:\/\/rodoaed.ee\/#organization","name":"Rodoaed","url":"https:\/\/rodoaed.ee\/","logo":{"@type":"ImageObject","inLanguage":"fi","@id":"https:\/\/rodoaed.ee\/#\/schema\/logo\/image\/","url":"https:\/\/rodoaed.ee\/wp-content\/uploads\/2019\/11\/rodoaed-logo-ilma-taustata.jpg","contentUrl":"https:\/\/rodoaed.ee\/wp-content\/uploads\/2019\/11\/rodoaed-logo-ilma-taustata.jpg","width":769,"height":268,"caption":"Rodoaed"},"image":{"@id":"https:\/\/rodoaed.ee\/#\/schema\/logo\/image\/"},"sameAs":["https:\/\/www.facebook.com\/kasvuhooned\/","https:\/\/rodoaed.ee"]}]}},"_links":{"self":[{"href":"https:\/\/rodoaed.ee\/fi\/wp-json\/wp\/v2\/product\/53186","targetHints":{"allow":["GET"]}}],"collection":[{"href":"https:\/\/rodoaed.ee\/fi\/wp-json\/wp\/v2\/product"}],"about":[{"href":"https:\/\/rodoaed.ee\/fi\/wp-json\/wp\/v2\/types\/product"}],"wp:featuredmedia":[{"embeddable":true,"href":"https:\/\/rodoaed.ee\/fi\/wp-json\/wp\/v2\/media\/27773"}],"wp:attachment":[{"href":"https:\/\/rodoaed.ee\/fi\/wp-json\/wp\/v2\/media?parent=53186"}],"wp:term":[{"taxonomy":"product_brand","embeddable":true,"href":"https:\/\/rodoaed.ee\/fi\/wp-json\/wp\/v2\/product_brand?post=53186"},{"taxonomy":"product_cat","embeddable":true,"href":"https:\/\/rodoaed.ee\/fi\/wp-json\/wp\/v2\/product_cat?post=53186"},{"taxonomy":"product_tag","embeddable":true,"href":"https:\/\/rodoaed.ee\/fi\/wp-json\/wp\/v2\/product_tag?post=53186"}],"curies":[{"name":"wp","href":"https:\/\/api.w.org\/{rel}","templated":true}]}}