{"id":53188,"date":"2019-09-28T16:02:27","date_gmt":"2019-09-28T13:02:27","guid":{"rendered":"https:\/\/rodoaed.ee\/toode\/kasvihuone-tropical-island-xl-kasvukelkka\/"},"modified":"2026-04-13T11:01:46","modified_gmt":"2026-04-13T08:01:46","slug":"kasvihuone-tropical-island-xl-kasvukelkka","status":"publish","type":"product","link":"https:\/\/rodoaed.ee\/fi\/tuote\/kasvihuone-tropical-island-xl-kasvukelkka\/","title":{"rendered":"Kasvihuone Tropical Island XL kasvukelkka"},"content":{"rendered":"<h3>Tropical Island -kasvihuone on t\u00e4ydellinen ratkaisu kylm\u00e4kest\u00e4ville kasveille &#8211; anna kasvien talvehtia ulkona ruukun kanssa. Tropical Island -kasvihuone suojaa arvokkaita ruukkukasvejasi tuulelta, sateelta, pakkaselta ja lumelta. <\/h3>\n<p><strong>Tropical Island -kasvihuone on my\u00f6s erinomainen kokoontaitettava kasvihuone.<\/strong><\/p>\n<p>Kasvivaunu voidaan taittaa nopeasti kokoon ja asentaa puutarhaan. Se tarjoaa runsaasti tilaa suurille ja pienille ruukkukasveille. Sein\u00e4t ja lattia ovat hyvin eristettyj\u00e4 tuulta ja sadetta vastaan.  <\/p>\n<p>Taimitarhassa kasvit voivat nauttia luonnonvalosta ja raikkaasta ilmasta ymp\u00e4ri vuoden. Tukevan rakenteensa ansiosta kasvihuone kest\u00e4\u00e4 my\u00f6s voimakkaita myrskytuulia. <\/p>\n<p><strong>Tropical Islandin kasvatuskaukalon avulla on melko helppoa hoitaa pakkasesta k\u00e4rsivi\u00e4 kasveja talvikuukausina.<\/strong>  UV-kest\u00e4v\u00e4 kest\u00e4v\u00e4 PVC-materiaali p\u00e4\u00e4st\u00e4\u00e4 valon kauniisti l\u00e4pi. Avaamalla tuuletusaukot voit s\u00e4\u00e4t\u00e4\u00e4 raitisilman saantia. Kahden suuren kulkuaukon ansiosta kasveihin p\u00e4\u00e4see helposti k\u00e4siksi kastelua ja huoltoa varten.  <\/p>\n<p><strong>Suuria kasveja ei tarvitse raahata huonolta s\u00e4\u00e4lt\u00e4<\/strong> verannan <strong>varjoon<\/strong> alkusyksyll\u00e4. Kasvit voivat kovettua luonnonvalossa ja viile\u00e4ss\u00e4 ilmassa. Kasvit eiv\u00e4t stressaa paikan vaihtamisesta talvilevon aikana.  <\/p>\n<p><strong>Voit helposti poistaa koko alaosan kokonaan vetoketjulla.<\/strong>  N\u00e4in voit k\u00e4ytt\u00e4\u00e4 Tropical Islandin kasveja varhaisvihannesten ja salaatin tai tomaattien kasvattamiseen. Suuri tilavuus, hyv\u00e4 ilmankierto ja l\u00e4mm\u00f6ns\u00e4ilytys luovat ihanteelliset olosuhteet kasvien terveelle kasvulle ilman tarvetta venytell\u00e4 sis\u00e4tiloissa kev\u00e4\u00e4n l\u00e4mm\u00f6ss\u00e4. <\/p>\n<p><strong>HUOMAA<\/strong> Koska sinulla ei ole pohjaa, voit my\u00f6s sijoittaa kasvit k\u00e4tev\u00e4sti suoraan maahan talveksi istutettujen pakkasta siet\u00e4vien kasvien p\u00e4\u00e4lle, jolloin ne ovat suojassa pakkaselta ja varhaiskev\u00e4\u00e4n y\u00f6pakkasilta. Ihanteellinen aprikoosipuille, persikkapuille, hell\u00e4varaisille magnolioille ja muille eksoottisille kauneuspuille. Sill\u00e4 voidaan my\u00f6s kasvattaa menestyksekk\u00e4\u00e4sti punapuita, jotka ovat oikukkaita talviimme.  <\/p>\n<p><strong>T\u00e4ydellinen ratkaisu puutarhureille, joilla ei ole kasvihuonetta tai joilla ei ole tilaa suuremmalle kasvihuoneelle.<\/strong>  Voit aina nopeasti koota ja j\u00e4rjest\u00e4\u00e4 kasvupussin uudelleen.<\/p>\n<p>Tropical Island -kasvukelkka on pakattu k\u00e4tev\u00e4\u00e4n ja pieneen kuljetuslaukkuun. Kelkka on valmistettu eritt\u00e4in kest\u00e4v\u00e4st\u00e4 materiaalista, ja sit\u00e4 voidaan k\u00e4ytt\u00e4\u00e4 yh\u00e4 uudelleen ja uudelleen useiden vuosien ajan. Kun se on otettu pussista, se on koottu ja k\u00e4ytt\u00f6valmis alle puolessa tunnissa.  <\/p>\n<p><strong>Trooppisten saarten viljelij\u00f6ille on k\u00e4tevint\u00e4 k\u00e4ytt\u00e4\u00e4 erityist\u00e4 Palma-kasvihuoneen l\u00e4mp\u00f6puhallinta, jossa on l\u00e4mm\u00f6ns\u00e4\u00e4t\u00e4j\u00e4, joka yll\u00e4pit\u00e4\u00e4 oikeat ilmasto-olosuhteet teltan sis\u00e4ll\u00e4.<\/strong><\/p>\n<h4>T\u00e4rkeimm\u00e4t ominaisuudet<\/h4>\n<ul>\n<li>T\u00e4ydellinen ratkaisu kylm\u00e4nkest\u00e4vien ruukkukasvien talvehtimiseen.<\/li>\n<li>Suojaa tuulelta, sateelta, kylm\u00e4lt\u00e4, lumelta ja pakkaselta.<\/li>\n<li>Ihanteellinen kev\u00e4\u00e4n aikaiseen istutukseen<\/li>\n<li>Voidaan k\u00e4ytt\u00e4\u00e4 pysyv\u00e4n\u00e4 kasvihuoneena<\/li>\n<li>UV-kest\u00e4v\u00e4 PVC-materiaali<\/li>\n<li>L\u00e4pikuultava<\/li>\n<li>L\u00e4mp\u00f6saumattu, irrotettava pohjaosa, jossa on vetoketjukiinnitys<\/li>\n<li>Ilmanvaihtoaukko takaa erinomaisen ilmanvaihdon<\/li>\n<li>Kaksi aukkoa tarjoavat k\u00e4tev\u00e4n p\u00e4\u00e4syn kasvien kasteluun molemmilta puolilta.<\/li>\n<li>Vakaa ja kest\u00e4v\u00e4 rakenne<\/li>\n<li>Helppo asentaa<\/li>\n<li>Pienikokoinen tilaa s\u00e4\u00e4st\u00e4v\u00e4 kantolaukku<\/li>\n<li>Helppo kuljettaa, siirt\u00e4\u00e4 ja varastoida<\/li>\n<\/ul>\n<h4>Tekniset tiedot<\/h4>\n<ul>\n<li>Mitat: korkeus 280cm ja halkaisija 340cm<\/li>\n<li>PVC-materiaalin vahvuus 130g\/m2<\/li>\n<li>Sis\u00e4\u00e4nk\u00e4ynti 2<\/li>\n<\/ul>\n<p><a href=\"https:\/\/rodoaed.ee\/fi\/\">kotisivu<\/a> <a href=\"https:\/\/rodoaed.ee\/tootekategooria\/kasvuhooned-ja-talveaiad\/\">k\u00e4ynnist\u00e4<\/a> <a href=\"https:\/\/rodoaed.ee\/fi\/tootekategooria\/kasvihuoneen-tarvikkeet\/\">tarvikkeet<\/a> <a href=\"https:\/\/rodoaed.ee\/fi\/tootekategooria\/kasvihuoneen-tarvikkeet\/tropic-islandin-kasvutopit\/\">kasvupaalut<\/a><\/p>\n<div>\n<div><\/div>\n<\/div>\n","protected":false},"excerpt":{"rendered":"<p>Tropical Island -kasvihuone on t\u00e4ydellinen ratkaisu kylm\u00e4kest\u00e4ville kasveille &#8211; anna kasvien talvehtia ulkona ruukun kanssa. Tropical Island -kasvihuone suojaa arvokkaita ruukkukasvejasi tuulelta, sateelta, pakkaselta ja lumelta. Tropical Island -kasvihuone on my\u00f6s erinomainen kokoontaitettava kasvihuone. Kasvivaunu voidaan taittaa nopeasti kokoon ja asentaa puutarhaan. Se tarjoaa runsaasti tilaa suurille ja pienille ruukkukasveille. Sein\u00e4t ja lattia ovat hyvin eristettyj\u00e4 tuulta ja sadetta vastaan. Taimitarhassa kasvit voivat nauttia luonnonvalosta&#8230;<\/p>\n","protected":false},"featured_media":26001,"template":"","meta":{"_acf_changed":false},"product_brand":[],"product_cat":[1869,1943],"product_tag":[],"class_list":{"0":"post-53188","1":"product","2":"type-product","3":"status-publish","4":"has-post-thumbnail","6":"product_cat-kasvihuoneen-tarvikkeet","7":"product_cat-tropic-islandin-kasvutopit","8":"product_shipping_class-toimitus-5-7-tyopaivan-kuluessa","9":"pa_variatsioon-kasvihuone-tropical-island-l-kasvukelkka-10","11":"first","12":"onbackorder","13":"sale","14":"taxable","15":"shipping-taxable","16":"purchasable","17":"product-type-simple"},"acf":[],"yoast_head":"<!-- This site is optimized with the Yoast SEO Premium plugin v27.3 (Yoast SEO v27.3) - https:\/\/yoast.com\/product\/yoast-seo-premium-wordpress\/ -->\n<title>Kasvihuone Tropical Island XL kasvukelkka - Rodoaed<\/title>\n<meta name=\"description\" content=\"Tropical Island -kasvihuone on ihanteellinen ratkaisu ulkona talvehtiville pakkasta siet\u00e4ville kasveille.\" \/>\n<meta name=\"robots\" content=\"index, follow, max-snippet:-1, max-image-preview:large, max-video-preview:-1\" \/>\n<link rel=\"canonical\" href=\"https:\/\/rodoaed.ee\/fi\/toode\/kasvihuone-tropical-island-xl-kasvukelkka\/\" \/>\n<meta property=\"og:locale\" content=\"fi_FI\" \/>\n<meta property=\"og:type\" content=\"article\" \/>\n<meta property=\"og:title\" content=\"Kasvihuone Tropical Island XL kasvukelkka\" \/>\n<meta property=\"og:description\" content=\"Tropical Island -kasvihuone on t\u00e4ydellinen ratkaisu kylm\u00e4kest\u00e4ville kasveille - anna kasvien talvehtia ulkona ruukun kanssa. Tropical Island -kasvihuone\" \/>\n<meta property=\"og:url\" content=\"https:\/\/rodoaed.ee\/fi\/toode\/kasvihuone-tropical-island-xl-kasvukelkka\/\" \/>\n<meta property=\"og:site_name\" content=\"Rodoaed\" \/>\n<meta property=\"article:publisher\" content=\"https:\/\/www.facebook.com\/kasvuhooned\/\" \/>\n<meta property=\"article:modified_time\" content=\"2026-04-13T08:01:46+00:00\" \/>\n<meta property=\"og:image\" content=\"https:\/\/rodoaed.ee\/wp-content\/uploads\/2019\/08\/kasvuhoone_Tropical-Island-L_03-scaled.jpg\" \/>\n\t<meta property=\"og:image:width\" content=\"4961\" \/>\n\t<meta property=\"og:image:height\" content=\"3508\" \/>\n\t<meta property=\"og:image:type\" content=\"image\/jpeg\" \/>\n<meta name=\"twitter:card\" content=\"summary_large_image\" \/>\n<meta name=\"twitter:label1\" content=\"Arvioitu lukuaika\" \/>\n\t<meta name=\"twitter:data1\" content=\"2 minuuttia\" \/>\n<script type=\"application\/ld+json\" class=\"yoast-schema-graph\">{\"@context\":\"https:\\\/\\\/schema.org\",\"@graph\":[{\"@type\":\"WebPage\",\"@id\":\"https:\\\/\\\/rodoaed.ee\\\/fi\\\/toode\\\/kasvihuone-tropical-island-xl-kasvukelkka\\\/\",\"url\":\"https:\\\/\\\/rodoaed.ee\\\/fi\\\/toode\\\/kasvihuone-tropical-island-xl-kasvukelkka\\\/\",\"name\":\"Kasvihuone Tropical Island XL kasvukelkka - Rodoaed\",\"isPartOf\":{\"@id\":\"https:\\\/\\\/rodoaed.ee\\\/#website\"},\"primaryImageOfPage\":{\"@id\":\"https:\\\/\\\/rodoaed.ee\\\/fi\\\/toode\\\/kasvihuone-tropical-island-xl-kasvukelkka\\\/#primaryimage\"},\"image\":{\"@id\":\"https:\\\/\\\/rodoaed.ee\\\/fi\\\/toode\\\/kasvihuone-tropical-island-xl-kasvukelkka\\\/#primaryimage\"},\"thumbnailUrl\":\"https:\\\/\\\/rodoaed.ee\\\/wp-content\\\/uploads\\\/2019\\\/08\\\/kasvuhoone_Tropical-Island-L_03-scaled.jpg\",\"datePublished\":\"2019-09-28T13:02:27+00:00\",\"dateModified\":\"2026-04-13T08:01:46+00:00\",\"description\":\"Tropical Island -kasvihuone on ihanteellinen ratkaisu ulkona talvehtiville pakkasta siet\u00e4ville kasveille.\",\"breadcrumb\":{\"@id\":\"https:\\\/\\\/rodoaed.ee\\\/fi\\\/toode\\\/kasvihuone-tropical-island-xl-kasvukelkka\\\/#breadcrumb\"},\"inLanguage\":\"fi\",\"potentialAction\":[{\"@type\":\"ReadAction\",\"target\":[\"https:\\\/\\\/rodoaed.ee\\\/fi\\\/toode\\\/kasvihuone-tropical-island-xl-kasvukelkka\\\/\"]}]},{\"@type\":\"ImageObject\",\"inLanguage\":\"fi\",\"@id\":\"https:\\\/\\\/rodoaed.ee\\\/fi\\\/toode\\\/kasvihuone-tropical-island-xl-kasvukelkka\\\/#primaryimage\",\"url\":\"https:\\\/\\\/rodoaed.ee\\\/wp-content\\\/uploads\\\/2019\\\/08\\\/kasvuhoone_Tropical-Island-L_03-scaled.jpg\",\"contentUrl\":\"https:\\\/\\\/rodoaed.ee\\\/wp-content\\\/uploads\\\/2019\\\/08\\\/kasvuhoone_Tropical-Island-L_03-scaled.jpg\",\"width\":4961,\"height\":3508},{\"@type\":\"BreadcrumbList\",\"@id\":\"https:\\\/\\\/rodoaed.ee\\\/fi\\\/toode\\\/kasvihuone-tropical-island-xl-kasvukelkka\\\/#breadcrumb\",\"itemListElement\":[{\"@type\":\"ListItem\",\"position\":1,\"name\":\"Home\",\"item\":\"https:\\\/\\\/rodoaed.ee\\\/fi\\\/\"},{\"@type\":\"ListItem\",\"position\":2,\"name\":\"Osta osoitteessa\",\"item\":\"https:\\\/\\\/rodoaed.ee\\\/osta-osoitteessa\\\/\"},{\"@type\":\"ListItem\",\"position\":3,\"name\":\"Kasvihuone Tropical Island XL kasvukelkka\"}]},{\"@type\":\"WebSite\",\"@id\":\"https:\\\/\\\/rodoaed.ee\\\/#website\",\"url\":\"https:\\\/\\\/rodoaed.ee\\\/\",\"name\":\"Rodoaed\",\"description\":\"\",\"publisher\":{\"@id\":\"https:\\\/\\\/rodoaed.ee\\\/#organization\"},\"potentialAction\":[{\"@type\":\"SearchAction\",\"target\":{\"@type\":\"EntryPoint\",\"urlTemplate\":\"https:\\\/\\\/rodoaed.ee\\\/?s={search_term_string}\"},\"query-input\":{\"@type\":\"PropertyValueSpecification\",\"valueRequired\":true,\"valueName\":\"search_term_string\"}}],\"inLanguage\":\"fi\"},{\"@type\":\"Organization\",\"@id\":\"https:\\\/\\\/rodoaed.ee\\\/#organization\",\"name\":\"Rodoaed\",\"url\":\"https:\\\/\\\/rodoaed.ee\\\/\",\"logo\":{\"@type\":\"ImageObject\",\"inLanguage\":\"fi\",\"@id\":\"https:\\\/\\\/rodoaed.ee\\\/#\\\/schema\\\/logo\\\/image\\\/\",\"url\":\"https:\\\/\\\/rodoaed.ee\\\/wp-content\\\/uploads\\\/2019\\\/11\\\/rodoaed-logo-ilma-taustata.jpg\",\"contentUrl\":\"https:\\\/\\\/rodoaed.ee\\\/wp-content\\\/uploads\\\/2019\\\/11\\\/rodoaed-logo-ilma-taustata.jpg\",\"width\":769,\"height\":268,\"caption\":\"Rodoaed\"},\"image\":{\"@id\":\"https:\\\/\\\/rodoaed.ee\\\/#\\\/schema\\\/logo\\\/image\\\/\"},\"sameAs\":[\"https:\\\/\\\/www.facebook.com\\\/kasvuhooned\\\/\",\"https:\\\/\\\/rodoaed.ee\"]}]}<\/script>\n<!-- \/ Yoast SEO Premium plugin. -->","yoast_head_json":{"title":"Kasvihuone Tropical Island XL kasvukelkka - Rodoaed","description":"Tropical Island -kasvihuone on ihanteellinen ratkaisu ulkona talvehtiville pakkasta siet\u00e4ville kasveille.","robots":{"index":"index","follow":"follow","max-snippet":"max-snippet:-1","max-image-preview":"max-image-preview:large","max-video-preview":"max-video-preview:-1"},"canonical":"https:\/\/rodoaed.ee\/fi\/toode\/kasvihuone-tropical-island-xl-kasvukelkka\/","og_locale":"fi_FI","og_type":"article","og_title":"Kasvihuone Tropical Island XL kasvukelkka","og_description":"Tropical Island -kasvihuone on t\u00e4ydellinen ratkaisu kylm\u00e4kest\u00e4ville kasveille - anna kasvien talvehtia ulkona ruukun kanssa. Tropical Island -kasvihuone","og_url":"https:\/\/rodoaed.ee\/fi\/toode\/kasvihuone-tropical-island-xl-kasvukelkka\/","og_site_name":"Rodoaed","article_publisher":"https:\/\/www.facebook.com\/kasvuhooned\/","article_modified_time":"2026-04-13T08:01:46+00:00","og_image":[{"width":4961,"height":3508,"url":"https:\/\/rodoaed.ee\/wp-content\/uploads\/2019\/08\/kasvuhoone_Tropical-Island-L_03-scaled.jpg","type":"image\/jpeg"}],"twitter_card":"summary_large_image","twitter_misc":{"Arvioitu lukuaika":"2 minuuttia"},"schema":{"@context":"https:\/\/schema.org","@graph":[{"@type":"WebPage","@id":"https:\/\/rodoaed.ee\/fi\/toode\/kasvihuone-tropical-island-xl-kasvukelkka\/","url":"https:\/\/rodoaed.ee\/fi\/toode\/kasvihuone-tropical-island-xl-kasvukelkka\/","name":"Kasvihuone Tropical Island XL kasvukelkka - Rodoaed","isPartOf":{"@id":"https:\/\/rodoaed.ee\/#website"},"primaryImageOfPage":{"@id":"https:\/\/rodoaed.ee\/fi\/toode\/kasvihuone-tropical-island-xl-kasvukelkka\/#primaryimage"},"image":{"@id":"https:\/\/rodoaed.ee\/fi\/toode\/kasvihuone-tropical-island-xl-kasvukelkka\/#primaryimage"},"thumbnailUrl":"https:\/\/rodoaed.ee\/wp-content\/uploads\/2019\/08\/kasvuhoone_Tropical-Island-L_03-scaled.jpg","datePublished":"2019-09-28T13:02:27+00:00","dateModified":"2026-04-13T08:01:46+00:00","description":"Tropical Island -kasvihuone on ihanteellinen ratkaisu ulkona talvehtiville pakkasta siet\u00e4ville kasveille.","breadcrumb":{"@id":"https:\/\/rodoaed.ee\/fi\/toode\/kasvihuone-tropical-island-xl-kasvukelkka\/#breadcrumb"},"inLanguage":"fi","potentialAction":[{"@type":"ReadAction","target":["https:\/\/rodoaed.ee\/fi\/toode\/kasvihuone-tropical-island-xl-kasvukelkka\/"]}]},{"@type":"ImageObject","inLanguage":"fi","@id":"https:\/\/rodoaed.ee\/fi\/toode\/kasvihuone-tropical-island-xl-kasvukelkka\/#primaryimage","url":"https:\/\/rodoaed.ee\/wp-content\/uploads\/2019\/08\/kasvuhoone_Tropical-Island-L_03-scaled.jpg","contentUrl":"https:\/\/rodoaed.ee\/wp-content\/uploads\/2019\/08\/kasvuhoone_Tropical-Island-L_03-scaled.jpg","width":4961,"height":3508},{"@type":"BreadcrumbList","@id":"https:\/\/rodoaed.ee\/fi\/toode\/kasvihuone-tropical-island-xl-kasvukelkka\/#breadcrumb","itemListElement":[{"@type":"ListItem","position":1,"name":"Home","item":"https:\/\/rodoaed.ee\/fi\/"},{"@type":"ListItem","position":2,"name":"Osta osoitteessa","item":"https:\/\/rodoaed.ee\/osta-osoitteessa\/"},{"@type":"ListItem","position":3,"name":"Kasvihuone Tropical Island XL kasvukelkka"}]},{"@type":"WebSite","@id":"https:\/\/rodoaed.ee\/#website","url":"https:\/\/rodoaed.ee\/","name":"Rodoaed","description":"","publisher":{"@id":"https:\/\/rodoaed.ee\/#organization"},"potentialAction":[{"@type":"SearchAction","target":{"@type":"EntryPoint","urlTemplate":"https:\/\/rodoaed.ee\/?s={search_term_string}"},"query-input":{"@type":"PropertyValueSpecification","valueRequired":true,"valueName":"search_term_string"}}],"inLanguage":"fi"},{"@type":"Organization","@id":"https:\/\/rodoaed.ee\/#organization","name":"Rodoaed","url":"https:\/\/rodoaed.ee\/","logo":{"@type":"ImageObject","inLanguage":"fi","@id":"https:\/\/rodoaed.ee\/#\/schema\/logo\/image\/","url":"https:\/\/rodoaed.ee\/wp-content\/uploads\/2019\/11\/rodoaed-logo-ilma-taustata.jpg","contentUrl":"https:\/\/rodoaed.ee\/wp-content\/uploads\/2019\/11\/rodoaed-logo-ilma-taustata.jpg","width":769,"height":268,"caption":"Rodoaed"},"image":{"@id":"https:\/\/rodoaed.ee\/#\/schema\/logo\/image\/"},"sameAs":["https:\/\/www.facebook.com\/kasvuhooned\/","https:\/\/rodoaed.ee"]}]}},"_links":{"self":[{"href":"https:\/\/rodoaed.ee\/fi\/wp-json\/wp\/v2\/product\/53188","targetHints":{"allow":["GET"]}}],"collection":[{"href":"https:\/\/rodoaed.ee\/fi\/wp-json\/wp\/v2\/product"}],"about":[{"href":"https:\/\/rodoaed.ee\/fi\/wp-json\/wp\/v2\/types\/product"}],"wp:featuredmedia":[{"embeddable":true,"href":"https:\/\/rodoaed.ee\/fi\/wp-json\/wp\/v2\/media\/26001"}],"wp:attachment":[{"href":"https:\/\/rodoaed.ee\/fi\/wp-json\/wp\/v2\/media?parent=53188"}],"wp:term":[{"taxonomy":"product_brand","embeddable":true,"href":"https:\/\/rodoaed.ee\/fi\/wp-json\/wp\/v2\/product_brand?post=53188"},{"taxonomy":"product_cat","embeddable":true,"href":"https:\/\/rodoaed.ee\/fi\/wp-json\/wp\/v2\/product_cat?post=53188"},{"taxonomy":"product_tag","embeddable":true,"href":"https:\/\/rodoaed.ee\/fi\/wp-json\/wp\/v2\/product_tag?post=53188"}],"curies":[{"name":"wp","href":"https:\/\/api.w.org\/{rel}","templated":true}]}}