{"id":53189,"date":"2019-10-03T23:45:00","date_gmt":"2019-10-03T20:45:00","guid":{"rendered":"https:\/\/rodoaed.ee\/toode\/istutuslapio-maubach\/"},"modified":"2026-04-13T11:01:47","modified_gmt":"2026-04-13T08:01:47","slug":"istutuslapio-maubach","status":"publish","type":"product","link":"https:\/\/rodoaed.ee\/fi\/tuote\/istutuslapio-maubach\/","title":{"rendered":"Istutuslapio Maubach"},"content":{"rendered":"<h2>Maubachin istutuslapio sopii sek\u00e4 harrastepuutarhurille ett\u00e4 ammattik\u00e4ytt\u00e4j\u00e4lle.<\/h2>\n<p>Tuotekoodi: 4017-140250<\/p>\n<p>Maubachin istutuslapion loi Georg Arends, joka on samannimisen kuuluisan puutarhan perustaja. Vuonna 1888 Georg perusti saksalaiseen Wuppertal-Ronsdorfin kaupunkiin ty\u00f6pajansa ja puutarhansa, josta tuli my\u00f6hemmin hyvin tunnettu. Kymmenet h\u00e4nen kasvattamansa pysyv\u00e4t kukkahybridit voittivat lukuisia mitaleita kukkan\u00e4yttelyiss\u00e4 eri puolilla Eurooppaa.  <\/p>\n<p>Georg loi 1920-luvulla t\u00e4m\u00e4n istutuslapion, jolla oli useita huomattavia etuja verrattuna tavalliseen istutuslapioon. Lapion leve\u00e4mpi, litte\u00e4mpi ja kapeneva ter\u00e4 helpottaa istutuskuopan kaivamista huomattavasti, ja samalla voit muotoilla kuopan reunat juuri haluamasi muotoisiksi. Ja jos k\u00e4si liukastuu k\u00e4yt\u00f6n aikana, litte\u00e4 reuna varmistaa, ettei k\u00e4si loukkaa ter\u00e4v\u00e4\u00e4 reunaa.  <\/p>\n<p>Maubachin istutuslapiossa on tuhkakahva.<\/p>\n<p><em style=\"font-family: inherit; font-size: inherit; font-variant-caps: inherit;\">Sneeboer &amp; Zn on perinteinen hollantilainen ty\u00f6kaluyritys, joka on valmistanut laadukkaita puutarhaty\u00f6kaluja vuodesta 1913. Sneeboer &amp; Zn valmistaa p\u00e4\u00e4asiassa k\u00e4sin taottuja ruostumattomasta ter\u00e4ksest\u00e4 valmistettuja puutarhaty\u00f6kaluja, joiden k\u00e4ytt\u00f6ik\u00e4 on v\u00e4hint\u00e4\u00e4n yksi sukupolvi. Mutta se, mik\u00e4 tekee heid\u00e4n tuotannostaan hyvin erikoista ja on tehnyt heist\u00e4 maailmankuuluja, on heid\u00e4n sovellusinnovaationsa. T\u00e4m\u00e4 tarkoittaa, ett\u00e4 keksij\u00e4t ymp\u00e4ri maailmaa ovat lis\u00e4nneet omia innovaatioitaan heid\u00e4n tuotevalikoimaansa.    Joskus hyvin innovatiivisia ratkaisuja, joskus melko pieni\u00e4 keksint\u00f6j\u00e4, mutta ne tekev\u00e4t puutarhanhoidosta ja ty\u00f6kalun k\u00e4yt\u00f6st\u00e4 paljon helpompaa.<\/em><\/p>\n<p><em>Voit n\u00e4hd\u00e4 sen itse, kun selaat valikoimaamme.<\/em><\/p>\n<p>Hemmottele itse\u00e4si parhaalla<\/p>\n<h2>Tekniset tiedot:<\/h2>\n<ul>\n<li>Ty\u00f6kalun p\u00e4\u00e4n leveys: 12 cm<\/li>\n<li>Ty\u00f6kalun p\u00e4\u00e4n pituus: 15,5 cm<\/li>\n<li>Kahvan pituus: 14 cm<\/li>\n<li>Kokonaispituus: 31 cm<\/li>\n<li>Kahvan materiaali: saarni<\/li>\n<li>Paino: 300 g<\/li>\n<\/ul>\n<p>&nbsp;<\/p>\n","protected":false},"excerpt":{"rendered":"<p>Maubachin istutuslapio sopii sek\u00e4 harrastepuutarhurille ett\u00e4 ammattik\u00e4ytt\u00e4j\u00e4lle. Tuotekoodi: 4017-140250 Maubachin istutuslapion loi Georg Arends, joka on samannimisen kuuluisan puutarhan perustaja. Vuonna 1888 Georg perusti saksalaiseen Wuppertal-Ronsdorfin kaupunkiin ty\u00f6pajansa ja puutarhansa, josta tuli my\u00f6hemmin hyvin tunnettu. Kymmenet h\u00e4nen kasvattamansa pysyv\u00e4t kukkahybridit voittivat lukuisia mitaleita kukkan\u00e4yttelyiss\u00e4 eri puolilla Eurooppaa. Georg loi 1920-luvulla t\u00e4m\u00e4n istutuslapion, jolla oli useita huomattavia etuja verrattuna tavalliseen istutuslapioon. Lapion leve\u00e4mpi, litte\u00e4mpi ja kapeneva&#8230;<\/p>\n","protected":false},"featured_media":27742,"template":"","meta":{"_acf_changed":false},"product_brand":[],"product_cat":[1859,1833,1772,1743,1889],"product_tag":[],"class_list":{"0":"post-53189","1":"product","2":"type-product","3":"status-publish","4":"has-post-thumbnail","6":"product_cat-istutuskauhat","7":"product_cat-lahjat-naisille","8":"product_cat-lahjat-puutarhurille","9":"product_cat-lisalahjat-lahjat","10":"product_cat-puutarhatyokalut","11":"product_shipping_class-toimitus-1-3-tyopaivan-kuluessa","12":"pa_variatsioon-kahva-10cm-tuhkapuun-kahva","14":"first","15":"instock","16":"sale","17":"taxable","18":"shipping-taxable","19":"purchasable","20":"product-type-simple"},"acf":[],"yoast_head":"<!-- This site is optimized with the Yoast SEO Premium plugin v27.3 (Yoast SEO v27.3) - https:\/\/yoast.com\/product\/yoast-seo-premium-wordpress\/ -->\n<title>Istutuslapio Maubach - Puutarhaty\u00f6kalut Puutarhalapio Maubach<\/title>\n<meta name=\"description\" content=\"Maubachin istutuslapio on valmistettu ruostumattomasta ter\u00e4ksest\u00e4, ja siin\u00e4 on tuhkapuukahva. Maubachin istutuslapiossa on miellytt\u00e4v\u00e4n leve\u00e4 pinta ja se sopii erinomaisesti istutukseen.\" \/>\n<meta name=\"robots\" content=\"index, follow, max-snippet:-1, max-image-preview:large, max-video-preview:-1\" \/>\n<link rel=\"canonical\" href=\"https:\/\/rodoaed.ee\/fi\/toode\/istutuslapio-maubach\/\" \/>\n<meta property=\"og:locale\" content=\"fi_FI\" \/>\n<meta property=\"og:type\" content=\"article\" \/>\n<meta property=\"og:title\" content=\"Istutuslapio Maubach\" \/>\n<meta property=\"og:description\" content=\"Maubachin istutuslapio sopii sek\u00e4 harrastepuutarhurille ett\u00e4 ammattik\u00e4ytt\u00e4j\u00e4lle. Tuotekoodi: 4017-140250 Maubachin istutuslapion loi Georg Arends, joka on\" \/>\n<meta property=\"og:url\" content=\"https:\/\/rodoaed.ee\/fi\/toode\/istutuslapio-maubach\/\" \/>\n<meta property=\"og:site_name\" content=\"Rodoaed\" \/>\n<meta property=\"article:publisher\" content=\"https:\/\/www.facebook.com\/kasvuhooned\/\" \/>\n<meta property=\"article:modified_time\" content=\"2026-04-13T08:01:47+00:00\" \/>\n<meta property=\"og:image\" content=\"https:\/\/rodoaed.ee\/wp-content\/uploads\/2019\/10\/Aiat\u00f6\u00f6riistad_Istutusk\u00fchvel-Maubach4017-140250_06.jpg\" \/>\n\t<meta property=\"og:image:width\" content=\"2458\" \/>\n\t<meta property=\"og:image:height\" content=\"2458\" \/>\n\t<meta property=\"og:image:type\" content=\"image\/jpeg\" \/>\n<meta name=\"twitter:card\" content=\"summary_large_image\" \/>\n<meta name=\"twitter:label1\" content=\"Arvioitu lukuaika\" \/>\n\t<meta name=\"twitter:data1\" content=\"1 minuutti\" \/>\n<script type=\"application\/ld+json\" class=\"yoast-schema-graph\">{\"@context\":\"https:\\\/\\\/schema.org\",\"@graph\":[{\"@type\":\"WebPage\",\"@id\":\"https:\\\/\\\/rodoaed.ee\\\/fi\\\/toode\\\/istutuslapio-maubach\\\/\",\"url\":\"https:\\\/\\\/rodoaed.ee\\\/fi\\\/toode\\\/istutuslapio-maubach\\\/\",\"name\":\"Istutuslapio Maubach - Puutarhaty\u00f6kalut Puutarhalapio Maubach\",\"isPartOf\":{\"@id\":\"https:\\\/\\\/rodoaed.ee\\\/#website\"},\"primaryImageOfPage\":{\"@id\":\"https:\\\/\\\/rodoaed.ee\\\/fi\\\/toode\\\/istutuslapio-maubach\\\/#primaryimage\"},\"image\":{\"@id\":\"https:\\\/\\\/rodoaed.ee\\\/fi\\\/toode\\\/istutuslapio-maubach\\\/#primaryimage\"},\"thumbnailUrl\":\"https:\\\/\\\/rodoaed.ee\\\/wp-content\\\/uploads\\\/2019\\\/10\\\/Aiat\u00f6\u00f6riistad_Istutusk\u00fchvel-Maubach4017-140250_06.jpg\",\"datePublished\":\"2019-10-03T20:45:00+00:00\",\"dateModified\":\"2026-04-13T08:01:47+00:00\",\"description\":\"Maubachin istutuslapio on valmistettu ruostumattomasta ter\u00e4ksest\u00e4, ja siin\u00e4 on tuhkapuukahva. Maubachin istutuslapiossa on miellytt\u00e4v\u00e4n leve\u00e4 pinta ja se sopii erinomaisesti istutukseen.\",\"breadcrumb\":{\"@id\":\"https:\\\/\\\/rodoaed.ee\\\/fi\\\/toode\\\/istutuslapio-maubach\\\/#breadcrumb\"},\"inLanguage\":\"fi\",\"potentialAction\":[{\"@type\":\"ReadAction\",\"target\":[\"https:\\\/\\\/rodoaed.ee\\\/fi\\\/toode\\\/istutuslapio-maubach\\\/\"]}]},{\"@type\":\"ImageObject\",\"inLanguage\":\"fi\",\"@id\":\"https:\\\/\\\/rodoaed.ee\\\/fi\\\/toode\\\/istutuslapio-maubach\\\/#primaryimage\",\"url\":\"https:\\\/\\\/rodoaed.ee\\\/wp-content\\\/uploads\\\/2019\\\/10\\\/Aiat\u00f6\u00f6riistad_Istutusk\u00fchvel-Maubach4017-140250_06.jpg\",\"contentUrl\":\"https:\\\/\\\/rodoaed.ee\\\/wp-content\\\/uploads\\\/2019\\\/10\\\/Aiat\u00f6\u00f6riistad_Istutusk\u00fchvel-Maubach4017-140250_06.jpg\",\"width\":2458,\"height\":2458,\"caption\":\"OLYMPUS DIGIKAMERA\"},{\"@type\":\"BreadcrumbList\",\"@id\":\"https:\\\/\\\/rodoaed.ee\\\/fi\\\/toode\\\/istutuslapio-maubach\\\/#breadcrumb\",\"itemListElement\":[{\"@type\":\"ListItem\",\"position\":1,\"name\":\"Home\",\"item\":\"https:\\\/\\\/rodoaed.ee\\\/fi\\\/\"},{\"@type\":\"ListItem\",\"position\":2,\"name\":\"Osta osoitteessa\",\"item\":\"https:\\\/\\\/rodoaed.ee\\\/osta-osoitteessa\\\/\"},{\"@type\":\"ListItem\",\"position\":3,\"name\":\"Istutuslapio Maubach\"}]},{\"@type\":\"WebSite\",\"@id\":\"https:\\\/\\\/rodoaed.ee\\\/#website\",\"url\":\"https:\\\/\\\/rodoaed.ee\\\/\",\"name\":\"Rodoaed\",\"description\":\"\",\"publisher\":{\"@id\":\"https:\\\/\\\/rodoaed.ee\\\/#organization\"},\"potentialAction\":[{\"@type\":\"SearchAction\",\"target\":{\"@type\":\"EntryPoint\",\"urlTemplate\":\"https:\\\/\\\/rodoaed.ee\\\/?s={search_term_string}\"},\"query-input\":{\"@type\":\"PropertyValueSpecification\",\"valueRequired\":true,\"valueName\":\"search_term_string\"}}],\"inLanguage\":\"fi\"},{\"@type\":\"Organization\",\"@id\":\"https:\\\/\\\/rodoaed.ee\\\/#organization\",\"name\":\"Rodoaed\",\"url\":\"https:\\\/\\\/rodoaed.ee\\\/\",\"logo\":{\"@type\":\"ImageObject\",\"inLanguage\":\"fi\",\"@id\":\"https:\\\/\\\/rodoaed.ee\\\/#\\\/schema\\\/logo\\\/image\\\/\",\"url\":\"https:\\\/\\\/rodoaed.ee\\\/wp-content\\\/uploads\\\/2019\\\/11\\\/rodoaed-logo-ilma-taustata.jpg\",\"contentUrl\":\"https:\\\/\\\/rodoaed.ee\\\/wp-content\\\/uploads\\\/2019\\\/11\\\/rodoaed-logo-ilma-taustata.jpg\",\"width\":769,\"height\":268,\"caption\":\"Rodoaed\"},\"image\":{\"@id\":\"https:\\\/\\\/rodoaed.ee\\\/#\\\/schema\\\/logo\\\/image\\\/\"},\"sameAs\":[\"https:\\\/\\\/www.facebook.com\\\/kasvuhooned\\\/\",\"https:\\\/\\\/rodoaed.ee\"]}]}<\/script>\n<!-- \/ Yoast SEO Premium plugin. -->","yoast_head_json":{"title":"Istutuslapio Maubach - Puutarhaty\u00f6kalut Puutarhalapio Maubach","description":"Maubachin istutuslapio on valmistettu ruostumattomasta ter\u00e4ksest\u00e4, ja siin\u00e4 on tuhkapuukahva. Maubachin istutuslapiossa on miellytt\u00e4v\u00e4n leve\u00e4 pinta ja se sopii erinomaisesti istutukseen.","robots":{"index":"index","follow":"follow","max-snippet":"max-snippet:-1","max-image-preview":"max-image-preview:large","max-video-preview":"max-video-preview:-1"},"canonical":"https:\/\/rodoaed.ee\/fi\/toode\/istutuslapio-maubach\/","og_locale":"fi_FI","og_type":"article","og_title":"Istutuslapio Maubach","og_description":"Maubachin istutuslapio sopii sek\u00e4 harrastepuutarhurille ett\u00e4 ammattik\u00e4ytt\u00e4j\u00e4lle. Tuotekoodi: 4017-140250 Maubachin istutuslapion loi Georg Arends, joka on","og_url":"https:\/\/rodoaed.ee\/fi\/toode\/istutuslapio-maubach\/","og_site_name":"Rodoaed","article_publisher":"https:\/\/www.facebook.com\/kasvuhooned\/","article_modified_time":"2026-04-13T08:01:47+00:00","og_image":[{"width":2458,"height":2458,"url":"https:\/\/rodoaed.ee\/wp-content\/uploads\/2019\/10\/Aiat\u00f6\u00f6riistad_Istutusk\u00fchvel-Maubach4017-140250_06.jpg","type":"image\/jpeg"}],"twitter_card":"summary_large_image","twitter_misc":{"Arvioitu lukuaika":"1 minuutti"},"schema":{"@context":"https:\/\/schema.org","@graph":[{"@type":"WebPage","@id":"https:\/\/rodoaed.ee\/fi\/toode\/istutuslapio-maubach\/","url":"https:\/\/rodoaed.ee\/fi\/toode\/istutuslapio-maubach\/","name":"Istutuslapio Maubach - Puutarhaty\u00f6kalut Puutarhalapio Maubach","isPartOf":{"@id":"https:\/\/rodoaed.ee\/#website"},"primaryImageOfPage":{"@id":"https:\/\/rodoaed.ee\/fi\/toode\/istutuslapio-maubach\/#primaryimage"},"image":{"@id":"https:\/\/rodoaed.ee\/fi\/toode\/istutuslapio-maubach\/#primaryimage"},"thumbnailUrl":"https:\/\/rodoaed.ee\/wp-content\/uploads\/2019\/10\/Aiat\u00f6\u00f6riistad_Istutusk\u00fchvel-Maubach4017-140250_06.jpg","datePublished":"2019-10-03T20:45:00+00:00","dateModified":"2026-04-13T08:01:47+00:00","description":"Maubachin istutuslapio on valmistettu ruostumattomasta ter\u00e4ksest\u00e4, ja siin\u00e4 on tuhkapuukahva. Maubachin istutuslapiossa on miellytt\u00e4v\u00e4n leve\u00e4 pinta ja se sopii erinomaisesti istutukseen.","breadcrumb":{"@id":"https:\/\/rodoaed.ee\/fi\/toode\/istutuslapio-maubach\/#breadcrumb"},"inLanguage":"fi","potentialAction":[{"@type":"ReadAction","target":["https:\/\/rodoaed.ee\/fi\/toode\/istutuslapio-maubach\/"]}]},{"@type":"ImageObject","inLanguage":"fi","@id":"https:\/\/rodoaed.ee\/fi\/toode\/istutuslapio-maubach\/#primaryimage","url":"https:\/\/rodoaed.ee\/wp-content\/uploads\/2019\/10\/Aiat\u00f6\u00f6riistad_Istutusk\u00fchvel-Maubach4017-140250_06.jpg","contentUrl":"https:\/\/rodoaed.ee\/wp-content\/uploads\/2019\/10\/Aiat\u00f6\u00f6riistad_Istutusk\u00fchvel-Maubach4017-140250_06.jpg","width":2458,"height":2458,"caption":"OLYMPUS DIGIKAMERA"},{"@type":"BreadcrumbList","@id":"https:\/\/rodoaed.ee\/fi\/toode\/istutuslapio-maubach\/#breadcrumb","itemListElement":[{"@type":"ListItem","position":1,"name":"Home","item":"https:\/\/rodoaed.ee\/fi\/"},{"@type":"ListItem","position":2,"name":"Osta osoitteessa","item":"https:\/\/rodoaed.ee\/osta-osoitteessa\/"},{"@type":"ListItem","position":3,"name":"Istutuslapio Maubach"}]},{"@type":"WebSite","@id":"https:\/\/rodoaed.ee\/#website","url":"https:\/\/rodoaed.ee\/","name":"Rodoaed","description":"","publisher":{"@id":"https:\/\/rodoaed.ee\/#organization"},"potentialAction":[{"@type":"SearchAction","target":{"@type":"EntryPoint","urlTemplate":"https:\/\/rodoaed.ee\/?s={search_term_string}"},"query-input":{"@type":"PropertyValueSpecification","valueRequired":true,"valueName":"search_term_string"}}],"inLanguage":"fi"},{"@type":"Organization","@id":"https:\/\/rodoaed.ee\/#organization","name":"Rodoaed","url":"https:\/\/rodoaed.ee\/","logo":{"@type":"ImageObject","inLanguage":"fi","@id":"https:\/\/rodoaed.ee\/#\/schema\/logo\/image\/","url":"https:\/\/rodoaed.ee\/wp-content\/uploads\/2019\/11\/rodoaed-logo-ilma-taustata.jpg","contentUrl":"https:\/\/rodoaed.ee\/wp-content\/uploads\/2019\/11\/rodoaed-logo-ilma-taustata.jpg","width":769,"height":268,"caption":"Rodoaed"},"image":{"@id":"https:\/\/rodoaed.ee\/#\/schema\/logo\/image\/"},"sameAs":["https:\/\/www.facebook.com\/kasvuhooned\/","https:\/\/rodoaed.ee"]}]}},"_links":{"self":[{"href":"https:\/\/rodoaed.ee\/fi\/wp-json\/wp\/v2\/product\/53189","targetHints":{"allow":["GET"]}}],"collection":[{"href":"https:\/\/rodoaed.ee\/fi\/wp-json\/wp\/v2\/product"}],"about":[{"href":"https:\/\/rodoaed.ee\/fi\/wp-json\/wp\/v2\/types\/product"}],"wp:featuredmedia":[{"embeddable":true,"href":"https:\/\/rodoaed.ee\/fi\/wp-json\/wp\/v2\/media\/27742"}],"wp:attachment":[{"href":"https:\/\/rodoaed.ee\/fi\/wp-json\/wp\/v2\/media?parent=53189"}],"wp:term":[{"taxonomy":"product_brand","embeddable":true,"href":"https:\/\/rodoaed.ee\/fi\/wp-json\/wp\/v2\/product_brand?post=53189"},{"taxonomy":"product_cat","embeddable":true,"href":"https:\/\/rodoaed.ee\/fi\/wp-json\/wp\/v2\/product_cat?post=53189"},{"taxonomy":"product_tag","embeddable":true,"href":"https:\/\/rodoaed.ee\/fi\/wp-json\/wp\/v2\/product_tag?post=53189"}],"curies":[{"name":"wp","href":"https:\/\/api.w.org\/{rel}","templated":true}]}}