{"id":53190,"date":"2019-10-04T16:14:27","date_gmt":"2019-10-04T13:14:27","guid":{"rendered":"https:\/\/rodoaed.ee\/toode\/uudelleenasettaminen-lapio-jossa-on-astinlauta-reunalla\/"},"modified":"2026-04-13T11:01:48","modified_gmt":"2026-04-13T08:01:48","slug":"uudelleenasettaminen-lapio-jossa-on-astinlauta-reunalla","status":"publish","type":"product","link":"https:\/\/rodoaed.ee\/fi\/tuote\/uudelleenasettaminen-lapio-jossa-on-astinlauta-reunalla\/","title":{"rendered":"Uudelleenasettaminen Lapio, jossa on astinlauta reunalla"},"content":{"rendered":"<h2>Siirtolapio, jossa on kulutuspinta, jossa on kulutuspinta, jossa on kulutuspinta, jossa on kulutuspinnan reuna<\/h2>\n<h2>Soveltuu sek\u00e4 harraste- ett\u00e4 ammattipuutarhureille.<\/h2>\n<p>Tuotekoodi: 3050-210786<\/p>\n<p>Uudelleenistutuslapio on eritt\u00e4in tehokas puiden ja pensaiden sek\u00e4 kaikenlaisten perennojen uudelleenistutuskuoppien kaivamiseen. Ainutlaatuinen vankka V-muotoinen ter\u00e4n k\u00e4rki on suunniteltu leikkaamaan kaikenlaiset juuret ja varret puhtaasti repim\u00e4tt\u00e4 tai vahingoittamatta viereisten kasvien juuria. T\u00e4m\u00e4n ter\u00e4n avulla voit kaivaa kirurgisella tarkkuudella esiin vain yhden tarvitsemasi kasvin monien muiden kasvien joukosta vahingoittamatta muita.  <\/p>\n<p>Tavalliset lapiot ovat k\u00e4rjest\u00e4\u00e4n kaarevia, ja ter\u00e4 liukuu irti, kun se t\u00f6rm\u00e4\u00e4 johonkin juureen. N\u00e4in ei tapahdu V-muotoisen ter\u00e4n kanssa. Verrattuna kaikkiin muihin lapioihin t\u00e4m\u00e4 on kevyt ty\u00f6kalu.  <\/p>\n<p>Tallausreuna eli lapion yl\u00e4reunassa olevat laipat helpottavat lapion p\u00e4\u00e4lle astumista jalalla ja painamista alasp\u00e4in, koska reuna ei ole niin ter\u00e4v\u00e4 jalkaan n\u00e4hden.<\/p>\n<p>Porrasreunaisissa Labidas-istutuksissa on tuhkapuun varsi ja T-p\u00e4\u00e4.<\/p>\n<p><em>Sneeboer &amp; Zn on perinteinen hollantilainen ty\u00f6kaluyritys, joka on valmistanut laadukkaita puutarhaty\u00f6kaluja vuodesta 1913. Sneeboer &amp; Zn valmistaa p\u00e4\u00e4asiassa k\u00e4sin taottuja ruostumattomasta ter\u00e4ksest\u00e4 valmistettuja puutarhaty\u00f6kaluja, joiden k\u00e4ytt\u00f6ik\u00e4 on v\u00e4hint\u00e4\u00e4n yksi sukupolvi. Mutta se, mik\u00e4 tekee heid\u00e4n tuotannostaan hyvin erikoista ja on tehnyt heist\u00e4 maailmankuuluja, on heid\u00e4n sovellusinnovaationsa. T\u00e4m\u00e4 tarkoittaa, ett\u00e4 keksij\u00e4t ymp\u00e4ri maailmaa ovat lis\u00e4nneet omia innovaatioitaan heid\u00e4n tuotevalikoimaansa.    Joskus hyvin innovatiivisia ratkaisuja, joskus melko pieni\u00e4 keksint\u00f6j\u00e4, mutta ne tekev\u00e4t puutarhanhoidosta ja ty\u00f6kalun k\u00e4yt\u00f6st\u00e4 paljon helpompaa.<\/em><\/p>\n<p><em>Voit n\u00e4hd\u00e4 sen itse, kun katsot heid\u00e4n valikoimaansa.<\/em><\/p>\n<p>Hemmottele itse\u00e4si parhaalla.<\/p>\n<h2>Tekniset tiedot:<\/h2>\n<ul>\n<li>Ty\u00f6kalun p\u00e4\u00e4n leveys: 11,5 cm<\/li>\n<li>Ty\u00f6kalun p\u00e4\u00e4n pituus: 22 cm<\/li>\n<li>Kahvan pituus: 90 cm<\/li>\n<li>Kokonaispituus: 110 cm<\/li>\n<li>Kahvan materiaali: saarni<\/li>\n<li>Paino: 1,5 kg<\/li>\n<\/ul>\n","protected":false},"excerpt":{"rendered":"<p>Siirtolapio, jossa on kulutuspinta, jossa on kulutuspinta, jossa on kulutuspinta, jossa on kulutuspinnan reuna Soveltuu sek\u00e4 harraste- ett\u00e4 ammattipuutarhureille. Tuotekoodi: 3050-210786 Uudelleenistutuslapio on eritt\u00e4in tehokas puiden ja pensaiden sek\u00e4 kaikenlaisten perennojen uudelleenistutuskuoppien kaivamiseen. Ainutlaatuinen vankka V-muotoinen ter\u00e4n k\u00e4rki on suunniteltu leikkaamaan kaikenlaiset juuret ja varret puhtaasti repim\u00e4tt\u00e4 tai vahingoittamatta viereisten kasvien juuria. T\u00e4m\u00e4n ter\u00e4n avulla voit kaivaa kirurgisella tarkkuudella esiin vain yhden tarvitsemasi kasvin monien&#8230;<\/p>\n","protected":false},"featured_media":27780,"template":"","meta":{"_acf_changed":false},"product_brand":[],"product_cat":[1889,1922],"product_tag":[],"class_list":{"0":"post-53190","1":"product","2":"type-product","3":"status-publish","4":"has-post-thumbnail","6":"product_cat-puutarhatyokalut","7":"product_cat-renkaat-ja-lapiot","8":"product_shipping_class-kuljetus-ainoastaan-kuriiripalvelun-valityksella","9":"pa_variatsioon-ruostumattomasta-teraksesta-valmistettu-lapio-jossa-on-kulutuspintainen-reuna","11":"first","12":"onbackorder","13":"taxable","14":"shipping-taxable","15":"purchasable","16":"product-type-simple"},"acf":[],"yoast_head":"<!-- This site is optimized with the Yoast SEO Premium plugin v27.3 (Yoast SEO v27.3) - https:\/\/yoast.com\/product\/yoast-seo-premium-wordpress\/ -->\n<title>Uudelleenasettaminen Lapio, jossa on astinlauta reunalla -% Rhododendronin siirtoistutukset Labidas<\/title>\n<meta name=\"description\" content=\"Istutus Labidas kasvien istuttamiseen astinlaudoilla. Tallausreunalla varustettu siirtolapio tekee juuri sen, mit\u00e4 nimi sanoo.\" \/>\n<meta name=\"robots\" content=\"index, follow, max-snippet:-1, max-image-preview:large, max-video-preview:-1\" \/>\n<link rel=\"canonical\" href=\"https:\/\/rodoaed.ee\/fi\/toode\/uudelleenasettaminen-lapio-jossa-on-astinlauta-reunalla\/\" \/>\n<meta property=\"og:locale\" content=\"fi_FI\" \/>\n<meta property=\"og:type\" content=\"article\" \/>\n<meta property=\"og:title\" content=\"Uudelleenasettaminen Lapio, jossa on astinlauta reunalla\" \/>\n<meta property=\"og:description\" content=\"Siirtolapio, jossa on kulutuspinta, jossa on kulutuspinta, jossa on kulutuspinta, jossa on kulutuspinnan reuna Soveltuu sek\u00e4 harraste- ett\u00e4\" \/>\n<meta property=\"og:url\" content=\"https:\/\/rodoaed.ee\/fi\/toode\/uudelleenasettaminen-lapio-jossa-on-astinlauta-reunalla\/\" \/>\n<meta property=\"og:site_name\" content=\"Rodoaed\" \/>\n<meta property=\"article:publisher\" content=\"https:\/\/www.facebook.com\/kasvuhooned\/\" \/>\n<meta property=\"article:modified_time\" content=\"2026-04-13T08:01:48+00:00\" \/>\n<meta property=\"og:image\" content=\"https:\/\/rodoaed.ee\/wp-content\/uploads\/2019\/10\/Aiat\u00f6\u00f6riistad_\u00dcmberistutuse-Labidas_3050-210786_02.jpg\" \/>\n\t<meta property=\"og:image:width\" content=\"3185\" \/>\n\t<meta property=\"og:image:height\" content=\"3185\" \/>\n\t<meta property=\"og:image:type\" content=\"image\/jpeg\" \/>\n<meta name=\"twitter:card\" content=\"summary_large_image\" \/>\n<meta name=\"twitter:label1\" content=\"Arvioitu lukuaika\" \/>\n\t<meta name=\"twitter:data1\" content=\"1 minuutti\" \/>\n<script type=\"application\/ld+json\" class=\"yoast-schema-graph\">{\"@context\":\"https:\\\/\\\/schema.org\",\"@graph\":[{\"@type\":\"WebPage\",\"@id\":\"https:\\\/\\\/rodoaed.ee\\\/fi\\\/toode\\\/uudelleenasettaminen-lapio-jossa-on-astinlauta-reunalla\\\/\",\"url\":\"https:\\\/\\\/rodoaed.ee\\\/fi\\\/toode\\\/uudelleenasettaminen-lapio-jossa-on-astinlauta-reunalla\\\/\",\"name\":\"Uudelleenasettaminen Lapio, jossa on astinlauta reunalla -% Rhododendronin siirtoistutukset Labidas\",\"isPartOf\":{\"@id\":\"https:\\\/\\\/rodoaed.ee\\\/#website\"},\"primaryImageOfPage\":{\"@id\":\"https:\\\/\\\/rodoaed.ee\\\/fi\\\/toode\\\/uudelleenasettaminen-lapio-jossa-on-astinlauta-reunalla\\\/#primaryimage\"},\"image\":{\"@id\":\"https:\\\/\\\/rodoaed.ee\\\/fi\\\/toode\\\/uudelleenasettaminen-lapio-jossa-on-astinlauta-reunalla\\\/#primaryimage\"},\"thumbnailUrl\":\"https:\\\/\\\/rodoaed.ee\\\/wp-content\\\/uploads\\\/2019\\\/10\\\/Aiat\u00f6\u00f6riistad_\u00dcmberistutuse-Labidas_3050-210786_02.jpg\",\"datePublished\":\"2019-10-04T13:14:27+00:00\",\"dateModified\":\"2026-04-13T08:01:48+00:00\",\"description\":\"Istutus Labidas kasvien istuttamiseen astinlaudoilla. Tallausreunalla varustettu siirtolapio tekee juuri sen, mit\u00e4 nimi sanoo.\",\"breadcrumb\":{\"@id\":\"https:\\\/\\\/rodoaed.ee\\\/fi\\\/toode\\\/uudelleenasettaminen-lapio-jossa-on-astinlauta-reunalla\\\/#breadcrumb\"},\"inLanguage\":\"fi\",\"potentialAction\":[{\"@type\":\"ReadAction\",\"target\":[\"https:\\\/\\\/rodoaed.ee\\\/fi\\\/toode\\\/uudelleenasettaminen-lapio-jossa-on-astinlauta-reunalla\\\/\"]}]},{\"@type\":\"ImageObject\",\"inLanguage\":\"fi\",\"@id\":\"https:\\\/\\\/rodoaed.ee\\\/fi\\\/toode\\\/uudelleenasettaminen-lapio-jossa-on-astinlauta-reunalla\\\/#primaryimage\",\"url\":\"https:\\\/\\\/rodoaed.ee\\\/wp-content\\\/uploads\\\/2019\\\/10\\\/Aiat\u00f6\u00f6riistad_\u00dcmberistutuse-Labidas_3050-210786_02.jpg\",\"contentUrl\":\"https:\\\/\\\/rodoaed.ee\\\/wp-content\\\/uploads\\\/2019\\\/10\\\/Aiat\u00f6\u00f6riistad_\u00dcmberistutuse-Labidas_3050-210786_02.jpg\",\"width\":3185,\"height\":3185,\"caption\":\"OLYMPUS DIGIKAMERA\"},{\"@type\":\"BreadcrumbList\",\"@id\":\"https:\\\/\\\/rodoaed.ee\\\/fi\\\/toode\\\/uudelleenasettaminen-lapio-jossa-on-astinlauta-reunalla\\\/#breadcrumb\",\"itemListElement\":[{\"@type\":\"ListItem\",\"position\":1,\"name\":\"Home\",\"item\":\"https:\\\/\\\/rodoaed.ee\\\/fi\\\/\"},{\"@type\":\"ListItem\",\"position\":2,\"name\":\"Osta osoitteessa\",\"item\":\"https:\\\/\\\/rodoaed.ee\\\/osta-osoitteessa\\\/\"},{\"@type\":\"ListItem\",\"position\":3,\"name\":\"Uudelleenasettaminen Lapio, jossa on astinlauta reunalla\"}]},{\"@type\":\"WebSite\",\"@id\":\"https:\\\/\\\/rodoaed.ee\\\/#website\",\"url\":\"https:\\\/\\\/rodoaed.ee\\\/\",\"name\":\"Rodoaed\",\"description\":\"\",\"publisher\":{\"@id\":\"https:\\\/\\\/rodoaed.ee\\\/#organization\"},\"potentialAction\":[{\"@type\":\"SearchAction\",\"target\":{\"@type\":\"EntryPoint\",\"urlTemplate\":\"https:\\\/\\\/rodoaed.ee\\\/?s={search_term_string}\"},\"query-input\":{\"@type\":\"PropertyValueSpecification\",\"valueRequired\":true,\"valueName\":\"search_term_string\"}}],\"inLanguage\":\"fi\"},{\"@type\":\"Organization\",\"@id\":\"https:\\\/\\\/rodoaed.ee\\\/#organization\",\"name\":\"Rodoaed\",\"url\":\"https:\\\/\\\/rodoaed.ee\\\/\",\"logo\":{\"@type\":\"ImageObject\",\"inLanguage\":\"fi\",\"@id\":\"https:\\\/\\\/rodoaed.ee\\\/#\\\/schema\\\/logo\\\/image\\\/\",\"url\":\"https:\\\/\\\/rodoaed.ee\\\/wp-content\\\/uploads\\\/2019\\\/11\\\/rodoaed-logo-ilma-taustata.jpg\",\"contentUrl\":\"https:\\\/\\\/rodoaed.ee\\\/wp-content\\\/uploads\\\/2019\\\/11\\\/rodoaed-logo-ilma-taustata.jpg\",\"width\":769,\"height\":268,\"caption\":\"Rodoaed\"},\"image\":{\"@id\":\"https:\\\/\\\/rodoaed.ee\\\/#\\\/schema\\\/logo\\\/image\\\/\"},\"sameAs\":[\"https:\\\/\\\/www.facebook.com\\\/kasvuhooned\\\/\",\"https:\\\/\\\/rodoaed.ee\"]}]}<\/script>\n<!-- \/ Yoast SEO Premium plugin. -->","yoast_head_json":{"title":"Uudelleenasettaminen Lapio, jossa on astinlauta reunalla -% Rhododendronin siirtoistutukset Labidas","description":"Istutus Labidas kasvien istuttamiseen astinlaudoilla. Tallausreunalla varustettu siirtolapio tekee juuri sen, mit\u00e4 nimi sanoo.","robots":{"index":"index","follow":"follow","max-snippet":"max-snippet:-1","max-image-preview":"max-image-preview:large","max-video-preview":"max-video-preview:-1"},"canonical":"https:\/\/rodoaed.ee\/fi\/toode\/uudelleenasettaminen-lapio-jossa-on-astinlauta-reunalla\/","og_locale":"fi_FI","og_type":"article","og_title":"Uudelleenasettaminen Lapio, jossa on astinlauta reunalla","og_description":"Siirtolapio, jossa on kulutuspinta, jossa on kulutuspinta, jossa on kulutuspinta, jossa on kulutuspinnan reuna Soveltuu sek\u00e4 harraste- ett\u00e4","og_url":"https:\/\/rodoaed.ee\/fi\/toode\/uudelleenasettaminen-lapio-jossa-on-astinlauta-reunalla\/","og_site_name":"Rodoaed","article_publisher":"https:\/\/www.facebook.com\/kasvuhooned\/","article_modified_time":"2026-04-13T08:01:48+00:00","og_image":[{"width":3185,"height":3185,"url":"https:\/\/rodoaed.ee\/wp-content\/uploads\/2019\/10\/Aiat\u00f6\u00f6riistad_\u00dcmberistutuse-Labidas_3050-210786_02.jpg","type":"image\/jpeg"}],"twitter_card":"summary_large_image","twitter_misc":{"Arvioitu lukuaika":"1 minuutti"},"schema":{"@context":"https:\/\/schema.org","@graph":[{"@type":"WebPage","@id":"https:\/\/rodoaed.ee\/fi\/toode\/uudelleenasettaminen-lapio-jossa-on-astinlauta-reunalla\/","url":"https:\/\/rodoaed.ee\/fi\/toode\/uudelleenasettaminen-lapio-jossa-on-astinlauta-reunalla\/","name":"Uudelleenasettaminen Lapio, jossa on astinlauta reunalla -% Rhododendronin siirtoistutukset Labidas","isPartOf":{"@id":"https:\/\/rodoaed.ee\/#website"},"primaryImageOfPage":{"@id":"https:\/\/rodoaed.ee\/fi\/toode\/uudelleenasettaminen-lapio-jossa-on-astinlauta-reunalla\/#primaryimage"},"image":{"@id":"https:\/\/rodoaed.ee\/fi\/toode\/uudelleenasettaminen-lapio-jossa-on-astinlauta-reunalla\/#primaryimage"},"thumbnailUrl":"https:\/\/rodoaed.ee\/wp-content\/uploads\/2019\/10\/Aiat\u00f6\u00f6riistad_\u00dcmberistutuse-Labidas_3050-210786_02.jpg","datePublished":"2019-10-04T13:14:27+00:00","dateModified":"2026-04-13T08:01:48+00:00","description":"Istutus Labidas kasvien istuttamiseen astinlaudoilla. Tallausreunalla varustettu siirtolapio tekee juuri sen, mit\u00e4 nimi sanoo.","breadcrumb":{"@id":"https:\/\/rodoaed.ee\/fi\/toode\/uudelleenasettaminen-lapio-jossa-on-astinlauta-reunalla\/#breadcrumb"},"inLanguage":"fi","potentialAction":[{"@type":"ReadAction","target":["https:\/\/rodoaed.ee\/fi\/toode\/uudelleenasettaminen-lapio-jossa-on-astinlauta-reunalla\/"]}]},{"@type":"ImageObject","inLanguage":"fi","@id":"https:\/\/rodoaed.ee\/fi\/toode\/uudelleenasettaminen-lapio-jossa-on-astinlauta-reunalla\/#primaryimage","url":"https:\/\/rodoaed.ee\/wp-content\/uploads\/2019\/10\/Aiat\u00f6\u00f6riistad_\u00dcmberistutuse-Labidas_3050-210786_02.jpg","contentUrl":"https:\/\/rodoaed.ee\/wp-content\/uploads\/2019\/10\/Aiat\u00f6\u00f6riistad_\u00dcmberistutuse-Labidas_3050-210786_02.jpg","width":3185,"height":3185,"caption":"OLYMPUS DIGIKAMERA"},{"@type":"BreadcrumbList","@id":"https:\/\/rodoaed.ee\/fi\/toode\/uudelleenasettaminen-lapio-jossa-on-astinlauta-reunalla\/#breadcrumb","itemListElement":[{"@type":"ListItem","position":1,"name":"Home","item":"https:\/\/rodoaed.ee\/fi\/"},{"@type":"ListItem","position":2,"name":"Osta osoitteessa","item":"https:\/\/rodoaed.ee\/osta-osoitteessa\/"},{"@type":"ListItem","position":3,"name":"Uudelleenasettaminen Lapio, jossa on astinlauta reunalla"}]},{"@type":"WebSite","@id":"https:\/\/rodoaed.ee\/#website","url":"https:\/\/rodoaed.ee\/","name":"Rodoaed","description":"","publisher":{"@id":"https:\/\/rodoaed.ee\/#organization"},"potentialAction":[{"@type":"SearchAction","target":{"@type":"EntryPoint","urlTemplate":"https:\/\/rodoaed.ee\/?s={search_term_string}"},"query-input":{"@type":"PropertyValueSpecification","valueRequired":true,"valueName":"search_term_string"}}],"inLanguage":"fi"},{"@type":"Organization","@id":"https:\/\/rodoaed.ee\/#organization","name":"Rodoaed","url":"https:\/\/rodoaed.ee\/","logo":{"@type":"ImageObject","inLanguage":"fi","@id":"https:\/\/rodoaed.ee\/#\/schema\/logo\/image\/","url":"https:\/\/rodoaed.ee\/wp-content\/uploads\/2019\/11\/rodoaed-logo-ilma-taustata.jpg","contentUrl":"https:\/\/rodoaed.ee\/wp-content\/uploads\/2019\/11\/rodoaed-logo-ilma-taustata.jpg","width":769,"height":268,"caption":"Rodoaed"},"image":{"@id":"https:\/\/rodoaed.ee\/#\/schema\/logo\/image\/"},"sameAs":["https:\/\/www.facebook.com\/kasvuhooned\/","https:\/\/rodoaed.ee"]}]}},"_links":{"self":[{"href":"https:\/\/rodoaed.ee\/fi\/wp-json\/wp\/v2\/product\/53190","targetHints":{"allow":["GET"]}}],"collection":[{"href":"https:\/\/rodoaed.ee\/fi\/wp-json\/wp\/v2\/product"}],"about":[{"href":"https:\/\/rodoaed.ee\/fi\/wp-json\/wp\/v2\/types\/product"}],"wp:featuredmedia":[{"embeddable":true,"href":"https:\/\/rodoaed.ee\/fi\/wp-json\/wp\/v2\/media\/27780"}],"wp:attachment":[{"href":"https:\/\/rodoaed.ee\/fi\/wp-json\/wp\/v2\/media?parent=53190"}],"wp:term":[{"taxonomy":"product_brand","embeddable":true,"href":"https:\/\/rodoaed.ee\/fi\/wp-json\/wp\/v2\/product_brand?post=53190"},{"taxonomy":"product_cat","embeddable":true,"href":"https:\/\/rodoaed.ee\/fi\/wp-json\/wp\/v2\/product_cat?post=53190"},{"taxonomy":"product_tag","embeddable":true,"href":"https:\/\/rodoaed.ee\/fi\/wp-json\/wp\/v2\/product_tag?post=53190"}],"curies":[{"name":"wp","href":"https:\/\/api.w.org\/{rel}","templated":true}]}}