{"id":53191,"date":"2019-10-04T00:47:11","date_gmt":"2019-10-03T21:47:11","guid":{"rendered":"https:\/\/rodoaed.ee\/toode\/flowerpeenra-istutus-lapio\/"},"modified":"2026-04-13T11:01:48","modified_gmt":"2026-04-13T08:01:48","slug":"flowerpeenra-istutus-lapio","status":"publish","type":"product","link":"https:\/\/rodoaed.ee\/fi\/tuote\/flowerpeenra-istutus-lapio\/","title":{"rendered":"Flowerpeenra istutus lapio"},"content":{"rendered":"<h2>Kukkapenkkien istutuslapio sopii sek\u00e4 harrastelijapuutarhurille ett\u00e4 ammattik\u00e4ytt\u00e4j\u00e4lle.<\/h2>\n<p>Tuotekoodi: 4019-140250<\/p>\n<p>Kukkapenkin istutuslapion kapea muoto mahdollistaa mukavan ja turvallisen istuttamisen ja siirt\u00e4misen kukkapenkin muiden kasvien v\u00e4liin vahingoittamatta olemassa olevien kasvien juuria.<\/p>\n<p>Kukkapenkin istutuslapiossa on tuhkakahva. Soveltuu hyvin kaivamiseen, istuttamiseen ja ruukuttamiseen.  <\/p>\n<p><em style=\"font-family: inherit; font-size: inherit; font-variant-caps: inherit;\">Sneeboer &amp; Zn on perinteinen hollantilainen ty\u00f6kaluyritys, joka on valmistanut laadukkaita puutarhaty\u00f6kaluja vuodesta 1913. Sneeboer &amp; Zn valmistaa p\u00e4\u00e4asiassa k\u00e4sin taottuja ruostumattomasta ter\u00e4ksest\u00e4 valmistettuja puutarhaty\u00f6kaluja, joiden k\u00e4ytt\u00f6ik\u00e4 on v\u00e4hint\u00e4\u00e4n yksi sukupolvi. Mutta se, mik\u00e4 tekee heid\u00e4n tuotannostaan hyvin erikoista ja on tehnyt heist\u00e4 maailmankuuluja, on heid\u00e4n sovellusinnovaationsa. T\u00e4m\u00e4 tarkoittaa, ett\u00e4 keksij\u00e4t ymp\u00e4ri maailmaa ovat lis\u00e4nneet omia innovaatioitaan heid\u00e4n tuotevalikoimaansa.    Joskus hyvin innovatiivisia ratkaisuja, joskus melko pieni\u00e4 keksint\u00f6j\u00e4, mutta ne tekev\u00e4t puutarhanhoidosta ja ty\u00f6kalun k\u00e4yt\u00f6st\u00e4 paljon helpompaa.<\/em><\/p>\n<p><em>Voit n\u00e4hd\u00e4 sen itse, kun selaat valikoimaamme.<\/em><\/p>\n<p>Hemmottele itse\u00e4si parhaalla<\/p>\n<h2>Tekniset tiedot:<\/h2>\n<ul>\n<li>Ty\u00f6kalun p\u00e4\u00e4n leveys: 7 cm<\/li>\n<li>Ty\u00f6kalun p\u00e4\u00e4n pituus: 16 cm<\/li>\n<li>Kahvan pituus: 14 cm<\/li>\n<li>Kokonaispituus: 32 cm<\/li>\n<li>Kahvan materiaali: saarni<\/li>\n<li>Paino: 280 g<\/li>\n<\/ul>\n<p>&nbsp;<\/p>\n","protected":false},"excerpt":{"rendered":"<p>Kukkapenkkien istutuslapio sopii sek\u00e4 harrastelijapuutarhurille ett\u00e4 ammattik\u00e4ytt\u00e4j\u00e4lle. Tuotekoodi: 4019-140250 Kukkapenkin istutuslapion kapea muoto mahdollistaa mukavan ja turvallisen istuttamisen ja siirt\u00e4misen kukkapenkin muiden kasvien v\u00e4liin vahingoittamatta olemassa olevien kasvien juuria. Kukkapenkin istutuslapiossa on tuhkakahva. Soveltuu hyvin kaivamiseen, istuttamiseen ja ruukuttamiseen. Sneeboer &amp; Zn on perinteinen hollantilainen ty\u00f6kaluyritys, joka on valmistanut laadukkaita puutarhaty\u00f6kaluja vuodesta 1913. Sneeboer &amp; Zn valmistaa p\u00e4\u00e4asiassa k\u00e4sin taottuja ruostumattomasta ter\u00e4ksest\u00e4 valmistettuja puutarhaty\u00f6kaluja, joiden&#8230;<\/p>\n","protected":false},"featured_media":27749,"template":"","meta":{"_acf_changed":false},"product_brand":[],"product_cat":[1859,1772,1889],"product_tag":[],"class_list":{"0":"post-53191","1":"product","2":"type-product","3":"status-publish","4":"has-post-thumbnail","6":"product_cat-istutuskauhat","7":"product_cat-lahjat-puutarhurille","8":"product_cat-puutarhatyokalut","9":"product_shipping_class-toimitus-1-3-tyopaivan-kuluessa","10":"pa_variatsioon-kahva-10cm-tuhkapuun-kahva","12":"first","13":"instock","14":"sale","15":"taxable","16":"shipping-taxable","17":"purchasable","18":"product-type-simple"},"acf":[],"yoast_head":"<!-- This site is optimized with the Yoast SEO Premium plugin v27.3 (Yoast SEO v27.3) - https:\/\/yoast.com\/product\/yoast-seo-premium-wordpress\/ -->\n<title>Flowerpeenra istutus lapio -% Puutarha Puutarhaty\u00f6kalut Kukkapenkki Istutus Lapio<\/title>\n<meta name=\"description\" content=\"Kukkapenkin istutuslapio on valmistettu ruostumattomasta ter\u00e4ksest\u00e4, ja siin\u00e4 on tuhkapuukahva. Kukkapenkin istutuslapiossa on mukava kapea muoto ja se sopii kukkien istuttamiseen.\" \/>\n<meta name=\"robots\" content=\"index, follow, max-snippet:-1, max-image-preview:large, max-video-preview:-1\" \/>\n<link rel=\"canonical\" href=\"https:\/\/rodoaed.ee\/fi\/toode\/flowerpeenra-istutus-lapio\/\" \/>\n<meta property=\"og:locale\" content=\"fi_FI\" \/>\n<meta property=\"og:type\" content=\"article\" \/>\n<meta property=\"og:title\" content=\"Flowerpeenra istutus lapio\" \/>\n<meta property=\"og:description\" content=\"Kukkapenkkien istutuslapio sopii sek\u00e4 harrastelijapuutarhurille ett\u00e4 ammattik\u00e4ytt\u00e4j\u00e4lle. Tuotekoodi: 4019-140250 Kukkapenkin istutuslapion kapea muoto\" \/>\n<meta property=\"og:url\" content=\"https:\/\/rodoaed.ee\/fi\/toode\/flowerpeenra-istutus-lapio\/\" \/>\n<meta property=\"og:site_name\" content=\"Rodoaed\" \/>\n<meta property=\"article:publisher\" content=\"https:\/\/www.facebook.com\/kasvuhooned\/\" \/>\n<meta property=\"article:modified_time\" content=\"2026-04-13T08:01:48+00:00\" \/>\n<meta property=\"og:image\" content=\"https:\/\/rodoaed.ee\/wp-content\/uploads\/2019\/10\/Lillepeenra-Istutusk\u00fchvel_4019-140250_01.jpg\" \/>\n\t<meta property=\"og:image:width\" content=\"3510\" \/>\n\t<meta property=\"og:image:height\" content=\"3510\" \/>\n\t<meta property=\"og:image:type\" content=\"image\/jpeg\" \/>\n<meta name=\"twitter:card\" content=\"summary_large_image\" \/>\n<meta name=\"twitter:label1\" content=\"Arvioitu lukuaika\" \/>\n\t<meta name=\"twitter:data1\" content=\"1 minuutti\" \/>\n<script type=\"application\/ld+json\" class=\"yoast-schema-graph\">{\"@context\":\"https:\\\/\\\/schema.org\",\"@graph\":[{\"@type\":\"WebPage\",\"@id\":\"https:\\\/\\\/rodoaed.ee\\\/fi\\\/toode\\\/flowerpeenra-istutus-lapio\\\/\",\"url\":\"https:\\\/\\\/rodoaed.ee\\\/fi\\\/toode\\\/flowerpeenra-istutus-lapio\\\/\",\"name\":\"Flowerpeenra istutus lapio -% Puutarha Puutarhaty\u00f6kalut Kukkapenkki Istutus Lapio\",\"isPartOf\":{\"@id\":\"https:\\\/\\\/rodoaed.ee\\\/#website\"},\"primaryImageOfPage\":{\"@id\":\"https:\\\/\\\/rodoaed.ee\\\/fi\\\/toode\\\/flowerpeenra-istutus-lapio\\\/#primaryimage\"},\"image\":{\"@id\":\"https:\\\/\\\/rodoaed.ee\\\/fi\\\/toode\\\/flowerpeenra-istutus-lapio\\\/#primaryimage\"},\"thumbnailUrl\":\"https:\\\/\\\/rodoaed.ee\\\/wp-content\\\/uploads\\\/2019\\\/10\\\/Lillepeenra-Istutusk\u00fchvel_4019-140250_01.jpg\",\"datePublished\":\"2019-10-03T21:47:11+00:00\",\"dateModified\":\"2026-04-13T08:01:48+00:00\",\"description\":\"Kukkapenkin istutuslapio on valmistettu ruostumattomasta ter\u00e4ksest\u00e4, ja siin\u00e4 on tuhkapuukahva. Kukkapenkin istutuslapiossa on mukava kapea muoto ja se sopii kukkien istuttamiseen.\",\"breadcrumb\":{\"@id\":\"https:\\\/\\\/rodoaed.ee\\\/fi\\\/toode\\\/flowerpeenra-istutus-lapio\\\/#breadcrumb\"},\"inLanguage\":\"fi\",\"potentialAction\":[{\"@type\":\"ReadAction\",\"target\":[\"https:\\\/\\\/rodoaed.ee\\\/fi\\\/toode\\\/flowerpeenra-istutus-lapio\\\/\"]}]},{\"@type\":\"ImageObject\",\"inLanguage\":\"fi\",\"@id\":\"https:\\\/\\\/rodoaed.ee\\\/fi\\\/toode\\\/flowerpeenra-istutus-lapio\\\/#primaryimage\",\"url\":\"https:\\\/\\\/rodoaed.ee\\\/wp-content\\\/uploads\\\/2019\\\/10\\\/Lillepeenra-Istutusk\u00fchvel_4019-140250_01.jpg\",\"contentUrl\":\"https:\\\/\\\/rodoaed.ee\\\/wp-content\\\/uploads\\\/2019\\\/10\\\/Lillepeenra-Istutusk\u00fchvel_4019-140250_01.jpg\",\"width\":3510,\"height\":3510,\"caption\":\"OLYMPUS DIGIKAMERA\"},{\"@type\":\"BreadcrumbList\",\"@id\":\"https:\\\/\\\/rodoaed.ee\\\/fi\\\/toode\\\/flowerpeenra-istutus-lapio\\\/#breadcrumb\",\"itemListElement\":[{\"@type\":\"ListItem\",\"position\":1,\"name\":\"Home\",\"item\":\"https:\\\/\\\/rodoaed.ee\\\/fi\\\/\"},{\"@type\":\"ListItem\",\"position\":2,\"name\":\"Osta osoitteessa\",\"item\":\"https:\\\/\\\/rodoaed.ee\\\/osta-osoitteessa\\\/\"},{\"@type\":\"ListItem\",\"position\":3,\"name\":\"Flowerpeenra istutus lapio\"}]},{\"@type\":\"WebSite\",\"@id\":\"https:\\\/\\\/rodoaed.ee\\\/#website\",\"url\":\"https:\\\/\\\/rodoaed.ee\\\/\",\"name\":\"Rodoaed\",\"description\":\"\",\"publisher\":{\"@id\":\"https:\\\/\\\/rodoaed.ee\\\/#organization\"},\"potentialAction\":[{\"@type\":\"SearchAction\",\"target\":{\"@type\":\"EntryPoint\",\"urlTemplate\":\"https:\\\/\\\/rodoaed.ee\\\/?s={search_term_string}\"},\"query-input\":{\"@type\":\"PropertyValueSpecification\",\"valueRequired\":true,\"valueName\":\"search_term_string\"}}],\"inLanguage\":\"fi\"},{\"@type\":\"Organization\",\"@id\":\"https:\\\/\\\/rodoaed.ee\\\/#organization\",\"name\":\"Rodoaed\",\"url\":\"https:\\\/\\\/rodoaed.ee\\\/\",\"logo\":{\"@type\":\"ImageObject\",\"inLanguage\":\"fi\",\"@id\":\"https:\\\/\\\/rodoaed.ee\\\/#\\\/schema\\\/logo\\\/image\\\/\",\"url\":\"https:\\\/\\\/rodoaed.ee\\\/wp-content\\\/uploads\\\/2019\\\/11\\\/rodoaed-logo-ilma-taustata.jpg\",\"contentUrl\":\"https:\\\/\\\/rodoaed.ee\\\/wp-content\\\/uploads\\\/2019\\\/11\\\/rodoaed-logo-ilma-taustata.jpg\",\"width\":769,\"height\":268,\"caption\":\"Rodoaed\"},\"image\":{\"@id\":\"https:\\\/\\\/rodoaed.ee\\\/#\\\/schema\\\/logo\\\/image\\\/\"},\"sameAs\":[\"https:\\\/\\\/www.facebook.com\\\/kasvuhooned\\\/\",\"https:\\\/\\\/rodoaed.ee\"]}]}<\/script>\n<!-- \/ Yoast SEO Premium plugin. -->","yoast_head_json":{"title":"Flowerpeenra istutus lapio -% Puutarha Puutarhaty\u00f6kalut Kukkapenkki Istutus Lapio","description":"Kukkapenkin istutuslapio on valmistettu ruostumattomasta ter\u00e4ksest\u00e4, ja siin\u00e4 on tuhkapuukahva. Kukkapenkin istutuslapiossa on mukava kapea muoto ja se sopii kukkien istuttamiseen.","robots":{"index":"index","follow":"follow","max-snippet":"max-snippet:-1","max-image-preview":"max-image-preview:large","max-video-preview":"max-video-preview:-1"},"canonical":"https:\/\/rodoaed.ee\/fi\/toode\/flowerpeenra-istutus-lapio\/","og_locale":"fi_FI","og_type":"article","og_title":"Flowerpeenra istutus lapio","og_description":"Kukkapenkkien istutuslapio sopii sek\u00e4 harrastelijapuutarhurille ett\u00e4 ammattik\u00e4ytt\u00e4j\u00e4lle. Tuotekoodi: 4019-140250 Kukkapenkin istutuslapion kapea muoto","og_url":"https:\/\/rodoaed.ee\/fi\/toode\/flowerpeenra-istutus-lapio\/","og_site_name":"Rodoaed","article_publisher":"https:\/\/www.facebook.com\/kasvuhooned\/","article_modified_time":"2026-04-13T08:01:48+00:00","og_image":[{"width":3510,"height":3510,"url":"https:\/\/rodoaed.ee\/wp-content\/uploads\/2019\/10\/Lillepeenra-Istutusk\u00fchvel_4019-140250_01.jpg","type":"image\/jpeg"}],"twitter_card":"summary_large_image","twitter_misc":{"Arvioitu lukuaika":"1 minuutti"},"schema":{"@context":"https:\/\/schema.org","@graph":[{"@type":"WebPage","@id":"https:\/\/rodoaed.ee\/fi\/toode\/flowerpeenra-istutus-lapio\/","url":"https:\/\/rodoaed.ee\/fi\/toode\/flowerpeenra-istutus-lapio\/","name":"Flowerpeenra istutus lapio -% Puutarha Puutarhaty\u00f6kalut Kukkapenkki Istutus Lapio","isPartOf":{"@id":"https:\/\/rodoaed.ee\/#website"},"primaryImageOfPage":{"@id":"https:\/\/rodoaed.ee\/fi\/toode\/flowerpeenra-istutus-lapio\/#primaryimage"},"image":{"@id":"https:\/\/rodoaed.ee\/fi\/toode\/flowerpeenra-istutus-lapio\/#primaryimage"},"thumbnailUrl":"https:\/\/rodoaed.ee\/wp-content\/uploads\/2019\/10\/Lillepeenra-Istutusk\u00fchvel_4019-140250_01.jpg","datePublished":"2019-10-03T21:47:11+00:00","dateModified":"2026-04-13T08:01:48+00:00","description":"Kukkapenkin istutuslapio on valmistettu ruostumattomasta ter\u00e4ksest\u00e4, ja siin\u00e4 on tuhkapuukahva. Kukkapenkin istutuslapiossa on mukava kapea muoto ja se sopii kukkien istuttamiseen.","breadcrumb":{"@id":"https:\/\/rodoaed.ee\/fi\/toode\/flowerpeenra-istutus-lapio\/#breadcrumb"},"inLanguage":"fi","potentialAction":[{"@type":"ReadAction","target":["https:\/\/rodoaed.ee\/fi\/toode\/flowerpeenra-istutus-lapio\/"]}]},{"@type":"ImageObject","inLanguage":"fi","@id":"https:\/\/rodoaed.ee\/fi\/toode\/flowerpeenra-istutus-lapio\/#primaryimage","url":"https:\/\/rodoaed.ee\/wp-content\/uploads\/2019\/10\/Lillepeenra-Istutusk\u00fchvel_4019-140250_01.jpg","contentUrl":"https:\/\/rodoaed.ee\/wp-content\/uploads\/2019\/10\/Lillepeenra-Istutusk\u00fchvel_4019-140250_01.jpg","width":3510,"height":3510,"caption":"OLYMPUS DIGIKAMERA"},{"@type":"BreadcrumbList","@id":"https:\/\/rodoaed.ee\/fi\/toode\/flowerpeenra-istutus-lapio\/#breadcrumb","itemListElement":[{"@type":"ListItem","position":1,"name":"Home","item":"https:\/\/rodoaed.ee\/fi\/"},{"@type":"ListItem","position":2,"name":"Osta osoitteessa","item":"https:\/\/rodoaed.ee\/osta-osoitteessa\/"},{"@type":"ListItem","position":3,"name":"Flowerpeenra istutus lapio"}]},{"@type":"WebSite","@id":"https:\/\/rodoaed.ee\/#website","url":"https:\/\/rodoaed.ee\/","name":"Rodoaed","description":"","publisher":{"@id":"https:\/\/rodoaed.ee\/#organization"},"potentialAction":[{"@type":"SearchAction","target":{"@type":"EntryPoint","urlTemplate":"https:\/\/rodoaed.ee\/?s={search_term_string}"},"query-input":{"@type":"PropertyValueSpecification","valueRequired":true,"valueName":"search_term_string"}}],"inLanguage":"fi"},{"@type":"Organization","@id":"https:\/\/rodoaed.ee\/#organization","name":"Rodoaed","url":"https:\/\/rodoaed.ee\/","logo":{"@type":"ImageObject","inLanguage":"fi","@id":"https:\/\/rodoaed.ee\/#\/schema\/logo\/image\/","url":"https:\/\/rodoaed.ee\/wp-content\/uploads\/2019\/11\/rodoaed-logo-ilma-taustata.jpg","contentUrl":"https:\/\/rodoaed.ee\/wp-content\/uploads\/2019\/11\/rodoaed-logo-ilma-taustata.jpg","width":769,"height":268,"caption":"Rodoaed"},"image":{"@id":"https:\/\/rodoaed.ee\/#\/schema\/logo\/image\/"},"sameAs":["https:\/\/www.facebook.com\/kasvuhooned\/","https:\/\/rodoaed.ee"]}]}},"_links":{"self":[{"href":"https:\/\/rodoaed.ee\/fi\/wp-json\/wp\/v2\/product\/53191","targetHints":{"allow":["GET"]}}],"collection":[{"href":"https:\/\/rodoaed.ee\/fi\/wp-json\/wp\/v2\/product"}],"about":[{"href":"https:\/\/rodoaed.ee\/fi\/wp-json\/wp\/v2\/types\/product"}],"wp:featuredmedia":[{"embeddable":true,"href":"https:\/\/rodoaed.ee\/fi\/wp-json\/wp\/v2\/media\/27749"}],"wp:attachment":[{"href":"https:\/\/rodoaed.ee\/fi\/wp-json\/wp\/v2\/media?parent=53191"}],"wp:term":[{"taxonomy":"product_brand","embeddable":true,"href":"https:\/\/rodoaed.ee\/fi\/wp-json\/wp\/v2\/product_brand?post=53191"},{"taxonomy":"product_cat","embeddable":true,"href":"https:\/\/rodoaed.ee\/fi\/wp-json\/wp\/v2\/product_cat?post=53191"},{"taxonomy":"product_tag","embeddable":true,"href":"https:\/\/rodoaed.ee\/fi\/wp-json\/wp\/v2\/product_tag?post=53191"}],"curies":[{"name":"wp","href":"https:\/\/api.w.org\/{rel}","templated":true}]}}