{"id":53192,"date":"2019-10-05T23:13:19","date_gmt":"2019-10-05T20:13:19","guid":{"rendered":"https:\/\/rodoaed.ee\/toode\/aurajunan-aloituspakkaus-matkustajajuna\/"},"modified":"2026-04-13T11:01:48","modified_gmt":"2026-04-13T08:01:48","slug":"aurajunan-aloituspakkaus-matkustajajuna","status":"publish","type":"product","link":"https:\/\/rodoaed.ee\/fi\/tuote\/aurajunan-aloituspakkaus-matkustajajuna\/","title":{"rendered":"Aurajunan aloituspakkaus &#8211; matkustajajuna"},"content":{"rendered":"<h2>Puutarhajunan aloituspakkaus koko perheelle<\/h2>\n<h2>T\u00e4ydellinen lahja \u00e4lykkyyden kehitt\u00e4miseen<\/h2>\n<p>T\u00e4m\u00e4 puutarhajunien aloituspakkaus sis\u00e4lt\u00e4\u00e4 kaiken, mit\u00e4 tarvitset p\u00e4\u00e4st\u00e4ksesi LGB-puutarhajunien j\u00e4nnitt\u00e4v\u00e4\u00e4n maailmaan. Sarjan mukana saat tehokkaan moottoroidun h\u00f6yryveturin &#8221;Stainz&#8221;, jossa on elektroniset \u00e4\u00e4nitehosteet, kuten h\u00f6yryveturin k\u00e4ynti\u00e4\u00e4net ja savugeneraattori. Savugeneraattori antaa aidon h\u00f6yryefektin. Setti sis\u00e4lt\u00e4\u00e4 my\u00f6s kaksi matkustajajunan vaunua, teemakohtaisia ja mittakaavaisia figuureja. Tietenkin virtal\u00e4hde ja ohjauspaneeli. T\u00e4ysi raidekeh\u00e4 (1290 mm halkaisijaltaan oleva keh\u00e4). Junan kokonaispituus vaunuineen on 85cm. Kokoa vain ja aloita ajaminen!       <\/p>\n<p>Saksalainen M\u00e4rklin on pienoisrautatiekuljetusten perustaja vuodesta 1859 l\u00e4htien ja edelleen alan ehdoton johtaja. LGB-puutarhajunasarja on oikeassa mittakaavassa (1:22,5), eli ei liian pieni, vaan juuri sopiva puutarhaan. Aloitussarjat ovat paras tapa aloittaa mallijunien harrastaminen. Eritt\u00e4in kehitt\u00e4v\u00e4\u00e4 toimintaa nuorelle. Tuo nuoret pois tietokoneiden \u00e4\u00e4relt\u00e4.    <\/p>\n<p>LGB-luokan puutarhajunat ovat kaikki mittakaavassa 1:22,5, ja ne ovat melko tarkkoja ja mittakaavan mukaisia. Koska ne ovat puutarhajunia, ne soveltuvat ajettaviksi ulkona k\u00e4yt\u00e4nn\u00f6ss\u00e4 mill\u00e4 tahansa s\u00e4\u00e4ll\u00e4. T\u00e4m\u00e4 tarkoittaa, ett\u00e4 sade ei vaikuta niihin, ja jotkut harrastajat k\u00e4ytt\u00e4v\u00e4t niit\u00e4 talvella.  <\/p>\n<h2>T\u00e4rkeimm\u00e4t ominaisuudet:<\/h2>\n<div>\n<ul>\n<li>K\u00e4ytt\u00f6valmis aloituspakkaus, kaikki tarvittava mukana<\/li>\n<li>Nopea ja helppo asentaa kiskorengas<\/li>\n<li>Aloitussarjaa voidaan helposti laajentaa ratojen ja junien osalta.<\/li>\n<li>Sopii 15-vuotiaille ja sit\u00e4 vanhemmille, mutta vanhempien kanssa se on tietysti perhejuna, josta kaikki voivat nauttia.<\/li>\n<\/ul>\n<p>Lis\u00e4\u00e4 tuotteita <a href=\"https:\/\/rodoaed.ee\/fi\/tootekategooria\/harrastukset-ja-lelut\/aiarongid\/\">Puutarha junat<\/a><\/p>\n<\/div>\n","protected":false},"excerpt":{"rendered":"<p>Puutarhajunan aloituspakkaus koko perheelle T\u00e4ydellinen lahja \u00e4lykkyyden kehitt\u00e4miseen T\u00e4m\u00e4 puutarhajunien aloituspakkaus sis\u00e4lt\u00e4\u00e4 kaiken, mit\u00e4 tarvitset p\u00e4\u00e4st\u00e4ksesi LGB-puutarhajunien j\u00e4nnitt\u00e4v\u00e4\u00e4n maailmaan. Sarjan mukana saat tehokkaan moottoroidun h\u00f6yryveturin &#8221;Stainz&#8221;, jossa on elektroniset \u00e4\u00e4nitehosteet, kuten h\u00f6yryveturin k\u00e4ynti\u00e4\u00e4net ja savugeneraattori. Savugeneraattori antaa aidon h\u00f6yryefektin. Setti sis\u00e4lt\u00e4\u00e4 my\u00f6s kaksi matkustajajunan vaunua, teemakohtaisia ja mittakaavaisia figuureja. Tietenkin virtal\u00e4hde ja ohjauspaneeli. T\u00e4ysi raidekeh\u00e4 (1290 mm halkaisijaltaan oleva keh\u00e4). Junan kokonaispituus vaunuineen on 85cm&#8230;.<\/p>\n","protected":false},"featured_media":27805,"template":"","meta":{"_acf_changed":false},"product_brand":[],"product_cat":[2192,1763,1743],"product_tag":[],"class_list":{"0":"post-53192","1":"product","2":"type-product","3":"status-publish","4":"has-post-thumbnail","6":"product_cat-aiarongid","7":"product_cat-harrastukset-ja-lelut","8":"product_cat-lisalahjat-lahjat","9":"product_shipping_class-toimitus-5-7-tyopaivan-kuluessa","10":"pa_variatsioon-junamalli-tavarajunan-aloitussarja","12":"first","13":"outofstock","14":"taxable","15":"shipping-taxable","16":"purchasable","17":"product-type-simple"},"acf":[],"yoast_head":"<!-- This site is optimized with the Yoast SEO Premium plugin v27.3 (Yoast SEO v27.3) - https:\/\/yoast.com\/product\/yoast-seo-premium-wordpress\/ -->\n<title>Aurajunan aloituspakkaus - matkustajajuna% % -% Rodoaed% gardens<\/title>\n<meta name=\"description\" content=\"Puutarhajunan aloituspakkaus on paras tapa p\u00e4\u00e4st\u00e4 alkuun t\u00e4m\u00e4n j\u00e4nnitt\u00e4v\u00e4n aiheen parissa. Puutarhajunan aloituspakkaus on aina halvempi kuin erikseen ostettuna.\" \/>\n<meta name=\"robots\" content=\"index, follow, max-snippet:-1, max-image-preview:large, max-video-preview:-1\" \/>\n<link rel=\"canonical\" href=\"https:\/\/rodoaed.ee\/fi\/toode\/aurajunan-aloituspakkaus-matkustajajuna\/\" \/>\n<meta property=\"og:locale\" content=\"fi_FI\" \/>\n<meta property=\"og:type\" content=\"article\" \/>\n<meta property=\"og:title\" content=\"Aurajunan aloituspakkaus - matkustajajuna\" \/>\n<meta property=\"og:description\" content=\"Puutarhajunan aloituspakkaus koko perheelle T\u00e4ydellinen lahja \u00e4lykkyyden kehitt\u00e4miseen T\u00e4m\u00e4 puutarhajunien aloituspakkaus sis\u00e4lt\u00e4\u00e4 kaiken, mit\u00e4 tarvitset\" \/>\n<meta property=\"og:url\" content=\"https:\/\/rodoaed.ee\/fi\/toode\/aurajunan-aloituspakkaus-matkustajajuna\/\" \/>\n<meta property=\"og:site_name\" content=\"Rodoaed\" \/>\n<meta property=\"article:publisher\" content=\"https:\/\/www.facebook.com\/kasvuhooned\/\" \/>\n<meta property=\"article:modified_time\" content=\"2026-04-13T08:01:48+00:00\" \/>\n<meta property=\"og:image\" content=\"https:\/\/rodoaed.ee\/wp-content\/uploads\/2019\/10\/aiarongid_LGB-stardikas_01.jpg\" \/>\n\t<meta property=\"og:image:width\" content=\"1500\" \/>\n\t<meta property=\"og:image:height\" content=\"1069\" \/>\n\t<meta property=\"og:image:type\" content=\"image\/jpeg\" \/>\n<meta name=\"twitter:card\" content=\"summary_large_image\" \/>\n<meta name=\"twitter:label1\" content=\"Arvioitu lukuaika\" \/>\n\t<meta name=\"twitter:data1\" content=\"1 minuutti\" \/>\n<script type=\"application\/ld+json\" class=\"yoast-schema-graph\">{\"@context\":\"https:\\\/\\\/schema.org\",\"@graph\":[{\"@type\":\"WebPage\",\"@id\":\"https:\\\/\\\/rodoaed.ee\\\/fi\\\/toode\\\/aurajunan-aloituspakkaus-matkustajajuna\\\/\",\"url\":\"https:\\\/\\\/rodoaed.ee\\\/fi\\\/toode\\\/aurajunan-aloituspakkaus-matkustajajuna\\\/\",\"name\":\"Aurajunan aloituspakkaus - matkustajajuna% % -% Rodoaed% gardens\",\"isPartOf\":{\"@id\":\"https:\\\/\\\/rodoaed.ee\\\/#website\"},\"primaryImageOfPage\":{\"@id\":\"https:\\\/\\\/rodoaed.ee\\\/fi\\\/toode\\\/aurajunan-aloituspakkaus-matkustajajuna\\\/#primaryimage\"},\"image\":{\"@id\":\"https:\\\/\\\/rodoaed.ee\\\/fi\\\/toode\\\/aurajunan-aloituspakkaus-matkustajajuna\\\/#primaryimage\"},\"thumbnailUrl\":\"https:\\\/\\\/rodoaed.ee\\\/wp-content\\\/uploads\\\/2019\\\/10\\\/aiarongid_LGB-stardikas_01.jpg\",\"datePublished\":\"2019-10-05T20:13:19+00:00\",\"dateModified\":\"2026-04-13T08:01:48+00:00\",\"description\":\"Puutarhajunan aloituspakkaus on paras tapa p\u00e4\u00e4st\u00e4 alkuun t\u00e4m\u00e4n j\u00e4nnitt\u00e4v\u00e4n aiheen parissa. Puutarhajunan aloituspakkaus on aina halvempi kuin erikseen ostettuna.\",\"breadcrumb\":{\"@id\":\"https:\\\/\\\/rodoaed.ee\\\/fi\\\/toode\\\/aurajunan-aloituspakkaus-matkustajajuna\\\/#breadcrumb\"},\"inLanguage\":\"fi\",\"potentialAction\":[{\"@type\":\"ReadAction\",\"target\":[\"https:\\\/\\\/rodoaed.ee\\\/fi\\\/toode\\\/aurajunan-aloituspakkaus-matkustajajuna\\\/\"]}]},{\"@type\":\"ImageObject\",\"inLanguage\":\"fi\",\"@id\":\"https:\\\/\\\/rodoaed.ee\\\/fi\\\/toode\\\/aurajunan-aloituspakkaus-matkustajajuna\\\/#primaryimage\",\"url\":\"https:\\\/\\\/rodoaed.ee\\\/wp-content\\\/uploads\\\/2019\\\/10\\\/aiarongid_LGB-stardikas_01.jpg\",\"contentUrl\":\"https:\\\/\\\/rodoaed.ee\\\/wp-content\\\/uploads\\\/2019\\\/10\\\/aiarongid_LGB-stardikas_01.jpg\",\"width\":1500,\"height\":1069,\"caption\":\"Aurajunan aloituspakkaus\"},{\"@type\":\"BreadcrumbList\",\"@id\":\"https:\\\/\\\/rodoaed.ee\\\/fi\\\/toode\\\/aurajunan-aloituspakkaus-matkustajajuna\\\/#breadcrumb\",\"itemListElement\":[{\"@type\":\"ListItem\",\"position\":1,\"name\":\"Home\",\"item\":\"https:\\\/\\\/rodoaed.ee\\\/fi\\\/\"},{\"@type\":\"ListItem\",\"position\":2,\"name\":\"Osta osoitteessa\",\"item\":\"https:\\\/\\\/rodoaed.ee\\\/osta-osoitteessa\\\/\"},{\"@type\":\"ListItem\",\"position\":3,\"name\":\"Aurajunan aloituspakkaus &#8211; matkustajajuna\"}]},{\"@type\":\"WebSite\",\"@id\":\"https:\\\/\\\/rodoaed.ee\\\/#website\",\"url\":\"https:\\\/\\\/rodoaed.ee\\\/\",\"name\":\"Rodoaed\",\"description\":\"\",\"publisher\":{\"@id\":\"https:\\\/\\\/rodoaed.ee\\\/#organization\"},\"potentialAction\":[{\"@type\":\"SearchAction\",\"target\":{\"@type\":\"EntryPoint\",\"urlTemplate\":\"https:\\\/\\\/rodoaed.ee\\\/?s={search_term_string}\"},\"query-input\":{\"@type\":\"PropertyValueSpecification\",\"valueRequired\":true,\"valueName\":\"search_term_string\"}}],\"inLanguage\":\"fi\"},{\"@type\":\"Organization\",\"@id\":\"https:\\\/\\\/rodoaed.ee\\\/#organization\",\"name\":\"Rodoaed\",\"url\":\"https:\\\/\\\/rodoaed.ee\\\/\",\"logo\":{\"@type\":\"ImageObject\",\"inLanguage\":\"fi\",\"@id\":\"https:\\\/\\\/rodoaed.ee\\\/#\\\/schema\\\/logo\\\/image\\\/\",\"url\":\"https:\\\/\\\/rodoaed.ee\\\/wp-content\\\/uploads\\\/2019\\\/11\\\/rodoaed-logo-ilma-taustata.jpg\",\"contentUrl\":\"https:\\\/\\\/rodoaed.ee\\\/wp-content\\\/uploads\\\/2019\\\/11\\\/rodoaed-logo-ilma-taustata.jpg\",\"width\":769,\"height\":268,\"caption\":\"Rodoaed\"},\"image\":{\"@id\":\"https:\\\/\\\/rodoaed.ee\\\/#\\\/schema\\\/logo\\\/image\\\/\"},\"sameAs\":[\"https:\\\/\\\/www.facebook.com\\\/kasvuhooned\\\/\",\"https:\\\/\\\/rodoaed.ee\"]}]}<\/script>\n<!-- \/ Yoast SEO Premium plugin. -->","yoast_head_json":{"title":"Aurajunan aloituspakkaus - matkustajajuna% % -% Rodoaed% gardens","description":"Puutarhajunan aloituspakkaus on paras tapa p\u00e4\u00e4st\u00e4 alkuun t\u00e4m\u00e4n j\u00e4nnitt\u00e4v\u00e4n aiheen parissa. Puutarhajunan aloituspakkaus on aina halvempi kuin erikseen ostettuna.","robots":{"index":"index","follow":"follow","max-snippet":"max-snippet:-1","max-image-preview":"max-image-preview:large","max-video-preview":"max-video-preview:-1"},"canonical":"https:\/\/rodoaed.ee\/fi\/toode\/aurajunan-aloituspakkaus-matkustajajuna\/","og_locale":"fi_FI","og_type":"article","og_title":"Aurajunan aloituspakkaus - matkustajajuna","og_description":"Puutarhajunan aloituspakkaus koko perheelle T\u00e4ydellinen lahja \u00e4lykkyyden kehitt\u00e4miseen T\u00e4m\u00e4 puutarhajunien aloituspakkaus sis\u00e4lt\u00e4\u00e4 kaiken, mit\u00e4 tarvitset","og_url":"https:\/\/rodoaed.ee\/fi\/toode\/aurajunan-aloituspakkaus-matkustajajuna\/","og_site_name":"Rodoaed","article_publisher":"https:\/\/www.facebook.com\/kasvuhooned\/","article_modified_time":"2026-04-13T08:01:48+00:00","og_image":[{"width":1500,"height":1069,"url":"https:\/\/rodoaed.ee\/wp-content\/uploads\/2019\/10\/aiarongid_LGB-stardikas_01.jpg","type":"image\/jpeg"}],"twitter_card":"summary_large_image","twitter_misc":{"Arvioitu lukuaika":"1 minuutti"},"schema":{"@context":"https:\/\/schema.org","@graph":[{"@type":"WebPage","@id":"https:\/\/rodoaed.ee\/fi\/toode\/aurajunan-aloituspakkaus-matkustajajuna\/","url":"https:\/\/rodoaed.ee\/fi\/toode\/aurajunan-aloituspakkaus-matkustajajuna\/","name":"Aurajunan aloituspakkaus - matkustajajuna% % -% Rodoaed% gardens","isPartOf":{"@id":"https:\/\/rodoaed.ee\/#website"},"primaryImageOfPage":{"@id":"https:\/\/rodoaed.ee\/fi\/toode\/aurajunan-aloituspakkaus-matkustajajuna\/#primaryimage"},"image":{"@id":"https:\/\/rodoaed.ee\/fi\/toode\/aurajunan-aloituspakkaus-matkustajajuna\/#primaryimage"},"thumbnailUrl":"https:\/\/rodoaed.ee\/wp-content\/uploads\/2019\/10\/aiarongid_LGB-stardikas_01.jpg","datePublished":"2019-10-05T20:13:19+00:00","dateModified":"2026-04-13T08:01:48+00:00","description":"Puutarhajunan aloituspakkaus on paras tapa p\u00e4\u00e4st\u00e4 alkuun t\u00e4m\u00e4n j\u00e4nnitt\u00e4v\u00e4n aiheen parissa. Puutarhajunan aloituspakkaus on aina halvempi kuin erikseen ostettuna.","breadcrumb":{"@id":"https:\/\/rodoaed.ee\/fi\/toode\/aurajunan-aloituspakkaus-matkustajajuna\/#breadcrumb"},"inLanguage":"fi","potentialAction":[{"@type":"ReadAction","target":["https:\/\/rodoaed.ee\/fi\/toode\/aurajunan-aloituspakkaus-matkustajajuna\/"]}]},{"@type":"ImageObject","inLanguage":"fi","@id":"https:\/\/rodoaed.ee\/fi\/toode\/aurajunan-aloituspakkaus-matkustajajuna\/#primaryimage","url":"https:\/\/rodoaed.ee\/wp-content\/uploads\/2019\/10\/aiarongid_LGB-stardikas_01.jpg","contentUrl":"https:\/\/rodoaed.ee\/wp-content\/uploads\/2019\/10\/aiarongid_LGB-stardikas_01.jpg","width":1500,"height":1069,"caption":"Aurajunan aloituspakkaus"},{"@type":"BreadcrumbList","@id":"https:\/\/rodoaed.ee\/fi\/toode\/aurajunan-aloituspakkaus-matkustajajuna\/#breadcrumb","itemListElement":[{"@type":"ListItem","position":1,"name":"Home","item":"https:\/\/rodoaed.ee\/fi\/"},{"@type":"ListItem","position":2,"name":"Osta osoitteessa","item":"https:\/\/rodoaed.ee\/osta-osoitteessa\/"},{"@type":"ListItem","position":3,"name":"Aurajunan aloituspakkaus &#8211; matkustajajuna"}]},{"@type":"WebSite","@id":"https:\/\/rodoaed.ee\/#website","url":"https:\/\/rodoaed.ee\/","name":"Rodoaed","description":"","publisher":{"@id":"https:\/\/rodoaed.ee\/#organization"},"potentialAction":[{"@type":"SearchAction","target":{"@type":"EntryPoint","urlTemplate":"https:\/\/rodoaed.ee\/?s={search_term_string}"},"query-input":{"@type":"PropertyValueSpecification","valueRequired":true,"valueName":"search_term_string"}}],"inLanguage":"fi"},{"@type":"Organization","@id":"https:\/\/rodoaed.ee\/#organization","name":"Rodoaed","url":"https:\/\/rodoaed.ee\/","logo":{"@type":"ImageObject","inLanguage":"fi","@id":"https:\/\/rodoaed.ee\/#\/schema\/logo\/image\/","url":"https:\/\/rodoaed.ee\/wp-content\/uploads\/2019\/11\/rodoaed-logo-ilma-taustata.jpg","contentUrl":"https:\/\/rodoaed.ee\/wp-content\/uploads\/2019\/11\/rodoaed-logo-ilma-taustata.jpg","width":769,"height":268,"caption":"Rodoaed"},"image":{"@id":"https:\/\/rodoaed.ee\/#\/schema\/logo\/image\/"},"sameAs":["https:\/\/www.facebook.com\/kasvuhooned\/","https:\/\/rodoaed.ee"]}]}},"_links":{"self":[{"href":"https:\/\/rodoaed.ee\/fi\/wp-json\/wp\/v2\/product\/53192","targetHints":{"allow":["GET"]}}],"collection":[{"href":"https:\/\/rodoaed.ee\/fi\/wp-json\/wp\/v2\/product"}],"about":[{"href":"https:\/\/rodoaed.ee\/fi\/wp-json\/wp\/v2\/types\/product"}],"wp:featuredmedia":[{"embeddable":true,"href":"https:\/\/rodoaed.ee\/fi\/wp-json\/wp\/v2\/media\/27805"}],"wp:attachment":[{"href":"https:\/\/rodoaed.ee\/fi\/wp-json\/wp\/v2\/media?parent=53192"}],"wp:term":[{"taxonomy":"product_brand","embeddable":true,"href":"https:\/\/rodoaed.ee\/fi\/wp-json\/wp\/v2\/product_brand?post=53192"},{"taxonomy":"product_cat","embeddable":true,"href":"https:\/\/rodoaed.ee\/fi\/wp-json\/wp\/v2\/product_cat?post=53192"},{"taxonomy":"product_tag","embeddable":true,"href":"https:\/\/rodoaed.ee\/fi\/wp-json\/wp\/v2\/product_tag?post=53192"}],"curies":[{"name":"wp","href":"https:\/\/api.w.org\/{rel}","templated":true}]}}