{"id":53195,"date":"2019-10-06T00:14:12","date_gmt":"2019-10-05T21:14:12","guid":{"rendered":"https:\/\/rodoaed.ee\/toode\/aiarong-lgb-50-vuotisjuhlasarja\/"},"modified":"2026-04-13T11:01:52","modified_gmt":"2026-04-13T08:01:52","slug":"aiarong-lgb-50-vuotisjuhlasarja","status":"publish","type":"product","link":"https:\/\/rodoaed.ee\/fi\/tuote\/aiarong-lgb-50-vuotisjuhlasarja\/","title":{"rendered":"Aiarong LGB 50-vuotisjuhlasarja"},"content":{"rendered":"<h2>Aiarong LGB 50-vuotisjuhlasarja<\/h2>\n<h2>LGB:n 50-vuotisjuhlavuoden kunniaksi vuonna 2018 tuotettu ainutkertainen sarja. Kun tehtaan varastot loppuvat, niit\u00e4 ei en\u00e4\u00e4 valmisteta. <\/h2>\n<p>&#8221;Aiarong LGB 50&#8221; -malli on niin sanottu &#8221;tehdasjuna&#8221;, joka seisoi monta vuotta LGB:n N\u00fcrnbergin tehtaan edess\u00e4. Juna koostuu h\u00f6yryveturista, jonka sarjanumero on 99 5606 ja joka on maalattu t\u00e4sm\u00e4lleen sellaiseksi kuin alkuper\u00e4inen oli 70-luvulla. Veturin tehtaan metallilevyt ovat my\u00f6s erikseen mallissa mukana. Veturi on varustettu tehokkaalla kuulalaakeroidulla B\u00fchler-moottorilla ja mfx\/DCC-dekooderilla, jossa on monia digitaalisesti ohjattavia toimintoja ja \u00e4\u00e4nitehosteita. Veturissa on sis\u00e4\u00e4nrakennettu savugeneraattori, joka toimii synkronoidusti py\u00f6rien liikkeen kanssa, aivan kuten oikeassa veturissa.    <\/p>\n<p>Veturin etu- ja takavalot ovat digitaalisesti ohjatut ja kytkeytyv\u00e4t automaattisesti veturin kulkusuunnan mukaan. Veturia voidaan ohjata my\u00f6s analogisella ohjauksella, jolloin valot kytkeytyv\u00e4t p\u00e4\u00e4lle. Ohjaamon valaistusta voidaan ohjata digitaalisesti. Veturin k\u00e4ytt\u00f6silmukat toimivat my\u00f6s analogisella ohjauksella.   <\/p>\n<p>Kaksiakselinen tavaravaunu (gondoli) on maalattu 70-luvun prototyypin mukaisesti, ja siin\u00e4 on saranoitu liikuteltava katto. Vaunussa on erikseen kiinnitetty jarrupy\u00f6r\u00e4 k\u00e4sijarrua varten. <\/p>\n<p>Kaksiakselinen suljettu tavaravaunu on numero 448, ja se on maalattu valkoiseksi ja varustettu 70-luvun kirjaimilla. Vaunussa on alkuper\u00e4isen tapaan erikseen kiinnitetty k\u00e4sijarrupy\u00f6r\u00e4 ja jarrupalat vain py\u00f6rien sis\u00e4puolella. <\/p>\n<p>Kolmas vaunu &#8211; kaksiakselinen laatikkovaunu &#8211; on numero 336. Se on maalattu ruskeaksi ja siin\u00e4 on kirjaimet kuten 70-luvulla. Kuten alkuper\u00e4isess\u00e4 vaunussa, vaunussa on erikseen kiinnitetty k\u00e4sijarrupy\u00f6r\u00e4 ja jarrupalat vain py\u00f6rien sis\u00e4puolella. <\/p>\n<p>Junan kokonaispituus on 115cm<\/p>\n<h4>NB Sis\u00e4lt\u00e4\u00e4 kirjan &#8221;50-vuotishistoria LGB Garden Trains&#8221;.<\/h4>\n<p>Saksalainen M\u00e4rklin on pienoisrautatiekuljetusten perustaja vuodesta 1859 l\u00e4htien ja edelleen alan ehdoton johtaja. LGB-puutarhajunasarja on oikeassa mittakaavassa (1:22,5), eli ei liian pieni, vaan juuri sopiva puutarhaan. Aloitussarjat ovat paras tapa p\u00e4\u00e4st\u00e4 alkuun mallijunien parissa. Eritt\u00e4in kehitt\u00e4v\u00e4\u00e4 toimintaa nuorelle. Tuo nuoret pois tietokoneiden \u00e4\u00e4relt\u00e4.    <\/p>\n<p>LGB-luokan puutarhajunat ovat kaikki mittakaavassa 1:22,5, ja ne ovat melko tarkkoja ja mittakaavan mukaisia. Koska ne ovat puutarhajunia, ne soveltuvat ajettaviksi ulkona k\u00e4yt\u00e4nn\u00f6ss\u00e4 mill\u00e4 tahansa s\u00e4\u00e4ll\u00e4. T\u00e4m\u00e4 tarkoittaa, ett\u00e4 sade ei vaikuta niihin, ja jotkut harrastajat k\u00e4ytt\u00e4v\u00e4t niit\u00e4 talvella.  <\/p>\n<h2>T\u00e4rkeimm\u00e4t ominaisuudet:<\/h2>\n<div>\n<ul>\n<li>Junasarja eli veturi ja vaunut. Ilman kiskoja, ohjausta ja muita lis\u00e4varusteita. <\/li>\n<li>Voidaan ohjata sek\u00e4 digitaalisella kaukos\u00e4\u00e4timell\u00e4 ett\u00e4 analogisella kaukos\u00e4\u00e4timell\u00e4 (vain v\u00e4hemm\u00e4n ominaisuuksia kuin digitaalisella kaukos\u00e4\u00e4timell\u00e4).<\/li>\n<li>Sopii k\u00e4ytett\u00e4v\u00e4ksi 15-vuotiaasta alkaen<\/li>\n<\/ul>\n<p>Lis\u00e4\u00e4 tuotteita <a href=\"https:\/\/rodoaed.ee\/fi\/tootekategooria\/harrastukset-ja-lelut\/aiarongid\/\">Puutarha junat<\/a><\/p>\n<\/div>\n","protected":false},"excerpt":{"rendered":"<p>Aiarong LGB 50-vuotisjuhlasarja LGB:n 50-vuotisjuhlavuoden kunniaksi vuonna 2018 tuotettu ainutkertainen sarja. Kun tehtaan varastot loppuvat, niit\u00e4 ei en\u00e4\u00e4 valmisteta. &#8221;Aiarong LGB 50&#8221; -malli on niin sanottu &#8221;tehdasjuna&#8221;, joka seisoi monta vuotta LGB:n N\u00fcrnbergin tehtaan edess\u00e4. Juna koostuu h\u00f6yryveturista, jonka sarjanumero on 99 5606 ja joka on maalattu t\u00e4sm\u00e4lleen sellaiseksi kuin alkuper\u00e4inen oli 70-luvulla. Veturin tehtaan metallilevyt ovat my\u00f6s erikseen mallissa mukana. Veturi on varustettu tehokkaalla&#8230;<\/p>\n","protected":false},"featured_media":27829,"template":"","meta":{"_acf_changed":false},"product_brand":[],"product_cat":[2192,1763],"product_tag":[],"class_list":{"0":"post-53195","1":"product","2":"type-product","3":"status-publish","4":"has-post-thumbnail","6":"product_cat-aiarongid","7":"product_cat-harrastukset-ja-lelut","8":"product_shipping_class-toimitus-5-7-tyopaivan-kuluessa","9":"pa_variatsioon-junamalli-tavarajunan-aloitussarja","11":"first","12":"onbackorder","13":"sale","14":"taxable","15":"shipping-taxable","16":"purchasable","17":"product-type-simple"},"acf":[],"yoast_head":"<!-- This site is optimized with the Yoast SEO Premium plugin v27.3 (Yoast SEO v27.3) - https:\/\/yoast.com\/product\/yoast-seo-premium-wordpress\/ -->\n<title>Aiarong LGB 50-vuotisjuhlasarja% % -% Rodoaed% gardens<\/title>\n<meta name=\"description\" content=\"Garden Train LGB 50 anniversary set on arvokas ja yksityiskohtainen junasarja. Aiarong LGB 50 anniversary setiss\u00e4 on paljon digitaalisia ominaisuuksia.\" \/>\n<meta name=\"robots\" content=\"index, follow, max-snippet:-1, max-image-preview:large, max-video-preview:-1\" \/>\n<link rel=\"canonical\" href=\"https:\/\/rodoaed.ee\/fi\/toode\/aiarong-lgb-50-vuotisjuhlasarja\/\" \/>\n<meta property=\"og:locale\" content=\"fi_FI\" \/>\n<meta property=\"og:type\" content=\"article\" \/>\n<meta property=\"og:title\" content=\"Aiarong LGB 50-vuotisjuhlasarja\" \/>\n<meta property=\"og:description\" content=\"Aiarong LGB 50-vuotisjuhlasarja LGB:n 50-vuotisjuhlavuoden kunniaksi vuonna 2018 tuotettu ainutkertainen sarja. Kun tehtaan varastot loppuvat, niit\u00e4 ei\" \/>\n<meta property=\"og:url\" content=\"https:\/\/rodoaed.ee\/fi\/toode\/aiarong-lgb-50-vuotisjuhlasarja\/\" \/>\n<meta property=\"og:site_name\" content=\"Rodoaed\" \/>\n<meta property=\"article:publisher\" content=\"https:\/\/www.facebook.com\/kasvuhooned\/\" \/>\n<meta property=\"article:modified_time\" content=\"2026-04-13T08:01:52+00:00\" \/>\n<meta property=\"og:image\" content=\"https:\/\/rodoaed.ee\/wp-content\/uploads\/2019\/10\/aiarongid_LGB-stardikas_50-juubelirong_01.jpg\" \/>\n\t<meta property=\"og:image:width\" content=\"1500\" \/>\n\t<meta property=\"og:image:height\" content=\"1069\" \/>\n\t<meta property=\"og:image:type\" content=\"image\/jpeg\" \/>\n<meta name=\"twitter:card\" content=\"summary_large_image\" \/>\n<meta name=\"twitter:label1\" content=\"Arvioitu lukuaika\" \/>\n\t<meta name=\"twitter:data1\" content=\"2 minuuttia\" \/>\n<script type=\"application\/ld+json\" class=\"yoast-schema-graph\">{\"@context\":\"https:\\\/\\\/schema.org\",\"@graph\":[{\"@type\":\"WebPage\",\"@id\":\"https:\\\/\\\/rodoaed.ee\\\/fi\\\/toode\\\/aiarong-lgb-50-vuotisjuhlasarja\\\/\",\"url\":\"https:\\\/\\\/rodoaed.ee\\\/fi\\\/toode\\\/aiarong-lgb-50-vuotisjuhlasarja\\\/\",\"name\":\"Aiarong LGB 50-vuotisjuhlasarja% % -% Rodoaed% gardens\",\"isPartOf\":{\"@id\":\"https:\\\/\\\/rodoaed.ee\\\/#website\"},\"primaryImageOfPage\":{\"@id\":\"https:\\\/\\\/rodoaed.ee\\\/fi\\\/toode\\\/aiarong-lgb-50-vuotisjuhlasarja\\\/#primaryimage\"},\"image\":{\"@id\":\"https:\\\/\\\/rodoaed.ee\\\/fi\\\/toode\\\/aiarong-lgb-50-vuotisjuhlasarja\\\/#primaryimage\"},\"thumbnailUrl\":\"https:\\\/\\\/rodoaed.ee\\\/wp-content\\\/uploads\\\/2019\\\/10\\\/aiarongid_LGB-stardikas_50-juubelirong_01.jpg\",\"datePublished\":\"2019-10-05T21:14:12+00:00\",\"dateModified\":\"2026-04-13T08:01:52+00:00\",\"description\":\"Garden Train LGB 50 anniversary set on arvokas ja yksityiskohtainen junasarja. Aiarong LGB 50 anniversary setiss\u00e4 on paljon digitaalisia ominaisuuksia.\",\"breadcrumb\":{\"@id\":\"https:\\\/\\\/rodoaed.ee\\\/fi\\\/toode\\\/aiarong-lgb-50-vuotisjuhlasarja\\\/#breadcrumb\"},\"inLanguage\":\"fi\",\"potentialAction\":[{\"@type\":\"ReadAction\",\"target\":[\"https:\\\/\\\/rodoaed.ee\\\/fi\\\/toode\\\/aiarong-lgb-50-vuotisjuhlasarja\\\/\"]}]},{\"@type\":\"ImageObject\",\"inLanguage\":\"fi\",\"@id\":\"https:\\\/\\\/rodoaed.ee\\\/fi\\\/toode\\\/aiarong-lgb-50-vuotisjuhlasarja\\\/#primaryimage\",\"url\":\"https:\\\/\\\/rodoaed.ee\\\/wp-content\\\/uploads\\\/2019\\\/10\\\/aiarongid_LGB-stardikas_50-juubelirong_01.jpg\",\"contentUrl\":\"https:\\\/\\\/rodoaed.ee\\\/wp-content\\\/uploads\\\/2019\\\/10\\\/aiarongid_LGB-stardikas_50-juubelirong_01.jpg\",\"width\":1500,\"height\":1069,\"caption\":\"Aiarong LGB 50\"},{\"@type\":\"BreadcrumbList\",\"@id\":\"https:\\\/\\\/rodoaed.ee\\\/fi\\\/toode\\\/aiarong-lgb-50-vuotisjuhlasarja\\\/#breadcrumb\",\"itemListElement\":[{\"@type\":\"ListItem\",\"position\":1,\"name\":\"Home\",\"item\":\"https:\\\/\\\/rodoaed.ee\\\/fi\\\/\"},{\"@type\":\"ListItem\",\"position\":2,\"name\":\"Osta osoitteessa\",\"item\":\"https:\\\/\\\/rodoaed.ee\\\/osta-osoitteessa\\\/\"},{\"@type\":\"ListItem\",\"position\":3,\"name\":\"Aiarong LGB 50-vuotisjuhlasarja\"}]},{\"@type\":\"WebSite\",\"@id\":\"https:\\\/\\\/rodoaed.ee\\\/#website\",\"url\":\"https:\\\/\\\/rodoaed.ee\\\/\",\"name\":\"Rodoaed\",\"description\":\"\",\"publisher\":{\"@id\":\"https:\\\/\\\/rodoaed.ee\\\/#organization\"},\"potentialAction\":[{\"@type\":\"SearchAction\",\"target\":{\"@type\":\"EntryPoint\",\"urlTemplate\":\"https:\\\/\\\/rodoaed.ee\\\/?s={search_term_string}\"},\"query-input\":{\"@type\":\"PropertyValueSpecification\",\"valueRequired\":true,\"valueName\":\"search_term_string\"}}],\"inLanguage\":\"fi\"},{\"@type\":\"Organization\",\"@id\":\"https:\\\/\\\/rodoaed.ee\\\/#organization\",\"name\":\"Rodoaed\",\"url\":\"https:\\\/\\\/rodoaed.ee\\\/\",\"logo\":{\"@type\":\"ImageObject\",\"inLanguage\":\"fi\",\"@id\":\"https:\\\/\\\/rodoaed.ee\\\/#\\\/schema\\\/logo\\\/image\\\/\",\"url\":\"https:\\\/\\\/rodoaed.ee\\\/wp-content\\\/uploads\\\/2019\\\/11\\\/rodoaed-logo-ilma-taustata.jpg\",\"contentUrl\":\"https:\\\/\\\/rodoaed.ee\\\/wp-content\\\/uploads\\\/2019\\\/11\\\/rodoaed-logo-ilma-taustata.jpg\",\"width\":769,\"height\":268,\"caption\":\"Rodoaed\"},\"image\":{\"@id\":\"https:\\\/\\\/rodoaed.ee\\\/#\\\/schema\\\/logo\\\/image\\\/\"},\"sameAs\":[\"https:\\\/\\\/www.facebook.com\\\/kasvuhooned\\\/\",\"https:\\\/\\\/rodoaed.ee\"]}]}<\/script>\n<!-- \/ Yoast SEO Premium plugin. -->","yoast_head_json":{"title":"Aiarong LGB 50-vuotisjuhlasarja% % -% Rodoaed% gardens","description":"Garden Train LGB 50 anniversary set on arvokas ja yksityiskohtainen junasarja. Aiarong LGB 50 anniversary setiss\u00e4 on paljon digitaalisia ominaisuuksia.","robots":{"index":"index","follow":"follow","max-snippet":"max-snippet:-1","max-image-preview":"max-image-preview:large","max-video-preview":"max-video-preview:-1"},"canonical":"https:\/\/rodoaed.ee\/fi\/toode\/aiarong-lgb-50-vuotisjuhlasarja\/","og_locale":"fi_FI","og_type":"article","og_title":"Aiarong LGB 50-vuotisjuhlasarja","og_description":"Aiarong LGB 50-vuotisjuhlasarja LGB:n 50-vuotisjuhlavuoden kunniaksi vuonna 2018 tuotettu ainutkertainen sarja. Kun tehtaan varastot loppuvat, niit\u00e4 ei","og_url":"https:\/\/rodoaed.ee\/fi\/toode\/aiarong-lgb-50-vuotisjuhlasarja\/","og_site_name":"Rodoaed","article_publisher":"https:\/\/www.facebook.com\/kasvuhooned\/","article_modified_time":"2026-04-13T08:01:52+00:00","og_image":[{"width":1500,"height":1069,"url":"https:\/\/rodoaed.ee\/wp-content\/uploads\/2019\/10\/aiarongid_LGB-stardikas_50-juubelirong_01.jpg","type":"image\/jpeg"}],"twitter_card":"summary_large_image","twitter_misc":{"Arvioitu lukuaika":"2 minuuttia"},"schema":{"@context":"https:\/\/schema.org","@graph":[{"@type":"WebPage","@id":"https:\/\/rodoaed.ee\/fi\/toode\/aiarong-lgb-50-vuotisjuhlasarja\/","url":"https:\/\/rodoaed.ee\/fi\/toode\/aiarong-lgb-50-vuotisjuhlasarja\/","name":"Aiarong LGB 50-vuotisjuhlasarja% % -% Rodoaed% gardens","isPartOf":{"@id":"https:\/\/rodoaed.ee\/#website"},"primaryImageOfPage":{"@id":"https:\/\/rodoaed.ee\/fi\/toode\/aiarong-lgb-50-vuotisjuhlasarja\/#primaryimage"},"image":{"@id":"https:\/\/rodoaed.ee\/fi\/toode\/aiarong-lgb-50-vuotisjuhlasarja\/#primaryimage"},"thumbnailUrl":"https:\/\/rodoaed.ee\/wp-content\/uploads\/2019\/10\/aiarongid_LGB-stardikas_50-juubelirong_01.jpg","datePublished":"2019-10-05T21:14:12+00:00","dateModified":"2026-04-13T08:01:52+00:00","description":"Garden Train LGB 50 anniversary set on arvokas ja yksityiskohtainen junasarja. Aiarong LGB 50 anniversary setiss\u00e4 on paljon digitaalisia ominaisuuksia.","breadcrumb":{"@id":"https:\/\/rodoaed.ee\/fi\/toode\/aiarong-lgb-50-vuotisjuhlasarja\/#breadcrumb"},"inLanguage":"fi","potentialAction":[{"@type":"ReadAction","target":["https:\/\/rodoaed.ee\/fi\/toode\/aiarong-lgb-50-vuotisjuhlasarja\/"]}]},{"@type":"ImageObject","inLanguage":"fi","@id":"https:\/\/rodoaed.ee\/fi\/toode\/aiarong-lgb-50-vuotisjuhlasarja\/#primaryimage","url":"https:\/\/rodoaed.ee\/wp-content\/uploads\/2019\/10\/aiarongid_LGB-stardikas_50-juubelirong_01.jpg","contentUrl":"https:\/\/rodoaed.ee\/wp-content\/uploads\/2019\/10\/aiarongid_LGB-stardikas_50-juubelirong_01.jpg","width":1500,"height":1069,"caption":"Aiarong LGB 50"},{"@type":"BreadcrumbList","@id":"https:\/\/rodoaed.ee\/fi\/toode\/aiarong-lgb-50-vuotisjuhlasarja\/#breadcrumb","itemListElement":[{"@type":"ListItem","position":1,"name":"Home","item":"https:\/\/rodoaed.ee\/fi\/"},{"@type":"ListItem","position":2,"name":"Osta osoitteessa","item":"https:\/\/rodoaed.ee\/osta-osoitteessa\/"},{"@type":"ListItem","position":3,"name":"Aiarong LGB 50-vuotisjuhlasarja"}]},{"@type":"WebSite","@id":"https:\/\/rodoaed.ee\/#website","url":"https:\/\/rodoaed.ee\/","name":"Rodoaed","description":"","publisher":{"@id":"https:\/\/rodoaed.ee\/#organization"},"potentialAction":[{"@type":"SearchAction","target":{"@type":"EntryPoint","urlTemplate":"https:\/\/rodoaed.ee\/?s={search_term_string}"},"query-input":{"@type":"PropertyValueSpecification","valueRequired":true,"valueName":"search_term_string"}}],"inLanguage":"fi"},{"@type":"Organization","@id":"https:\/\/rodoaed.ee\/#organization","name":"Rodoaed","url":"https:\/\/rodoaed.ee\/","logo":{"@type":"ImageObject","inLanguage":"fi","@id":"https:\/\/rodoaed.ee\/#\/schema\/logo\/image\/","url":"https:\/\/rodoaed.ee\/wp-content\/uploads\/2019\/11\/rodoaed-logo-ilma-taustata.jpg","contentUrl":"https:\/\/rodoaed.ee\/wp-content\/uploads\/2019\/11\/rodoaed-logo-ilma-taustata.jpg","width":769,"height":268,"caption":"Rodoaed"},"image":{"@id":"https:\/\/rodoaed.ee\/#\/schema\/logo\/image\/"},"sameAs":["https:\/\/www.facebook.com\/kasvuhooned\/","https:\/\/rodoaed.ee"]}]}},"_links":{"self":[{"href":"https:\/\/rodoaed.ee\/fi\/wp-json\/wp\/v2\/product\/53195","targetHints":{"allow":["GET"]}}],"collection":[{"href":"https:\/\/rodoaed.ee\/fi\/wp-json\/wp\/v2\/product"}],"about":[{"href":"https:\/\/rodoaed.ee\/fi\/wp-json\/wp\/v2\/types\/product"}],"wp:featuredmedia":[{"embeddable":true,"href":"https:\/\/rodoaed.ee\/fi\/wp-json\/wp\/v2\/media\/27829"}],"wp:attachment":[{"href":"https:\/\/rodoaed.ee\/fi\/wp-json\/wp\/v2\/media?parent=53195"}],"wp:term":[{"taxonomy":"product_brand","embeddable":true,"href":"https:\/\/rodoaed.ee\/fi\/wp-json\/wp\/v2\/product_brand?post=53195"},{"taxonomy":"product_cat","embeddable":true,"href":"https:\/\/rodoaed.ee\/fi\/wp-json\/wp\/v2\/product_cat?post=53195"},{"taxonomy":"product_tag","embeddable":true,"href":"https:\/\/rodoaed.ee\/fi\/wp-json\/wp\/v2\/product_tag?post=53195"}],"curies":[{"name":"wp","href":"https:\/\/api.w.org\/{rel}","templated":true}]}}