{"id":53198,"date":"2019-10-08T22:29:33","date_gmt":"2019-10-08T19:29:33","guid":{"rendered":"https:\/\/rodoaed.ee\/toode\/schonweilerin-puutarhajunan-ulkorakennus\/"},"modified":"2026-04-13T11:01:57","modified_gmt":"2026-04-13T08:01:57","slug":"schonweilerin-puutarhajunan-ulkorakennus","status":"publish","type":"product","link":"https:\/\/rodoaed.ee\/fi\/tuote\/schonweilerin-puutarhajunan-ulkorakennus\/","title":{"rendered":"Sch\u00f6nweilerin puutarhajunan ulkorakennus"},"content":{"rendered":"<h2>Sch\u00f6nweilerin puutarhajunan apurakennuksen ohjauspylv\u00e4s<\/h2>\n<h2>Alueellisen valvontapisteen lis\u00e4rakennus asemarakennukseen.<\/h2>\n<p>Sch\u00f6nweilerin ulkorakennuksen ohjauspylv\u00e4s on juuri sellainen pieni rautatieaseman ulkorakennussarja, joka sopii t\u00e4ydellisesti puutarhajunien k\u00e4ynnist\u00e4miseen puutarhassasi. Kun olet aloittanut puutarhajunateeman puutarhajunien aloitussarjojen avulla, paras tapa tehd\u00e4 teemasta j\u00e4nnitt\u00e4v\u00e4mpi on lis\u00e4t\u00e4 siihen tarkasti skaalattuja ja yksityiskohtaisia ulkorakennuksia ja muita yksityiskohtia. <\/p>\n<p>Saksalainen M\u00e4rklin on pienoisrautatiekuljetusten perustaja vuodesta 1859 l\u00e4htien ja edelleen alan ehdoton johtaja. LGB-puutarhajunasarja on oikeassa mittakaavassa (1:22,5), eli ei liian pieni, vaan juuri sopiva puutarhaan. Aloitussarjat ovat paras tapa aloittaa mallijunien harrastaminen. Eritt\u00e4in kehitt\u00e4v\u00e4\u00e4 toimintaa nuorelle. Tuo nuoret pois tietokoneiden \u00e4\u00e4relt\u00e4.    <\/p>\n<p>LGB-luokan puutarhajunat ovat kaikki mittakaavassa 1:22,5, ja ne ovat melko tarkkoja ja mittakaavan mukaisia. Koska ne ovat puutarhajunia, ne soveltuvat ajettaviksi ulkona k\u00e4yt\u00e4nn\u00f6ss\u00e4 mill\u00e4 tahansa s\u00e4\u00e4ll\u00e4. T\u00e4m\u00e4 tarkoittaa, ett\u00e4 sade ei vaikuta niihin, ja jotkut harrastajat k\u00e4ytt\u00e4v\u00e4t niit\u00e4 talvella.  <\/p>\n<p>Lis\u00e4\u00e4 tuotteita <a href=\"https:\/\/rodoaed.ee\/fi\/tootekategooria\/harrastukset-ja-lelut\/aiarongid\/\">Puutarha junat<\/a><\/p>\n<h2>T\u00e4rkeimm\u00e4t ominaisuudet:<\/h2>\n<div>\n<ul>\n<li>Mitat: 500 x 180 x 395 mm<\/li>\n<li>Ovet ovat siirrett\u00e4viss\u00e4, ulkoiset portaat sis\u00e4ltyv\u00e4t hintaan.<\/li>\n<li>Puutarhajunien rakentaminen s\u00e4\u00e4nkest\u00e4v\u00e4st\u00e4 materiaalista ja valmiiksi maalattu.<\/li>\n<li>Nopea ja helppo koota<\/li>\n<li>Aloitussarjoja voidaan helposti laajentaa raiteilla ja junakokonaisuuksilla.<\/li>\n<li>Sopii 15-vuotiaille ja sit\u00e4 vanhemmille, mutta kaikki voivat tietysti nauttia siit\u00e4 vanhempiensa kanssa.<\/li>\n<\/ul>\n<p>&nbsp;<\/p>\n<\/div>\n","protected":false},"excerpt":{"rendered":"<p>Sch\u00f6nweilerin puutarhajunan apurakennuksen ohjauspylv\u00e4s Alueellisen valvontapisteen lis\u00e4rakennus asemarakennukseen. Sch\u00f6nweilerin ulkorakennuksen ohjauspylv\u00e4s on juuri sellainen pieni rautatieaseman ulkorakennussarja, joka sopii t\u00e4ydellisesti puutarhajunien k\u00e4ynnist\u00e4miseen puutarhassasi. Kun olet aloittanut puutarhajunateeman puutarhajunien aloitussarjojen avulla, paras tapa tehd\u00e4 teemasta j\u00e4nnitt\u00e4v\u00e4mpi on lis\u00e4t\u00e4 siihen tarkasti skaalattuja ja yksityiskohtaisia ulkorakennuksia ja muita yksityiskohtia. Saksalainen M\u00e4rklin on pienoisrautatiekuljetusten perustaja vuodesta 1859 l\u00e4htien ja edelleen alan ehdoton johtaja. LGB-puutarhajunasarja on oikeassa mittakaavassa (1:22,5), eli&#8230;<\/p>\n","protected":false},"featured_media":27872,"template":"","meta":{"_acf_changed":false},"product_brand":[],"product_cat":[2192,1763],"product_tag":[],"class_list":{"0":"post-53198","1":"product","2":"type-product","3":"status-publish","4":"has-post-thumbnail","6":"product_cat-aiarongid","7":"product_cat-harrastukset-ja-lelut","8":"product_shipping_class-toimitus-1-3-tyopaivan-kuluessa","9":"pa_variatsioon-junamalli-tavarajunan-aloitussarja","11":"first","12":"instock","13":"sale","14":"taxable","15":"shipping-taxable","16":"purchasable","17":"product-type-simple"},"acf":[],"yoast_head":"<!-- This site is optimized with the Yoast SEO Premium plugin v27.3 (Yoast SEO v27.3) - https:\/\/yoast.com\/product\/yoast-seo-premium-wordpress\/ -->\n<title>Sch\u00f6nweilerin puutarhajunan ulkorakennus% % -% Rodoaed% gardens<\/title>\n<meta name=\"description\" content=\"Sch\u00f6nweilerin LGB-puutarhajunan ohjauspylv\u00e4s mittakaavassa 1.22,5. Upea pieni asemarakennuksen ulkorakennussarja puutarhajunien k\u00e4ynnist\u00e4miseen puutarhassasi.\" \/>\n<meta name=\"robots\" content=\"index, follow, max-snippet:-1, max-image-preview:large, max-video-preview:-1\" \/>\n<link rel=\"canonical\" href=\"https:\/\/rodoaed.ee\/fi\/toode\/schonweilerin-puutarhajunan-ulkorakennus\/\" \/>\n<meta property=\"og:locale\" content=\"fi_FI\" \/>\n<meta property=\"og:type\" content=\"article\" \/>\n<meta property=\"og:title\" content=\"Sch\u00f6nweilerin puutarhajunan ulkorakennus\" \/>\n<meta property=\"og:description\" content=\"Sch\u00f6nweilerin puutarhajunan apurakennuksen ohjauspylv\u00e4s Alueellisen valvontapisteen lis\u00e4rakennus asemarakennukseen. Sch\u00f6nweilerin ulkorakennuksen\" \/>\n<meta property=\"og:url\" content=\"https:\/\/rodoaed.ee\/fi\/toode\/schonweilerin-puutarhajunan-ulkorakennus\/\" \/>\n<meta property=\"og:site_name\" content=\"Rodoaed\" \/>\n<meta property=\"article:publisher\" content=\"https:\/\/www.facebook.com\/kasvuhooned\/\" \/>\n<meta property=\"article:modified_time\" content=\"2026-04-13T08:01:57+00:00\" \/>\n<meta property=\"og:image\" content=\"https:\/\/rodoaed.ee\/wp-content\/uploads\/2019\/10\/aiarongid_jaamahoone_330914_01.jpg\" \/>\n\t<meta property=\"og:image:width\" content=\"750\" \/>\n\t<meta property=\"og:image:height\" content=\"608\" \/>\n\t<meta property=\"og:image:type\" content=\"image\/jpeg\" \/>\n<meta name=\"twitter:card\" content=\"summary_large_image\" \/>\n<meta name=\"twitter:label1\" content=\"Arvioitu lukuaika\" \/>\n\t<meta name=\"twitter:data1\" content=\"1 minuutti\" \/>\n<script type=\"application\/ld+json\" class=\"yoast-schema-graph\">{\"@context\":\"https:\\\/\\\/schema.org\",\"@graph\":[{\"@type\":\"WebPage\",\"@id\":\"https:\\\/\\\/rodoaed.ee\\\/fi\\\/toode\\\/schonweilerin-puutarhajunan-ulkorakennus\\\/\",\"url\":\"https:\\\/\\\/rodoaed.ee\\\/fi\\\/toode\\\/schonweilerin-puutarhajunan-ulkorakennus\\\/\",\"name\":\"Sch\u00f6nweilerin puutarhajunan ulkorakennus% % -% Rodoaed% gardens\",\"isPartOf\":{\"@id\":\"https:\\\/\\\/rodoaed.ee\\\/#website\"},\"primaryImageOfPage\":{\"@id\":\"https:\\\/\\\/rodoaed.ee\\\/fi\\\/toode\\\/schonweilerin-puutarhajunan-ulkorakennus\\\/#primaryimage\"},\"image\":{\"@id\":\"https:\\\/\\\/rodoaed.ee\\\/fi\\\/toode\\\/schonweilerin-puutarhajunan-ulkorakennus\\\/#primaryimage\"},\"thumbnailUrl\":\"https:\\\/\\\/rodoaed.ee\\\/wp-content\\\/uploads\\\/2019\\\/10\\\/aiarongid_jaamahoone_330914_01.jpg\",\"datePublished\":\"2019-10-08T19:29:33+00:00\",\"dateModified\":\"2026-04-13T08:01:57+00:00\",\"description\":\"Sch\u00f6nweilerin LGB-puutarhajunan ohjauspylv\u00e4s mittakaavassa 1.22,5. Upea pieni asemarakennuksen ulkorakennussarja puutarhajunien k\u00e4ynnist\u00e4miseen puutarhassasi.\",\"breadcrumb\":{\"@id\":\"https:\\\/\\\/rodoaed.ee\\\/fi\\\/toode\\\/schonweilerin-puutarhajunan-ulkorakennus\\\/#breadcrumb\"},\"inLanguage\":\"fi\",\"potentialAction\":[{\"@type\":\"ReadAction\",\"target\":[\"https:\\\/\\\/rodoaed.ee\\\/fi\\\/toode\\\/schonweilerin-puutarhajunan-ulkorakennus\\\/\"]}]},{\"@type\":\"ImageObject\",\"inLanguage\":\"fi\",\"@id\":\"https:\\\/\\\/rodoaed.ee\\\/fi\\\/toode\\\/schonweilerin-puutarhajunan-ulkorakennus\\\/#primaryimage\",\"url\":\"https:\\\/\\\/rodoaed.ee\\\/wp-content\\\/uploads\\\/2019\\\/10\\\/aiarongid_jaamahoone_330914_01.jpg\",\"contentUrl\":\"https:\\\/\\\/rodoaed.ee\\\/wp-content\\\/uploads\\\/2019\\\/10\\\/aiarongid_jaamahoone_330914_01.jpg\",\"width\":750,\"height\":608,\"caption\":\"puutarha juna vaja\"},{\"@type\":\"BreadcrumbList\",\"@id\":\"https:\\\/\\\/rodoaed.ee\\\/fi\\\/toode\\\/schonweilerin-puutarhajunan-ulkorakennus\\\/#breadcrumb\",\"itemListElement\":[{\"@type\":\"ListItem\",\"position\":1,\"name\":\"Home\",\"item\":\"https:\\\/\\\/rodoaed.ee\\\/fi\\\/\"},{\"@type\":\"ListItem\",\"position\":2,\"name\":\"Osta osoitteessa\",\"item\":\"https:\\\/\\\/rodoaed.ee\\\/osta-osoitteessa\\\/\"},{\"@type\":\"ListItem\",\"position\":3,\"name\":\"Sch\u00f6nweilerin puutarhajunan ulkorakennus\"}]},{\"@type\":\"WebSite\",\"@id\":\"https:\\\/\\\/rodoaed.ee\\\/#website\",\"url\":\"https:\\\/\\\/rodoaed.ee\\\/\",\"name\":\"Rodoaed\",\"description\":\"\",\"publisher\":{\"@id\":\"https:\\\/\\\/rodoaed.ee\\\/#organization\"},\"potentialAction\":[{\"@type\":\"SearchAction\",\"target\":{\"@type\":\"EntryPoint\",\"urlTemplate\":\"https:\\\/\\\/rodoaed.ee\\\/?s={search_term_string}\"},\"query-input\":{\"@type\":\"PropertyValueSpecification\",\"valueRequired\":true,\"valueName\":\"search_term_string\"}}],\"inLanguage\":\"fi\"},{\"@type\":\"Organization\",\"@id\":\"https:\\\/\\\/rodoaed.ee\\\/#organization\",\"name\":\"Rodoaed\",\"url\":\"https:\\\/\\\/rodoaed.ee\\\/\",\"logo\":{\"@type\":\"ImageObject\",\"inLanguage\":\"fi\",\"@id\":\"https:\\\/\\\/rodoaed.ee\\\/#\\\/schema\\\/logo\\\/image\\\/\",\"url\":\"https:\\\/\\\/rodoaed.ee\\\/wp-content\\\/uploads\\\/2019\\\/11\\\/rodoaed-logo-ilma-taustata.jpg\",\"contentUrl\":\"https:\\\/\\\/rodoaed.ee\\\/wp-content\\\/uploads\\\/2019\\\/11\\\/rodoaed-logo-ilma-taustata.jpg\",\"width\":769,\"height\":268,\"caption\":\"Rodoaed\"},\"image\":{\"@id\":\"https:\\\/\\\/rodoaed.ee\\\/#\\\/schema\\\/logo\\\/image\\\/\"},\"sameAs\":[\"https:\\\/\\\/www.facebook.com\\\/kasvuhooned\\\/\",\"https:\\\/\\\/rodoaed.ee\"]}]}<\/script>\n<!-- \/ Yoast SEO Premium plugin. -->","yoast_head_json":{"title":"Sch\u00f6nweilerin puutarhajunan ulkorakennus% % -% Rodoaed% gardens","description":"Sch\u00f6nweilerin LGB-puutarhajunan ohjauspylv\u00e4s mittakaavassa 1.22,5. Upea pieni asemarakennuksen ulkorakennussarja puutarhajunien k\u00e4ynnist\u00e4miseen puutarhassasi.","robots":{"index":"index","follow":"follow","max-snippet":"max-snippet:-1","max-image-preview":"max-image-preview:large","max-video-preview":"max-video-preview:-1"},"canonical":"https:\/\/rodoaed.ee\/fi\/toode\/schonweilerin-puutarhajunan-ulkorakennus\/","og_locale":"fi_FI","og_type":"article","og_title":"Sch\u00f6nweilerin puutarhajunan ulkorakennus","og_description":"Sch\u00f6nweilerin puutarhajunan apurakennuksen ohjauspylv\u00e4s Alueellisen valvontapisteen lis\u00e4rakennus asemarakennukseen. Sch\u00f6nweilerin ulkorakennuksen","og_url":"https:\/\/rodoaed.ee\/fi\/toode\/schonweilerin-puutarhajunan-ulkorakennus\/","og_site_name":"Rodoaed","article_publisher":"https:\/\/www.facebook.com\/kasvuhooned\/","article_modified_time":"2026-04-13T08:01:57+00:00","og_image":[{"width":750,"height":608,"url":"https:\/\/rodoaed.ee\/wp-content\/uploads\/2019\/10\/aiarongid_jaamahoone_330914_01.jpg","type":"image\/jpeg"}],"twitter_card":"summary_large_image","twitter_misc":{"Arvioitu lukuaika":"1 minuutti"},"schema":{"@context":"https:\/\/schema.org","@graph":[{"@type":"WebPage","@id":"https:\/\/rodoaed.ee\/fi\/toode\/schonweilerin-puutarhajunan-ulkorakennus\/","url":"https:\/\/rodoaed.ee\/fi\/toode\/schonweilerin-puutarhajunan-ulkorakennus\/","name":"Sch\u00f6nweilerin puutarhajunan ulkorakennus% % -% Rodoaed% gardens","isPartOf":{"@id":"https:\/\/rodoaed.ee\/#website"},"primaryImageOfPage":{"@id":"https:\/\/rodoaed.ee\/fi\/toode\/schonweilerin-puutarhajunan-ulkorakennus\/#primaryimage"},"image":{"@id":"https:\/\/rodoaed.ee\/fi\/toode\/schonweilerin-puutarhajunan-ulkorakennus\/#primaryimage"},"thumbnailUrl":"https:\/\/rodoaed.ee\/wp-content\/uploads\/2019\/10\/aiarongid_jaamahoone_330914_01.jpg","datePublished":"2019-10-08T19:29:33+00:00","dateModified":"2026-04-13T08:01:57+00:00","description":"Sch\u00f6nweilerin LGB-puutarhajunan ohjauspylv\u00e4s mittakaavassa 1.22,5. Upea pieni asemarakennuksen ulkorakennussarja puutarhajunien k\u00e4ynnist\u00e4miseen puutarhassasi.","breadcrumb":{"@id":"https:\/\/rodoaed.ee\/fi\/toode\/schonweilerin-puutarhajunan-ulkorakennus\/#breadcrumb"},"inLanguage":"fi","potentialAction":[{"@type":"ReadAction","target":["https:\/\/rodoaed.ee\/fi\/toode\/schonweilerin-puutarhajunan-ulkorakennus\/"]}]},{"@type":"ImageObject","inLanguage":"fi","@id":"https:\/\/rodoaed.ee\/fi\/toode\/schonweilerin-puutarhajunan-ulkorakennus\/#primaryimage","url":"https:\/\/rodoaed.ee\/wp-content\/uploads\/2019\/10\/aiarongid_jaamahoone_330914_01.jpg","contentUrl":"https:\/\/rodoaed.ee\/wp-content\/uploads\/2019\/10\/aiarongid_jaamahoone_330914_01.jpg","width":750,"height":608,"caption":"puutarha juna vaja"},{"@type":"BreadcrumbList","@id":"https:\/\/rodoaed.ee\/fi\/toode\/schonweilerin-puutarhajunan-ulkorakennus\/#breadcrumb","itemListElement":[{"@type":"ListItem","position":1,"name":"Home","item":"https:\/\/rodoaed.ee\/fi\/"},{"@type":"ListItem","position":2,"name":"Osta osoitteessa","item":"https:\/\/rodoaed.ee\/osta-osoitteessa\/"},{"@type":"ListItem","position":3,"name":"Sch\u00f6nweilerin puutarhajunan ulkorakennus"}]},{"@type":"WebSite","@id":"https:\/\/rodoaed.ee\/#website","url":"https:\/\/rodoaed.ee\/","name":"Rodoaed","description":"","publisher":{"@id":"https:\/\/rodoaed.ee\/#organization"},"potentialAction":[{"@type":"SearchAction","target":{"@type":"EntryPoint","urlTemplate":"https:\/\/rodoaed.ee\/?s={search_term_string}"},"query-input":{"@type":"PropertyValueSpecification","valueRequired":true,"valueName":"search_term_string"}}],"inLanguage":"fi"},{"@type":"Organization","@id":"https:\/\/rodoaed.ee\/#organization","name":"Rodoaed","url":"https:\/\/rodoaed.ee\/","logo":{"@type":"ImageObject","inLanguage":"fi","@id":"https:\/\/rodoaed.ee\/#\/schema\/logo\/image\/","url":"https:\/\/rodoaed.ee\/wp-content\/uploads\/2019\/11\/rodoaed-logo-ilma-taustata.jpg","contentUrl":"https:\/\/rodoaed.ee\/wp-content\/uploads\/2019\/11\/rodoaed-logo-ilma-taustata.jpg","width":769,"height":268,"caption":"Rodoaed"},"image":{"@id":"https:\/\/rodoaed.ee\/#\/schema\/logo\/image\/"},"sameAs":["https:\/\/www.facebook.com\/kasvuhooned\/","https:\/\/rodoaed.ee"]}]}},"_links":{"self":[{"href":"https:\/\/rodoaed.ee\/fi\/wp-json\/wp\/v2\/product\/53198","targetHints":{"allow":["GET"]}}],"collection":[{"href":"https:\/\/rodoaed.ee\/fi\/wp-json\/wp\/v2\/product"}],"about":[{"href":"https:\/\/rodoaed.ee\/fi\/wp-json\/wp\/v2\/types\/product"}],"wp:featuredmedia":[{"embeddable":true,"href":"https:\/\/rodoaed.ee\/fi\/wp-json\/wp\/v2\/media\/27872"}],"wp:attachment":[{"href":"https:\/\/rodoaed.ee\/fi\/wp-json\/wp\/v2\/media?parent=53198"}],"wp:term":[{"taxonomy":"product_brand","embeddable":true,"href":"https:\/\/rodoaed.ee\/fi\/wp-json\/wp\/v2\/product_brand?post=53198"},{"taxonomy":"product_cat","embeddable":true,"href":"https:\/\/rodoaed.ee\/fi\/wp-json\/wp\/v2\/product_cat?post=53198"},{"taxonomy":"product_tag","embeddable":true,"href":"https:\/\/rodoaed.ee\/fi\/wp-json\/wp\/v2\/product_tag?post=53198"}],"curies":[{"name":"wp","href":"https:\/\/api.w.org\/{rel}","templated":true}]}}