{"id":53202,"date":"2019-10-08T23:00:50","date_gmt":"2019-10-08T20:00:50","guid":{"rendered":"https:\/\/rodoaed.ee\/toode\/puutarhajunan-asemalaituri\/"},"modified":"2026-04-13T11:01:58","modified_gmt":"2026-04-13T08:01:58","slug":"puutarhajunan-asemalaituri","status":"publish","type":"product","link":"https:\/\/rodoaed.ee\/fi\/tuote\/puutarhajunan-asemalaituri\/","title":{"rendered":"Puutarhajunan asemalaituri"},"content":{"rendered":"<h2>Asemalaituri tai asemarakennuksen ja apurakennusten pohjalevy, puutarhajuna<\/h2>\n<p>Aseman ja ulkorakennuksen asemalaituri on juuri sellainen pieni rautatieasematarvikesarja, joka sopii t\u00e4ydellisesti puutarhajunien k\u00e4ynnist\u00e4miseen puutarhassasi. Kun olet aloittanut puutarhajunateemasi puutarhajunien aloitussarjoilla, paras tapa lis\u00e4t\u00e4 teemaan j\u00e4nnityst\u00e4 on lis\u00e4t\u00e4 joitakin tarkasti skaalattuja ja yksityiskohtaisia ulkorakennuksia ja muita yksityiskohtia. <\/p>\n<p>Asemalaituria voidaan k\u00e4ytt\u00e4\u00e4 asemarakennuksen edess\u00e4 olevana ratalaiturina tai kaikkien rakennusten alla olevana pohjalevyn\u00e4. Mukana on kaksi levy\u00e4, jotka voidaan yhdist\u00e4\u00e4 toisiinsa. Laituriin kuuluu my\u00f6s portaat.  <\/p>\n<p>Saksalainen M\u00e4rklin on pienoisrautatiekuljetusten perustaja vuodesta 1859 l\u00e4htien ja edelleen alan ehdoton johtaja. LGB-puutarhajunasarja on oikeassa mittakaavassa (1:22,5), eli ei liian pieni, vaan juuri sopiva puutarhaan. Aloitussarjat ovat paras tapa aloittaa mallijunien harrastaminen. Eritt\u00e4in kehitt\u00e4v\u00e4\u00e4 toimintaa nuorelle. Tuo nuoret pois tietokoneiden \u00e4\u00e4relt\u00e4.    <\/p>\n<p>LGB-luokan puutarhajunat ovat kaikki mittakaavassa 1:22,5, ja ne ovat melko tarkkoja ja mittakaavan mukaisia. Koska ne ovat puutarhajunia, ne soveltuvat ajettaviksi ulkona k\u00e4yt\u00e4nn\u00f6ss\u00e4 mill\u00e4 tahansa s\u00e4\u00e4ll\u00e4. T\u00e4m\u00e4 tarkoittaa, ett\u00e4 sade ei vaikuta niihin, ja jotkut harrastajat k\u00e4ytt\u00e4v\u00e4t niit\u00e4 talvella.  <\/p>\n<p>Lis\u00e4\u00e4 tuotteita <a href=\"https:\/\/rodoaed.ee\/fi\/tootekategooria\/harrastukset-ja-lelut\/aiarongid\/\">Puutarha junat<\/a><\/p>\n<h2>T\u00e4rkeimm\u00e4t ominaisuudet:<\/h2>\n<div>\n<ul>\n<li>Mitat: 430 x 195 x 20 mm<\/li>\n<li>Asemalaituri tai rakennusten pohjalevy<\/li>\n<li>Portaat<\/li>\n<li>Puutarhajunien rakentaminen s\u00e4\u00e4nkest\u00e4v\u00e4st\u00e4 materiaalista ja valmiiksi maalattu.<\/li>\n<li>Nopea ja helppo koota<\/li>\n<li>Aloitussarjoja voidaan helposti laajentaa raiteilla ja junakokonaisuuksilla.<\/li>\n<li>Sopii 15-vuotiaille ja sit\u00e4 vanhemmille, mutta kaikki voivat tietysti nauttia siit\u00e4 vanhempiensa kanssa.<\/li>\n<\/ul>\n<p>&nbsp;<\/p>\n<\/div>\n","protected":false},"excerpt":{"rendered":"<p>Asemalaituri tai asemarakennuksen ja apurakennusten pohjalevy, puutarhajuna Aseman ja ulkorakennuksen asemalaituri on juuri sellainen pieni rautatieasematarvikesarja, joka sopii t\u00e4ydellisesti puutarhajunien k\u00e4ynnist\u00e4miseen puutarhassasi. Kun olet aloittanut puutarhajunateemasi puutarhajunien aloitussarjoilla, paras tapa lis\u00e4t\u00e4 teemaan j\u00e4nnityst\u00e4 on lis\u00e4t\u00e4 joitakin tarkasti skaalattuja ja yksityiskohtaisia ulkorakennuksia ja muita yksityiskohtia. Asemalaituria voidaan k\u00e4ytt\u00e4\u00e4 asemarakennuksen edess\u00e4 olevana ratalaiturina tai kaikkien rakennusten alla olevana pohjalevyn\u00e4. Mukana on kaksi levy\u00e4, jotka voidaan yhdist\u00e4\u00e4 toisiinsa&#8230;.<\/p>\n","protected":false},"featured_media":27880,"template":"","meta":{"_acf_changed":false},"product_brand":[],"product_cat":[2192,1763],"product_tag":[],"class_list":{"0":"post-53202","1":"product","2":"type-product","3":"status-publish","4":"has-post-thumbnail","6":"product_cat-aiarongid","7":"product_cat-harrastukset-ja-lelut","8":"product_shipping_class-toimitus-1-3-tyopaivan-kuluessa","9":"pa_variatsioon-junamalli-tavarajunan-aloitussarja","11":"first","12":"instock","13":"sale","14":"taxable","15":"shipping-taxable","16":"purchasable","17":"product-type-simple"},"acf":[],"yoast_head":"<!-- This site is optimized with the Yoast SEO Premium plugin v27.3 (Yoast SEO v27.3) - https:\/\/yoast.com\/product\/yoast-seo-premium-wordpress\/ -->\n<title>Puutarhajunan asemalaituri% % -% Rodoaed% puutarhajunat ja tarvikkeet<\/title>\n<meta name=\"description\" content=\"Asemalaituri tai pohjalevy asemarakennusta tai apurakennuksia varten - LGB puutarhajuna mittakaavassa 1.22,5. T\u00e4ydellinen asemalaituri puutarhajunien k\u00e4ynnist\u00e4miseen puutarhassasi.\" \/>\n<meta name=\"robots\" content=\"index, follow, max-snippet:-1, max-image-preview:large, max-video-preview:-1\" \/>\n<link rel=\"canonical\" href=\"https:\/\/rodoaed.ee\/fi\/toode\/puutarhajunan-asemalaituri\/\" \/>\n<meta property=\"og:locale\" content=\"fi_FI\" \/>\n<meta property=\"og:type\" content=\"article\" \/>\n<meta property=\"og:title\" content=\"Puutarhajunan asemalaituri\" \/>\n<meta property=\"og:description\" content=\"Asemalaituri tai asemarakennuksen ja apurakennusten pohjalevy, puutarhajuna Aseman ja ulkorakennuksen asemalaituri on juuri sellainen pieni\" \/>\n<meta property=\"og:url\" content=\"https:\/\/rodoaed.ee\/fi\/toode\/puutarhajunan-asemalaituri\/\" \/>\n<meta property=\"og:site_name\" content=\"Rodoaed\" \/>\n<meta property=\"article:publisher\" content=\"https:\/\/www.facebook.com\/kasvuhooned\/\" \/>\n<meta property=\"article:modified_time\" content=\"2026-04-13T08:01:58+00:00\" \/>\n<meta property=\"og:image\" content=\"https:\/\/rodoaed.ee\/wp-content\/uploads\/2019\/10\/aiarongid_jaama-platvorm_330904.jpg\" \/>\n\t<meta property=\"og:image:width\" content=\"750\" \/>\n\t<meta property=\"og:image:height\" content=\"488\" \/>\n\t<meta property=\"og:image:type\" content=\"image\/jpeg\" \/>\n<meta name=\"twitter:card\" content=\"summary_large_image\" \/>\n<meta name=\"twitter:label1\" content=\"Arvioitu lukuaika\" \/>\n\t<meta name=\"twitter:data1\" content=\"1 minuutti\" \/>\n<script type=\"application\/ld+json\" class=\"yoast-schema-graph\">{\"@context\":\"https:\\\/\\\/schema.org\",\"@graph\":[{\"@type\":\"WebPage\",\"@id\":\"https:\\\/\\\/rodoaed.ee\\\/fi\\\/toode\\\/puutarhajunan-asemalaituri\\\/\",\"url\":\"https:\\\/\\\/rodoaed.ee\\\/fi\\\/toode\\\/puutarhajunan-asemalaituri\\\/\",\"name\":\"Puutarhajunan asemalaituri% % -% Rodoaed% puutarhajunat ja tarvikkeet\",\"isPartOf\":{\"@id\":\"https:\\\/\\\/rodoaed.ee\\\/#website\"},\"primaryImageOfPage\":{\"@id\":\"https:\\\/\\\/rodoaed.ee\\\/fi\\\/toode\\\/puutarhajunan-asemalaituri\\\/#primaryimage\"},\"image\":{\"@id\":\"https:\\\/\\\/rodoaed.ee\\\/fi\\\/toode\\\/puutarhajunan-asemalaituri\\\/#primaryimage\"},\"thumbnailUrl\":\"https:\\\/\\\/rodoaed.ee\\\/wp-content\\\/uploads\\\/2019\\\/10\\\/aiarongid_jaama-platvorm_330904.jpg\",\"datePublished\":\"2019-10-08T20:00:50+00:00\",\"dateModified\":\"2026-04-13T08:01:58+00:00\",\"description\":\"Asemalaituri tai pohjalevy asemarakennusta tai apurakennuksia varten - LGB puutarhajuna mittakaavassa 1.22,5. T\u00e4ydellinen asemalaituri puutarhajunien k\u00e4ynnist\u00e4miseen puutarhassasi.\",\"breadcrumb\":{\"@id\":\"https:\\\/\\\/rodoaed.ee\\\/fi\\\/toode\\\/puutarhajunan-asemalaituri\\\/#breadcrumb\"},\"inLanguage\":\"fi\",\"potentialAction\":[{\"@type\":\"ReadAction\",\"target\":[\"https:\\\/\\\/rodoaed.ee\\\/fi\\\/toode\\\/puutarhajunan-asemalaituri\\\/\"]}]},{\"@type\":\"ImageObject\",\"inLanguage\":\"fi\",\"@id\":\"https:\\\/\\\/rodoaed.ee\\\/fi\\\/toode\\\/puutarhajunan-asemalaituri\\\/#primaryimage\",\"url\":\"https:\\\/\\\/rodoaed.ee\\\/wp-content\\\/uploads\\\/2019\\\/10\\\/aiarongid_jaama-platvorm_330904.jpg\",\"contentUrl\":\"https:\\\/\\\/rodoaed.ee\\\/wp-content\\\/uploads\\\/2019\\\/10\\\/aiarongid_jaama-platvorm_330904.jpg\",\"width\":750,\"height\":488,\"caption\":\"asemalaituri puutarha junat\"},{\"@type\":\"BreadcrumbList\",\"@id\":\"https:\\\/\\\/rodoaed.ee\\\/fi\\\/toode\\\/puutarhajunan-asemalaituri\\\/#breadcrumb\",\"itemListElement\":[{\"@type\":\"ListItem\",\"position\":1,\"name\":\"Home\",\"item\":\"https:\\\/\\\/rodoaed.ee\\\/fi\\\/\"},{\"@type\":\"ListItem\",\"position\":2,\"name\":\"Osta osoitteessa\",\"item\":\"https:\\\/\\\/rodoaed.ee\\\/osta-osoitteessa\\\/\"},{\"@type\":\"ListItem\",\"position\":3,\"name\":\"Puutarhajunan asemalaituri\"}]},{\"@type\":\"WebSite\",\"@id\":\"https:\\\/\\\/rodoaed.ee\\\/#website\",\"url\":\"https:\\\/\\\/rodoaed.ee\\\/\",\"name\":\"Rodoaed\",\"description\":\"\",\"publisher\":{\"@id\":\"https:\\\/\\\/rodoaed.ee\\\/#organization\"},\"potentialAction\":[{\"@type\":\"SearchAction\",\"target\":{\"@type\":\"EntryPoint\",\"urlTemplate\":\"https:\\\/\\\/rodoaed.ee\\\/?s={search_term_string}\"},\"query-input\":{\"@type\":\"PropertyValueSpecification\",\"valueRequired\":true,\"valueName\":\"search_term_string\"}}],\"inLanguage\":\"fi\"},{\"@type\":\"Organization\",\"@id\":\"https:\\\/\\\/rodoaed.ee\\\/#organization\",\"name\":\"Rodoaed\",\"url\":\"https:\\\/\\\/rodoaed.ee\\\/\",\"logo\":{\"@type\":\"ImageObject\",\"inLanguage\":\"fi\",\"@id\":\"https:\\\/\\\/rodoaed.ee\\\/#\\\/schema\\\/logo\\\/image\\\/\",\"url\":\"https:\\\/\\\/rodoaed.ee\\\/wp-content\\\/uploads\\\/2019\\\/11\\\/rodoaed-logo-ilma-taustata.jpg\",\"contentUrl\":\"https:\\\/\\\/rodoaed.ee\\\/wp-content\\\/uploads\\\/2019\\\/11\\\/rodoaed-logo-ilma-taustata.jpg\",\"width\":769,\"height\":268,\"caption\":\"Rodoaed\"},\"image\":{\"@id\":\"https:\\\/\\\/rodoaed.ee\\\/#\\\/schema\\\/logo\\\/image\\\/\"},\"sameAs\":[\"https:\\\/\\\/www.facebook.com\\\/kasvuhooned\\\/\",\"https:\\\/\\\/rodoaed.ee\"]}]}<\/script>\n<!-- \/ Yoast SEO Premium plugin. -->","yoast_head_json":{"title":"Puutarhajunan asemalaituri% % -% Rodoaed% puutarhajunat ja tarvikkeet","description":"Asemalaituri tai pohjalevy asemarakennusta tai apurakennuksia varten - LGB puutarhajuna mittakaavassa 1.22,5. T\u00e4ydellinen asemalaituri puutarhajunien k\u00e4ynnist\u00e4miseen puutarhassasi.","robots":{"index":"index","follow":"follow","max-snippet":"max-snippet:-1","max-image-preview":"max-image-preview:large","max-video-preview":"max-video-preview:-1"},"canonical":"https:\/\/rodoaed.ee\/fi\/toode\/puutarhajunan-asemalaituri\/","og_locale":"fi_FI","og_type":"article","og_title":"Puutarhajunan asemalaituri","og_description":"Asemalaituri tai asemarakennuksen ja apurakennusten pohjalevy, puutarhajuna Aseman ja ulkorakennuksen asemalaituri on juuri sellainen pieni","og_url":"https:\/\/rodoaed.ee\/fi\/toode\/puutarhajunan-asemalaituri\/","og_site_name":"Rodoaed","article_publisher":"https:\/\/www.facebook.com\/kasvuhooned\/","article_modified_time":"2026-04-13T08:01:58+00:00","og_image":[{"width":750,"height":488,"url":"https:\/\/rodoaed.ee\/wp-content\/uploads\/2019\/10\/aiarongid_jaama-platvorm_330904.jpg","type":"image\/jpeg"}],"twitter_card":"summary_large_image","twitter_misc":{"Arvioitu lukuaika":"1 minuutti"},"schema":{"@context":"https:\/\/schema.org","@graph":[{"@type":"WebPage","@id":"https:\/\/rodoaed.ee\/fi\/toode\/puutarhajunan-asemalaituri\/","url":"https:\/\/rodoaed.ee\/fi\/toode\/puutarhajunan-asemalaituri\/","name":"Puutarhajunan asemalaituri% % -% Rodoaed% puutarhajunat ja tarvikkeet","isPartOf":{"@id":"https:\/\/rodoaed.ee\/#website"},"primaryImageOfPage":{"@id":"https:\/\/rodoaed.ee\/fi\/toode\/puutarhajunan-asemalaituri\/#primaryimage"},"image":{"@id":"https:\/\/rodoaed.ee\/fi\/toode\/puutarhajunan-asemalaituri\/#primaryimage"},"thumbnailUrl":"https:\/\/rodoaed.ee\/wp-content\/uploads\/2019\/10\/aiarongid_jaama-platvorm_330904.jpg","datePublished":"2019-10-08T20:00:50+00:00","dateModified":"2026-04-13T08:01:58+00:00","description":"Asemalaituri tai pohjalevy asemarakennusta tai apurakennuksia varten - LGB puutarhajuna mittakaavassa 1.22,5. T\u00e4ydellinen asemalaituri puutarhajunien k\u00e4ynnist\u00e4miseen puutarhassasi.","breadcrumb":{"@id":"https:\/\/rodoaed.ee\/fi\/toode\/puutarhajunan-asemalaituri\/#breadcrumb"},"inLanguage":"fi","potentialAction":[{"@type":"ReadAction","target":["https:\/\/rodoaed.ee\/fi\/toode\/puutarhajunan-asemalaituri\/"]}]},{"@type":"ImageObject","inLanguage":"fi","@id":"https:\/\/rodoaed.ee\/fi\/toode\/puutarhajunan-asemalaituri\/#primaryimage","url":"https:\/\/rodoaed.ee\/wp-content\/uploads\/2019\/10\/aiarongid_jaama-platvorm_330904.jpg","contentUrl":"https:\/\/rodoaed.ee\/wp-content\/uploads\/2019\/10\/aiarongid_jaama-platvorm_330904.jpg","width":750,"height":488,"caption":"asemalaituri puutarha junat"},{"@type":"BreadcrumbList","@id":"https:\/\/rodoaed.ee\/fi\/toode\/puutarhajunan-asemalaituri\/#breadcrumb","itemListElement":[{"@type":"ListItem","position":1,"name":"Home","item":"https:\/\/rodoaed.ee\/fi\/"},{"@type":"ListItem","position":2,"name":"Osta osoitteessa","item":"https:\/\/rodoaed.ee\/osta-osoitteessa\/"},{"@type":"ListItem","position":3,"name":"Puutarhajunan asemalaituri"}]},{"@type":"WebSite","@id":"https:\/\/rodoaed.ee\/#website","url":"https:\/\/rodoaed.ee\/","name":"Rodoaed","description":"","publisher":{"@id":"https:\/\/rodoaed.ee\/#organization"},"potentialAction":[{"@type":"SearchAction","target":{"@type":"EntryPoint","urlTemplate":"https:\/\/rodoaed.ee\/?s={search_term_string}"},"query-input":{"@type":"PropertyValueSpecification","valueRequired":true,"valueName":"search_term_string"}}],"inLanguage":"fi"},{"@type":"Organization","@id":"https:\/\/rodoaed.ee\/#organization","name":"Rodoaed","url":"https:\/\/rodoaed.ee\/","logo":{"@type":"ImageObject","inLanguage":"fi","@id":"https:\/\/rodoaed.ee\/#\/schema\/logo\/image\/","url":"https:\/\/rodoaed.ee\/wp-content\/uploads\/2019\/11\/rodoaed-logo-ilma-taustata.jpg","contentUrl":"https:\/\/rodoaed.ee\/wp-content\/uploads\/2019\/11\/rodoaed-logo-ilma-taustata.jpg","width":769,"height":268,"caption":"Rodoaed"},"image":{"@id":"https:\/\/rodoaed.ee\/#\/schema\/logo\/image\/"},"sameAs":["https:\/\/www.facebook.com\/kasvuhooned\/","https:\/\/rodoaed.ee"]}]}},"_links":{"self":[{"href":"https:\/\/rodoaed.ee\/fi\/wp-json\/wp\/v2\/product\/53202","targetHints":{"allow":["GET"]}}],"collection":[{"href":"https:\/\/rodoaed.ee\/fi\/wp-json\/wp\/v2\/product"}],"about":[{"href":"https:\/\/rodoaed.ee\/fi\/wp-json\/wp\/v2\/types\/product"}],"wp:featuredmedia":[{"embeddable":true,"href":"https:\/\/rodoaed.ee\/fi\/wp-json\/wp\/v2\/media\/27880"}],"wp:attachment":[{"href":"https:\/\/rodoaed.ee\/fi\/wp-json\/wp\/v2\/media?parent=53202"}],"wp:term":[{"taxonomy":"product_brand","embeddable":true,"href":"https:\/\/rodoaed.ee\/fi\/wp-json\/wp\/v2\/product_brand?post=53202"},{"taxonomy":"product_cat","embeddable":true,"href":"https:\/\/rodoaed.ee\/fi\/wp-json\/wp\/v2\/product_cat?post=53202"},{"taxonomy":"product_tag","embeddable":true,"href":"https:\/\/rodoaed.ee\/fi\/wp-json\/wp\/v2\/product_tag?post=53202"}],"curies":[{"name":"wp","href":"https:\/\/api.w.org\/{rel}","templated":true}]}}