{"id":53207,"date":"2019-10-17T21:06:41","date_gmt":"2019-10-17T18:06:41","guid":{"rendered":"https:\/\/rodoaed.ee\/toode\/fileeraus-kokanuga-k6-luumupuukahva-230mm\/"},"modified":"2026-04-13T11:02:06","modified_gmt":"2026-04-13T08:02:06","slug":"fileeraus-kokanuga-k6-luumupuukahva-230mm","status":"publish","type":"product","link":"https:\/\/rodoaed.ee\/fi\/tuote\/fileeraus-kokanuga-k6-luumupuukahva-230mm\/","title":{"rendered":"Fileeraus Kokanuga K6- luumupuukahva 230mm"},"content":{"rendered":"<h2>Kokanuga K6- fileointiveitsi. Luumupuinen kahva <\/h2>\n<h3>Lihan ja kalan fileointiin, lihan, kalan, vihannesten, sienien ja yrttien leikkaamiseen ja viipalointiin leikkuulaudalla.<\/h3>\n<p>Kokanuga- ja fileointiveitsi K6 on uusin mallimme. Se on klassisen muotoinen fileointiveitsi. Perusteellisesti hiottu ja ter\u00e4v\u00e4 ter\u00e4n tyvest\u00e4 k\u00e4rkeen. Sopii erinomaisesti fileointiin, kinkun viipalointiin ja muuhun, ja hyv\u00e4n kokkiveitsen tapaan sit\u00e4 voidaan k\u00e4ytt\u00e4\u00e4 my\u00f6s vihannesten, sienten ja hienojen mausteiden viipalointiin.   <\/p>\n<p>T\u00e4ss\u00e4 veitsess\u00e4 on lis\u00e4etuna pehme\u00e4 puinen leikkuulauta ter\u00e4\u00e4 vastap\u00e4\u00e4t\u00e4, jotta ter\u00e4n ter\u00e4vyys s\u00e4ilyy erityisen pitk\u00e4\u00e4n. Parhaan tuloksen saavuttamiseksi suosittelemme h\u00f6yrytetyn kirsikkapuun leikkuuveitsen k\u00e4ytt\u00f6\u00e4. <\/p>\n<h2>Parhaat sovellukset:<\/h2>\n<div>\n<ul>\n<li>K\u00e4ytt\u00f6 leikkuulaudalla<\/li>\n<li>Luiden viilaaminen ja leikkaaminen<\/li>\n<li>Liha ja kala<\/li>\n<\/ul>\n<\/div>\n<h2>T\u00e4rkeimm\u00e4t ominaisuudet:<\/h2>\n<ul>\n<li>Runko: ruostumaton ter\u00e4s-kromi-vanadiini-molybdeeniseoskuituja <strong>+ 0,7 % hiilt\u00e4.<\/strong><\/li>\n<li>Kovuus 60 HRC (normaalit veitset ovat noin HRC 55-57).<\/li>\n<li>Laadut: <strong>sinilasitettu<\/strong> (Robert Herder valmistaa kahta laatua &#8211; hienolasitettu yksinkertaisempiin veitsiin ja sinilasitettu kalliimpiin veitsiin).<\/li>\n<li>Symmetrinen &#8211; sopii sek\u00e4 vasen- ett\u00e4 oikeak\u00e4tisille.<\/li>\n<li>Kahva: luumupuu<\/li>\n<\/ul>\n<h2>Tekniset tiedot:<\/h2>\n<ul>\n<li>Ter\u00e4n pituus 230 mm<\/li>\n<li>Ter\u00e4n korkeus .. mm<\/li>\n<li>Paksuus .. mm<\/li>\n<li>Teroituskulma &#8230; \u00b0<\/li>\n<li>Noahin kokonaispituus kahvan kanssa 350 mm<\/li>\n<li>Paino: 110 grammaa<\/li>\n<\/ul>\n<p><a href=\"https:\/\/rodoaed.ee\/fi\/\">kotisivu<\/a> <a href=\"https:\/\/rodoaed.ee\/fi\/tootekategooria\/keittiolaitteet\/\">k\u00e4ynnist\u00e4<\/a> <a href=\"https:\/\/rodoaed.ee\/fi\/tootekategooria\/keittiolaitteet\/keittion-pesuallas\/\">Keitti\u00f6n portaat<\/a> <a href=\"https:\/\/rodoaed.ee\/fi\/toode\/poyta-jossa-on-vanhan-saksalaisen-luumupuun-kahva\/\">p\u00f6yd\u00e4ll\u00e4<\/a> <a href=\"https:\/\/rodoaed.ee\/fi\/toode\/kokanuga-k5-luumupuukahva-182mm\/\">ruoanlaitto veitsi<\/a> <a href=\"https:\/\/rodoaed.ee\/fi\/toode\/leivanuga-k-b2-luumupuukahva-230mm\/\">leip\u00e4 veitsi<\/a><\/p>\n<p>&nbsp;<\/p>\n","protected":false},"excerpt":{"rendered":"<p>Kokanuga K6- fileointiveitsi. Luumupuinen kahva Lihan ja kalan fileointiin, lihan, kalan, vihannesten, sienien ja yrttien leikkaamiseen ja viipalointiin leikkuulaudalla. Kokanuga- ja fileointiveitsi K6 on uusin mallimme. Se on klassisen muotoinen fileointiveitsi. Perusteellisesti hiottu ja ter\u00e4v\u00e4 ter\u00e4n tyvest\u00e4 k\u00e4rkeen. Sopii erinomaisesti fileointiin, kinkun viipalointiin ja muuhun, ja hyv\u00e4n kokkiveitsen tapaan sit\u00e4 voidaan k\u00e4ytt\u00e4\u00e4 my\u00f6s vihannesten, sienten ja hienojen mausteiden viipalointiin. T\u00e4ss\u00e4 veitsess\u00e4 on lis\u00e4etuna pehme\u00e4 puinen&#8230;<\/p>\n","protected":false},"featured_media":28705,"template":"","meta":{"_acf_changed":false},"product_brand":[],"product_cat":[1751,1830,1892,1834],"product_tag":[],"class_list":{"0":"post-53207","1":"product","2":"type-product","3":"status-publish","4":"has-post-thumbnail","6":"product_cat-keittiolaitteet","7":"product_cat-keittion-pesuallas","8":"product_cat-kookos","9":"product_cat-lahjat-metsastajalle","10":"product_shipping_class-toimitus-1-3-tyopaivan-kuluessa","11":"pa_variatsioon-keittioveitsi-k0-hiiliteras-kiillotettu-varsi-luumupuuta","13":"first","14":"outofstock","15":"sale","16":"taxable","17":"shipping-taxable","18":"purchasable","19":"product-type-simple"},"acf":[],"yoast_head":"<!-- This site is optimized with the Yoast SEO Premium plugin v27.3 (Yoast SEO v27.3) - https:\/\/yoast.com\/product\/yoast-seo-premium-wordpress\/ -->\n<title>Fileeraus Kokanuga K6- luumupuukahva 230mm% % -% Rodoaed% keitti\u00f6n lavuaarit<\/title>\n<meta name=\"description\" content=\"Kokanuga- ja fileointiveitsi K6 on uusin mallimme. Kokanuga K6 on pitk\u00e4 ja ohutter\u00e4inen veitsi lihan ja kalan fileointiin ja vihannesten leikkaamiseen.\" \/>\n<meta name=\"robots\" content=\"index, follow, max-snippet:-1, max-image-preview:large, max-video-preview:-1\" \/>\n<link rel=\"canonical\" href=\"https:\/\/rodoaed.ee\/fi\/toode\/fileeraus-kokanuga-k6-luumupuukahva-230mm\/\" \/>\n<meta property=\"og:locale\" content=\"fi_FI\" \/>\n<meta property=\"og:type\" content=\"article\" \/>\n<meta property=\"og:title\" content=\"Fileeraus Kokanuga K6- luumupuukahva 230mm\" \/>\n<meta property=\"og:description\" content=\"Kokanuga K6- fileointiveitsi. Luumupuinen kahva Lihan ja kalan fileointiin, lihan, kalan, vihannesten, sienien ja yrttien leikkaamiseen ja viipalointiin\" \/>\n<meta property=\"og:url\" content=\"https:\/\/rodoaed.ee\/fi\/toode\/fileeraus-kokanuga-k6-luumupuukahva-230mm\/\" \/>\n<meta property=\"og:site_name\" content=\"Rodoaed\" \/>\n<meta property=\"article:publisher\" content=\"https:\/\/www.facebook.com\/kasvuhooned\/\" \/>\n<meta property=\"article:modified_time\" content=\"2026-04-13T08:02:06+00:00\" \/>\n<meta property=\"og:image\" content=\"https:\/\/rodoaed.ee\/wp-content\/uploads\/2019\/10\/k\u00f6\u00f6ginuga_K6_ploomipuu_9735198904_K6_Pflaume_01-scaled.jpg\" \/>\n\t<meta property=\"og:image:width\" content=\"6153\" \/>\n\t<meta property=\"og:image:height\" content=\"611\" \/>\n\t<meta property=\"og:image:type\" content=\"image\/jpeg\" \/>\n<meta name=\"twitter:card\" content=\"summary_large_image\" \/>\n<meta name=\"twitter:label1\" content=\"Arvioitu lukuaika\" \/>\n\t<meta name=\"twitter:data1\" content=\"1 minuutti\" \/>\n<script type=\"application\/ld+json\" class=\"yoast-schema-graph\">{\"@context\":\"https:\\\/\\\/schema.org\",\"@graph\":[{\"@type\":\"WebPage\",\"@id\":\"https:\\\/\\\/rodoaed.ee\\\/fi\\\/toode\\\/fileeraus-kokanuga-k6-luumupuukahva-230mm\\\/\",\"url\":\"https:\\\/\\\/rodoaed.ee\\\/fi\\\/toode\\\/fileeraus-kokanuga-k6-luumupuukahva-230mm\\\/\",\"name\":\"Fileeraus Kokanuga K6- luumupuukahva 230mm% % -% Rodoaed% keitti\u00f6n lavuaarit\",\"isPartOf\":{\"@id\":\"https:\\\/\\\/rodoaed.ee\\\/#website\"},\"primaryImageOfPage\":{\"@id\":\"https:\\\/\\\/rodoaed.ee\\\/fi\\\/toode\\\/fileeraus-kokanuga-k6-luumupuukahva-230mm\\\/#primaryimage\"},\"image\":{\"@id\":\"https:\\\/\\\/rodoaed.ee\\\/fi\\\/toode\\\/fileeraus-kokanuga-k6-luumupuukahva-230mm\\\/#primaryimage\"},\"thumbnailUrl\":\"https:\\\/\\\/rodoaed.ee\\\/wp-content\\\/uploads\\\/2019\\\/10\\\/k\u00f6\u00f6ginuga_K6_ploomipuu_9735198904_K6_Pflaume_01-scaled.jpg\",\"datePublished\":\"2019-10-17T18:06:41+00:00\",\"dateModified\":\"2026-04-13T08:02:06+00:00\",\"description\":\"Kokanuga- ja fileointiveitsi K6 on uusin mallimme. Kokanuga K6 on pitk\u00e4 ja ohutter\u00e4inen veitsi lihan ja kalan fileointiin ja vihannesten leikkaamiseen.\",\"breadcrumb\":{\"@id\":\"https:\\\/\\\/rodoaed.ee\\\/fi\\\/toode\\\/fileeraus-kokanuga-k6-luumupuukahva-230mm\\\/#breadcrumb\"},\"inLanguage\":\"fi\",\"potentialAction\":[{\"@type\":\"ReadAction\",\"target\":[\"https:\\\/\\\/rodoaed.ee\\\/fi\\\/toode\\\/fileeraus-kokanuga-k6-luumupuukahva-230mm\\\/\"]}]},{\"@type\":\"ImageObject\",\"inLanguage\":\"fi\",\"@id\":\"https:\\\/\\\/rodoaed.ee\\\/fi\\\/toode\\\/fileeraus-kokanuga-k6-luumupuukahva-230mm\\\/#primaryimage\",\"url\":\"https:\\\/\\\/rodoaed.ee\\\/wp-content\\\/uploads\\\/2019\\\/10\\\/k\u00f6\u00f6ginuga_K6_ploomipuu_9735198904_K6_Pflaume_01-scaled.jpg\",\"contentUrl\":\"https:\\\/\\\/rodoaed.ee\\\/wp-content\\\/uploads\\\/2019\\\/10\\\/k\u00f6\u00f6ginuga_K6_ploomipuu_9735198904_K6_Pflaume_01-scaled.jpg\",\"width\":6153,\"height\":611,\"caption\":\"keitti\u00f6veitsi kokkiveitsi fileointiveitsi\"},{\"@type\":\"BreadcrumbList\",\"@id\":\"https:\\\/\\\/rodoaed.ee\\\/fi\\\/toode\\\/fileeraus-kokanuga-k6-luumupuukahva-230mm\\\/#breadcrumb\",\"itemListElement\":[{\"@type\":\"ListItem\",\"position\":1,\"name\":\"Home\",\"item\":\"https:\\\/\\\/rodoaed.ee\\\/fi\\\/\"},{\"@type\":\"ListItem\",\"position\":2,\"name\":\"Osta osoitteessa\",\"item\":\"https:\\\/\\\/rodoaed.ee\\\/osta-osoitteessa\\\/\"},{\"@type\":\"ListItem\",\"position\":3,\"name\":\"Fileeraus Kokanuga K6- luumupuukahva 230mm\"}]},{\"@type\":\"WebSite\",\"@id\":\"https:\\\/\\\/rodoaed.ee\\\/#website\",\"url\":\"https:\\\/\\\/rodoaed.ee\\\/\",\"name\":\"Rodoaed\",\"description\":\"\",\"publisher\":{\"@id\":\"https:\\\/\\\/rodoaed.ee\\\/#organization\"},\"potentialAction\":[{\"@type\":\"SearchAction\",\"target\":{\"@type\":\"EntryPoint\",\"urlTemplate\":\"https:\\\/\\\/rodoaed.ee\\\/?s={search_term_string}\"},\"query-input\":{\"@type\":\"PropertyValueSpecification\",\"valueRequired\":true,\"valueName\":\"search_term_string\"}}],\"inLanguage\":\"fi\"},{\"@type\":\"Organization\",\"@id\":\"https:\\\/\\\/rodoaed.ee\\\/#organization\",\"name\":\"Rodoaed\",\"url\":\"https:\\\/\\\/rodoaed.ee\\\/\",\"logo\":{\"@type\":\"ImageObject\",\"inLanguage\":\"fi\",\"@id\":\"https:\\\/\\\/rodoaed.ee\\\/#\\\/schema\\\/logo\\\/image\\\/\",\"url\":\"https:\\\/\\\/rodoaed.ee\\\/wp-content\\\/uploads\\\/2019\\\/11\\\/rodoaed-logo-ilma-taustata.jpg\",\"contentUrl\":\"https:\\\/\\\/rodoaed.ee\\\/wp-content\\\/uploads\\\/2019\\\/11\\\/rodoaed-logo-ilma-taustata.jpg\",\"width\":769,\"height\":268,\"caption\":\"Rodoaed\"},\"image\":{\"@id\":\"https:\\\/\\\/rodoaed.ee\\\/#\\\/schema\\\/logo\\\/image\\\/\"},\"sameAs\":[\"https:\\\/\\\/www.facebook.com\\\/kasvuhooned\\\/\",\"https:\\\/\\\/rodoaed.ee\"]}]}<\/script>\n<!-- \/ Yoast SEO Premium plugin. -->","yoast_head_json":{"title":"Fileeraus Kokanuga K6- luumupuukahva 230mm% % -% Rodoaed% keitti\u00f6n lavuaarit","description":"Kokanuga- ja fileointiveitsi K6 on uusin mallimme. Kokanuga K6 on pitk\u00e4 ja ohutter\u00e4inen veitsi lihan ja kalan fileointiin ja vihannesten leikkaamiseen.","robots":{"index":"index","follow":"follow","max-snippet":"max-snippet:-1","max-image-preview":"max-image-preview:large","max-video-preview":"max-video-preview:-1"},"canonical":"https:\/\/rodoaed.ee\/fi\/toode\/fileeraus-kokanuga-k6-luumupuukahva-230mm\/","og_locale":"fi_FI","og_type":"article","og_title":"Fileeraus Kokanuga K6- luumupuukahva 230mm","og_description":"Kokanuga K6- fileointiveitsi. Luumupuinen kahva Lihan ja kalan fileointiin, lihan, kalan, vihannesten, sienien ja yrttien leikkaamiseen ja viipalointiin","og_url":"https:\/\/rodoaed.ee\/fi\/toode\/fileeraus-kokanuga-k6-luumupuukahva-230mm\/","og_site_name":"Rodoaed","article_publisher":"https:\/\/www.facebook.com\/kasvuhooned\/","article_modified_time":"2026-04-13T08:02:06+00:00","og_image":[{"width":6153,"height":611,"url":"https:\/\/rodoaed.ee\/wp-content\/uploads\/2019\/10\/k\u00f6\u00f6ginuga_K6_ploomipuu_9735198904_K6_Pflaume_01-scaled.jpg","type":"image\/jpeg"}],"twitter_card":"summary_large_image","twitter_misc":{"Arvioitu lukuaika":"1 minuutti"},"schema":{"@context":"https:\/\/schema.org","@graph":[{"@type":"WebPage","@id":"https:\/\/rodoaed.ee\/fi\/toode\/fileeraus-kokanuga-k6-luumupuukahva-230mm\/","url":"https:\/\/rodoaed.ee\/fi\/toode\/fileeraus-kokanuga-k6-luumupuukahva-230mm\/","name":"Fileeraus Kokanuga K6- luumupuukahva 230mm% % -% Rodoaed% keitti\u00f6n lavuaarit","isPartOf":{"@id":"https:\/\/rodoaed.ee\/#website"},"primaryImageOfPage":{"@id":"https:\/\/rodoaed.ee\/fi\/toode\/fileeraus-kokanuga-k6-luumupuukahva-230mm\/#primaryimage"},"image":{"@id":"https:\/\/rodoaed.ee\/fi\/toode\/fileeraus-kokanuga-k6-luumupuukahva-230mm\/#primaryimage"},"thumbnailUrl":"https:\/\/rodoaed.ee\/wp-content\/uploads\/2019\/10\/k\u00f6\u00f6ginuga_K6_ploomipuu_9735198904_K6_Pflaume_01-scaled.jpg","datePublished":"2019-10-17T18:06:41+00:00","dateModified":"2026-04-13T08:02:06+00:00","description":"Kokanuga- ja fileointiveitsi K6 on uusin mallimme. Kokanuga K6 on pitk\u00e4 ja ohutter\u00e4inen veitsi lihan ja kalan fileointiin ja vihannesten leikkaamiseen.","breadcrumb":{"@id":"https:\/\/rodoaed.ee\/fi\/toode\/fileeraus-kokanuga-k6-luumupuukahva-230mm\/#breadcrumb"},"inLanguage":"fi","potentialAction":[{"@type":"ReadAction","target":["https:\/\/rodoaed.ee\/fi\/toode\/fileeraus-kokanuga-k6-luumupuukahva-230mm\/"]}]},{"@type":"ImageObject","inLanguage":"fi","@id":"https:\/\/rodoaed.ee\/fi\/toode\/fileeraus-kokanuga-k6-luumupuukahva-230mm\/#primaryimage","url":"https:\/\/rodoaed.ee\/wp-content\/uploads\/2019\/10\/k\u00f6\u00f6ginuga_K6_ploomipuu_9735198904_K6_Pflaume_01-scaled.jpg","contentUrl":"https:\/\/rodoaed.ee\/wp-content\/uploads\/2019\/10\/k\u00f6\u00f6ginuga_K6_ploomipuu_9735198904_K6_Pflaume_01-scaled.jpg","width":6153,"height":611,"caption":"keitti\u00f6veitsi kokkiveitsi fileointiveitsi"},{"@type":"BreadcrumbList","@id":"https:\/\/rodoaed.ee\/fi\/toode\/fileeraus-kokanuga-k6-luumupuukahva-230mm\/#breadcrumb","itemListElement":[{"@type":"ListItem","position":1,"name":"Home","item":"https:\/\/rodoaed.ee\/fi\/"},{"@type":"ListItem","position":2,"name":"Osta osoitteessa","item":"https:\/\/rodoaed.ee\/osta-osoitteessa\/"},{"@type":"ListItem","position":3,"name":"Fileeraus Kokanuga K6- luumupuukahva 230mm"}]},{"@type":"WebSite","@id":"https:\/\/rodoaed.ee\/#website","url":"https:\/\/rodoaed.ee\/","name":"Rodoaed","description":"","publisher":{"@id":"https:\/\/rodoaed.ee\/#organization"},"potentialAction":[{"@type":"SearchAction","target":{"@type":"EntryPoint","urlTemplate":"https:\/\/rodoaed.ee\/?s={search_term_string}"},"query-input":{"@type":"PropertyValueSpecification","valueRequired":true,"valueName":"search_term_string"}}],"inLanguage":"fi"},{"@type":"Organization","@id":"https:\/\/rodoaed.ee\/#organization","name":"Rodoaed","url":"https:\/\/rodoaed.ee\/","logo":{"@type":"ImageObject","inLanguage":"fi","@id":"https:\/\/rodoaed.ee\/#\/schema\/logo\/image\/","url":"https:\/\/rodoaed.ee\/wp-content\/uploads\/2019\/11\/rodoaed-logo-ilma-taustata.jpg","contentUrl":"https:\/\/rodoaed.ee\/wp-content\/uploads\/2019\/11\/rodoaed-logo-ilma-taustata.jpg","width":769,"height":268,"caption":"Rodoaed"},"image":{"@id":"https:\/\/rodoaed.ee\/#\/schema\/logo\/image\/"},"sameAs":["https:\/\/www.facebook.com\/kasvuhooned\/","https:\/\/rodoaed.ee"]}]}},"_links":{"self":[{"href":"https:\/\/rodoaed.ee\/fi\/wp-json\/wp\/v2\/product\/53207","targetHints":{"allow":["GET"]}}],"collection":[{"href":"https:\/\/rodoaed.ee\/fi\/wp-json\/wp\/v2\/product"}],"about":[{"href":"https:\/\/rodoaed.ee\/fi\/wp-json\/wp\/v2\/types\/product"}],"wp:featuredmedia":[{"embeddable":true,"href":"https:\/\/rodoaed.ee\/fi\/wp-json\/wp\/v2\/media\/28705"}],"wp:attachment":[{"href":"https:\/\/rodoaed.ee\/fi\/wp-json\/wp\/v2\/media?parent=53207"}],"wp:term":[{"taxonomy":"product_brand","embeddable":true,"href":"https:\/\/rodoaed.ee\/fi\/wp-json\/wp\/v2\/product_brand?post=53207"},{"taxonomy":"product_cat","embeddable":true,"href":"https:\/\/rodoaed.ee\/fi\/wp-json\/wp\/v2\/product_cat?post=53207"},{"taxonomy":"product_tag","embeddable":true,"href":"https:\/\/rodoaed.ee\/fi\/wp-json\/wp\/v2\/product_tag?post=53207"}],"curies":[{"name":"wp","href":"https:\/\/api.w.org\/{rel}","templated":true}]}}