{"id":53208,"date":"2019-10-16T15:20:41","date_gmt":"2019-10-16T12:20:41","guid":{"rendered":"https:\/\/rodoaed.ee\/toode\/1958-ford-fairlane-500-suljettu-avoauto-malliauto\/"},"modified":"2026-04-13T11:02:07","modified_gmt":"2026-04-13T08:02:07","slug":"1958-ford-fairlane-500-suljettu-avoauto-malliauto","status":"publish","type":"product","link":"https:\/\/rodoaed.ee\/fi\/tuote\/1958-ford-fairlane-500-suljettu-avoauto-malliauto\/","title":{"rendered":"1958 Ford Fairlane 500 suljettu avoauto malliauto"},"content":{"rendered":"<h2>Malliauto. Metallinen pienoismalliauton kopio lapsille ja ker\u00e4ilij\u00f6ille. <\/h2>\n<p><strong>Yksityiskohtiensa ja viimeistelyns\u00e4 ansiosta n\u00e4m\u00e4 pienoismalliautot ovat sek\u00e4 lasten lelu ett\u00e4 loistava <strong>lahja <\/strong>kaikille tekniikasta innostuneille ker\u00e4ilij\u00f6ille. <\/strong><strong>Automalleissa on monia liikkuvia osia, kuten ovet, takaluukku, moottorin kansi, ohjauspy\u00f6r\u00e4, istuinten selk\u00e4nojat jne.<\/strong><\/p>\n<p>Malliautot toimitetaan kauniissa lahjapakkauksessa.<\/p>\n<div id=\"short_description_block\">\n<div id=\"short_description_content\" class=\"rte align_justify\">\n<p>Fordin vuoden 1958 mallisarjaa pidettiin yleisesti Detroitin tehtaan kaikkien aikojen tyylikk\u00e4imp\u00e4n\u00e4. Fairlane 500 oli Fordin vakiomallipyramidin huipulla ja auttoi yhti\u00f6t\u00e4 saavuttamaan yhden sen kaikkien aikojen parhaista myyntivuosista. <\/p>\n<p>T\u00e4m\u00e4n mallin pit\u00e4isi l\u00f6yty\u00e4 jokaisesta klassikkoauton mallistosta.<\/p>\n<\/div>\n<\/div>\n<h2 id=\"product_reference\"><label>T\u00e4rkeimm\u00e4t ominaisuudet:<\/label><\/h2>\n<p id=\"product_condition\"><label>Mittakaava: 1:18<\/label><\/p>\n<p>V\u00e4ri: Musta\/vaaleanpunakeltainen<\/p>\n<div id=\"short_description_block\">\n<div id=\"short_description_content\">\n<p><a href=\"https:\/\/rodoaed.ee\/fi\/tootekategooria\/harrastukset-ja-lelut\/malliautot\/\">Malliautot<\/a>   <a href=\"https:\/\/model-shop.ee\">Model-shop.ee<\/a><\/p>\n<\/div>\n<\/div>\n","protected":false},"excerpt":{"rendered":"<p>Malliauto. Metallinen pienoismalliauton kopio lapsille ja ker\u00e4ilij\u00f6ille. Yksityiskohtiensa ja viimeistelyns\u00e4 ansiosta n\u00e4m\u00e4 pienoismalliautot ovat sek\u00e4 lasten lelu ett\u00e4 loistava lahja kaikille tekniikasta innostuneille ker\u00e4ilij\u00f6ille. Automalleissa on monia liikkuvia osia, kuten ovet, takaluukku, moottorin kansi, ohjauspy\u00f6r\u00e4, istuinten selk\u00e4nojat jne. Malliautot toimitetaan kauniissa lahjapakkauksessa. Fordin vuoden 1958 mallisarjaa pidettiin yleisesti Detroitin tehtaan kaikkien aikojen tyylikk\u00e4imp\u00e4n\u00e4. Fairlane 500 oli Fordin vakiomallipyramidin huipulla ja auttoi yhti\u00f6t\u00e4 saavuttamaan yhden sen&#8230;<\/p>\n","protected":false},"featured_media":28107,"template":"","meta":{"_acf_changed":false},"product_brand":[],"product_cat":[1763,1743,2012],"product_tag":[],"class_list":{"0":"post-53208","1":"product","2":"type-product","3":"status-publish","4":"has-post-thumbnail","6":"product_cat-harrastukset-ja-lelut","7":"product_cat-lisalahjat-lahjat","8":"product_cat-malliautot","9":"product_shipping_class-toimitus-1-3-tyopaivan-kuluessa","10":"pa_variatsioon-320dl-hydraulinen-tela-alustainen-kaivukone","12":"first","13":"outofstock","14":"sale","15":"taxable","16":"shipping-taxable","17":"purchasable","18":"product-type-simple"},"acf":[],"yoast_head":"<!-- This site is optimized with the Yoast SEO Premium plugin v27.3 (Yoast SEO v27.3) - https:\/\/yoast.com\/product\/yoast-seo-premium-wordpress\/ -->\n<title>1958 Ford Fairlane 500 suljettu avoauto malliauto - Rodoaed<\/title>\n<meta name=\"description\" content=\"Malliautoja jokaiselta aikakaudelta. P\u00e4\u00e4asiassa metallipy\u00f6r\u00e4isi\u00e4 malleja ja kopiomalleja. Malliautoja vuodesta 1910 nykyp\u00e4iv\u00e4\u00e4n.\" \/>\n<meta name=\"robots\" content=\"index, follow, max-snippet:-1, max-image-preview:large, max-video-preview:-1\" \/>\n<link rel=\"canonical\" href=\"https:\/\/rodoaed.ee\/fi\/toode\/1958-ford-fairlane-500-suljettu-avoauto-malliauto\/\" \/>\n<meta property=\"og:locale\" content=\"fi_FI\" \/>\n<meta property=\"og:type\" content=\"article\" \/>\n<meta property=\"og:title\" content=\"1958 Ford Fairlane 500 suljettu avoauto malliauto\" \/>\n<meta property=\"og:description\" content=\"Malliauto. Metallinen pienoismalliauton kopio lapsille ja ker\u00e4ilij\u00f6ille. Yksityiskohtiensa ja viimeistelyns\u00e4 ansiosta n\u00e4m\u00e4 pienoismalliautot ovat sek\u00e4\" \/>\n<meta property=\"og:url\" content=\"https:\/\/rodoaed.ee\/fi\/toode\/1958-ford-fairlane-500-suljettu-avoauto-malliauto\/\" \/>\n<meta property=\"og:site_name\" content=\"Rodoaed\" \/>\n<meta property=\"article:publisher\" content=\"https:\/\/www.facebook.com\/kasvuhooned\/\" \/>\n<meta property=\"article:modified_time\" content=\"2026-04-13T08:02:07+00:00\" \/>\n<meta property=\"og:image\" content=\"https:\/\/rodoaed.ee\/wp-content\/uploads\/2019\/10\/mudelautod_1958-Ford_5281_01.jpg\" \/>\n\t<meta property=\"og:image:width\" content=\"800\" \/>\n\t<meta property=\"og:image:height\" content=\"600\" \/>\n\t<meta property=\"og:image:type\" content=\"image\/jpeg\" \/>\n<meta name=\"twitter:card\" content=\"summary_large_image\" \/>\n<meta name=\"twitter:label1\" content=\"Arvioitu lukuaika\" \/>\n\t<meta name=\"twitter:data1\" content=\"1 minuutti\" \/>\n<script type=\"application\/ld+json\" class=\"yoast-schema-graph\">{\"@context\":\"https:\\\/\\\/schema.org\",\"@graph\":[{\"@type\":\"WebPage\",\"@id\":\"https:\\\/\\\/rodoaed.ee\\\/fi\\\/toode\\\/1958-ford-fairlane-500-suljettu-avoauto-malliauto\\\/\",\"url\":\"https:\\\/\\\/rodoaed.ee\\\/fi\\\/toode\\\/1958-ford-fairlane-500-suljettu-avoauto-malliauto\\\/\",\"name\":\"1958 Ford Fairlane 500 suljettu avoauto malliauto - Rodoaed\",\"isPartOf\":{\"@id\":\"https:\\\/\\\/rodoaed.ee\\\/#website\"},\"primaryImageOfPage\":{\"@id\":\"https:\\\/\\\/rodoaed.ee\\\/fi\\\/toode\\\/1958-ford-fairlane-500-suljettu-avoauto-malliauto\\\/#primaryimage\"},\"image\":{\"@id\":\"https:\\\/\\\/rodoaed.ee\\\/fi\\\/toode\\\/1958-ford-fairlane-500-suljettu-avoauto-malliauto\\\/#primaryimage\"},\"thumbnailUrl\":\"https:\\\/\\\/rodoaed.ee\\\/wp-content\\\/uploads\\\/2019\\\/10\\\/mudelautod_1958-Ford_5281_01.jpg\",\"datePublished\":\"2019-10-16T12:20:41+00:00\",\"dateModified\":\"2026-04-13T08:02:07+00:00\",\"description\":\"Malliautoja jokaiselta aikakaudelta. P\u00e4\u00e4asiassa metallipy\u00f6r\u00e4isi\u00e4 malleja ja kopiomalleja. Malliautoja vuodesta 1910 nykyp\u00e4iv\u00e4\u00e4n.\",\"breadcrumb\":{\"@id\":\"https:\\\/\\\/rodoaed.ee\\\/fi\\\/toode\\\/1958-ford-fairlane-500-suljettu-avoauto-malliauto\\\/#breadcrumb\"},\"inLanguage\":\"fi\",\"potentialAction\":[{\"@type\":\"ReadAction\",\"target\":[\"https:\\\/\\\/rodoaed.ee\\\/fi\\\/toode\\\/1958-ford-fairlane-500-suljettu-avoauto-malliauto\\\/\"]}]},{\"@type\":\"ImageObject\",\"inLanguage\":\"fi\",\"@id\":\"https:\\\/\\\/rodoaed.ee\\\/fi\\\/toode\\\/1958-ford-fairlane-500-suljettu-avoauto-malliauto\\\/#primaryimage\",\"url\":\"https:\\\/\\\/rodoaed.ee\\\/wp-content\\\/uploads\\\/2019\\\/10\\\/mudelautod_1958-Ford_5281_01.jpg\",\"contentUrl\":\"https:\\\/\\\/rodoaed.ee\\\/wp-content\\\/uploads\\\/2019\\\/10\\\/mudelautod_1958-Ford_5281_01.jpg\",\"width\":800,\"height\":600,\"caption\":\"malliautot automallit\"},{\"@type\":\"BreadcrumbList\",\"@id\":\"https:\\\/\\\/rodoaed.ee\\\/fi\\\/toode\\\/1958-ford-fairlane-500-suljettu-avoauto-malliauto\\\/#breadcrumb\",\"itemListElement\":[{\"@type\":\"ListItem\",\"position\":1,\"name\":\"Home\",\"item\":\"https:\\\/\\\/rodoaed.ee\\\/fi\\\/\"},{\"@type\":\"ListItem\",\"position\":2,\"name\":\"Osta osoitteessa\",\"item\":\"https:\\\/\\\/rodoaed.ee\\\/osta-osoitteessa\\\/\"},{\"@type\":\"ListItem\",\"position\":3,\"name\":\"1958 Ford Fairlane 500 suljettu avoauto malliauto\"}]},{\"@type\":\"WebSite\",\"@id\":\"https:\\\/\\\/rodoaed.ee\\\/#website\",\"url\":\"https:\\\/\\\/rodoaed.ee\\\/\",\"name\":\"Rodoaed\",\"description\":\"\",\"publisher\":{\"@id\":\"https:\\\/\\\/rodoaed.ee\\\/#organization\"},\"potentialAction\":[{\"@type\":\"SearchAction\",\"target\":{\"@type\":\"EntryPoint\",\"urlTemplate\":\"https:\\\/\\\/rodoaed.ee\\\/?s={search_term_string}\"},\"query-input\":{\"@type\":\"PropertyValueSpecification\",\"valueRequired\":true,\"valueName\":\"search_term_string\"}}],\"inLanguage\":\"fi\"},{\"@type\":\"Organization\",\"@id\":\"https:\\\/\\\/rodoaed.ee\\\/#organization\",\"name\":\"Rodoaed\",\"url\":\"https:\\\/\\\/rodoaed.ee\\\/\",\"logo\":{\"@type\":\"ImageObject\",\"inLanguage\":\"fi\",\"@id\":\"https:\\\/\\\/rodoaed.ee\\\/#\\\/schema\\\/logo\\\/image\\\/\",\"url\":\"https:\\\/\\\/rodoaed.ee\\\/wp-content\\\/uploads\\\/2019\\\/11\\\/rodoaed-logo-ilma-taustata.jpg\",\"contentUrl\":\"https:\\\/\\\/rodoaed.ee\\\/wp-content\\\/uploads\\\/2019\\\/11\\\/rodoaed-logo-ilma-taustata.jpg\",\"width\":769,\"height\":268,\"caption\":\"Rodoaed\"},\"image\":{\"@id\":\"https:\\\/\\\/rodoaed.ee\\\/#\\\/schema\\\/logo\\\/image\\\/\"},\"sameAs\":[\"https:\\\/\\\/www.facebook.com\\\/kasvuhooned\\\/\",\"https:\\\/\\\/rodoaed.ee\"]}]}<\/script>\n<!-- \/ Yoast SEO Premium plugin. -->","yoast_head_json":{"title":"1958 Ford Fairlane 500 suljettu avoauto malliauto - Rodoaed","description":"Malliautoja jokaiselta aikakaudelta. P\u00e4\u00e4asiassa metallipy\u00f6r\u00e4isi\u00e4 malleja ja kopiomalleja. Malliautoja vuodesta 1910 nykyp\u00e4iv\u00e4\u00e4n.","robots":{"index":"index","follow":"follow","max-snippet":"max-snippet:-1","max-image-preview":"max-image-preview:large","max-video-preview":"max-video-preview:-1"},"canonical":"https:\/\/rodoaed.ee\/fi\/toode\/1958-ford-fairlane-500-suljettu-avoauto-malliauto\/","og_locale":"fi_FI","og_type":"article","og_title":"1958 Ford Fairlane 500 suljettu avoauto malliauto","og_description":"Malliauto. Metallinen pienoismalliauton kopio lapsille ja ker\u00e4ilij\u00f6ille. Yksityiskohtiensa ja viimeistelyns\u00e4 ansiosta n\u00e4m\u00e4 pienoismalliautot ovat sek\u00e4","og_url":"https:\/\/rodoaed.ee\/fi\/toode\/1958-ford-fairlane-500-suljettu-avoauto-malliauto\/","og_site_name":"Rodoaed","article_publisher":"https:\/\/www.facebook.com\/kasvuhooned\/","article_modified_time":"2026-04-13T08:02:07+00:00","og_image":[{"width":800,"height":600,"url":"https:\/\/rodoaed.ee\/wp-content\/uploads\/2019\/10\/mudelautod_1958-Ford_5281_01.jpg","type":"image\/jpeg"}],"twitter_card":"summary_large_image","twitter_misc":{"Arvioitu lukuaika":"1 minuutti"},"schema":{"@context":"https:\/\/schema.org","@graph":[{"@type":"WebPage","@id":"https:\/\/rodoaed.ee\/fi\/toode\/1958-ford-fairlane-500-suljettu-avoauto-malliauto\/","url":"https:\/\/rodoaed.ee\/fi\/toode\/1958-ford-fairlane-500-suljettu-avoauto-malliauto\/","name":"1958 Ford Fairlane 500 suljettu avoauto malliauto - Rodoaed","isPartOf":{"@id":"https:\/\/rodoaed.ee\/#website"},"primaryImageOfPage":{"@id":"https:\/\/rodoaed.ee\/fi\/toode\/1958-ford-fairlane-500-suljettu-avoauto-malliauto\/#primaryimage"},"image":{"@id":"https:\/\/rodoaed.ee\/fi\/toode\/1958-ford-fairlane-500-suljettu-avoauto-malliauto\/#primaryimage"},"thumbnailUrl":"https:\/\/rodoaed.ee\/wp-content\/uploads\/2019\/10\/mudelautod_1958-Ford_5281_01.jpg","datePublished":"2019-10-16T12:20:41+00:00","dateModified":"2026-04-13T08:02:07+00:00","description":"Malliautoja jokaiselta aikakaudelta. P\u00e4\u00e4asiassa metallipy\u00f6r\u00e4isi\u00e4 malleja ja kopiomalleja. Malliautoja vuodesta 1910 nykyp\u00e4iv\u00e4\u00e4n.","breadcrumb":{"@id":"https:\/\/rodoaed.ee\/fi\/toode\/1958-ford-fairlane-500-suljettu-avoauto-malliauto\/#breadcrumb"},"inLanguage":"fi","potentialAction":[{"@type":"ReadAction","target":["https:\/\/rodoaed.ee\/fi\/toode\/1958-ford-fairlane-500-suljettu-avoauto-malliauto\/"]}]},{"@type":"ImageObject","inLanguage":"fi","@id":"https:\/\/rodoaed.ee\/fi\/toode\/1958-ford-fairlane-500-suljettu-avoauto-malliauto\/#primaryimage","url":"https:\/\/rodoaed.ee\/wp-content\/uploads\/2019\/10\/mudelautod_1958-Ford_5281_01.jpg","contentUrl":"https:\/\/rodoaed.ee\/wp-content\/uploads\/2019\/10\/mudelautod_1958-Ford_5281_01.jpg","width":800,"height":600,"caption":"malliautot automallit"},{"@type":"BreadcrumbList","@id":"https:\/\/rodoaed.ee\/fi\/toode\/1958-ford-fairlane-500-suljettu-avoauto-malliauto\/#breadcrumb","itemListElement":[{"@type":"ListItem","position":1,"name":"Home","item":"https:\/\/rodoaed.ee\/fi\/"},{"@type":"ListItem","position":2,"name":"Osta osoitteessa","item":"https:\/\/rodoaed.ee\/osta-osoitteessa\/"},{"@type":"ListItem","position":3,"name":"1958 Ford Fairlane 500 suljettu avoauto malliauto"}]},{"@type":"WebSite","@id":"https:\/\/rodoaed.ee\/#website","url":"https:\/\/rodoaed.ee\/","name":"Rodoaed","description":"","publisher":{"@id":"https:\/\/rodoaed.ee\/#organization"},"potentialAction":[{"@type":"SearchAction","target":{"@type":"EntryPoint","urlTemplate":"https:\/\/rodoaed.ee\/?s={search_term_string}"},"query-input":{"@type":"PropertyValueSpecification","valueRequired":true,"valueName":"search_term_string"}}],"inLanguage":"fi"},{"@type":"Organization","@id":"https:\/\/rodoaed.ee\/#organization","name":"Rodoaed","url":"https:\/\/rodoaed.ee\/","logo":{"@type":"ImageObject","inLanguage":"fi","@id":"https:\/\/rodoaed.ee\/#\/schema\/logo\/image\/","url":"https:\/\/rodoaed.ee\/wp-content\/uploads\/2019\/11\/rodoaed-logo-ilma-taustata.jpg","contentUrl":"https:\/\/rodoaed.ee\/wp-content\/uploads\/2019\/11\/rodoaed-logo-ilma-taustata.jpg","width":769,"height":268,"caption":"Rodoaed"},"image":{"@id":"https:\/\/rodoaed.ee\/#\/schema\/logo\/image\/"},"sameAs":["https:\/\/www.facebook.com\/kasvuhooned\/","https:\/\/rodoaed.ee"]}]}},"_links":{"self":[{"href":"https:\/\/rodoaed.ee\/fi\/wp-json\/wp\/v2\/product\/53208","targetHints":{"allow":["GET"]}}],"collection":[{"href":"https:\/\/rodoaed.ee\/fi\/wp-json\/wp\/v2\/product"}],"about":[{"href":"https:\/\/rodoaed.ee\/fi\/wp-json\/wp\/v2\/types\/product"}],"wp:featuredmedia":[{"embeddable":true,"href":"https:\/\/rodoaed.ee\/fi\/wp-json\/wp\/v2\/media\/28107"}],"wp:attachment":[{"href":"https:\/\/rodoaed.ee\/fi\/wp-json\/wp\/v2\/media?parent=53208"}],"wp:term":[{"taxonomy":"product_brand","embeddable":true,"href":"https:\/\/rodoaed.ee\/fi\/wp-json\/wp\/v2\/product_brand?post=53208"},{"taxonomy":"product_cat","embeddable":true,"href":"https:\/\/rodoaed.ee\/fi\/wp-json\/wp\/v2\/product_cat?post=53208"},{"taxonomy":"product_tag","embeddable":true,"href":"https:\/\/rodoaed.ee\/fi\/wp-json\/wp\/v2\/product_tag?post=53208"}],"curies":[{"name":"wp","href":"https:\/\/api.w.org\/{rel}","templated":true}]}}