{"id":53211,"date":"2019-10-19T13:06:46","date_gmt":"2019-10-19T10:06:46","guid":{"rendered":"https:\/\/rodoaed.ee\/toode\/castle-diner-ring-pull-midi-vihreys\/"},"modified":"2026-04-13T11:02:08","modified_gmt":"2026-04-13T08:02:08","slug":"castle-diner-ring-pull-midi-vihreys","status":"publish","type":"product","link":"https:\/\/rodoaed.ee\/fi\/tuote\/castle-diner-ring-pull-midi-vihreys\/","title":{"rendered":"Castle Diner Ring-Pull Midi, vihreys"},"content":{"rendered":"<h2>Ring-Pull Midi on nopea avata ja helppo puhdistaa.<\/h2>\n<p><strong>Riippuva ruokala. Ihanteellinen lintujen ruokintakippo, joka voidaan kiinnitt\u00e4\u00e4 oksalle tai jalkaan. <\/strong><\/p>\n<p>Eritt\u00e4in korkealaatuinen polykarbonaatti- ja ruostumaton metallipullopullo, helppo t\u00e4ytt\u00e4\u00e4 ja puhdistaa L\u00e4pin\u00e4kyv\u00e4 polykarbonaattiputki.<\/p>\n<p>Ring-Pull-tyyppiset linnan ruokailutilat ovat kaikki irrotettavan katon omaavia ja niiss\u00e4 on j\u00e4ykk\u00e4 pohja &#8211; molemmat on valmistettu kest\u00e4v\u00e4st\u00e4 metalliseoksesta. Metalliset ahvenet ovat ruostumattomia, ruokintakuopat on valmistettu ruostumattomasta ter\u00e4ksest\u00e4, joka kest\u00e4\u00e4 my\u00f6s oravia, ja putket on valmistettu l\u00e4pin\u00e4kyv\u00e4st\u00e4 ja UV-s\u00e4teily\u00e4 kest\u00e4v\u00e4st\u00e4 polykarbonaatista, joka ei muuta v\u00e4ri\u00e4\u00e4n eik\u00e4 halkeile ajan my\u00f6t\u00e4. Voit lis\u00e4t\u00e4 ahveniin lis\u00e4\u00e4 ahvenia tai olkia, jotta linnut voivat istua niiss\u00e4 entist\u00e4kin mukavammin.  <\/p>\n<p><strong>Sijainti ja asennus<\/strong><\/p>\n<p>T\u00e4m\u00e4 ruokapullo on kevyt mutta eritt\u00e4in vahva ja kest\u00e4v\u00e4. Sopii ripustettavaksi oksaan tai erityiseen metallitelineeseen. Kummassakin tapauksessa j\u00e4rjestely on kissojen kest\u00e4v\u00e4 ja turvallinen linnuille.  <\/p>\n<p><strong>Suositeltu t\u00e4yteaine<\/strong><\/p>\n<p>Auringonkukansiemenet tai siemenseokset<\/p>\n<p><strong>Puhdistus<\/strong><\/p>\n<p>Voit avata kanttiinin vet\u00e4m\u00e4ll\u00e4 keskell\u00e4 olevaa tankoa ulos, jolloin se hajoaa. Pese ja kuivaa kaikki osat kunnolla ja kokoa ne uudelleen. Kun haluat koota kanttiinin uudelleen, aseta osat samaan j\u00e4rjestykseen ja kiinnit\u00e4 ne tapilla. Linnan ruokapannu kest\u00e4\u00e4 hyvin pitk\u00e4\u00e4n k\u00e4ytt\u00f6\u00e4.   <\/p>\n<p><strong>Materiaali per\u00e4isin<\/strong><\/p>\n<p>Polykarbonaattiputki ja ruostumattomasta metallista valmistettu kansi, pohja ja keittoavat. 4 ruokinta-aukkoa linnuille <\/p>\n<p><strong>Toimitetaan ilman ateriaa<\/strong><\/p>\n<p><strong>V\u00e4ri:<\/strong> vihre\u00e4<\/p>\n<p><strong>Mitat: <\/strong>\u00d8 6,5 cm x korkeus 37,5 cm. Noin 1 litra <\/p>\n<p><strong>Paino: <\/strong>0,8 kg<\/p>\n<p><a href=\"https:\/\/rodoaed.ee\/fi\/tootekategooria\/linnaillalliset-ja-linnan-ravintolat\/\">Ruokailu linnassa<\/a><\/p>\n","protected":false},"excerpt":{"rendered":"<p>Ring-Pull Midi on nopea avata ja helppo puhdistaa. Riippuva ruokala. Ihanteellinen lintujen ruokintakippo, joka voidaan kiinnitt\u00e4\u00e4 oksalle tai jalkaan. Eritt\u00e4in korkealaatuinen polykarbonaatti- ja ruostumaton metallipullopullo, helppo t\u00e4ytt\u00e4\u00e4 ja puhdistaa L\u00e4pin\u00e4kyv\u00e4 polykarbonaattiputki. Ring-Pull-tyyppiset linnan ruokailutilat ovat kaikki irrotettavan katon omaavia ja niiss\u00e4 on j\u00e4ykk\u00e4 pohja &#8211; molemmat on valmistettu kest\u00e4v\u00e4st\u00e4 metalliseoksesta. Metalliset ahvenet ovat ruostumattomia, ruokintakuopat on valmistettu ruostumattomasta ter\u00e4ksest\u00e4, joka kest\u00e4\u00e4 my\u00f6s oravia, ja putket&#8230;<\/p>\n","protected":false},"featured_media":18313,"template":"","meta":{"_acf_changed":false},"product_brand":[],"product_cat":[1767,1954],"product_tag":[],"class_list":{"0":"post-53211","1":"product","2":"type-product","3":"status-publish","4":"has-post-thumbnail","6":"product_cat-linnaillalliset-ja-linnan-ravintolat","7":"product_cat-ring-pull-linnan-ravintolat","8":"product_shipping_class-toimitus-1-3-tyopaivan-kuluessa","9":"pa_variatsioon-25-ring-pull-midi-ruokasali-hopea-viimeinen-varastossa","11":"first","12":"outofstock","13":"taxable","14":"shipping-taxable","15":"purchasable","16":"product-type-simple"},"acf":[],"yoast_head":"<!-- This site is optimized with the Yoast SEO Premium plugin v27.3 (Yoast SEO v27.3) - https:\/\/yoast.com\/product\/yoast-seo-premium-wordpress\/ -->\n<title>Castle Diner Ring-Pull Midi, vihreys% % -% Rodoaed% castle taverns<\/title>\n<meta name=\"description\" content=\"Ring-Pull on nopeasti avautuva ja helposti puhdistettava lintujen ruokintalaitteen malli. Ring-Pull on valmistettu vahvasta polykarbonaatista.\" \/>\n<meta name=\"robots\" content=\"index, follow, max-snippet:-1, max-image-preview:large, max-video-preview:-1\" \/>\n<link rel=\"canonical\" href=\"https:\/\/rodoaed.ee\/fi\/toode\/castle-diner-ring-pull-midi-vihreys\/\" \/>\n<meta property=\"og:locale\" content=\"fi_FI\" \/>\n<meta property=\"og:type\" content=\"article\" \/>\n<meta property=\"og:title\" content=\"Castle Diner Ring-Pull Midi, vihreys\" \/>\n<meta property=\"og:description\" content=\"Ring-Pull Midi on nopea avata ja helppo puhdistaa. Riippuva ruokala. Ihanteellinen lintujen ruokintakippo, joka voidaan kiinnitt\u00e4\u00e4 oksalle tai jalkaan.\" \/>\n<meta property=\"og:url\" content=\"https:\/\/rodoaed.ee\/fi\/toode\/castle-diner-ring-pull-midi-vihreys\/\" \/>\n<meta property=\"og:site_name\" content=\"Rodoaed\" \/>\n<meta property=\"article:publisher\" content=\"https:\/\/www.facebook.com\/kasvuhooned\/\" \/>\n<meta property=\"article:modified_time\" content=\"2026-04-13T08:02:08+00:00\" \/>\n<meta property=\"og:image\" content=\"https:\/\/rodoaed.ee\/wp-content\/uploads\/2019\/07\/Ringpull_midi_586_02.jpg\" \/>\n\t<meta property=\"og:image:width\" content=\"91\" \/>\n\t<meta property=\"og:image:height\" content=\"400\" \/>\n\t<meta property=\"og:image:type\" content=\"image\/jpeg\" \/>\n<meta name=\"twitter:card\" content=\"summary_large_image\" \/>\n<meta name=\"twitter:label1\" content=\"Arvioitu lukuaika\" \/>\n\t<meta name=\"twitter:data1\" content=\"1 minuutti\" \/>\n<script type=\"application\/ld+json\" class=\"yoast-schema-graph\">{\"@context\":\"https:\\\/\\\/schema.org\",\"@graph\":[{\"@type\":\"WebPage\",\"@id\":\"https:\\\/\\\/rodoaed.ee\\\/fi\\\/toode\\\/castle-diner-ring-pull-midi-vihreys\\\/\",\"url\":\"https:\\\/\\\/rodoaed.ee\\\/fi\\\/toode\\\/castle-diner-ring-pull-midi-vihreys\\\/\",\"name\":\"Castle Diner Ring-Pull Midi, vihreys% % -% Rodoaed% castle taverns\",\"isPartOf\":{\"@id\":\"https:\\\/\\\/rodoaed.ee\\\/#website\"},\"primaryImageOfPage\":{\"@id\":\"https:\\\/\\\/rodoaed.ee\\\/fi\\\/toode\\\/castle-diner-ring-pull-midi-vihreys\\\/#primaryimage\"},\"image\":{\"@id\":\"https:\\\/\\\/rodoaed.ee\\\/fi\\\/toode\\\/castle-diner-ring-pull-midi-vihreys\\\/#primaryimage\"},\"thumbnailUrl\":\"https:\\\/\\\/rodoaed.ee\\\/wp-content\\\/uploads\\\/2019\\\/07\\\/Ringpull_midi_586_02.jpg\",\"datePublished\":\"2019-10-19T10:06:46+00:00\",\"dateModified\":\"2026-04-13T08:02:08+00:00\",\"description\":\"Ring-Pull on nopeasti avautuva ja helposti puhdistettava lintujen ruokintalaitteen malli. Ring-Pull on valmistettu vahvasta polykarbonaatista.\",\"breadcrumb\":{\"@id\":\"https:\\\/\\\/rodoaed.ee\\\/fi\\\/toode\\\/castle-diner-ring-pull-midi-vihreys\\\/#breadcrumb\"},\"inLanguage\":\"fi\",\"potentialAction\":[{\"@type\":\"ReadAction\",\"target\":[\"https:\\\/\\\/rodoaed.ee\\\/fi\\\/toode\\\/castle-diner-ring-pull-midi-vihreys\\\/\"]}]},{\"@type\":\"ImageObject\",\"inLanguage\":\"fi\",\"@id\":\"https:\\\/\\\/rodoaed.ee\\\/fi\\\/toode\\\/castle-diner-ring-pull-midi-vihreys\\\/#primaryimage\",\"url\":\"https:\\\/\\\/rodoaed.ee\\\/wp-content\\\/uploads\\\/2019\\\/07\\\/Ringpull_midi_586_02.jpg\",\"contentUrl\":\"https:\\\/\\\/rodoaed.ee\\\/wp-content\\\/uploads\\\/2019\\\/07\\\/Ringpull_midi_586_02.jpg\",\"width\":91,\"height\":400,\"caption\":\"ring-pull castle diner\"},{\"@type\":\"BreadcrumbList\",\"@id\":\"https:\\\/\\\/rodoaed.ee\\\/fi\\\/toode\\\/castle-diner-ring-pull-midi-vihreys\\\/#breadcrumb\",\"itemListElement\":[{\"@type\":\"ListItem\",\"position\":1,\"name\":\"Home\",\"item\":\"https:\\\/\\\/rodoaed.ee\\\/fi\\\/\"},{\"@type\":\"ListItem\",\"position\":2,\"name\":\"Osta osoitteessa\",\"item\":\"https:\\\/\\\/rodoaed.ee\\\/osta-osoitteessa\\\/\"},{\"@type\":\"ListItem\",\"position\":3,\"name\":\"Castle Diner Ring-Pull Midi, vihreys\"}]},{\"@type\":\"WebSite\",\"@id\":\"https:\\\/\\\/rodoaed.ee\\\/#website\",\"url\":\"https:\\\/\\\/rodoaed.ee\\\/\",\"name\":\"Rodoaed\",\"description\":\"\",\"publisher\":{\"@id\":\"https:\\\/\\\/rodoaed.ee\\\/#organization\"},\"potentialAction\":[{\"@type\":\"SearchAction\",\"target\":{\"@type\":\"EntryPoint\",\"urlTemplate\":\"https:\\\/\\\/rodoaed.ee\\\/?s={search_term_string}\"},\"query-input\":{\"@type\":\"PropertyValueSpecification\",\"valueRequired\":true,\"valueName\":\"search_term_string\"}}],\"inLanguage\":\"fi\"},{\"@type\":\"Organization\",\"@id\":\"https:\\\/\\\/rodoaed.ee\\\/#organization\",\"name\":\"Rodoaed\",\"url\":\"https:\\\/\\\/rodoaed.ee\\\/\",\"logo\":{\"@type\":\"ImageObject\",\"inLanguage\":\"fi\",\"@id\":\"https:\\\/\\\/rodoaed.ee\\\/#\\\/schema\\\/logo\\\/image\\\/\",\"url\":\"https:\\\/\\\/rodoaed.ee\\\/wp-content\\\/uploads\\\/2019\\\/11\\\/rodoaed-logo-ilma-taustata.jpg\",\"contentUrl\":\"https:\\\/\\\/rodoaed.ee\\\/wp-content\\\/uploads\\\/2019\\\/11\\\/rodoaed-logo-ilma-taustata.jpg\",\"width\":769,\"height\":268,\"caption\":\"Rodoaed\"},\"image\":{\"@id\":\"https:\\\/\\\/rodoaed.ee\\\/#\\\/schema\\\/logo\\\/image\\\/\"},\"sameAs\":[\"https:\\\/\\\/www.facebook.com\\\/kasvuhooned\\\/\",\"https:\\\/\\\/rodoaed.ee\"]}]}<\/script>\n<!-- \/ Yoast SEO Premium plugin. -->","yoast_head_json":{"title":"Castle Diner Ring-Pull Midi, vihreys% % -% Rodoaed% castle taverns","description":"Ring-Pull on nopeasti avautuva ja helposti puhdistettava lintujen ruokintalaitteen malli. Ring-Pull on valmistettu vahvasta polykarbonaatista.","robots":{"index":"index","follow":"follow","max-snippet":"max-snippet:-1","max-image-preview":"max-image-preview:large","max-video-preview":"max-video-preview:-1"},"canonical":"https:\/\/rodoaed.ee\/fi\/toode\/castle-diner-ring-pull-midi-vihreys\/","og_locale":"fi_FI","og_type":"article","og_title":"Castle Diner Ring-Pull Midi, vihreys","og_description":"Ring-Pull Midi on nopea avata ja helppo puhdistaa. Riippuva ruokala. Ihanteellinen lintujen ruokintakippo, joka voidaan kiinnitt\u00e4\u00e4 oksalle tai jalkaan.","og_url":"https:\/\/rodoaed.ee\/fi\/toode\/castle-diner-ring-pull-midi-vihreys\/","og_site_name":"Rodoaed","article_publisher":"https:\/\/www.facebook.com\/kasvuhooned\/","article_modified_time":"2026-04-13T08:02:08+00:00","og_image":[{"width":91,"height":400,"url":"https:\/\/rodoaed.ee\/wp-content\/uploads\/2019\/07\/Ringpull_midi_586_02.jpg","type":"image\/jpeg"}],"twitter_card":"summary_large_image","twitter_misc":{"Arvioitu lukuaika":"1 minuutti"},"schema":{"@context":"https:\/\/schema.org","@graph":[{"@type":"WebPage","@id":"https:\/\/rodoaed.ee\/fi\/toode\/castle-diner-ring-pull-midi-vihreys\/","url":"https:\/\/rodoaed.ee\/fi\/toode\/castle-diner-ring-pull-midi-vihreys\/","name":"Castle Diner Ring-Pull Midi, vihreys% % -% Rodoaed% castle taverns","isPartOf":{"@id":"https:\/\/rodoaed.ee\/#website"},"primaryImageOfPage":{"@id":"https:\/\/rodoaed.ee\/fi\/toode\/castle-diner-ring-pull-midi-vihreys\/#primaryimage"},"image":{"@id":"https:\/\/rodoaed.ee\/fi\/toode\/castle-diner-ring-pull-midi-vihreys\/#primaryimage"},"thumbnailUrl":"https:\/\/rodoaed.ee\/wp-content\/uploads\/2019\/07\/Ringpull_midi_586_02.jpg","datePublished":"2019-10-19T10:06:46+00:00","dateModified":"2026-04-13T08:02:08+00:00","description":"Ring-Pull on nopeasti avautuva ja helposti puhdistettava lintujen ruokintalaitteen malli. Ring-Pull on valmistettu vahvasta polykarbonaatista.","breadcrumb":{"@id":"https:\/\/rodoaed.ee\/fi\/toode\/castle-diner-ring-pull-midi-vihreys\/#breadcrumb"},"inLanguage":"fi","potentialAction":[{"@type":"ReadAction","target":["https:\/\/rodoaed.ee\/fi\/toode\/castle-diner-ring-pull-midi-vihreys\/"]}]},{"@type":"ImageObject","inLanguage":"fi","@id":"https:\/\/rodoaed.ee\/fi\/toode\/castle-diner-ring-pull-midi-vihreys\/#primaryimage","url":"https:\/\/rodoaed.ee\/wp-content\/uploads\/2019\/07\/Ringpull_midi_586_02.jpg","contentUrl":"https:\/\/rodoaed.ee\/wp-content\/uploads\/2019\/07\/Ringpull_midi_586_02.jpg","width":91,"height":400,"caption":"ring-pull castle diner"},{"@type":"BreadcrumbList","@id":"https:\/\/rodoaed.ee\/fi\/toode\/castle-diner-ring-pull-midi-vihreys\/#breadcrumb","itemListElement":[{"@type":"ListItem","position":1,"name":"Home","item":"https:\/\/rodoaed.ee\/fi\/"},{"@type":"ListItem","position":2,"name":"Osta osoitteessa","item":"https:\/\/rodoaed.ee\/osta-osoitteessa\/"},{"@type":"ListItem","position":3,"name":"Castle Diner Ring-Pull Midi, vihreys"}]},{"@type":"WebSite","@id":"https:\/\/rodoaed.ee\/#website","url":"https:\/\/rodoaed.ee\/","name":"Rodoaed","description":"","publisher":{"@id":"https:\/\/rodoaed.ee\/#organization"},"potentialAction":[{"@type":"SearchAction","target":{"@type":"EntryPoint","urlTemplate":"https:\/\/rodoaed.ee\/?s={search_term_string}"},"query-input":{"@type":"PropertyValueSpecification","valueRequired":true,"valueName":"search_term_string"}}],"inLanguage":"fi"},{"@type":"Organization","@id":"https:\/\/rodoaed.ee\/#organization","name":"Rodoaed","url":"https:\/\/rodoaed.ee\/","logo":{"@type":"ImageObject","inLanguage":"fi","@id":"https:\/\/rodoaed.ee\/#\/schema\/logo\/image\/","url":"https:\/\/rodoaed.ee\/wp-content\/uploads\/2019\/11\/rodoaed-logo-ilma-taustata.jpg","contentUrl":"https:\/\/rodoaed.ee\/wp-content\/uploads\/2019\/11\/rodoaed-logo-ilma-taustata.jpg","width":769,"height":268,"caption":"Rodoaed"},"image":{"@id":"https:\/\/rodoaed.ee\/#\/schema\/logo\/image\/"},"sameAs":["https:\/\/www.facebook.com\/kasvuhooned\/","https:\/\/rodoaed.ee"]}]}},"_links":{"self":[{"href":"https:\/\/rodoaed.ee\/fi\/wp-json\/wp\/v2\/product\/53211","targetHints":{"allow":["GET"]}}],"collection":[{"href":"https:\/\/rodoaed.ee\/fi\/wp-json\/wp\/v2\/product"}],"about":[{"href":"https:\/\/rodoaed.ee\/fi\/wp-json\/wp\/v2\/types\/product"}],"wp:featuredmedia":[{"embeddable":true,"href":"https:\/\/rodoaed.ee\/fi\/wp-json\/wp\/v2\/media\/18313"}],"wp:attachment":[{"href":"https:\/\/rodoaed.ee\/fi\/wp-json\/wp\/v2\/media?parent=53211"}],"wp:term":[{"taxonomy":"product_brand","embeddable":true,"href":"https:\/\/rodoaed.ee\/fi\/wp-json\/wp\/v2\/product_brand?post=53211"},{"taxonomy":"product_cat","embeddable":true,"href":"https:\/\/rodoaed.ee\/fi\/wp-json\/wp\/v2\/product_cat?post=53211"},{"taxonomy":"product_tag","embeddable":true,"href":"https:\/\/rodoaed.ee\/fi\/wp-json\/wp\/v2\/product_tag?post=53211"}],"curies":[{"name":"wp","href":"https:\/\/api.w.org\/{rel}","templated":true}]}}