{"id":53214,"date":"2019-10-17T19:46:25","date_gmt":"2019-10-17T16:46:25","guid":{"rendered":"https:\/\/rodoaed.ee\/toode\/palkittu-kompakti-koksiveitsi-k2-luumupuukahva-110mm\/"},"modified":"2026-04-13T11:02:09","modified_gmt":"2026-04-13T08:02:09","slug":"palkittu-kompakti-koksiveitsi-k2-luumupuukahva-110mm","status":"publish","type":"product","link":"https:\/\/rodoaed.ee\/fi\/tuote\/palkittu-kompakti-koksiveitsi-k2-luumupuukahva-110mm\/","title":{"rendered":"PALKITTU Kompakti koksiveitsi K2- luumupuukahva 110mm"},"content":{"rendered":"<h2>Kokanuga K2 &#8211; kompakti ja kevyt keitti\u00f6veitsi. Luumupuinen kahva <\/h2>\n<h3>Soveltuu kaikkiin pilkkomis- ja viipalointitoimenpiteisiin &#8211; vihanneksia ja lihaa.<\/h3>\n<p>Kokanuga K2 on hieman kaareva ja siin\u00e4 on 110 mm:n ter\u00e4. Koska leikkuureuna on samanlainen kuin paljon suuremmalla kokkiveitsell\u00e4, mutta mitat ja paino ovat pienemm\u00e4t, se on eritt\u00e4in k\u00e4tev\u00e4 ja k\u00e4tev\u00e4 keitti\u00f6veitsi. K2 on keitti\u00f6veitsi vaativiin tilanteisiin. Se on k\u00e4tev\u00e4 vihannesten, lihan ja kalan pilkkomiseen ja viipaloimiseen. K\u00e4tev\u00e4 fileointiveitsi. Eritt\u00e4in tarkka ja tasainen leikkaus.     <\/p>\n<p>Robert Herderin mestarit ovat itse sanoneet, ett\u00e4 t\u00e4m\u00e4 veitsi on heid\u00e4n kaikkien aikojen menestynein mallinsa.<\/p>\n<p><strong>Hyvin hoidetun muotonsa ja ominaisuuksiensa ansiosta h\u00e4n on voittanut kultamitalin vuonna 2010 ja hopeamitalin vuonna 2012.<\/strong><\/p>\n<h2>Parhaat sovellukset:<\/h2>\n<div>\n<ul>\n<li>K\u00e4ytt\u00f6 leikkuulaudalla<\/li>\n<li>Luiden viilaaminen ja leikkaaminen<\/li>\n<li>Pilkkominen ja jauhaminen<\/li>\n<li>Liha ja kala<\/li>\n<li>Hedelm\u00e4t ja vihannekset<\/li>\n<\/ul>\n<\/div>\n<h2>T\u00e4rkeimm\u00e4t ominaisuudet:<\/h2>\n<ul>\n<li>Runko: ruostumaton ter\u00e4s-kromi-vanadiini-molybdeeniseoskuituja <strong>+ 0,7 % hiilt\u00e4.<\/strong><\/li>\n<li>Kovuus 60 HRC (normaalit veitset ovat noin HRC 55-57).<\/li>\n<li>Laadut: <strong>sinilasitettu<\/strong> (Robert Herder valmistaa kahta laatua &#8211; hienolasitettu yksinkertaisempiin veitsiin ja sinilasitettu kalliimpiin veitsiin).<\/li>\n<li>Symmetrinen &#8211; sopii sek\u00e4 vasen- ett\u00e4 oikeak\u00e4tisille.<\/li>\n<li>Kahva: luumupuu<\/li>\n<\/ul>\n<h2>Tekniset tiedot:<\/h2>\n<ul>\n<li>Ter\u00e4n pituus 110 mm<\/li>\n<li>Ter\u00e4n korkeus 34 mm<\/li>\n<li>Paksuus 1,4 mm<\/li>\n<li>Teroituskulma 15 \u00b0<\/li>\n<li>Noahin kokonaispituus kahvan kanssa 225 mm<\/li>\n<li>Paino: 56 grammaa<\/li>\n<\/ul>\n<p><a href=\"https:\/\/rodoaed.ee\/fi\/\">kotisivu<\/a> <a href=\"https:\/\/rodoaed.ee\/fi\/tootekategooria\/keittiolaitteet\/\">k\u00e4ynnist\u00e4<\/a> <a href=\"https:\/\/rodoaed.ee\/fi\/tootekategooria\/keittiolaitteet\/keittion-pesuallas\/\">Keitti\u00f6n portaat<\/a> <a href=\"https:\/\/rodoaed.ee\/fi\/toode\/poyta-jossa-on-vanhan-saksalaisen-luumupuun-kahva\/\">p\u00f6yd\u00e4ll\u00e4<\/a> <a href=\"https:\/\/rodoaed.ee\/fi\/toode\/kokanuga-k5-luumupuukahva-182mm\/\">ruoanlaitto veitsi<\/a> <a href=\"https:\/\/rodoaed.ee\/fi\/toode\/leivanuga-k-b2-luumupuukahva-230mm\/\">leip\u00e4 veitsi<\/a><\/p>\n<p>&nbsp;<\/p>\n","protected":false},"excerpt":{"rendered":"<p>Kokanuga K2 &#8211; kompakti ja kevyt keitti\u00f6veitsi. Luumupuinen kahva Soveltuu kaikkiin pilkkomis- ja viipalointitoimenpiteisiin &#8211; vihanneksia ja lihaa. Kokanuga K2 on hieman kaareva ja siin\u00e4 on 110 mm:n ter\u00e4. Koska leikkuureuna on samanlainen kuin paljon suuremmalla kokkiveitsell\u00e4, mutta mitat ja paino ovat pienemm\u00e4t, se on eritt\u00e4in k\u00e4tev\u00e4 ja k\u00e4tev\u00e4 keitti\u00f6veitsi. K2 on keitti\u00f6veitsi vaativiin tilanteisiin. Se on k\u00e4tev\u00e4 vihannesten, lihan ja kalan pilkkomiseen ja viipaloimiseen&#8230;.<\/p>\n","protected":false},"featured_media":28701,"template":"","meta":{"_acf_changed":false},"product_brand":[],"product_cat":[1751,1830,1892],"product_tag":[],"class_list":{"0":"post-53214","1":"product","2":"type-product","3":"status-publish","4":"has-post-thumbnail","6":"product_cat-keittiolaitteet","7":"product_cat-keittion-pesuallas","8":"product_cat-kookos","9":"product_shipping_class-toimitus-1-3-tyopaivan-kuluessa","10":"pa_variatsioon-keittioveitsi-k0-hiiliteras-kiillotettu-varsi-luumupuuta","12":"first","13":"instock","14":"sale","15":"taxable","16":"shipping-taxable","17":"purchasable","18":"product-type-simple"},"acf":[],"yoast_head":"<!-- This site is optimized with the Yoast SEO Premium plugin v27.3 (Yoast SEO v27.3) - https:\/\/yoast.com\/product\/yoast-seo-premium-wordpress\/ -->\n<title>PALKITTU Kompakti koksiveitsi K2- luumupuukahva 110mm - Rodoaed<\/title>\n<meta name=\"description\" content=\"Kokanuga K2 on kultamitalin ja hopeamitalin voittanut kompakti kokanuga. Kokanuga K2 on eritt\u00e4in onnistunut tulos Saksan nuorilta mestareilta.\" \/>\n<meta name=\"robots\" content=\"index, follow, max-snippet:-1, max-image-preview:large, max-video-preview:-1\" \/>\n<link rel=\"canonical\" href=\"https:\/\/rodoaed.ee\/fi\/toode\/palkittu-kompakti-koksiveitsi-k2-luumupuukahva-110mm\/\" \/>\n<meta property=\"og:locale\" content=\"fi_FI\" \/>\n<meta property=\"og:type\" content=\"article\" \/>\n<meta property=\"og:title\" content=\"PALKITTU Kompakti koksiveitsi K2- luumupuukahva 110mm\" \/>\n<meta property=\"og:description\" content=\"Kokanuga K2 - kompakti ja kevyt keitti\u00f6veitsi. Luumupuinen kahva Soveltuu kaikkiin pilkkomis- ja viipalointitoimenpiteisiin - vihanneksia ja lihaa.\" \/>\n<meta property=\"og:url\" content=\"https:\/\/rodoaed.ee\/fi\/toode\/palkittu-kompakti-koksiveitsi-k2-luumupuukahva-110mm\/\" \/>\n<meta property=\"og:site_name\" content=\"Rodoaed\" \/>\n<meta property=\"article:publisher\" content=\"https:\/\/www.facebook.com\/kasvuhooned\/\" \/>\n<meta property=\"article:modified_time\" content=\"2026-04-13T08:02:09+00:00\" \/>\n<meta property=\"og:image\" content=\"https:\/\/rodoaed.ee\/wp-content\/uploads\/2019\/10\/k\u00f6\u00f6ginuga-K2_ploomipuu_9731163604_K2_Pflaume_01-scaled.jpg\" \/>\n\t<meta property=\"og:image:width\" content=\"2560\" \/>\n\t<meta property=\"og:image:height\" content=\"467\" \/>\n\t<meta property=\"og:image:type\" content=\"image\/jpeg\" \/>\n<meta name=\"twitter:card\" content=\"summary_large_image\" \/>\n<meta name=\"twitter:label1\" content=\"Arvioitu lukuaika\" \/>\n\t<meta name=\"twitter:data1\" content=\"1 minuutti\" \/>\n<script type=\"application\/ld+json\" class=\"yoast-schema-graph\">{\"@context\":\"https:\\\/\\\/schema.org\",\"@graph\":[{\"@type\":\"WebPage\",\"@id\":\"https:\\\/\\\/rodoaed.ee\\\/fi\\\/toode\\\/palkittu-kompakti-koksiveitsi-k2-luumupuukahva-110mm\\\/\",\"url\":\"https:\\\/\\\/rodoaed.ee\\\/fi\\\/toode\\\/palkittu-kompakti-koksiveitsi-k2-luumupuukahva-110mm\\\/\",\"name\":\"PALKITTU Kompakti koksiveitsi K2- luumupuukahva 110mm - Rodoaed\",\"isPartOf\":{\"@id\":\"https:\\\/\\\/rodoaed.ee\\\/#website\"},\"primaryImageOfPage\":{\"@id\":\"https:\\\/\\\/rodoaed.ee\\\/fi\\\/toode\\\/palkittu-kompakti-koksiveitsi-k2-luumupuukahva-110mm\\\/#primaryimage\"},\"image\":{\"@id\":\"https:\\\/\\\/rodoaed.ee\\\/fi\\\/toode\\\/palkittu-kompakti-koksiveitsi-k2-luumupuukahva-110mm\\\/#primaryimage\"},\"thumbnailUrl\":\"https:\\\/\\\/rodoaed.ee\\\/wp-content\\\/uploads\\\/2019\\\/10\\\/k\u00f6\u00f6ginuga-K2_ploomipuu_9731163604_K2_Pflaume_01.jpg\",\"datePublished\":\"2019-10-17T16:46:25+00:00\",\"dateModified\":\"2026-04-13T08:02:09+00:00\",\"description\":\"Kokanuga K2 on kultamitalin ja hopeamitalin voittanut kompakti kokanuga. Kokanuga K2 on eritt\u00e4in onnistunut tulos Saksan nuorilta mestareilta.\",\"breadcrumb\":{\"@id\":\"https:\\\/\\\/rodoaed.ee\\\/fi\\\/toode\\\/palkittu-kompakti-koksiveitsi-k2-luumupuukahva-110mm\\\/#breadcrumb\"},\"inLanguage\":\"fi\",\"potentialAction\":[{\"@type\":\"ReadAction\",\"target\":[\"https:\\\/\\\/rodoaed.ee\\\/fi\\\/toode\\\/palkittu-kompakti-koksiveitsi-k2-luumupuukahva-110mm\\\/\"]}]},{\"@type\":\"ImageObject\",\"inLanguage\":\"fi\",\"@id\":\"https:\\\/\\\/rodoaed.ee\\\/fi\\\/toode\\\/palkittu-kompakti-koksiveitsi-k2-luumupuukahva-110mm\\\/#primaryimage\",\"url\":\"https:\\\/\\\/rodoaed.ee\\\/wp-content\\\/uploads\\\/2019\\\/10\\\/k\u00f6\u00f6ginuga-K2_ploomipuu_9731163604_K2_Pflaume_01.jpg\",\"contentUrl\":\"https:\\\/\\\/rodoaed.ee\\\/wp-content\\\/uploads\\\/2019\\\/10\\\/k\u00f6\u00f6ginuga-K2_ploomipuu_9731163604_K2_Pflaume_01.jpg\",\"width\":3740,\"height\":682,\"caption\":\"keitti\u00f6veitsi kokkiveitsi fileointiveitsi\"},{\"@type\":\"BreadcrumbList\",\"@id\":\"https:\\\/\\\/rodoaed.ee\\\/fi\\\/toode\\\/palkittu-kompakti-koksiveitsi-k2-luumupuukahva-110mm\\\/#breadcrumb\",\"itemListElement\":[{\"@type\":\"ListItem\",\"position\":1,\"name\":\"Home\",\"item\":\"https:\\\/\\\/rodoaed.ee\\\/fi\\\/\"},{\"@type\":\"ListItem\",\"position\":2,\"name\":\"Osta osoitteessa\",\"item\":\"https:\\\/\\\/rodoaed.ee\\\/osta-osoitteessa\\\/\"},{\"@type\":\"ListItem\",\"position\":3,\"name\":\"PALKITTU Kompakti koksiveitsi K2- luumupuukahva 110mm\"}]},{\"@type\":\"WebSite\",\"@id\":\"https:\\\/\\\/rodoaed.ee\\\/#website\",\"url\":\"https:\\\/\\\/rodoaed.ee\\\/\",\"name\":\"Rodoaed\",\"description\":\"\",\"publisher\":{\"@id\":\"https:\\\/\\\/rodoaed.ee\\\/#organization\"},\"potentialAction\":[{\"@type\":\"SearchAction\",\"target\":{\"@type\":\"EntryPoint\",\"urlTemplate\":\"https:\\\/\\\/rodoaed.ee\\\/?s={search_term_string}\"},\"query-input\":{\"@type\":\"PropertyValueSpecification\",\"valueRequired\":true,\"valueName\":\"search_term_string\"}}],\"inLanguage\":\"fi\"},{\"@type\":\"Organization\",\"@id\":\"https:\\\/\\\/rodoaed.ee\\\/#organization\",\"name\":\"Rodoaed\",\"url\":\"https:\\\/\\\/rodoaed.ee\\\/\",\"logo\":{\"@type\":\"ImageObject\",\"inLanguage\":\"fi\",\"@id\":\"https:\\\/\\\/rodoaed.ee\\\/#\\\/schema\\\/logo\\\/image\\\/\",\"url\":\"https:\\\/\\\/rodoaed.ee\\\/wp-content\\\/uploads\\\/2019\\\/11\\\/rodoaed-logo-ilma-taustata.jpg\",\"contentUrl\":\"https:\\\/\\\/rodoaed.ee\\\/wp-content\\\/uploads\\\/2019\\\/11\\\/rodoaed-logo-ilma-taustata.jpg\",\"width\":769,\"height\":268,\"caption\":\"Rodoaed\"},\"image\":{\"@id\":\"https:\\\/\\\/rodoaed.ee\\\/#\\\/schema\\\/logo\\\/image\\\/\"},\"sameAs\":[\"https:\\\/\\\/www.facebook.com\\\/kasvuhooned\\\/\",\"https:\\\/\\\/rodoaed.ee\"]}]}<\/script>\n<!-- \/ Yoast SEO Premium plugin. -->","yoast_head_json":{"title":"PALKITTU Kompakti koksiveitsi K2- luumupuukahva 110mm - Rodoaed","description":"Kokanuga K2 on kultamitalin ja hopeamitalin voittanut kompakti kokanuga. Kokanuga K2 on eritt\u00e4in onnistunut tulos Saksan nuorilta mestareilta.","robots":{"index":"index","follow":"follow","max-snippet":"max-snippet:-1","max-image-preview":"max-image-preview:large","max-video-preview":"max-video-preview:-1"},"canonical":"https:\/\/rodoaed.ee\/fi\/toode\/palkittu-kompakti-koksiveitsi-k2-luumupuukahva-110mm\/","og_locale":"fi_FI","og_type":"article","og_title":"PALKITTU Kompakti koksiveitsi K2- luumupuukahva 110mm","og_description":"Kokanuga K2 - kompakti ja kevyt keitti\u00f6veitsi. Luumupuinen kahva Soveltuu kaikkiin pilkkomis- ja viipalointitoimenpiteisiin - vihanneksia ja lihaa.","og_url":"https:\/\/rodoaed.ee\/fi\/toode\/palkittu-kompakti-koksiveitsi-k2-luumupuukahva-110mm\/","og_site_name":"Rodoaed","article_publisher":"https:\/\/www.facebook.com\/kasvuhooned\/","article_modified_time":"2026-04-13T08:02:09+00:00","og_image":[{"width":2560,"height":467,"url":"https:\/\/rodoaed.ee\/wp-content\/uploads\/2019\/10\/k\u00f6\u00f6ginuga-K2_ploomipuu_9731163604_K2_Pflaume_01-scaled.jpg","type":"image\/jpeg"}],"twitter_card":"summary_large_image","twitter_misc":{"Arvioitu lukuaika":"1 minuutti"},"schema":{"@context":"https:\/\/schema.org","@graph":[{"@type":"WebPage","@id":"https:\/\/rodoaed.ee\/fi\/toode\/palkittu-kompakti-koksiveitsi-k2-luumupuukahva-110mm\/","url":"https:\/\/rodoaed.ee\/fi\/toode\/palkittu-kompakti-koksiveitsi-k2-luumupuukahva-110mm\/","name":"PALKITTU Kompakti koksiveitsi K2- luumupuukahva 110mm - Rodoaed","isPartOf":{"@id":"https:\/\/rodoaed.ee\/#website"},"primaryImageOfPage":{"@id":"https:\/\/rodoaed.ee\/fi\/toode\/palkittu-kompakti-koksiveitsi-k2-luumupuukahva-110mm\/#primaryimage"},"image":{"@id":"https:\/\/rodoaed.ee\/fi\/toode\/palkittu-kompakti-koksiveitsi-k2-luumupuukahva-110mm\/#primaryimage"},"thumbnailUrl":"https:\/\/rodoaed.ee\/wp-content\/uploads\/2019\/10\/k\u00f6\u00f6ginuga-K2_ploomipuu_9731163604_K2_Pflaume_01.jpg","datePublished":"2019-10-17T16:46:25+00:00","dateModified":"2026-04-13T08:02:09+00:00","description":"Kokanuga K2 on kultamitalin ja hopeamitalin voittanut kompakti kokanuga. Kokanuga K2 on eritt\u00e4in onnistunut tulos Saksan nuorilta mestareilta.","breadcrumb":{"@id":"https:\/\/rodoaed.ee\/fi\/toode\/palkittu-kompakti-koksiveitsi-k2-luumupuukahva-110mm\/#breadcrumb"},"inLanguage":"fi","potentialAction":[{"@type":"ReadAction","target":["https:\/\/rodoaed.ee\/fi\/toode\/palkittu-kompakti-koksiveitsi-k2-luumupuukahva-110mm\/"]}]},{"@type":"ImageObject","inLanguage":"fi","@id":"https:\/\/rodoaed.ee\/fi\/toode\/palkittu-kompakti-koksiveitsi-k2-luumupuukahva-110mm\/#primaryimage","url":"https:\/\/rodoaed.ee\/wp-content\/uploads\/2019\/10\/k\u00f6\u00f6ginuga-K2_ploomipuu_9731163604_K2_Pflaume_01.jpg","contentUrl":"https:\/\/rodoaed.ee\/wp-content\/uploads\/2019\/10\/k\u00f6\u00f6ginuga-K2_ploomipuu_9731163604_K2_Pflaume_01.jpg","width":3740,"height":682,"caption":"keitti\u00f6veitsi kokkiveitsi fileointiveitsi"},{"@type":"BreadcrumbList","@id":"https:\/\/rodoaed.ee\/fi\/toode\/palkittu-kompakti-koksiveitsi-k2-luumupuukahva-110mm\/#breadcrumb","itemListElement":[{"@type":"ListItem","position":1,"name":"Home","item":"https:\/\/rodoaed.ee\/fi\/"},{"@type":"ListItem","position":2,"name":"Osta osoitteessa","item":"https:\/\/rodoaed.ee\/osta-osoitteessa\/"},{"@type":"ListItem","position":3,"name":"PALKITTU Kompakti koksiveitsi K2- luumupuukahva 110mm"}]},{"@type":"WebSite","@id":"https:\/\/rodoaed.ee\/#website","url":"https:\/\/rodoaed.ee\/","name":"Rodoaed","description":"","publisher":{"@id":"https:\/\/rodoaed.ee\/#organization"},"potentialAction":[{"@type":"SearchAction","target":{"@type":"EntryPoint","urlTemplate":"https:\/\/rodoaed.ee\/?s={search_term_string}"},"query-input":{"@type":"PropertyValueSpecification","valueRequired":true,"valueName":"search_term_string"}}],"inLanguage":"fi"},{"@type":"Organization","@id":"https:\/\/rodoaed.ee\/#organization","name":"Rodoaed","url":"https:\/\/rodoaed.ee\/","logo":{"@type":"ImageObject","inLanguage":"fi","@id":"https:\/\/rodoaed.ee\/#\/schema\/logo\/image\/","url":"https:\/\/rodoaed.ee\/wp-content\/uploads\/2019\/11\/rodoaed-logo-ilma-taustata.jpg","contentUrl":"https:\/\/rodoaed.ee\/wp-content\/uploads\/2019\/11\/rodoaed-logo-ilma-taustata.jpg","width":769,"height":268,"caption":"Rodoaed"},"image":{"@id":"https:\/\/rodoaed.ee\/#\/schema\/logo\/image\/"},"sameAs":["https:\/\/www.facebook.com\/kasvuhooned\/","https:\/\/rodoaed.ee"]}]}},"_links":{"self":[{"href":"https:\/\/rodoaed.ee\/fi\/wp-json\/wp\/v2\/product\/53214","targetHints":{"allow":["GET"]}}],"collection":[{"href":"https:\/\/rodoaed.ee\/fi\/wp-json\/wp\/v2\/product"}],"about":[{"href":"https:\/\/rodoaed.ee\/fi\/wp-json\/wp\/v2\/types\/product"}],"wp:featuredmedia":[{"embeddable":true,"href":"https:\/\/rodoaed.ee\/fi\/wp-json\/wp\/v2\/media\/28701"}],"wp:attachment":[{"href":"https:\/\/rodoaed.ee\/fi\/wp-json\/wp\/v2\/media?parent=53214"}],"wp:term":[{"taxonomy":"product_brand","embeddable":true,"href":"https:\/\/rodoaed.ee\/fi\/wp-json\/wp\/v2\/product_brand?post=53214"},{"taxonomy":"product_cat","embeddable":true,"href":"https:\/\/rodoaed.ee\/fi\/wp-json\/wp\/v2\/product_cat?post=53214"},{"taxonomy":"product_tag","embeddable":true,"href":"https:\/\/rodoaed.ee\/fi\/wp-json\/wp\/v2\/product_tag?post=53214"}],"curies":[{"name":"wp","href":"https:\/\/api.w.org\/{rel}","templated":true}]}}