{"id":53216,"date":"2019-10-25T19:59:18","date_gmt":"2019-10-25T16:59:18","guid":{"rendered":"https:\/\/rodoaed.ee\/toode\/model-train-my-world-varillinen-aluskate-junille\/"},"modified":"2026-04-13T11:02:15","modified_gmt":"2026-04-13T08:02:15","slug":"model-train-my-world-varillinen-aluskate-junille","status":"publish","type":"product","link":"https:\/\/rodoaed.ee\/fi\/tuote\/model-train-my-world-varillinen-aluskate-junille\/","title":{"rendered":"Model Train My World- V\u00e4rillinen aluskate junille."},"content":{"rendered":"<h2>T\u00e4ysin yhteensopiva kaikkien My World -mallijunasarjojen kanssa.<\/h2>\n<p>Valmistettu kunnollisesta materiaalista ja v\u00e4rik\u00e4s leikkimatto rautatien alle laitettavaksi. Leikkialustassa on paljon erilaisia yksityiskohtia l\u00f6ydett\u00e4v\u00e4ksi. Vain mielikuvituksesi asettaa rajat sille, mill\u00e4 voit leikki\u00e4. K\u00e4tev\u00e4\u00e4 materiaalia, jonka p\u00e4\u00e4ll\u00e4 voi koota ja leikki\u00e4 mallijunaradalla.   <\/p>\n<p>asemarakennus on valmistettu vahvasta muovista, joka sopii lapsille. Asemarakennus on vuorovaikutteinen, ja siin\u00e4 on erilaisia kuulutuksia, jotka voidaan esitt\u00e4\u00e4. Asemarakennus my\u00f6s nauhoittaa omia kuulutuksiaan, jotka voidaan toistaa. Eri asemien nimi\u00e4 sis\u00e4lt\u00e4v\u00e4\u00e4 tarraosaa voi k\u00e4\u00e4nt\u00e4\u00e4. Mukana on kolme AAA-paristoa.    <\/p>\n<h3><b>T\u00e4rkeimm\u00e4t ominaisuudet<\/b><\/h3>\n<ul>\n<li>Sopii hyvin mink\u00e4 tahansa My World -mallijunasarjan kanssa.<\/li>\n<li>V\u00e4rillinen leikkimatto, paljon rautatieaiheisia kohtauksia<\/li>\n<li>Mitat: 170 x 150 cm<\/li>\n<\/ul>\n<p><a href=\"https:\/\/rodoaed.ee\/fi\/tootekategooria\/harrastukset-ja-lelut\/mallijunat\/\">aloita<\/a><\/p>\n","protected":false},"excerpt":{"rendered":"<p>T\u00e4ysin yhteensopiva kaikkien My World -mallijunasarjojen kanssa. Valmistettu kunnollisesta materiaalista ja v\u00e4rik\u00e4s leikkimatto rautatien alle laitettavaksi. Leikkialustassa on paljon erilaisia yksityiskohtia l\u00f6ydett\u00e4v\u00e4ksi. Vain mielikuvituksesi asettaa rajat sille, mill\u00e4 voit leikki\u00e4. K\u00e4tev\u00e4\u00e4 materiaalia, jonka p\u00e4\u00e4ll\u00e4 voi koota ja leikki\u00e4 mallijunaradalla. asemarakennus on valmistettu vahvasta muovista, joka sopii lapsille. Asemarakennus on vuorovaikutteinen, ja siin\u00e4 on erilaisia kuulutuksia, jotka voidaan esitt\u00e4\u00e4. Asemarakennus my\u00f6s nauhoittaa omia kuulutuksiaan, jotka voidaan&#8230;<\/p>\n","protected":false},"featured_media":28980,"template":"","meta":{"_acf_changed":false},"product_brand":[],"product_cat":[1763,1764,2003],"product_tag":[],"class_list":{"0":"post-53216","1":"product","2":"type-product","3":"status-publish","4":"has-post-thumbnail","6":"product_cat-harrastukset-ja-lelut","7":"product_cat-mallijunat","8":"product_cat-my-world-mallijunat-yli-3-vuotiaille","9":"product_shipping_class-toimitus-5-7-tyopaivan-kuluessa","10":"pa_variatsioon-minun-maailmani-rautatietunneli","12":"first","13":"instock","14":"taxable","15":"shipping-taxable","16":"purchasable","17":"product-type-simple"},"acf":[],"yoast_head":"<!-- This site is optimized with the Yoast SEO Premium plugin v27.5 (Yoast SEO v27.5) - https:\/\/yoast.com\/product\/yoast-seo-premium-wordpress\/ -->\n<title>Model Train My World- V\u00e4rillinen aluskate junille. - Rodoaed<\/title>\n<meta name=\"robots\" content=\"index, follow, max-snippet:-1, max-image-preview:large, max-video-preview:-1\" \/>\n<link rel=\"canonical\" href=\"https:\/\/rodoaed.ee\/fi\/toode\/model-train-my-world-varillinen-aluskate-junille\/\" \/>\n<meta property=\"og:locale\" content=\"fi_FI\" \/>\n<meta property=\"og:type\" content=\"article\" \/>\n<meta property=\"og:title\" content=\"Model Train My World- V\u00e4rillinen aluskate junille.\" \/>\n<meta property=\"og:description\" content=\"T\u00e4ysin yhteensopiva kaikkien My World -mallijunasarjojen kanssa. Valmistettu kunnollisesta materiaalista ja v\u00e4rik\u00e4s leikkimatto rautatien alle\" \/>\n<meta property=\"og:url\" content=\"https:\/\/rodoaed.ee\/fi\/toode\/model-train-my-world-varillinen-aluskate-junille\/\" \/>\n<meta property=\"og:site_name\" content=\"Rodoaed\" \/>\n<meta property=\"article:publisher\" content=\"https:\/\/www.facebook.com\/kasvuhooned\/\" \/>\n<meta property=\"article:modified_time\" content=\"2026-04-13T08:02:15+00:00\" \/>\n<meta property=\"og:image\" content=\"https:\/\/rodoaed.ee\/wp-content\/uploads\/2019\/10\/mudelrongid_my-world_03.jpg\" \/>\n\t<meta property=\"og:image:width\" content=\"1500\" \/>\n\t<meta property=\"og:image:height\" content=\"1069\" \/>\n\t<meta property=\"og:image:type\" content=\"image\/jpeg\" \/>\n<meta name=\"twitter:card\" content=\"summary_large_image\" \/>\n<meta name=\"twitter:label1\" content=\"Arvioitu lukuaika\" \/>\n\t<meta name=\"twitter:data1\" content=\"1 minuutti\" \/>\n<script type=\"application\/ld+json\" class=\"yoast-schema-graph\">{\"@context\":\"https:\\\/\\\/schema.org\",\"@graph\":[{\"@type\":\"WebPage\",\"@id\":\"https:\\\/\\\/rodoaed.ee\\\/fi\\\/toode\\\/model-train-my-world-varillinen-aluskate-junille\\\/\",\"url\":\"https:\\\/\\\/rodoaed.ee\\\/fi\\\/toode\\\/model-train-my-world-varillinen-aluskate-junille\\\/\",\"name\":\"Model Train My World- V\u00e4rillinen aluskate junille. - Rodoaed\",\"isPartOf\":{\"@id\":\"https:\\\/\\\/rodoaed.ee\\\/#website\"},\"primaryImageOfPage\":{\"@id\":\"https:\\\/\\\/rodoaed.ee\\\/fi\\\/toode\\\/model-train-my-world-varillinen-aluskate-junille\\\/#primaryimage\"},\"image\":{\"@id\":\"https:\\\/\\\/rodoaed.ee\\\/fi\\\/toode\\\/model-train-my-world-varillinen-aluskate-junille\\\/#primaryimage\"},\"thumbnailUrl\":\"https:\\\/\\\/rodoaed.ee\\\/wp-content\\\/uploads\\\/2019\\\/10\\\/mudelrongid_my-world_03.jpg\",\"datePublished\":\"2019-10-25T16:59:18+00:00\",\"dateModified\":\"2026-04-13T08:02:15+00:00\",\"breadcrumb\":{\"@id\":\"https:\\\/\\\/rodoaed.ee\\\/fi\\\/toode\\\/model-train-my-world-varillinen-aluskate-junille\\\/#breadcrumb\"},\"inLanguage\":\"fi\",\"potentialAction\":[{\"@type\":\"ReadAction\",\"target\":[\"https:\\\/\\\/rodoaed.ee\\\/fi\\\/toode\\\/model-train-my-world-varillinen-aluskate-junille\\\/\"]}]},{\"@type\":\"ImageObject\",\"inLanguage\":\"fi\",\"@id\":\"https:\\\/\\\/rodoaed.ee\\\/fi\\\/toode\\\/model-train-my-world-varillinen-aluskate-junille\\\/#primaryimage\",\"url\":\"https:\\\/\\\/rodoaed.ee\\\/wp-content\\\/uploads\\\/2019\\\/10\\\/mudelrongid_my-world_03.jpg\",\"contentUrl\":\"https:\\\/\\\/rodoaed.ee\\\/wp-content\\\/uploads\\\/2019\\\/10\\\/mudelrongid_my-world_03.jpg\",\"width\":1500,\"height\":1069},{\"@type\":\"BreadcrumbList\",\"@id\":\"https:\\\/\\\/rodoaed.ee\\\/fi\\\/toode\\\/model-train-my-world-varillinen-aluskate-junille\\\/#breadcrumb\",\"itemListElement\":[{\"@type\":\"ListItem\",\"position\":1,\"name\":\"Home\",\"item\":\"https:\\\/\\\/rodoaed.ee\\\/fi\\\/\"},{\"@type\":\"ListItem\",\"position\":2,\"name\":\"Osta osoitteessa\",\"item\":\"https:\\\/\\\/rodoaed.ee\\\/osta-osoitteessa\\\/\"},{\"@type\":\"ListItem\",\"position\":3,\"name\":\"Model Train My World- V\u00e4rillinen aluskate junille.\"}]},{\"@type\":\"WebSite\",\"@id\":\"https:\\\/\\\/rodoaed.ee\\\/#website\",\"url\":\"https:\\\/\\\/rodoaed.ee\\\/\",\"name\":\"Rodoaed\",\"description\":\"\",\"publisher\":{\"@id\":\"https:\\\/\\\/rodoaed.ee\\\/#organization\"},\"potentialAction\":[{\"@type\":\"SearchAction\",\"target\":{\"@type\":\"EntryPoint\",\"urlTemplate\":\"https:\\\/\\\/rodoaed.ee\\\/?s={search_term_string}\"},\"query-input\":{\"@type\":\"PropertyValueSpecification\",\"valueRequired\":true,\"valueName\":\"search_term_string\"}}],\"inLanguage\":\"fi\"},{\"@type\":\"Organization\",\"@id\":\"https:\\\/\\\/rodoaed.ee\\\/#organization\",\"name\":\"Rodoaed\",\"url\":\"https:\\\/\\\/rodoaed.ee\\\/\",\"logo\":{\"@type\":\"ImageObject\",\"inLanguage\":\"fi\",\"@id\":\"https:\\\/\\\/rodoaed.ee\\\/#\\\/schema\\\/logo\\\/image\\\/\",\"url\":\"https:\\\/\\\/rodoaed.ee\\\/wp-content\\\/uploads\\\/2019\\\/11\\\/rodoaed-logo-ilma-taustata.jpg\",\"contentUrl\":\"https:\\\/\\\/rodoaed.ee\\\/wp-content\\\/uploads\\\/2019\\\/11\\\/rodoaed-logo-ilma-taustata.jpg\",\"width\":769,\"height\":268,\"caption\":\"Rodoaed\"},\"image\":{\"@id\":\"https:\\\/\\\/rodoaed.ee\\\/#\\\/schema\\\/logo\\\/image\\\/\"},\"sameAs\":[\"https:\\\/\\\/www.facebook.com\\\/kasvuhooned\\\/\",\"https:\\\/\\\/rodoaed.ee\"]}]}<\/script>\n<!-- \/ Yoast SEO Premium plugin. -->","yoast_head_json":{"title":"Model Train My World- V\u00e4rillinen aluskate junille. - Rodoaed","robots":{"index":"index","follow":"follow","max-snippet":"max-snippet:-1","max-image-preview":"max-image-preview:large","max-video-preview":"max-video-preview:-1"},"canonical":"https:\/\/rodoaed.ee\/fi\/toode\/model-train-my-world-varillinen-aluskate-junille\/","og_locale":"fi_FI","og_type":"article","og_title":"Model Train My World- V\u00e4rillinen aluskate junille.","og_description":"T\u00e4ysin yhteensopiva kaikkien My World -mallijunasarjojen kanssa. Valmistettu kunnollisesta materiaalista ja v\u00e4rik\u00e4s leikkimatto rautatien alle","og_url":"https:\/\/rodoaed.ee\/fi\/toode\/model-train-my-world-varillinen-aluskate-junille\/","og_site_name":"Rodoaed","article_publisher":"https:\/\/www.facebook.com\/kasvuhooned\/","article_modified_time":"2026-04-13T08:02:15+00:00","og_image":[{"width":1500,"height":1069,"url":"https:\/\/rodoaed.ee\/wp-content\/uploads\/2019\/10\/mudelrongid_my-world_03.jpg","type":"image\/jpeg"}],"twitter_card":"summary_large_image","twitter_misc":{"Arvioitu lukuaika":"1 minuutti"},"schema":{"@context":"https:\/\/schema.org","@graph":[{"@type":"WebPage","@id":"https:\/\/rodoaed.ee\/fi\/toode\/model-train-my-world-varillinen-aluskate-junille\/","url":"https:\/\/rodoaed.ee\/fi\/toode\/model-train-my-world-varillinen-aluskate-junille\/","name":"Model Train My World- V\u00e4rillinen aluskate junille. - Rodoaed","isPartOf":{"@id":"https:\/\/rodoaed.ee\/#website"},"primaryImageOfPage":{"@id":"https:\/\/rodoaed.ee\/fi\/toode\/model-train-my-world-varillinen-aluskate-junille\/#primaryimage"},"image":{"@id":"https:\/\/rodoaed.ee\/fi\/toode\/model-train-my-world-varillinen-aluskate-junille\/#primaryimage"},"thumbnailUrl":"https:\/\/rodoaed.ee\/wp-content\/uploads\/2019\/10\/mudelrongid_my-world_03.jpg","datePublished":"2019-10-25T16:59:18+00:00","dateModified":"2026-04-13T08:02:15+00:00","breadcrumb":{"@id":"https:\/\/rodoaed.ee\/fi\/toode\/model-train-my-world-varillinen-aluskate-junille\/#breadcrumb"},"inLanguage":"fi","potentialAction":[{"@type":"ReadAction","target":["https:\/\/rodoaed.ee\/fi\/toode\/model-train-my-world-varillinen-aluskate-junille\/"]}]},{"@type":"ImageObject","inLanguage":"fi","@id":"https:\/\/rodoaed.ee\/fi\/toode\/model-train-my-world-varillinen-aluskate-junille\/#primaryimage","url":"https:\/\/rodoaed.ee\/wp-content\/uploads\/2019\/10\/mudelrongid_my-world_03.jpg","contentUrl":"https:\/\/rodoaed.ee\/wp-content\/uploads\/2019\/10\/mudelrongid_my-world_03.jpg","width":1500,"height":1069},{"@type":"BreadcrumbList","@id":"https:\/\/rodoaed.ee\/fi\/toode\/model-train-my-world-varillinen-aluskate-junille\/#breadcrumb","itemListElement":[{"@type":"ListItem","position":1,"name":"Home","item":"https:\/\/rodoaed.ee\/fi\/"},{"@type":"ListItem","position":2,"name":"Osta osoitteessa","item":"https:\/\/rodoaed.ee\/osta-osoitteessa\/"},{"@type":"ListItem","position":3,"name":"Model Train My World- V\u00e4rillinen aluskate junille."}]},{"@type":"WebSite","@id":"https:\/\/rodoaed.ee\/#website","url":"https:\/\/rodoaed.ee\/","name":"Rodoaed","description":"","publisher":{"@id":"https:\/\/rodoaed.ee\/#organization"},"potentialAction":[{"@type":"SearchAction","target":{"@type":"EntryPoint","urlTemplate":"https:\/\/rodoaed.ee\/?s={search_term_string}"},"query-input":{"@type":"PropertyValueSpecification","valueRequired":true,"valueName":"search_term_string"}}],"inLanguage":"fi"},{"@type":"Organization","@id":"https:\/\/rodoaed.ee\/#organization","name":"Rodoaed","url":"https:\/\/rodoaed.ee\/","logo":{"@type":"ImageObject","inLanguage":"fi","@id":"https:\/\/rodoaed.ee\/#\/schema\/logo\/image\/","url":"https:\/\/rodoaed.ee\/wp-content\/uploads\/2019\/11\/rodoaed-logo-ilma-taustata.jpg","contentUrl":"https:\/\/rodoaed.ee\/wp-content\/uploads\/2019\/11\/rodoaed-logo-ilma-taustata.jpg","width":769,"height":268,"caption":"Rodoaed"},"image":{"@id":"https:\/\/rodoaed.ee\/#\/schema\/logo\/image\/"},"sameAs":["https:\/\/www.facebook.com\/kasvuhooned\/","https:\/\/rodoaed.ee"]}]}},"_links":{"self":[{"href":"https:\/\/rodoaed.ee\/fi\/wp-json\/wp\/v2\/product\/53216","targetHints":{"allow":["GET"]}}],"collection":[{"href":"https:\/\/rodoaed.ee\/fi\/wp-json\/wp\/v2\/product"}],"about":[{"href":"https:\/\/rodoaed.ee\/fi\/wp-json\/wp\/v2\/types\/product"}],"wp:featuredmedia":[{"embeddable":true,"href":"https:\/\/rodoaed.ee\/fi\/wp-json\/wp\/v2\/media\/28980"}],"wp:attachment":[{"href":"https:\/\/rodoaed.ee\/fi\/wp-json\/wp\/v2\/media?parent=53216"}],"wp:term":[{"taxonomy":"product_brand","embeddable":true,"href":"https:\/\/rodoaed.ee\/fi\/wp-json\/wp\/v2\/product_brand?post=53216"},{"taxonomy":"product_cat","embeddable":true,"href":"https:\/\/rodoaed.ee\/fi\/wp-json\/wp\/v2\/product_cat?post=53216"},{"taxonomy":"product_tag","embeddable":true,"href":"https:\/\/rodoaed.ee\/fi\/wp-json\/wp\/v2\/product_tag?post=53216"}],"curies":[{"name":"wp","href":"https:\/\/api.w.org\/{rel}","templated":true}]}}