{"id":53217,"date":"2019-10-19T13:51:20","date_gmt":"2019-10-19T10:51:20","guid":{"rendered":"https:\/\/rodoaed.ee\/toode\/suuren-mittakaavan-mallintamismalli-9\/"},"modified":"2026-04-13T11:02:15","modified_gmt":"2026-04-13T08:02:15","slug":"suuren-mittakaavan-mallintamismalli-9","status":"publish","type":"product","link":"https:\/\/rodoaed.ee\/fi\/tuote\/suuren-mittakaavan-mallintamismalli-9\/","title":{"rendered":"Suuren mittakaavan mallintamismalli 9"},"content":{"rendered":"<h2>Suuret mallastamot ovat k\u00e4tevi\u00e4, koska niit\u00e4 ei tarvitse t\u00e4ytt\u00e4\u00e4 joka p\u00e4iv\u00e4. Jos et voi olla paikalla joka p\u00e4iv\u00e4 t\u00e4ytt\u00e4m\u00e4ss\u00e4 sit\u00e4, se on lahja ja linnuille taataan s\u00e4\u00e4nn\u00f6llinen ruoka. <\/h2>\n<p>Ravintolassa on seitsem\u00e4n ruokailualuetta, joten lintujen ei tarvitse odottaa pitki\u00e4 jonoja ja kilpailla kesken\u00e4\u00e4n. Koska linnut eiv\u00e4t seiso ruoan p\u00e4\u00e4ll\u00e4, ulosteet eiv\u00e4t p\u00e4\u00e4se valumaan ateriaan, mik\u00e4 takaa hygienian. <\/p>\n<p>Jos sinulla on m\u00f6kki tai maatila, jossa ruokit lintuja, mutta et voi olla siell\u00e4 joka p\u00e4iv\u00e4, t\u00e4m\u00e4 on oikea valinta.<\/p>\n<p>Suurikokoisen kanttiinin k\u00e4tevyys on siin\u00e4, ett\u00e4 sit\u00e4 ei tarvitse t\u00e4ytt\u00e4\u00e4 joka p\u00e4iv\u00e4. Tavanomaisen parin sadan gramman sijasta niihin mahtuu useita litroja ruokaseosta, joka riitt\u00e4\u00e4 viikoksi tai useammaksi viikoksi. Maxi Ultran tilavuus on jopa 6 litraa ja Model 8:n jopa 13 litraa!!!!  <\/p>\n<p><strong>Sopiva ateria:<\/strong><\/p>\n<p>Auringonkukansiemenet, p\u00e4hkin\u00e4t ja linnunsiemenseokset<\/p>\n<p><strong>Asennus: <\/strong>vapaasti riippuva ruokala<\/p>\n<p><strong>Materiaali:<\/strong><\/p>\n<p>Laadukkaasta kestomuovista valmistettu ripustin on sinkitty\u00e4 metallia, ja sen alaosassa on vakautta lis\u00e4\u00e4v\u00e4 lis\u00e4paino, joten se ei heilahda tuulessa ja varikset eiv\u00e4t ved\u00e4 sit\u00e4 irti.<\/p>\n<p>Toimitetaan ilman ateriaa<\/p>\n<p><strong>V\u00e4ri: <\/strong>valkoinen runko, tumma katto<\/p>\n<p><strong>Mitat: <\/strong>\u00d8 29 cm, korkeus 32 cm,<\/p>\n<p><strong>Tilavuus: <\/strong>7 litraa<\/p>\n<p><strong>Paino: <\/strong>2,0 kg<\/p>\n","protected":false},"excerpt":{"rendered":"<p>Suuret mallastamot ovat k\u00e4tevi\u00e4, koska niit\u00e4 ei tarvitse t\u00e4ytt\u00e4\u00e4 joka p\u00e4iv\u00e4. Jos et voi olla paikalla joka p\u00e4iv\u00e4 t\u00e4ytt\u00e4m\u00e4ss\u00e4 sit\u00e4, se on lahja ja linnuille taataan s\u00e4\u00e4nn\u00f6llinen ruoka. Ravintolassa on seitsem\u00e4n ruokailualuetta, joten lintujen ei tarvitse odottaa pitki\u00e4 jonoja ja kilpailla kesken\u00e4\u00e4n. Koska linnut eiv\u00e4t seiso ruoan p\u00e4\u00e4ll\u00e4, ulosteet eiv\u00e4t p\u00e4\u00e4se valumaan ateriaan, mik\u00e4 takaa hygienian. Jos sinulla on m\u00f6kki tai maatila, jossa ruokit lintuja,&#8230;<\/p>\n","protected":false},"featured_media":18431,"template":"","meta":{"_acf_changed":false},"product_brand":[],"product_cat":[1767,1886],"product_tag":[],"class_list":{"0":"post-53217","1":"product","2":"type-product","3":"status-publish","4":"has-post-thumbnail","6":"product_cat-linnaillalliset-ja-linnan-ravintolat","7":"product_cat-suuret-linna-ravintolat","8":"product_shipping_class-toimitus-1-3-tyopaivan-kuluessa","9":"pa_variatsioon-suuri-ruokasali-malli-8","11":"first","12":"outofstock","13":"sale","14":"taxable","15":"shipping-taxable","16":"purchasable","17":"product-type-simple"},"acf":[],"yoast_head":"<!-- This site is optimized with the Yoast SEO Premium plugin v27.3 (Yoast SEO v27.3) - https:\/\/yoast.com\/product\/yoast-seo-premium-wordpress\/ -->\n<title>Suuren mittakaavan mallintamismalli 9 - Rodoaed<\/title>\n<meta name=\"description\" content=\"Suuri ruokala on k\u00e4tev\u00e4, koska sit\u00e4 ei tarvitse t\u00e4ytt\u00e4\u00e4 joka p\u00e4iv\u00e4. Jos et voi olla siell\u00e4 joka p\u00e4iv\u00e4 t\u00e4ytt\u00e4m\u00e4ss\u00e4, se on lahja.\" \/>\n<meta name=\"robots\" content=\"index, follow, max-snippet:-1, max-image-preview:large, max-video-preview:-1\" \/>\n<link rel=\"canonical\" href=\"https:\/\/rodoaed.ee\/fi\/toode\/suuren-mittakaavan-mallintamismalli-9\/\" \/>\n<meta property=\"og:locale\" content=\"fi_FI\" \/>\n<meta property=\"og:type\" content=\"article\" \/>\n<meta property=\"og:title\" content=\"Suuren mittakaavan mallintamismalli 9\" \/>\n<meta property=\"og:description\" content=\"Suuret mallastamot ovat k\u00e4tevi\u00e4, koska niit\u00e4 ei tarvitse t\u00e4ytt\u00e4\u00e4 joka p\u00e4iv\u00e4. Jos et voi olla paikalla joka p\u00e4iv\u00e4 t\u00e4ytt\u00e4m\u00e4ss\u00e4 sit\u00e4, se on lahja ja\" \/>\n<meta property=\"og:url\" content=\"https:\/\/rodoaed.ee\/fi\/toode\/suuren-mittakaavan-mallintamismalli-9\/\" \/>\n<meta property=\"og:site_name\" content=\"Rodoaed\" \/>\n<meta property=\"article:publisher\" content=\"https:\/\/www.facebook.com\/kasvuhooned\/\" \/>\n<meta property=\"article:modified_time\" content=\"2026-04-13T08:02:15+00:00\" \/>\n<meta property=\"og:image\" content=\"https:\/\/rodoaed.ee\/wp-content\/uploads\/2019\/07\/Suur-s\u00f6\u00f6tja-nr9_1.jpg\" \/>\n\t<meta property=\"og:image:width\" content=\"298\" \/>\n\t<meta property=\"og:image:height\" content=\"400\" \/>\n\t<meta property=\"og:image:type\" content=\"image\/jpeg\" \/>\n<meta name=\"twitter:card\" content=\"summary_large_image\" \/>\n<meta name=\"twitter:label1\" content=\"Arvioitu lukuaika\" \/>\n\t<meta name=\"twitter:data1\" content=\"1 minuutti\" \/>\n<script type=\"application\/ld+json\" class=\"yoast-schema-graph\">{\"@context\":\"https:\\\/\\\/schema.org\",\"@graph\":[{\"@type\":\"WebPage\",\"@id\":\"https:\\\/\\\/rodoaed.ee\\\/fi\\\/toode\\\/suuren-mittakaavan-mallintamismalli-9\\\/\",\"url\":\"https:\\\/\\\/rodoaed.ee\\\/fi\\\/toode\\\/suuren-mittakaavan-mallintamismalli-9\\\/\",\"name\":\"Suuren mittakaavan mallintamismalli 9 - Rodoaed\",\"isPartOf\":{\"@id\":\"https:\\\/\\\/rodoaed.ee\\\/#website\"},\"primaryImageOfPage\":{\"@id\":\"https:\\\/\\\/rodoaed.ee\\\/fi\\\/toode\\\/suuren-mittakaavan-mallintamismalli-9\\\/#primaryimage\"},\"image\":{\"@id\":\"https:\\\/\\\/rodoaed.ee\\\/fi\\\/toode\\\/suuren-mittakaavan-mallintamismalli-9\\\/#primaryimage\"},\"thumbnailUrl\":\"https:\\\/\\\/rodoaed.ee\\\/wp-content\\\/uploads\\\/2019\\\/07\\\/Suur-s\u00f6\u00f6tja-nr9_1.jpg\",\"datePublished\":\"2019-10-19T10:51:20+00:00\",\"dateModified\":\"2026-04-13T08:02:15+00:00\",\"description\":\"Suuri ruokala on k\u00e4tev\u00e4, koska sit\u00e4 ei tarvitse t\u00e4ytt\u00e4\u00e4 joka p\u00e4iv\u00e4. Jos et voi olla siell\u00e4 joka p\u00e4iv\u00e4 t\u00e4ytt\u00e4m\u00e4ss\u00e4, se on lahja.\",\"breadcrumb\":{\"@id\":\"https:\\\/\\\/rodoaed.ee\\\/fi\\\/toode\\\/suuren-mittakaavan-mallintamismalli-9\\\/#breadcrumb\"},\"inLanguage\":\"fi\",\"potentialAction\":[{\"@type\":\"ReadAction\",\"target\":[\"https:\\\/\\\/rodoaed.ee\\\/fi\\\/toode\\\/suuren-mittakaavan-mallintamismalli-9\\\/\"]}]},{\"@type\":\"ImageObject\",\"inLanguage\":\"fi\",\"@id\":\"https:\\\/\\\/rodoaed.ee\\\/fi\\\/toode\\\/suuren-mittakaavan-mallintamismalli-9\\\/#primaryimage\",\"url\":\"https:\\\/\\\/rodoaed.ee\\\/wp-content\\\/uploads\\\/2019\\\/07\\\/Suur-s\u00f6\u00f6tja-nr9_1.jpg\",\"contentUrl\":\"https:\\\/\\\/rodoaed.ee\\\/wp-content\\\/uploads\\\/2019\\\/07\\\/Suur-s\u00f6\u00f6tja-nr9_1.jpg\",\"width\":298,\"height\":400,\"caption\":\"Suuret linna-ravintolat\"},{\"@type\":\"BreadcrumbList\",\"@id\":\"https:\\\/\\\/rodoaed.ee\\\/fi\\\/toode\\\/suuren-mittakaavan-mallintamismalli-9\\\/#breadcrumb\",\"itemListElement\":[{\"@type\":\"ListItem\",\"position\":1,\"name\":\"Home\",\"item\":\"https:\\\/\\\/rodoaed.ee\\\/fi\\\/\"},{\"@type\":\"ListItem\",\"position\":2,\"name\":\"Osta osoitteessa\",\"item\":\"https:\\\/\\\/rodoaed.ee\\\/osta-osoitteessa\\\/\"},{\"@type\":\"ListItem\",\"position\":3,\"name\":\"Suuren mittakaavan mallintamismalli 9\"}]},{\"@type\":\"WebSite\",\"@id\":\"https:\\\/\\\/rodoaed.ee\\\/#website\",\"url\":\"https:\\\/\\\/rodoaed.ee\\\/\",\"name\":\"Rodoaed\",\"description\":\"\",\"publisher\":{\"@id\":\"https:\\\/\\\/rodoaed.ee\\\/#organization\"},\"potentialAction\":[{\"@type\":\"SearchAction\",\"target\":{\"@type\":\"EntryPoint\",\"urlTemplate\":\"https:\\\/\\\/rodoaed.ee\\\/?s={search_term_string}\"},\"query-input\":{\"@type\":\"PropertyValueSpecification\",\"valueRequired\":true,\"valueName\":\"search_term_string\"}}],\"inLanguage\":\"fi\"},{\"@type\":\"Organization\",\"@id\":\"https:\\\/\\\/rodoaed.ee\\\/#organization\",\"name\":\"Rodoaed\",\"url\":\"https:\\\/\\\/rodoaed.ee\\\/\",\"logo\":{\"@type\":\"ImageObject\",\"inLanguage\":\"fi\",\"@id\":\"https:\\\/\\\/rodoaed.ee\\\/#\\\/schema\\\/logo\\\/image\\\/\",\"url\":\"https:\\\/\\\/rodoaed.ee\\\/wp-content\\\/uploads\\\/2019\\\/11\\\/rodoaed-logo-ilma-taustata.jpg\",\"contentUrl\":\"https:\\\/\\\/rodoaed.ee\\\/wp-content\\\/uploads\\\/2019\\\/11\\\/rodoaed-logo-ilma-taustata.jpg\",\"width\":769,\"height\":268,\"caption\":\"Rodoaed\"},\"image\":{\"@id\":\"https:\\\/\\\/rodoaed.ee\\\/#\\\/schema\\\/logo\\\/image\\\/\"},\"sameAs\":[\"https:\\\/\\\/www.facebook.com\\\/kasvuhooned\\\/\",\"https:\\\/\\\/rodoaed.ee\"]}]}<\/script>\n<!-- \/ Yoast SEO Premium plugin. -->","yoast_head_json":{"title":"Suuren mittakaavan mallintamismalli 9 - Rodoaed","description":"Suuri ruokala on k\u00e4tev\u00e4, koska sit\u00e4 ei tarvitse t\u00e4ytt\u00e4\u00e4 joka p\u00e4iv\u00e4. Jos et voi olla siell\u00e4 joka p\u00e4iv\u00e4 t\u00e4ytt\u00e4m\u00e4ss\u00e4, se on lahja.","robots":{"index":"index","follow":"follow","max-snippet":"max-snippet:-1","max-image-preview":"max-image-preview:large","max-video-preview":"max-video-preview:-1"},"canonical":"https:\/\/rodoaed.ee\/fi\/toode\/suuren-mittakaavan-mallintamismalli-9\/","og_locale":"fi_FI","og_type":"article","og_title":"Suuren mittakaavan mallintamismalli 9","og_description":"Suuret mallastamot ovat k\u00e4tevi\u00e4, koska niit\u00e4 ei tarvitse t\u00e4ytt\u00e4\u00e4 joka p\u00e4iv\u00e4. Jos et voi olla paikalla joka p\u00e4iv\u00e4 t\u00e4ytt\u00e4m\u00e4ss\u00e4 sit\u00e4, se on lahja ja","og_url":"https:\/\/rodoaed.ee\/fi\/toode\/suuren-mittakaavan-mallintamismalli-9\/","og_site_name":"Rodoaed","article_publisher":"https:\/\/www.facebook.com\/kasvuhooned\/","article_modified_time":"2026-04-13T08:02:15+00:00","og_image":[{"width":298,"height":400,"url":"https:\/\/rodoaed.ee\/wp-content\/uploads\/2019\/07\/Suur-s\u00f6\u00f6tja-nr9_1.jpg","type":"image\/jpeg"}],"twitter_card":"summary_large_image","twitter_misc":{"Arvioitu lukuaika":"1 minuutti"},"schema":{"@context":"https:\/\/schema.org","@graph":[{"@type":"WebPage","@id":"https:\/\/rodoaed.ee\/fi\/toode\/suuren-mittakaavan-mallintamismalli-9\/","url":"https:\/\/rodoaed.ee\/fi\/toode\/suuren-mittakaavan-mallintamismalli-9\/","name":"Suuren mittakaavan mallintamismalli 9 - Rodoaed","isPartOf":{"@id":"https:\/\/rodoaed.ee\/#website"},"primaryImageOfPage":{"@id":"https:\/\/rodoaed.ee\/fi\/toode\/suuren-mittakaavan-mallintamismalli-9\/#primaryimage"},"image":{"@id":"https:\/\/rodoaed.ee\/fi\/toode\/suuren-mittakaavan-mallintamismalli-9\/#primaryimage"},"thumbnailUrl":"https:\/\/rodoaed.ee\/wp-content\/uploads\/2019\/07\/Suur-s\u00f6\u00f6tja-nr9_1.jpg","datePublished":"2019-10-19T10:51:20+00:00","dateModified":"2026-04-13T08:02:15+00:00","description":"Suuri ruokala on k\u00e4tev\u00e4, koska sit\u00e4 ei tarvitse t\u00e4ytt\u00e4\u00e4 joka p\u00e4iv\u00e4. Jos et voi olla siell\u00e4 joka p\u00e4iv\u00e4 t\u00e4ytt\u00e4m\u00e4ss\u00e4, se on lahja.","breadcrumb":{"@id":"https:\/\/rodoaed.ee\/fi\/toode\/suuren-mittakaavan-mallintamismalli-9\/#breadcrumb"},"inLanguage":"fi","potentialAction":[{"@type":"ReadAction","target":["https:\/\/rodoaed.ee\/fi\/toode\/suuren-mittakaavan-mallintamismalli-9\/"]}]},{"@type":"ImageObject","inLanguage":"fi","@id":"https:\/\/rodoaed.ee\/fi\/toode\/suuren-mittakaavan-mallintamismalli-9\/#primaryimage","url":"https:\/\/rodoaed.ee\/wp-content\/uploads\/2019\/07\/Suur-s\u00f6\u00f6tja-nr9_1.jpg","contentUrl":"https:\/\/rodoaed.ee\/wp-content\/uploads\/2019\/07\/Suur-s\u00f6\u00f6tja-nr9_1.jpg","width":298,"height":400,"caption":"Suuret linna-ravintolat"},{"@type":"BreadcrumbList","@id":"https:\/\/rodoaed.ee\/fi\/toode\/suuren-mittakaavan-mallintamismalli-9\/#breadcrumb","itemListElement":[{"@type":"ListItem","position":1,"name":"Home","item":"https:\/\/rodoaed.ee\/fi\/"},{"@type":"ListItem","position":2,"name":"Osta osoitteessa","item":"https:\/\/rodoaed.ee\/osta-osoitteessa\/"},{"@type":"ListItem","position":3,"name":"Suuren mittakaavan mallintamismalli 9"}]},{"@type":"WebSite","@id":"https:\/\/rodoaed.ee\/#website","url":"https:\/\/rodoaed.ee\/","name":"Rodoaed","description":"","publisher":{"@id":"https:\/\/rodoaed.ee\/#organization"},"potentialAction":[{"@type":"SearchAction","target":{"@type":"EntryPoint","urlTemplate":"https:\/\/rodoaed.ee\/?s={search_term_string}"},"query-input":{"@type":"PropertyValueSpecification","valueRequired":true,"valueName":"search_term_string"}}],"inLanguage":"fi"},{"@type":"Organization","@id":"https:\/\/rodoaed.ee\/#organization","name":"Rodoaed","url":"https:\/\/rodoaed.ee\/","logo":{"@type":"ImageObject","inLanguage":"fi","@id":"https:\/\/rodoaed.ee\/#\/schema\/logo\/image\/","url":"https:\/\/rodoaed.ee\/wp-content\/uploads\/2019\/11\/rodoaed-logo-ilma-taustata.jpg","contentUrl":"https:\/\/rodoaed.ee\/wp-content\/uploads\/2019\/11\/rodoaed-logo-ilma-taustata.jpg","width":769,"height":268,"caption":"Rodoaed"},"image":{"@id":"https:\/\/rodoaed.ee\/#\/schema\/logo\/image\/"},"sameAs":["https:\/\/www.facebook.com\/kasvuhooned\/","https:\/\/rodoaed.ee"]}]}},"_links":{"self":[{"href":"https:\/\/rodoaed.ee\/fi\/wp-json\/wp\/v2\/product\/53217","targetHints":{"allow":["GET"]}}],"collection":[{"href":"https:\/\/rodoaed.ee\/fi\/wp-json\/wp\/v2\/product"}],"about":[{"href":"https:\/\/rodoaed.ee\/fi\/wp-json\/wp\/v2\/types\/product"}],"wp:featuredmedia":[{"embeddable":true,"href":"https:\/\/rodoaed.ee\/fi\/wp-json\/wp\/v2\/media\/18431"}],"wp:attachment":[{"href":"https:\/\/rodoaed.ee\/fi\/wp-json\/wp\/v2\/media?parent=53217"}],"wp:term":[{"taxonomy":"product_brand","embeddable":true,"href":"https:\/\/rodoaed.ee\/fi\/wp-json\/wp\/v2\/product_brand?post=53217"},{"taxonomy":"product_cat","embeddable":true,"href":"https:\/\/rodoaed.ee\/fi\/wp-json\/wp\/v2\/product_cat?post=53217"},{"taxonomy":"product_tag","embeddable":true,"href":"https:\/\/rodoaed.ee\/fi\/wp-json\/wp\/v2\/product_tag?post=53217"}],"curies":[{"name":"wp","href":"https:\/\/api.w.org\/{rel}","templated":true}]}}