{"id":53218,"date":"2019-10-25T20:09:16","date_gmt":"2019-10-25T17:09:16","guid":{"rendered":"https:\/\/rodoaed.ee\/toode\/mudelrong-my-world-rautatieristeys-valo-ja-aanitehosteilla-varustettuna\/"},"modified":"2026-04-13T11:02:15","modified_gmt":"2026-04-13T08:02:15","slug":"mudelrong-my-world-rautatieristeys-valo-ja-aanitehosteilla-varustettuna","status":"publish","type":"product","link":"https:\/\/rodoaed.ee\/fi\/tuote\/mudelrong-my-world-rautatieristeys-valo-ja-aanitehosteilla-varustettuna\/","title":{"rendered":"Mudelrong My World &#8211; rautatieristeys valo- ja \u00e4\u00e4nitehosteilla varustettuna"},"content":{"rendered":"<h2>Loistava lelu \u00e4lykkyyden kehitt\u00e4miseen<\/h2>\n<p>T\u00e4m\u00e4 MyWorldin rautatieristeys koostuu kahdesta rampista, jotka voidaan kiinnitt\u00e4\u00e4 rataosaan (rataosa sis\u00e4ltyy toimitukseen). Molemmat esteet voidaan avata ja sulkea manuaalisesti. Rautatieristeyksen varoitusvalot ja \u00e4\u00e4nitehosteet ovat paristok\u00e4ytt\u00f6isi\u00e4. Pakkaukseen sis\u00e4ltyv\u00e4ll\u00e4 rataosalla voidaan my\u00f6s sijoittaa vaunuja ja junia k\u00e4tev\u00e4sti radalle. Siin\u00e4 on kiskojen reunassa juoksupy\u00f6r\u00e4t, jotka ohjaavat junan py\u00f6r\u00e4t tarkasti raiteelle ilman tarkkaa t\u00e4ht\u00e4\u00e4mist\u00e4. Eritt\u00e4in k\u00e4tev\u00e4 lapsille.     <\/p>\n<p>On sanomattakin selv\u00e4\u00e4, ett\u00e4 t\u00e4m\u00e4 risteys voidaan helposti yhdist\u00e4\u00e4 muuhun My World -rautatieverkkoon. Risteys on yhteensopiva my\u00f6s Majorette-mallivaunujen ja Creatix-vaunuratojen kanssa. <\/p>\n<p>Rautatieristeys on valmistettu lapsiyst\u00e4v\u00e4llisest\u00e4 kest\u00e4v\u00e4st\u00e4 muovista, ja se napsahtaa nopeasti yhteen useista osista. Ihanteellinen 3-vuotiaille. Mukana paristot.  <\/p>\n<h3><b>T\u00e4rkeimm\u00e4t ominaisuudet<\/b><\/h3>\n<ul>\n<li>Vahva ja kest\u00e4v\u00e4 rakenne, joka on helppo koota muutamasta osasta.<\/li>\n<li>Valot ja \u00e4\u00e4nitehosteet takaavat maksimaalisen pelihupin<\/li>\n<li>Esteet voidaan avata k\u00e4sin<\/li>\n<li>Sis\u00e4\u00e4nrakennettu junan suistumislaite<\/li>\n<li>Yhteensopiva Majorette Creatix -malliautoj\u00e4rjestelm\u00e4n kanssa<\/li>\n<li>Mukana paristot<\/li>\n<\/ul>\n<p><a href=\"https:\/\/rodoaed.ee\/fi\/tootekategooria\/harrastukset-ja-lelut\/mallijunat\/\">aloita<\/a><\/p>\n<p>&nbsp;<\/p>\n","protected":false},"excerpt":{"rendered":"<p>Loistava lelu \u00e4lykkyyden kehitt\u00e4miseen T\u00e4m\u00e4 MyWorldin rautatieristeys koostuu kahdesta rampista, jotka voidaan kiinnitt\u00e4\u00e4 rataosaan (rataosa sis\u00e4ltyy toimitukseen). Molemmat esteet voidaan avata ja sulkea manuaalisesti. Rautatieristeyksen varoitusvalot ja \u00e4\u00e4nitehosteet ovat paristok\u00e4ytt\u00f6isi\u00e4. Pakkaukseen sis\u00e4ltyv\u00e4ll\u00e4 rataosalla voidaan my\u00f6s sijoittaa vaunuja ja junia k\u00e4tev\u00e4sti radalle. Siin\u00e4 on kiskojen reunassa juoksupy\u00f6r\u00e4t, jotka ohjaavat junan py\u00f6r\u00e4t tarkasti raiteelle ilman tarkkaa t\u00e4ht\u00e4\u00e4mist\u00e4. Eritt\u00e4in k\u00e4tev\u00e4 lapsille. On sanomattakin selv\u00e4\u00e4, ett\u00e4 t\u00e4m\u00e4 risteys voidaan&#8230;<\/p>\n","protected":false},"featured_media":28987,"template":"","meta":{"_acf_changed":false},"product_brand":[],"product_cat":[1763,1764,2003],"product_tag":[],"class_list":{"0":"post-53218","1":"product","2":"type-product","3":"status-publish","4":"has-post-thumbnail","6":"product_cat-harrastukset-ja-lelut","7":"product_cat-mallijunat","8":"product_cat-my-world-mallijunat-yli-3-vuotiaille","9":"product_shipping_class-toimitus-5-7-tyopaivan-kuluessa","10":"pa_variatsioon-minun-maailmani-rautatietunneli","12":"first","13":"instock","14":"taxable","15":"shipping-taxable","16":"purchasable","17":"product-type-simple"},"acf":[],"yoast_head":"<!-- This site is optimized with the Yoast SEO Premium plugin v27.5 (Yoast SEO v27.5) - https:\/\/yoast.com\/product\/yoast-seo-premium-wordpress\/ -->\n<title>Mudelrong My World - rautatieristeys valo- ja \u00e4\u00e4nitehosteilla varustettuna - Rodoaed<\/title>\n<meta name=\"robots\" content=\"index, follow, max-snippet:-1, max-image-preview:large, max-video-preview:-1\" \/>\n<link rel=\"canonical\" href=\"https:\/\/rodoaed.ee\/fi\/toode\/mudelrong-my-world-rautatieristeys-valo-ja-aanitehosteilla-varustettuna\/\" \/>\n<meta property=\"og:locale\" content=\"fi_FI\" \/>\n<meta property=\"og:type\" content=\"article\" \/>\n<meta property=\"og:title\" content=\"Mudelrong My World - rautatieristeys valo- ja \u00e4\u00e4nitehosteilla varustettuna\" \/>\n<meta property=\"og:description\" content=\"Loistava lelu \u00e4lykkyyden kehitt\u00e4miseen T\u00e4m\u00e4 MyWorldin rautatieristeys koostuu kahdesta rampista, jotka voidaan kiinnitt\u00e4\u00e4 rataosaan (rataosa sis\u00e4ltyy\" \/>\n<meta property=\"og:url\" content=\"https:\/\/rodoaed.ee\/fi\/toode\/mudelrong-my-world-rautatieristeys-valo-ja-aanitehosteilla-varustettuna\/\" \/>\n<meta property=\"og:site_name\" content=\"Rodoaed\" \/>\n<meta property=\"article:publisher\" content=\"https:\/\/www.facebook.com\/kasvuhooned\/\" \/>\n<meta property=\"article:modified_time\" content=\"2026-04-13T08:02:15+00:00\" \/>\n<meta property=\"og:image\" content=\"https:\/\/rodoaed.ee\/wp-content\/uploads\/2019\/10\/mudelrongid_my-world_05.jpg\" \/>\n\t<meta property=\"og:image:width\" content=\"1500\" \/>\n\t<meta property=\"og:image:height\" content=\"1069\" \/>\n\t<meta property=\"og:image:type\" content=\"image\/jpeg\" \/>\n<meta name=\"twitter:card\" content=\"summary_large_image\" \/>\n<meta name=\"twitter:label1\" content=\"Arvioitu lukuaika\" \/>\n\t<meta name=\"twitter:data1\" content=\"1 minuutti\" \/>\n<script type=\"application\/ld+json\" class=\"yoast-schema-graph\">{\"@context\":\"https:\\\/\\\/schema.org\",\"@graph\":[{\"@type\":\"WebPage\",\"@id\":\"https:\\\/\\\/rodoaed.ee\\\/fi\\\/toode\\\/mudelrong-my-world-rautatieristeys-valo-ja-aanitehosteilla-varustettuna\\\/\",\"url\":\"https:\\\/\\\/rodoaed.ee\\\/fi\\\/toode\\\/mudelrong-my-world-rautatieristeys-valo-ja-aanitehosteilla-varustettuna\\\/\",\"name\":\"Mudelrong My World - rautatieristeys valo- ja \u00e4\u00e4nitehosteilla varustettuna - Rodoaed\",\"isPartOf\":{\"@id\":\"https:\\\/\\\/rodoaed.ee\\\/#website\"},\"primaryImageOfPage\":{\"@id\":\"https:\\\/\\\/rodoaed.ee\\\/fi\\\/toode\\\/mudelrong-my-world-rautatieristeys-valo-ja-aanitehosteilla-varustettuna\\\/#primaryimage\"},\"image\":{\"@id\":\"https:\\\/\\\/rodoaed.ee\\\/fi\\\/toode\\\/mudelrong-my-world-rautatieristeys-valo-ja-aanitehosteilla-varustettuna\\\/#primaryimage\"},\"thumbnailUrl\":\"https:\\\/\\\/rodoaed.ee\\\/wp-content\\\/uploads\\\/2019\\\/10\\\/mudelrongid_my-world_05.jpg\",\"datePublished\":\"2019-10-25T17:09:16+00:00\",\"dateModified\":\"2026-04-13T08:02:15+00:00\",\"breadcrumb\":{\"@id\":\"https:\\\/\\\/rodoaed.ee\\\/fi\\\/toode\\\/mudelrong-my-world-rautatieristeys-valo-ja-aanitehosteilla-varustettuna\\\/#breadcrumb\"},\"inLanguage\":\"fi\",\"potentialAction\":[{\"@type\":\"ReadAction\",\"target\":[\"https:\\\/\\\/rodoaed.ee\\\/fi\\\/toode\\\/mudelrong-my-world-rautatieristeys-valo-ja-aanitehosteilla-varustettuna\\\/\"]}]},{\"@type\":\"ImageObject\",\"inLanguage\":\"fi\",\"@id\":\"https:\\\/\\\/rodoaed.ee\\\/fi\\\/toode\\\/mudelrong-my-world-rautatieristeys-valo-ja-aanitehosteilla-varustettuna\\\/#primaryimage\",\"url\":\"https:\\\/\\\/rodoaed.ee\\\/wp-content\\\/uploads\\\/2019\\\/10\\\/mudelrongid_my-world_05.jpg\",\"contentUrl\":\"https:\\\/\\\/rodoaed.ee\\\/wp-content\\\/uploads\\\/2019\\\/10\\\/mudelrongid_my-world_05.jpg\",\"width\":1500,\"height\":1069},{\"@type\":\"BreadcrumbList\",\"@id\":\"https:\\\/\\\/rodoaed.ee\\\/fi\\\/toode\\\/mudelrong-my-world-rautatieristeys-valo-ja-aanitehosteilla-varustettuna\\\/#breadcrumb\",\"itemListElement\":[{\"@type\":\"ListItem\",\"position\":1,\"name\":\"Home\",\"item\":\"https:\\\/\\\/rodoaed.ee\\\/fi\\\/\"},{\"@type\":\"ListItem\",\"position\":2,\"name\":\"Osta osoitteessa\",\"item\":\"https:\\\/\\\/rodoaed.ee\\\/osta-osoitteessa\\\/\"},{\"@type\":\"ListItem\",\"position\":3,\"name\":\"Mudelrong My World &#8211; rautatieristeys valo- ja \u00e4\u00e4nitehosteilla varustettuna\"}]},{\"@type\":\"WebSite\",\"@id\":\"https:\\\/\\\/rodoaed.ee\\\/#website\",\"url\":\"https:\\\/\\\/rodoaed.ee\\\/\",\"name\":\"Rodoaed\",\"description\":\"\",\"publisher\":{\"@id\":\"https:\\\/\\\/rodoaed.ee\\\/#organization\"},\"potentialAction\":[{\"@type\":\"SearchAction\",\"target\":{\"@type\":\"EntryPoint\",\"urlTemplate\":\"https:\\\/\\\/rodoaed.ee\\\/?s={search_term_string}\"},\"query-input\":{\"@type\":\"PropertyValueSpecification\",\"valueRequired\":true,\"valueName\":\"search_term_string\"}}],\"inLanguage\":\"fi\"},{\"@type\":\"Organization\",\"@id\":\"https:\\\/\\\/rodoaed.ee\\\/#organization\",\"name\":\"Rodoaed\",\"url\":\"https:\\\/\\\/rodoaed.ee\\\/\",\"logo\":{\"@type\":\"ImageObject\",\"inLanguage\":\"fi\",\"@id\":\"https:\\\/\\\/rodoaed.ee\\\/#\\\/schema\\\/logo\\\/image\\\/\",\"url\":\"https:\\\/\\\/rodoaed.ee\\\/wp-content\\\/uploads\\\/2019\\\/11\\\/rodoaed-logo-ilma-taustata.jpg\",\"contentUrl\":\"https:\\\/\\\/rodoaed.ee\\\/wp-content\\\/uploads\\\/2019\\\/11\\\/rodoaed-logo-ilma-taustata.jpg\",\"width\":769,\"height\":268,\"caption\":\"Rodoaed\"},\"image\":{\"@id\":\"https:\\\/\\\/rodoaed.ee\\\/#\\\/schema\\\/logo\\\/image\\\/\"},\"sameAs\":[\"https:\\\/\\\/www.facebook.com\\\/kasvuhooned\\\/\",\"https:\\\/\\\/rodoaed.ee\"]}]}<\/script>\n<!-- \/ Yoast SEO Premium plugin. -->","yoast_head_json":{"title":"Mudelrong My World - rautatieristeys valo- ja \u00e4\u00e4nitehosteilla varustettuna - Rodoaed","robots":{"index":"index","follow":"follow","max-snippet":"max-snippet:-1","max-image-preview":"max-image-preview:large","max-video-preview":"max-video-preview:-1"},"canonical":"https:\/\/rodoaed.ee\/fi\/toode\/mudelrong-my-world-rautatieristeys-valo-ja-aanitehosteilla-varustettuna\/","og_locale":"fi_FI","og_type":"article","og_title":"Mudelrong My World - rautatieristeys valo- ja \u00e4\u00e4nitehosteilla varustettuna","og_description":"Loistava lelu \u00e4lykkyyden kehitt\u00e4miseen T\u00e4m\u00e4 MyWorldin rautatieristeys koostuu kahdesta rampista, jotka voidaan kiinnitt\u00e4\u00e4 rataosaan (rataosa sis\u00e4ltyy","og_url":"https:\/\/rodoaed.ee\/fi\/toode\/mudelrong-my-world-rautatieristeys-valo-ja-aanitehosteilla-varustettuna\/","og_site_name":"Rodoaed","article_publisher":"https:\/\/www.facebook.com\/kasvuhooned\/","article_modified_time":"2026-04-13T08:02:15+00:00","og_image":[{"width":1500,"height":1069,"url":"https:\/\/rodoaed.ee\/wp-content\/uploads\/2019\/10\/mudelrongid_my-world_05.jpg","type":"image\/jpeg"}],"twitter_card":"summary_large_image","twitter_misc":{"Arvioitu lukuaika":"1 minuutti"},"schema":{"@context":"https:\/\/schema.org","@graph":[{"@type":"WebPage","@id":"https:\/\/rodoaed.ee\/fi\/toode\/mudelrong-my-world-rautatieristeys-valo-ja-aanitehosteilla-varustettuna\/","url":"https:\/\/rodoaed.ee\/fi\/toode\/mudelrong-my-world-rautatieristeys-valo-ja-aanitehosteilla-varustettuna\/","name":"Mudelrong My World - rautatieristeys valo- ja \u00e4\u00e4nitehosteilla varustettuna - Rodoaed","isPartOf":{"@id":"https:\/\/rodoaed.ee\/#website"},"primaryImageOfPage":{"@id":"https:\/\/rodoaed.ee\/fi\/toode\/mudelrong-my-world-rautatieristeys-valo-ja-aanitehosteilla-varustettuna\/#primaryimage"},"image":{"@id":"https:\/\/rodoaed.ee\/fi\/toode\/mudelrong-my-world-rautatieristeys-valo-ja-aanitehosteilla-varustettuna\/#primaryimage"},"thumbnailUrl":"https:\/\/rodoaed.ee\/wp-content\/uploads\/2019\/10\/mudelrongid_my-world_05.jpg","datePublished":"2019-10-25T17:09:16+00:00","dateModified":"2026-04-13T08:02:15+00:00","breadcrumb":{"@id":"https:\/\/rodoaed.ee\/fi\/toode\/mudelrong-my-world-rautatieristeys-valo-ja-aanitehosteilla-varustettuna\/#breadcrumb"},"inLanguage":"fi","potentialAction":[{"@type":"ReadAction","target":["https:\/\/rodoaed.ee\/fi\/toode\/mudelrong-my-world-rautatieristeys-valo-ja-aanitehosteilla-varustettuna\/"]}]},{"@type":"ImageObject","inLanguage":"fi","@id":"https:\/\/rodoaed.ee\/fi\/toode\/mudelrong-my-world-rautatieristeys-valo-ja-aanitehosteilla-varustettuna\/#primaryimage","url":"https:\/\/rodoaed.ee\/wp-content\/uploads\/2019\/10\/mudelrongid_my-world_05.jpg","contentUrl":"https:\/\/rodoaed.ee\/wp-content\/uploads\/2019\/10\/mudelrongid_my-world_05.jpg","width":1500,"height":1069},{"@type":"BreadcrumbList","@id":"https:\/\/rodoaed.ee\/fi\/toode\/mudelrong-my-world-rautatieristeys-valo-ja-aanitehosteilla-varustettuna\/#breadcrumb","itemListElement":[{"@type":"ListItem","position":1,"name":"Home","item":"https:\/\/rodoaed.ee\/fi\/"},{"@type":"ListItem","position":2,"name":"Osta osoitteessa","item":"https:\/\/rodoaed.ee\/osta-osoitteessa\/"},{"@type":"ListItem","position":3,"name":"Mudelrong My World &#8211; rautatieristeys valo- ja \u00e4\u00e4nitehosteilla varustettuna"}]},{"@type":"WebSite","@id":"https:\/\/rodoaed.ee\/#website","url":"https:\/\/rodoaed.ee\/","name":"Rodoaed","description":"","publisher":{"@id":"https:\/\/rodoaed.ee\/#organization"},"potentialAction":[{"@type":"SearchAction","target":{"@type":"EntryPoint","urlTemplate":"https:\/\/rodoaed.ee\/?s={search_term_string}"},"query-input":{"@type":"PropertyValueSpecification","valueRequired":true,"valueName":"search_term_string"}}],"inLanguage":"fi"},{"@type":"Organization","@id":"https:\/\/rodoaed.ee\/#organization","name":"Rodoaed","url":"https:\/\/rodoaed.ee\/","logo":{"@type":"ImageObject","inLanguage":"fi","@id":"https:\/\/rodoaed.ee\/#\/schema\/logo\/image\/","url":"https:\/\/rodoaed.ee\/wp-content\/uploads\/2019\/11\/rodoaed-logo-ilma-taustata.jpg","contentUrl":"https:\/\/rodoaed.ee\/wp-content\/uploads\/2019\/11\/rodoaed-logo-ilma-taustata.jpg","width":769,"height":268,"caption":"Rodoaed"},"image":{"@id":"https:\/\/rodoaed.ee\/#\/schema\/logo\/image\/"},"sameAs":["https:\/\/www.facebook.com\/kasvuhooned\/","https:\/\/rodoaed.ee"]}]}},"_links":{"self":[{"href":"https:\/\/rodoaed.ee\/fi\/wp-json\/wp\/v2\/product\/53218","targetHints":{"allow":["GET"]}}],"collection":[{"href":"https:\/\/rodoaed.ee\/fi\/wp-json\/wp\/v2\/product"}],"about":[{"href":"https:\/\/rodoaed.ee\/fi\/wp-json\/wp\/v2\/types\/product"}],"wp:featuredmedia":[{"embeddable":true,"href":"https:\/\/rodoaed.ee\/fi\/wp-json\/wp\/v2\/media\/28987"}],"wp:attachment":[{"href":"https:\/\/rodoaed.ee\/fi\/wp-json\/wp\/v2\/media?parent=53218"}],"wp:term":[{"taxonomy":"product_brand","embeddable":true,"href":"https:\/\/rodoaed.ee\/fi\/wp-json\/wp\/v2\/product_brand?post=53218"},{"taxonomy":"product_cat","embeddable":true,"href":"https:\/\/rodoaed.ee\/fi\/wp-json\/wp\/v2\/product_cat?post=53218"},{"taxonomy":"product_tag","embeddable":true,"href":"https:\/\/rodoaed.ee\/fi\/wp-json\/wp\/v2\/product_tag?post=53218"}],"curies":[{"name":"wp","href":"https:\/\/api.w.org\/{rel}","templated":true}]}}