{"id":53221,"date":"2019-10-22T19:43:35","date_gmt":"2019-10-22T16:43:35","guid":{"rendered":"https:\/\/rodoaed.ee\/toode\/flutter-butter-pods-nopea-korjaus\/"},"modified":"2026-04-13T11:02:16","modified_gmt":"2026-04-13T08:02:16","slug":"flutter-butter-pods-nopea-korjaus","status":"publish","type":"product","link":"https:\/\/rodoaed.ee\/fi\/tuote\/flutter-butter-pods-nopea-korjaus\/","title":{"rendered":"Flutter Butter Pods &#8211; nopea korjaus"},"content":{"rendered":"<h2>Voit helposti kiinnitt\u00e4\u00e4 kiinnityslevyn puutarhalankkuun, puuh\u00e4kin sein\u00e4\u00e4n tai talon ikkunaan. Se on vahva ja turvallinen linnuille. Purkin voi vaihtaa hetkess\u00e4.  <\/h2>\n<p>Laita ainakin pari muistolaattaa eri puolille puutarhaa, niin saat ruokapisteit\u00e4. Siihen menee vain muutama minuutti, mutta sinulla on hauskaa koko talven ajan. <\/p>\n<p>Flutter Butter Pods on aivan uusi tapa ruokkia lintuja. Korkea ravintoarvo on nopeasti vaihdettavassa uudelleenk\u00e4ytett\u00e4v\u00e4ss\u00e4 muovipurkissa. Sopii erinomaisesti kaikille mets\u00e4- ja puutarhalinnuille.  <\/p>\n<h3>Muoviruukkuja voidaan k\u00e4ytt\u00e4\u00e4 my\u00f6hemmin ty\u00f6p\u00f6yd\u00e4ll\u00e4 kynille ja tarvikkeille.<\/h3>\n<p>Flutter Butter Pods on vastustamaton houkutus linnuille. Johtuuko se ruoan tuoksusta, v\u00e4rist\u00e4 vai koostumuksesta, kukaan ei voi sanoa varmasti, mutta n\u00e4m\u00e4 ruokapurkit houkuttelevat lintuja vastustamattomasti. Nyt saatavana upeassa kolmen kappaleen pakkauksessa, joka sopii kaikkiin Flutter Butter -ruukkuihin. Mukana on my\u00f6s upouusi pikakiinnityslevy, jonka voit ruuvata sein\u00e4\u00e4n, puutarhapylv\u00e4\u00e4seen, ikkunalaudalle tai puunrunkoon. Juuri sinne, miss\u00e4 hyvin linnut ovat siististi n\u00e4kyvill\u00e4.    <\/p>\n<p>Pakkaus on ymp\u00e4rist\u00f6yst\u00e4v\u00e4llinen, koska se on helposti kierr\u00e4tett\u00e4viss\u00e4, mutta useimmiten sit\u00e4 ei anneta pois. Purkit on valmistettu kauniista kirkkaasta materiaalista, jota voit k\u00e4ytt\u00e4\u00e4 my\u00f6hemmin ty\u00f6p\u00f6yt\u00e4si j\u00e4rjest\u00e4miseen. <\/p>\n<p><b>Mukana: <\/b>1 lautanen<\/p>\n<p><a href=\"https:\/\/rodoaed.ee\/fi\/tootekategooria\/linnaillalliset-ja-linnan-ravintolat\/\">aloita<\/a><\/p>\n","protected":false},"excerpt":{"rendered":"<p>Voit helposti kiinnitt\u00e4\u00e4 kiinnityslevyn puutarhalankkuun, puuh\u00e4kin sein\u00e4\u00e4n tai talon ikkunaan. Se on vahva ja turvallinen linnuille. Purkin voi vaihtaa hetkess\u00e4. Laita ainakin pari muistolaattaa eri puolille puutarhaa, niin saat ruokapisteit\u00e4. Siihen menee vain muutama minuutti, mutta sinulla on hauskaa koko talven ajan. Flutter Butter Pods on aivan uusi tapa ruokkia lintuja. Korkea ravintoarvo on nopeasti vaihdettavassa uudelleenk\u00e4ytett\u00e4v\u00e4ss\u00e4 muovipurkissa. Sopii erinomaisesti kaikille mets\u00e4- ja puutarhalinnuille. Muoviruukkuja&#8230;<\/p>\n","protected":false},"featured_media":28840,"template":"","meta":{"_acf_changed":false},"product_brand":[],"product_cat":[1767,1768],"product_tag":[],"class_list":{"0":"post-53221","1":"product","2":"type-product","3":"status-publish","4":"has-post-thumbnail","6":"product_cat-linnaillalliset-ja-linnan-ravintolat","7":"product_cat-lintujen-ruokintakakut","8":"product_shipping_class-toimitus-1-3-tyopaivan-kuluessa","9":"pa_variatsioon-flutter-butter-vaihtopurkki-jossa-on-maapahkinavoin-syotava-sekoitus","11":"first","12":"instock","13":"sale","14":"taxable","15":"shipping-taxable","16":"purchasable","17":"product-type-simple"},"acf":[],"yoast_head":"<!-- This site is optimized with the Yoast SEO Premium plugin v27.3 (Yoast SEO v27.3) - https:\/\/yoast.com\/product\/yoast-seo-premium-wordpress\/ -->\n<title>Flutter Butter Pods - nopea korjaus% % -% Rodoaed% bird dinners<\/title>\n<meta name=\"description\" content=\"Flutter Butter Pods on aivan uusi tapa ruokkia lintuja. Kiinnit\u00e4 jalusta mihin tahansa sein\u00e4\u00e4n tai puutarhaan ja vaihda Flutter Butter Pods -pussit purkkeihin.\" \/>\n<meta name=\"robots\" content=\"index, follow, max-snippet:-1, max-image-preview:large, max-video-preview:-1\" \/>\n<link rel=\"canonical\" href=\"https:\/\/rodoaed.ee\/fi\/toode\/flutter-butter-pods-nopea-korjaus\/\" \/>\n<meta property=\"og:locale\" content=\"fi_FI\" \/>\n<meta property=\"og:type\" content=\"article\" \/>\n<meta property=\"og:title\" content=\"Flutter Butter Pods - nopea korjaus\" \/>\n<meta property=\"og:description\" content=\"Voit helposti kiinnitt\u00e4\u00e4 kiinnityslevyn puutarhalankkuun, puuh\u00e4kin sein\u00e4\u00e4n tai talon ikkunaan. Se on vahva ja turvallinen linnuille. Purkin voi vaihtaa\" \/>\n<meta property=\"og:url\" content=\"https:\/\/rodoaed.ee\/fi\/toode\/flutter-butter-pods-nopea-korjaus\/\" \/>\n<meta property=\"og:site_name\" content=\"Rodoaed\" \/>\n<meta property=\"article:publisher\" content=\"https:\/\/www.facebook.com\/kasvuhooned\/\" \/>\n<meta property=\"article:modified_time\" content=\"2026-04-13T08:02:16+00:00\" \/>\n<meta property=\"og:image\" content=\"https:\/\/rodoaed.ee\/wp-content\/uploads\/2019\/10\/linnus\u00f6\u00f6gid_flutter-butter-pods_kinnitus_02.jpg\" \/>\n\t<meta property=\"og:image:width\" content=\"1280\" \/>\n\t<meta property=\"og:image:height\" content=\"1600\" \/>\n\t<meta property=\"og:image:type\" content=\"image\/jpeg\" \/>\n<meta name=\"twitter:card\" content=\"summary_large_image\" \/>\n<meta name=\"twitter:label1\" content=\"Arvioitu lukuaika\" \/>\n\t<meta name=\"twitter:data1\" content=\"1 minuutti\" \/>\n<script type=\"application\/ld+json\" class=\"yoast-schema-graph\">{\"@context\":\"https:\\\/\\\/schema.org\",\"@graph\":[{\"@type\":\"WebPage\",\"@id\":\"https:\\\/\\\/rodoaed.ee\\\/fi\\\/toode\\\/flutter-butter-pods-nopea-korjaus\\\/\",\"url\":\"https:\\\/\\\/rodoaed.ee\\\/fi\\\/toode\\\/flutter-butter-pods-nopea-korjaus\\\/\",\"name\":\"Flutter Butter Pods - nopea korjaus% % -% Rodoaed% bird dinners\",\"isPartOf\":{\"@id\":\"https:\\\/\\\/rodoaed.ee\\\/#website\"},\"primaryImageOfPage\":{\"@id\":\"https:\\\/\\\/rodoaed.ee\\\/fi\\\/toode\\\/flutter-butter-pods-nopea-korjaus\\\/#primaryimage\"},\"image\":{\"@id\":\"https:\\\/\\\/rodoaed.ee\\\/fi\\\/toode\\\/flutter-butter-pods-nopea-korjaus\\\/#primaryimage\"},\"thumbnailUrl\":\"https:\\\/\\\/rodoaed.ee\\\/wp-content\\\/uploads\\\/2019\\\/10\\\/linnus\u00f6\u00f6gid_flutter-butter-pods_kinnitus_02.jpg\",\"datePublished\":\"2019-10-22T16:43:35+00:00\",\"dateModified\":\"2026-04-13T08:02:16+00:00\",\"description\":\"Flutter Butter Pods on aivan uusi tapa ruokkia lintuja. Kiinnit\u00e4 jalusta mihin tahansa sein\u00e4\u00e4n tai puutarhaan ja vaihda Flutter Butter Pods -pussit purkkeihin.\",\"breadcrumb\":{\"@id\":\"https:\\\/\\\/rodoaed.ee\\\/fi\\\/toode\\\/flutter-butter-pods-nopea-korjaus\\\/#breadcrumb\"},\"inLanguage\":\"fi\",\"potentialAction\":[{\"@type\":\"ReadAction\",\"target\":[\"https:\\\/\\\/rodoaed.ee\\\/fi\\\/toode\\\/flutter-butter-pods-nopea-korjaus\\\/\"]}]},{\"@type\":\"ImageObject\",\"inLanguage\":\"fi\",\"@id\":\"https:\\\/\\\/rodoaed.ee\\\/fi\\\/toode\\\/flutter-butter-pods-nopea-korjaus\\\/#primaryimage\",\"url\":\"https:\\\/\\\/rodoaed.ee\\\/wp-content\\\/uploads\\\/2019\\\/10\\\/linnus\u00f6\u00f6gid_flutter-butter-pods_kinnitus_02.jpg\",\"contentUrl\":\"https:\\\/\\\/rodoaed.ee\\\/wp-content\\\/uploads\\\/2019\\\/10\\\/linnus\u00f6\u00f6gid_flutter-butter-pods_kinnitus_02.jpg\",\"width\":1280,\"height\":1600},{\"@type\":\"BreadcrumbList\",\"@id\":\"https:\\\/\\\/rodoaed.ee\\\/fi\\\/toode\\\/flutter-butter-pods-nopea-korjaus\\\/#breadcrumb\",\"itemListElement\":[{\"@type\":\"ListItem\",\"position\":1,\"name\":\"Home\",\"item\":\"https:\\\/\\\/rodoaed.ee\\\/fi\\\/\"},{\"@type\":\"ListItem\",\"position\":2,\"name\":\"Osta osoitteessa\",\"item\":\"https:\\\/\\\/rodoaed.ee\\\/osta-osoitteessa\\\/\"},{\"@type\":\"ListItem\",\"position\":3,\"name\":\"Flutter Butter Pods &#8211; nopea korjaus\"}]},{\"@type\":\"WebSite\",\"@id\":\"https:\\\/\\\/rodoaed.ee\\\/#website\",\"url\":\"https:\\\/\\\/rodoaed.ee\\\/\",\"name\":\"Rodoaed\",\"description\":\"\",\"publisher\":{\"@id\":\"https:\\\/\\\/rodoaed.ee\\\/#organization\"},\"potentialAction\":[{\"@type\":\"SearchAction\",\"target\":{\"@type\":\"EntryPoint\",\"urlTemplate\":\"https:\\\/\\\/rodoaed.ee\\\/?s={search_term_string}\"},\"query-input\":{\"@type\":\"PropertyValueSpecification\",\"valueRequired\":true,\"valueName\":\"search_term_string\"}}],\"inLanguage\":\"fi\"},{\"@type\":\"Organization\",\"@id\":\"https:\\\/\\\/rodoaed.ee\\\/#organization\",\"name\":\"Rodoaed\",\"url\":\"https:\\\/\\\/rodoaed.ee\\\/\",\"logo\":{\"@type\":\"ImageObject\",\"inLanguage\":\"fi\",\"@id\":\"https:\\\/\\\/rodoaed.ee\\\/#\\\/schema\\\/logo\\\/image\\\/\",\"url\":\"https:\\\/\\\/rodoaed.ee\\\/wp-content\\\/uploads\\\/2019\\\/11\\\/rodoaed-logo-ilma-taustata.jpg\",\"contentUrl\":\"https:\\\/\\\/rodoaed.ee\\\/wp-content\\\/uploads\\\/2019\\\/11\\\/rodoaed-logo-ilma-taustata.jpg\",\"width\":769,\"height\":268,\"caption\":\"Rodoaed\"},\"image\":{\"@id\":\"https:\\\/\\\/rodoaed.ee\\\/#\\\/schema\\\/logo\\\/image\\\/\"},\"sameAs\":[\"https:\\\/\\\/www.facebook.com\\\/kasvuhooned\\\/\",\"https:\\\/\\\/rodoaed.ee\"]}]}<\/script>\n<!-- \/ Yoast SEO Premium plugin. -->","yoast_head_json":{"title":"Flutter Butter Pods - nopea korjaus% % -% Rodoaed% bird dinners","description":"Flutter Butter Pods on aivan uusi tapa ruokkia lintuja. Kiinnit\u00e4 jalusta mihin tahansa sein\u00e4\u00e4n tai puutarhaan ja vaihda Flutter Butter Pods -pussit purkkeihin.","robots":{"index":"index","follow":"follow","max-snippet":"max-snippet:-1","max-image-preview":"max-image-preview:large","max-video-preview":"max-video-preview:-1"},"canonical":"https:\/\/rodoaed.ee\/fi\/toode\/flutter-butter-pods-nopea-korjaus\/","og_locale":"fi_FI","og_type":"article","og_title":"Flutter Butter Pods - nopea korjaus","og_description":"Voit helposti kiinnitt\u00e4\u00e4 kiinnityslevyn puutarhalankkuun, puuh\u00e4kin sein\u00e4\u00e4n tai talon ikkunaan. Se on vahva ja turvallinen linnuille. Purkin voi vaihtaa","og_url":"https:\/\/rodoaed.ee\/fi\/toode\/flutter-butter-pods-nopea-korjaus\/","og_site_name":"Rodoaed","article_publisher":"https:\/\/www.facebook.com\/kasvuhooned\/","article_modified_time":"2026-04-13T08:02:16+00:00","og_image":[{"width":1280,"height":1600,"url":"https:\/\/rodoaed.ee\/wp-content\/uploads\/2019\/10\/linnus\u00f6\u00f6gid_flutter-butter-pods_kinnitus_02.jpg","type":"image\/jpeg"}],"twitter_card":"summary_large_image","twitter_misc":{"Arvioitu lukuaika":"1 minuutti"},"schema":{"@context":"https:\/\/schema.org","@graph":[{"@type":"WebPage","@id":"https:\/\/rodoaed.ee\/fi\/toode\/flutter-butter-pods-nopea-korjaus\/","url":"https:\/\/rodoaed.ee\/fi\/toode\/flutter-butter-pods-nopea-korjaus\/","name":"Flutter Butter Pods - nopea korjaus% % -% Rodoaed% bird dinners","isPartOf":{"@id":"https:\/\/rodoaed.ee\/#website"},"primaryImageOfPage":{"@id":"https:\/\/rodoaed.ee\/fi\/toode\/flutter-butter-pods-nopea-korjaus\/#primaryimage"},"image":{"@id":"https:\/\/rodoaed.ee\/fi\/toode\/flutter-butter-pods-nopea-korjaus\/#primaryimage"},"thumbnailUrl":"https:\/\/rodoaed.ee\/wp-content\/uploads\/2019\/10\/linnus\u00f6\u00f6gid_flutter-butter-pods_kinnitus_02.jpg","datePublished":"2019-10-22T16:43:35+00:00","dateModified":"2026-04-13T08:02:16+00:00","description":"Flutter Butter Pods on aivan uusi tapa ruokkia lintuja. Kiinnit\u00e4 jalusta mihin tahansa sein\u00e4\u00e4n tai puutarhaan ja vaihda Flutter Butter Pods -pussit purkkeihin.","breadcrumb":{"@id":"https:\/\/rodoaed.ee\/fi\/toode\/flutter-butter-pods-nopea-korjaus\/#breadcrumb"},"inLanguage":"fi","potentialAction":[{"@type":"ReadAction","target":["https:\/\/rodoaed.ee\/fi\/toode\/flutter-butter-pods-nopea-korjaus\/"]}]},{"@type":"ImageObject","inLanguage":"fi","@id":"https:\/\/rodoaed.ee\/fi\/toode\/flutter-butter-pods-nopea-korjaus\/#primaryimage","url":"https:\/\/rodoaed.ee\/wp-content\/uploads\/2019\/10\/linnus\u00f6\u00f6gid_flutter-butter-pods_kinnitus_02.jpg","contentUrl":"https:\/\/rodoaed.ee\/wp-content\/uploads\/2019\/10\/linnus\u00f6\u00f6gid_flutter-butter-pods_kinnitus_02.jpg","width":1280,"height":1600},{"@type":"BreadcrumbList","@id":"https:\/\/rodoaed.ee\/fi\/toode\/flutter-butter-pods-nopea-korjaus\/#breadcrumb","itemListElement":[{"@type":"ListItem","position":1,"name":"Home","item":"https:\/\/rodoaed.ee\/fi\/"},{"@type":"ListItem","position":2,"name":"Osta osoitteessa","item":"https:\/\/rodoaed.ee\/osta-osoitteessa\/"},{"@type":"ListItem","position":3,"name":"Flutter Butter Pods &#8211; nopea korjaus"}]},{"@type":"WebSite","@id":"https:\/\/rodoaed.ee\/#website","url":"https:\/\/rodoaed.ee\/","name":"Rodoaed","description":"","publisher":{"@id":"https:\/\/rodoaed.ee\/#organization"},"potentialAction":[{"@type":"SearchAction","target":{"@type":"EntryPoint","urlTemplate":"https:\/\/rodoaed.ee\/?s={search_term_string}"},"query-input":{"@type":"PropertyValueSpecification","valueRequired":true,"valueName":"search_term_string"}}],"inLanguage":"fi"},{"@type":"Organization","@id":"https:\/\/rodoaed.ee\/#organization","name":"Rodoaed","url":"https:\/\/rodoaed.ee\/","logo":{"@type":"ImageObject","inLanguage":"fi","@id":"https:\/\/rodoaed.ee\/#\/schema\/logo\/image\/","url":"https:\/\/rodoaed.ee\/wp-content\/uploads\/2019\/11\/rodoaed-logo-ilma-taustata.jpg","contentUrl":"https:\/\/rodoaed.ee\/wp-content\/uploads\/2019\/11\/rodoaed-logo-ilma-taustata.jpg","width":769,"height":268,"caption":"Rodoaed"},"image":{"@id":"https:\/\/rodoaed.ee\/#\/schema\/logo\/image\/"},"sameAs":["https:\/\/www.facebook.com\/kasvuhooned\/","https:\/\/rodoaed.ee"]}]}},"_links":{"self":[{"href":"https:\/\/rodoaed.ee\/fi\/wp-json\/wp\/v2\/product\/53221","targetHints":{"allow":["GET"]}}],"collection":[{"href":"https:\/\/rodoaed.ee\/fi\/wp-json\/wp\/v2\/product"}],"about":[{"href":"https:\/\/rodoaed.ee\/fi\/wp-json\/wp\/v2\/types\/product"}],"wp:featuredmedia":[{"embeddable":true,"href":"https:\/\/rodoaed.ee\/fi\/wp-json\/wp\/v2\/media\/28840"}],"wp:attachment":[{"href":"https:\/\/rodoaed.ee\/fi\/wp-json\/wp\/v2\/media?parent=53221"}],"wp:term":[{"taxonomy":"product_brand","embeddable":true,"href":"https:\/\/rodoaed.ee\/fi\/wp-json\/wp\/v2\/product_brand?post=53221"},{"taxonomy":"product_cat","embeddable":true,"href":"https:\/\/rodoaed.ee\/fi\/wp-json\/wp\/v2\/product_cat?post=53221"},{"taxonomy":"product_tag","embeddable":true,"href":"https:\/\/rodoaed.ee\/fi\/wp-json\/wp\/v2\/product_tag?post=53221"}],"curies":[{"name":"wp","href":"https:\/\/api.w.org\/{rel}","templated":true}]}}