{"id":53225,"date":"2019-10-25T19:48:45","date_gmt":"2019-10-25T16:48:45","guid":{"rendered":"https:\/\/rodoaed.ee\/toode\/mudelrong-my-world-asematalo-aanitehosteineen\/"},"modified":"2026-04-13T11:02:18","modified_gmt":"2026-04-13T08:02:18","slug":"mudelrong-my-world-asematalo-aanitehosteineen","status":"publish","type":"product","link":"https:\/\/rodoaed.ee\/fi\/tuote\/mudelrong-my-world-asematalo-aanitehosteineen\/","title":{"rendered":"Mudelrong My World- asematalo \u00e4\u00e4nitehosteineen"},"content":{"rendered":"<h2>Loistava lelu \u00e4lykkyyden kehitt\u00e4miseen<\/h2>\n<p>T\u00e4m\u00e4 MyWorld-asemarakennus on valmistettu lapsiyst\u00e4v\u00e4llisest\u00e4, kest\u00e4v\u00e4st\u00e4 muovista. Asemarakennus on vuorovaikutteinen ja siin\u00e4 on erilaisia ilmoituksia, jotka voidaan esitt\u00e4\u00e4. Asemarakennus my\u00f6s tallentaa omia \u00e4\u00e4nitettyj\u00e4 kuulutuksiaan, jotka voidaan toistaa. Eri asemien nimi\u00e4 sis\u00e4lt\u00e4v\u00e4\u00e4 tarraosaa voi k\u00e4\u00e4nt\u00e4\u00e4. Mukana on kolme AAA-paristoa.    <\/p>\n<h3><b>T\u00e4rkeimm\u00e4t ominaisuudet<\/b><\/h3>\n<ul>\n<li>Puhelun tallennus<\/li>\n<li>4 erilaista ilmoitusta<\/li>\n<li>Helppo asentaa lapsille<\/li>\n<li>Asemien nimet ovat tarroissa<\/li>\n<\/ul>\n<p><a href=\"https:\/\/rodoaed.ee\/fi\/tootekategooria\/harrastukset-ja-lelut\/mallijunat\/\">aloita<\/a><\/p>\n<p>&nbsp;<\/p>\n","protected":false},"excerpt":{"rendered":"<p>Loistava lelu \u00e4lykkyyden kehitt\u00e4miseen T\u00e4m\u00e4 MyWorld-asemarakennus on valmistettu lapsiyst\u00e4v\u00e4llisest\u00e4, kest\u00e4v\u00e4st\u00e4 muovista. Asemarakennus on vuorovaikutteinen ja siin\u00e4 on erilaisia ilmoituksia, jotka voidaan esitt\u00e4\u00e4. Asemarakennus my\u00f6s tallentaa omia \u00e4\u00e4nitettyj\u00e4 kuulutuksiaan, jotka voidaan toistaa. Eri asemien nimi\u00e4 sis\u00e4lt\u00e4v\u00e4\u00e4 tarraosaa voi k\u00e4\u00e4nt\u00e4\u00e4. Mukana on kolme AAA-paristoa. T\u00e4rkeimm\u00e4t ominaisuudet Puhelun tallennus 4 erilaista ilmoitusta Helppo asentaa lapsille Asemien nimet ovat tarroissa aloita &nbsp;<\/p>\n","protected":false},"featured_media":28973,"template":"","meta":{"_acf_changed":false},"product_brand":[],"product_cat":[1763,1764,2003],"product_tag":[],"class_list":{"0":"post-53225","1":"product","2":"type-product","3":"status-publish","4":"has-post-thumbnail","6":"product_cat-harrastukset-ja-lelut","7":"product_cat-mallijunat","8":"product_cat-my-world-mallijunat-yli-3-vuotiaille","9":"product_shipping_class-toimitus-5-7-tyopaivan-kuluessa","10":"pa_variatsioon-minun-maailmani-rautatietunneli","12":"first","13":"instock","14":"taxable","15":"shipping-taxable","16":"purchasable","17":"product-type-simple"},"acf":[],"yoast_head":"<!-- This site is optimized with the Yoast SEO Premium plugin v27.5 (Yoast SEO v27.5) - https:\/\/yoast.com\/product\/yoast-seo-premium-wordpress\/ -->\n<title>Mudelrong My World- asematalo \u00e4\u00e4nitehosteineen - Rodoaed<\/title>\n<meta name=\"robots\" content=\"index, follow, max-snippet:-1, max-image-preview:large, max-video-preview:-1\" \/>\n<link rel=\"canonical\" href=\"https:\/\/rodoaed.ee\/fi\/toode\/mudelrong-my-world-asematalo-aanitehosteineen\/\" \/>\n<meta property=\"og:locale\" content=\"fi_FI\" \/>\n<meta property=\"og:type\" content=\"article\" \/>\n<meta property=\"og:title\" content=\"Mudelrong My World- asematalo \u00e4\u00e4nitehosteineen\" \/>\n<meta property=\"og:description\" content=\"Loistava lelu \u00e4lykkyyden kehitt\u00e4miseen T\u00e4m\u00e4 MyWorld-asemarakennus on valmistettu lapsiyst\u00e4v\u00e4llisest\u00e4, kest\u00e4v\u00e4st\u00e4 muovista. Asemarakennus on\" \/>\n<meta property=\"og:url\" content=\"https:\/\/rodoaed.ee\/fi\/toode\/mudelrong-my-world-asematalo-aanitehosteineen\/\" \/>\n<meta property=\"og:site_name\" content=\"Rodoaed\" \/>\n<meta property=\"article:publisher\" content=\"https:\/\/www.facebook.com\/kasvuhooned\/\" \/>\n<meta property=\"article:modified_time\" content=\"2026-04-13T08:02:18+00:00\" \/>\n<meta property=\"og:image\" content=\"https:\/\/rodoaed.ee\/wp-content\/uploads\/2019\/10\/mudelrongid_my-world_01.jpg\" \/>\n\t<meta property=\"og:image:width\" content=\"1500\" \/>\n\t<meta property=\"og:image:height\" content=\"1069\" \/>\n\t<meta property=\"og:image:type\" content=\"image\/jpeg\" \/>\n<meta name=\"twitter:card\" content=\"summary_large_image\" \/>\n<script type=\"application\/ld+json\" class=\"yoast-schema-graph\">{\"@context\":\"https:\\\/\\\/schema.org\",\"@graph\":[{\"@type\":\"WebPage\",\"@id\":\"https:\\\/\\\/rodoaed.ee\\\/fi\\\/toode\\\/mudelrong-my-world-asematalo-aanitehosteineen\\\/\",\"url\":\"https:\\\/\\\/rodoaed.ee\\\/fi\\\/toode\\\/mudelrong-my-world-asematalo-aanitehosteineen\\\/\",\"name\":\"Mudelrong My World- asematalo \u00e4\u00e4nitehosteineen - Rodoaed\",\"isPartOf\":{\"@id\":\"https:\\\/\\\/rodoaed.ee\\\/#website\"},\"primaryImageOfPage\":{\"@id\":\"https:\\\/\\\/rodoaed.ee\\\/fi\\\/toode\\\/mudelrong-my-world-asematalo-aanitehosteineen\\\/#primaryimage\"},\"image\":{\"@id\":\"https:\\\/\\\/rodoaed.ee\\\/fi\\\/toode\\\/mudelrong-my-world-asematalo-aanitehosteineen\\\/#primaryimage\"},\"thumbnailUrl\":\"https:\\\/\\\/rodoaed.ee\\\/wp-content\\\/uploads\\\/2019\\\/10\\\/mudelrongid_my-world_01.jpg\",\"datePublished\":\"2019-10-25T16:48:45+00:00\",\"dateModified\":\"2026-04-13T08:02:18+00:00\",\"breadcrumb\":{\"@id\":\"https:\\\/\\\/rodoaed.ee\\\/fi\\\/toode\\\/mudelrong-my-world-asematalo-aanitehosteineen\\\/#breadcrumb\"},\"inLanguage\":\"fi\",\"potentialAction\":[{\"@type\":\"ReadAction\",\"target\":[\"https:\\\/\\\/rodoaed.ee\\\/fi\\\/toode\\\/mudelrong-my-world-asematalo-aanitehosteineen\\\/\"]}]},{\"@type\":\"ImageObject\",\"inLanguage\":\"fi\",\"@id\":\"https:\\\/\\\/rodoaed.ee\\\/fi\\\/toode\\\/mudelrong-my-world-asematalo-aanitehosteineen\\\/#primaryimage\",\"url\":\"https:\\\/\\\/rodoaed.ee\\\/wp-content\\\/uploads\\\/2019\\\/10\\\/mudelrongid_my-world_01.jpg\",\"contentUrl\":\"https:\\\/\\\/rodoaed.ee\\\/wp-content\\\/uploads\\\/2019\\\/10\\\/mudelrongid_my-world_01.jpg\",\"width\":1500,\"height\":1069,\"caption\":\"pienoisrautatieaseman rakennus\"},{\"@type\":\"BreadcrumbList\",\"@id\":\"https:\\\/\\\/rodoaed.ee\\\/fi\\\/toode\\\/mudelrong-my-world-asematalo-aanitehosteineen\\\/#breadcrumb\",\"itemListElement\":[{\"@type\":\"ListItem\",\"position\":1,\"name\":\"Home\",\"item\":\"https:\\\/\\\/rodoaed.ee\\\/fi\\\/\"},{\"@type\":\"ListItem\",\"position\":2,\"name\":\"Osta osoitteessa\",\"item\":\"https:\\\/\\\/rodoaed.ee\\\/osta-osoitteessa\\\/\"},{\"@type\":\"ListItem\",\"position\":3,\"name\":\"Mudelrong My World- asematalo \u00e4\u00e4nitehosteineen\"}]},{\"@type\":\"WebSite\",\"@id\":\"https:\\\/\\\/rodoaed.ee\\\/#website\",\"url\":\"https:\\\/\\\/rodoaed.ee\\\/\",\"name\":\"Rodoaed\",\"description\":\"\",\"publisher\":{\"@id\":\"https:\\\/\\\/rodoaed.ee\\\/#organization\"},\"potentialAction\":[{\"@type\":\"SearchAction\",\"target\":{\"@type\":\"EntryPoint\",\"urlTemplate\":\"https:\\\/\\\/rodoaed.ee\\\/?s={search_term_string}\"},\"query-input\":{\"@type\":\"PropertyValueSpecification\",\"valueRequired\":true,\"valueName\":\"search_term_string\"}}],\"inLanguage\":\"fi\"},{\"@type\":\"Organization\",\"@id\":\"https:\\\/\\\/rodoaed.ee\\\/#organization\",\"name\":\"Rodoaed\",\"url\":\"https:\\\/\\\/rodoaed.ee\\\/\",\"logo\":{\"@type\":\"ImageObject\",\"inLanguage\":\"fi\",\"@id\":\"https:\\\/\\\/rodoaed.ee\\\/#\\\/schema\\\/logo\\\/image\\\/\",\"url\":\"https:\\\/\\\/rodoaed.ee\\\/wp-content\\\/uploads\\\/2019\\\/11\\\/rodoaed-logo-ilma-taustata.jpg\",\"contentUrl\":\"https:\\\/\\\/rodoaed.ee\\\/wp-content\\\/uploads\\\/2019\\\/11\\\/rodoaed-logo-ilma-taustata.jpg\",\"width\":769,\"height\":268,\"caption\":\"Rodoaed\"},\"image\":{\"@id\":\"https:\\\/\\\/rodoaed.ee\\\/#\\\/schema\\\/logo\\\/image\\\/\"},\"sameAs\":[\"https:\\\/\\\/www.facebook.com\\\/kasvuhooned\\\/\",\"https:\\\/\\\/rodoaed.ee\"]}]}<\/script>\n<!-- \/ Yoast SEO Premium plugin. -->","yoast_head_json":{"title":"Mudelrong My World- asematalo \u00e4\u00e4nitehosteineen - Rodoaed","robots":{"index":"index","follow":"follow","max-snippet":"max-snippet:-1","max-image-preview":"max-image-preview:large","max-video-preview":"max-video-preview:-1"},"canonical":"https:\/\/rodoaed.ee\/fi\/toode\/mudelrong-my-world-asematalo-aanitehosteineen\/","og_locale":"fi_FI","og_type":"article","og_title":"Mudelrong My World- asematalo \u00e4\u00e4nitehosteineen","og_description":"Loistava lelu \u00e4lykkyyden kehitt\u00e4miseen T\u00e4m\u00e4 MyWorld-asemarakennus on valmistettu lapsiyst\u00e4v\u00e4llisest\u00e4, kest\u00e4v\u00e4st\u00e4 muovista. Asemarakennus on","og_url":"https:\/\/rodoaed.ee\/fi\/toode\/mudelrong-my-world-asematalo-aanitehosteineen\/","og_site_name":"Rodoaed","article_publisher":"https:\/\/www.facebook.com\/kasvuhooned\/","article_modified_time":"2026-04-13T08:02:18+00:00","og_image":[{"width":1500,"height":1069,"url":"https:\/\/rodoaed.ee\/wp-content\/uploads\/2019\/10\/mudelrongid_my-world_01.jpg","type":"image\/jpeg"}],"twitter_card":"summary_large_image","schema":{"@context":"https:\/\/schema.org","@graph":[{"@type":"WebPage","@id":"https:\/\/rodoaed.ee\/fi\/toode\/mudelrong-my-world-asematalo-aanitehosteineen\/","url":"https:\/\/rodoaed.ee\/fi\/toode\/mudelrong-my-world-asematalo-aanitehosteineen\/","name":"Mudelrong My World- asematalo \u00e4\u00e4nitehosteineen - Rodoaed","isPartOf":{"@id":"https:\/\/rodoaed.ee\/#website"},"primaryImageOfPage":{"@id":"https:\/\/rodoaed.ee\/fi\/toode\/mudelrong-my-world-asematalo-aanitehosteineen\/#primaryimage"},"image":{"@id":"https:\/\/rodoaed.ee\/fi\/toode\/mudelrong-my-world-asematalo-aanitehosteineen\/#primaryimage"},"thumbnailUrl":"https:\/\/rodoaed.ee\/wp-content\/uploads\/2019\/10\/mudelrongid_my-world_01.jpg","datePublished":"2019-10-25T16:48:45+00:00","dateModified":"2026-04-13T08:02:18+00:00","breadcrumb":{"@id":"https:\/\/rodoaed.ee\/fi\/toode\/mudelrong-my-world-asematalo-aanitehosteineen\/#breadcrumb"},"inLanguage":"fi","potentialAction":[{"@type":"ReadAction","target":["https:\/\/rodoaed.ee\/fi\/toode\/mudelrong-my-world-asematalo-aanitehosteineen\/"]}]},{"@type":"ImageObject","inLanguage":"fi","@id":"https:\/\/rodoaed.ee\/fi\/toode\/mudelrong-my-world-asematalo-aanitehosteineen\/#primaryimage","url":"https:\/\/rodoaed.ee\/wp-content\/uploads\/2019\/10\/mudelrongid_my-world_01.jpg","contentUrl":"https:\/\/rodoaed.ee\/wp-content\/uploads\/2019\/10\/mudelrongid_my-world_01.jpg","width":1500,"height":1069,"caption":"pienoisrautatieaseman rakennus"},{"@type":"BreadcrumbList","@id":"https:\/\/rodoaed.ee\/fi\/toode\/mudelrong-my-world-asematalo-aanitehosteineen\/#breadcrumb","itemListElement":[{"@type":"ListItem","position":1,"name":"Home","item":"https:\/\/rodoaed.ee\/fi\/"},{"@type":"ListItem","position":2,"name":"Osta osoitteessa","item":"https:\/\/rodoaed.ee\/osta-osoitteessa\/"},{"@type":"ListItem","position":3,"name":"Mudelrong My World- asematalo \u00e4\u00e4nitehosteineen"}]},{"@type":"WebSite","@id":"https:\/\/rodoaed.ee\/#website","url":"https:\/\/rodoaed.ee\/","name":"Rodoaed","description":"","publisher":{"@id":"https:\/\/rodoaed.ee\/#organization"},"potentialAction":[{"@type":"SearchAction","target":{"@type":"EntryPoint","urlTemplate":"https:\/\/rodoaed.ee\/?s={search_term_string}"},"query-input":{"@type":"PropertyValueSpecification","valueRequired":true,"valueName":"search_term_string"}}],"inLanguage":"fi"},{"@type":"Organization","@id":"https:\/\/rodoaed.ee\/#organization","name":"Rodoaed","url":"https:\/\/rodoaed.ee\/","logo":{"@type":"ImageObject","inLanguage":"fi","@id":"https:\/\/rodoaed.ee\/#\/schema\/logo\/image\/","url":"https:\/\/rodoaed.ee\/wp-content\/uploads\/2019\/11\/rodoaed-logo-ilma-taustata.jpg","contentUrl":"https:\/\/rodoaed.ee\/wp-content\/uploads\/2019\/11\/rodoaed-logo-ilma-taustata.jpg","width":769,"height":268,"caption":"Rodoaed"},"image":{"@id":"https:\/\/rodoaed.ee\/#\/schema\/logo\/image\/"},"sameAs":["https:\/\/www.facebook.com\/kasvuhooned\/","https:\/\/rodoaed.ee"]}]}},"_links":{"self":[{"href":"https:\/\/rodoaed.ee\/fi\/wp-json\/wp\/v2\/product\/53225","targetHints":{"allow":["GET"]}}],"collection":[{"href":"https:\/\/rodoaed.ee\/fi\/wp-json\/wp\/v2\/product"}],"about":[{"href":"https:\/\/rodoaed.ee\/fi\/wp-json\/wp\/v2\/types\/product"}],"wp:featuredmedia":[{"embeddable":true,"href":"https:\/\/rodoaed.ee\/fi\/wp-json\/wp\/v2\/media\/28973"}],"wp:attachment":[{"href":"https:\/\/rodoaed.ee\/fi\/wp-json\/wp\/v2\/media?parent=53225"}],"wp:term":[{"taxonomy":"product_brand","embeddable":true,"href":"https:\/\/rodoaed.ee\/fi\/wp-json\/wp\/v2\/product_brand?post=53225"},{"taxonomy":"product_cat","embeddable":true,"href":"https:\/\/rodoaed.ee\/fi\/wp-json\/wp\/v2\/product_cat?post=53225"},{"taxonomy":"product_tag","embeddable":true,"href":"https:\/\/rodoaed.ee\/fi\/wp-json\/wp\/v2\/product_tag?post=53225"}],"curies":[{"name":"wp","href":"https:\/\/api.w.org\/{rel}","templated":true}]}}