{"id":53228,"date":"2019-10-25T21:28:09","date_gmt":"2019-10-25T18:28:09","guid":{"rendered":"https:\/\/rodoaed.ee\/toode\/mallijunaradan-jatkosarja-c5\/"},"modified":"2026-04-13T11:02:23","modified_gmt":"2026-04-13T08:02:23","slug":"mallijunaradan-jatkosarja-c5","status":"publish","type":"product","link":"https:\/\/rodoaed.ee\/fi\/tuote\/mallijunaradan-jatkosarja-c5\/","title":{"rendered":"Mallijunaradan jatkosarja C5"},"content":{"rendered":"<h2>K\u00e4tev\u00e4 sarja, joka t\u00e4ydent\u00e4\u00e4 kiskoilla varustettuja aloituspakkauksia.<\/h2>\n<div>\n<p>Rautatieradan lis\u00e4laitesarjat ovat k\u00e4tev\u00e4 lis\u00e4, jos sinulla on Starter Kitill\u00e4 hankittuja rautateiden ympyr\u00f6it\u00e4 tai soikioita. Ratalaajennussarjoja on yhteens\u00e4 5 erilaista ratkaisua. Ratasarjat tarjoavat konkreettisen ratkaisun ilman, ett\u00e4 sinun tarvitsee huolehtia siit\u00e4, mit\u00e4 rataa lis\u00e4\u00e4t ostamalla erikseen tai saiko kaikki viel\u00e4 kirjaimen.  <\/p>\n<div><strong>Sarja sis\u00e4lt\u00e4\u00e4:<\/strong> 7x nro 24188 suora raide, 7x nro 24172 suora raide, 2x nro 24094 suora raide, 1x nro 24224 kaareva raide, 1x nro 24611 k\u00e4\u00e4nne, 1x nro 24612 k\u00e4\u00e4nne, 1x nro 24620 kaksinkertainen yliajok\u00e4\u00e4nn\u00f6s, 4x nro 24977 umpikuja ja ohjeet.<\/div>\n<\/div>\n<div><\/div>\n<div>\n<div><a href=\"https:\/\/rodoaed.ee\/fi\/tootekategooria\/harrastukset-ja-lelut\/mallijunat\/\">k\u00e4ynnist\u00e4<\/a><\/div>\n<\/div>\n","protected":false},"excerpt":{"rendered":"<p>K\u00e4tev\u00e4 sarja, joka t\u00e4ydent\u00e4\u00e4 kiskoilla varustettuja aloituspakkauksia. Rautatieradan lis\u00e4laitesarjat ovat k\u00e4tev\u00e4 lis\u00e4, jos sinulla on Starter Kitill\u00e4 hankittuja rautateiden ympyr\u00f6it\u00e4 tai soikioita. Ratalaajennussarjoja on yhteens\u00e4 5 erilaista ratkaisua. Ratasarjat tarjoavat konkreettisen ratkaisun ilman, ett\u00e4 sinun tarvitsee huolehtia siit\u00e4, mit\u00e4 rataa lis\u00e4\u00e4t ostamalla erikseen tai saiko kaikki viel\u00e4 kirjaimen. Sarja sis\u00e4lt\u00e4\u00e4: 7x nro 24188 suora raide, 7x nro 24172 suora raide, 2x nro 24094 suora raide,&#8230;<\/p>\n","protected":false},"featured_media":29016,"template":"","meta":{"_acf_changed":false},"product_brand":[],"product_cat":[1763,1764,1765,1864],"product_tag":[],"class_list":{"0":"post-53228","1":"product","2":"type-product","3":"status-publish","4":"has-post-thumbnail","6":"product_cat-harrastukset-ja-lelut","7":"product_cat-mallijunat","8":"product_cat-marklin-h0-mallijunat-yli-15-vuotiaille-ja-enintaan-99-vuotiaille","9":"product_cat-marklin-startup-mallijunat-yli-6-vuotiaille-ja-enintaan-99-vuotiaille","10":"product_shipping_class-toimitus-5-7-tyopaivan-kuluessa","11":"pa_variatsioon-junamalli-metsatalouden-aloitussarja","13":"first","14":"outofstock","15":"sale","16":"taxable","17":"shipping-taxable","18":"purchasable","19":"product-type-simple"},"acf":[],"yoast_head":"<!-- This site is optimized with the Yoast SEO Premium plugin v27.3 (Yoast SEO v27.3) - https:\/\/yoast.com\/product\/yoast-seo-premium-wordpress\/ -->\n<title>Mallijunaradan jatkosarja C5 - Rodoaed<\/title>\n<meta name=\"robots\" content=\"index, follow, max-snippet:-1, max-image-preview:large, max-video-preview:-1\" \/>\n<link rel=\"canonical\" href=\"https:\/\/rodoaed.ee\/fi\/toode\/mallijunaradan-jatkosarja-c5\/\" \/>\n<meta property=\"og:locale\" content=\"fi_FI\" \/>\n<meta property=\"og:type\" content=\"article\" \/>\n<meta property=\"og:title\" content=\"Mallijunaradan jatkosarja C5\" \/>\n<meta property=\"og:description\" content=\"K\u00e4tev\u00e4 sarja, joka t\u00e4ydent\u00e4\u00e4 kiskoilla varustettuja aloituspakkauksia. Rautatieradan lis\u00e4laitesarjat ovat k\u00e4tev\u00e4 lis\u00e4, jos sinulla on Starter Kitill\u00e4\" \/>\n<meta property=\"og:url\" content=\"https:\/\/rodoaed.ee\/fi\/toode\/mallijunaradan-jatkosarja-c5\/\" \/>\n<meta property=\"og:site_name\" content=\"Rodoaed\" \/>\n<meta property=\"article:publisher\" content=\"https:\/\/www.facebook.com\/kasvuhooned\/\" \/>\n<meta property=\"article:modified_time\" content=\"2026-04-13T08:02:23+00:00\" \/>\n<meta property=\"og:image\" content=\"https:\/\/rodoaed.ee\/wp-content\/uploads\/2019\/10\/Startup-r\u00f6\u00f6baste-komplektid_C5.jpg\" \/>\n\t<meta property=\"og:image:width\" content=\"1500\" \/>\n\t<meta property=\"og:image:height\" content=\"1069\" \/>\n\t<meta property=\"og:image:type\" content=\"image\/jpeg\" \/>\n<meta name=\"twitter:card\" content=\"summary_large_image\" \/>\n<script type=\"application\/ld+json\" class=\"yoast-schema-graph\">{\"@context\":\"https:\\\/\\\/schema.org\",\"@graph\":[{\"@type\":\"WebPage\",\"@id\":\"https:\\\/\\\/rodoaed.ee\\\/fi\\\/toode\\\/mallijunaradan-jatkosarja-c5\\\/\",\"url\":\"https:\\\/\\\/rodoaed.ee\\\/fi\\\/toode\\\/mallijunaradan-jatkosarja-c5\\\/\",\"name\":\"Mallijunaradan jatkosarja C5 - Rodoaed\",\"isPartOf\":{\"@id\":\"https:\\\/\\\/rodoaed.ee\\\/#website\"},\"primaryImageOfPage\":{\"@id\":\"https:\\\/\\\/rodoaed.ee\\\/fi\\\/toode\\\/mallijunaradan-jatkosarja-c5\\\/#primaryimage\"},\"image\":{\"@id\":\"https:\\\/\\\/rodoaed.ee\\\/fi\\\/toode\\\/mallijunaradan-jatkosarja-c5\\\/#primaryimage\"},\"thumbnailUrl\":\"https:\\\/\\\/rodoaed.ee\\\/wp-content\\\/uploads\\\/2019\\\/10\\\/Startup-r\u00f6\u00f6baste-komplektid_C5.jpg\",\"datePublished\":\"2019-10-25T18:28:09+00:00\",\"dateModified\":\"2026-04-13T08:02:23+00:00\",\"breadcrumb\":{\"@id\":\"https:\\\/\\\/rodoaed.ee\\\/fi\\\/toode\\\/mallijunaradan-jatkosarja-c5\\\/#breadcrumb\"},\"inLanguage\":\"fi\",\"potentialAction\":[{\"@type\":\"ReadAction\",\"target\":[\"https:\\\/\\\/rodoaed.ee\\\/fi\\\/toode\\\/mallijunaradan-jatkosarja-c5\\\/\"]}]},{\"@type\":\"ImageObject\",\"inLanguage\":\"fi\",\"@id\":\"https:\\\/\\\/rodoaed.ee\\\/fi\\\/toode\\\/mallijunaradan-jatkosarja-c5\\\/#primaryimage\",\"url\":\"https:\\\/\\\/rodoaed.ee\\\/wp-content\\\/uploads\\\/2019\\\/10\\\/Startup-r\u00f6\u00f6baste-komplektid_C5.jpg\",\"contentUrl\":\"https:\\\/\\\/rodoaed.ee\\\/wp-content\\\/uploads\\\/2019\\\/10\\\/Startup-r\u00f6\u00f6baste-komplektid_C5.jpg\",\"width\":1500,\"height\":1069},{\"@type\":\"BreadcrumbList\",\"@id\":\"https:\\\/\\\/rodoaed.ee\\\/fi\\\/toode\\\/mallijunaradan-jatkosarja-c5\\\/#breadcrumb\",\"itemListElement\":[{\"@type\":\"ListItem\",\"position\":1,\"name\":\"Home\",\"item\":\"https:\\\/\\\/rodoaed.ee\\\/fi\\\/\"},{\"@type\":\"ListItem\",\"position\":2,\"name\":\"Osta osoitteessa\",\"item\":\"https:\\\/\\\/rodoaed.ee\\\/osta-osoitteessa\\\/\"},{\"@type\":\"ListItem\",\"position\":3,\"name\":\"Mallijunaradan jatkosarja C5\"}]},{\"@type\":\"WebSite\",\"@id\":\"https:\\\/\\\/rodoaed.ee\\\/#website\",\"url\":\"https:\\\/\\\/rodoaed.ee\\\/\",\"name\":\"Rodoaed\",\"description\":\"\",\"publisher\":{\"@id\":\"https:\\\/\\\/rodoaed.ee\\\/#organization\"},\"potentialAction\":[{\"@type\":\"SearchAction\",\"target\":{\"@type\":\"EntryPoint\",\"urlTemplate\":\"https:\\\/\\\/rodoaed.ee\\\/?s={search_term_string}\"},\"query-input\":{\"@type\":\"PropertyValueSpecification\",\"valueRequired\":true,\"valueName\":\"search_term_string\"}}],\"inLanguage\":\"fi\"},{\"@type\":\"Organization\",\"@id\":\"https:\\\/\\\/rodoaed.ee\\\/#organization\",\"name\":\"Rodoaed\",\"url\":\"https:\\\/\\\/rodoaed.ee\\\/\",\"logo\":{\"@type\":\"ImageObject\",\"inLanguage\":\"fi\",\"@id\":\"https:\\\/\\\/rodoaed.ee\\\/#\\\/schema\\\/logo\\\/image\\\/\",\"url\":\"https:\\\/\\\/rodoaed.ee\\\/wp-content\\\/uploads\\\/2019\\\/11\\\/rodoaed-logo-ilma-taustata.jpg\",\"contentUrl\":\"https:\\\/\\\/rodoaed.ee\\\/wp-content\\\/uploads\\\/2019\\\/11\\\/rodoaed-logo-ilma-taustata.jpg\",\"width\":769,\"height\":268,\"caption\":\"Rodoaed\"},\"image\":{\"@id\":\"https:\\\/\\\/rodoaed.ee\\\/#\\\/schema\\\/logo\\\/image\\\/\"},\"sameAs\":[\"https:\\\/\\\/www.facebook.com\\\/kasvuhooned\\\/\",\"https:\\\/\\\/rodoaed.ee\"]}]}<\/script>\n<!-- \/ Yoast SEO Premium plugin. -->","yoast_head_json":{"title":"Mallijunaradan jatkosarja C5 - Rodoaed","robots":{"index":"index","follow":"follow","max-snippet":"max-snippet:-1","max-image-preview":"max-image-preview:large","max-video-preview":"max-video-preview:-1"},"canonical":"https:\/\/rodoaed.ee\/fi\/toode\/mallijunaradan-jatkosarja-c5\/","og_locale":"fi_FI","og_type":"article","og_title":"Mallijunaradan jatkosarja C5","og_description":"K\u00e4tev\u00e4 sarja, joka t\u00e4ydent\u00e4\u00e4 kiskoilla varustettuja aloituspakkauksia. Rautatieradan lis\u00e4laitesarjat ovat k\u00e4tev\u00e4 lis\u00e4, jos sinulla on Starter Kitill\u00e4","og_url":"https:\/\/rodoaed.ee\/fi\/toode\/mallijunaradan-jatkosarja-c5\/","og_site_name":"Rodoaed","article_publisher":"https:\/\/www.facebook.com\/kasvuhooned\/","article_modified_time":"2026-04-13T08:02:23+00:00","og_image":[{"width":1500,"height":1069,"url":"https:\/\/rodoaed.ee\/wp-content\/uploads\/2019\/10\/Startup-r\u00f6\u00f6baste-komplektid_C5.jpg","type":"image\/jpeg"}],"twitter_card":"summary_large_image","schema":{"@context":"https:\/\/schema.org","@graph":[{"@type":"WebPage","@id":"https:\/\/rodoaed.ee\/fi\/toode\/mallijunaradan-jatkosarja-c5\/","url":"https:\/\/rodoaed.ee\/fi\/toode\/mallijunaradan-jatkosarja-c5\/","name":"Mallijunaradan jatkosarja C5 - Rodoaed","isPartOf":{"@id":"https:\/\/rodoaed.ee\/#website"},"primaryImageOfPage":{"@id":"https:\/\/rodoaed.ee\/fi\/toode\/mallijunaradan-jatkosarja-c5\/#primaryimage"},"image":{"@id":"https:\/\/rodoaed.ee\/fi\/toode\/mallijunaradan-jatkosarja-c5\/#primaryimage"},"thumbnailUrl":"https:\/\/rodoaed.ee\/wp-content\/uploads\/2019\/10\/Startup-r\u00f6\u00f6baste-komplektid_C5.jpg","datePublished":"2019-10-25T18:28:09+00:00","dateModified":"2026-04-13T08:02:23+00:00","breadcrumb":{"@id":"https:\/\/rodoaed.ee\/fi\/toode\/mallijunaradan-jatkosarja-c5\/#breadcrumb"},"inLanguage":"fi","potentialAction":[{"@type":"ReadAction","target":["https:\/\/rodoaed.ee\/fi\/toode\/mallijunaradan-jatkosarja-c5\/"]}]},{"@type":"ImageObject","inLanguage":"fi","@id":"https:\/\/rodoaed.ee\/fi\/toode\/mallijunaradan-jatkosarja-c5\/#primaryimage","url":"https:\/\/rodoaed.ee\/wp-content\/uploads\/2019\/10\/Startup-r\u00f6\u00f6baste-komplektid_C5.jpg","contentUrl":"https:\/\/rodoaed.ee\/wp-content\/uploads\/2019\/10\/Startup-r\u00f6\u00f6baste-komplektid_C5.jpg","width":1500,"height":1069},{"@type":"BreadcrumbList","@id":"https:\/\/rodoaed.ee\/fi\/toode\/mallijunaradan-jatkosarja-c5\/#breadcrumb","itemListElement":[{"@type":"ListItem","position":1,"name":"Home","item":"https:\/\/rodoaed.ee\/fi\/"},{"@type":"ListItem","position":2,"name":"Osta osoitteessa","item":"https:\/\/rodoaed.ee\/osta-osoitteessa\/"},{"@type":"ListItem","position":3,"name":"Mallijunaradan jatkosarja C5"}]},{"@type":"WebSite","@id":"https:\/\/rodoaed.ee\/#website","url":"https:\/\/rodoaed.ee\/","name":"Rodoaed","description":"","publisher":{"@id":"https:\/\/rodoaed.ee\/#organization"},"potentialAction":[{"@type":"SearchAction","target":{"@type":"EntryPoint","urlTemplate":"https:\/\/rodoaed.ee\/?s={search_term_string}"},"query-input":{"@type":"PropertyValueSpecification","valueRequired":true,"valueName":"search_term_string"}}],"inLanguage":"fi"},{"@type":"Organization","@id":"https:\/\/rodoaed.ee\/#organization","name":"Rodoaed","url":"https:\/\/rodoaed.ee\/","logo":{"@type":"ImageObject","inLanguage":"fi","@id":"https:\/\/rodoaed.ee\/#\/schema\/logo\/image\/","url":"https:\/\/rodoaed.ee\/wp-content\/uploads\/2019\/11\/rodoaed-logo-ilma-taustata.jpg","contentUrl":"https:\/\/rodoaed.ee\/wp-content\/uploads\/2019\/11\/rodoaed-logo-ilma-taustata.jpg","width":769,"height":268,"caption":"Rodoaed"},"image":{"@id":"https:\/\/rodoaed.ee\/#\/schema\/logo\/image\/"},"sameAs":["https:\/\/www.facebook.com\/kasvuhooned\/","https:\/\/rodoaed.ee"]}]}},"_links":{"self":[{"href":"https:\/\/rodoaed.ee\/fi\/wp-json\/wp\/v2\/product\/53228","targetHints":{"allow":["GET"]}}],"collection":[{"href":"https:\/\/rodoaed.ee\/fi\/wp-json\/wp\/v2\/product"}],"about":[{"href":"https:\/\/rodoaed.ee\/fi\/wp-json\/wp\/v2\/types\/product"}],"wp:featuredmedia":[{"embeddable":true,"href":"https:\/\/rodoaed.ee\/fi\/wp-json\/wp\/v2\/media\/29016"}],"wp:attachment":[{"href":"https:\/\/rodoaed.ee\/fi\/wp-json\/wp\/v2\/media?parent=53228"}],"wp:term":[{"taxonomy":"product_brand","embeddable":true,"href":"https:\/\/rodoaed.ee\/fi\/wp-json\/wp\/v2\/product_brand?post=53228"},{"taxonomy":"product_cat","embeddable":true,"href":"https:\/\/rodoaed.ee\/fi\/wp-json\/wp\/v2\/product_cat?post=53228"},{"taxonomy":"product_tag","embeddable":true,"href":"https:\/\/rodoaed.ee\/fi\/wp-json\/wp\/v2\/product_tag?post=53228"}],"curies":[{"name":"wp","href":"https:\/\/api.w.org\/{rel}","templated":true}]}}