{"id":53229,"date":"2019-10-29T18:07:36","date_gmt":"2019-10-29T16:07:36","guid":{"rendered":"https:\/\/rodoaed.ee\/toode\/mallijuna-palontorjunta-teeman-laajennussarja\/"},"modified":"2026-04-13T11:02:23","modified_gmt":"2026-04-13T08:02:23","slug":"mallijuna-palontorjunta-teeman-laajennussarja","status":"publish","type":"product","link":"https:\/\/rodoaed.ee\/fi\/tuote\/mallijuna-palontorjunta-teeman-laajennussarja\/","title":{"rendered":"Mallijuna Palontorjunta-teeman laajennussarja"},"content":{"rendered":"<h2>Soveltuu hyvin k\u00e4ytett\u00e4v\u00e4ksi yhdess\u00e4 Fire Starter Kitin kanssa tai erikseen.<\/h2>\n<div>\n<p>Suuri \u00e4lyk\u00e4s lelu 6-vuotiaasta yl\u00f6sp\u00e4in. <\/p>\n<p><em>Saksalainen M\u00e4rklin on ollut pienoisrautatiemallitoiminnan perustaja vuodesta 1859 l\u00e4htien ja on edelleen alan ehdoton johtaja. Aloitussarjat ovat paras tapa p\u00e4\u00e4st\u00e4 alkuun rautateiden mallinrakennuksen j\u00e4nnitt\u00e4v\u00e4n aiheen parissa. Eritt\u00e4in innostavaa toimintaa nuorelle. Nuorten tuominen pois tietokoneiden \u00e4\u00e4rest\u00e4 tuo sukupolvet yhteen. Yht\u00e4 lailla mukaansatempaavaa 6-vuotiaille kuin isille ja ukillekin.    <\/em><\/p>\n<p><strong>Prototyyppi:<\/strong> DB:n (Saksan rautateiden) h\u00e4t\u00e4pikajuna, tyyppi Rlmms, neliakselinen laiturivaunu, jossa on 2 teknist\u00e4 erikoiskonetta.<\/p>\n<p><strong>Malli:<\/strong>Neliakselinen lavakuorma-auto on varustettu kahdella palontorjuntateknisell\u00e4 moottorilla. Vaunussa on Relex-liit\u00e4nn\u00e4t. Vaunun pituus on 16,0 cm.  <\/p>\n<p><strong>Sarja sis\u00e4lt\u00e4\u00e4:<\/strong> 5x nro 24188 suora raide, 4x nro 24172 suora raide, 1x nro 24224 kaareva raide, 1x nro 24612 oikealle k\u00e4\u00e4ntyv\u00e4 raide ja 1x nro 24977 umpikuja. Muovisarja &#8221;Palokunnan varikko&#8221;. <\/p>\n<div><\/div>\n<div><strong>Varoitukset<\/strong><\/div>\n<div>Ei alle 3-vuotiaille lapsille<\/div>\n<div><\/div>\n<div><a href=\"https:\/\/rodoaed.ee\/fi\/tootekategooria\/harrastukset-ja-lelut\/mallijunat\/\">k\u00e4ynnist\u00e4<\/a><\/div>\n<\/div>\n","protected":false},"excerpt":{"rendered":"<p>Soveltuu hyvin k\u00e4ytett\u00e4v\u00e4ksi yhdess\u00e4 Fire Starter Kitin kanssa tai erikseen. Suuri \u00e4lyk\u00e4s lelu 6-vuotiaasta yl\u00f6sp\u00e4in. Saksalainen M\u00e4rklin on ollut pienoisrautatiemallitoiminnan perustaja vuodesta 1859 l\u00e4htien ja on edelleen alan ehdoton johtaja. Aloitussarjat ovat paras tapa p\u00e4\u00e4st\u00e4 alkuun rautateiden mallinrakennuksen j\u00e4nnitt\u00e4v\u00e4n aiheen parissa. Eritt\u00e4in innostavaa toimintaa nuorelle. Nuorten tuominen pois tietokoneiden \u00e4\u00e4rest\u00e4 tuo sukupolvet yhteen. Yht\u00e4 lailla mukaansatempaavaa 6-vuotiaille kuin isille ja ukillekin. Prototyyppi: DB:n (Saksan rautateiden)&#8230;<\/p>\n","protected":false},"featured_media":29085,"template":"","meta":{"_acf_changed":false},"product_brand":[],"product_cat":[1763,1764,1864],"product_tag":[],"class_list":{"0":"post-53229","1":"product","2":"type-product","3":"status-publish","4":"has-post-thumbnail","6":"product_cat-harrastukset-ja-lelut","7":"product_cat-mallijunat","8":"product_cat-marklin-startup-mallijunat-yli-6-vuotiaille-ja-enintaan-99-vuotiaille","9":"product_shipping_class-toimitus-1-3-tyopaivan-kuluessa","10":"pa_variatsioon-junamalli-metsatalouden-aloitussarja","12":"first","13":"outofstock","14":"sale","15":"taxable","16":"shipping-taxable","17":"purchasable","18":"product-type-simple"},"acf":[],"yoast_head":"<!-- This site is optimized with the Yoast SEO Premium plugin v27.5 (Yoast SEO v27.5) - https:\/\/yoast.com\/product\/yoast-seo-premium-wordpress\/ -->\n<title>Mallijuna Palontorjunta-teeman laajennussarja - Rodoaed<\/title>\n<meta name=\"description\" content=\"M\u00e4rklinin pienoisjunien rakennusteeman laajennussarja. Sopii teeman kehitt\u00e4miseen tai mink\u00e4 tahansa muun M\u00e4rklin-mallijunasarjan kanssa.\" \/>\n<meta name=\"robots\" content=\"index, follow, max-snippet:-1, max-image-preview:large, max-video-preview:-1\" \/>\n<link rel=\"canonical\" href=\"https:\/\/rodoaed.ee\/fi\/toode\/mallijuna-palontorjunta-teeman-laajennussarja\/\" \/>\n<meta property=\"og:locale\" content=\"fi_FI\" \/>\n<meta property=\"og:type\" content=\"article\" \/>\n<meta property=\"og:title\" content=\"Mallijuna Palontorjunta-teeman laajennussarja\" \/>\n<meta property=\"og:description\" content=\"Soveltuu hyvin k\u00e4ytett\u00e4v\u00e4ksi yhdess\u00e4 Fire Starter Kitin kanssa tai erikseen. Suuri \u00e4lyk\u00e4s lelu 6-vuotiaasta yl\u00f6sp\u00e4in. Saksalainen M\u00e4rklin on ollut\" \/>\n<meta property=\"og:url\" content=\"https:\/\/rodoaed.ee\/fi\/toode\/mallijuna-palontorjunta-teeman-laajennussarja\/\" \/>\n<meta property=\"og:site_name\" content=\"Rodoaed\" \/>\n<meta property=\"article:publisher\" content=\"https:\/\/www.facebook.com\/kasvuhooned\/\" \/>\n<meta property=\"article:modified_time\" content=\"2026-04-13T08:02:23+00:00\" \/>\n<meta property=\"og:image\" content=\"https:\/\/rodoaed.ee\/wp-content\/uploads\/2019\/10\/mudelrongid_Tulet\u00f5rje-laienduskomplekt_02.jpg\" \/>\n\t<meta property=\"og:image:width\" content=\"800\" \/>\n\t<meta property=\"og:image:height\" content=\"570\" \/>\n\t<meta property=\"og:image:type\" content=\"image\/jpeg\" \/>\n<meta name=\"twitter:card\" content=\"summary_large_image\" \/>\n<meta name=\"twitter:label1\" content=\"Arvioitu lukuaika\" \/>\n\t<meta name=\"twitter:data1\" content=\"1 minuutti\" \/>\n<script type=\"application\/ld+json\" class=\"yoast-schema-graph\">{\"@context\":\"https:\\\/\\\/schema.org\",\"@graph\":[{\"@type\":\"WebPage\",\"@id\":\"https:\\\/\\\/rodoaed.ee\\\/fi\\\/toode\\\/mallijuna-palontorjunta-teeman-laajennussarja\\\/\",\"url\":\"https:\\\/\\\/rodoaed.ee\\\/fi\\\/toode\\\/mallijuna-palontorjunta-teeman-laajennussarja\\\/\",\"name\":\"Mallijuna Palontorjunta-teeman laajennussarja - Rodoaed\",\"isPartOf\":{\"@id\":\"https:\\\/\\\/rodoaed.ee\\\/#website\"},\"primaryImageOfPage\":{\"@id\":\"https:\\\/\\\/rodoaed.ee\\\/fi\\\/toode\\\/mallijuna-palontorjunta-teeman-laajennussarja\\\/#primaryimage\"},\"image\":{\"@id\":\"https:\\\/\\\/rodoaed.ee\\\/fi\\\/toode\\\/mallijuna-palontorjunta-teeman-laajennussarja\\\/#primaryimage\"},\"thumbnailUrl\":\"https:\\\/\\\/rodoaed.ee\\\/wp-content\\\/uploads\\\/2019\\\/10\\\/mudelrongid_Tulet\u00f5rje-laienduskomplekt_02.jpg\",\"datePublished\":\"2019-10-29T16:07:36+00:00\",\"dateModified\":\"2026-04-13T08:02:23+00:00\",\"description\":\"M\u00e4rklinin pienoisjunien rakennusteeman laajennussarja. Sopii teeman kehitt\u00e4miseen tai mink\u00e4 tahansa muun M\u00e4rklin-mallijunasarjan kanssa.\",\"breadcrumb\":{\"@id\":\"https:\\\/\\\/rodoaed.ee\\\/fi\\\/toode\\\/mallijuna-palontorjunta-teeman-laajennussarja\\\/#breadcrumb\"},\"inLanguage\":\"fi\",\"potentialAction\":[{\"@type\":\"ReadAction\",\"target\":[\"https:\\\/\\\/rodoaed.ee\\\/fi\\\/toode\\\/mallijuna-palontorjunta-teeman-laajennussarja\\\/\"]}]},{\"@type\":\"ImageObject\",\"inLanguage\":\"fi\",\"@id\":\"https:\\\/\\\/rodoaed.ee\\\/fi\\\/toode\\\/mallijuna-palontorjunta-teeman-laajennussarja\\\/#primaryimage\",\"url\":\"https:\\\/\\\/rodoaed.ee\\\/wp-content\\\/uploads\\\/2019\\\/10\\\/mudelrongid_Tulet\u00f5rje-laienduskomplekt_02.jpg\",\"contentUrl\":\"https:\\\/\\\/rodoaed.ee\\\/wp-content\\\/uploads\\\/2019\\\/10\\\/mudelrongid_Tulet\u00f5rje-laienduskomplekt_02.jpg\",\"width\":800,\"height\":570},{\"@type\":\"BreadcrumbList\",\"@id\":\"https:\\\/\\\/rodoaed.ee\\\/fi\\\/toode\\\/mallijuna-palontorjunta-teeman-laajennussarja\\\/#breadcrumb\",\"itemListElement\":[{\"@type\":\"ListItem\",\"position\":1,\"name\":\"Home\",\"item\":\"https:\\\/\\\/rodoaed.ee\\\/fi\\\/\"},{\"@type\":\"ListItem\",\"position\":2,\"name\":\"Osta osoitteessa\",\"item\":\"https:\\\/\\\/rodoaed.ee\\\/osta-osoitteessa\\\/\"},{\"@type\":\"ListItem\",\"position\":3,\"name\":\"Mallijuna Palontorjunta-teeman laajennussarja\"}]},{\"@type\":\"WebSite\",\"@id\":\"https:\\\/\\\/rodoaed.ee\\\/#website\",\"url\":\"https:\\\/\\\/rodoaed.ee\\\/\",\"name\":\"Rodoaed\",\"description\":\"\",\"publisher\":{\"@id\":\"https:\\\/\\\/rodoaed.ee\\\/#organization\"},\"potentialAction\":[{\"@type\":\"SearchAction\",\"target\":{\"@type\":\"EntryPoint\",\"urlTemplate\":\"https:\\\/\\\/rodoaed.ee\\\/?s={search_term_string}\"},\"query-input\":{\"@type\":\"PropertyValueSpecification\",\"valueRequired\":true,\"valueName\":\"search_term_string\"}}],\"inLanguage\":\"fi\"},{\"@type\":\"Organization\",\"@id\":\"https:\\\/\\\/rodoaed.ee\\\/#organization\",\"name\":\"Rodoaed\",\"url\":\"https:\\\/\\\/rodoaed.ee\\\/\",\"logo\":{\"@type\":\"ImageObject\",\"inLanguage\":\"fi\",\"@id\":\"https:\\\/\\\/rodoaed.ee\\\/#\\\/schema\\\/logo\\\/image\\\/\",\"url\":\"https:\\\/\\\/rodoaed.ee\\\/wp-content\\\/uploads\\\/2019\\\/11\\\/rodoaed-logo-ilma-taustata.jpg\",\"contentUrl\":\"https:\\\/\\\/rodoaed.ee\\\/wp-content\\\/uploads\\\/2019\\\/11\\\/rodoaed-logo-ilma-taustata.jpg\",\"width\":769,\"height\":268,\"caption\":\"Rodoaed\"},\"image\":{\"@id\":\"https:\\\/\\\/rodoaed.ee\\\/#\\\/schema\\\/logo\\\/image\\\/\"},\"sameAs\":[\"https:\\\/\\\/www.facebook.com\\\/kasvuhooned\\\/\",\"https:\\\/\\\/rodoaed.ee\"]}]}<\/script>\n<!-- \/ Yoast SEO Premium plugin. -->","yoast_head_json":{"title":"Mallijuna Palontorjunta-teeman laajennussarja - Rodoaed","description":"M\u00e4rklinin pienoisjunien rakennusteeman laajennussarja. Sopii teeman kehitt\u00e4miseen tai mink\u00e4 tahansa muun M\u00e4rklin-mallijunasarjan kanssa.","robots":{"index":"index","follow":"follow","max-snippet":"max-snippet:-1","max-image-preview":"max-image-preview:large","max-video-preview":"max-video-preview:-1"},"canonical":"https:\/\/rodoaed.ee\/fi\/toode\/mallijuna-palontorjunta-teeman-laajennussarja\/","og_locale":"fi_FI","og_type":"article","og_title":"Mallijuna Palontorjunta-teeman laajennussarja","og_description":"Soveltuu hyvin k\u00e4ytett\u00e4v\u00e4ksi yhdess\u00e4 Fire Starter Kitin kanssa tai erikseen. Suuri \u00e4lyk\u00e4s lelu 6-vuotiaasta yl\u00f6sp\u00e4in. Saksalainen M\u00e4rklin on ollut","og_url":"https:\/\/rodoaed.ee\/fi\/toode\/mallijuna-palontorjunta-teeman-laajennussarja\/","og_site_name":"Rodoaed","article_publisher":"https:\/\/www.facebook.com\/kasvuhooned\/","article_modified_time":"2026-04-13T08:02:23+00:00","og_image":[{"width":800,"height":570,"url":"https:\/\/rodoaed.ee\/wp-content\/uploads\/2019\/10\/mudelrongid_Tulet\u00f5rje-laienduskomplekt_02.jpg","type":"image\/jpeg"}],"twitter_card":"summary_large_image","twitter_misc":{"Arvioitu lukuaika":"1 minuutti"},"schema":{"@context":"https:\/\/schema.org","@graph":[{"@type":"WebPage","@id":"https:\/\/rodoaed.ee\/fi\/toode\/mallijuna-palontorjunta-teeman-laajennussarja\/","url":"https:\/\/rodoaed.ee\/fi\/toode\/mallijuna-palontorjunta-teeman-laajennussarja\/","name":"Mallijuna Palontorjunta-teeman laajennussarja - Rodoaed","isPartOf":{"@id":"https:\/\/rodoaed.ee\/#website"},"primaryImageOfPage":{"@id":"https:\/\/rodoaed.ee\/fi\/toode\/mallijuna-palontorjunta-teeman-laajennussarja\/#primaryimage"},"image":{"@id":"https:\/\/rodoaed.ee\/fi\/toode\/mallijuna-palontorjunta-teeman-laajennussarja\/#primaryimage"},"thumbnailUrl":"https:\/\/rodoaed.ee\/wp-content\/uploads\/2019\/10\/mudelrongid_Tulet\u00f5rje-laienduskomplekt_02.jpg","datePublished":"2019-10-29T16:07:36+00:00","dateModified":"2026-04-13T08:02:23+00:00","description":"M\u00e4rklinin pienoisjunien rakennusteeman laajennussarja. Sopii teeman kehitt\u00e4miseen tai mink\u00e4 tahansa muun M\u00e4rklin-mallijunasarjan kanssa.","breadcrumb":{"@id":"https:\/\/rodoaed.ee\/fi\/toode\/mallijuna-palontorjunta-teeman-laajennussarja\/#breadcrumb"},"inLanguage":"fi","potentialAction":[{"@type":"ReadAction","target":["https:\/\/rodoaed.ee\/fi\/toode\/mallijuna-palontorjunta-teeman-laajennussarja\/"]}]},{"@type":"ImageObject","inLanguage":"fi","@id":"https:\/\/rodoaed.ee\/fi\/toode\/mallijuna-palontorjunta-teeman-laajennussarja\/#primaryimage","url":"https:\/\/rodoaed.ee\/wp-content\/uploads\/2019\/10\/mudelrongid_Tulet\u00f5rje-laienduskomplekt_02.jpg","contentUrl":"https:\/\/rodoaed.ee\/wp-content\/uploads\/2019\/10\/mudelrongid_Tulet\u00f5rje-laienduskomplekt_02.jpg","width":800,"height":570},{"@type":"BreadcrumbList","@id":"https:\/\/rodoaed.ee\/fi\/toode\/mallijuna-palontorjunta-teeman-laajennussarja\/#breadcrumb","itemListElement":[{"@type":"ListItem","position":1,"name":"Home","item":"https:\/\/rodoaed.ee\/fi\/"},{"@type":"ListItem","position":2,"name":"Osta osoitteessa","item":"https:\/\/rodoaed.ee\/osta-osoitteessa\/"},{"@type":"ListItem","position":3,"name":"Mallijuna Palontorjunta-teeman laajennussarja"}]},{"@type":"WebSite","@id":"https:\/\/rodoaed.ee\/#website","url":"https:\/\/rodoaed.ee\/","name":"Rodoaed","description":"","publisher":{"@id":"https:\/\/rodoaed.ee\/#organization"},"potentialAction":[{"@type":"SearchAction","target":{"@type":"EntryPoint","urlTemplate":"https:\/\/rodoaed.ee\/?s={search_term_string}"},"query-input":{"@type":"PropertyValueSpecification","valueRequired":true,"valueName":"search_term_string"}}],"inLanguage":"fi"},{"@type":"Organization","@id":"https:\/\/rodoaed.ee\/#organization","name":"Rodoaed","url":"https:\/\/rodoaed.ee\/","logo":{"@type":"ImageObject","inLanguage":"fi","@id":"https:\/\/rodoaed.ee\/#\/schema\/logo\/image\/","url":"https:\/\/rodoaed.ee\/wp-content\/uploads\/2019\/11\/rodoaed-logo-ilma-taustata.jpg","contentUrl":"https:\/\/rodoaed.ee\/wp-content\/uploads\/2019\/11\/rodoaed-logo-ilma-taustata.jpg","width":769,"height":268,"caption":"Rodoaed"},"image":{"@id":"https:\/\/rodoaed.ee\/#\/schema\/logo\/image\/"},"sameAs":["https:\/\/www.facebook.com\/kasvuhooned\/","https:\/\/rodoaed.ee"]}]}},"_links":{"self":[{"href":"https:\/\/rodoaed.ee\/fi\/wp-json\/wp\/v2\/product\/53229","targetHints":{"allow":["GET"]}}],"collection":[{"href":"https:\/\/rodoaed.ee\/fi\/wp-json\/wp\/v2\/product"}],"about":[{"href":"https:\/\/rodoaed.ee\/fi\/wp-json\/wp\/v2\/types\/product"}],"wp:featuredmedia":[{"embeddable":true,"href":"https:\/\/rodoaed.ee\/fi\/wp-json\/wp\/v2\/media\/29085"}],"wp:attachment":[{"href":"https:\/\/rodoaed.ee\/fi\/wp-json\/wp\/v2\/media?parent=53229"}],"wp:term":[{"taxonomy":"product_brand","embeddable":true,"href":"https:\/\/rodoaed.ee\/fi\/wp-json\/wp\/v2\/product_brand?post=53229"},{"taxonomy":"product_cat","embeddable":true,"href":"https:\/\/rodoaed.ee\/fi\/wp-json\/wp\/v2\/product_cat?post=53229"},{"taxonomy":"product_tag","embeddable":true,"href":"https:\/\/rodoaed.ee\/fi\/wp-json\/wp\/v2\/product_tag?post=53229"}],"curies":[{"name":"wp","href":"https:\/\/api.w.org\/{rel}","templated":true}]}}