{"id":53232,"date":"2019-10-29T18:46:18","date_gmt":"2019-10-29T16:46:18","guid":{"rendered":"https:\/\/rodoaed.ee\/toode\/mallijunarakennus-blumenfeldin-rautatieasema\/"},"modified":"2026-04-13T11:02:24","modified_gmt":"2026-04-13T08:02:24","slug":"mallijunarakennus-blumenfeldin-rautatieasema","status":"publish","type":"product","link":"https:\/\/rodoaed.ee\/fi\/tuote\/mallijunarakennus-blumenfeldin-rautatieasema\/","title":{"rendered":"Mallijunarakennus &#8211; Blumenfeldin rautatieasema"},"content":{"rendered":"<h2>Sopii kaikkiin H0-mittakaavan mallijuniin<\/h2>\n<div>\n<p>Talojen ja rakennusten pienoismallit ovat j\u00e4nnitt\u00e4v\u00e4 lis\u00e4 mallijuniin. Kaikki tarjotut rakennukset ovat t\u00e4sm\u00e4lleen junien mittakaavassa, ja niiden lis\u00e4\u00e4minen mallijunan raiteisiin antaa visuaalisesti hyvin realistisen lopputuloksen. <\/p>\n<p>Rakennusmallien kokoaminen on my\u00f6s oma kiehtova aiheensa. Mallit valmistetaan p\u00e4\u00e4asiassa muovista tai laserleikatusta puusta ja pahvista, mik\u00e4 on viel\u00e4 realistisempaa. P\u00e4\u00e4s\u00e4\u00e4nt\u00f6isesti mallit ovat jo ainakin osittain maalattuja. Monille niiden kokoaminen on v\u00e4hint\u00e4\u00e4n yht\u00e4 j\u00e4nnitt\u00e4v\u00e4\u00e4 kuin itse junien katsominen.   <\/p>\n<div><strong>Ajanjakso:<\/strong> II (1921-1945)<\/div>\n<div><strong>Asennusvaikeusaste:<\/strong> vakio<\/div>\n<div><strong>Rakennuksen mitat:<\/strong> 250 x 140 x 120 mm<\/div>\n<\/div>\n<div><\/div>\n<div>\n<div><strong>Varoitukset<\/strong><\/div>\n<div>Ei alle 3-vuotiaille lapsille<\/div>\n<div><\/div>\n<div><a href=\"https:\/\/rodoaed.ee\/fi\/tootekategooria\/harrastukset-ja-lelut\/mallijunat\/\">k\u00e4ynnist\u00e4<\/a><\/div>\n<\/div>\n","protected":false},"excerpt":{"rendered":"<p>Sopii kaikkiin H0-mittakaavan mallijuniin Talojen ja rakennusten pienoismallit ovat j\u00e4nnitt\u00e4v\u00e4 lis\u00e4 mallijuniin. Kaikki tarjotut rakennukset ovat t\u00e4sm\u00e4lleen junien mittakaavassa, ja niiden lis\u00e4\u00e4minen mallijunan raiteisiin antaa visuaalisesti hyvin realistisen lopputuloksen. Rakennusmallien kokoaminen on my\u00f6s oma kiehtova aiheensa. Mallit valmistetaan p\u00e4\u00e4asiassa muovista tai laserleikatusta puusta ja pahvista, mik\u00e4 on viel\u00e4 realistisempaa. P\u00e4\u00e4s\u00e4\u00e4nt\u00f6isesti mallit ovat jo ainakin osittain maalattuja. Monille niiden kokoaminen on v\u00e4hint\u00e4\u00e4n yht\u00e4 j\u00e4nnitt\u00e4v\u00e4\u00e4 kuin itse&#8230;<\/p>\n","protected":false},"featured_media":29112,"template":"","meta":{"_acf_changed":false},"product_brand":[],"product_cat":[1763,1764,2199],"product_tag":[],"class_list":{"0":"post-53232","1":"product","2":"type-product","3":"status-publish","4":"has-post-thumbnail","6":"product_cat-harrastukset-ja-lelut","7":"product_cat-mallijunat","8":"product_cat-mallijunien-rakennukset-ja-rakenteet","9":"product_shipping_class-toimitus-1-3-tyopaivan-kuluessa","10":"pa_variatsioon-junamalli-metsatalouden-aloitussarja","12":"first","13":"outofstock","14":"sale","15":"taxable","16":"shipping-taxable","17":"purchasable","18":"product-type-simple"},"acf":[],"yoast_head":"<!-- This site is optimized with the Yoast SEO Premium plugin v27.3 (Yoast SEO v27.3) - https:\/\/yoast.com\/product\/yoast-seo-premium-wordpress\/ -->\n<title>Mallijunarakennus - Blumenfeldin rautatieasema - Rodoaed<\/title>\n<meta name=\"description\" content=\"Rakennusmallit ovat j\u00e4nnitt\u00e4v\u00e4 lis\u00e4 mallijuniin. Kaikki rakennukset ovat samassa mittakaavassa kuin junat, ja niiden lis\u00e4\u00e4minen antaa eritt\u00e4in realistisen lopputuloksen.\" \/>\n<meta name=\"robots\" content=\"index, follow, max-snippet:-1, max-image-preview:large, max-video-preview:-1\" \/>\n<link rel=\"canonical\" href=\"https:\/\/rodoaed.ee\/fi\/toode\/mallijunarakennus-blumenfeldin-rautatieasema\/\" \/>\n<meta property=\"og:locale\" content=\"fi_FI\" \/>\n<meta property=\"og:type\" content=\"article\" \/>\n<meta property=\"og:title\" content=\"Mallijunarakennus - Blumenfeldin rautatieasema\" \/>\n<meta property=\"og:description\" content=\"Sopii kaikkiin H0-mittakaavan mallijuniin Talojen ja rakennusten pienoismallit ovat j\u00e4nnitt\u00e4v\u00e4 lis\u00e4 mallijuniin. Kaikki tarjotut rakennukset ovat\" \/>\n<meta property=\"og:url\" content=\"https:\/\/rodoaed.ee\/fi\/toode\/mallijunarakennus-blumenfeldin-rautatieasema\/\" \/>\n<meta property=\"og:site_name\" content=\"Rodoaed\" \/>\n<meta property=\"article:publisher\" content=\"https:\/\/www.facebook.com\/kasvuhooned\/\" \/>\n<meta property=\"article:modified_time\" content=\"2026-04-13T08:02:24+00:00\" \/>\n<meta property=\"og:image\" content=\"https:\/\/rodoaed.ee\/wp-content\/uploads\/2019\/10\/Faller_hoone__110097_01.jpg\" \/>\n\t<meta property=\"og:image:width\" content=\"750\" \/>\n\t<meta property=\"og:image:height\" content=\"524\" \/>\n\t<meta property=\"og:image:type\" content=\"image\/jpeg\" \/>\n<meta name=\"twitter:card\" content=\"summary_large_image\" \/>\n<script type=\"application\/ld+json\" class=\"yoast-schema-graph\">{\"@context\":\"https:\\\/\\\/schema.org\",\"@graph\":[{\"@type\":\"WebPage\",\"@id\":\"https:\\\/\\\/rodoaed.ee\\\/fi\\\/toode\\\/mallijunarakennus-blumenfeldin-rautatieasema\\\/\",\"url\":\"https:\\\/\\\/rodoaed.ee\\\/fi\\\/toode\\\/mallijunarakennus-blumenfeldin-rautatieasema\\\/\",\"name\":\"Mallijunarakennus - Blumenfeldin rautatieasema - Rodoaed\",\"isPartOf\":{\"@id\":\"https:\\\/\\\/rodoaed.ee\\\/#website\"},\"primaryImageOfPage\":{\"@id\":\"https:\\\/\\\/rodoaed.ee\\\/fi\\\/toode\\\/mallijunarakennus-blumenfeldin-rautatieasema\\\/#primaryimage\"},\"image\":{\"@id\":\"https:\\\/\\\/rodoaed.ee\\\/fi\\\/toode\\\/mallijunarakennus-blumenfeldin-rautatieasema\\\/#primaryimage\"},\"thumbnailUrl\":\"https:\\\/\\\/rodoaed.ee\\\/wp-content\\\/uploads\\\/2019\\\/10\\\/Faller_hoone__110097_01.jpg\",\"datePublished\":\"2019-10-29T16:46:18+00:00\",\"dateModified\":\"2026-04-13T08:02:24+00:00\",\"description\":\"Rakennusmallit ovat j\u00e4nnitt\u00e4v\u00e4 lis\u00e4 mallijuniin. Kaikki rakennukset ovat samassa mittakaavassa kuin junat, ja niiden lis\u00e4\u00e4minen antaa eritt\u00e4in realistisen lopputuloksen.\",\"breadcrumb\":{\"@id\":\"https:\\\/\\\/rodoaed.ee\\\/fi\\\/toode\\\/mallijunarakennus-blumenfeldin-rautatieasema\\\/#breadcrumb\"},\"inLanguage\":\"fi\",\"potentialAction\":[{\"@type\":\"ReadAction\",\"target\":[\"https:\\\/\\\/rodoaed.ee\\\/fi\\\/toode\\\/mallijunarakennus-blumenfeldin-rautatieasema\\\/\"]}]},{\"@type\":\"ImageObject\",\"inLanguage\":\"fi\",\"@id\":\"https:\\\/\\\/rodoaed.ee\\\/fi\\\/toode\\\/mallijunarakennus-blumenfeldin-rautatieasema\\\/#primaryimage\",\"url\":\"https:\\\/\\\/rodoaed.ee\\\/wp-content\\\/uploads\\\/2019\\\/10\\\/Faller_hoone__110097_01.jpg\",\"contentUrl\":\"https:\\\/\\\/rodoaed.ee\\\/wp-content\\\/uploads\\\/2019\\\/10\\\/Faller_hoone__110097_01.jpg\",\"width\":750,\"height\":524},{\"@type\":\"BreadcrumbList\",\"@id\":\"https:\\\/\\\/rodoaed.ee\\\/fi\\\/toode\\\/mallijunarakennus-blumenfeldin-rautatieasema\\\/#breadcrumb\",\"itemListElement\":[{\"@type\":\"ListItem\",\"position\":1,\"name\":\"Home\",\"item\":\"https:\\\/\\\/rodoaed.ee\\\/fi\\\/\"},{\"@type\":\"ListItem\",\"position\":2,\"name\":\"Osta osoitteessa\",\"item\":\"https:\\\/\\\/rodoaed.ee\\\/osta-osoitteessa\\\/\"},{\"@type\":\"ListItem\",\"position\":3,\"name\":\"Mallijunarakennus &#8211; Blumenfeldin rautatieasema\"}]},{\"@type\":\"WebSite\",\"@id\":\"https:\\\/\\\/rodoaed.ee\\\/#website\",\"url\":\"https:\\\/\\\/rodoaed.ee\\\/\",\"name\":\"Rodoaed\",\"description\":\"\",\"publisher\":{\"@id\":\"https:\\\/\\\/rodoaed.ee\\\/#organization\"},\"potentialAction\":[{\"@type\":\"SearchAction\",\"target\":{\"@type\":\"EntryPoint\",\"urlTemplate\":\"https:\\\/\\\/rodoaed.ee\\\/?s={search_term_string}\"},\"query-input\":{\"@type\":\"PropertyValueSpecification\",\"valueRequired\":true,\"valueName\":\"search_term_string\"}}],\"inLanguage\":\"fi\"},{\"@type\":\"Organization\",\"@id\":\"https:\\\/\\\/rodoaed.ee\\\/#organization\",\"name\":\"Rodoaed\",\"url\":\"https:\\\/\\\/rodoaed.ee\\\/\",\"logo\":{\"@type\":\"ImageObject\",\"inLanguage\":\"fi\",\"@id\":\"https:\\\/\\\/rodoaed.ee\\\/#\\\/schema\\\/logo\\\/image\\\/\",\"url\":\"https:\\\/\\\/rodoaed.ee\\\/wp-content\\\/uploads\\\/2019\\\/11\\\/rodoaed-logo-ilma-taustata.jpg\",\"contentUrl\":\"https:\\\/\\\/rodoaed.ee\\\/wp-content\\\/uploads\\\/2019\\\/11\\\/rodoaed-logo-ilma-taustata.jpg\",\"width\":769,\"height\":268,\"caption\":\"Rodoaed\"},\"image\":{\"@id\":\"https:\\\/\\\/rodoaed.ee\\\/#\\\/schema\\\/logo\\\/image\\\/\"},\"sameAs\":[\"https:\\\/\\\/www.facebook.com\\\/kasvuhooned\\\/\",\"https:\\\/\\\/rodoaed.ee\"]}]}<\/script>\n<!-- \/ Yoast SEO Premium plugin. -->","yoast_head_json":{"title":"Mallijunarakennus - Blumenfeldin rautatieasema - Rodoaed","description":"Rakennusmallit ovat j\u00e4nnitt\u00e4v\u00e4 lis\u00e4 mallijuniin. Kaikki rakennukset ovat samassa mittakaavassa kuin junat, ja niiden lis\u00e4\u00e4minen antaa eritt\u00e4in realistisen lopputuloksen.","robots":{"index":"index","follow":"follow","max-snippet":"max-snippet:-1","max-image-preview":"max-image-preview:large","max-video-preview":"max-video-preview:-1"},"canonical":"https:\/\/rodoaed.ee\/fi\/toode\/mallijunarakennus-blumenfeldin-rautatieasema\/","og_locale":"fi_FI","og_type":"article","og_title":"Mallijunarakennus - Blumenfeldin rautatieasema","og_description":"Sopii kaikkiin H0-mittakaavan mallijuniin Talojen ja rakennusten pienoismallit ovat j\u00e4nnitt\u00e4v\u00e4 lis\u00e4 mallijuniin. Kaikki tarjotut rakennukset ovat","og_url":"https:\/\/rodoaed.ee\/fi\/toode\/mallijunarakennus-blumenfeldin-rautatieasema\/","og_site_name":"Rodoaed","article_publisher":"https:\/\/www.facebook.com\/kasvuhooned\/","article_modified_time":"2026-04-13T08:02:24+00:00","og_image":[{"width":750,"height":524,"url":"https:\/\/rodoaed.ee\/wp-content\/uploads\/2019\/10\/Faller_hoone__110097_01.jpg","type":"image\/jpeg"}],"twitter_card":"summary_large_image","schema":{"@context":"https:\/\/schema.org","@graph":[{"@type":"WebPage","@id":"https:\/\/rodoaed.ee\/fi\/toode\/mallijunarakennus-blumenfeldin-rautatieasema\/","url":"https:\/\/rodoaed.ee\/fi\/toode\/mallijunarakennus-blumenfeldin-rautatieasema\/","name":"Mallijunarakennus - Blumenfeldin rautatieasema - Rodoaed","isPartOf":{"@id":"https:\/\/rodoaed.ee\/#website"},"primaryImageOfPage":{"@id":"https:\/\/rodoaed.ee\/fi\/toode\/mallijunarakennus-blumenfeldin-rautatieasema\/#primaryimage"},"image":{"@id":"https:\/\/rodoaed.ee\/fi\/toode\/mallijunarakennus-blumenfeldin-rautatieasema\/#primaryimage"},"thumbnailUrl":"https:\/\/rodoaed.ee\/wp-content\/uploads\/2019\/10\/Faller_hoone__110097_01.jpg","datePublished":"2019-10-29T16:46:18+00:00","dateModified":"2026-04-13T08:02:24+00:00","description":"Rakennusmallit ovat j\u00e4nnitt\u00e4v\u00e4 lis\u00e4 mallijuniin. Kaikki rakennukset ovat samassa mittakaavassa kuin junat, ja niiden lis\u00e4\u00e4minen antaa eritt\u00e4in realistisen lopputuloksen.","breadcrumb":{"@id":"https:\/\/rodoaed.ee\/fi\/toode\/mallijunarakennus-blumenfeldin-rautatieasema\/#breadcrumb"},"inLanguage":"fi","potentialAction":[{"@type":"ReadAction","target":["https:\/\/rodoaed.ee\/fi\/toode\/mallijunarakennus-blumenfeldin-rautatieasema\/"]}]},{"@type":"ImageObject","inLanguage":"fi","@id":"https:\/\/rodoaed.ee\/fi\/toode\/mallijunarakennus-blumenfeldin-rautatieasema\/#primaryimage","url":"https:\/\/rodoaed.ee\/wp-content\/uploads\/2019\/10\/Faller_hoone__110097_01.jpg","contentUrl":"https:\/\/rodoaed.ee\/wp-content\/uploads\/2019\/10\/Faller_hoone__110097_01.jpg","width":750,"height":524},{"@type":"BreadcrumbList","@id":"https:\/\/rodoaed.ee\/fi\/toode\/mallijunarakennus-blumenfeldin-rautatieasema\/#breadcrumb","itemListElement":[{"@type":"ListItem","position":1,"name":"Home","item":"https:\/\/rodoaed.ee\/fi\/"},{"@type":"ListItem","position":2,"name":"Osta osoitteessa","item":"https:\/\/rodoaed.ee\/osta-osoitteessa\/"},{"@type":"ListItem","position":3,"name":"Mallijunarakennus &#8211; Blumenfeldin rautatieasema"}]},{"@type":"WebSite","@id":"https:\/\/rodoaed.ee\/#website","url":"https:\/\/rodoaed.ee\/","name":"Rodoaed","description":"","publisher":{"@id":"https:\/\/rodoaed.ee\/#organization"},"potentialAction":[{"@type":"SearchAction","target":{"@type":"EntryPoint","urlTemplate":"https:\/\/rodoaed.ee\/?s={search_term_string}"},"query-input":{"@type":"PropertyValueSpecification","valueRequired":true,"valueName":"search_term_string"}}],"inLanguage":"fi"},{"@type":"Organization","@id":"https:\/\/rodoaed.ee\/#organization","name":"Rodoaed","url":"https:\/\/rodoaed.ee\/","logo":{"@type":"ImageObject","inLanguage":"fi","@id":"https:\/\/rodoaed.ee\/#\/schema\/logo\/image\/","url":"https:\/\/rodoaed.ee\/wp-content\/uploads\/2019\/11\/rodoaed-logo-ilma-taustata.jpg","contentUrl":"https:\/\/rodoaed.ee\/wp-content\/uploads\/2019\/11\/rodoaed-logo-ilma-taustata.jpg","width":769,"height":268,"caption":"Rodoaed"},"image":{"@id":"https:\/\/rodoaed.ee\/#\/schema\/logo\/image\/"},"sameAs":["https:\/\/www.facebook.com\/kasvuhooned\/","https:\/\/rodoaed.ee"]}]}},"_links":{"self":[{"href":"https:\/\/rodoaed.ee\/fi\/wp-json\/wp\/v2\/product\/53232","targetHints":{"allow":["GET"]}}],"collection":[{"href":"https:\/\/rodoaed.ee\/fi\/wp-json\/wp\/v2\/product"}],"about":[{"href":"https:\/\/rodoaed.ee\/fi\/wp-json\/wp\/v2\/types\/product"}],"wp:featuredmedia":[{"embeddable":true,"href":"https:\/\/rodoaed.ee\/fi\/wp-json\/wp\/v2\/media\/29112"}],"wp:attachment":[{"href":"https:\/\/rodoaed.ee\/fi\/wp-json\/wp\/v2\/media?parent=53232"}],"wp:term":[{"taxonomy":"product_brand","embeddable":true,"href":"https:\/\/rodoaed.ee\/fi\/wp-json\/wp\/v2\/product_brand?post=53232"},{"taxonomy":"product_cat","embeddable":true,"href":"https:\/\/rodoaed.ee\/fi\/wp-json\/wp\/v2\/product_cat?post=53232"},{"taxonomy":"product_tag","embeddable":true,"href":"https:\/\/rodoaed.ee\/fi\/wp-json\/wp\/v2\/product_tag?post=53232"}],"curies":[{"name":"wp","href":"https:\/\/api.w.org\/{rel}","templated":true}]}}