{"id":53246,"date":"2019-11-02T22:41:22","date_gmt":"2019-11-02T20:41:22","guid":{"rendered":"https:\/\/rodoaed.ee\/toode\/suola-ja-pippurisirotin-nabucco-se1506-kiiltava-valkoinen\/"},"modified":"2026-04-13T11:02:44","modified_gmt":"2026-04-13T08:02:44","slug":"suola-ja-pippurisirotin-nabucco-se1506-kiiltava-valkoinen","status":"publish","type":"product","link":"https:\/\/rodoaed.ee\/fi\/tuote\/suola-ja-pippurisirotin-nabucco-se1506-kiiltava-valkoinen\/","title":{"rendered":"Suola- ja pippurisirotin Nabucco SE1506 Kiilt\u00e4v\u00e4 valkoinen"},"content":{"rendered":"<h2>TRE Spade suolamylly &#8211; Italialaisten mestareiden k\u00e4sity\u00f6n\u00e4 tekem\u00e4 suolamylly.<\/h2>\n<p>Suolamyllyiss\u00e4mme on erityinen kartiomainen keraaminen leikkausmekanismi, joka suojaa suolaa kosteudelta.<\/p>\n<p>Hionta-alue on eritt\u00e4in k\u00e4tev\u00e4 ja helppo s\u00e4\u00e4t\u00e4\u00e4.<\/p>\n<p>Suolamyllyn korkki tai kahva on valmistettu korkealaatuisesta py\u00f6kkipuusta, joka takaa miellytt\u00e4v\u00e4n k\u00e4yt\u00f6n ja hygienian.<\/p>\n<p>Suolamyllyn runko on valmistettu kest\u00e4v\u00e4st\u00e4 ja ainutlaatuisesta metakrylaatista.<\/p>\n<h2>T\u00e4rkeimm\u00e4t ominaisuudet:<\/h2>\n<ul>\n<li>Keraaminen leikkausmekanismi.<\/li>\n<li>Kest\u00e4v\u00e4 metakrylaattirunko.<\/li>\n<li>Korkealaatuinen py\u00f6kkipuinen korkki.<\/li>\n<li>S\u00e4\u00e4dett\u00e4v\u00e4 hionta-alue.<\/li>\n<li>Helppo ja k\u00e4tev\u00e4 k\u00e4ytt\u00e4\u00e4<\/li>\n<\/ul>\n<h2>Tekniset tiedot:<\/h2>\n<ul>\n<li>Paino: 200 g<\/li>\n<li>Korkeus: 15 cm<\/li>\n<\/ul>\n<p><em>TRE Spade -tuotemerkki on ollut tunnettu Euroopassa ja ymp\u00e4ri maailmaa yli 120 vuoden ajan eritt\u00e4in kest\u00e4vien eli &#8221;elinik\u00e4isten&#8221; keitti\u00f6koneiden valmistajana. T\u00e4h\u00e4n asti laitteet on valmistettu Euroopassa, Italian tehtaalla Torinossa. Valmistuksessa k\u00e4ytet\u00e4\u00e4n vain kaikkein kest\u00e4vimpi\u00e4 materiaaleja, kuten ruostumatonta ter\u00e4st\u00e4 ja valurautaa.  <\/em><\/p>\n<p><em>TRE Spade on kuuluisa my\u00f6s palkitusta muotoilustaan. Tavallisesti ammattikeitti\u00f6ihin tarkoitettuja laitteita valmistavat tehtaat eiv\u00e4t aseta suunnittelua etusijalle, vaan tehokkuus on etusijalla. Italialainen edell\u00e4k\u00e4vij\u00e4 on kuitenkin tunnettu teknologisesta innovaatiosta, pitk\u00e4aikaisesta kest\u00e4vyydest\u00e4 ja palkitusta muotoilusta. Viime vuosina ne ovat voittaneet useita Euroopan parhaita muotoilupalkintoja.   <\/em><\/p>\n<p><a href=\"https:\/\/rodoaed.ee\/fi\/\">kotisivu<\/a> <a href=\"https:\/\/rodoaed.ee\/fi\/tootekategooria\/keittiolaitteet\/\">k\u00e4ynnist\u00e4<\/a> <a href=\"\/?product_cat=pipraveskid-ja-soolatoosid\">myllyt<\/a> <a href=\"https:\/\/rodoaed.ee\/fi\/tootekategooria\/keittiolaitteet\/pippurimyllyt-ja-suolamyllyt\/putkimyllyt-ja-suolamyllyt-nabucco\/\">nabucco<\/a><\/p>\n<p>&nbsp;<\/p>\n","protected":false},"excerpt":{"rendered":"<p>TRE Spade suolamylly &#8211; Italialaisten mestareiden k\u00e4sity\u00f6n\u00e4 tekem\u00e4 suolamylly. Suolamyllyiss\u00e4mme on erityinen kartiomainen keraaminen leikkausmekanismi, joka suojaa suolaa kosteudelta. Hionta-alue on eritt\u00e4in k\u00e4tev\u00e4 ja helppo s\u00e4\u00e4t\u00e4\u00e4. Suolamyllyn korkki tai kahva on valmistettu korkealaatuisesta py\u00f6kkipuusta, joka takaa miellytt\u00e4v\u00e4n k\u00e4yt\u00f6n ja hygienian. Suolamyllyn runko on valmistettu kest\u00e4v\u00e4st\u00e4 ja ainutlaatuisesta metakrylaatista. T\u00e4rkeimm\u00e4t ominaisuudet: Keraaminen leikkausmekanismi. Kest\u00e4v\u00e4 metakrylaattirunko. Korkealaatuinen py\u00f6kkipuinen korkki. S\u00e4\u00e4dett\u00e4v\u00e4 hionta-alue. Helppo ja k\u00e4tev\u00e4 k\u00e4ytt\u00e4\u00e4 Tekniset tiedot:&#8230;<\/p>\n","protected":false},"featured_media":29210,"template":"","meta":{"_acf_changed":false},"product_brand":[],"product_cat":[1751,2201,2204,1745],"product_tag":[],"class_list":{"0":"post-53246","1":"product","2":"type-product","3":"status-publish","4":"has-post-thumbnail","6":"product_cat-keittiolaitteet","7":"product_cat-pippurimyllyt-ja-suolamyllyt","8":"product_cat-putkimyllyt-ja-suolamyllyt-nabucco","9":"product_cat-suuri-varaston-tyhjennysmyynti","10":"product_shipping_class-toimitus-1-3-tyopaivan-kuluessa","11":"pa_variatsioon-suolamylly-tosca-sa15-wood","13":"first","14":"instock","15":"sale","16":"taxable","17":"shipping-taxable","18":"purchasable","19":"product-type-simple"},"acf":[],"yoast_head":"<!-- This site is optimized with the Yoast SEO Premium plugin v27.3 (Yoast SEO v27.3) - https:\/\/yoast.com\/product\/yoast-seo-premium-wordpress\/ -->\n<title>Suola- ja pippurisirotin Nabucco SE1506 Kiilt\u00e4v\u00e4 valkoinen - Rodoaed% pippurimyllyt ja suolakellarit<\/title>\n<meta name=\"description\" content=\"Suolamyllyiss\u00e4mme on erityinen kartiomainen keraaminen leikkausmekanismi, joka suojaa suolaa kosteudelta. Jauhatusaluetta on eritt\u00e4in helppo s\u00e4\u00e4t\u00e4\u00e4.\" \/>\n<meta name=\"robots\" content=\"index, follow, max-snippet:-1, max-image-preview:large, max-video-preview:-1\" \/>\n<link rel=\"canonical\" href=\"https:\/\/rodoaed.ee\/fi\/toode\/suola-ja-pippurisirotin-nabucco-se1506-kiiltava-valkoinen\/\" \/>\n<meta property=\"og:locale\" content=\"fi_FI\" \/>\n<meta property=\"og:type\" content=\"article\" \/>\n<meta property=\"og:title\" content=\"Suola- ja pippurisirotin Nabucco SE1506 Kiilt\u00e4v\u00e4 valkoinen\" \/>\n<meta property=\"og:description\" content=\"TRE Spade suolamylly - Italialaisten mestareiden k\u00e4sity\u00f6n\u00e4 tekem\u00e4 suolamylly. Suolamyllyiss\u00e4mme on erityinen kartiomainen keraaminen leikkausmekanismi,\" \/>\n<meta property=\"og:url\" content=\"https:\/\/rodoaed.ee\/fi\/toode\/suola-ja-pippurisirotin-nabucco-se1506-kiiltava-valkoinen\/\" \/>\n<meta property=\"og:site_name\" content=\"Rodoaed\" \/>\n<meta property=\"article:publisher\" content=\"https:\/\/www.facebook.com\/kasvuhooned\/\" \/>\n<meta property=\"article:modified_time\" content=\"2026-04-13T08:02:44+00:00\" \/>\n<meta property=\"og:image\" content=\"https:\/\/rodoaed.ee\/wp-content\/uploads\/2019\/11\/soolatoos_Nabucco-15_FSE1506.jpg\" \/>\n\t<meta property=\"og:image:width\" content=\"269\" \/>\n\t<meta property=\"og:image:height\" content=\"800\" \/>\n\t<meta property=\"og:image:type\" content=\"image\/jpeg\" \/>\n<meta name=\"twitter:card\" content=\"summary_large_image\" \/>\n<meta name=\"twitter:label1\" content=\"Arvioitu lukuaika\" \/>\n\t<meta name=\"twitter:data1\" content=\"1 minuutti\" \/>\n<script type=\"application\/ld+json\" class=\"yoast-schema-graph\">{\"@context\":\"https:\\\/\\\/schema.org\",\"@graph\":[{\"@type\":\"WebPage\",\"@id\":\"https:\\\/\\\/rodoaed.ee\\\/fi\\\/toode\\\/suola-ja-pippurisirotin-nabucco-se1506-kiiltava-valkoinen\\\/\",\"url\":\"https:\\\/\\\/rodoaed.ee\\\/fi\\\/toode\\\/suola-ja-pippurisirotin-nabucco-se1506-kiiltava-valkoinen\\\/\",\"name\":\"Suola- ja pippurisirotin Nabucco SE1506 Kiilt\u00e4v\u00e4 valkoinen - Rodoaed% pippurimyllyt ja suolakellarit\",\"isPartOf\":{\"@id\":\"https:\\\/\\\/rodoaed.ee\\\/#website\"},\"primaryImageOfPage\":{\"@id\":\"https:\\\/\\\/rodoaed.ee\\\/fi\\\/toode\\\/suola-ja-pippurisirotin-nabucco-se1506-kiiltava-valkoinen\\\/#primaryimage\"},\"image\":{\"@id\":\"https:\\\/\\\/rodoaed.ee\\\/fi\\\/toode\\\/suola-ja-pippurisirotin-nabucco-se1506-kiiltava-valkoinen\\\/#primaryimage\"},\"thumbnailUrl\":\"https:\\\/\\\/rodoaed.ee\\\/wp-content\\\/uploads\\\/2019\\\/11\\\/soolatoos_Nabucco-15_FSE1506.jpg\",\"datePublished\":\"2019-11-02T20:41:22+00:00\",\"dateModified\":\"2026-04-13T08:02:44+00:00\",\"description\":\"Suolamyllyiss\u00e4mme on erityinen kartiomainen keraaminen leikkausmekanismi, joka suojaa suolaa kosteudelta. Jauhatusaluetta on eritt\u00e4in helppo s\u00e4\u00e4t\u00e4\u00e4.\",\"breadcrumb\":{\"@id\":\"https:\\\/\\\/rodoaed.ee\\\/fi\\\/toode\\\/suola-ja-pippurisirotin-nabucco-se1506-kiiltava-valkoinen\\\/#breadcrumb\"},\"inLanguage\":\"fi\",\"potentialAction\":[{\"@type\":\"ReadAction\",\"target\":[\"https:\\\/\\\/rodoaed.ee\\\/fi\\\/toode\\\/suola-ja-pippurisirotin-nabucco-se1506-kiiltava-valkoinen\\\/\"]}]},{\"@type\":\"ImageObject\",\"inLanguage\":\"fi\",\"@id\":\"https:\\\/\\\/rodoaed.ee\\\/fi\\\/toode\\\/suola-ja-pippurisirotin-nabucco-se1506-kiiltava-valkoinen\\\/#primaryimage\",\"url\":\"https:\\\/\\\/rodoaed.ee\\\/wp-content\\\/uploads\\\/2019\\\/11\\\/soolatoos_Nabucco-15_FSE1506.jpg\",\"contentUrl\":\"https:\\\/\\\/rodoaed.ee\\\/wp-content\\\/uploads\\\/2019\\\/11\\\/soolatoos_Nabucco-15_FSE1506.jpg\",\"width\":269,\"height\":800},{\"@type\":\"BreadcrumbList\",\"@id\":\"https:\\\/\\\/rodoaed.ee\\\/fi\\\/toode\\\/suola-ja-pippurisirotin-nabucco-se1506-kiiltava-valkoinen\\\/#breadcrumb\",\"itemListElement\":[{\"@type\":\"ListItem\",\"position\":1,\"name\":\"Home\",\"item\":\"https:\\\/\\\/rodoaed.ee\\\/fi\\\/\"},{\"@type\":\"ListItem\",\"position\":2,\"name\":\"Osta osoitteessa\",\"item\":\"https:\\\/\\\/rodoaed.ee\\\/osta-osoitteessa\\\/\"},{\"@type\":\"ListItem\",\"position\":3,\"name\":\"Suola- ja pippurisirotin Nabucco SE1506 Kiilt\u00e4v\u00e4 valkoinen\"}]},{\"@type\":\"WebSite\",\"@id\":\"https:\\\/\\\/rodoaed.ee\\\/#website\",\"url\":\"https:\\\/\\\/rodoaed.ee\\\/\",\"name\":\"Rodoaed\",\"description\":\"\",\"publisher\":{\"@id\":\"https:\\\/\\\/rodoaed.ee\\\/#organization\"},\"potentialAction\":[{\"@type\":\"SearchAction\",\"target\":{\"@type\":\"EntryPoint\",\"urlTemplate\":\"https:\\\/\\\/rodoaed.ee\\\/?s={search_term_string}\"},\"query-input\":{\"@type\":\"PropertyValueSpecification\",\"valueRequired\":true,\"valueName\":\"search_term_string\"}}],\"inLanguage\":\"fi\"},{\"@type\":\"Organization\",\"@id\":\"https:\\\/\\\/rodoaed.ee\\\/#organization\",\"name\":\"Rodoaed\",\"url\":\"https:\\\/\\\/rodoaed.ee\\\/\",\"logo\":{\"@type\":\"ImageObject\",\"inLanguage\":\"fi\",\"@id\":\"https:\\\/\\\/rodoaed.ee\\\/#\\\/schema\\\/logo\\\/image\\\/\",\"url\":\"https:\\\/\\\/rodoaed.ee\\\/wp-content\\\/uploads\\\/2019\\\/11\\\/rodoaed-logo-ilma-taustata.jpg\",\"contentUrl\":\"https:\\\/\\\/rodoaed.ee\\\/wp-content\\\/uploads\\\/2019\\\/11\\\/rodoaed-logo-ilma-taustata.jpg\",\"width\":769,\"height\":268,\"caption\":\"Rodoaed\"},\"image\":{\"@id\":\"https:\\\/\\\/rodoaed.ee\\\/#\\\/schema\\\/logo\\\/image\\\/\"},\"sameAs\":[\"https:\\\/\\\/www.facebook.com\\\/kasvuhooned\\\/\",\"https:\\\/\\\/rodoaed.ee\"]}]}<\/script>\n<!-- \/ Yoast SEO Premium plugin. -->","yoast_head_json":{"title":"Suola- ja pippurisirotin Nabucco SE1506 Kiilt\u00e4v\u00e4 valkoinen - Rodoaed% pippurimyllyt ja suolakellarit","description":"Suolamyllyiss\u00e4mme on erityinen kartiomainen keraaminen leikkausmekanismi, joka suojaa suolaa kosteudelta. Jauhatusaluetta on eritt\u00e4in helppo s\u00e4\u00e4t\u00e4\u00e4.","robots":{"index":"index","follow":"follow","max-snippet":"max-snippet:-1","max-image-preview":"max-image-preview:large","max-video-preview":"max-video-preview:-1"},"canonical":"https:\/\/rodoaed.ee\/fi\/toode\/suola-ja-pippurisirotin-nabucco-se1506-kiiltava-valkoinen\/","og_locale":"fi_FI","og_type":"article","og_title":"Suola- ja pippurisirotin Nabucco SE1506 Kiilt\u00e4v\u00e4 valkoinen","og_description":"TRE Spade suolamylly - Italialaisten mestareiden k\u00e4sity\u00f6n\u00e4 tekem\u00e4 suolamylly. Suolamyllyiss\u00e4mme on erityinen kartiomainen keraaminen leikkausmekanismi,","og_url":"https:\/\/rodoaed.ee\/fi\/toode\/suola-ja-pippurisirotin-nabucco-se1506-kiiltava-valkoinen\/","og_site_name":"Rodoaed","article_publisher":"https:\/\/www.facebook.com\/kasvuhooned\/","article_modified_time":"2026-04-13T08:02:44+00:00","og_image":[{"width":269,"height":800,"url":"https:\/\/rodoaed.ee\/wp-content\/uploads\/2019\/11\/soolatoos_Nabucco-15_FSE1506.jpg","type":"image\/jpeg"}],"twitter_card":"summary_large_image","twitter_misc":{"Arvioitu lukuaika":"1 minuutti"},"schema":{"@context":"https:\/\/schema.org","@graph":[{"@type":"WebPage","@id":"https:\/\/rodoaed.ee\/fi\/toode\/suola-ja-pippurisirotin-nabucco-se1506-kiiltava-valkoinen\/","url":"https:\/\/rodoaed.ee\/fi\/toode\/suola-ja-pippurisirotin-nabucco-se1506-kiiltava-valkoinen\/","name":"Suola- ja pippurisirotin Nabucco SE1506 Kiilt\u00e4v\u00e4 valkoinen - Rodoaed% pippurimyllyt ja suolakellarit","isPartOf":{"@id":"https:\/\/rodoaed.ee\/#website"},"primaryImageOfPage":{"@id":"https:\/\/rodoaed.ee\/fi\/toode\/suola-ja-pippurisirotin-nabucco-se1506-kiiltava-valkoinen\/#primaryimage"},"image":{"@id":"https:\/\/rodoaed.ee\/fi\/toode\/suola-ja-pippurisirotin-nabucco-se1506-kiiltava-valkoinen\/#primaryimage"},"thumbnailUrl":"https:\/\/rodoaed.ee\/wp-content\/uploads\/2019\/11\/soolatoos_Nabucco-15_FSE1506.jpg","datePublished":"2019-11-02T20:41:22+00:00","dateModified":"2026-04-13T08:02:44+00:00","description":"Suolamyllyiss\u00e4mme on erityinen kartiomainen keraaminen leikkausmekanismi, joka suojaa suolaa kosteudelta. Jauhatusaluetta on eritt\u00e4in helppo s\u00e4\u00e4t\u00e4\u00e4.","breadcrumb":{"@id":"https:\/\/rodoaed.ee\/fi\/toode\/suola-ja-pippurisirotin-nabucco-se1506-kiiltava-valkoinen\/#breadcrumb"},"inLanguage":"fi","potentialAction":[{"@type":"ReadAction","target":["https:\/\/rodoaed.ee\/fi\/toode\/suola-ja-pippurisirotin-nabucco-se1506-kiiltava-valkoinen\/"]}]},{"@type":"ImageObject","inLanguage":"fi","@id":"https:\/\/rodoaed.ee\/fi\/toode\/suola-ja-pippurisirotin-nabucco-se1506-kiiltava-valkoinen\/#primaryimage","url":"https:\/\/rodoaed.ee\/wp-content\/uploads\/2019\/11\/soolatoos_Nabucco-15_FSE1506.jpg","contentUrl":"https:\/\/rodoaed.ee\/wp-content\/uploads\/2019\/11\/soolatoos_Nabucco-15_FSE1506.jpg","width":269,"height":800},{"@type":"BreadcrumbList","@id":"https:\/\/rodoaed.ee\/fi\/toode\/suola-ja-pippurisirotin-nabucco-se1506-kiiltava-valkoinen\/#breadcrumb","itemListElement":[{"@type":"ListItem","position":1,"name":"Home","item":"https:\/\/rodoaed.ee\/fi\/"},{"@type":"ListItem","position":2,"name":"Osta osoitteessa","item":"https:\/\/rodoaed.ee\/osta-osoitteessa\/"},{"@type":"ListItem","position":3,"name":"Suola- ja pippurisirotin Nabucco SE1506 Kiilt\u00e4v\u00e4 valkoinen"}]},{"@type":"WebSite","@id":"https:\/\/rodoaed.ee\/#website","url":"https:\/\/rodoaed.ee\/","name":"Rodoaed","description":"","publisher":{"@id":"https:\/\/rodoaed.ee\/#organization"},"potentialAction":[{"@type":"SearchAction","target":{"@type":"EntryPoint","urlTemplate":"https:\/\/rodoaed.ee\/?s={search_term_string}"},"query-input":{"@type":"PropertyValueSpecification","valueRequired":true,"valueName":"search_term_string"}}],"inLanguage":"fi"},{"@type":"Organization","@id":"https:\/\/rodoaed.ee\/#organization","name":"Rodoaed","url":"https:\/\/rodoaed.ee\/","logo":{"@type":"ImageObject","inLanguage":"fi","@id":"https:\/\/rodoaed.ee\/#\/schema\/logo\/image\/","url":"https:\/\/rodoaed.ee\/wp-content\/uploads\/2019\/11\/rodoaed-logo-ilma-taustata.jpg","contentUrl":"https:\/\/rodoaed.ee\/wp-content\/uploads\/2019\/11\/rodoaed-logo-ilma-taustata.jpg","width":769,"height":268,"caption":"Rodoaed"},"image":{"@id":"https:\/\/rodoaed.ee\/#\/schema\/logo\/image\/"},"sameAs":["https:\/\/www.facebook.com\/kasvuhooned\/","https:\/\/rodoaed.ee"]}]}},"_links":{"self":[{"href":"https:\/\/rodoaed.ee\/fi\/wp-json\/wp\/v2\/product\/53246","targetHints":{"allow":["GET"]}}],"collection":[{"href":"https:\/\/rodoaed.ee\/fi\/wp-json\/wp\/v2\/product"}],"about":[{"href":"https:\/\/rodoaed.ee\/fi\/wp-json\/wp\/v2\/types\/product"}],"wp:featuredmedia":[{"embeddable":true,"href":"https:\/\/rodoaed.ee\/fi\/wp-json\/wp\/v2\/media\/29210"}],"wp:attachment":[{"href":"https:\/\/rodoaed.ee\/fi\/wp-json\/wp\/v2\/media?parent=53246"}],"wp:term":[{"taxonomy":"product_brand","embeddable":true,"href":"https:\/\/rodoaed.ee\/fi\/wp-json\/wp\/v2\/product_brand?post=53246"},{"taxonomy":"product_cat","embeddable":true,"href":"https:\/\/rodoaed.ee\/fi\/wp-json\/wp\/v2\/product_cat?post=53246"},{"taxonomy":"product_tag","embeddable":true,"href":"https:\/\/rodoaed.ee\/fi\/wp-json\/wp\/v2\/product_tag?post=53246"}],"curies":[{"name":"wp","href":"https:\/\/api.w.org\/{rel}","templated":true}]}}