{"id":53251,"date":"2019-11-06T15:57:19","date_gmt":"2019-11-06T13:57:19","guid":{"rendered":"https:\/\/rodoaed.ee\/toode\/mallijuna-tavarajunan-aloituspakkaus\/"},"modified":"2026-04-13T11:02:46","modified_gmt":"2026-04-13T08:02:46","slug":"mallijuna-tavarajunan-aloituspakkaus","status":"publish","type":"product","link":"https:\/\/rodoaed.ee\/fi\/tuote\/mallijuna-tavarajunan-aloituspakkaus\/","title":{"rendered":"Mallijuna Tavarajunan aloituspakkaus"},"content":{"rendered":"<h2>Junamalli, kauko-ohjattava, hyv\u00e4 aloituspakkaus, jolla p\u00e4\u00e4set alkuun.<\/h2>\n<div>\n<p>Suuri \u00e4lyk\u00e4s lelu 6-vuotiaasta yl\u00f6sp\u00e4in. <\/p>\n<p><em>Saksalainen M\u00e4rklin on ollut pienoisrautatiemallitoiminnan perustaja vuodesta 1859 l\u00e4htien ja on edelleen alan ehdoton johtaja. Aloitussarjat ovat paras tapa p\u00e4\u00e4st\u00e4 alkuun rautateiden mallinrakennuksen j\u00e4nnitt\u00e4v\u00e4n aiheen parissa. Eritt\u00e4in innostavaa toimintaa nuorelle. Nuorten tuominen pois tietokoneiden \u00e4\u00e4rest\u00e4 tuo sukupolvet yhteen. Yht\u00e4 lailla mukaansatempaavaa 6-vuotiaille kuin isille ja ukillekin.    <\/em><\/p>\n<p><strong>Prototyyppi:<\/strong> Saksan liittotasavallan rautateiden (DB) 89.0-luokan h\u00f6yryveturi, laiturivaunu tyyppi X-05, suljettu tavaravaunu ja polttoaines\u00e4ili\u00f6vaunu, jossa on &#8221;Aral&#8221;-kirjaimet.<\/p>\n<p><strong>Malli:<\/strong> Veturi on varustettu mfx-digitaalidekooderilla ja erikoismoottorilla sek\u00e4 3 vetoakselilla. Siin\u00e4 on mfx-moottori, jossa on erikoismoottori ja 3 x moottoroitu vetoyksikk\u00f6. Veturin kolme etupy\u00f6r\u00e4\u00e4 vaihtuvat automaattisesti junan kulkusuunnan mukaan. Kaikki vaunut on varustettu Relex-tyyppisill\u00e4 liit\u00e4nn\u00f6ill\u00e4. Junan pituus 45,7 cm.    <\/p>\n<\/div>\n<p><b>Sarja sis\u00e4lt\u00e4\u00e4:<\/b> 12x nro 24130 kaareva rata, 2x nro 24172 suora rata, 1x nro 24188 suora rata, 1 tukiasema, virtal\u00e4hde ja infrapunaohjauspaneeli. T\u00e4t\u00e4 aloitussarjaa voidaan k\u00e4tev\u00e4sti laajentaa C1-C5-ratajatkosarjoilla ja teemajatkosarjoilla. K\u00e4\u00e4nt\u00f6p\u00f6ytiin voidaan lis\u00e4t\u00e4 s\u00e4hk\u00f6mekanismi ja paljon muuta.  <\/p>\n<div>\n<h2>T\u00e4rkeimm\u00e4t ominaisuudet:<\/h2>\n<ul>\n<li>Digitaalinen IR-kaukos\u00e4\u00e4din jopa 4 junalle<\/li>\n<li>Erilaiset tavarajuna-aiheiset lis\u00e4varusteet tekev\u00e4t pelist\u00e4 j\u00e4nnitt\u00e4v\u00e4mm\u00e4n.<\/li>\n<li>Johdottoman konsolin avulla voit liikkua vapaasti lattialla kiskojen v\u00e4liss\u00e4.<\/li>\n<li>Eritt\u00e4in helposti koottava C-kiskoj\u00e4rjestelm\u00e4<\/li>\n<li>Aloitussarjaa voidaan helposti laajentaa ratojen ja junien osalta.<\/li>\n<li>Sopii k\u00e4ytett\u00e4v\u00e4ksi 6-vuotiaasta alkaen<\/li>\n<\/ul>\n<h2>Valaistus ja \u00e4\u00e4nitehosteet:<\/h2>\n<ul>\n<li>Mittakaava H0 (1:87)<\/li>\n<li>Digitaalinen dekooderi MFX (jopa 4 eri toimintoa voidaan ohjata digitaalisesti junassa).<\/li>\n<li>aikakausi III (1945-70)<\/li>\n<li>Veturissa on metallirunko<\/li>\n<li>Luistonestopy\u00f6r\u00e4t<\/li>\n<li>Ajovalot, jotka vaihtuvat kulkusuunnan mukaan.<\/li>\n<li>Suora hallinnointi<\/li>\n<\/ul>\n<div><strong>Varoitukset<\/strong><\/div>\n<div>Ei alle 3-vuotiaille lapsille<\/div>\n<div><\/div>\n<div><a href=\"https:\/\/rodoaed.ee\/fi\/tootekategooria\/harrastukset-ja-lelut\/mallijunat\/\">k\u00e4ynnist\u00e4<\/a><\/div>\n<\/div>\n","protected":false},"excerpt":{"rendered":"<p>Junamalli, kauko-ohjattava, hyv\u00e4 aloituspakkaus, jolla p\u00e4\u00e4set alkuun. Suuri \u00e4lyk\u00e4s lelu 6-vuotiaasta yl\u00f6sp\u00e4in. Saksalainen M\u00e4rklin on ollut pienoisrautatiemallitoiminnan perustaja vuodesta 1859 l\u00e4htien ja on edelleen alan ehdoton johtaja. Aloitussarjat ovat paras tapa p\u00e4\u00e4st\u00e4 alkuun rautateiden mallinrakennuksen j\u00e4nnitt\u00e4v\u00e4n aiheen parissa. Eritt\u00e4in innostavaa toimintaa nuorelle. Nuorten tuominen pois tietokoneiden \u00e4\u00e4rest\u00e4 tuo sukupolvet yhteen. Yht\u00e4 lailla mukaansatempaavaa 6-vuotiaille kuin isille ja ukillekin. Prototyyppi: Saksan liittotasavallan rautateiden (DB) 89.0-luokan h\u00f6yryveturi,&#8230;<\/p>\n","protected":false},"featured_media":29268,"template":"","meta":{"_acf_changed":false},"product_brand":[],"product_cat":[1763,1743,1764,1864],"product_tag":[],"class_list":{"0":"post-53251","1":"product","2":"type-product","3":"status-publish","4":"has-post-thumbnail","6":"product_cat-harrastukset-ja-lelut","7":"product_cat-lisalahjat-lahjat","8":"product_cat-mallijunat","9":"product_cat-marklin-startup-mallijunat-yli-6-vuotiaille-ja-enintaan-99-vuotiaille","10":"product_shipping_class-toimitus-1-3-tyopaivan-kuluessa","11":"pa_variatsioon-junamalli-metsatalouden-aloitussarja","13":"first","14":"outofstock","15":"sale","16":"taxable","17":"shipping-taxable","18":"purchasable","19":"product-type-simple"},"acf":[],"yoast_head":"<!-- This site is optimized with the Yoast SEO Premium plugin v27.3 (Yoast SEO v27.3) - https:\/\/yoast.com\/product\/yoast-seo-premium-wordpress\/ -->\n<title>Mallijuna Tavarajunan aloituspakkaus - Rodoaed<\/title>\n<meta name=\"robots\" content=\"index, follow, max-snippet:-1, max-image-preview:large, max-video-preview:-1\" \/>\n<link rel=\"canonical\" href=\"https:\/\/rodoaed.ee\/fi\/toode\/mallijuna-tavarajunan-aloituspakkaus\/\" \/>\n<meta property=\"og:locale\" content=\"fi_FI\" \/>\n<meta property=\"og:type\" content=\"article\" \/>\n<meta property=\"og:title\" content=\"Mallijuna Tavarajunan aloituspakkaus\" \/>\n<meta property=\"og:description\" content=\"Junamalli, kauko-ohjattava, hyv\u00e4 aloituspakkaus, jolla p\u00e4\u00e4set alkuun. Suuri \u00e4lyk\u00e4s lelu 6-vuotiaasta yl\u00f6sp\u00e4in. Saksalainen M\u00e4rklin on ollut\" \/>\n<meta property=\"og:url\" content=\"https:\/\/rodoaed.ee\/fi\/toode\/mallijuna-tavarajunan-aloituspakkaus\/\" \/>\n<meta property=\"og:site_name\" content=\"Rodoaed\" \/>\n<meta property=\"article:publisher\" content=\"https:\/\/www.facebook.com\/kasvuhooned\/\" \/>\n<meta property=\"article:modified_time\" content=\"2026-04-13T08:02:46+00:00\" \/>\n<meta property=\"og:image\" content=\"https:\/\/rodoaed.ee\/wp-content\/uploads\/2019\/11\/mudelrongid_marklin-kaubarongi-stardikomplekt-29323_01.jpg\" \/>\n\t<meta property=\"og:image:width\" content=\"1500\" \/>\n\t<meta property=\"og:image:height\" content=\"1069\" \/>\n\t<meta property=\"og:image:type\" content=\"image\/jpeg\" \/>\n<meta name=\"twitter:card\" content=\"summary_large_image\" \/>\n<meta name=\"twitter:label1\" content=\"Arvioitu lukuaika\" \/>\n\t<meta name=\"twitter:data1\" content=\"1 minuutti\" \/>\n<script type=\"application\/ld+json\" class=\"yoast-schema-graph\">{\"@context\":\"https:\\\/\\\/schema.org\",\"@graph\":[{\"@type\":\"WebPage\",\"@id\":\"https:\\\/\\\/rodoaed.ee\\\/fi\\\/toode\\\/mallijuna-tavarajunan-aloituspakkaus\\\/\",\"url\":\"https:\\\/\\\/rodoaed.ee\\\/fi\\\/toode\\\/mallijuna-tavarajunan-aloituspakkaus\\\/\",\"name\":\"Mallijuna Tavarajunan aloituspakkaus - Rodoaed\",\"isPartOf\":{\"@id\":\"https:\\\/\\\/rodoaed.ee\\\/#website\"},\"primaryImageOfPage\":{\"@id\":\"https:\\\/\\\/rodoaed.ee\\\/fi\\\/toode\\\/mallijuna-tavarajunan-aloituspakkaus\\\/#primaryimage\"},\"image\":{\"@id\":\"https:\\\/\\\/rodoaed.ee\\\/fi\\\/toode\\\/mallijuna-tavarajunan-aloituspakkaus\\\/#primaryimage\"},\"thumbnailUrl\":\"https:\\\/\\\/rodoaed.ee\\\/wp-content\\\/uploads\\\/2019\\\/11\\\/mudelrongid_marklin-kaubarongi-stardikomplekt-29323_01.jpg\",\"datePublished\":\"2019-11-06T13:57:19+00:00\",\"dateModified\":\"2026-04-13T08:02:46+00:00\",\"breadcrumb\":{\"@id\":\"https:\\\/\\\/rodoaed.ee\\\/fi\\\/toode\\\/mallijuna-tavarajunan-aloituspakkaus\\\/#breadcrumb\"},\"inLanguage\":\"fi\",\"potentialAction\":[{\"@type\":\"ReadAction\",\"target\":[\"https:\\\/\\\/rodoaed.ee\\\/fi\\\/toode\\\/mallijuna-tavarajunan-aloituspakkaus\\\/\"]}]},{\"@type\":\"ImageObject\",\"inLanguage\":\"fi\",\"@id\":\"https:\\\/\\\/rodoaed.ee\\\/fi\\\/toode\\\/mallijuna-tavarajunan-aloituspakkaus\\\/#primaryimage\",\"url\":\"https:\\\/\\\/rodoaed.ee\\\/wp-content\\\/uploads\\\/2019\\\/11\\\/mudelrongid_marklin-kaubarongi-stardikomplekt-29323_01.jpg\",\"contentUrl\":\"https:\\\/\\\/rodoaed.ee\\\/wp-content\\\/uploads\\\/2019\\\/11\\\/mudelrongid_marklin-kaubarongi-stardikomplekt-29323_01.jpg\",\"width\":1500,\"height\":1069},{\"@type\":\"BreadcrumbList\",\"@id\":\"https:\\\/\\\/rodoaed.ee\\\/fi\\\/toode\\\/mallijuna-tavarajunan-aloituspakkaus\\\/#breadcrumb\",\"itemListElement\":[{\"@type\":\"ListItem\",\"position\":1,\"name\":\"Home\",\"item\":\"https:\\\/\\\/rodoaed.ee\\\/fi\\\/\"},{\"@type\":\"ListItem\",\"position\":2,\"name\":\"Osta osoitteessa\",\"item\":\"https:\\\/\\\/rodoaed.ee\\\/osta-osoitteessa\\\/\"},{\"@type\":\"ListItem\",\"position\":3,\"name\":\"Mallijuna Tavarajunan aloituspakkaus\"}]},{\"@type\":\"WebSite\",\"@id\":\"https:\\\/\\\/rodoaed.ee\\\/#website\",\"url\":\"https:\\\/\\\/rodoaed.ee\\\/\",\"name\":\"Rodoaed\",\"description\":\"\",\"publisher\":{\"@id\":\"https:\\\/\\\/rodoaed.ee\\\/#organization\"},\"potentialAction\":[{\"@type\":\"SearchAction\",\"target\":{\"@type\":\"EntryPoint\",\"urlTemplate\":\"https:\\\/\\\/rodoaed.ee\\\/?s={search_term_string}\"},\"query-input\":{\"@type\":\"PropertyValueSpecification\",\"valueRequired\":true,\"valueName\":\"search_term_string\"}}],\"inLanguage\":\"fi\"},{\"@type\":\"Organization\",\"@id\":\"https:\\\/\\\/rodoaed.ee\\\/#organization\",\"name\":\"Rodoaed\",\"url\":\"https:\\\/\\\/rodoaed.ee\\\/\",\"logo\":{\"@type\":\"ImageObject\",\"inLanguage\":\"fi\",\"@id\":\"https:\\\/\\\/rodoaed.ee\\\/#\\\/schema\\\/logo\\\/image\\\/\",\"url\":\"https:\\\/\\\/rodoaed.ee\\\/wp-content\\\/uploads\\\/2019\\\/11\\\/rodoaed-logo-ilma-taustata.jpg\",\"contentUrl\":\"https:\\\/\\\/rodoaed.ee\\\/wp-content\\\/uploads\\\/2019\\\/11\\\/rodoaed-logo-ilma-taustata.jpg\",\"width\":769,\"height\":268,\"caption\":\"Rodoaed\"},\"image\":{\"@id\":\"https:\\\/\\\/rodoaed.ee\\\/#\\\/schema\\\/logo\\\/image\\\/\"},\"sameAs\":[\"https:\\\/\\\/www.facebook.com\\\/kasvuhooned\\\/\",\"https:\\\/\\\/rodoaed.ee\"]}]}<\/script>\n<!-- \/ Yoast SEO Premium plugin. -->","yoast_head_json":{"title":"Mallijuna Tavarajunan aloituspakkaus - Rodoaed","robots":{"index":"index","follow":"follow","max-snippet":"max-snippet:-1","max-image-preview":"max-image-preview:large","max-video-preview":"max-video-preview:-1"},"canonical":"https:\/\/rodoaed.ee\/fi\/toode\/mallijuna-tavarajunan-aloituspakkaus\/","og_locale":"fi_FI","og_type":"article","og_title":"Mallijuna Tavarajunan aloituspakkaus","og_description":"Junamalli, kauko-ohjattava, hyv\u00e4 aloituspakkaus, jolla p\u00e4\u00e4set alkuun. Suuri \u00e4lyk\u00e4s lelu 6-vuotiaasta yl\u00f6sp\u00e4in. Saksalainen M\u00e4rklin on ollut","og_url":"https:\/\/rodoaed.ee\/fi\/toode\/mallijuna-tavarajunan-aloituspakkaus\/","og_site_name":"Rodoaed","article_publisher":"https:\/\/www.facebook.com\/kasvuhooned\/","article_modified_time":"2026-04-13T08:02:46+00:00","og_image":[{"width":1500,"height":1069,"url":"https:\/\/rodoaed.ee\/wp-content\/uploads\/2019\/11\/mudelrongid_marklin-kaubarongi-stardikomplekt-29323_01.jpg","type":"image\/jpeg"}],"twitter_card":"summary_large_image","twitter_misc":{"Arvioitu lukuaika":"1 minuutti"},"schema":{"@context":"https:\/\/schema.org","@graph":[{"@type":"WebPage","@id":"https:\/\/rodoaed.ee\/fi\/toode\/mallijuna-tavarajunan-aloituspakkaus\/","url":"https:\/\/rodoaed.ee\/fi\/toode\/mallijuna-tavarajunan-aloituspakkaus\/","name":"Mallijuna Tavarajunan aloituspakkaus - Rodoaed","isPartOf":{"@id":"https:\/\/rodoaed.ee\/#website"},"primaryImageOfPage":{"@id":"https:\/\/rodoaed.ee\/fi\/toode\/mallijuna-tavarajunan-aloituspakkaus\/#primaryimage"},"image":{"@id":"https:\/\/rodoaed.ee\/fi\/toode\/mallijuna-tavarajunan-aloituspakkaus\/#primaryimage"},"thumbnailUrl":"https:\/\/rodoaed.ee\/wp-content\/uploads\/2019\/11\/mudelrongid_marklin-kaubarongi-stardikomplekt-29323_01.jpg","datePublished":"2019-11-06T13:57:19+00:00","dateModified":"2026-04-13T08:02:46+00:00","breadcrumb":{"@id":"https:\/\/rodoaed.ee\/fi\/toode\/mallijuna-tavarajunan-aloituspakkaus\/#breadcrumb"},"inLanguage":"fi","potentialAction":[{"@type":"ReadAction","target":["https:\/\/rodoaed.ee\/fi\/toode\/mallijuna-tavarajunan-aloituspakkaus\/"]}]},{"@type":"ImageObject","inLanguage":"fi","@id":"https:\/\/rodoaed.ee\/fi\/toode\/mallijuna-tavarajunan-aloituspakkaus\/#primaryimage","url":"https:\/\/rodoaed.ee\/wp-content\/uploads\/2019\/11\/mudelrongid_marklin-kaubarongi-stardikomplekt-29323_01.jpg","contentUrl":"https:\/\/rodoaed.ee\/wp-content\/uploads\/2019\/11\/mudelrongid_marklin-kaubarongi-stardikomplekt-29323_01.jpg","width":1500,"height":1069},{"@type":"BreadcrumbList","@id":"https:\/\/rodoaed.ee\/fi\/toode\/mallijuna-tavarajunan-aloituspakkaus\/#breadcrumb","itemListElement":[{"@type":"ListItem","position":1,"name":"Home","item":"https:\/\/rodoaed.ee\/fi\/"},{"@type":"ListItem","position":2,"name":"Osta osoitteessa","item":"https:\/\/rodoaed.ee\/osta-osoitteessa\/"},{"@type":"ListItem","position":3,"name":"Mallijuna Tavarajunan aloituspakkaus"}]},{"@type":"WebSite","@id":"https:\/\/rodoaed.ee\/#website","url":"https:\/\/rodoaed.ee\/","name":"Rodoaed","description":"","publisher":{"@id":"https:\/\/rodoaed.ee\/#organization"},"potentialAction":[{"@type":"SearchAction","target":{"@type":"EntryPoint","urlTemplate":"https:\/\/rodoaed.ee\/?s={search_term_string}"},"query-input":{"@type":"PropertyValueSpecification","valueRequired":true,"valueName":"search_term_string"}}],"inLanguage":"fi"},{"@type":"Organization","@id":"https:\/\/rodoaed.ee\/#organization","name":"Rodoaed","url":"https:\/\/rodoaed.ee\/","logo":{"@type":"ImageObject","inLanguage":"fi","@id":"https:\/\/rodoaed.ee\/#\/schema\/logo\/image\/","url":"https:\/\/rodoaed.ee\/wp-content\/uploads\/2019\/11\/rodoaed-logo-ilma-taustata.jpg","contentUrl":"https:\/\/rodoaed.ee\/wp-content\/uploads\/2019\/11\/rodoaed-logo-ilma-taustata.jpg","width":769,"height":268,"caption":"Rodoaed"},"image":{"@id":"https:\/\/rodoaed.ee\/#\/schema\/logo\/image\/"},"sameAs":["https:\/\/www.facebook.com\/kasvuhooned\/","https:\/\/rodoaed.ee"]}]}},"_links":{"self":[{"href":"https:\/\/rodoaed.ee\/fi\/wp-json\/wp\/v2\/product\/53251","targetHints":{"allow":["GET"]}}],"collection":[{"href":"https:\/\/rodoaed.ee\/fi\/wp-json\/wp\/v2\/product"}],"about":[{"href":"https:\/\/rodoaed.ee\/fi\/wp-json\/wp\/v2\/types\/product"}],"wp:featuredmedia":[{"embeddable":true,"href":"https:\/\/rodoaed.ee\/fi\/wp-json\/wp\/v2\/media\/29268"}],"wp:attachment":[{"href":"https:\/\/rodoaed.ee\/fi\/wp-json\/wp\/v2\/media?parent=53251"}],"wp:term":[{"taxonomy":"product_brand","embeddable":true,"href":"https:\/\/rodoaed.ee\/fi\/wp-json\/wp\/v2\/product_brand?post=53251"},{"taxonomy":"product_cat","embeddable":true,"href":"https:\/\/rodoaed.ee\/fi\/wp-json\/wp\/v2\/product_cat?post=53251"},{"taxonomy":"product_tag","embeddable":true,"href":"https:\/\/rodoaed.ee\/fi\/wp-json\/wp\/v2\/product_tag?post=53251"}],"curies":[{"name":"wp","href":"https:\/\/api.w.org\/{rel}","templated":true}]}}