{"id":53257,"date":"2019-11-16T15:18:40","date_gmt":"2019-11-16T13:18:40","guid":{"rendered":"https:\/\/rodoaed.ee\/toode\/kuorintaveitsi-k0-luumupuukahva-70mm\/"},"modified":"2026-04-13T11:02:55","modified_gmt":"2026-04-13T08:02:55","slug":"kuorintaveitsi-k0-luumupuukahva-70mm","status":"publish","type":"product","link":"https:\/\/rodoaed.ee\/fi\/tuote\/kuorintaveitsi-k0-luumupuukahva-70mm\/","title":{"rendered":"Kuorintaveitsi K0- luumupuukahva 70mm"},"content":{"rendered":"<h2>K0 on yksi Robert Herderin parhaista pienist\u00e4 veitsist\u00e4. Luumupuukahva <\/h2>\n<h3>Yleiseen k\u00e4ytt\u00f6\u00f6n keitti\u00f6ss\u00e4, kuorimiseen, puhdistamiseen, leikkaamiseen, viipalointiin ja pilkkomiseen.<\/h3>\n<h2>Parhaat sovellukset:<\/h2>\n<div>\n<ul>\n<li>Leikkaaminen ilman leikkuulautaa<\/li>\n<li>Kuorinta ja siementen poisto<\/li>\n<li>Hedelm\u00e4t ja vihannekset<\/li>\n<\/ul>\n<\/div>\n<h2>T\u00e4rkeimm\u00e4t ominaisuudet:<\/h2>\n<ul>\n<li>Ter\u00e4s: <strong>ruostumaton ter\u00e4s &#8211;<\/strong> kromi-vanadiini- ja molybdeeniseoskuituja.<\/li>\n<li>Kovuus 60 HRC (normaalit veitset ovat noin HRC 55-57).<\/li>\n<li>Laadut: <strong>sinilasitettu<\/strong> (Robert Herder valmistaa kahta laatua &#8211; hienolasitettu yksinkertaisempiin veitsiin ja sinilasitettu kalliimpiin veitsiin).<\/li>\n<li>Symmetrinen &#8211; sopii sek\u00e4 vasen- ett\u00e4 oikeak\u00e4tisille.<\/li>\n<li>Kahva: h\u00f6yrytetty luumupuu<\/li>\n<\/ul>\n<h2>Tekniset tiedot:<\/h2>\n<ul>\n<li>Ter\u00e4n pituus 70 mm<\/li>\n<li>Ter\u00e4n korkeus 16 mm<\/li>\n<li>Paksuus 1,1 mm<\/li>\n<li>Teroituskulma 20 \u00b0<\/li>\n<li>Noahin kokonaispituus kahvan kanssa 180 mm<\/li>\n<li>Paino: 26 grammaa<\/li>\n<\/ul>\n<p><a href=\"https:\/\/rodoaed.ee\/fi\/\">kotisivu<\/a> <a href=\"https:\/\/rodoaed.ee\/fi\/tootekategooria\/keittiolaitteet\/\">k\u00e4ynnist\u00e4<\/a> <a href=\"https:\/\/rodoaed.ee\/fi\/tootekategooria\/keittiolaitteet\/keittion-pesuallas\/\">Keitti\u00f6n portaat<\/a> <a href=\"https:\/\/rodoaed.ee\/fi\/toode\/poyta-jossa-on-vanhan-saksalaisen-luumupuun-kahva\/\">p\u00f6yd\u00e4ll\u00e4<\/a> <a href=\"https:\/\/rodoaed.ee\/fi\/toode\/kokanuga-k5-luumupuukahva-182mm\/\">ruoanlaitto veitsi<\/a> <a href=\"https:\/\/rodoaed.ee\/fi\/toode\/leivanuga-k-b2-luumupuukahva-230mm\/\">leip\u00e4 veitsi<\/a><\/p>\n<p>&nbsp;<\/p>\n","protected":false},"excerpt":{"rendered":"<p>K0 on yksi Robert Herderin parhaista pienist\u00e4 veitsist\u00e4. Luumupuukahva Yleiseen k\u00e4ytt\u00f6\u00f6n keitti\u00f6ss\u00e4, kuorimiseen, puhdistamiseen, leikkaamiseen, viipalointiin ja pilkkomiseen. Parhaat sovellukset: Leikkaaminen ilman leikkuulautaa Kuorinta ja siementen poisto Hedelm\u00e4t ja vihannekset T\u00e4rkeimm\u00e4t ominaisuudet: Ter\u00e4s: ruostumaton ter\u00e4s &#8211; kromi-vanadiini- ja molybdeeniseoskuituja. Kovuus 60 HRC (normaalit veitset ovat noin HRC 55-57). Laadut: sinilasitettu (Robert Herder valmistaa kahta laatua &#8211; hienolasitettu yksinkertaisempiin veitsiin ja sinilasitettu kalliimpiin veitsiin). Symmetrinen &#8211;&#8230;<\/p>\n","protected":false},"featured_media":29484,"template":"","meta":{"_acf_changed":false},"product_brand":[],"product_cat":[1832,1751,1830,1892],"product_tag":[],"class_list":{"0":"post-53257","1":"product","2":"type-product","3":"status-publish","4":"has-post-thumbnail","6":"product_cat-juuripavut-ja-kuoripavut","7":"product_cat-keittiolaitteet","8":"product_cat-keittion-pesuallas","9":"product_cat-kookos","10":"product_shipping_class-toimitus-1-3-tyopaivan-kuluessa","11":"pa_variatsioon-keittioveitsi-k0-hiiliteras-kiillotettu-varsi-luumupuuta","13":"first","14":"instock","15":"sale","16":"taxable","17":"shipping-taxable","18":"purchasable","19":"product-type-simple"},"acf":[],"yoast_head":"<!-- This site is optimized with the Yoast SEO Premium plugin v27.3 (Yoast SEO v27.3) - https:\/\/yoast.com\/product\/yoast-seo-premium-wordpress\/ -->\n<title>Kuorintaveitsi K0- luumupuukahva 70mm - Rodoaed<\/title>\n<meta name=\"description\" content=\"Rober Herder -keitti\u00f6veitsi on maailman tunnetuin ja k\u00e4yt\u00e4nn\u00f6llisin monitoimiveitsi ja vihannesten kuorimaveitsi. Keitti\u00f6veitsi kirsikkapuukahvalla\" \/>\n<meta name=\"robots\" content=\"index, follow, max-snippet:-1, max-image-preview:large, max-video-preview:-1\" \/>\n<link rel=\"canonical\" href=\"https:\/\/rodoaed.ee\/fi\/toode\/kuorintaveitsi-k0-luumupuukahva-70mm\/\" \/>\n<meta property=\"og:locale\" content=\"fi_FI\" \/>\n<meta property=\"og:type\" content=\"article\" \/>\n<meta property=\"og:title\" content=\"Kuorintaveitsi K0- luumupuukahva 70mm\" \/>\n<meta property=\"og:description\" content=\"K0 on yksi Robert Herderin parhaista pienist\u00e4 veitsist\u00e4. Luumupuukahva Yleiseen k\u00e4ytt\u00f6\u00f6n keitti\u00f6ss\u00e4, kuorimiseen, puhdistamiseen, leikkaamiseen,\" \/>\n<meta property=\"og:url\" content=\"https:\/\/rodoaed.ee\/fi\/toode\/kuorintaveitsi-k0-luumupuukahva-70mm\/\" \/>\n<meta property=\"og:site_name\" content=\"Rodoaed\" \/>\n<meta property=\"article:publisher\" content=\"https:\/\/www.facebook.com\/kasvuhooned\/\" \/>\n<meta property=\"article:modified_time\" content=\"2026-04-13T08:02:55+00:00\" \/>\n<meta property=\"og:image\" content=\"https:\/\/rodoaed.ee\/wp-content\/uploads\/2019\/11\/juurviljanuga-K0_ploomipuu_9730_1465_04_03.jpg\" \/>\n\t<meta property=\"og:image:width\" content=\"2425\" \/>\n\t<meta property=\"og:image:height\" content=\"332\" \/>\n\t<meta property=\"og:image:type\" content=\"image\/jpeg\" \/>\n<meta name=\"twitter:card\" content=\"summary_large_image\" \/>\n<meta name=\"twitter:label1\" content=\"Arvioitu lukuaika\" \/>\n\t<meta name=\"twitter:data1\" content=\"1 minuutti\" \/>\n<script type=\"application\/ld+json\" class=\"yoast-schema-graph\">{\"@context\":\"https:\\\/\\\/schema.org\",\"@graph\":[{\"@type\":\"WebPage\",\"@id\":\"https:\\\/\\\/rodoaed.ee\\\/fi\\\/toode\\\/kuorintaveitsi-k0-luumupuukahva-70mm\\\/\",\"url\":\"https:\\\/\\\/rodoaed.ee\\\/fi\\\/toode\\\/kuorintaveitsi-k0-luumupuukahva-70mm\\\/\",\"name\":\"Kuorintaveitsi K0- luumupuukahva 70mm - Rodoaed\",\"isPartOf\":{\"@id\":\"https:\\\/\\\/rodoaed.ee\\\/#website\"},\"primaryImageOfPage\":{\"@id\":\"https:\\\/\\\/rodoaed.ee\\\/fi\\\/toode\\\/kuorintaveitsi-k0-luumupuukahva-70mm\\\/#primaryimage\"},\"image\":{\"@id\":\"https:\\\/\\\/rodoaed.ee\\\/fi\\\/toode\\\/kuorintaveitsi-k0-luumupuukahva-70mm\\\/#primaryimage\"},\"thumbnailUrl\":\"https:\\\/\\\/rodoaed.ee\\\/wp-content\\\/uploads\\\/2019\\\/11\\\/juurviljanuga-K0_ploomipuu_9730_1465_04_03.jpg\",\"datePublished\":\"2019-11-16T13:18:40+00:00\",\"dateModified\":\"2026-04-13T08:02:55+00:00\",\"description\":\"Rober Herder -keitti\u00f6veitsi on maailman tunnetuin ja k\u00e4yt\u00e4nn\u00f6llisin monitoimiveitsi ja vihannesten kuorimaveitsi. Keitti\u00f6veitsi kirsikkapuukahvalla\",\"breadcrumb\":{\"@id\":\"https:\\\/\\\/rodoaed.ee\\\/fi\\\/toode\\\/kuorintaveitsi-k0-luumupuukahva-70mm\\\/#breadcrumb\"},\"inLanguage\":\"fi\",\"potentialAction\":[{\"@type\":\"ReadAction\",\"target\":[\"https:\\\/\\\/rodoaed.ee\\\/fi\\\/toode\\\/kuorintaveitsi-k0-luumupuukahva-70mm\\\/\"]}]},{\"@type\":\"ImageObject\",\"inLanguage\":\"fi\",\"@id\":\"https:\\\/\\\/rodoaed.ee\\\/fi\\\/toode\\\/kuorintaveitsi-k0-luumupuukahva-70mm\\\/#primaryimage\",\"url\":\"https:\\\/\\\/rodoaed.ee\\\/wp-content\\\/uploads\\\/2019\\\/11\\\/juurviljanuga-K0_ploomipuu_9730_1465_04_03.jpg\",\"contentUrl\":\"https:\\\/\\\/rodoaed.ee\\\/wp-content\\\/uploads\\\/2019\\\/11\\\/juurviljanuga-K0_ploomipuu_9730_1465_04_03.jpg\",\"width\":2425,\"height\":332},{\"@type\":\"BreadcrumbList\",\"@id\":\"https:\\\/\\\/rodoaed.ee\\\/fi\\\/toode\\\/kuorintaveitsi-k0-luumupuukahva-70mm\\\/#breadcrumb\",\"itemListElement\":[{\"@type\":\"ListItem\",\"position\":1,\"name\":\"Home\",\"item\":\"https:\\\/\\\/rodoaed.ee\\\/fi\\\/\"},{\"@type\":\"ListItem\",\"position\":2,\"name\":\"Osta osoitteessa\",\"item\":\"https:\\\/\\\/rodoaed.ee\\\/osta-osoitteessa\\\/\"},{\"@type\":\"ListItem\",\"position\":3,\"name\":\"Kuorintaveitsi K0- luumupuukahva 70mm\"}]},{\"@type\":\"WebSite\",\"@id\":\"https:\\\/\\\/rodoaed.ee\\\/#website\",\"url\":\"https:\\\/\\\/rodoaed.ee\\\/\",\"name\":\"Rodoaed\",\"description\":\"\",\"publisher\":{\"@id\":\"https:\\\/\\\/rodoaed.ee\\\/#organization\"},\"potentialAction\":[{\"@type\":\"SearchAction\",\"target\":{\"@type\":\"EntryPoint\",\"urlTemplate\":\"https:\\\/\\\/rodoaed.ee\\\/?s={search_term_string}\"},\"query-input\":{\"@type\":\"PropertyValueSpecification\",\"valueRequired\":true,\"valueName\":\"search_term_string\"}}],\"inLanguage\":\"fi\"},{\"@type\":\"Organization\",\"@id\":\"https:\\\/\\\/rodoaed.ee\\\/#organization\",\"name\":\"Rodoaed\",\"url\":\"https:\\\/\\\/rodoaed.ee\\\/\",\"logo\":{\"@type\":\"ImageObject\",\"inLanguage\":\"fi\",\"@id\":\"https:\\\/\\\/rodoaed.ee\\\/#\\\/schema\\\/logo\\\/image\\\/\",\"url\":\"https:\\\/\\\/rodoaed.ee\\\/wp-content\\\/uploads\\\/2019\\\/11\\\/rodoaed-logo-ilma-taustata.jpg\",\"contentUrl\":\"https:\\\/\\\/rodoaed.ee\\\/wp-content\\\/uploads\\\/2019\\\/11\\\/rodoaed-logo-ilma-taustata.jpg\",\"width\":769,\"height\":268,\"caption\":\"Rodoaed\"},\"image\":{\"@id\":\"https:\\\/\\\/rodoaed.ee\\\/#\\\/schema\\\/logo\\\/image\\\/\"},\"sameAs\":[\"https:\\\/\\\/www.facebook.com\\\/kasvuhooned\\\/\",\"https:\\\/\\\/rodoaed.ee\"]}]}<\/script>\n<!-- \/ Yoast SEO Premium plugin. -->","yoast_head_json":{"title":"Kuorintaveitsi K0- luumupuukahva 70mm - Rodoaed","description":"Rober Herder -keitti\u00f6veitsi on maailman tunnetuin ja k\u00e4yt\u00e4nn\u00f6llisin monitoimiveitsi ja vihannesten kuorimaveitsi. Keitti\u00f6veitsi kirsikkapuukahvalla","robots":{"index":"index","follow":"follow","max-snippet":"max-snippet:-1","max-image-preview":"max-image-preview:large","max-video-preview":"max-video-preview:-1"},"canonical":"https:\/\/rodoaed.ee\/fi\/toode\/kuorintaveitsi-k0-luumupuukahva-70mm\/","og_locale":"fi_FI","og_type":"article","og_title":"Kuorintaveitsi K0- luumupuukahva 70mm","og_description":"K0 on yksi Robert Herderin parhaista pienist\u00e4 veitsist\u00e4. Luumupuukahva Yleiseen k\u00e4ytt\u00f6\u00f6n keitti\u00f6ss\u00e4, kuorimiseen, puhdistamiseen, leikkaamiseen,","og_url":"https:\/\/rodoaed.ee\/fi\/toode\/kuorintaveitsi-k0-luumupuukahva-70mm\/","og_site_name":"Rodoaed","article_publisher":"https:\/\/www.facebook.com\/kasvuhooned\/","article_modified_time":"2026-04-13T08:02:55+00:00","og_image":[{"width":2425,"height":332,"url":"https:\/\/rodoaed.ee\/wp-content\/uploads\/2019\/11\/juurviljanuga-K0_ploomipuu_9730_1465_04_03.jpg","type":"image\/jpeg"}],"twitter_card":"summary_large_image","twitter_misc":{"Arvioitu lukuaika":"1 minuutti"},"schema":{"@context":"https:\/\/schema.org","@graph":[{"@type":"WebPage","@id":"https:\/\/rodoaed.ee\/fi\/toode\/kuorintaveitsi-k0-luumupuukahva-70mm\/","url":"https:\/\/rodoaed.ee\/fi\/toode\/kuorintaveitsi-k0-luumupuukahva-70mm\/","name":"Kuorintaveitsi K0- luumupuukahva 70mm - Rodoaed","isPartOf":{"@id":"https:\/\/rodoaed.ee\/#website"},"primaryImageOfPage":{"@id":"https:\/\/rodoaed.ee\/fi\/toode\/kuorintaveitsi-k0-luumupuukahva-70mm\/#primaryimage"},"image":{"@id":"https:\/\/rodoaed.ee\/fi\/toode\/kuorintaveitsi-k0-luumupuukahva-70mm\/#primaryimage"},"thumbnailUrl":"https:\/\/rodoaed.ee\/wp-content\/uploads\/2019\/11\/juurviljanuga-K0_ploomipuu_9730_1465_04_03.jpg","datePublished":"2019-11-16T13:18:40+00:00","dateModified":"2026-04-13T08:02:55+00:00","description":"Rober Herder -keitti\u00f6veitsi on maailman tunnetuin ja k\u00e4yt\u00e4nn\u00f6llisin monitoimiveitsi ja vihannesten kuorimaveitsi. Keitti\u00f6veitsi kirsikkapuukahvalla","breadcrumb":{"@id":"https:\/\/rodoaed.ee\/fi\/toode\/kuorintaveitsi-k0-luumupuukahva-70mm\/#breadcrumb"},"inLanguage":"fi","potentialAction":[{"@type":"ReadAction","target":["https:\/\/rodoaed.ee\/fi\/toode\/kuorintaveitsi-k0-luumupuukahva-70mm\/"]}]},{"@type":"ImageObject","inLanguage":"fi","@id":"https:\/\/rodoaed.ee\/fi\/toode\/kuorintaveitsi-k0-luumupuukahva-70mm\/#primaryimage","url":"https:\/\/rodoaed.ee\/wp-content\/uploads\/2019\/11\/juurviljanuga-K0_ploomipuu_9730_1465_04_03.jpg","contentUrl":"https:\/\/rodoaed.ee\/wp-content\/uploads\/2019\/11\/juurviljanuga-K0_ploomipuu_9730_1465_04_03.jpg","width":2425,"height":332},{"@type":"BreadcrumbList","@id":"https:\/\/rodoaed.ee\/fi\/toode\/kuorintaveitsi-k0-luumupuukahva-70mm\/#breadcrumb","itemListElement":[{"@type":"ListItem","position":1,"name":"Home","item":"https:\/\/rodoaed.ee\/fi\/"},{"@type":"ListItem","position":2,"name":"Osta osoitteessa","item":"https:\/\/rodoaed.ee\/osta-osoitteessa\/"},{"@type":"ListItem","position":3,"name":"Kuorintaveitsi K0- luumupuukahva 70mm"}]},{"@type":"WebSite","@id":"https:\/\/rodoaed.ee\/#website","url":"https:\/\/rodoaed.ee\/","name":"Rodoaed","description":"","publisher":{"@id":"https:\/\/rodoaed.ee\/#organization"},"potentialAction":[{"@type":"SearchAction","target":{"@type":"EntryPoint","urlTemplate":"https:\/\/rodoaed.ee\/?s={search_term_string}"},"query-input":{"@type":"PropertyValueSpecification","valueRequired":true,"valueName":"search_term_string"}}],"inLanguage":"fi"},{"@type":"Organization","@id":"https:\/\/rodoaed.ee\/#organization","name":"Rodoaed","url":"https:\/\/rodoaed.ee\/","logo":{"@type":"ImageObject","inLanguage":"fi","@id":"https:\/\/rodoaed.ee\/#\/schema\/logo\/image\/","url":"https:\/\/rodoaed.ee\/wp-content\/uploads\/2019\/11\/rodoaed-logo-ilma-taustata.jpg","contentUrl":"https:\/\/rodoaed.ee\/wp-content\/uploads\/2019\/11\/rodoaed-logo-ilma-taustata.jpg","width":769,"height":268,"caption":"Rodoaed"},"image":{"@id":"https:\/\/rodoaed.ee\/#\/schema\/logo\/image\/"},"sameAs":["https:\/\/www.facebook.com\/kasvuhooned\/","https:\/\/rodoaed.ee"]}]}},"_links":{"self":[{"href":"https:\/\/rodoaed.ee\/fi\/wp-json\/wp\/v2\/product\/53257","targetHints":{"allow":["GET"]}}],"collection":[{"href":"https:\/\/rodoaed.ee\/fi\/wp-json\/wp\/v2\/product"}],"about":[{"href":"https:\/\/rodoaed.ee\/fi\/wp-json\/wp\/v2\/types\/product"}],"wp:featuredmedia":[{"embeddable":true,"href":"https:\/\/rodoaed.ee\/fi\/wp-json\/wp\/v2\/media\/29484"}],"wp:attachment":[{"href":"https:\/\/rodoaed.ee\/fi\/wp-json\/wp\/v2\/media?parent=53257"}],"wp:term":[{"taxonomy":"product_brand","embeddable":true,"href":"https:\/\/rodoaed.ee\/fi\/wp-json\/wp\/v2\/product_brand?post=53257"},{"taxonomy":"product_cat","embeddable":true,"href":"https:\/\/rodoaed.ee\/fi\/wp-json\/wp\/v2\/product_cat?post=53257"},{"taxonomy":"product_tag","embeddable":true,"href":"https:\/\/rodoaed.ee\/fi\/wp-json\/wp\/v2\/product_tag?post=53257"}],"curies":[{"name":"wp","href":"https:\/\/api.w.org\/{rel}","templated":true}]}}