{"id":53259,"date":"2019-11-19T17:20:17","date_gmt":"2019-11-19T15:20:17","guid":{"rendered":"https:\/\/rodoaed.ee\/toode\/putkimylly-suolamylly-tosca-15-puu\/"},"modified":"2026-04-13T11:02:56","modified_gmt":"2026-04-13T08:02:56","slug":"putkimylly-suolamylly-tosca-15-puu","status":"publish","type":"product","link":"https:\/\/rodoaed.ee\/fi\/tuote\/putkimylly-suolamylly-tosca-15-puu\/","title":{"rendered":"Putkimylly + suolamylly Tosca 15 Puu"},"content":{"rendered":"<h2><span style=\"color: #008000;\">Sarja sis\u00e4lt\u00e4\u00e4: putkimylly MA15 + suolamylly SA15<\/span><\/h2>\n<h2><span style=\"color: #008000;\">Luonnollinen puun s\u00e4vy<\/span><\/h2>\n<h3>TRE Spade pippurimylly &#8211; Italialaisten mestareiden k\u00e4sity\u00f6n\u00e4 valmistama<\/h3>\n<h2>Tekniset tiedot (kunkin myllyn osalta):<\/h2>\n<ul>\n<li>Paino: 300 g<\/li>\n<li>Korkeus: 15 cm<\/li>\n<\/ul>\n<p><a href=\"https:\/\/rodoaed.ee\/fi\/\">kotisivu<\/a> <a href=\"https:\/\/rodoaed.ee\/fi\/tootekategooria\/keittiolaitteet\/\">k\u00e4ynnist\u00e4<\/a> <a href=\"\/?product_cat=pipraveskid-ja-soolatoosid\">myllyt<\/a> <a href=\"https:\/\/rodoaed.ee\/fi\/tootekategooria\/keittiolaitteet\/pippurimyllyt-ja-suolamyllyt\/putkimyllyt-ja-suolamyllyt-tosca\/\">tosca<\/a><\/p>\n<p>&nbsp;<\/p>\n","protected":false},"excerpt":{"rendered":"<p>Sarja sis\u00e4lt\u00e4\u00e4: putkimylly MA15 + suolamylly SA15 Luonnollinen puun s\u00e4vy TRE Spade pippurimylly &#8211; Italialaisten mestareiden k\u00e4sity\u00f6n\u00e4 valmistama Tekniset tiedot (kunkin myllyn osalta): Paino: 300 g Korkeus: 15 cm kotisivu k\u00e4ynnist\u00e4 myllyt tosca &nbsp;<\/p>\n","protected":false},"featured_media":17647,"template":"","meta":{"_acf_changed":false},"product_brand":[],"product_cat":[1751,1833,1743,2208,2201,2202],"product_tag":[],"class_list":{"0":"post-53259","1":"product","2":"type-product","3":"status-publish","4":"has-post-thumbnail","6":"product_cat-keittiolaitteet","7":"product_cat-lahjat-naisille","8":"product_cat-lisalahjat-lahjat","9":"product_cat-pippurimyllyjen-ja-suolamyllyjen-sarjat","10":"product_cat-pippurimyllyt-ja-suolamyllyt","11":"product_cat-putkimyllyt-ja-suolamyllyt-tosca","12":"product_shipping_class-toimitus-1-3-tyopaivan-kuluessa","13":"pa_variatsioon-pipraveski-tosca-ma15-puu","15":"first","16":"instock","17":"sale","18":"taxable","19":"shipping-taxable","20":"purchasable","21":"product-type-simple"},"acf":[],"yoast_head":"<!-- This site is optimized with the Yoast SEO Premium plugin v27.3 (Yoast SEO v27.3) - https:\/\/yoast.com\/product\/yoast-seo-premium-wordpress\/ -->\n<title>Putkimylly + suolamylly Tosca 15 Puu - Rodoaed% pippurimyllyt ja suolakellarit<\/title>\n<meta name=\"description\" content=\"Pippurimyllyiss\u00e4mme on ainutlaatuinen karkaistusta ter\u00e4ksest\u00e4 valmistettu kartiomainen murskausmekanismi. Ter\u00e4smekanismille my\u00f6nnet\u00e4\u00e4n 20 vuoden takuu.\" \/>\n<meta name=\"robots\" content=\"index, follow, max-snippet:-1, max-image-preview:large, max-video-preview:-1\" \/>\n<link rel=\"canonical\" href=\"https:\/\/rodoaed.ee\/fi\/toode\/putkimylly-suolamylly-tosca-15-puu\/\" \/>\n<meta property=\"og:locale\" content=\"fi_FI\" \/>\n<meta property=\"og:type\" content=\"article\" \/>\n<meta property=\"og:title\" content=\"Putkimylly + suolamylly Tosca 15 Puu\" \/>\n<meta property=\"og:description\" content=\"Sarja sis\u00e4lt\u00e4\u00e4: putkimylly MA15 + suolamylly SA15 Luonnollinen puun s\u00e4vy TRE Spade pippurimylly - Italialaisten mestareiden k\u00e4sity\u00f6n\u00e4 valmistama Tekniset\" \/>\n<meta property=\"og:url\" content=\"https:\/\/rodoaed.ee\/fi\/toode\/putkimylly-suolamylly-tosca-15-puu\/\" \/>\n<meta property=\"og:site_name\" content=\"Rodoaed\" \/>\n<meta property=\"article:publisher\" content=\"https:\/\/www.facebook.com\/kasvuhooned\/\" \/>\n<meta property=\"article:modified_time\" content=\"2026-04-13T08:02:56+00:00\" \/>\n<meta property=\"og:image\" content=\"https:\/\/rodoaed.ee\/wp-content\/uploads\/2019\/07\/MA15-Tosca-15-Natural-Wood.jpg\" \/>\n\t<meta property=\"og:image:width\" content=\"1190\" \/>\n\t<meta property=\"og:image:height\" content=\"4134\" \/>\n\t<meta property=\"og:image:type\" content=\"image\/jpeg\" \/>\n<meta name=\"twitter:card\" content=\"summary_large_image\" \/>\n<script type=\"application\/ld+json\" class=\"yoast-schema-graph\">{\"@context\":\"https:\\\/\\\/schema.org\",\"@graph\":[{\"@type\":\"WebPage\",\"@id\":\"https:\\\/\\\/rodoaed.ee\\\/fi\\\/toode\\\/putkimylly-suolamylly-tosca-15-puu\\\/\",\"url\":\"https:\\\/\\\/rodoaed.ee\\\/fi\\\/toode\\\/putkimylly-suolamylly-tosca-15-puu\\\/\",\"name\":\"Putkimylly + suolamylly Tosca 15 Puu - Rodoaed% pippurimyllyt ja suolakellarit\",\"isPartOf\":{\"@id\":\"https:\\\/\\\/rodoaed.ee\\\/#website\"},\"primaryImageOfPage\":{\"@id\":\"https:\\\/\\\/rodoaed.ee\\\/fi\\\/toode\\\/putkimylly-suolamylly-tosca-15-puu\\\/#primaryimage\"},\"image\":{\"@id\":\"https:\\\/\\\/rodoaed.ee\\\/fi\\\/toode\\\/putkimylly-suolamylly-tosca-15-puu\\\/#primaryimage\"},\"thumbnailUrl\":\"https:\\\/\\\/rodoaed.ee\\\/wp-content\\\/uploads\\\/2019\\\/07\\\/MA15-Tosca-15-Natural-Wood.jpg\",\"datePublished\":\"2019-11-19T15:20:17+00:00\",\"dateModified\":\"2026-04-13T08:02:56+00:00\",\"description\":\"Pippurimyllyiss\u00e4mme on ainutlaatuinen karkaistusta ter\u00e4ksest\u00e4 valmistettu kartiomainen murskausmekanismi. Ter\u00e4smekanismille my\u00f6nnet\u00e4\u00e4n 20 vuoden takuu.\",\"breadcrumb\":{\"@id\":\"https:\\\/\\\/rodoaed.ee\\\/fi\\\/toode\\\/putkimylly-suolamylly-tosca-15-puu\\\/#breadcrumb\"},\"inLanguage\":\"fi\",\"potentialAction\":[{\"@type\":\"ReadAction\",\"target\":[\"https:\\\/\\\/rodoaed.ee\\\/fi\\\/toode\\\/putkimylly-suolamylly-tosca-15-puu\\\/\"]}]},{\"@type\":\"ImageObject\",\"inLanguage\":\"fi\",\"@id\":\"https:\\\/\\\/rodoaed.ee\\\/fi\\\/toode\\\/putkimylly-suolamylly-tosca-15-puu\\\/#primaryimage\",\"url\":\"https:\\\/\\\/rodoaed.ee\\\/wp-content\\\/uploads\\\/2019\\\/07\\\/MA15-Tosca-15-Natural-Wood.jpg\",\"contentUrl\":\"https:\\\/\\\/rodoaed.ee\\\/wp-content\\\/uploads\\\/2019\\\/07\\\/MA15-Tosca-15-Natural-Wood.jpg\",\"width\":1190,\"height\":4134,\"caption\":\"pippurimyllyt ja suolamyllyt TOSCA\"},{\"@type\":\"BreadcrumbList\",\"@id\":\"https:\\\/\\\/rodoaed.ee\\\/fi\\\/toode\\\/putkimylly-suolamylly-tosca-15-puu\\\/#breadcrumb\",\"itemListElement\":[{\"@type\":\"ListItem\",\"position\":1,\"name\":\"Home\",\"item\":\"https:\\\/\\\/rodoaed.ee\\\/fi\\\/\"},{\"@type\":\"ListItem\",\"position\":2,\"name\":\"Osta osoitteessa\",\"item\":\"https:\\\/\\\/rodoaed.ee\\\/osta-osoitteessa\\\/\"},{\"@type\":\"ListItem\",\"position\":3,\"name\":\"Putkimylly + suolamylly Tosca 15 Puu\"}]},{\"@type\":\"WebSite\",\"@id\":\"https:\\\/\\\/rodoaed.ee\\\/#website\",\"url\":\"https:\\\/\\\/rodoaed.ee\\\/\",\"name\":\"Rodoaed\",\"description\":\"\",\"publisher\":{\"@id\":\"https:\\\/\\\/rodoaed.ee\\\/#organization\"},\"potentialAction\":[{\"@type\":\"SearchAction\",\"target\":{\"@type\":\"EntryPoint\",\"urlTemplate\":\"https:\\\/\\\/rodoaed.ee\\\/?s={search_term_string}\"},\"query-input\":{\"@type\":\"PropertyValueSpecification\",\"valueRequired\":true,\"valueName\":\"search_term_string\"}}],\"inLanguage\":\"fi\"},{\"@type\":\"Organization\",\"@id\":\"https:\\\/\\\/rodoaed.ee\\\/#organization\",\"name\":\"Rodoaed\",\"url\":\"https:\\\/\\\/rodoaed.ee\\\/\",\"logo\":{\"@type\":\"ImageObject\",\"inLanguage\":\"fi\",\"@id\":\"https:\\\/\\\/rodoaed.ee\\\/#\\\/schema\\\/logo\\\/image\\\/\",\"url\":\"https:\\\/\\\/rodoaed.ee\\\/wp-content\\\/uploads\\\/2019\\\/11\\\/rodoaed-logo-ilma-taustata.jpg\",\"contentUrl\":\"https:\\\/\\\/rodoaed.ee\\\/wp-content\\\/uploads\\\/2019\\\/11\\\/rodoaed-logo-ilma-taustata.jpg\",\"width\":769,\"height\":268,\"caption\":\"Rodoaed\"},\"image\":{\"@id\":\"https:\\\/\\\/rodoaed.ee\\\/#\\\/schema\\\/logo\\\/image\\\/\"},\"sameAs\":[\"https:\\\/\\\/www.facebook.com\\\/kasvuhooned\\\/\",\"https:\\\/\\\/rodoaed.ee\"]}]}<\/script>\n<!-- \/ Yoast SEO Premium plugin. -->","yoast_head_json":{"title":"Putkimylly + suolamylly Tosca 15 Puu - Rodoaed% pippurimyllyt ja suolakellarit","description":"Pippurimyllyiss\u00e4mme on ainutlaatuinen karkaistusta ter\u00e4ksest\u00e4 valmistettu kartiomainen murskausmekanismi. Ter\u00e4smekanismille my\u00f6nnet\u00e4\u00e4n 20 vuoden takuu.","robots":{"index":"index","follow":"follow","max-snippet":"max-snippet:-1","max-image-preview":"max-image-preview:large","max-video-preview":"max-video-preview:-1"},"canonical":"https:\/\/rodoaed.ee\/fi\/toode\/putkimylly-suolamylly-tosca-15-puu\/","og_locale":"fi_FI","og_type":"article","og_title":"Putkimylly + suolamylly Tosca 15 Puu","og_description":"Sarja sis\u00e4lt\u00e4\u00e4: putkimylly MA15 + suolamylly SA15 Luonnollinen puun s\u00e4vy TRE Spade pippurimylly - Italialaisten mestareiden k\u00e4sity\u00f6n\u00e4 valmistama Tekniset","og_url":"https:\/\/rodoaed.ee\/fi\/toode\/putkimylly-suolamylly-tosca-15-puu\/","og_site_name":"Rodoaed","article_publisher":"https:\/\/www.facebook.com\/kasvuhooned\/","article_modified_time":"2026-04-13T08:02:56+00:00","og_image":[{"width":1190,"height":4134,"url":"https:\/\/rodoaed.ee\/wp-content\/uploads\/2019\/07\/MA15-Tosca-15-Natural-Wood.jpg","type":"image\/jpeg"}],"twitter_card":"summary_large_image","schema":{"@context":"https:\/\/schema.org","@graph":[{"@type":"WebPage","@id":"https:\/\/rodoaed.ee\/fi\/toode\/putkimylly-suolamylly-tosca-15-puu\/","url":"https:\/\/rodoaed.ee\/fi\/toode\/putkimylly-suolamylly-tosca-15-puu\/","name":"Putkimylly + suolamylly Tosca 15 Puu - Rodoaed% pippurimyllyt ja suolakellarit","isPartOf":{"@id":"https:\/\/rodoaed.ee\/#website"},"primaryImageOfPage":{"@id":"https:\/\/rodoaed.ee\/fi\/toode\/putkimylly-suolamylly-tosca-15-puu\/#primaryimage"},"image":{"@id":"https:\/\/rodoaed.ee\/fi\/toode\/putkimylly-suolamylly-tosca-15-puu\/#primaryimage"},"thumbnailUrl":"https:\/\/rodoaed.ee\/wp-content\/uploads\/2019\/07\/MA15-Tosca-15-Natural-Wood.jpg","datePublished":"2019-11-19T15:20:17+00:00","dateModified":"2026-04-13T08:02:56+00:00","description":"Pippurimyllyiss\u00e4mme on ainutlaatuinen karkaistusta ter\u00e4ksest\u00e4 valmistettu kartiomainen murskausmekanismi. Ter\u00e4smekanismille my\u00f6nnet\u00e4\u00e4n 20 vuoden takuu.","breadcrumb":{"@id":"https:\/\/rodoaed.ee\/fi\/toode\/putkimylly-suolamylly-tosca-15-puu\/#breadcrumb"},"inLanguage":"fi","potentialAction":[{"@type":"ReadAction","target":["https:\/\/rodoaed.ee\/fi\/toode\/putkimylly-suolamylly-tosca-15-puu\/"]}]},{"@type":"ImageObject","inLanguage":"fi","@id":"https:\/\/rodoaed.ee\/fi\/toode\/putkimylly-suolamylly-tosca-15-puu\/#primaryimage","url":"https:\/\/rodoaed.ee\/wp-content\/uploads\/2019\/07\/MA15-Tosca-15-Natural-Wood.jpg","contentUrl":"https:\/\/rodoaed.ee\/wp-content\/uploads\/2019\/07\/MA15-Tosca-15-Natural-Wood.jpg","width":1190,"height":4134,"caption":"pippurimyllyt ja suolamyllyt TOSCA"},{"@type":"BreadcrumbList","@id":"https:\/\/rodoaed.ee\/fi\/toode\/putkimylly-suolamylly-tosca-15-puu\/#breadcrumb","itemListElement":[{"@type":"ListItem","position":1,"name":"Home","item":"https:\/\/rodoaed.ee\/fi\/"},{"@type":"ListItem","position":2,"name":"Osta osoitteessa","item":"https:\/\/rodoaed.ee\/osta-osoitteessa\/"},{"@type":"ListItem","position":3,"name":"Putkimylly + suolamylly Tosca 15 Puu"}]},{"@type":"WebSite","@id":"https:\/\/rodoaed.ee\/#website","url":"https:\/\/rodoaed.ee\/","name":"Rodoaed","description":"","publisher":{"@id":"https:\/\/rodoaed.ee\/#organization"},"potentialAction":[{"@type":"SearchAction","target":{"@type":"EntryPoint","urlTemplate":"https:\/\/rodoaed.ee\/?s={search_term_string}"},"query-input":{"@type":"PropertyValueSpecification","valueRequired":true,"valueName":"search_term_string"}}],"inLanguage":"fi"},{"@type":"Organization","@id":"https:\/\/rodoaed.ee\/#organization","name":"Rodoaed","url":"https:\/\/rodoaed.ee\/","logo":{"@type":"ImageObject","inLanguage":"fi","@id":"https:\/\/rodoaed.ee\/#\/schema\/logo\/image\/","url":"https:\/\/rodoaed.ee\/wp-content\/uploads\/2019\/11\/rodoaed-logo-ilma-taustata.jpg","contentUrl":"https:\/\/rodoaed.ee\/wp-content\/uploads\/2019\/11\/rodoaed-logo-ilma-taustata.jpg","width":769,"height":268,"caption":"Rodoaed"},"image":{"@id":"https:\/\/rodoaed.ee\/#\/schema\/logo\/image\/"},"sameAs":["https:\/\/www.facebook.com\/kasvuhooned\/","https:\/\/rodoaed.ee"]}]}},"_links":{"self":[{"href":"https:\/\/rodoaed.ee\/fi\/wp-json\/wp\/v2\/product\/53259","targetHints":{"allow":["GET"]}}],"collection":[{"href":"https:\/\/rodoaed.ee\/fi\/wp-json\/wp\/v2\/product"}],"about":[{"href":"https:\/\/rodoaed.ee\/fi\/wp-json\/wp\/v2\/types\/product"}],"wp:featuredmedia":[{"embeddable":true,"href":"https:\/\/rodoaed.ee\/fi\/wp-json\/wp\/v2\/media\/17647"}],"wp:attachment":[{"href":"https:\/\/rodoaed.ee\/fi\/wp-json\/wp\/v2\/media?parent=53259"}],"wp:term":[{"taxonomy":"product_brand","embeddable":true,"href":"https:\/\/rodoaed.ee\/fi\/wp-json\/wp\/v2\/product_brand?post=53259"},{"taxonomy":"product_cat","embeddable":true,"href":"https:\/\/rodoaed.ee\/fi\/wp-json\/wp\/v2\/product_cat?post=53259"},{"taxonomy":"product_tag","embeddable":true,"href":"https:\/\/rodoaed.ee\/fi\/wp-json\/wp\/v2\/product_tag?post=53259"}],"curies":[{"name":"wp","href":"https:\/\/api.w.org\/{rel}","templated":true}]}}