{"id":53260,"date":"2019-11-12T17:47:32","date_gmt":"2019-11-12T15:47:32","guid":{"rendered":"https:\/\/rodoaed.ee\/toode\/pipraveski-turandot-puu\/"},"modified":"2026-04-13T11:02:56","modified_gmt":"2026-04-13T08:02:56","slug":"pipraveski-turandot-puu","status":"publish","type":"product","link":"https:\/\/rodoaed.ee\/fi\/tuote\/pipraveski-turandot-puu\/","title":{"rendered":"Pipraveski Turandot puu"},"content":{"rendered":"<h2>TRE Spade pippurimylly &#8211; Italialaisten mestareiden k\u00e4sity\u00f6n\u00e4 valmistama<\/h2>\n<p>Pippurimyllyiss\u00e4mme ja chilipippurimyllyiss\u00e4mme on ainutlaatuinen karkaistusta ter\u00e4ksest\u00e4 valmistettu kartiomainen murskausmekanismi, joka on poikkeuksellisen pitk\u00e4ik\u00e4inen, uskomattoman tehokas k\u00e4yt\u00f6ss\u00e4 ja eritt\u00e4in tarkka pippurien leikkaamisessa. Ter\u00e4smekanismille my\u00f6nnet\u00e4\u00e4n 20 vuoden takuu. <\/p>\n<p>Hionta-alue on eritt\u00e4in k\u00e4tev\u00e4 ja helppo s\u00e4\u00e4t\u00e4\u00e4.<\/p>\n<p>Putkijyrsimen runko ja kahva on valmistettu korkealaatuisesta py\u00f6kkipuusta, mik\u00e4 takaa miellytt\u00e4v\u00e4n k\u00e4yt\u00f6n ja hygienian.<\/p>\n<h2>T\u00e4rkeimm\u00e4t ominaisuudet:<\/h2>\n<ul>\n<li>Murskausmekanismi on valmistettu karkaistusta ter\u00e4ksest\u00e4.<\/li>\n<li>Ter\u00e4smekanismille my\u00f6nnet\u00e4\u00e4n 20 vuoden takuu<\/li>\n<li>Kest\u00e4v\u00e4 py\u00f6kkipuinen kotelo<\/li>\n<li>Korkealaatuinen py\u00f6kkipuu korkki<\/li>\n<li>S\u00e4\u00e4dett\u00e4v\u00e4 hionta-alue<\/li>\n<li>Helppo ja k\u00e4tev\u00e4 k\u00e4ytt\u00e4\u00e4<\/li>\n<\/ul>\n<h2>Tekniset tiedot:<\/h2>\n<ul>\n<li>Paino: 570 g<\/li>\n<li>Korkeus: 26,7 cm<\/li>\n<\/ul>\n<p><em>TRE Spade -tuotemerkki on ollut tunnettu Euroopassa ja ymp\u00e4ri maailmaa yli 120 vuoden ajan eritt\u00e4in kest\u00e4vien eli &#8221;elinik\u00e4isten&#8221; keitti\u00f6koneiden valmistajana. T\u00e4h\u00e4n asti laitteet on valmistettu Euroopassa, Italian tehtaalla Torinossa. Valmistuksessa k\u00e4ytet\u00e4\u00e4n vain kaikkein kest\u00e4vimpi\u00e4 materiaaleja, kuten ruostumatonta ter\u00e4st\u00e4 ja valurautaa.  <\/em><\/p>\n<p><em>TRE Spade on kuuluisa my\u00f6s palkitusta muotoilustaan. Tavallisesti ammattikeitti\u00f6ihin tarkoitettuja laitteita valmistavat tehtaat eiv\u00e4t aseta suunnittelua etusijalle, vaan tehokkuus on etusijalla. Italialainen edell\u00e4k\u00e4vij\u00e4 on kuitenkin tunnettu teknologisesta innovaatiosta, pitk\u00e4aikaisesta kest\u00e4vyydest\u00e4 ja palkitusta muotoilusta. Viime vuosina ne ovat voittaneet useita Euroopan parhaita muotoilupalkintoja.   <\/em><\/p>\n<p><a href=\"https:\/\/rodoaed.ee\/fi\/\">kotisivu<\/a> <a href=\"https:\/\/rodoaed.ee\/fi\/tootekategooria\/keittiolaitteet\/\">k\u00e4ynnist\u00e4<\/a> <a href=\"\/?product_cat=pipraveskid-ja-soolatoosid\">myllyt<\/a> <a href=\"https:\/\/rodoaed.ee\/fi\/tootekategooria\/keittiolaitteet\/pippurimyllyt-ja-suolamyllyt\/piprestrees-turandot\/\">turandot<\/a><\/p>\n<p>&nbsp;<\/p>\n","protected":false},"excerpt":{"rendered":"<p>TRE Spade pippurimylly &#8211; Italialaisten mestareiden k\u00e4sity\u00f6n\u00e4 valmistama Pippurimyllyiss\u00e4mme ja chilipippurimyllyiss\u00e4mme on ainutlaatuinen karkaistusta ter\u00e4ksest\u00e4 valmistettu kartiomainen murskausmekanismi, joka on poikkeuksellisen pitk\u00e4ik\u00e4inen, uskomattoman tehokas k\u00e4yt\u00f6ss\u00e4 ja eritt\u00e4in tarkka pippurien leikkaamisessa. Ter\u00e4smekanismille my\u00f6nnet\u00e4\u00e4n 20 vuoden takuu. Hionta-alue on eritt\u00e4in k\u00e4tev\u00e4 ja helppo s\u00e4\u00e4t\u00e4\u00e4. Putkijyrsimen runko ja kahva on valmistettu korkealaatuisesta py\u00f6kkipuusta, mik\u00e4 takaa miellytt\u00e4v\u00e4n k\u00e4yt\u00f6n ja hygienian. T\u00e4rkeimm\u00e4t ominaisuudet: Murskausmekanismi on valmistettu karkaistusta ter\u00e4ksest\u00e4. Ter\u00e4smekanismille my\u00f6nnet\u00e4\u00e4n&#8230;<\/p>\n","protected":false},"featured_media":17632,"template":"","meta":{"_acf_changed":false},"product_brand":[],"product_cat":[1751,2201,2209],"product_tag":[],"class_list":{"0":"post-53260","1":"product","2":"type-product","3":"status-publish","4":"has-post-thumbnail","6":"product_cat-keittiolaitteet","7":"product_cat-pippurimyllyt-ja-suolamyllyt","8":"product_cat-piprestrees-turandot","9":"product_shipping_class-toimitus-1-3-tyopaivan-kuluessa","10":"pa_variatsioon-pipraveski-tosca-ma15-puu","12":"first","13":"outofstock","14":"sale","15":"taxable","16":"shipping-taxable","17":"purchasable","18":"product-type-simple"},"acf":[],"yoast_head":"<!-- This site is optimized with the Yoast SEO Premium plugin v27.3 (Yoast SEO v27.3) - https:\/\/yoast.com\/product\/yoast-seo-premium-wordpress\/ -->\n<title>Pipraveski Turandot puu - Rodoaed% pippurimyllyt ja suolakellarit<\/title>\n<meta name=\"description\" content=\"Pippurimyllyiss\u00e4mme on ainutlaatuinen karkaistusta ter\u00e4ksest\u00e4 valmistettu kartiomainen murskausmekanismi. Ter\u00e4smekanismille my\u00f6nnet\u00e4\u00e4n 20 vuoden takuu.\" \/>\n<meta name=\"robots\" content=\"index, follow, max-snippet:-1, max-image-preview:large, max-video-preview:-1\" \/>\n<link rel=\"canonical\" href=\"https:\/\/rodoaed.ee\/fi\/toode\/pipraveski-turandot-puu\/\" \/>\n<meta property=\"og:locale\" content=\"fi_FI\" \/>\n<meta property=\"og:type\" content=\"article\" \/>\n<meta property=\"og:title\" content=\"Pipraveski Turandot puu\" \/>\n<meta property=\"og:description\" content=\"TRE Spade pippurimylly - Italialaisten mestareiden k\u00e4sity\u00f6n\u00e4 valmistama Pippurimyllyiss\u00e4mme ja chilipippurimyllyiss\u00e4mme on ainutlaatuinen karkaistusta\" \/>\n<meta property=\"og:url\" content=\"https:\/\/rodoaed.ee\/fi\/toode\/pipraveski-turandot-puu\/\" \/>\n<meta property=\"og:site_name\" content=\"Rodoaed\" \/>\n<meta property=\"article:publisher\" content=\"https:\/\/www.facebook.com\/kasvuhooned\/\" \/>\n<meta property=\"article:modified_time\" content=\"2026-04-13T08:02:56+00:00\" \/>\n<meta property=\"og:image\" content=\"https:\/\/rodoaed.ee\/wp-content\/uploads\/2019\/07\/Turandot.jpg\" \/>\n\t<meta property=\"og:image:width\" content=\"157\" \/>\n\t<meta property=\"og:image:height\" content=\"800\" \/>\n\t<meta property=\"og:image:type\" content=\"image\/jpeg\" \/>\n<meta name=\"twitter:card\" content=\"summary_large_image\" \/>\n<meta name=\"twitter:label1\" content=\"Arvioitu lukuaika\" \/>\n\t<meta name=\"twitter:data1\" content=\"1 minuutti\" \/>\n<script type=\"application\/ld+json\" class=\"yoast-schema-graph\">{\"@context\":\"https:\\\/\\\/schema.org\",\"@graph\":[{\"@type\":\"WebPage\",\"@id\":\"https:\\\/\\\/rodoaed.ee\\\/fi\\\/toode\\\/pipraveski-turandot-puu\\\/\",\"url\":\"https:\\\/\\\/rodoaed.ee\\\/fi\\\/toode\\\/pipraveski-turandot-puu\\\/\",\"name\":\"Pipraveski Turandot puu - Rodoaed% pippurimyllyt ja suolakellarit\",\"isPartOf\":{\"@id\":\"https:\\\/\\\/rodoaed.ee\\\/#website\"},\"primaryImageOfPage\":{\"@id\":\"https:\\\/\\\/rodoaed.ee\\\/fi\\\/toode\\\/pipraveski-turandot-puu\\\/#primaryimage\"},\"image\":{\"@id\":\"https:\\\/\\\/rodoaed.ee\\\/fi\\\/toode\\\/pipraveski-turandot-puu\\\/#primaryimage\"},\"thumbnailUrl\":\"https:\\\/\\\/rodoaed.ee\\\/wp-content\\\/uploads\\\/2019\\\/07\\\/Turandot.jpg\",\"datePublished\":\"2019-11-12T15:47:32+00:00\",\"dateModified\":\"2026-04-13T08:02:56+00:00\",\"description\":\"Pippurimyllyiss\u00e4mme on ainutlaatuinen karkaistusta ter\u00e4ksest\u00e4 valmistettu kartiomainen murskausmekanismi. Ter\u00e4smekanismille my\u00f6nnet\u00e4\u00e4n 20 vuoden takuu.\",\"breadcrumb\":{\"@id\":\"https:\\\/\\\/rodoaed.ee\\\/fi\\\/toode\\\/pipraveski-turandot-puu\\\/#breadcrumb\"},\"inLanguage\":\"fi\",\"potentialAction\":[{\"@type\":\"ReadAction\",\"target\":[\"https:\\\/\\\/rodoaed.ee\\\/fi\\\/toode\\\/pipraveski-turandot-puu\\\/\"]}]},{\"@type\":\"ImageObject\",\"inLanguage\":\"fi\",\"@id\":\"https:\\\/\\\/rodoaed.ee\\\/fi\\\/toode\\\/pipraveski-turandot-puu\\\/#primaryimage\",\"url\":\"https:\\\/\\\/rodoaed.ee\\\/wp-content\\\/uploads\\\/2019\\\/07\\\/Turandot.jpg\",\"contentUrl\":\"https:\\\/\\\/rodoaed.ee\\\/wp-content\\\/uploads\\\/2019\\\/07\\\/Turandot.jpg\",\"width\":157,\"height\":800},{\"@type\":\"BreadcrumbList\",\"@id\":\"https:\\\/\\\/rodoaed.ee\\\/fi\\\/toode\\\/pipraveski-turandot-puu\\\/#breadcrumb\",\"itemListElement\":[{\"@type\":\"ListItem\",\"position\":1,\"name\":\"Home\",\"item\":\"https:\\\/\\\/rodoaed.ee\\\/fi\\\/\"},{\"@type\":\"ListItem\",\"position\":2,\"name\":\"Osta osoitteessa\",\"item\":\"https:\\\/\\\/rodoaed.ee\\\/osta-osoitteessa\\\/\"},{\"@type\":\"ListItem\",\"position\":3,\"name\":\"Pipraveski Turandot puu\"}]},{\"@type\":\"WebSite\",\"@id\":\"https:\\\/\\\/rodoaed.ee\\\/#website\",\"url\":\"https:\\\/\\\/rodoaed.ee\\\/\",\"name\":\"Rodoaed\",\"description\":\"\",\"publisher\":{\"@id\":\"https:\\\/\\\/rodoaed.ee\\\/#organization\"},\"potentialAction\":[{\"@type\":\"SearchAction\",\"target\":{\"@type\":\"EntryPoint\",\"urlTemplate\":\"https:\\\/\\\/rodoaed.ee\\\/?s={search_term_string}\"},\"query-input\":{\"@type\":\"PropertyValueSpecification\",\"valueRequired\":true,\"valueName\":\"search_term_string\"}}],\"inLanguage\":\"fi\"},{\"@type\":\"Organization\",\"@id\":\"https:\\\/\\\/rodoaed.ee\\\/#organization\",\"name\":\"Rodoaed\",\"url\":\"https:\\\/\\\/rodoaed.ee\\\/\",\"logo\":{\"@type\":\"ImageObject\",\"inLanguage\":\"fi\",\"@id\":\"https:\\\/\\\/rodoaed.ee\\\/#\\\/schema\\\/logo\\\/image\\\/\",\"url\":\"https:\\\/\\\/rodoaed.ee\\\/wp-content\\\/uploads\\\/2019\\\/11\\\/rodoaed-logo-ilma-taustata.jpg\",\"contentUrl\":\"https:\\\/\\\/rodoaed.ee\\\/wp-content\\\/uploads\\\/2019\\\/11\\\/rodoaed-logo-ilma-taustata.jpg\",\"width\":769,\"height\":268,\"caption\":\"Rodoaed\"},\"image\":{\"@id\":\"https:\\\/\\\/rodoaed.ee\\\/#\\\/schema\\\/logo\\\/image\\\/\"},\"sameAs\":[\"https:\\\/\\\/www.facebook.com\\\/kasvuhooned\\\/\",\"https:\\\/\\\/rodoaed.ee\"]}]}<\/script>\n<!-- \/ Yoast SEO Premium plugin. -->","yoast_head_json":{"title":"Pipraveski Turandot puu - Rodoaed% pippurimyllyt ja suolakellarit","description":"Pippurimyllyiss\u00e4mme on ainutlaatuinen karkaistusta ter\u00e4ksest\u00e4 valmistettu kartiomainen murskausmekanismi. Ter\u00e4smekanismille my\u00f6nnet\u00e4\u00e4n 20 vuoden takuu.","robots":{"index":"index","follow":"follow","max-snippet":"max-snippet:-1","max-image-preview":"max-image-preview:large","max-video-preview":"max-video-preview:-1"},"canonical":"https:\/\/rodoaed.ee\/fi\/toode\/pipraveski-turandot-puu\/","og_locale":"fi_FI","og_type":"article","og_title":"Pipraveski Turandot puu","og_description":"TRE Spade pippurimylly - Italialaisten mestareiden k\u00e4sity\u00f6n\u00e4 valmistama Pippurimyllyiss\u00e4mme ja chilipippurimyllyiss\u00e4mme on ainutlaatuinen karkaistusta","og_url":"https:\/\/rodoaed.ee\/fi\/toode\/pipraveski-turandot-puu\/","og_site_name":"Rodoaed","article_publisher":"https:\/\/www.facebook.com\/kasvuhooned\/","article_modified_time":"2026-04-13T08:02:56+00:00","og_image":[{"width":157,"height":800,"url":"https:\/\/rodoaed.ee\/wp-content\/uploads\/2019\/07\/Turandot.jpg","type":"image\/jpeg"}],"twitter_card":"summary_large_image","twitter_misc":{"Arvioitu lukuaika":"1 minuutti"},"schema":{"@context":"https:\/\/schema.org","@graph":[{"@type":"WebPage","@id":"https:\/\/rodoaed.ee\/fi\/toode\/pipraveski-turandot-puu\/","url":"https:\/\/rodoaed.ee\/fi\/toode\/pipraveski-turandot-puu\/","name":"Pipraveski Turandot puu - Rodoaed% pippurimyllyt ja suolakellarit","isPartOf":{"@id":"https:\/\/rodoaed.ee\/#website"},"primaryImageOfPage":{"@id":"https:\/\/rodoaed.ee\/fi\/toode\/pipraveski-turandot-puu\/#primaryimage"},"image":{"@id":"https:\/\/rodoaed.ee\/fi\/toode\/pipraveski-turandot-puu\/#primaryimage"},"thumbnailUrl":"https:\/\/rodoaed.ee\/wp-content\/uploads\/2019\/07\/Turandot.jpg","datePublished":"2019-11-12T15:47:32+00:00","dateModified":"2026-04-13T08:02:56+00:00","description":"Pippurimyllyiss\u00e4mme on ainutlaatuinen karkaistusta ter\u00e4ksest\u00e4 valmistettu kartiomainen murskausmekanismi. Ter\u00e4smekanismille my\u00f6nnet\u00e4\u00e4n 20 vuoden takuu.","breadcrumb":{"@id":"https:\/\/rodoaed.ee\/fi\/toode\/pipraveski-turandot-puu\/#breadcrumb"},"inLanguage":"fi","potentialAction":[{"@type":"ReadAction","target":["https:\/\/rodoaed.ee\/fi\/toode\/pipraveski-turandot-puu\/"]}]},{"@type":"ImageObject","inLanguage":"fi","@id":"https:\/\/rodoaed.ee\/fi\/toode\/pipraveski-turandot-puu\/#primaryimage","url":"https:\/\/rodoaed.ee\/wp-content\/uploads\/2019\/07\/Turandot.jpg","contentUrl":"https:\/\/rodoaed.ee\/wp-content\/uploads\/2019\/07\/Turandot.jpg","width":157,"height":800},{"@type":"BreadcrumbList","@id":"https:\/\/rodoaed.ee\/fi\/toode\/pipraveski-turandot-puu\/#breadcrumb","itemListElement":[{"@type":"ListItem","position":1,"name":"Home","item":"https:\/\/rodoaed.ee\/fi\/"},{"@type":"ListItem","position":2,"name":"Osta osoitteessa","item":"https:\/\/rodoaed.ee\/osta-osoitteessa\/"},{"@type":"ListItem","position":3,"name":"Pipraveski Turandot puu"}]},{"@type":"WebSite","@id":"https:\/\/rodoaed.ee\/#website","url":"https:\/\/rodoaed.ee\/","name":"Rodoaed","description":"","publisher":{"@id":"https:\/\/rodoaed.ee\/#organization"},"potentialAction":[{"@type":"SearchAction","target":{"@type":"EntryPoint","urlTemplate":"https:\/\/rodoaed.ee\/?s={search_term_string}"},"query-input":{"@type":"PropertyValueSpecification","valueRequired":true,"valueName":"search_term_string"}}],"inLanguage":"fi"},{"@type":"Organization","@id":"https:\/\/rodoaed.ee\/#organization","name":"Rodoaed","url":"https:\/\/rodoaed.ee\/","logo":{"@type":"ImageObject","inLanguage":"fi","@id":"https:\/\/rodoaed.ee\/#\/schema\/logo\/image\/","url":"https:\/\/rodoaed.ee\/wp-content\/uploads\/2019\/11\/rodoaed-logo-ilma-taustata.jpg","contentUrl":"https:\/\/rodoaed.ee\/wp-content\/uploads\/2019\/11\/rodoaed-logo-ilma-taustata.jpg","width":769,"height":268,"caption":"Rodoaed"},"image":{"@id":"https:\/\/rodoaed.ee\/#\/schema\/logo\/image\/"},"sameAs":["https:\/\/www.facebook.com\/kasvuhooned\/","https:\/\/rodoaed.ee"]}]}},"_links":{"self":[{"href":"https:\/\/rodoaed.ee\/fi\/wp-json\/wp\/v2\/product\/53260","targetHints":{"allow":["GET"]}}],"collection":[{"href":"https:\/\/rodoaed.ee\/fi\/wp-json\/wp\/v2\/product"}],"about":[{"href":"https:\/\/rodoaed.ee\/fi\/wp-json\/wp\/v2\/types\/product"}],"wp:featuredmedia":[{"embeddable":true,"href":"https:\/\/rodoaed.ee\/fi\/wp-json\/wp\/v2\/media\/17632"}],"wp:attachment":[{"href":"https:\/\/rodoaed.ee\/fi\/wp-json\/wp\/v2\/media?parent=53260"}],"wp:term":[{"taxonomy":"product_brand","embeddable":true,"href":"https:\/\/rodoaed.ee\/fi\/wp-json\/wp\/v2\/product_brand?post=53260"},{"taxonomy":"product_cat","embeddable":true,"href":"https:\/\/rodoaed.ee\/fi\/wp-json\/wp\/v2\/product_cat?post=53260"},{"taxonomy":"product_tag","embeddable":true,"href":"https:\/\/rodoaed.ee\/fi\/wp-json\/wp\/v2\/product_tag?post=53260"}],"curies":[{"name":"wp","href":"https:\/\/api.w.org\/{rel}","templated":true}]}}